{"id":3992,"date":"2016-03-15T08:16:28","date_gmt":"2016-03-15T08:16:28","guid":{"rendered":"https:\/\/www.ernest-turc.com\/mentions-legales\/"},"modified":"2022-01-21T16:00:52","modified_gmt":"2022-01-21T16:00:52","slug":"terms-of-use","status":"publish","type":"page","link":"https:\/\/www.ernest-turc.com\/en\/terms-of-use\/","title":{"rendered":"Legal notices"},"content":{"rendered":"<div id=\"pl-3992\"  class=\"panel-layout\" ><div id=\"pg-3992-0\"  class=\"panel-grid panel-no-style\" ><div id=\"pgc-3992-0-0\"  class=\"panel-grid-cell\" ><div id=\"panel-3992-0-0-0\" class=\"so-panel widget widget_sow-editor panel-first-child panel-last-child\" data-index=\"0\" ><div\n\t\t\t\n\t\t\tclass=\"so-widget-sow-editor so-widget-sow-editor-base\"\n\t\t\t\n\t\t>\n<div class=\"siteorigin-widget-tinymce textwidget\">\n\t<p>In application of law 2000-719 of 1 August 2000 relating to freedom of communication, modifying the law 86-1067 of 30 September 1986 relating to freedom of communication, you will find below the legal information concerning this site :mentions l\u00e9galeswww. ernest-turc.com<\/p>\n<h2>EDITORIAL MANAGEMENT<\/h2>\n<p>The editorial management of www.ernest-turc.com site is provided by : SAS ERNEST TURC, BP 70315, 49003 Angers Cedex 01 | Phone : 02 41 66 01 60 | SAS with a capital of 305,226 Euros | Registration Number 478 267 859 00021 | RCS Angers | VAT number FR 56 478 267 859<br \/>\nDirector of publication : Bertrand Turc<\/p>\n<h2>SITE CREATION AND HOSTING<\/h2>\n<p>NET CONCEPT, 9 RUE JAMES WATT, 49070 BEAUCOUZE | Registration Number 409 554 219 00058 | SARL with a capital of 26,976 euros | RCS 409554219<\/p>\n<h2>PROTECTION OF PERSONAL DATA<\/h2>\n<p>In accordance with the Data Protection Act of 6 January 1978 (art. 34), SAS ERNEST TURC gives you the right to access, rectify or delete any personal data that we may collect (data provided by you). You can refuse to receive later the SAS ERNEST TURC newsletter which will be sent to you after your first order, by clicking on the link at the bottom of this newsletter or by writing to the following address : contact@ernest-turc.fr<\/p>\n<h2>BRANDS<\/h2>\n<p>All brands mentioned or used on the SAS ERNEST TURC website are the property of their respective publishers.<\/p>\n<h2>COPYRIGHT<\/h2>\n<p>This entire site is subject to French and international legislation on copyright and intellectual property. All reproduction rights are reserved, including for downloadable documents and iconographic and photographic representations. Reproduction of all or part of this site on any medium whatsoever is strictly forbidden except in case of exceptional prior written consent of SAS ERNEST TURC.<br \/>\nDespite all the care taken in the creation of this site and regular updates, mistakes may appear in the described information and\/or in documents presented. If you notice any, do not hesitate to let us know by contacting SAS ERNEST TURC . We will carry out the corresponding corrections.<\/p>\n<h2>LINKS<\/h2>\n<p>Any link to the SAS ERNEST TURC website must be subject to prior written authorisation. SAS ERNEST TURC declines all responsibility for the content of sites linked to the www.ernest-turc.com site, and more generally as a result of these links.<\/p>\n<\/div>\n<\/div><\/div><\/div><\/div><\/div>","protected":false},"excerpt":{"rendered":"<p>In application of law 2000-719 of 1 August 2000 relating to freedom of communication, modifying the law 86-1067 of 30 September 1986 relating to freedom of communication, you will [&hellip;]<\/p>\n","protected":false},"author":2,"featured_media":0,"parent":0,"menu_order":10,"comment_status":"closed","ping_status":"closed","template":"","meta":{"footnotes":""},"class_list":["post-3992","page","type-page","status-publish","hentry"],"yoast_head":"<!-- This site is optimized with the Yoast SEO plugin v27.6 - https:\/\/yoast.com\/product\/yoast-seo-wordpress\/ -->\n<title>Toutes les mentions l\u00e9gales du site Premium sas<\/title>\n<meta name=\"description\" content=\"Si vous souhaitez en savoir d&#039;avantage sur la conception du site et les diff\u00e9rents services propos\u00e9s par Premium sas, d\u00e9couvrez les mentions l\u00e9gales.\" \/>\n<meta name=\"robots\" content=\"index, follow, max-snippet:-1, max-image-preview:large, max-video-preview:-1\" \/>\n<link rel=\"canonical\" href=\"https:\/\/www.ernest-turc.com\/en\/terms-of-use\/\" \/>\n<meta property=\"og:locale\" content=\"en_US\" \/>\n<meta property=\"og:type\" content=\"article\" \/>\n<meta property=\"og:title\" content=\"Toutes les mentions l\u00e9gales du site Premium sas\" \/>\n<meta property=\"og:description\" content=\"Si vous souhaitez en savoir d&#039;avantage sur la conception du site et les diff\u00e9rents services propos\u00e9s par Premium sas, d\u00e9couvrez les mentions l\u00e9gales.\" \/>\n<meta property=\"og:url\" content=\"https:\/\/www.ernest-turc.com\/en\/terms-of-use\/\" \/>\n<meta property=\"og:site_name\" content=\"Ernest TURC\" \/>\n<meta property=\"article:modified_time\" content=\"2022-01-21T16:00:52+00:00\" \/>\n<meta name=\"twitter:card\" content=\"summary_large_image\" \/>\n<meta name=\"twitter:label1\" content=\"Est. reading time\" \/>\n\t<meta name=\"twitter:data1\" content=\"2 minutes\" \/>\n<script type=\"application\/ld+json\" class=\"yoast-schema-graph\">{\"@context\":\"https:\\\/\\\/schema.org\",\"@graph\":[{\"@type\":\"WebPage\",\"@id\":\"https:\\\/\\\/www.ernest-turc.com\\\/en\\\/terms-of-use\\\/\",\"url\":\"https:\\\/\\\/www.ernest-turc.com\\\/en\\\/terms-of-use\\\/\",\"name\":\"Toutes les mentions l\u00e9gales du site Premium sas\",\"isPartOf\":{\"@id\":\"https:\\\/\\\/www.ernest-turc.com\\\/en\\\/#website\"},\"datePublished\":\"2016-03-15T08:16:28+00:00\",\"dateModified\":\"2022-01-21T16:00:52+00:00\",\"description\":\"Si vous souhaitez en savoir d'avantage sur la conception du site et les diff\u00e9rents services propos\u00e9s par Premium sas, d\u00e9couvrez les mentions l\u00e9gales.\",\"breadcrumb\":{\"@id\":\"https:\\\/\\\/www.ernest-turc.com\\\/en\\\/terms-of-use\\\/#breadcrumb\"},\"inLanguage\":\"en-US\",\"potentialAction\":[{\"@type\":\"ReadAction\",\"target\":[\"https:\\\/\\\/www.ernest-turc.com\\\/en\\\/terms-of-use\\\/\"]}]},{\"@type\":\"BreadcrumbList\",\"@id\":\"https:\\\/\\\/www.ernest-turc.com\\\/en\\\/terms-of-use\\\/#breadcrumb\",\"itemListElement\":[{\"@type\":\"ListItem\",\"position\":1,\"name\":\"Accueil\",\"item\":\"https:\\\/\\\/www.ernest-turc.com\\\/en\\\/\"},{\"@type\":\"ListItem\",\"position\":2,\"name\":\"Legal notices\"}]},{\"@type\":\"WebSite\",\"@id\":\"https:\\\/\\\/www.ernest-turc.com\\\/en\\\/#website\",\"url\":\"https:\\\/\\\/www.ernest-turc.com\\\/en\\\/\",\"name\":\"Ernest TURC\",\"description\":\"\",\"potentialAction\":[{\"@type\":\"SearchAction\",\"target\":{\"@type\":\"EntryPoint\",\"urlTemplate\":\"https:\\\/\\\/www.ernest-turc.com\\\/en\\\/?s={search_term_string}\"},\"query-input\":{\"@type\":\"PropertyValueSpecification\",\"valueRequired\":true,\"valueName\":\"search_term_string\"}}],\"inLanguage\":\"en-US\"}]}<\/script>\n<!-- \/ Yoast SEO plugin. -->","yoast_head_json":{"title":"Toutes les mentions l\u00e9gales du site Premium sas","description":"Si vous souhaitez en savoir d'avantage sur la conception du site et les diff\u00e9rents services propos\u00e9s par Premium sas, d\u00e9couvrez les mentions l\u00e9gales.","robots":{"index":"index","follow":"follow","max-snippet":"max-snippet:-1","max-image-preview":"max-image-preview:large","max-video-preview":"max-video-preview:-1"},"canonical":"https:\/\/www.ernest-turc.com\/en\/terms-of-use\/","og_locale":"en_US","og_type":"article","og_title":"Toutes les mentions l\u00e9gales du site Premium sas","og_description":"Si vous souhaitez en savoir d'avantage sur la conception du site et les diff\u00e9rents services propos\u00e9s par Premium sas, d\u00e9couvrez les mentions l\u00e9gales.","og_url":"https:\/\/www.ernest-turc.com\/en\/terms-of-use\/","og_site_name":"Ernest TURC","article_modified_time":"2022-01-21T16:00:52+00:00","twitter_card":"summary_large_image","twitter_misc":{"Est. reading time":"2 minutes"},"schema":{"@context":"https:\/\/schema.org","@graph":[{"@type":"WebPage","@id":"https:\/\/www.ernest-turc.com\/en\/terms-of-use\/","url":"https:\/\/www.ernest-turc.com\/en\/terms-of-use\/","name":"Toutes les mentions l\u00e9gales du site Premium sas","isPartOf":{"@id":"https:\/\/www.ernest-turc.com\/en\/#website"},"datePublished":"2016-03-15T08:16:28+00:00","dateModified":"2022-01-21T16:00:52+00:00","description":"Si vous souhaitez en savoir d'avantage sur la conception du site et les diff\u00e9rents services propos\u00e9s par Premium sas, d\u00e9couvrez les mentions l\u00e9gales.","breadcrumb":{"@id":"https:\/\/www.ernest-turc.com\/en\/terms-of-use\/#breadcrumb"},"inLanguage":"en-US","potentialAction":[{"@type":"ReadAction","target":["https:\/\/www.ernest-turc.com\/en\/terms-of-use\/"]}]},{"@type":"BreadcrumbList","@id":"https:\/\/www.ernest-turc.com\/en\/terms-of-use\/#breadcrumb","itemListElement":[{"@type":"ListItem","position":1,"name":"Accueil","item":"https:\/\/www.ernest-turc.com\/en\/"},{"@type":"ListItem","position":2,"name":"Legal notices"}]},{"@type":"WebSite","@id":"https:\/\/www.ernest-turc.com\/en\/#website","url":"https:\/\/www.ernest-turc.com\/en\/","name":"Ernest TURC","description":"","potentialAction":[{"@type":"SearchAction","target":{"@type":"EntryPoint","urlTemplate":"https:\/\/www.ernest-turc.com\/en\/?s={search_term_string}"},"query-input":{"@type":"PropertyValueSpecification","valueRequired":true,"valueName":"search_term_string"}}],"inLanguage":"en-US"}]}},"_links":{"self":[{"href":"https:\/\/www.ernest-turc.com\/en\/wp-json\/wp\/v2\/pages\/3992","targetHints":{"allow":["GET"]}}],"collection":[{"href":"https:\/\/www.ernest-turc.com\/en\/wp-json\/wp\/v2\/pages"}],"about":[{"href":"https:\/\/www.ernest-turc.com\/en\/wp-json\/wp\/v2\/types\/page"}],"author":[{"embeddable":true,"href":"https:\/\/www.ernest-turc.com\/en\/wp-json\/wp\/v2\/users\/2"}],"replies":[{"embeddable":true,"href":"https:\/\/www.ernest-turc.com\/en\/wp-json\/wp\/v2\/comments?post=3992"}],"version-history":[{"count":6,"href":"https:\/\/www.ernest-turc.com\/en\/wp-json\/wp\/v2\/pages\/3992\/revisions"}],"predecessor-version":[{"id":4875,"href":"https:\/\/www.ernest-turc.com\/en\/wp-json\/wp\/v2\/pages\/3992\/revisions\/4875"}],"wp:attachment":[{"href":"https:\/\/www.ernest-turc.com\/en\/wp-json\/wp\/v2\/media?parent=3992"}],"curies":[{"name":"wp","href":"https:\/\/api.w.org\/{rel}","templated":true}]}}