{"id":9930,"date":"2021-03-18T12:07:03","date_gmt":"2021-03-18T12:07:03","guid":{"rendered":"https:\/\/www.ernest-turc.com\/boutique\/boutique\/canna-geant-eden-a-feuillage-vert\/"},"modified":"2026-05-12T08:45:47","modified_gmt":"2026-05-12T08:45:47","slug":"canna-geant-eden-a-feuillage-vert","status":"publish","type":"product","link":"https:\/\/www.ernest-turc.com\/boutique\/produits\/bulbes\/fleurs\/canna\/hauts\/canna-geant-eden-a-feuillage-vert\/","title":{"rendered":"Canna G\u00e9ant Eden \u00e0 Feuillage Vert"},"content":{"rendered":"<p style=\"text-align: justify;\">Le <strong>Canna G\u00e9ant Eden<\/strong> est une cr\u00e9ation Ernest Turc de 210 cm de haut \u00e0 l&#8217;allure tropicale, qui produit une v\u00e9g\u00e9tation dense aux feuilles larges de couleur verte, et \u00e0 l&#8217;int\u00e9rieur de laquelle se d\u00e9veloppent des bouquets de petites fleurs rose saumon d\u00e8s le mois de juillet et jusqu&#8217;aux premi\u00e8res gel\u00e9es. Avec sa v\u00e9g\u00e9tation tr\u00e8s haute, ce canna sera id\u00e9al en fond de massif vari\u00e9 o\u00f9 il apportera une note radieuse et graphique \u00e0 votre jardin. Si vous souhaitez cr\u00e9er des massifs originaux vous pouvez l&#8217;associer aux dahlias d\u00e9coratifs &#8216;Pink Punk&#8217; et &#8216;Pashmina&#8217;. Originaire des Antilles, le canna, dont le nom d\u2019origine est \u00ab Balisier \u00bb, a \u00e9t\u00e9 introduit en Europe au XVIe si\u00e8cle. Depuis, de nombreuses am\u00e9liorations ont \u00e9t\u00e9 apport\u00e9es aux cannas qui se diff\u00e9rencient par la couleur de leurs feuilles et par leur hauteur.<\/p>\n","protected":false},"excerpt":{"rendered":"<p style=\"text-align: justify;\">Le <strong>Canna G\u00e9ant Eden<\/strong> est une cr\u00e9ation Ernest Turc de 210 cm de haut \u00e0 l&#8217;allure tropicale, qui produit une v\u00e9g\u00e9tation dense aux feuilles larges de couleur verte, et \u00e0 l&#8217;int\u00e9rieur de laquelle se d\u00e9veloppent des bouquets de petites fleurs rose saumon d\u00e8s le mois de juillet et jusqu&#8217;aux premi\u00e8res gel\u00e9es. Avec sa v\u00e9g\u00e9tation tr\u00e8s haute, ce canna sera id\u00e9al en fond de massif vari\u00e9 o\u00f9 il apportera une note radieuse et graphique \u00e0 votre jardin.\u00a0<\/p>\n","protected":false},"featured_media":31090,"template":"","meta":{"_relevanssi_hide_post":"","_relevanssi_hide_content":"","_relevanssi_pin_for_all":"","_relevanssi_pin_keywords":"","_relevanssi_unpin_keywords":"","_relevanssi_related_keywords":"","_relevanssi_related_include_ids":"","_relevanssi_related_exclude_ids":"","_relevanssi_related_no_append":"","_relevanssi_related_not_related":"","_relevanssi_related_posts":"","_relevanssi_noindex_reason":""},"product_brand":[],"product_cat":[2458,179,180,212,192,215,2227,197,1608,183,182],"product_tag":[],"class_list":{"0":"post-9930","1":"product","2":"type-product","3":"status-publish","4":"has-post-thumbnail","6":"product_cat-bons-plans","7":"product_cat-bulbes","8":"product_cat-fleurs","9":"product_cat-theme","10":"product_cat-canna","11":"product_cat-feuillage-decoratif","12":"product_cat-fleurs-rouges","13":"product_cat-hauts","14":"product_cat-label-fleurs-de-france","15":"product_cat-ete","16":"product_cat-saison","17":"pa_calibre-i","18":"pa_conditionnement-734","19":"pa_conditionnement-1443","20":"pa_couleur-rose","21":"pa_couleur-de-feuillage-vert","22":"pa_disponibilite-de-fevrier-a-juin","23":"pa_exposition-ensoleillee","24":"pa_hauteur-de-la-plante-210-cm","25":"pa_logo-fleurs-de-france-oui","26":"pa_periode-de-recolte-floraison-aout","27":"pa_periode-de-recolte-floraison-juillet","28":"pa_periode-de-recolte-floraison-juin","29":"pa_periode-de-recolte-floraison-octobre","30":"pa_periode-de-recolte-floraison-septembre","31":"pa_periode-de-semis-plantation-avril","32":"pa_periode-de-semis-plantation-fevrier","33":"pa_periode-de-semis-plantation-juin","34":"pa_periode-de-semis-plantation-mai","35":"pa_periode-de-semis-plantation-mars","36":"pa_rusticite-craint-le-gel","37":"pa_utilisation-bordure","38":"pa_utilisation-massif","40":"first","41":"outofstock","42":"taxable","43":"shipping-taxable","44":"purchasable","45":"product-type-variable","46":"has-default-attributes"},"bundled_by":[],"bundle_stock_status":"outofstock","bundle_stock_quantity":0,"bundle_virtual":false,"bundle_layout":"","bundle_add_to_cart_form_location":"","bundle_editable_in_cart":false,"bundle_sold_individually_context":"","bundle_item_grouping":"","bundle_min_size":"","bundle_max_size":"","bundled_items":[],"bundle_sell_ids":[],"yoast_head":"<!-- This site is optimized with the Yoast SEO Premium plugin v25.2 (Yoast SEO v27.6) - https:\/\/yoast.com\/product\/yoast-seo-premium-wordpress\/ -->\n<title>Canna G\u00e9ant Eden \u00e0 Feuillage Vert - Ernest TURC<\/title>\n<meta name=\"description\" content=\"Agr\u00e9mentez votre jardin de l&#039;allure tropicale du Canna G\u00e9ant Eden : 210 cm de haut aux feuilles graphiques vertes et profitez de ses fleurs roses saumon.\ud83c\udf3a\" \/>\n<meta name=\"robots\" content=\"index, follow, max-snippet:-1, max-image-preview:large, max-video-preview:-1\" \/>\n<link rel=\"canonical\" href=\"https:\/\/www.ernest-turc.com\/boutique\/produits\/bulbes\/fleurs\/canna\/hauts\/canna-geant-eden-a-feuillage-vert\/\" \/>\n<meta property=\"og:locale\" content=\"fr_FR\" \/>\n<meta property=\"og:type\" content=\"article\" \/>\n<meta property=\"og:title\" content=\"Canna G\u00e9ant Eden \u00e0 Feuillage Vert\" \/>\n<meta property=\"og:description\" content=\"Agr\u00e9mentez votre jardin de l&#039;allure tropicale du Canna G\u00e9ant Eden : 210 cm de haut aux feuilles graphiques vertes et profitez de ses fleurs roses saumon.\ud83c\udf3a\" \/>\n<meta property=\"og:url\" content=\"https:\/\/www.ernest-turc.com\/boutique\/produits\/bulbes\/fleurs\/canna\/hauts\/canna-geant-eden-a-feuillage-vert\/\" \/>\n<meta property=\"og:site_name\" content=\"Ernest TURC\" \/>\n<meta property=\"article:publisher\" content=\"https:\/\/www.facebook.com\/ErnestTURC49\" \/>\n<meta property=\"article:modified_time\" content=\"2026-05-12T08:45:47+00:00\" \/>\n<meta property=\"og:image\" content=\"https:\/\/www.ernest-turc.com\/boutique\/wp-content\/uploads\/2021\/03\/CANNA-GEANT-EDEN-001-A.jpg\" \/>\n\t<meta property=\"og:image:width\" content=\"800\" \/>\n\t<meta property=\"og:image:height\" content=\"800\" \/>\n\t<meta property=\"og:image:type\" content=\"image\/jpeg\" \/>\n<meta name=\"twitter:card\" content=\"summary_large_image\" \/>\n<meta name=\"twitter:label1\" content=\"Disponibilit\u00e9\" \/>\n\t<meta name=\"twitter:data1\" content=\"Rupture de stock\" \/>\n<script type=\"application\/ld+json\" class=\"yoast-schema-graph\">{\"@context\":\"https:\\\/\\\/schema.org\",\"@graph\":[{\"@type\":\"WebPage\",\"@id\":\"https:\\\/\\\/www.ernest-turc.com\\\/boutique\\\/produits\\\/bulbes\\\/fleurs\\\/canna\\\/hauts\\\/canna-geant-eden-a-feuillage-vert\\\/\",\"url\":\"https:\\\/\\\/www.ernest-turc.com\\\/boutique\\\/produits\\\/bulbes\\\/fleurs\\\/canna\\\/hauts\\\/canna-geant-eden-a-feuillage-vert\\\/\",\"name\":\"Canna G\u00e9ant Eden \u00e0 Feuillage Vert - Ernest TURC\",\"isPartOf\":{\"@id\":\"https:\\\/\\\/www.ernest-turc.com\\\/boutique\\\/#website\"},\"primaryImageOfPage\":{\"@id\":\"https:\\\/\\\/www.ernest-turc.com\\\/boutique\\\/produits\\\/bulbes\\\/fleurs\\\/canna\\\/hauts\\\/canna-geant-eden-a-feuillage-vert\\\/#primaryimage\"},\"image\":{\"@id\":\"https:\\\/\\\/www.ernest-turc.com\\\/boutique\\\/produits\\\/bulbes\\\/fleurs\\\/canna\\\/hauts\\\/canna-geant-eden-a-feuillage-vert\\\/#primaryimage\"},\"thumbnailUrl\":\"https:\\\/\\\/www.ernest-turc.com\\\/boutique\\\/wp-content\\\/uploads\\\/2021\\\/03\\\/CANNA-GEANT-EDEN-001-A.jpg\",\"datePublished\":\"2021-03-18T12:07:03+00:00\",\"dateModified\":\"2026-05-12T08:45:47+00:00\",\"description\":\"Agr\u00e9mentez votre jardin de l'allure tropicale du Canna G\u00e9ant Eden : 210 cm de haut aux feuilles graphiques vertes et profitez de ses fleurs roses saumon.\ud83c\udf3a\",\"breadcrumb\":{\"@id\":\"https:\\\/\\\/www.ernest-turc.com\\\/boutique\\\/produits\\\/bulbes\\\/fleurs\\\/canna\\\/hauts\\\/canna-geant-eden-a-feuillage-vert\\\/#breadcrumb\"},\"inLanguage\":\"fr-FR\",\"potentialAction\":[{\"@type\":\"ReadAction\",\"target\":[\"https:\\\/\\\/www.ernest-turc.com\\\/boutique\\\/produits\\\/bulbes\\\/fleurs\\\/canna\\\/hauts\\\/canna-geant-eden-a-feuillage-vert\\\/\"]}]},{\"@type\":\"ImageObject\",\"inLanguage\":\"fr-FR\",\"@id\":\"https:\\\/\\\/www.ernest-turc.com\\\/boutique\\\/produits\\\/bulbes\\\/fleurs\\\/canna\\\/hauts\\\/canna-geant-eden-a-feuillage-vert\\\/#primaryimage\",\"url\":\"https:\\\/\\\/www.ernest-turc.com\\\/boutique\\\/wp-content\\\/uploads\\\/2021\\\/03\\\/CANNA-GEANT-EDEN-001-A.jpg\",\"contentUrl\":\"https:\\\/\\\/www.ernest-turc.com\\\/boutique\\\/wp-content\\\/uploads\\\/2021\\\/03\\\/CANNA-GEANT-EDEN-001-A.jpg\",\"width\":800,\"height\":800,\"caption\":\"Canna g\u00e9ant Eden\"},{\"@type\":\"BreadcrumbList\",\"@id\":\"https:\\\/\\\/www.ernest-turc.com\\\/boutique\\\/produits\\\/bulbes\\\/fleurs\\\/canna\\\/hauts\\\/canna-geant-eden-a-feuillage-vert\\\/#breadcrumb\",\"itemListElement\":[{\"@type\":\"ListItem\",\"position\":1,\"name\":\"Accueil\",\"item\":\"https:\\\/\\\/www.ernest-turc.com\\\/boutique\\\/\"},{\"@type\":\"ListItem\",\"position\":2,\"name\":\"Boutique\",\"item\":\"https:\\\/\\\/www.ernest-turc.fr\\\/boutique\\\/produits\\\/\"},{\"@type\":\"ListItem\",\"position\":3,\"name\":\"Canna G\u00e9ant Eden \u00e0 Feuillage Vert\"}]},{\"@type\":\"WebSite\",\"@id\":\"https:\\\/\\\/www.ernest-turc.com\\\/boutique\\\/#website\",\"url\":\"https:\\\/\\\/www.ernest-turc.com\\\/boutique\\\/\",\"name\":\"Ernest TURC\",\"description\":\"\",\"publisher\":{\"@id\":\"https:\\\/\\\/www.ernest-turc.com\\\/boutique\\\/#organization\"},\"potentialAction\":[{\"@type\":\"SearchAction\",\"target\":{\"@type\":\"EntryPoint\",\"urlTemplate\":\"https:\\\/\\\/www.ernest-turc.com\\\/boutique\\\/?s={search_term_string}\"},\"query-input\":{\"@type\":\"PropertyValueSpecification\",\"valueRequired\":true,\"valueName\":\"search_term_string\"}}],\"inLanguage\":\"fr-FR\"},{\"@type\":\"Organization\",\"@id\":\"https:\\\/\\\/www.ernest-turc.com\\\/boutique\\\/#organization\",\"name\":\"Boutique Ernest TURC\",\"alternateName\":\"Ernest TURC\",\"url\":\"https:\\\/\\\/www.ernest-turc.com\\\/boutique\\\/\",\"logo\":{\"@type\":\"ImageObject\",\"inLanguage\":\"fr-FR\",\"@id\":\"https:\\\/\\\/www.ernest-turc.com\\\/boutique\\\/#\\\/schema\\\/logo\\\/image\\\/\",\"url\":\"https:\\\/\\\/www.ernest-turc.com\\\/boutique\\\/wp-content\\\/uploads\\\/2020\\\/10\\\/logo.png\",\"contentUrl\":\"https:\\\/\\\/www.ernest-turc.com\\\/boutique\\\/wp-content\\\/uploads\\\/2020\\\/10\\\/logo.png\",\"width\":161,\"height\":161,\"caption\":\"Boutique Ernest TURC\"},\"image\":{\"@id\":\"https:\\\/\\\/www.ernest-turc.com\\\/boutique\\\/#\\\/schema\\\/logo\\\/image\\\/\"},\"sameAs\":[\"https:\\\/\\\/www.facebook.com\\\/ErnestTURC49\",\"https:\\\/\\\/www.instagram.com\\\/ernestturc\",\"https:\\\/\\\/www.linkedin.com\\\/company\\\/ernest-turc\\\/\",\"https:\\\/\\\/www.pinterest.fr\\\/ernestturc\",\"https:\\\/\\\/www.youtube.com\\\/channel\\\/UCH3ntWhy3mdcqw9-xF6pmEQ\"]}]}<\/script>\n<meta property=\"og:availability\" content=\"out of stock\" \/>\n<meta property=\"product:availability\" content=\"out of stock\" \/>\n<meta property=\"product:retailer_item_id\" content=\"128570\" \/>\n<meta property=\"product:condition\" content=\"new\" \/>\n<!-- \/ Yoast SEO Premium plugin. -->","yoast_head_json":{"title":"Canna G\u00e9ant Eden \u00e0 Feuillage Vert - Ernest TURC","description":"Agr\u00e9mentez votre jardin de l'allure tropicale du Canna G\u00e9ant Eden : 210 cm de haut aux feuilles graphiques vertes et profitez de ses fleurs roses saumon.\ud83c\udf3a","robots":{"index":"index","follow":"follow","max-snippet":"max-snippet:-1","max-image-preview":"max-image-preview:large","max-video-preview":"max-video-preview:-1"},"canonical":"https:\/\/www.ernest-turc.com\/boutique\/produits\/bulbes\/fleurs\/canna\/hauts\/canna-geant-eden-a-feuillage-vert\/","og_locale":"fr_FR","og_type":"article","og_title":"Canna G\u00e9ant Eden \u00e0 Feuillage Vert","og_description":"Agr\u00e9mentez votre jardin de l'allure tropicale du Canna G\u00e9ant Eden : 210 cm de haut aux feuilles graphiques vertes et profitez de ses fleurs roses saumon.\ud83c\udf3a","og_url":"https:\/\/www.ernest-turc.com\/boutique\/produits\/bulbes\/fleurs\/canna\/hauts\/canna-geant-eden-a-feuillage-vert\/","og_site_name":"Ernest TURC","article_publisher":"https:\/\/www.facebook.com\/ErnestTURC49","article_modified_time":"2026-05-12T08:45:47+00:00","og_image":[{"width":800,"height":800,"url":"https:\/\/www.ernest-turc.com\/boutique\/wp-content\/uploads\/2021\/03\/CANNA-GEANT-EDEN-001-A.jpg","type":"image\/jpeg"}],"twitter_card":"summary_large_image","twitter_misc":{"Disponibilit\u00e9":"Rupture de stock"},"schema":{"@context":"https:\/\/schema.org","@graph":[{"@type":"WebPage","@id":"https:\/\/www.ernest-turc.com\/boutique\/produits\/bulbes\/fleurs\/canna\/hauts\/canna-geant-eden-a-feuillage-vert\/","url":"https:\/\/www.ernest-turc.com\/boutique\/produits\/bulbes\/fleurs\/canna\/hauts\/canna-geant-eden-a-feuillage-vert\/","name":"Canna G\u00e9ant Eden \u00e0 Feuillage Vert - Ernest TURC","isPartOf":{"@id":"https:\/\/www.ernest-turc.com\/boutique\/#website"},"primaryImageOfPage":{"@id":"https:\/\/www.ernest-turc.com\/boutique\/produits\/bulbes\/fleurs\/canna\/hauts\/canna-geant-eden-a-feuillage-vert\/#primaryimage"},"image":{"@id":"https:\/\/www.ernest-turc.com\/boutique\/produits\/bulbes\/fleurs\/canna\/hauts\/canna-geant-eden-a-feuillage-vert\/#primaryimage"},"thumbnailUrl":"https:\/\/www.ernest-turc.com\/boutique\/wp-content\/uploads\/2021\/03\/CANNA-GEANT-EDEN-001-A.jpg","datePublished":"2021-03-18T12:07:03+00:00","dateModified":"2026-05-12T08:45:47+00:00","description":"Agr\u00e9mentez votre jardin de l'allure tropicale du Canna G\u00e9ant Eden : 210 cm de haut aux feuilles graphiques vertes et profitez de ses fleurs roses saumon.\ud83c\udf3a","breadcrumb":{"@id":"https:\/\/www.ernest-turc.com\/boutique\/produits\/bulbes\/fleurs\/canna\/hauts\/canna-geant-eden-a-feuillage-vert\/#breadcrumb"},"inLanguage":"fr-FR","potentialAction":[{"@type":"ReadAction","target":["https:\/\/www.ernest-turc.com\/boutique\/produits\/bulbes\/fleurs\/canna\/hauts\/canna-geant-eden-a-feuillage-vert\/"]}]},{"@type":"ImageObject","inLanguage":"fr-FR","@id":"https:\/\/www.ernest-turc.com\/boutique\/produits\/bulbes\/fleurs\/canna\/hauts\/canna-geant-eden-a-feuillage-vert\/#primaryimage","url":"https:\/\/www.ernest-turc.com\/boutique\/wp-content\/uploads\/2021\/03\/CANNA-GEANT-EDEN-001-A.jpg","contentUrl":"https:\/\/www.ernest-turc.com\/boutique\/wp-content\/uploads\/2021\/03\/CANNA-GEANT-EDEN-001-A.jpg","width":800,"height":800,"caption":"Canna g\u00e9ant Eden"},{"@type":"BreadcrumbList","@id":"https:\/\/www.ernest-turc.com\/boutique\/produits\/bulbes\/fleurs\/canna\/hauts\/canna-geant-eden-a-feuillage-vert\/#breadcrumb","itemListElement":[{"@type":"ListItem","position":1,"name":"Accueil","item":"https:\/\/www.ernest-turc.com\/boutique\/"},{"@type":"ListItem","position":2,"name":"Boutique","item":"https:\/\/www.ernest-turc.fr\/boutique\/produits\/"},{"@type":"ListItem","position":3,"name":"Canna G\u00e9ant Eden \u00e0 Feuillage Vert"}]},{"@type":"WebSite","@id":"https:\/\/www.ernest-turc.com\/boutique\/#website","url":"https:\/\/www.ernest-turc.com\/boutique\/","name":"Ernest TURC","description":"","publisher":{"@id":"https:\/\/www.ernest-turc.com\/boutique\/#organization"},"potentialAction":[{"@type":"SearchAction","target":{"@type":"EntryPoint","urlTemplate":"https:\/\/www.ernest-turc.com\/boutique\/?s={search_term_string}"},"query-input":{"@type":"PropertyValueSpecification","valueRequired":true,"valueName":"search_term_string"}}],"inLanguage":"fr-FR"},{"@type":"Organization","@id":"https:\/\/www.ernest-turc.com\/boutique\/#organization","name":"Boutique Ernest TURC","alternateName":"Ernest TURC","url":"https:\/\/www.ernest-turc.com\/boutique\/","logo":{"@type":"ImageObject","inLanguage":"fr-FR","@id":"https:\/\/www.ernest-turc.com\/boutique\/#\/schema\/logo\/image\/","url":"https:\/\/www.ernest-turc.com\/boutique\/wp-content\/uploads\/2020\/10\/logo.png","contentUrl":"https:\/\/www.ernest-turc.com\/boutique\/wp-content\/uploads\/2020\/10\/logo.png","width":161,"height":161,"caption":"Boutique Ernest TURC"},"image":{"@id":"https:\/\/www.ernest-turc.com\/boutique\/#\/schema\/logo\/image\/"},"sameAs":["https:\/\/www.facebook.com\/ErnestTURC49","https:\/\/www.instagram.com\/ernestturc","https:\/\/www.linkedin.com\/company\/ernest-turc\/","https:\/\/www.pinterest.fr\/ernestturc","https:\/\/www.youtube.com\/channel\/UCH3ntWhy3mdcqw9-xF6pmEQ"]}]},"og_availability":"out of stock","product_availability":"out of stock","product_retailer_item_id":"128570","product_condition":"new"},"_links":{"self":[{"href":"https:\/\/www.ernest-turc.com\/boutique\/wp-json\/wp\/v2\/product\/9930","targetHints":{"allow":["GET"]}}],"collection":[{"href":"https:\/\/www.ernest-turc.com\/boutique\/wp-json\/wp\/v2\/product"}],"about":[{"href":"https:\/\/www.ernest-turc.com\/boutique\/wp-json\/wp\/v2\/types\/product"}],"wp:featuredmedia":[{"embeddable":true,"href":"https:\/\/www.ernest-turc.com\/boutique\/wp-json\/wp\/v2\/media\/31090"}],"wp:attachment":[{"href":"https:\/\/www.ernest-turc.com\/boutique\/wp-json\/wp\/v2\/media?parent=9930"}],"wp:term":[{"taxonomy":"product_brand","embeddable":true,"href":"https:\/\/www.ernest-turc.com\/boutique\/wp-json\/wp\/v2\/product_brand?post=9930"},{"taxonomy":"product_cat","embeddable":true,"href":"https:\/\/www.ernest-turc.com\/boutique\/wp-json\/wp\/v2\/product_cat?post=9930"},{"taxonomy":"product_tag","embeddable":true,"href":"https:\/\/www.ernest-turc.com\/boutique\/wp-json\/wp\/v2\/product_tag?post=9930"}],"curies":[{"name":"wp","href":"https:\/\/api.w.org\/{rel}","templated":true}]}}