{"id":9833,"date":"2021-03-18T12:02:47","date_gmt":"2021-03-18T12:02:47","guid":{"rendered":"https:\/\/www.ernest-turc.com\/boutique\/boutique\/canna-andaloucia-a-feuillage-panache\/"},"modified":"2026-05-12T08:45:00","modified_gmt":"2026-05-12T08:45:00","slug":"canna-andaloucia-a-feuillage-panache","status":"publish","type":"product","link":"https:\/\/www.ernest-turc.com\/boutique\/produits\/bulbes\/fleurs\/canna\/hauts\/canna-andaloucia-a-feuillage-panache\/","title":{"rendered":"Canna Andaloucia \u00e0 Feuillage Panach\u00e9"},"content":{"rendered":"<p style=\"text-align: justify;\">Le <strong>Canna Andaloucia<\/strong> est une vari\u00e9t\u00e9 de 150 cm de haut \u00e0 l&#8217;allure tropicale, qui produit une v\u00e9g\u00e9tation dense aux feuilles larges et panach\u00e9es de rouge, rose et vert, et \u00e0 l&#8217;int\u00e9rieur de laquelle se d\u00e9veloppent des bouquets de fleurs orange d\u00e8s le mois de juillet et jusqu&#8217;aux premi\u00e8res gel\u00e9es. Avec sa v\u00e9g\u00e9tation haute, ce canna sera id\u00e9al en fond de massif vari\u00e9 o\u00f9 il apportera une note chaude et graphique \u00e0 votre jardin. Si vous souhaitez cr\u00e9er des massifs originaux vous pouvez l&#8217;associer au crocosmia &#8216;Babylon&#8217; et au dahlia &#8216;Cam\u00e9l\u00e9on&#8217;. Originaire des Antilles, le canna, dont le nom d\u2019origine est \u00ab Balisier \u00bb, a \u00e9t\u00e9 introduit en Europe au XVIe si\u00e8cle. Depuis, de nombreuses am\u00e9liorations ont \u00e9t\u00e9 apport\u00e9es aux cannas qui se diff\u00e9rencient par la couleur de leurs feuilles et par leur hauteur.<\/p>\n","protected":false},"excerpt":{"rendered":"<p style=\"text-align: justify;\">Le <strong>Canna Andaloucia<\/strong> est une vari\u00e9t\u00e9 de 150 cm de haut \u00e0 l&#8217;allure tropicale, qui produit une v\u00e9g\u00e9tation dense aux feuilles larges et panach\u00e9es de rouge, rose et vert, et \u00e0 l&#8217;int\u00e9rieur de laquelle se d\u00e9veloppent des bouquets de fleurs orange d\u00e8s le mois de juillet et jusqu&#8217;aux premi\u00e8res gel\u00e9es. Avec sa v\u00e9g\u00e9tation haute, ce canna sera id\u00e9al en fond de massif vari\u00e9 o\u00f9 il apportera une note chaude et graphique \u00e0 votre jardin. Si vous souhaitez cr\u00e9er des massifs originaux vous pouvez l&#8217;associer au crocosmia &#8216;Babylon&#8217; et au dahlia &#8216;Cam\u00e9l\u00e9on&#8217;. Originaire des Antilles, le canna, dont le nom d\u2019origine est \u00ab Balisier \u00bb, a \u00e9t\u00e9 introduit en Europe au XVIe si\u00e8cle. Depuis, de nombreuses am\u00e9liorations ont \u00e9t\u00e9 apport\u00e9es aux cannas qui se diff\u00e9rencient par la couleur de leurs feuilles et par leur hauteur.<\/p>\n","protected":false},"featured_media":9835,"template":"","meta":{"_relevanssi_hide_post":"","_relevanssi_hide_content":"","_relevanssi_pin_for_all":"","_relevanssi_pin_keywords":"","_relevanssi_unpin_keywords":"","_relevanssi_related_keywords":"","_relevanssi_related_include_ids":"","_relevanssi_related_exclude_ids":"","_relevanssi_related_no_append":"","_relevanssi_related_not_related":"","_relevanssi_related_posts":"","_relevanssi_noindex_reason":""},"product_brand":[],"product_cat":[2458,179,180,212,192,215,2218,197,1608,183,182],"product_tag":[1961,1959,1960],"class_list":{"0":"post-9833","1":"product","2":"type-product","3":"status-publish","4":"has-post-thumbnail","6":"product_cat-bons-plans","7":"product_cat-bulbes","8":"product_cat-fleurs","9":"product_cat-theme","10":"product_cat-canna","11":"product_cat-feuillage-decoratif","12":"product_cat-fleurs-orange","13":"product_cat-hauts","14":"product_cat-label-fleurs-de-france","15":"product_cat-ete","16":"product_cat-saison","17":"product_tag-canna-orange","18":"product_tag-canna-panache","19":"product_tag-feuillage-panache","20":"pa_calibre-i","21":"pa_conditionnement-1443","22":"pa_couleur-orange","23":"pa_couleur-de-feuillage-panache","24":"pa_disponibilite-de-fevrier-a-juin","25":"pa_exposition-ensoleillee","26":"pa_hauteur-de-la-plante-150-cm","27":"pa_logo-fleurs-de-france-oui","28":"pa_periode-de-recolte-floraison-aout","29":"pa_periode-de-recolte-floraison-juillet","30":"pa_periode-de-recolte-floraison-juin","31":"pa_periode-de-recolte-floraison-octobre","32":"pa_periode-de-recolte-floraison-septembre","33":"pa_periode-de-semis-plantation-avril","34":"pa_periode-de-semis-plantation-fevrier","35":"pa_periode-de-semis-plantation-juin","36":"pa_periode-de-semis-plantation-mai","37":"pa_periode-de-semis-plantation-mars","38":"pa_rusticite-craint-le-gel","39":"pa_utilisation-bordure","40":"pa_utilisation-massif","42":"first","43":"outofstock","44":"taxable","45":"shipping-taxable","46":"purchasable","47":"product-type-simple"},"bundled_by":[],"bundle_stock_status":"outofstock","bundle_stock_quantity":0,"bundle_virtual":false,"bundle_layout":"","bundle_add_to_cart_form_location":"","bundle_editable_in_cart":false,"bundle_sold_individually_context":"","bundle_item_grouping":"","bundle_min_size":"","bundle_max_size":"","bundled_items":[],"bundle_sell_ids":[],"yoast_head":"<!-- This site is optimized with the Yoast SEO Premium plugin v25.2 (Yoast SEO v27.5) - https:\/\/yoast.com\/product\/yoast-seo-premium-wordpress\/ -->\n<title>Canna Andaloucia \u00e0 Feuillage Panach\u00e9 - Ernest TURC<\/title>\n<meta name=\"description\" content=\"Canna Andaloucia \u00e0 Feuillage Panach\u00e9 \u00e0 acheter en ligne avec Ernest Turc, producteur de bulbes et de graines. D\u00e9couvrez notre s\u00e9lection de Hauts pour sublimer vos jardins.\" \/>\n<meta name=\"robots\" content=\"index, follow, max-snippet:-1, max-image-preview:large, max-video-preview:-1\" \/>\n<link rel=\"canonical\" href=\"https:\/\/www.ernest-turc.com\/boutique\/produits\/bulbes\/fleurs\/canna\/hauts\/canna-andaloucia-a-feuillage-panache\/\" \/>\n<meta property=\"og:locale\" content=\"fr_FR\" \/>\n<meta property=\"og:type\" content=\"article\" \/>\n<meta property=\"og:title\" content=\"Canna Andaloucia \u00e0 Feuillage Panach\u00e9\" \/>\n<meta property=\"og:description\" content=\"Canna Andaloucia \u00e0 Feuillage Panach\u00e9 \u00e0 acheter en ligne avec Ernest Turc, producteur de bulbes et de graines. D\u00e9couvrez notre s\u00e9lection de Hauts pour sublimer vos jardins.\" \/>\n<meta property=\"og:url\" content=\"https:\/\/www.ernest-turc.com\/boutique\/produits\/bulbes\/fleurs\/canna\/hauts\/canna-andaloucia-a-feuillage-panache\/\" \/>\n<meta property=\"og:site_name\" content=\"Ernest TURC\" \/>\n<meta property=\"article:publisher\" content=\"https:\/\/www.facebook.com\/ErnestTURC49\" \/>\n<meta property=\"article:modified_time\" content=\"2026-05-12T08:45:00+00:00\" \/>\n<meta property=\"og:image\" content=\"https:\/\/www.ernest-turc.com\/boutique\/wp-content\/uploads\/2021\/01\/canna-andaloucia-a-feuillage-panache.jpg\" \/>\n\t<meta property=\"og:image:width\" content=\"800\" \/>\n\t<meta property=\"og:image:height\" content=\"800\" \/>\n\t<meta property=\"og:image:type\" content=\"image\/jpeg\" \/>\n<meta name=\"twitter:card\" content=\"summary_large_image\" \/>\n<meta name=\"twitter:label1\" content=\"Prix\" \/>\n\t<meta name=\"twitter:data1\" content=\"17,50&euro;TTCTTC\" \/>\n\t<meta name=\"twitter:label2\" content=\"Disponibilit\u00e9\" \/>\n\t<meta name=\"twitter:data2\" content=\"Rupture de stock\" \/>\n<script type=\"application\/ld+json\" class=\"yoast-schema-graph\">{\"@context\":\"https:\\\/\\\/schema.org\",\"@graph\":[{\"@type\":\"WebPage\",\"@id\":\"https:\\\/\\\/www.ernest-turc.com\\\/boutique\\\/produits\\\/bulbes\\\/fleurs\\\/canna\\\/hauts\\\/canna-andaloucia-a-feuillage-panache\\\/\",\"url\":\"https:\\\/\\\/www.ernest-turc.com\\\/boutique\\\/produits\\\/bulbes\\\/fleurs\\\/canna\\\/hauts\\\/canna-andaloucia-a-feuillage-panache\\\/\",\"name\":\"Canna Andaloucia \u00e0 Feuillage Panach\u00e9 - Ernest TURC\",\"isPartOf\":{\"@id\":\"https:\\\/\\\/www.ernest-turc.com\\\/boutique\\\/#website\"},\"primaryImageOfPage\":{\"@id\":\"https:\\\/\\\/www.ernest-turc.com\\\/boutique\\\/produits\\\/bulbes\\\/fleurs\\\/canna\\\/hauts\\\/canna-andaloucia-a-feuillage-panache\\\/#primaryimage\"},\"image\":{\"@id\":\"https:\\\/\\\/www.ernest-turc.com\\\/boutique\\\/produits\\\/bulbes\\\/fleurs\\\/canna\\\/hauts\\\/canna-andaloucia-a-feuillage-panache\\\/#primaryimage\"},\"thumbnailUrl\":\"https:\\\/\\\/www.ernest-turc.com\\\/boutique\\\/wp-content\\\/uploads\\\/2021\\\/01\\\/canna-andaloucia-a-feuillage-panache.jpg\",\"datePublished\":\"2021-03-18T12:02:47+00:00\",\"dateModified\":\"2026-05-12T08:45:00+00:00\",\"description\":\"Canna Andaloucia \u00e0 Feuillage Panach\u00e9 \u00e0 acheter en ligne avec Ernest Turc, producteur de bulbes et de graines. D\u00e9couvrez notre s\u00e9lection de Hauts pour sublimer vos jardins.\",\"breadcrumb\":{\"@id\":\"https:\\\/\\\/www.ernest-turc.com\\\/boutique\\\/produits\\\/bulbes\\\/fleurs\\\/canna\\\/hauts\\\/canna-andaloucia-a-feuillage-panache\\\/#breadcrumb\"},\"inLanguage\":\"fr-FR\",\"potentialAction\":[{\"@type\":\"ReadAction\",\"target\":[\"https:\\\/\\\/www.ernest-turc.com\\\/boutique\\\/produits\\\/bulbes\\\/fleurs\\\/canna\\\/hauts\\\/canna-andaloucia-a-feuillage-panache\\\/\"]}]},{\"@type\":\"ImageObject\",\"inLanguage\":\"fr-FR\",\"@id\":\"https:\\\/\\\/www.ernest-turc.com\\\/boutique\\\/produits\\\/bulbes\\\/fleurs\\\/canna\\\/hauts\\\/canna-andaloucia-a-feuillage-panache\\\/#primaryimage\",\"url\":\"https:\\\/\\\/www.ernest-turc.com\\\/boutique\\\/wp-content\\\/uploads\\\/2021\\\/01\\\/canna-andaloucia-a-feuillage-panache.jpg\",\"contentUrl\":\"https:\\\/\\\/www.ernest-turc.com\\\/boutique\\\/wp-content\\\/uploads\\\/2021\\\/01\\\/canna-andaloucia-a-feuillage-panache.jpg\",\"width\":800,\"height\":800,\"caption\":\"Canna Andaloucia \u00e0 Feuillage Panach\u00e9\"},{\"@type\":\"BreadcrumbList\",\"@id\":\"https:\\\/\\\/www.ernest-turc.com\\\/boutique\\\/produits\\\/bulbes\\\/fleurs\\\/canna\\\/hauts\\\/canna-andaloucia-a-feuillage-panache\\\/#breadcrumb\",\"itemListElement\":[{\"@type\":\"ListItem\",\"position\":1,\"name\":\"Accueil\",\"item\":\"https:\\\/\\\/www.ernest-turc.com\\\/boutique\\\/\"},{\"@type\":\"ListItem\",\"position\":2,\"name\":\"Boutique\",\"item\":\"https:\\\/\\\/www.ernest-turc.fr\\\/boutique\\\/produits\\\/\"},{\"@type\":\"ListItem\",\"position\":3,\"name\":\"Canna Andaloucia \u00e0 Feuillage Panach\u00e9\"}]},{\"@type\":\"WebSite\",\"@id\":\"https:\\\/\\\/www.ernest-turc.com\\\/boutique\\\/#website\",\"url\":\"https:\\\/\\\/www.ernest-turc.com\\\/boutique\\\/\",\"name\":\"Ernest TURC\",\"description\":\"\",\"publisher\":{\"@id\":\"https:\\\/\\\/www.ernest-turc.com\\\/boutique\\\/#organization\"},\"potentialAction\":[{\"@type\":\"SearchAction\",\"target\":{\"@type\":\"EntryPoint\",\"urlTemplate\":\"https:\\\/\\\/www.ernest-turc.com\\\/boutique\\\/?s={search_term_string}\"},\"query-input\":{\"@type\":\"PropertyValueSpecification\",\"valueRequired\":true,\"valueName\":\"search_term_string\"}}],\"inLanguage\":\"fr-FR\"},{\"@type\":\"Organization\",\"@id\":\"https:\\\/\\\/www.ernest-turc.com\\\/boutique\\\/#organization\",\"name\":\"Boutique Ernest TURC\",\"alternateName\":\"Ernest TURC\",\"url\":\"https:\\\/\\\/www.ernest-turc.com\\\/boutique\\\/\",\"logo\":{\"@type\":\"ImageObject\",\"inLanguage\":\"fr-FR\",\"@id\":\"https:\\\/\\\/www.ernest-turc.com\\\/boutique\\\/#\\\/schema\\\/logo\\\/image\\\/\",\"url\":\"https:\\\/\\\/www.ernest-turc.com\\\/boutique\\\/wp-content\\\/uploads\\\/2020\\\/10\\\/logo.png\",\"contentUrl\":\"https:\\\/\\\/www.ernest-turc.com\\\/boutique\\\/wp-content\\\/uploads\\\/2020\\\/10\\\/logo.png\",\"width\":161,\"height\":161,\"caption\":\"Boutique Ernest TURC\"},\"image\":{\"@id\":\"https:\\\/\\\/www.ernest-turc.com\\\/boutique\\\/#\\\/schema\\\/logo\\\/image\\\/\"},\"sameAs\":[\"https:\\\/\\\/www.facebook.com\\\/ErnestTURC49\",\"https:\\\/\\\/www.instagram.com\\\/ernestturc\",\"https:\\\/\\\/www.linkedin.com\\\/company\\\/ernest-turc\\\/\",\"https:\\\/\\\/www.pinterest.fr\\\/ernestturc\",\"https:\\\/\\\/www.youtube.com\\\/channel\\\/UCH3ntWhy3mdcqw9-xF6pmEQ\"]}]}<\/script>\n<meta property=\"product:price:amount\" content=\"17.50\" \/>\n<meta property=\"product:price:currency\" content=\"EUR\" \/>\n<meta property=\"og:availability\" content=\"out of stock\" \/>\n<meta property=\"product:availability\" content=\"out of stock\" \/>\n<meta property=\"product:retailer_item_id\" content=\"125410-2\" \/>\n<meta property=\"product:condition\" content=\"new\" \/>\n<!-- \/ Yoast SEO Premium plugin. -->","yoast_head_json":{"title":"Canna Andaloucia \u00e0 Feuillage Panach\u00e9 - Ernest TURC","description":"Canna Andaloucia \u00e0 Feuillage Panach\u00e9 \u00e0 acheter en ligne avec Ernest Turc, producteur de bulbes et de graines. D\u00e9couvrez notre s\u00e9lection de Hauts pour sublimer vos jardins.","robots":{"index":"index","follow":"follow","max-snippet":"max-snippet:-1","max-image-preview":"max-image-preview:large","max-video-preview":"max-video-preview:-1"},"canonical":"https:\/\/www.ernest-turc.com\/boutique\/produits\/bulbes\/fleurs\/canna\/hauts\/canna-andaloucia-a-feuillage-panache\/","og_locale":"fr_FR","og_type":"article","og_title":"Canna Andaloucia \u00e0 Feuillage Panach\u00e9","og_description":"Canna Andaloucia \u00e0 Feuillage Panach\u00e9 \u00e0 acheter en ligne avec Ernest Turc, producteur de bulbes et de graines. D\u00e9couvrez notre s\u00e9lection de Hauts pour sublimer vos jardins.","og_url":"https:\/\/www.ernest-turc.com\/boutique\/produits\/bulbes\/fleurs\/canna\/hauts\/canna-andaloucia-a-feuillage-panache\/","og_site_name":"Ernest TURC","article_publisher":"https:\/\/www.facebook.com\/ErnestTURC49","article_modified_time":"2026-05-12T08:45:00+00:00","og_image":[{"width":800,"height":800,"url":"https:\/\/www.ernest-turc.com\/boutique\/wp-content\/uploads\/2021\/01\/canna-andaloucia-a-feuillage-panache.jpg","type":"image\/jpeg"}],"twitter_card":"summary_large_image","twitter_misc":{"Prix":"17,50&euro;TTCTTC","Disponibilit\u00e9":"Rupture de stock"},"schema":{"@context":"https:\/\/schema.org","@graph":[{"@type":"WebPage","@id":"https:\/\/www.ernest-turc.com\/boutique\/produits\/bulbes\/fleurs\/canna\/hauts\/canna-andaloucia-a-feuillage-panache\/","url":"https:\/\/www.ernest-turc.com\/boutique\/produits\/bulbes\/fleurs\/canna\/hauts\/canna-andaloucia-a-feuillage-panache\/","name":"Canna Andaloucia \u00e0 Feuillage Panach\u00e9 - Ernest TURC","isPartOf":{"@id":"https:\/\/www.ernest-turc.com\/boutique\/#website"},"primaryImageOfPage":{"@id":"https:\/\/www.ernest-turc.com\/boutique\/produits\/bulbes\/fleurs\/canna\/hauts\/canna-andaloucia-a-feuillage-panache\/#primaryimage"},"image":{"@id":"https:\/\/www.ernest-turc.com\/boutique\/produits\/bulbes\/fleurs\/canna\/hauts\/canna-andaloucia-a-feuillage-panache\/#primaryimage"},"thumbnailUrl":"https:\/\/www.ernest-turc.com\/boutique\/wp-content\/uploads\/2021\/01\/canna-andaloucia-a-feuillage-panache.jpg","datePublished":"2021-03-18T12:02:47+00:00","dateModified":"2026-05-12T08:45:00+00:00","description":"Canna Andaloucia \u00e0 Feuillage Panach\u00e9 \u00e0 acheter en ligne avec Ernest Turc, producteur de bulbes et de graines. D\u00e9couvrez notre s\u00e9lection de Hauts pour sublimer vos jardins.","breadcrumb":{"@id":"https:\/\/www.ernest-turc.com\/boutique\/produits\/bulbes\/fleurs\/canna\/hauts\/canna-andaloucia-a-feuillage-panache\/#breadcrumb"},"inLanguage":"fr-FR","potentialAction":[{"@type":"ReadAction","target":["https:\/\/www.ernest-turc.com\/boutique\/produits\/bulbes\/fleurs\/canna\/hauts\/canna-andaloucia-a-feuillage-panache\/"]}]},{"@type":"ImageObject","inLanguage":"fr-FR","@id":"https:\/\/www.ernest-turc.com\/boutique\/produits\/bulbes\/fleurs\/canna\/hauts\/canna-andaloucia-a-feuillage-panache\/#primaryimage","url":"https:\/\/www.ernest-turc.com\/boutique\/wp-content\/uploads\/2021\/01\/canna-andaloucia-a-feuillage-panache.jpg","contentUrl":"https:\/\/www.ernest-turc.com\/boutique\/wp-content\/uploads\/2021\/01\/canna-andaloucia-a-feuillage-panache.jpg","width":800,"height":800,"caption":"Canna Andaloucia \u00e0 Feuillage Panach\u00e9"},{"@type":"BreadcrumbList","@id":"https:\/\/www.ernest-turc.com\/boutique\/produits\/bulbes\/fleurs\/canna\/hauts\/canna-andaloucia-a-feuillage-panache\/#breadcrumb","itemListElement":[{"@type":"ListItem","position":1,"name":"Accueil","item":"https:\/\/www.ernest-turc.com\/boutique\/"},{"@type":"ListItem","position":2,"name":"Boutique","item":"https:\/\/www.ernest-turc.fr\/boutique\/produits\/"},{"@type":"ListItem","position":3,"name":"Canna Andaloucia \u00e0 Feuillage Panach\u00e9"}]},{"@type":"WebSite","@id":"https:\/\/www.ernest-turc.com\/boutique\/#website","url":"https:\/\/www.ernest-turc.com\/boutique\/","name":"Ernest TURC","description":"","publisher":{"@id":"https:\/\/www.ernest-turc.com\/boutique\/#organization"},"potentialAction":[{"@type":"SearchAction","target":{"@type":"EntryPoint","urlTemplate":"https:\/\/www.ernest-turc.com\/boutique\/?s={search_term_string}"},"query-input":{"@type":"PropertyValueSpecification","valueRequired":true,"valueName":"search_term_string"}}],"inLanguage":"fr-FR"},{"@type":"Organization","@id":"https:\/\/www.ernest-turc.com\/boutique\/#organization","name":"Boutique Ernest TURC","alternateName":"Ernest TURC","url":"https:\/\/www.ernest-turc.com\/boutique\/","logo":{"@type":"ImageObject","inLanguage":"fr-FR","@id":"https:\/\/www.ernest-turc.com\/boutique\/#\/schema\/logo\/image\/","url":"https:\/\/www.ernest-turc.com\/boutique\/wp-content\/uploads\/2020\/10\/logo.png","contentUrl":"https:\/\/www.ernest-turc.com\/boutique\/wp-content\/uploads\/2020\/10\/logo.png","width":161,"height":161,"caption":"Boutique Ernest TURC"},"image":{"@id":"https:\/\/www.ernest-turc.com\/boutique\/#\/schema\/logo\/image\/"},"sameAs":["https:\/\/www.facebook.com\/ErnestTURC49","https:\/\/www.instagram.com\/ernestturc","https:\/\/www.linkedin.com\/company\/ernest-turc\/","https:\/\/www.pinterest.fr\/ernestturc","https:\/\/www.youtube.com\/channel\/UCH3ntWhy3mdcqw9-xF6pmEQ"]}]},"product_price_amount":"17.50","product_price_currency":"EUR","og_availability":"out of stock","product_availability":"out of stock","product_retailer_item_id":"125410-2","product_condition":"new"},"_links":{"self":[{"href":"https:\/\/www.ernest-turc.com\/boutique\/wp-json\/wp\/v2\/product\/9833","targetHints":{"allow":["GET"]}}],"collection":[{"href":"https:\/\/www.ernest-turc.com\/boutique\/wp-json\/wp\/v2\/product"}],"about":[{"href":"https:\/\/www.ernest-turc.com\/boutique\/wp-json\/wp\/v2\/types\/product"}],"wp:featuredmedia":[{"embeddable":true,"href":"https:\/\/www.ernest-turc.com\/boutique\/wp-json\/wp\/v2\/media\/9835"}],"wp:attachment":[{"href":"https:\/\/www.ernest-turc.com\/boutique\/wp-json\/wp\/v2\/media?parent=9833"}],"wp:term":[{"taxonomy":"product_brand","embeddable":true,"href":"https:\/\/www.ernest-turc.com\/boutique\/wp-json\/wp\/v2\/product_brand?post=9833"},{"taxonomy":"product_cat","embeddable":true,"href":"https:\/\/www.ernest-turc.com\/boutique\/wp-json\/wp\/v2\/product_cat?post=9833"},{"taxonomy":"product_tag","embeddable":true,"href":"https:\/\/www.ernest-turc.com\/boutique\/wp-json\/wp\/v2\/product_tag?post=9833"}],"curies":[{"name":"wp","href":"https:\/\/api.w.org\/{rel}","templated":true}]}}