{"id":9108,"date":"2021-03-18T11:33:31","date_gmt":"2021-03-18T11:33:31","guid":{"rendered":"https:\/\/www.ernest-turc.com\/boutique\/boutique\/arum-rehmanii\/"},"modified":"2026-05-12T08:21:08","modified_gmt":"2026-05-12T08:21:08","slug":"arum-rehmanii","status":"publish","type":"product","link":"https:\/\/www.ernest-turc.com\/boutique\/produits\/bulbes\/fleurs\/arums\/arum-rehmanii\/","title":{"rendered":"Arum Rehmanii"},"content":{"rendered":"<p style=\"text-align: justify;\">L&#8217;<strong>arum Rehmanii <\/strong>est une jolie plante \u00e0 la v\u00e9g\u00e9tation compacte et dense mesurant de 40 \u00e0 50 cm de haut, produisant des fleurs rose carmin\u00e9 en forme de cornet \u00e9troit, d&#8217;environ 8 cm de diam\u00e8tre, et des feuilles \u00e9lanc\u00e9es d&#8217;un beau vert franc. Originaire d&#8217;Afrique du Sud, cette plante tr\u00e8s d\u00e9corative \u00e0 l&#8217;allure exotique et graphique apportera beaucoup de douceur \u00e0 vos massifs, pot\u00e9es fleuries et bouquets. N\u00e9cessitant un sol frais \u00e0 humide, cet arum sera \u00e9galement parfait pour une culture en bordure de point d&#8217;eau. L&#8217;arum est une plante tr\u00e8s appr\u00e9ci\u00e9e des fleuristes pour son \u00e9l\u00e9gance, sa longue tige souple que l&#8217;on peut sculpter \u00e0 sa guise, mais aussi pour sa tr\u00e8s bonne tenue en vase.<\/p>\n","protected":false},"excerpt":{"rendered":"<p style=\"text-align: justify;\">L&#8217;<strong>arum Rehmanii <\/strong>est une jolie plante \u00e0 la v\u00e9g\u00e9tation compacte et dense mesurant de 40 \u00e0 50 cm de haut, produisant des fleurs rose carmin\u00e9 en forme de cornet \u00e9troit, d&#8217;environ 8 cm de diam\u00e8tre, et des feuilles \u00e9lanc\u00e9es d&#8217;un beau vert franc. Originaire d&#8217;Afrique du Sud, cette plante tr\u00e8s d\u00e9corative \u00e0 l&#8217;allure exotique et graphique apportera beaucoup de douceur \u00e0 vos massifs, pot\u00e9es fleuries et bouquets. N\u00e9cessitant un sol frais \u00e0 humide, cet arum sera \u00e9galement parfait pour une culture en bordure de point d&#8217;eau. L&#8217;arum est une plante tr\u00e8s appr\u00e9ci\u00e9e des fleuristes pour son \u00e9l\u00e9gance, sa longue tige souple que l&#8217;on peut sculpter \u00e0 sa guise, mais aussi pour sa tr\u00e8s bonne tenue en vase.<\/p>\n","protected":false},"featured_media":16406,"template":"","meta":{"_relevanssi_hide_post":"","_relevanssi_hide_content":"","_relevanssi_pin_for_all":"","_relevanssi_pin_keywords":"","_relevanssi_unpin_keywords":"","_relevanssi_related_keywords":"","_relevanssi_related_include_ids":"","_relevanssi_related_exclude_ids":"","_relevanssi_related_no_append":"","_relevanssi_related_not_related":"","_relevanssi_related_posts":"","_relevanssi_noindex_reason":""},"product_brand":[],"product_cat":[1617,1609,179,180,212,2228,1591,183,182],"product_tag":[],"class_list":{"0":"post-9108","1":"product","2":"type-product","3":"status-publish","4":"has-post-thumbnail","6":"product_cat-arums","7":"product_cat-bouquets","8":"product_cat-bulbes","9":"product_cat-fleurs","10":"product_cat-theme","11":"product_cat-fleurs-roses","12":"product_cat-plante-pot","13":"product_cat-ete","14":"product_cat-saison","15":"pa_calibre-18-20","16":"pa_conditionnement-1470","17":"pa_couleur-rose","18":"pa_couleur-de-feuillage-vert","19":"pa_cycle-de-vie-annuelle","20":"pa_disponibilite-de-fevrier-a-juin","21":"pa_exposition-ensoleillee","22":"pa_hauteur-de-la-plante-50-cm","23":"pa_periode-de-recolte-floraison-aout","24":"pa_periode-de-recolte-floraison-juillet","25":"pa_periode-de-recolte-floraison-juin","26":"pa_periode-de-recolte-floraison-mai","27":"pa_periode-de-recolte-floraison-septembre","28":"pa_periode-de-semis-plantation-avril","29":"pa_periode-de-semis-plantation-mai","30":"pa_periode-de-semis-plantation-mars","31":"pa_rusticite-craint-le-gel","32":"pa_utilisation-bordure","33":"pa_utilisation-fleur-coupee","34":"pa_utilisation-interieur","35":"pa_utilisation-massif","36":"pa_utilisation-pot","38":"first","39":"outofstock","40":"taxable","41":"shipping-taxable","42":"purchasable","43":"product-type-simple"},"bundled_by":[],"bundle_stock_status":"outofstock","bundle_stock_quantity":0,"bundle_virtual":false,"bundle_layout":"","bundle_add_to_cart_form_location":"","bundle_editable_in_cart":false,"bundle_sold_individually_context":"","bundle_item_grouping":"","bundle_min_size":"","bundle_max_size":"","bundled_items":[],"bundle_sell_ids":[],"yoast_head":"<!-- This site is optimized with the Yoast SEO Premium plugin v25.2 (Yoast SEO v27.5) - https:\/\/yoast.com\/product\/yoast-seo-premium-wordpress\/ -->\n<title>Arum Rehmanii - Ernest TURC<\/title>\n<meta name=\"description\" content=\"Arum Rehmanii \u00e0 acheter en ligne avec Ernest Turc, producteur de bulbes et de graines. D\u00e9couvrez notre s\u00e9lection de Arums pour sublimer vos jardins.\" \/>\n<meta name=\"robots\" content=\"index, follow, max-snippet:-1, max-image-preview:large, max-video-preview:-1\" \/>\n<link rel=\"canonical\" href=\"https:\/\/www.ernest-turc.com\/boutique\/produits\/bulbes\/fleurs\/arums\/arum-rehmanii\/\" \/>\n<meta property=\"og:locale\" content=\"fr_FR\" \/>\n<meta property=\"og:type\" content=\"article\" \/>\n<meta property=\"og:title\" content=\"Arum Rehmanii\" \/>\n<meta property=\"og:description\" content=\"Arum Rehmanii \u00e0 acheter en ligne avec Ernest Turc, producteur de bulbes et de graines. D\u00e9couvrez notre s\u00e9lection de Arums pour sublimer vos jardins.\" \/>\n<meta property=\"og:url\" content=\"https:\/\/www.ernest-turc.com\/boutique\/produits\/bulbes\/fleurs\/arums\/arum-rehmanii\/\" \/>\n<meta property=\"og:site_name\" content=\"Ernest TURC\" \/>\n<meta property=\"article:publisher\" content=\"https:\/\/www.facebook.com\/ErnestTURC49\" \/>\n<meta property=\"article:modified_time\" content=\"2026-05-12T08:21:08+00:00\" \/>\n<meta property=\"og:image\" content=\"https:\/\/www.ernest-turc.com\/boutique\/wp-content\/uploads\/2021\/03\/arum-rehmanii.jpg\" \/>\n\t<meta property=\"og:image:width\" content=\"800\" \/>\n\t<meta property=\"og:image:height\" content=\"800\" \/>\n\t<meta property=\"og:image:type\" content=\"image\/jpeg\" \/>\n<meta name=\"twitter:card\" content=\"summary_large_image\" \/>\n<meta name=\"twitter:label1\" content=\"Prix\" \/>\n\t<meta name=\"twitter:data1\" content=\"51,00&euro;TTCTTC\" \/>\n\t<meta name=\"twitter:label2\" content=\"Disponibilit\u00e9\" \/>\n\t<meta name=\"twitter:data2\" content=\"Rupture de stock\" \/>\n<script type=\"application\/ld+json\" class=\"yoast-schema-graph\">{\"@context\":\"https:\\\/\\\/schema.org\",\"@graph\":[{\"@type\":\"WebPage\",\"@id\":\"https:\\\/\\\/www.ernest-turc.com\\\/boutique\\\/produits\\\/bulbes\\\/fleurs\\\/arums\\\/arum-rehmanii\\\/\",\"url\":\"https:\\\/\\\/www.ernest-turc.com\\\/boutique\\\/produits\\\/bulbes\\\/fleurs\\\/arums\\\/arum-rehmanii\\\/\",\"name\":\"Arum Rehmanii - Ernest TURC\",\"isPartOf\":{\"@id\":\"https:\\\/\\\/www.ernest-turc.com\\\/boutique\\\/#website\"},\"primaryImageOfPage\":{\"@id\":\"https:\\\/\\\/www.ernest-turc.com\\\/boutique\\\/produits\\\/bulbes\\\/fleurs\\\/arums\\\/arum-rehmanii\\\/#primaryimage\"},\"image\":{\"@id\":\"https:\\\/\\\/www.ernest-turc.com\\\/boutique\\\/produits\\\/bulbes\\\/fleurs\\\/arums\\\/arum-rehmanii\\\/#primaryimage\"},\"thumbnailUrl\":\"https:\\\/\\\/www.ernest-turc.com\\\/boutique\\\/wp-content\\\/uploads\\\/2021\\\/03\\\/arum-rehmanii.jpg\",\"datePublished\":\"2021-03-18T11:33:31+00:00\",\"dateModified\":\"2026-05-12T08:21:08+00:00\",\"description\":\"Arum Rehmanii \u00e0 acheter en ligne avec Ernest Turc, producteur de bulbes et de graines. D\u00e9couvrez notre s\u00e9lection de Arums pour sublimer vos jardins.\",\"breadcrumb\":{\"@id\":\"https:\\\/\\\/www.ernest-turc.com\\\/boutique\\\/produits\\\/bulbes\\\/fleurs\\\/arums\\\/arum-rehmanii\\\/#breadcrumb\"},\"inLanguage\":\"fr-FR\",\"potentialAction\":[{\"@type\":\"ReadAction\",\"target\":[\"https:\\\/\\\/www.ernest-turc.com\\\/boutique\\\/produits\\\/bulbes\\\/fleurs\\\/arums\\\/arum-rehmanii\\\/\"]}]},{\"@type\":\"ImageObject\",\"inLanguage\":\"fr-FR\",\"@id\":\"https:\\\/\\\/www.ernest-turc.com\\\/boutique\\\/produits\\\/bulbes\\\/fleurs\\\/arums\\\/arum-rehmanii\\\/#primaryimage\",\"url\":\"https:\\\/\\\/www.ernest-turc.com\\\/boutique\\\/wp-content\\\/uploads\\\/2021\\\/03\\\/arum-rehmanii.jpg\",\"contentUrl\":\"https:\\\/\\\/www.ernest-turc.com\\\/boutique\\\/wp-content\\\/uploads\\\/2021\\\/03\\\/arum-rehmanii.jpg\",\"width\":800,\"height\":800,\"caption\":\"Arum Rehmanii\"},{\"@type\":\"BreadcrumbList\",\"@id\":\"https:\\\/\\\/www.ernest-turc.com\\\/boutique\\\/produits\\\/bulbes\\\/fleurs\\\/arums\\\/arum-rehmanii\\\/#breadcrumb\",\"itemListElement\":[{\"@type\":\"ListItem\",\"position\":1,\"name\":\"Accueil\",\"item\":\"https:\\\/\\\/www.ernest-turc.com\\\/boutique\\\/\"},{\"@type\":\"ListItem\",\"position\":2,\"name\":\"Boutique\",\"item\":\"https:\\\/\\\/www.ernest-turc.fr\\\/boutique\\\/produits\\\/\"},{\"@type\":\"ListItem\",\"position\":3,\"name\":\"Arum Rehmanii\"}]},{\"@type\":\"WebSite\",\"@id\":\"https:\\\/\\\/www.ernest-turc.com\\\/boutique\\\/#website\",\"url\":\"https:\\\/\\\/www.ernest-turc.com\\\/boutique\\\/\",\"name\":\"Ernest TURC\",\"description\":\"\",\"publisher\":{\"@id\":\"https:\\\/\\\/www.ernest-turc.com\\\/boutique\\\/#organization\"},\"potentialAction\":[{\"@type\":\"SearchAction\",\"target\":{\"@type\":\"EntryPoint\",\"urlTemplate\":\"https:\\\/\\\/www.ernest-turc.com\\\/boutique\\\/?s={search_term_string}\"},\"query-input\":{\"@type\":\"PropertyValueSpecification\",\"valueRequired\":true,\"valueName\":\"search_term_string\"}}],\"inLanguage\":\"fr-FR\"},{\"@type\":\"Organization\",\"@id\":\"https:\\\/\\\/www.ernest-turc.com\\\/boutique\\\/#organization\",\"name\":\"Boutique Ernest TURC\",\"alternateName\":\"Ernest TURC\",\"url\":\"https:\\\/\\\/www.ernest-turc.com\\\/boutique\\\/\",\"logo\":{\"@type\":\"ImageObject\",\"inLanguage\":\"fr-FR\",\"@id\":\"https:\\\/\\\/www.ernest-turc.com\\\/boutique\\\/#\\\/schema\\\/logo\\\/image\\\/\",\"url\":\"https:\\\/\\\/www.ernest-turc.com\\\/boutique\\\/wp-content\\\/uploads\\\/2020\\\/10\\\/logo.png\",\"contentUrl\":\"https:\\\/\\\/www.ernest-turc.com\\\/boutique\\\/wp-content\\\/uploads\\\/2020\\\/10\\\/logo.png\",\"width\":161,\"height\":161,\"caption\":\"Boutique Ernest TURC\"},\"image\":{\"@id\":\"https:\\\/\\\/www.ernest-turc.com\\\/boutique\\\/#\\\/schema\\\/logo\\\/image\\\/\"},\"sameAs\":[\"https:\\\/\\\/www.facebook.com\\\/ErnestTURC49\",\"https:\\\/\\\/www.instagram.com\\\/ernestturc\",\"https:\\\/\\\/www.linkedin.com\\\/company\\\/ernest-turc\\\/\",\"https:\\\/\\\/www.pinterest.fr\\\/ernestturc\",\"https:\\\/\\\/www.youtube.com\\\/channel\\\/UCH3ntWhy3mdcqw9-xF6pmEQ\"]}]}<\/script>\n<meta property=\"product:price:amount\" content=\"51.00\" \/>\n<meta property=\"product:price:currency\" content=\"EUR\" \/>\n<meta property=\"og:availability\" content=\"out of stock\" \/>\n<meta property=\"product:availability\" content=\"out of stock\" \/>\n<meta property=\"product:retailer_item_id\" content=\"107133-1\" \/>\n<meta property=\"product:condition\" content=\"new\" \/>\n<!-- \/ Yoast SEO Premium plugin. -->","yoast_head_json":{"title":"Arum Rehmanii - Ernest TURC","description":"Arum Rehmanii \u00e0 acheter en ligne avec Ernest Turc, producteur de bulbes et de graines. D\u00e9couvrez notre s\u00e9lection de Arums pour sublimer vos jardins.","robots":{"index":"index","follow":"follow","max-snippet":"max-snippet:-1","max-image-preview":"max-image-preview:large","max-video-preview":"max-video-preview:-1"},"canonical":"https:\/\/www.ernest-turc.com\/boutique\/produits\/bulbes\/fleurs\/arums\/arum-rehmanii\/","og_locale":"fr_FR","og_type":"article","og_title":"Arum Rehmanii","og_description":"Arum Rehmanii \u00e0 acheter en ligne avec Ernest Turc, producteur de bulbes et de graines. D\u00e9couvrez notre s\u00e9lection de Arums pour sublimer vos jardins.","og_url":"https:\/\/www.ernest-turc.com\/boutique\/produits\/bulbes\/fleurs\/arums\/arum-rehmanii\/","og_site_name":"Ernest TURC","article_publisher":"https:\/\/www.facebook.com\/ErnestTURC49","article_modified_time":"2026-05-12T08:21:08+00:00","og_image":[{"width":800,"height":800,"url":"https:\/\/www.ernest-turc.com\/boutique\/wp-content\/uploads\/2021\/03\/arum-rehmanii.jpg","type":"image\/jpeg"}],"twitter_card":"summary_large_image","twitter_misc":{"Prix":"51,00&euro;TTCTTC","Disponibilit\u00e9":"Rupture de stock"},"schema":{"@context":"https:\/\/schema.org","@graph":[{"@type":"WebPage","@id":"https:\/\/www.ernest-turc.com\/boutique\/produits\/bulbes\/fleurs\/arums\/arum-rehmanii\/","url":"https:\/\/www.ernest-turc.com\/boutique\/produits\/bulbes\/fleurs\/arums\/arum-rehmanii\/","name":"Arum Rehmanii - Ernest TURC","isPartOf":{"@id":"https:\/\/www.ernest-turc.com\/boutique\/#website"},"primaryImageOfPage":{"@id":"https:\/\/www.ernest-turc.com\/boutique\/produits\/bulbes\/fleurs\/arums\/arum-rehmanii\/#primaryimage"},"image":{"@id":"https:\/\/www.ernest-turc.com\/boutique\/produits\/bulbes\/fleurs\/arums\/arum-rehmanii\/#primaryimage"},"thumbnailUrl":"https:\/\/www.ernest-turc.com\/boutique\/wp-content\/uploads\/2021\/03\/arum-rehmanii.jpg","datePublished":"2021-03-18T11:33:31+00:00","dateModified":"2026-05-12T08:21:08+00:00","description":"Arum Rehmanii \u00e0 acheter en ligne avec Ernest Turc, producteur de bulbes et de graines. D\u00e9couvrez notre s\u00e9lection de Arums pour sublimer vos jardins.","breadcrumb":{"@id":"https:\/\/www.ernest-turc.com\/boutique\/produits\/bulbes\/fleurs\/arums\/arum-rehmanii\/#breadcrumb"},"inLanguage":"fr-FR","potentialAction":[{"@type":"ReadAction","target":["https:\/\/www.ernest-turc.com\/boutique\/produits\/bulbes\/fleurs\/arums\/arum-rehmanii\/"]}]},{"@type":"ImageObject","inLanguage":"fr-FR","@id":"https:\/\/www.ernest-turc.com\/boutique\/produits\/bulbes\/fleurs\/arums\/arum-rehmanii\/#primaryimage","url":"https:\/\/www.ernest-turc.com\/boutique\/wp-content\/uploads\/2021\/03\/arum-rehmanii.jpg","contentUrl":"https:\/\/www.ernest-turc.com\/boutique\/wp-content\/uploads\/2021\/03\/arum-rehmanii.jpg","width":800,"height":800,"caption":"Arum Rehmanii"},{"@type":"BreadcrumbList","@id":"https:\/\/www.ernest-turc.com\/boutique\/produits\/bulbes\/fleurs\/arums\/arum-rehmanii\/#breadcrumb","itemListElement":[{"@type":"ListItem","position":1,"name":"Accueil","item":"https:\/\/www.ernest-turc.com\/boutique\/"},{"@type":"ListItem","position":2,"name":"Boutique","item":"https:\/\/www.ernest-turc.fr\/boutique\/produits\/"},{"@type":"ListItem","position":3,"name":"Arum Rehmanii"}]},{"@type":"WebSite","@id":"https:\/\/www.ernest-turc.com\/boutique\/#website","url":"https:\/\/www.ernest-turc.com\/boutique\/","name":"Ernest TURC","description":"","publisher":{"@id":"https:\/\/www.ernest-turc.com\/boutique\/#organization"},"potentialAction":[{"@type":"SearchAction","target":{"@type":"EntryPoint","urlTemplate":"https:\/\/www.ernest-turc.com\/boutique\/?s={search_term_string}"},"query-input":{"@type":"PropertyValueSpecification","valueRequired":true,"valueName":"search_term_string"}}],"inLanguage":"fr-FR"},{"@type":"Organization","@id":"https:\/\/www.ernest-turc.com\/boutique\/#organization","name":"Boutique Ernest TURC","alternateName":"Ernest TURC","url":"https:\/\/www.ernest-turc.com\/boutique\/","logo":{"@type":"ImageObject","inLanguage":"fr-FR","@id":"https:\/\/www.ernest-turc.com\/boutique\/#\/schema\/logo\/image\/","url":"https:\/\/www.ernest-turc.com\/boutique\/wp-content\/uploads\/2020\/10\/logo.png","contentUrl":"https:\/\/www.ernest-turc.com\/boutique\/wp-content\/uploads\/2020\/10\/logo.png","width":161,"height":161,"caption":"Boutique Ernest TURC"},"image":{"@id":"https:\/\/www.ernest-turc.com\/boutique\/#\/schema\/logo\/image\/"},"sameAs":["https:\/\/www.facebook.com\/ErnestTURC49","https:\/\/www.instagram.com\/ernestturc","https:\/\/www.linkedin.com\/company\/ernest-turc\/","https:\/\/www.pinterest.fr\/ernestturc","https:\/\/www.youtube.com\/channel\/UCH3ntWhy3mdcqw9-xF6pmEQ"]}]},"product_price_amount":"51.00","product_price_currency":"EUR","og_availability":"out of stock","product_availability":"out of stock","product_retailer_item_id":"107133-1","product_condition":"new"},"_links":{"self":[{"href":"https:\/\/www.ernest-turc.com\/boutique\/wp-json\/wp\/v2\/product\/9108","targetHints":{"allow":["GET"]}}],"collection":[{"href":"https:\/\/www.ernest-turc.com\/boutique\/wp-json\/wp\/v2\/product"}],"about":[{"href":"https:\/\/www.ernest-turc.com\/boutique\/wp-json\/wp\/v2\/types\/product"}],"wp:featuredmedia":[{"embeddable":true,"href":"https:\/\/www.ernest-turc.com\/boutique\/wp-json\/wp\/v2\/media\/16406"}],"wp:attachment":[{"href":"https:\/\/www.ernest-turc.com\/boutique\/wp-json\/wp\/v2\/media?parent=9108"}],"wp:term":[{"taxonomy":"product_brand","embeddable":true,"href":"https:\/\/www.ernest-turc.com\/boutique\/wp-json\/wp\/v2\/product_brand?post=9108"},{"taxonomy":"product_cat","embeddable":true,"href":"https:\/\/www.ernest-turc.com\/boutique\/wp-json\/wp\/v2\/product_cat?post=9108"},{"taxonomy":"product_tag","embeddable":true,"href":"https:\/\/www.ernest-turc.com\/boutique\/wp-json\/wp\/v2\/product_tag?post=9108"}],"curies":[{"name":"wp","href":"https:\/\/api.w.org\/{rel}","templated":true}]}}