{"id":8817,"date":"2021-03-18T11:02:05","date_gmt":"2021-03-18T11:02:05","guid":{"rendered":"https:\/\/www.ernest-turc.com\/boutique\/boutique\/dahlia-nain-simple-sable-dor\/"},"modified":"2026-05-12T08:34:37","modified_gmt":"2026-05-12T08:34:37","slug":"dahlia-nain-simple-sable-dor","status":"publish","type":"product","link":"https:\/\/www.ernest-turc.com\/boutique\/produits\/bulbes\/fleurs\/dahlia\/fleurs-simples\/dahlia-nain-simple-sable-dor\/","title":{"rendered":"Dahlia Nain Simple Sable d&#8217;Or"},"content":{"rendered":"<h1>Le Dahlia nain Simple Sable d&#8217;Or<\/h1>\n<h2>une explosion de lumi\u00e8re dans votre jardin<\/h2>\n<p style=\"text-align: justify;\">Le Dahlia nain Simple Sable d&#8217;Or offre une profusion de superbes fleurs de 9 cm de diam\u00e8tre, aux p\u00e9tales simples et larges d&#8217;un jaune citron \u00e9clatant. Con\u00e7ue par Ernest Turc, cette cr\u00e9ation de 50 cm de hauteur illuminera votre \u00e9t\u00e9 pendant plusieurs mois, que ce soit dans votre jardin, en massifs et bordures, ou en pot pour sublimer vos balcons et terrasses.<\/p>\n<p style=\"text-align: justify;\">Avec son c\u0153ur apparent charg\u00e9 de pollen et sa couleur vive, cette vari\u00e9t\u00e9 particuli\u00e8rement florif\u00e8re devient un v\u00e9ritable atout biodiversit\u00e9, attirant de nombreux insectes butineurs dans votre jardin.<\/p>\n<p style=\"text-align: justify;\">Originaire d&#8217;Am\u00e9rique centrale et principalement du Mexique, le dahlia a une histoire fascinante. Autrefois utilis\u00e9 par les Azt\u00e8ques comme plante comestible, il a \u00e9t\u00e9 import\u00e9 en Europe au 18\u00e8me si\u00e8cle avec l&#8217;intention de remplacer la pomme de terre, en vain. Ses qualit\u00e9s d\u00e9coratives et ornementales ont rapidement supplant\u00e9 ses propri\u00e9t\u00e9s nutritives, surtout apr\u00e8s l&#8217;hybridation des premi\u00e8res fleurs doubles de type cactus. Aujourd&#8217;hui, avec plus de quarante mille vari\u00e9t\u00e9s hybrides, le dahlia enchante les amateurs passionn\u00e9s, les collectionneurs et les jardiniers. Le genre dahlia offre une diversit\u00e9 fantastique de formes, de hauteurs et de coloris. Il ne lui manque que le parfum&#8230; et qui sait, peut-\u00eatre le pigment bleu pour parfaire sa palette de couleurs captivante !<\/p>\n<p style=\"text-align: justify;\"><strong><a href=\"https:\/\/www.ernest-turc.com\/boutique\/?s=creation+ernest+turc&amp;post_type=product&amp;dgwt_wcas=1\">D\u00e9couvrez notre s\u00e9lection exclusive<\/a><\/strong> pour apporter une touche de luminosit\u00e9 \u00e0 votre jardin avec le Dahlia Sable d&#8217;Or et plongez dans l&#8217;univers enchanteur du dahlia !<\/p>\n","protected":false},"excerpt":{"rendered":"<p style=\"text-align: justify;\">Le <strong>Dahlia nain Simple Sable d&#8217;Or<\/strong> produit une multitude de jolies fleurs de 9 cm de diam\u00e8tre, aux p\u00e9tales simples et larges de couleur jaune citron. Cette cr\u00e9ation Ernest Turc de 50 cm de hauteur ensoleillera votre \u00e9t\u00e9 pendant plusieurs mois, que ce soit au jardin, en massifs et bordures, ou en pot pour sublimer vos balcons et terrasses. Avec son coeur apparent charg\u00e9 de pollen et sa couleur vive, cette vari\u00e9t\u00e9 particuli\u00e8rement florif\u00e8re sera un r\u00e9el atout biodiversit\u00e9 qui attirera de nombreux insectes butineurs dans votre jardin.<\/p>\n","protected":false},"featured_media":8819,"template":"","meta":{"_relevanssi_hide_post":"","_relevanssi_hide_content":"","_relevanssi_pin_for_all":"","_relevanssi_pin_keywords":"","_relevanssi_unpin_keywords":"","_relevanssi_related_keywords":"","_relevanssi_related_include_ids":"","_relevanssi_related_exclude_ids":"","_relevanssi_related_no_append":"","_relevanssi_related_not_related":"","_relevanssi_related_posts":"","_relevanssi_noindex_reason":""},"product_brand":[],"product_cat":[1609,179,180,212,737,2217,1607,1608,1256,1592,1591,183,182],"product_tag":[1387,804,960,971,893,842,951,888],"class_list":{"0":"post-8817","1":"product","2":"type-product","3":"status-publish","4":"has-post-thumbnail","6":"product_cat-bouquets","7":"product_cat-bulbes","8":"product_cat-fleurs","9":"product_cat-theme","10":"product_cat-dahlia","11":"product_cat-fleurs-jaunes","12":"product_cat-fleurs-simples","13":"product_cat-label-fleurs-de-france","14":"product_cat-nains","15":"product_cat-plante-melliferes","16":"product_cat-plante-pot","17":"product_cat-ete","18":"product_cat-saison","19":"product_tag-bulbe-de-dahlia","20":"product_tag-bulbe-qualite","21":"product_tag-creation-ernest-turc","22":"product_tag-dahlia","23":"product_tag-dahlia-de-qualite","24":"product_tag-dahlia-florifere","25":"product_tag-dahlia-francais","26":"product_tag-dahlia-nain","27":"pa_calibre-i","28":"pa_conditionnement-734","29":"pa_conditionnement-1443","30":"pa_couleur-jaune","31":"pa_couleur-de-feuillage-vert","32":"pa_disponibilite-de-fevrier-a-juin","33":"pa_exposition-ensoleillee","34":"pa_hauteur-de-la-plante-50-cm","35":"pa_logo-fleurs-de-france-oui","36":"pa_melliferes-oui","37":"pa_periode-de-recolte-floraison-aout","38":"pa_periode-de-recolte-floraison-juillet","39":"pa_periode-de-recolte-floraison-novembre","40":"pa_periode-de-recolte-floraison-octobre","41":"pa_periode-de-recolte-floraison-septembre","42":"pa_periode-de-semis-plantation-avril","43":"pa_periode-de-semis-plantation-mai","44":"pa_periode-de-semis-plantation-mars","45":"pa_rusticite-craint-le-gel","46":"pa_utilisation-bordure","47":"pa_utilisation-fleur-coupee","48":"pa_utilisation-massif","49":"pa_utilisation-pot","51":"first","52":"outofstock","53":"taxable","54":"shipping-taxable","55":"purchasable","56":"product-type-variable","57":"has-default-attributes"},"bundled_by":[],"bundle_stock_status":"outofstock","bundle_stock_quantity":0,"bundle_virtual":false,"bundle_layout":"","bundle_add_to_cart_form_location":"","bundle_editable_in_cart":false,"bundle_sold_individually_context":"","bundle_item_grouping":"","bundle_min_size":"","bundle_max_size":"","bundled_items":[],"bundle_sell_ids":[],"yoast_head":"<!-- This site is optimized with the Yoast SEO Premium plugin v25.2 (Yoast SEO v27.5) - https:\/\/yoast.com\/product\/yoast-seo-premium-wordpress\/ -->\n<title>Dahlia Nain Simple Sable d&#039;Or - Ernest TURC<\/title>\n<meta name=\"description\" content=\"Une floraison r\u00e9ussie avec les Dahlia nain Simple Sable d&#039;Or. D\u00e9couvrez ces jolies fleurs de 9 cm, impartissez-leur la magie de votre \u00e9t\u00e9\" \/>\n<meta name=\"robots\" content=\"index, follow, max-snippet:-1, max-image-preview:large, max-video-preview:-1\" \/>\n<link rel=\"canonical\" href=\"https:\/\/www.ernest-turc.com\/boutique\/produits\/bulbes\/fleurs\/dahlia\/fleurs-simples\/dahlia-nain-simple-sable-dor\/\" \/>\n<meta property=\"og:locale\" content=\"fr_FR\" \/>\n<meta property=\"og:type\" content=\"article\" \/>\n<meta property=\"og:title\" content=\"Donnez Maestria \u00e0 votre Jardin &amp; Balcon avec Dahlia nain Simple Sable d&#039;Or\" \/>\n<meta property=\"og:description\" content=\"\u00c9clatez de fa\u00e7on chic dans votre jardin avec le Dahlia nain Simple Sable d&#039;Or \ud83d\udc9b #d\u00e9couvrez, cultivez, profitez\" \/>\n<meta property=\"og:url\" content=\"https:\/\/www.ernest-turc.com\/boutique\/produits\/bulbes\/fleurs\/dahlia\/fleurs-simples\/dahlia-nain-simple-sable-dor\/\" \/>\n<meta property=\"og:site_name\" content=\"Ernest TURC\" \/>\n<meta property=\"article:publisher\" content=\"https:\/\/www.facebook.com\/ErnestTURC49\" \/>\n<meta property=\"article:modified_time\" content=\"2026-05-12T08:34:37+00:00\" \/>\n<meta property=\"og:image\" content=\"https:\/\/www.ernest-turc.com\/boutique\/wp-content\/uploads\/2021\/01\/dahlia-nain-simple-sable-d-or-2.jpg\" \/>\n\t<meta property=\"og:image:width\" content=\"800\" \/>\n\t<meta property=\"og:image:height\" content=\"800\" \/>\n\t<meta property=\"og:image:type\" content=\"image\/jpeg\" \/>\n<meta name=\"twitter:card\" content=\"summary_large_image\" \/>\n<meta name=\"twitter:title\" content=\"Jolies Fleurs de Dahlia nain Simple Sable d&#039;Or\" \/>\n<meta name=\"twitter:description\" content=\"Illuminez votre \u00e9t\u00e9 avec le Dahlia nain Simple Sable d&#039;Or! \ud83c\udf3b Offrez une profusion de fleurs citron \u00e9clatantes \u00e0 votre jardin \ud83d\udcab\" \/>\n<meta name=\"twitter:label1\" content=\"Disponibilit\u00e9\" \/>\n\t<meta name=\"twitter:data1\" content=\"Rupture de stock\" \/>\n<script type=\"application\/ld+json\" class=\"yoast-schema-graph\">{\"@context\":\"https:\\\/\\\/schema.org\",\"@graph\":[{\"@type\":\"WebPage\",\"@id\":\"https:\\\/\\\/www.ernest-turc.com\\\/boutique\\\/produits\\\/bulbes\\\/fleurs\\\/dahlia\\\/fleurs-simples\\\/dahlia-nain-simple-sable-dor\\\/\",\"url\":\"https:\\\/\\\/www.ernest-turc.com\\\/boutique\\\/produits\\\/bulbes\\\/fleurs\\\/dahlia\\\/fleurs-simples\\\/dahlia-nain-simple-sable-dor\\\/\",\"name\":\"Dahlia Nain Simple Sable d'Or - Ernest TURC\",\"isPartOf\":{\"@id\":\"https:\\\/\\\/www.ernest-turc.com\\\/boutique\\\/#website\"},\"primaryImageOfPage\":{\"@id\":\"https:\\\/\\\/www.ernest-turc.com\\\/boutique\\\/produits\\\/bulbes\\\/fleurs\\\/dahlia\\\/fleurs-simples\\\/dahlia-nain-simple-sable-dor\\\/#primaryimage\"},\"image\":{\"@id\":\"https:\\\/\\\/www.ernest-turc.com\\\/boutique\\\/produits\\\/bulbes\\\/fleurs\\\/dahlia\\\/fleurs-simples\\\/dahlia-nain-simple-sable-dor\\\/#primaryimage\"},\"thumbnailUrl\":\"https:\\\/\\\/www.ernest-turc.com\\\/boutique\\\/wp-content\\\/uploads\\\/2021\\\/01\\\/dahlia-nain-simple-sable-d-or-2.jpg\",\"datePublished\":\"2021-03-18T11:02:05+00:00\",\"dateModified\":\"2026-05-12T08:34:37+00:00\",\"description\":\"Une floraison r\u00e9ussie avec les Dahlia nain Simple Sable d'Or. D\u00e9couvrez ces jolies fleurs de 9 cm, impartissez-leur la magie de votre \u00e9t\u00e9\",\"breadcrumb\":{\"@id\":\"https:\\\/\\\/www.ernest-turc.com\\\/boutique\\\/produits\\\/bulbes\\\/fleurs\\\/dahlia\\\/fleurs-simples\\\/dahlia-nain-simple-sable-dor\\\/#breadcrumb\"},\"inLanguage\":\"fr-FR\",\"potentialAction\":[{\"@type\":\"ReadAction\",\"target\":[\"https:\\\/\\\/www.ernest-turc.com\\\/boutique\\\/produits\\\/bulbes\\\/fleurs\\\/dahlia\\\/fleurs-simples\\\/dahlia-nain-simple-sable-dor\\\/\"]}]},{\"@type\":\"ImageObject\",\"inLanguage\":\"fr-FR\",\"@id\":\"https:\\\/\\\/www.ernest-turc.com\\\/boutique\\\/produits\\\/bulbes\\\/fleurs\\\/dahlia\\\/fleurs-simples\\\/dahlia-nain-simple-sable-dor\\\/#primaryimage\",\"url\":\"https:\\\/\\\/www.ernest-turc.com\\\/boutique\\\/wp-content\\\/uploads\\\/2021\\\/01\\\/dahlia-nain-simple-sable-d-or-2.jpg\",\"contentUrl\":\"https:\\\/\\\/www.ernest-turc.com\\\/boutique\\\/wp-content\\\/uploads\\\/2021\\\/01\\\/dahlia-nain-simple-sable-d-or-2.jpg\",\"width\":800,\"height\":800,\"caption\":\"Fleur de Dahlia Nain Simple Sable d'or\"},{\"@type\":\"BreadcrumbList\",\"@id\":\"https:\\\/\\\/www.ernest-turc.com\\\/boutique\\\/produits\\\/bulbes\\\/fleurs\\\/dahlia\\\/fleurs-simples\\\/dahlia-nain-simple-sable-dor\\\/#breadcrumb\",\"itemListElement\":[{\"@type\":\"ListItem\",\"position\":1,\"name\":\"Accueil\",\"item\":\"https:\\\/\\\/www.ernest-turc.com\\\/boutique\\\/\"},{\"@type\":\"ListItem\",\"position\":2,\"name\":\"Boutique\",\"item\":\"https:\\\/\\\/www.ernest-turc.fr\\\/boutique\\\/produits\\\/\"},{\"@type\":\"ListItem\",\"position\":3,\"name\":\"Dahlia Nain Simple Sable d&#8217;Or\"}]},{\"@type\":\"WebSite\",\"@id\":\"https:\\\/\\\/www.ernest-turc.com\\\/boutique\\\/#website\",\"url\":\"https:\\\/\\\/www.ernest-turc.com\\\/boutique\\\/\",\"name\":\"Ernest TURC\",\"description\":\"\",\"publisher\":{\"@id\":\"https:\\\/\\\/www.ernest-turc.com\\\/boutique\\\/#organization\"},\"potentialAction\":[{\"@type\":\"SearchAction\",\"target\":{\"@type\":\"EntryPoint\",\"urlTemplate\":\"https:\\\/\\\/www.ernest-turc.com\\\/boutique\\\/?s={search_term_string}\"},\"query-input\":{\"@type\":\"PropertyValueSpecification\",\"valueRequired\":true,\"valueName\":\"search_term_string\"}}],\"inLanguage\":\"fr-FR\"},{\"@type\":\"Organization\",\"@id\":\"https:\\\/\\\/www.ernest-turc.com\\\/boutique\\\/#organization\",\"name\":\"Boutique Ernest TURC\",\"alternateName\":\"Ernest TURC\",\"url\":\"https:\\\/\\\/www.ernest-turc.com\\\/boutique\\\/\",\"logo\":{\"@type\":\"ImageObject\",\"inLanguage\":\"fr-FR\",\"@id\":\"https:\\\/\\\/www.ernest-turc.com\\\/boutique\\\/#\\\/schema\\\/logo\\\/image\\\/\",\"url\":\"https:\\\/\\\/www.ernest-turc.com\\\/boutique\\\/wp-content\\\/uploads\\\/2020\\\/10\\\/logo.png\",\"contentUrl\":\"https:\\\/\\\/www.ernest-turc.com\\\/boutique\\\/wp-content\\\/uploads\\\/2020\\\/10\\\/logo.png\",\"width\":161,\"height\":161,\"caption\":\"Boutique Ernest TURC\"},\"image\":{\"@id\":\"https:\\\/\\\/www.ernest-turc.com\\\/boutique\\\/#\\\/schema\\\/logo\\\/image\\\/\"},\"sameAs\":[\"https:\\\/\\\/www.facebook.com\\\/ErnestTURC49\",\"https:\\\/\\\/www.instagram.com\\\/ernestturc\",\"https:\\\/\\\/www.linkedin.com\\\/company\\\/ernest-turc\\\/\",\"https:\\\/\\\/www.pinterest.fr\\\/ernestturc\",\"https:\\\/\\\/www.youtube.com\\\/channel\\\/UCH3ntWhy3mdcqw9-xF6pmEQ\"]}]}<\/script>\n<meta property=\"og:availability\" content=\"out of stock\" \/>\n<meta property=\"product:availability\" content=\"out of stock\" \/>\n<meta property=\"product:retailer_item_id\" content=\"954869\" \/>\n<meta property=\"product:condition\" content=\"new\" \/>\n<!-- \/ Yoast SEO Premium plugin. -->","yoast_head_json":{"title":"Dahlia Nain Simple Sable d'Or - Ernest TURC","description":"Une floraison r\u00e9ussie avec les Dahlia nain Simple Sable d'Or. D\u00e9couvrez ces jolies fleurs de 9 cm, impartissez-leur la magie de votre \u00e9t\u00e9","robots":{"index":"index","follow":"follow","max-snippet":"max-snippet:-1","max-image-preview":"max-image-preview:large","max-video-preview":"max-video-preview:-1"},"canonical":"https:\/\/www.ernest-turc.com\/boutique\/produits\/bulbes\/fleurs\/dahlia\/fleurs-simples\/dahlia-nain-simple-sable-dor\/","og_locale":"fr_FR","og_type":"article","og_title":"Donnez Maestria \u00e0 votre Jardin & Balcon avec Dahlia nain Simple Sable d'Or","og_description":"\u00c9clatez de fa\u00e7on chic dans votre jardin avec le Dahlia nain Simple Sable d'Or \ud83d\udc9b #d\u00e9couvrez, cultivez, profitez","og_url":"https:\/\/www.ernest-turc.com\/boutique\/produits\/bulbes\/fleurs\/dahlia\/fleurs-simples\/dahlia-nain-simple-sable-dor\/","og_site_name":"Ernest TURC","article_publisher":"https:\/\/www.facebook.com\/ErnestTURC49","article_modified_time":"2026-05-12T08:34:37+00:00","og_image":[{"width":800,"height":800,"url":"https:\/\/www.ernest-turc.com\/boutique\/wp-content\/uploads\/2021\/01\/dahlia-nain-simple-sable-d-or-2.jpg","type":"image\/jpeg"}],"twitter_card":"summary_large_image","twitter_title":"Jolies Fleurs de Dahlia nain Simple Sable d'Or","twitter_description":"Illuminez votre \u00e9t\u00e9 avec le Dahlia nain Simple Sable d'Or! \ud83c\udf3b Offrez une profusion de fleurs citron \u00e9clatantes \u00e0 votre jardin \ud83d\udcab","twitter_misc":{"Disponibilit\u00e9":"Rupture de stock"},"schema":{"@context":"https:\/\/schema.org","@graph":[{"@type":"WebPage","@id":"https:\/\/www.ernest-turc.com\/boutique\/produits\/bulbes\/fleurs\/dahlia\/fleurs-simples\/dahlia-nain-simple-sable-dor\/","url":"https:\/\/www.ernest-turc.com\/boutique\/produits\/bulbes\/fleurs\/dahlia\/fleurs-simples\/dahlia-nain-simple-sable-dor\/","name":"Dahlia Nain Simple Sable d'Or - Ernest TURC","isPartOf":{"@id":"https:\/\/www.ernest-turc.com\/boutique\/#website"},"primaryImageOfPage":{"@id":"https:\/\/www.ernest-turc.com\/boutique\/produits\/bulbes\/fleurs\/dahlia\/fleurs-simples\/dahlia-nain-simple-sable-dor\/#primaryimage"},"image":{"@id":"https:\/\/www.ernest-turc.com\/boutique\/produits\/bulbes\/fleurs\/dahlia\/fleurs-simples\/dahlia-nain-simple-sable-dor\/#primaryimage"},"thumbnailUrl":"https:\/\/www.ernest-turc.com\/boutique\/wp-content\/uploads\/2021\/01\/dahlia-nain-simple-sable-d-or-2.jpg","datePublished":"2021-03-18T11:02:05+00:00","dateModified":"2026-05-12T08:34:37+00:00","description":"Une floraison r\u00e9ussie avec les Dahlia nain Simple Sable d'Or. D\u00e9couvrez ces jolies fleurs de 9 cm, impartissez-leur la magie de votre \u00e9t\u00e9","breadcrumb":{"@id":"https:\/\/www.ernest-turc.com\/boutique\/produits\/bulbes\/fleurs\/dahlia\/fleurs-simples\/dahlia-nain-simple-sable-dor\/#breadcrumb"},"inLanguage":"fr-FR","potentialAction":[{"@type":"ReadAction","target":["https:\/\/www.ernest-turc.com\/boutique\/produits\/bulbes\/fleurs\/dahlia\/fleurs-simples\/dahlia-nain-simple-sable-dor\/"]}]},{"@type":"ImageObject","inLanguage":"fr-FR","@id":"https:\/\/www.ernest-turc.com\/boutique\/produits\/bulbes\/fleurs\/dahlia\/fleurs-simples\/dahlia-nain-simple-sable-dor\/#primaryimage","url":"https:\/\/www.ernest-turc.com\/boutique\/wp-content\/uploads\/2021\/01\/dahlia-nain-simple-sable-d-or-2.jpg","contentUrl":"https:\/\/www.ernest-turc.com\/boutique\/wp-content\/uploads\/2021\/01\/dahlia-nain-simple-sable-d-or-2.jpg","width":800,"height":800,"caption":"Fleur de Dahlia Nain Simple Sable d'or"},{"@type":"BreadcrumbList","@id":"https:\/\/www.ernest-turc.com\/boutique\/produits\/bulbes\/fleurs\/dahlia\/fleurs-simples\/dahlia-nain-simple-sable-dor\/#breadcrumb","itemListElement":[{"@type":"ListItem","position":1,"name":"Accueil","item":"https:\/\/www.ernest-turc.com\/boutique\/"},{"@type":"ListItem","position":2,"name":"Boutique","item":"https:\/\/www.ernest-turc.fr\/boutique\/produits\/"},{"@type":"ListItem","position":3,"name":"Dahlia Nain Simple Sable d&#8217;Or"}]},{"@type":"WebSite","@id":"https:\/\/www.ernest-turc.com\/boutique\/#website","url":"https:\/\/www.ernest-turc.com\/boutique\/","name":"Ernest TURC","description":"","publisher":{"@id":"https:\/\/www.ernest-turc.com\/boutique\/#organization"},"potentialAction":[{"@type":"SearchAction","target":{"@type":"EntryPoint","urlTemplate":"https:\/\/www.ernest-turc.com\/boutique\/?s={search_term_string}"},"query-input":{"@type":"PropertyValueSpecification","valueRequired":true,"valueName":"search_term_string"}}],"inLanguage":"fr-FR"},{"@type":"Organization","@id":"https:\/\/www.ernest-turc.com\/boutique\/#organization","name":"Boutique Ernest TURC","alternateName":"Ernest TURC","url":"https:\/\/www.ernest-turc.com\/boutique\/","logo":{"@type":"ImageObject","inLanguage":"fr-FR","@id":"https:\/\/www.ernest-turc.com\/boutique\/#\/schema\/logo\/image\/","url":"https:\/\/www.ernest-turc.com\/boutique\/wp-content\/uploads\/2020\/10\/logo.png","contentUrl":"https:\/\/www.ernest-turc.com\/boutique\/wp-content\/uploads\/2020\/10\/logo.png","width":161,"height":161,"caption":"Boutique Ernest TURC"},"image":{"@id":"https:\/\/www.ernest-turc.com\/boutique\/#\/schema\/logo\/image\/"},"sameAs":["https:\/\/www.facebook.com\/ErnestTURC49","https:\/\/www.instagram.com\/ernestturc","https:\/\/www.linkedin.com\/company\/ernest-turc\/","https:\/\/www.pinterest.fr\/ernestturc","https:\/\/www.youtube.com\/channel\/UCH3ntWhy3mdcqw9-xF6pmEQ"]}]},"og_availability":"out of stock","product_availability":"out of stock","product_retailer_item_id":"954869","product_condition":"new"},"_links":{"self":[{"href":"https:\/\/www.ernest-turc.com\/boutique\/wp-json\/wp\/v2\/product\/8817","targetHints":{"allow":["GET"]}}],"collection":[{"href":"https:\/\/www.ernest-turc.com\/boutique\/wp-json\/wp\/v2\/product"}],"about":[{"href":"https:\/\/www.ernest-turc.com\/boutique\/wp-json\/wp\/v2\/types\/product"}],"wp:featuredmedia":[{"embeddable":true,"href":"https:\/\/www.ernest-turc.com\/boutique\/wp-json\/wp\/v2\/media\/8819"}],"wp:attachment":[{"href":"https:\/\/www.ernest-turc.com\/boutique\/wp-json\/wp\/v2\/media?parent=8817"}],"wp:term":[{"taxonomy":"product_brand","embeddable":true,"href":"https:\/\/www.ernest-turc.com\/boutique\/wp-json\/wp\/v2\/product_brand?post=8817"},{"taxonomy":"product_cat","embeddable":true,"href":"https:\/\/www.ernest-turc.com\/boutique\/wp-json\/wp\/v2\/product_cat?post=8817"},{"taxonomy":"product_tag","embeddable":true,"href":"https:\/\/www.ernest-turc.com\/boutique\/wp-json\/wp\/v2\/product_tag?post=8817"}],"curies":[{"name":"wp","href":"https:\/\/api.w.org\/{rel}","templated":true}]}}