{"id":8798,"date":"2021-03-18T11:02:05","date_gmt":"2021-03-18T11:02:05","guid":{"rendered":"https:\/\/www.ernest-turc.com\/boutique\/boutique\/dahlia-nain-simple-pampa\/"},"modified":"2026-05-12T08:42:25","modified_gmt":"2026-05-12T08:42:25","slug":"dahlia-nain-simple-pampa","status":"publish","type":"product","link":"https:\/\/www.ernest-turc.com\/boutique\/produits\/bulbes\/fleurs\/dahlia\/fleurs-simples\/dahlia-nain-simple-pampa\/","title":{"rendered":"Dahlia Nain Simple Pampa"},"content":{"rendered":"<h1>Le Dahlia Nain Simple Pampa<\/h1>\n<h2>une explosion de beaut\u00e9 dans votre jardin<\/h2>\n<p>Le Dahlia nain Simple Pampa produit de magnifiques fleurs d&#8217;un diam\u00e8tre de 9 cm, d&#8217;un rouge intense et \u00e0 la forme \u00e9toil\u00e9e tr\u00e8s distinctive, cr\u00e9ant un contraste saisissant sur un feuillage noir sublime. Con\u00e7ue par Ernest Turc, cette vari\u00e9t\u00e9 atteint une hauteur d&#8217;environ 60 cm et convient aussi bien pour \u00eatre plant\u00e9e en massif et en bordure que dans un grand pot gr\u00e2ce \u00e0 son port compact.<\/p>\n<p>Ce dahlia, comme tous ceux de la famille des nains simples, est \u00e9galement mellif\u00e8re, attirant papillons et abeilles qui se r\u00e9galeront de son pollen.<\/p>\n<p>Originaire d&#8217;Am\u00e9rique centrale et principalement du Mexique, le dahlia a une histoire fascinante. Autrefois utilis\u00e9 par les Azt\u00e8ques comme plante comestible, il a \u00e9t\u00e9 import\u00e9 en Europe au 18\u00e8me si\u00e8cle avec l&#8217;ambition de remplacer la pomme de terre, en vain. Ses qualit\u00e9s d\u00e9coratives et ornementales ont rapidement supplant\u00e9 ses propri\u00e9t\u00e9s nutritives, surtout apr\u00e8s l&#8217;hybridation des premi\u00e8res fleurs doubles de type cactus. Aujourd&#8217;hui, plus de quarante mille vari\u00e9t\u00e9s hybrides ravissent les amateurs passionn\u00e9s, les collectionneurs et les jardiniers. Le genre dahlia offre une diversit\u00e9 fantastique de formes, de hauteurs et de coloris. Il ne lui manque que le parfum&#8230; et pourquoi pas le pigment bleu pour compl\u00e9ter sa palette de couleurs captivante ! D\u00e9couvrez notre s\u00e9lection exclusive pour ajouter une touche de splendeur \u00e0 votre jardin avec le Dahlia Pampa et explorez l&#8217;univers captivant du dahlia !<\/p>\n","protected":false},"excerpt":{"rendered":"<p style=\"text-align: justify;\">Le <strong>Dahlia nain Simple Pampa<\/strong> produit de belles fleurs de 9 cm de diam\u00e8tre, rouge intense \u00e0 la forme tr\u00e8s \u00e9toil\u00e9e, qui contrastent magnifiquement sur un sublime feuillage noir. Cette cr\u00e9ation Ernest Turc mesure environ 60 cm de hauteur, et pourra aussi bien \u00eatre plant\u00e9e en massif et bordure qu&#8217;en grand pot gr\u00e2ce \u00e0 son port compacte. Ce dahlia, comme tous ceux de la famille des nains simples, est mellif\u00e8re et attirera papillons et abeilles qui se r\u00e9galeront de son pollen.<\/p>\n","protected":false},"featured_media":8800,"template":"","meta":{"_relevanssi_hide_post":"","_relevanssi_hide_content":"","_relevanssi_pin_for_all":"","_relevanssi_pin_keywords":"","_relevanssi_unpin_keywords":"","_relevanssi_related_keywords":"","_relevanssi_related_include_ids":"","_relevanssi_related_exclude_ids":"","_relevanssi_related_no_append":"","_relevanssi_related_not_related":"","_relevanssi_related_posts":"","_relevanssi_noindex_reason":""},"product_brand":[],"product_cat":[1609,179,180,212,737,2227,1607,1608,1256,1592,1591,183,182],"product_tag":[983,1387,1055,960,971],"class_list":{"0":"post-8798","1":"product","2":"type-product","3":"status-publish","4":"has-post-thumbnail","6":"product_cat-bouquets","7":"product_cat-bulbes","8":"product_cat-fleurs","9":"product_cat-theme","10":"product_cat-dahlia","11":"product_cat-fleurs-rouges","12":"product_cat-fleurs-simples","13":"product_cat-label-fleurs-de-france","14":"product_cat-nains","15":"product_cat-plante-melliferes","16":"product_cat-plante-pot","17":"product_cat-ete","18":"product_cat-saison","19":"product_tag-achat-bulbes-dahlia","20":"product_tag-bulbe-de-dahlia","21":"product_tag-bulbe-de-dahlia-francais","22":"product_tag-creation-ernest-turc","23":"product_tag-dahlia","24":"pa_calibre-i","25":"pa_conditionnement-734","26":"pa_conditionnement-1443","27":"pa_couleur-rouge","28":"pa_couleur-de-feuillage-noir","29":"pa_disponibilite-de-fevrier-a-juin","30":"pa_exposition-ensoleillee","31":"pa_hauteur-de-la-plante-60-cm","32":"pa_logo-fleurs-de-france-oui","33":"pa_melliferes-oui","34":"pa_periode-de-recolte-floraison-aout","35":"pa_periode-de-recolte-floraison-juillet","36":"pa_periode-de-recolte-floraison-novembre","37":"pa_periode-de-recolte-floraison-octobre","38":"pa_periode-de-recolte-floraison-septembre","39":"pa_periode-de-semis-plantation-avril","40":"pa_periode-de-semis-plantation-mai","41":"pa_periode-de-semis-plantation-mars","42":"pa_rusticite-craint-le-gel","43":"pa_utilisation-bordure","44":"pa_utilisation-fleur-coupee","45":"pa_utilisation-massif","46":"pa_utilisation-pot","48":"first","49":"outofstock","50":"taxable","51":"shipping-taxable","52":"purchasable","53":"product-type-variable","54":"has-default-attributes"},"bundled_by":["27213"],"bundle_stock_status":"outofstock","bundle_stock_quantity":0,"bundle_virtual":false,"bundle_layout":"","bundle_add_to_cart_form_location":"","bundle_editable_in_cart":false,"bundle_sold_individually_context":"","bundle_item_grouping":"","bundle_min_size":"","bundle_max_size":"","bundled_items":[],"bundle_sell_ids":[],"yoast_head":"<!-- This site is optimized with the Yoast SEO Premium plugin v25.2 (Yoast SEO v27.5) - https:\/\/yoast.com\/product\/yoast-seo-premium-wordpress\/ -->\n<title>Dahlia Nain Simple Pampa - Ernest TURC<\/title>\n<meta name=\"description\" content=\"D\u00e9couvrez le Dahlia nain Simple Pampa, 9 cm diam\u00e8tre, rouge intense et forme \u00e9toil\u00e9e. Succombez \u00e0 ce contraste saisissant!\" \/>\n<meta name=\"robots\" content=\"index, follow, max-snippet:-1, max-image-preview:large, max-video-preview:-1\" \/>\n<link rel=\"canonical\" href=\"https:\/\/www.ernest-turc.com\/boutique\/produits\/bulbes\/fleurs\/dahlia\/fleurs-simples\/dahlia-nain-simple-pampa\/\" \/>\n<meta property=\"og:locale\" content=\"fr_FR\" \/>\n<meta property=\"og:type\" content=\"article\" \/>\n<meta property=\"og:title\" content=\"Dahlia Nain Simple Pampa: Fleurs Rouges Intense\" \/>\n<meta property=\"og:description\" content=\"D\u00e9couvrez le Dahlia nain Simple Pampa! \ud83c\udf39 De 9 cm, d&#039;un rouge intense: optez pour cette vari\u00e9t\u00e9 \u00e0 la forme \u00e9toil\u00e9e distinctive!\ud83d\udca1 D\u00e9cidez-vous?\" \/>\n<meta property=\"og:url\" content=\"https:\/\/www.ernest-turc.com\/boutique\/produits\/bulbes\/fleurs\/dahlia\/fleurs-simples\/dahlia-nain-simple-pampa\/\" \/>\n<meta property=\"og:site_name\" content=\"Ernest TURC\" \/>\n<meta property=\"article:publisher\" content=\"https:\/\/www.facebook.com\/ErnestTURC49\" \/>\n<meta property=\"article:modified_time\" content=\"2026-05-12T08:42:25+00:00\" \/>\n<meta property=\"og:image\" content=\"https:\/\/www.ernest-turc.com\/boutique\/wp-content\/uploads\/2021\/01\/dahlia-nain-simple-pampa-2.jpg\" \/>\n\t<meta property=\"og:image:width\" content=\"800\" \/>\n\t<meta property=\"og:image:height\" content=\"800\" \/>\n\t<meta property=\"og:image:type\" content=\"image\/jpeg\" \/>\n<meta name=\"twitter:card\" content=\"summary_large_image\" \/>\n<meta name=\"twitter:title\" content=\"Dahlia Nain Simple Pampa: 9cm, rouge intense et forme \u00e9toil\u00e9e\" \/>\n<meta name=\"twitter:description\" content=\"Le Dahlia nain Simple Pampa de Ernest Turc. Une fleur intense, aux formes \u00e9toil\u00e9es, id\u00e9ale pour votre jardin. \ud83c\udf38\" \/>\n<meta name=\"twitter:label1\" content=\"Disponibilit\u00e9\" \/>\n\t<meta name=\"twitter:data1\" content=\"Rupture de stock\" \/>\n<script type=\"application\/ld+json\" class=\"yoast-schema-graph\">{\"@context\":\"https:\\\/\\\/schema.org\",\"@graph\":[{\"@type\":\"WebPage\",\"@id\":\"https:\\\/\\\/www.ernest-turc.com\\\/boutique\\\/produits\\\/bulbes\\\/fleurs\\\/dahlia\\\/fleurs-simples\\\/dahlia-nain-simple-pampa\\\/\",\"url\":\"https:\\\/\\\/www.ernest-turc.com\\\/boutique\\\/produits\\\/bulbes\\\/fleurs\\\/dahlia\\\/fleurs-simples\\\/dahlia-nain-simple-pampa\\\/\",\"name\":\"Dahlia Nain Simple Pampa - Ernest TURC\",\"isPartOf\":{\"@id\":\"https:\\\/\\\/www.ernest-turc.com\\\/boutique\\\/#website\"},\"primaryImageOfPage\":{\"@id\":\"https:\\\/\\\/www.ernest-turc.com\\\/boutique\\\/produits\\\/bulbes\\\/fleurs\\\/dahlia\\\/fleurs-simples\\\/dahlia-nain-simple-pampa\\\/#primaryimage\"},\"image\":{\"@id\":\"https:\\\/\\\/www.ernest-turc.com\\\/boutique\\\/produits\\\/bulbes\\\/fleurs\\\/dahlia\\\/fleurs-simples\\\/dahlia-nain-simple-pampa\\\/#primaryimage\"},\"thumbnailUrl\":\"https:\\\/\\\/www.ernest-turc.com\\\/boutique\\\/wp-content\\\/uploads\\\/2021\\\/01\\\/dahlia-nain-simple-pampa-2.jpg\",\"datePublished\":\"2021-03-18T11:02:05+00:00\",\"dateModified\":\"2026-05-12T08:42:25+00:00\",\"description\":\"D\u00e9couvrez le Dahlia nain Simple Pampa, 9 cm diam\u00e8tre, rouge intense et forme \u00e9toil\u00e9e. Succombez \u00e0 ce contraste saisissant!\",\"breadcrumb\":{\"@id\":\"https:\\\/\\\/www.ernest-turc.com\\\/boutique\\\/produits\\\/bulbes\\\/fleurs\\\/dahlia\\\/fleurs-simples\\\/dahlia-nain-simple-pampa\\\/#breadcrumb\"},\"inLanguage\":\"fr-FR\",\"potentialAction\":[{\"@type\":\"ReadAction\",\"target\":[\"https:\\\/\\\/www.ernest-turc.com\\\/boutique\\\/produits\\\/bulbes\\\/fleurs\\\/dahlia\\\/fleurs-simples\\\/dahlia-nain-simple-pampa\\\/\"]}]},{\"@type\":\"ImageObject\",\"inLanguage\":\"fr-FR\",\"@id\":\"https:\\\/\\\/www.ernest-turc.com\\\/boutique\\\/produits\\\/bulbes\\\/fleurs\\\/dahlia\\\/fleurs-simples\\\/dahlia-nain-simple-pampa\\\/#primaryimage\",\"url\":\"https:\\\/\\\/www.ernest-turc.com\\\/boutique\\\/wp-content\\\/uploads\\\/2021\\\/01\\\/dahlia-nain-simple-pampa-2.jpg\",\"contentUrl\":\"https:\\\/\\\/www.ernest-turc.com\\\/boutique\\\/wp-content\\\/uploads\\\/2021\\\/01\\\/dahlia-nain-simple-pampa-2.jpg\",\"width\":800,\"height\":800,\"caption\":\"Fleur de Dahlia nain simple Pampa\"},{\"@type\":\"BreadcrumbList\",\"@id\":\"https:\\\/\\\/www.ernest-turc.com\\\/boutique\\\/produits\\\/bulbes\\\/fleurs\\\/dahlia\\\/fleurs-simples\\\/dahlia-nain-simple-pampa\\\/#breadcrumb\",\"itemListElement\":[{\"@type\":\"ListItem\",\"position\":1,\"name\":\"Accueil\",\"item\":\"https:\\\/\\\/www.ernest-turc.com\\\/boutique\\\/\"},{\"@type\":\"ListItem\",\"position\":2,\"name\":\"Boutique\",\"item\":\"https:\\\/\\\/www.ernest-turc.fr\\\/boutique\\\/produits\\\/\"},{\"@type\":\"ListItem\",\"position\":3,\"name\":\"Dahlia Nain Simple Pampa\"}]},{\"@type\":\"WebSite\",\"@id\":\"https:\\\/\\\/www.ernest-turc.com\\\/boutique\\\/#website\",\"url\":\"https:\\\/\\\/www.ernest-turc.com\\\/boutique\\\/\",\"name\":\"Ernest TURC\",\"description\":\"\",\"publisher\":{\"@id\":\"https:\\\/\\\/www.ernest-turc.com\\\/boutique\\\/#organization\"},\"potentialAction\":[{\"@type\":\"SearchAction\",\"target\":{\"@type\":\"EntryPoint\",\"urlTemplate\":\"https:\\\/\\\/www.ernest-turc.com\\\/boutique\\\/?s={search_term_string}\"},\"query-input\":{\"@type\":\"PropertyValueSpecification\",\"valueRequired\":true,\"valueName\":\"search_term_string\"}}],\"inLanguage\":\"fr-FR\"},{\"@type\":\"Organization\",\"@id\":\"https:\\\/\\\/www.ernest-turc.com\\\/boutique\\\/#organization\",\"name\":\"Boutique Ernest TURC\",\"alternateName\":\"Ernest TURC\",\"url\":\"https:\\\/\\\/www.ernest-turc.com\\\/boutique\\\/\",\"logo\":{\"@type\":\"ImageObject\",\"inLanguage\":\"fr-FR\",\"@id\":\"https:\\\/\\\/www.ernest-turc.com\\\/boutique\\\/#\\\/schema\\\/logo\\\/image\\\/\",\"url\":\"https:\\\/\\\/www.ernest-turc.com\\\/boutique\\\/wp-content\\\/uploads\\\/2020\\\/10\\\/logo.png\",\"contentUrl\":\"https:\\\/\\\/www.ernest-turc.com\\\/boutique\\\/wp-content\\\/uploads\\\/2020\\\/10\\\/logo.png\",\"width\":161,\"height\":161,\"caption\":\"Boutique Ernest TURC\"},\"image\":{\"@id\":\"https:\\\/\\\/www.ernest-turc.com\\\/boutique\\\/#\\\/schema\\\/logo\\\/image\\\/\"},\"sameAs\":[\"https:\\\/\\\/www.facebook.com\\\/ErnestTURC49\",\"https:\\\/\\\/www.instagram.com\\\/ernestturc\",\"https:\\\/\\\/www.linkedin.com\\\/company\\\/ernest-turc\\\/\",\"https:\\\/\\\/www.pinterest.fr\\\/ernestturc\",\"https:\\\/\\\/www.youtube.com\\\/channel\\\/UCH3ntWhy3mdcqw9-xF6pmEQ\"]}]}<\/script>\n<meta property=\"og:availability\" content=\"out of stock\" \/>\n<meta property=\"product:availability\" content=\"out of stock\" \/>\n<meta property=\"product:retailer_item_id\" content=\"954867\" \/>\n<meta property=\"product:condition\" content=\"new\" \/>\n<!-- \/ Yoast SEO Premium plugin. -->","yoast_head_json":{"title":"Dahlia Nain Simple Pampa - Ernest TURC","description":"D\u00e9couvrez le Dahlia nain Simple Pampa, 9 cm diam\u00e8tre, rouge intense et forme \u00e9toil\u00e9e. Succombez \u00e0 ce contraste saisissant!","robots":{"index":"index","follow":"follow","max-snippet":"max-snippet:-1","max-image-preview":"max-image-preview:large","max-video-preview":"max-video-preview:-1"},"canonical":"https:\/\/www.ernest-turc.com\/boutique\/produits\/bulbes\/fleurs\/dahlia\/fleurs-simples\/dahlia-nain-simple-pampa\/","og_locale":"fr_FR","og_type":"article","og_title":"Dahlia Nain Simple Pampa: Fleurs Rouges Intense","og_description":"D\u00e9couvrez le Dahlia nain Simple Pampa! \ud83c\udf39 De 9 cm, d'un rouge intense: optez pour cette vari\u00e9t\u00e9 \u00e0 la forme \u00e9toil\u00e9e distinctive!\ud83d\udca1 D\u00e9cidez-vous?","og_url":"https:\/\/www.ernest-turc.com\/boutique\/produits\/bulbes\/fleurs\/dahlia\/fleurs-simples\/dahlia-nain-simple-pampa\/","og_site_name":"Ernest TURC","article_publisher":"https:\/\/www.facebook.com\/ErnestTURC49","article_modified_time":"2026-05-12T08:42:25+00:00","og_image":[{"width":800,"height":800,"url":"https:\/\/www.ernest-turc.com\/boutique\/wp-content\/uploads\/2021\/01\/dahlia-nain-simple-pampa-2.jpg","type":"image\/jpeg"}],"twitter_card":"summary_large_image","twitter_title":"Dahlia Nain Simple Pampa: 9cm, rouge intense et forme \u00e9toil\u00e9e","twitter_description":"Le Dahlia nain Simple Pampa de Ernest Turc. Une fleur intense, aux formes \u00e9toil\u00e9es, id\u00e9ale pour votre jardin. \ud83c\udf38","twitter_misc":{"Disponibilit\u00e9":"Rupture de stock"},"schema":{"@context":"https:\/\/schema.org","@graph":[{"@type":"WebPage","@id":"https:\/\/www.ernest-turc.com\/boutique\/produits\/bulbes\/fleurs\/dahlia\/fleurs-simples\/dahlia-nain-simple-pampa\/","url":"https:\/\/www.ernest-turc.com\/boutique\/produits\/bulbes\/fleurs\/dahlia\/fleurs-simples\/dahlia-nain-simple-pampa\/","name":"Dahlia Nain Simple Pampa - Ernest TURC","isPartOf":{"@id":"https:\/\/www.ernest-turc.com\/boutique\/#website"},"primaryImageOfPage":{"@id":"https:\/\/www.ernest-turc.com\/boutique\/produits\/bulbes\/fleurs\/dahlia\/fleurs-simples\/dahlia-nain-simple-pampa\/#primaryimage"},"image":{"@id":"https:\/\/www.ernest-turc.com\/boutique\/produits\/bulbes\/fleurs\/dahlia\/fleurs-simples\/dahlia-nain-simple-pampa\/#primaryimage"},"thumbnailUrl":"https:\/\/www.ernest-turc.com\/boutique\/wp-content\/uploads\/2021\/01\/dahlia-nain-simple-pampa-2.jpg","datePublished":"2021-03-18T11:02:05+00:00","dateModified":"2026-05-12T08:42:25+00:00","description":"D\u00e9couvrez le Dahlia nain Simple Pampa, 9 cm diam\u00e8tre, rouge intense et forme \u00e9toil\u00e9e. Succombez \u00e0 ce contraste saisissant!","breadcrumb":{"@id":"https:\/\/www.ernest-turc.com\/boutique\/produits\/bulbes\/fleurs\/dahlia\/fleurs-simples\/dahlia-nain-simple-pampa\/#breadcrumb"},"inLanguage":"fr-FR","potentialAction":[{"@type":"ReadAction","target":["https:\/\/www.ernest-turc.com\/boutique\/produits\/bulbes\/fleurs\/dahlia\/fleurs-simples\/dahlia-nain-simple-pampa\/"]}]},{"@type":"ImageObject","inLanguage":"fr-FR","@id":"https:\/\/www.ernest-turc.com\/boutique\/produits\/bulbes\/fleurs\/dahlia\/fleurs-simples\/dahlia-nain-simple-pampa\/#primaryimage","url":"https:\/\/www.ernest-turc.com\/boutique\/wp-content\/uploads\/2021\/01\/dahlia-nain-simple-pampa-2.jpg","contentUrl":"https:\/\/www.ernest-turc.com\/boutique\/wp-content\/uploads\/2021\/01\/dahlia-nain-simple-pampa-2.jpg","width":800,"height":800,"caption":"Fleur de Dahlia nain simple Pampa"},{"@type":"BreadcrumbList","@id":"https:\/\/www.ernest-turc.com\/boutique\/produits\/bulbes\/fleurs\/dahlia\/fleurs-simples\/dahlia-nain-simple-pampa\/#breadcrumb","itemListElement":[{"@type":"ListItem","position":1,"name":"Accueil","item":"https:\/\/www.ernest-turc.com\/boutique\/"},{"@type":"ListItem","position":2,"name":"Boutique","item":"https:\/\/www.ernest-turc.fr\/boutique\/produits\/"},{"@type":"ListItem","position":3,"name":"Dahlia Nain Simple Pampa"}]},{"@type":"WebSite","@id":"https:\/\/www.ernest-turc.com\/boutique\/#website","url":"https:\/\/www.ernest-turc.com\/boutique\/","name":"Ernest TURC","description":"","publisher":{"@id":"https:\/\/www.ernest-turc.com\/boutique\/#organization"},"potentialAction":[{"@type":"SearchAction","target":{"@type":"EntryPoint","urlTemplate":"https:\/\/www.ernest-turc.com\/boutique\/?s={search_term_string}"},"query-input":{"@type":"PropertyValueSpecification","valueRequired":true,"valueName":"search_term_string"}}],"inLanguage":"fr-FR"},{"@type":"Organization","@id":"https:\/\/www.ernest-turc.com\/boutique\/#organization","name":"Boutique Ernest TURC","alternateName":"Ernest TURC","url":"https:\/\/www.ernest-turc.com\/boutique\/","logo":{"@type":"ImageObject","inLanguage":"fr-FR","@id":"https:\/\/www.ernest-turc.com\/boutique\/#\/schema\/logo\/image\/","url":"https:\/\/www.ernest-turc.com\/boutique\/wp-content\/uploads\/2020\/10\/logo.png","contentUrl":"https:\/\/www.ernest-turc.com\/boutique\/wp-content\/uploads\/2020\/10\/logo.png","width":161,"height":161,"caption":"Boutique Ernest TURC"},"image":{"@id":"https:\/\/www.ernest-turc.com\/boutique\/#\/schema\/logo\/image\/"},"sameAs":["https:\/\/www.facebook.com\/ErnestTURC49","https:\/\/www.instagram.com\/ernestturc","https:\/\/www.linkedin.com\/company\/ernest-turc\/","https:\/\/www.pinterest.fr\/ernestturc","https:\/\/www.youtube.com\/channel\/UCH3ntWhy3mdcqw9-xF6pmEQ"]}]},"og_availability":"out of stock","product_availability":"out of stock","product_retailer_item_id":"954867","product_condition":"new"},"_links":{"self":[{"href":"https:\/\/www.ernest-turc.com\/boutique\/wp-json\/wp\/v2\/product\/8798","targetHints":{"allow":["GET"]}}],"collection":[{"href":"https:\/\/www.ernest-turc.com\/boutique\/wp-json\/wp\/v2\/product"}],"about":[{"href":"https:\/\/www.ernest-turc.com\/boutique\/wp-json\/wp\/v2\/types\/product"}],"wp:featuredmedia":[{"embeddable":true,"href":"https:\/\/www.ernest-turc.com\/boutique\/wp-json\/wp\/v2\/media\/8800"}],"wp:attachment":[{"href":"https:\/\/www.ernest-turc.com\/boutique\/wp-json\/wp\/v2\/media?parent=8798"}],"wp:term":[{"taxonomy":"product_brand","embeddable":true,"href":"https:\/\/www.ernest-turc.com\/boutique\/wp-json\/wp\/v2\/product_brand?post=8798"},{"taxonomy":"product_cat","embeddable":true,"href":"https:\/\/www.ernest-turc.com\/boutique\/wp-json\/wp\/v2\/product_cat?post=8798"},{"taxonomy":"product_tag","embeddable":true,"href":"https:\/\/www.ernest-turc.com\/boutique\/wp-json\/wp\/v2\/product_tag?post=8798"}],"curies":[{"name":"wp","href":"https:\/\/api.w.org\/{rel}","templated":true}]}}