{"id":8787,"date":"2021-03-18T11:01:17","date_gmt":"2021-03-18T11:01:17","guid":{"rendered":"https:\/\/www.ernest-turc.com\/boutique\/boutique\/dahlia-nain-simple-ptit-coquin-bio\/"},"modified":"2026-05-12T08:48:28","modified_gmt":"2026-05-12T08:48:28","slug":"dahlia-nain-simple-ptit-coquin-bio","status":"publish","type":"product","link":"https:\/\/www.ernest-turc.com\/boutique\/produits\/bulbes\/fleurs\/dahlia\/fleurs-simples\/dahlia-nain-simple-ptit-coquin-bio\/","title":{"rendered":"Dahlia Nain Simple P&#8217;tit Coquin Bio"},"content":{"rendered":"<h1>Le Dahlia nain Simple P&#8217;tit Coquin Bio<\/h1>\n<h2>une explosion de couleurs pour \u00e9gayer votre jardin !<\/h2>\n<p>Le Dahlia nain Simple P&#8217;tit Coquin Bio produit une multitude de fleurs d&#8217;environ 10 cm de diam\u00e8tre, aux p\u00e9tales pourpres subtilement stri\u00e9s de cr\u00e8me. Avec sa hauteur impressionnante de 70 cm, cette cr\u00e9ation d&#8217;Ernest Turc, n\u00e9e en 1988, apportera douceur et fra\u00eecheur \u00e0 vos massifs et bordures. De plus, il s&#8217;adapte facilement \u00e0 la culture en pot gr\u00e2ce \u00e0 sa stature robuste.<\/p>\n<p>Une chose est s\u00fbre, le Dahlia P&#8217;tit Coquin ne passera pas inaper\u00e7u ! Son c\u0153ur apparent charg\u00e9 de pollen en fait une v\u00e9ritable attraction pour les insectes butineurs du jardin. Il constitue ainsi un r\u00e9el atout biodiversit\u00e9.<\/p>\n<p>Originaire d&#8217;Am\u00e9rique centrale et principalement du Mexique, le dahlia a une histoire riche. Autrefois utilis\u00e9 par les Azt\u00e8ques comme plante comestible, il a \u00e9t\u00e9 import\u00e9 en Europe au 18\u00e8me si\u00e8cle pour remplacer la pomme de terre, en vain. Ses qualit\u00e9s d\u00e9coratives et ornementales ont rapidement supplant\u00e9 ses propri\u00e9t\u00e9s nutritives, surtout apr\u00e8s l&#8217;hybridation des premi\u00e8res fleurs doubles de type cactus. Aujourd&#8217;hui, avec plus de quarante mille vari\u00e9t\u00e9s hybrides, le dahlia ravit les amateurs passionn\u00e9s, les collectionneurs, et les jardiniers. Le genre dahlia offre une diversit\u00e9 fantastique de formes, de hauteurs et de coloris. Il ne lui manque que le parfum&#8230;<\/p>\n<p><a href=\"https:\/\/www.ernest-turc.com\/boutique\/?s=cr%C3%A9ation+ernest+turc&amp;post_type=product&amp;dgwt_wcas=1\">D\u00e9couvrez notre s\u00e9lection exclusive<\/a> pour ajouter une touche de vivacit\u00e9 \u00e0 votre jardin avec le Dahlia P&#8217;tit Coquin Bio et plongez dans le monde captivant du dahlia !<\/p>\n","protected":false},"excerpt":{"rendered":"<p style=\"text-align: justify;\">Le <strong>Dahlia nain Simple P&#8217;tit Coquin Bio<\/strong> produit une multitude de fleurs de 10 cm de diam\u00e8tre environ, aux p\u00e9tales pourpres, stri\u00e9s de cr\u00e8me. Du haut de ses 70 cm, cette cr\u00e9ation Ernest Turc qui a vu le jour en 1988, apportera douceur et fra\u00eecheur \u00e0 vos massifs et bordures, et s&#8217;adaptera \u00e9galement tr\u00e8s facilement \u00e0 la culture en pot, gr\u00e2ce \u00e0 sa hauteur et \u00e0 son port solide. Une chose est s\u00fbre, il ne passera pas inaper\u00e7u ! Avec son coeur apparent charg\u00e9 en pollen, ce dahlia a \u00e9galement la particularit\u00e9 d&#8217;\u00eatre mellif\u00e8re et d&#8217;attirer nos amis les insectes butineurs du jardin. Un vrai atout biodiversit\u00e9 !<\/p>\n","protected":false},"featured_media":8789,"template":"","meta":{"_relevanssi_hide_post":"","_relevanssi_hide_content":"","_relevanssi_pin_for_all":"","_relevanssi_pin_keywords":"","_relevanssi_unpin_keywords":"","_relevanssi_related_keywords":"","_relevanssi_related_include_ids":"","_relevanssi_related_exclude_ids":"","_relevanssi_related_no_append":"","_relevanssi_related_not_related":"","_relevanssi_related_posts":"","_relevanssi_noindex_reason":""},"product_brand":[],"product_cat":[225,1609,179,180,1611,212,737,1612,2228,1607,1608,1256,1592,1591,183,182],"product_tag":[804,960,971,831,893,842,888,1402,825],"class_list":{"0":"post-8787","1":"product","2":"type-product","3":"status-publish","4":"has-post-thumbnail","6":"product_cat-bio","7":"product_cat-bouquets","8":"product_cat-bulbes","9":"product_cat-fleurs","10":"product_cat-bulbes-bio","11":"product_cat-theme","12":"product_cat-dahlia","13":"product_cat-dahlias-bio","14":"product_cat-fleurs-roses","15":"product_cat-fleurs-simples","16":"product_cat-label-fleurs-de-france","17":"product_cat-nains","18":"product_cat-plante-melliferes","19":"product_cat-plante-pot","20":"product_cat-ete","21":"product_cat-saison","22":"product_tag-bulbe-qualite","23":"product_tag-creation-ernest-turc","24":"product_tag-dahlia","25":"product_tag-dahlia-bio","26":"product_tag-dahlia-de-qualite","27":"product_tag-dahlia-florifere","28":"product_tag-dahlia-nain","29":"product_tag-dahlia-ptit-coquin","30":"product_tag-fleur-bio","31":"pa_bio-logo-ab-oui","32":"pa_calibre-i","33":"pa_conditionnement-734","34":"pa_conditionnement-1443","35":"pa_couleur-rose","36":"pa_couleur-de-feuillage-vert","37":"pa_disponibilite-de-fevrier-a-juin","38":"pa_exposition-ensoleillee","39":"pa_hauteur-de-la-plante-70-cm","40":"pa_logo-fleurs-de-france-oui","41":"pa_melliferes-oui","42":"pa_periode-de-recolte-floraison-aout","43":"pa_periode-de-recolte-floraison-juillet","44":"pa_periode-de-recolte-floraison-novembre","45":"pa_periode-de-recolte-floraison-octobre","46":"pa_periode-de-recolte-floraison-septembre","47":"pa_periode-de-semis-plantation-avril","48":"pa_periode-de-semis-plantation-mai","49":"pa_periode-de-semis-plantation-mars","50":"pa_rusticite-craint-le-gel","51":"pa_utilisation-bordure","52":"pa_utilisation-fleur-coupee","53":"pa_utilisation-massif","54":"pa_utilisation-pot","56":"first","57":"outofstock","58":"taxable","59":"shipping-taxable","60":"purchasable","61":"product-type-variable","62":"has-default-attributes"},"bundled_by":[],"bundle_stock_status":"outofstock","bundle_stock_quantity":0,"bundle_virtual":false,"bundle_layout":"","bundle_add_to_cart_form_location":"","bundle_editable_in_cart":false,"bundle_sold_individually_context":"","bundle_item_grouping":"","bundle_min_size":"","bundle_max_size":"","bundled_items":[],"bundle_sell_ids":[],"yoast_head":"<!-- This site is optimized with the Yoast SEO Premium plugin v25.2 (Yoast SEO v27.5) - https:\/\/yoast.com\/product\/yoast-seo-premium-wordpress\/ -->\n<title>Dahlia Nain Simple P&#039;tit Coquin Bio - Ernest TURC<\/title>\n<meta name=\"description\" content=\"Sublimez vos jardins et massifs gr\u00e2ce au Dahlia nain Simple P&#039;tit Coquin Bio. Avec ses 70 cm d&#039;\u00e9l\u00e9gance, craquez pour cette beaut\u00e9 !\" \/>\n<meta name=\"robots\" content=\"index, follow, max-snippet:-1, max-image-preview:large, max-video-preview:-1\" \/>\n<link rel=\"canonical\" href=\"https:\/\/www.ernest-turc.com\/boutique\/produits\/bulbes\/fleurs\/dahlia\/fleurs-simples\/dahlia-nain-simple-ptit-coquin-bio\/\" \/>\n<meta property=\"og:locale\" content=\"fr_FR\" \/>\n<meta property=\"og:type\" content=\"article\" \/>\n<meta property=\"og:title\" content=\"P&#039;tit Coquin Bio: Dahlia Nain Simple Impressionnant, 10 cm Fleurs, 70 cm Hauteur!, Robuste, Facile \u00e0 Cultiver\" \/>\n<meta property=\"og:description\" content=\"70 cm de d\u00e9licatesse \u2b50\ufe0f Avec le Dahlia nain Simple P&#039;tit Coquin Bio, offrez de la douceur et de l&#039;\u00e9l\u00e9gance \u00e0 vos massifs.\" \/>\n<meta property=\"og:url\" content=\"https:\/\/www.ernest-turc.com\/boutique\/produits\/bulbes\/fleurs\/dahlia\/fleurs-simples\/dahlia-nain-simple-ptit-coquin-bio\/\" \/>\n<meta property=\"og:site_name\" content=\"Ernest TURC\" \/>\n<meta property=\"article:publisher\" content=\"https:\/\/www.facebook.com\/ErnestTURC49\" \/>\n<meta property=\"article:modified_time\" content=\"2026-05-12T08:48:28+00:00\" \/>\n<meta property=\"og:image\" content=\"https:\/\/www.ernest-turc.com\/boutique\/wp-content\/uploads\/2021\/01\/dahlia-nain-simple-p-tit-coquin-bio.jpg\" \/>\n\t<meta property=\"og:image:width\" content=\"800\" \/>\n\t<meta property=\"og:image:height\" content=\"800\" \/>\n\t<meta property=\"og:image:type\" content=\"image\/jpeg\" \/>\n<meta name=\"twitter:card\" content=\"summary_large_image\" \/>\n<meta name=\"twitter:title\" content=\"Dahlia Nain Simple P&#039;tit Coquin Bio : Fleurs P\u00e9tales Pourpres\" \/>\n<meta name=\"twitter:description\" content=\"Profitez de fleurs pourpres stri\u00e9es de cr\u00e8me avec le Dahlia nain Simple P&#039;tit Coquin Bio. \ud83e\udd8b 70cm qui s&#039;adapte aussi \u00e0 la culture en pot !\" \/>\n<meta name=\"twitter:label1\" content=\"Disponibilit\u00e9\" \/>\n\t<meta name=\"twitter:data1\" content=\"Rupture de stock\" \/>\n<script type=\"application\/ld+json\" class=\"yoast-schema-graph\">{\"@context\":\"https:\\\/\\\/schema.org\",\"@graph\":[{\"@type\":\"WebPage\",\"@id\":\"https:\\\/\\\/www.ernest-turc.com\\\/boutique\\\/produits\\\/bulbes\\\/fleurs\\\/dahlia\\\/fleurs-simples\\\/dahlia-nain-simple-ptit-coquin-bio\\\/\",\"url\":\"https:\\\/\\\/www.ernest-turc.com\\\/boutique\\\/produits\\\/bulbes\\\/fleurs\\\/dahlia\\\/fleurs-simples\\\/dahlia-nain-simple-ptit-coquin-bio\\\/\",\"name\":\"Dahlia Nain Simple P'tit Coquin Bio - Ernest TURC\",\"isPartOf\":{\"@id\":\"https:\\\/\\\/www.ernest-turc.com\\\/boutique\\\/#website\"},\"primaryImageOfPage\":{\"@id\":\"https:\\\/\\\/www.ernest-turc.com\\\/boutique\\\/produits\\\/bulbes\\\/fleurs\\\/dahlia\\\/fleurs-simples\\\/dahlia-nain-simple-ptit-coquin-bio\\\/#primaryimage\"},\"image\":{\"@id\":\"https:\\\/\\\/www.ernest-turc.com\\\/boutique\\\/produits\\\/bulbes\\\/fleurs\\\/dahlia\\\/fleurs-simples\\\/dahlia-nain-simple-ptit-coquin-bio\\\/#primaryimage\"},\"thumbnailUrl\":\"https:\\\/\\\/www.ernest-turc.com\\\/boutique\\\/wp-content\\\/uploads\\\/2021\\\/01\\\/dahlia-nain-simple-p-tit-coquin-bio.jpg\",\"datePublished\":\"2021-03-18T11:01:17+00:00\",\"dateModified\":\"2026-05-12T08:48:28+00:00\",\"description\":\"Sublimez vos jardins et massifs gr\u00e2ce au Dahlia nain Simple P'tit Coquin Bio. Avec ses 70 cm d'\u00e9l\u00e9gance, craquez pour cette beaut\u00e9 !\",\"breadcrumb\":{\"@id\":\"https:\\\/\\\/www.ernest-turc.com\\\/boutique\\\/produits\\\/bulbes\\\/fleurs\\\/dahlia\\\/fleurs-simples\\\/dahlia-nain-simple-ptit-coquin-bio\\\/#breadcrumb\"},\"inLanguage\":\"fr-FR\",\"potentialAction\":[{\"@type\":\"ReadAction\",\"target\":[\"https:\\\/\\\/www.ernest-turc.com\\\/boutique\\\/produits\\\/bulbes\\\/fleurs\\\/dahlia\\\/fleurs-simples\\\/dahlia-nain-simple-ptit-coquin-bio\\\/\"]}]},{\"@type\":\"ImageObject\",\"inLanguage\":\"fr-FR\",\"@id\":\"https:\\\/\\\/www.ernest-turc.com\\\/boutique\\\/produits\\\/bulbes\\\/fleurs\\\/dahlia\\\/fleurs-simples\\\/dahlia-nain-simple-ptit-coquin-bio\\\/#primaryimage\",\"url\":\"https:\\\/\\\/www.ernest-turc.com\\\/boutique\\\/wp-content\\\/uploads\\\/2021\\\/01\\\/dahlia-nain-simple-p-tit-coquin-bio.jpg\",\"contentUrl\":\"https:\\\/\\\/www.ernest-turc.com\\\/boutique\\\/wp-content\\\/uploads\\\/2021\\\/01\\\/dahlia-nain-simple-p-tit-coquin-bio.jpg\",\"width\":800,\"height\":800,\"caption\":\"Fleur de Dahlia nain simple P'tit Coquin Bio\"},{\"@type\":\"BreadcrumbList\",\"@id\":\"https:\\\/\\\/www.ernest-turc.com\\\/boutique\\\/produits\\\/bulbes\\\/fleurs\\\/dahlia\\\/fleurs-simples\\\/dahlia-nain-simple-ptit-coquin-bio\\\/#breadcrumb\",\"itemListElement\":[{\"@type\":\"ListItem\",\"position\":1,\"name\":\"Accueil\",\"item\":\"https:\\\/\\\/www.ernest-turc.com\\\/boutique\\\/\"},{\"@type\":\"ListItem\",\"position\":2,\"name\":\"Boutique\",\"item\":\"https:\\\/\\\/www.ernest-turc.fr\\\/boutique\\\/produits\\\/\"},{\"@type\":\"ListItem\",\"position\":3,\"name\":\"Dahlia Nain Simple P&#8217;tit Coquin Bio\"}]},{\"@type\":\"WebSite\",\"@id\":\"https:\\\/\\\/www.ernest-turc.com\\\/boutique\\\/#website\",\"url\":\"https:\\\/\\\/www.ernest-turc.com\\\/boutique\\\/\",\"name\":\"Ernest TURC\",\"description\":\"\",\"publisher\":{\"@id\":\"https:\\\/\\\/www.ernest-turc.com\\\/boutique\\\/#organization\"},\"potentialAction\":[{\"@type\":\"SearchAction\",\"target\":{\"@type\":\"EntryPoint\",\"urlTemplate\":\"https:\\\/\\\/www.ernest-turc.com\\\/boutique\\\/?s={search_term_string}\"},\"query-input\":{\"@type\":\"PropertyValueSpecification\",\"valueRequired\":true,\"valueName\":\"search_term_string\"}}],\"inLanguage\":\"fr-FR\"},{\"@type\":\"Organization\",\"@id\":\"https:\\\/\\\/www.ernest-turc.com\\\/boutique\\\/#organization\",\"name\":\"Boutique Ernest TURC\",\"alternateName\":\"Ernest TURC\",\"url\":\"https:\\\/\\\/www.ernest-turc.com\\\/boutique\\\/\",\"logo\":{\"@type\":\"ImageObject\",\"inLanguage\":\"fr-FR\",\"@id\":\"https:\\\/\\\/www.ernest-turc.com\\\/boutique\\\/#\\\/schema\\\/logo\\\/image\\\/\",\"url\":\"https:\\\/\\\/www.ernest-turc.com\\\/boutique\\\/wp-content\\\/uploads\\\/2020\\\/10\\\/logo.png\",\"contentUrl\":\"https:\\\/\\\/www.ernest-turc.com\\\/boutique\\\/wp-content\\\/uploads\\\/2020\\\/10\\\/logo.png\",\"width\":161,\"height\":161,\"caption\":\"Boutique Ernest TURC\"},\"image\":{\"@id\":\"https:\\\/\\\/www.ernest-turc.com\\\/boutique\\\/#\\\/schema\\\/logo\\\/image\\\/\"},\"sameAs\":[\"https:\\\/\\\/www.facebook.com\\\/ErnestTURC49\",\"https:\\\/\\\/www.instagram.com\\\/ernestturc\",\"https:\\\/\\\/www.linkedin.com\\\/company\\\/ernest-turc\\\/\",\"https:\\\/\\\/www.pinterest.fr\\\/ernestturc\",\"https:\\\/\\\/www.youtube.com\\\/channel\\\/UCH3ntWhy3mdcqw9-xF6pmEQ\"]}]}<\/script>\n<meta property=\"og:availability\" content=\"out of stock\" \/>\n<meta property=\"product:availability\" content=\"out of stock\" \/>\n<meta property=\"product:retailer_item_id\" content=\"956192\" \/>\n<meta property=\"product:condition\" content=\"new\" \/>\n<!-- \/ Yoast SEO Premium plugin. -->","yoast_head_json":{"title":"Dahlia Nain Simple P'tit Coquin Bio - Ernest TURC","description":"Sublimez vos jardins et massifs gr\u00e2ce au Dahlia nain Simple P'tit Coquin Bio. Avec ses 70 cm d'\u00e9l\u00e9gance, craquez pour cette beaut\u00e9 !","robots":{"index":"index","follow":"follow","max-snippet":"max-snippet:-1","max-image-preview":"max-image-preview:large","max-video-preview":"max-video-preview:-1"},"canonical":"https:\/\/www.ernest-turc.com\/boutique\/produits\/bulbes\/fleurs\/dahlia\/fleurs-simples\/dahlia-nain-simple-ptit-coquin-bio\/","og_locale":"fr_FR","og_type":"article","og_title":"P'tit Coquin Bio: Dahlia Nain Simple Impressionnant, 10 cm Fleurs, 70 cm Hauteur!, Robuste, Facile \u00e0 Cultiver","og_description":"70 cm de d\u00e9licatesse \u2b50\ufe0f Avec le Dahlia nain Simple P'tit Coquin Bio, offrez de la douceur et de l'\u00e9l\u00e9gance \u00e0 vos massifs.","og_url":"https:\/\/www.ernest-turc.com\/boutique\/produits\/bulbes\/fleurs\/dahlia\/fleurs-simples\/dahlia-nain-simple-ptit-coquin-bio\/","og_site_name":"Ernest TURC","article_publisher":"https:\/\/www.facebook.com\/ErnestTURC49","article_modified_time":"2026-05-12T08:48:28+00:00","og_image":[{"width":800,"height":800,"url":"https:\/\/www.ernest-turc.com\/boutique\/wp-content\/uploads\/2021\/01\/dahlia-nain-simple-p-tit-coquin-bio.jpg","type":"image\/jpeg"}],"twitter_card":"summary_large_image","twitter_title":"Dahlia Nain Simple P'tit Coquin Bio : Fleurs P\u00e9tales Pourpres","twitter_description":"Profitez de fleurs pourpres stri\u00e9es de cr\u00e8me avec le Dahlia nain Simple P'tit Coquin Bio. \ud83e\udd8b 70cm qui s'adapte aussi \u00e0 la culture en pot !","twitter_misc":{"Disponibilit\u00e9":"Rupture de stock"},"schema":{"@context":"https:\/\/schema.org","@graph":[{"@type":"WebPage","@id":"https:\/\/www.ernest-turc.com\/boutique\/produits\/bulbes\/fleurs\/dahlia\/fleurs-simples\/dahlia-nain-simple-ptit-coquin-bio\/","url":"https:\/\/www.ernest-turc.com\/boutique\/produits\/bulbes\/fleurs\/dahlia\/fleurs-simples\/dahlia-nain-simple-ptit-coquin-bio\/","name":"Dahlia Nain Simple P'tit Coquin Bio - Ernest TURC","isPartOf":{"@id":"https:\/\/www.ernest-turc.com\/boutique\/#website"},"primaryImageOfPage":{"@id":"https:\/\/www.ernest-turc.com\/boutique\/produits\/bulbes\/fleurs\/dahlia\/fleurs-simples\/dahlia-nain-simple-ptit-coquin-bio\/#primaryimage"},"image":{"@id":"https:\/\/www.ernest-turc.com\/boutique\/produits\/bulbes\/fleurs\/dahlia\/fleurs-simples\/dahlia-nain-simple-ptit-coquin-bio\/#primaryimage"},"thumbnailUrl":"https:\/\/www.ernest-turc.com\/boutique\/wp-content\/uploads\/2021\/01\/dahlia-nain-simple-p-tit-coquin-bio.jpg","datePublished":"2021-03-18T11:01:17+00:00","dateModified":"2026-05-12T08:48:28+00:00","description":"Sublimez vos jardins et massifs gr\u00e2ce au Dahlia nain Simple P'tit Coquin Bio. Avec ses 70 cm d'\u00e9l\u00e9gance, craquez pour cette beaut\u00e9 !","breadcrumb":{"@id":"https:\/\/www.ernest-turc.com\/boutique\/produits\/bulbes\/fleurs\/dahlia\/fleurs-simples\/dahlia-nain-simple-ptit-coquin-bio\/#breadcrumb"},"inLanguage":"fr-FR","potentialAction":[{"@type":"ReadAction","target":["https:\/\/www.ernest-turc.com\/boutique\/produits\/bulbes\/fleurs\/dahlia\/fleurs-simples\/dahlia-nain-simple-ptit-coquin-bio\/"]}]},{"@type":"ImageObject","inLanguage":"fr-FR","@id":"https:\/\/www.ernest-turc.com\/boutique\/produits\/bulbes\/fleurs\/dahlia\/fleurs-simples\/dahlia-nain-simple-ptit-coquin-bio\/#primaryimage","url":"https:\/\/www.ernest-turc.com\/boutique\/wp-content\/uploads\/2021\/01\/dahlia-nain-simple-p-tit-coquin-bio.jpg","contentUrl":"https:\/\/www.ernest-turc.com\/boutique\/wp-content\/uploads\/2021\/01\/dahlia-nain-simple-p-tit-coquin-bio.jpg","width":800,"height":800,"caption":"Fleur de Dahlia nain simple P'tit Coquin Bio"},{"@type":"BreadcrumbList","@id":"https:\/\/www.ernest-turc.com\/boutique\/produits\/bulbes\/fleurs\/dahlia\/fleurs-simples\/dahlia-nain-simple-ptit-coquin-bio\/#breadcrumb","itemListElement":[{"@type":"ListItem","position":1,"name":"Accueil","item":"https:\/\/www.ernest-turc.com\/boutique\/"},{"@type":"ListItem","position":2,"name":"Boutique","item":"https:\/\/www.ernest-turc.fr\/boutique\/produits\/"},{"@type":"ListItem","position":3,"name":"Dahlia Nain Simple P&#8217;tit Coquin Bio"}]},{"@type":"WebSite","@id":"https:\/\/www.ernest-turc.com\/boutique\/#website","url":"https:\/\/www.ernest-turc.com\/boutique\/","name":"Ernest TURC","description":"","publisher":{"@id":"https:\/\/www.ernest-turc.com\/boutique\/#organization"},"potentialAction":[{"@type":"SearchAction","target":{"@type":"EntryPoint","urlTemplate":"https:\/\/www.ernest-turc.com\/boutique\/?s={search_term_string}"},"query-input":{"@type":"PropertyValueSpecification","valueRequired":true,"valueName":"search_term_string"}}],"inLanguage":"fr-FR"},{"@type":"Organization","@id":"https:\/\/www.ernest-turc.com\/boutique\/#organization","name":"Boutique Ernest TURC","alternateName":"Ernest TURC","url":"https:\/\/www.ernest-turc.com\/boutique\/","logo":{"@type":"ImageObject","inLanguage":"fr-FR","@id":"https:\/\/www.ernest-turc.com\/boutique\/#\/schema\/logo\/image\/","url":"https:\/\/www.ernest-turc.com\/boutique\/wp-content\/uploads\/2020\/10\/logo.png","contentUrl":"https:\/\/www.ernest-turc.com\/boutique\/wp-content\/uploads\/2020\/10\/logo.png","width":161,"height":161,"caption":"Boutique Ernest TURC"},"image":{"@id":"https:\/\/www.ernest-turc.com\/boutique\/#\/schema\/logo\/image\/"},"sameAs":["https:\/\/www.facebook.com\/ErnestTURC49","https:\/\/www.instagram.com\/ernestturc","https:\/\/www.linkedin.com\/company\/ernest-turc\/","https:\/\/www.pinterest.fr\/ernestturc","https:\/\/www.youtube.com\/channel\/UCH3ntWhy3mdcqw9-xF6pmEQ"]}]},"og_availability":"out of stock","product_availability":"out of stock","product_retailer_item_id":"956192","product_condition":"new"},"_links":{"self":[{"href":"https:\/\/www.ernest-turc.com\/boutique\/wp-json\/wp\/v2\/product\/8787","targetHints":{"allow":["GET"]}}],"collection":[{"href":"https:\/\/www.ernest-turc.com\/boutique\/wp-json\/wp\/v2\/product"}],"about":[{"href":"https:\/\/www.ernest-turc.com\/boutique\/wp-json\/wp\/v2\/types\/product"}],"wp:featuredmedia":[{"embeddable":true,"href":"https:\/\/www.ernest-turc.com\/boutique\/wp-json\/wp\/v2\/media\/8789"}],"wp:attachment":[{"href":"https:\/\/www.ernest-turc.com\/boutique\/wp-json\/wp\/v2\/media?parent=8787"}],"wp:term":[{"taxonomy":"product_brand","embeddable":true,"href":"https:\/\/www.ernest-turc.com\/boutique\/wp-json\/wp\/v2\/product_brand?post=8787"},{"taxonomy":"product_cat","embeddable":true,"href":"https:\/\/www.ernest-turc.com\/boutique\/wp-json\/wp\/v2\/product_cat?post=8787"},{"taxonomy":"product_tag","embeddable":true,"href":"https:\/\/www.ernest-turc.com\/boutique\/wp-json\/wp\/v2\/product_tag?post=8787"}],"curies":[{"name":"wp","href":"https:\/\/api.w.org\/{rel}","templated":true}]}}