{"id":8781,"date":"2021-03-18T11:01:17","date_gmt":"2021-03-18T11:01:17","guid":{"rendered":"https:\/\/www.ernest-turc.com\/boutique\/boutique\/dahlia-nain-simple-ptit-coquin\/"},"modified":"2026-05-12T08:46:57","modified_gmt":"2026-05-12T08:46:57","slug":"dahlia-nain-simple-ptit-coquin","status":"publish","type":"product","link":"https:\/\/www.ernest-turc.com\/boutique\/produits\/bulbes\/fleurs\/dahlia\/fleurs-simples\/dahlia-nain-simple-ptit-coquin\/","title":{"rendered":"Dahlia Nain Simple P&#8217;tit coquin"},"content":{"rendered":"<div class=\"flex flex-grow flex-col max-w-full\">\n<div class=\"min-h-[20px] text-message flex flex-col items-start gap-3 whitespace-pre-wrap break-words [.text-message+&amp;]:mt-5 overflow-x-auto\" data-message-author-role=\"assistant\" data-message-id=\"960c984e-bbe5-4d1e-9d33-658b2c6e2bfc\">\n<div class=\"markdown prose w-full break-words dark:prose-invert dark\">\n<h1>Le Dahlia nain Simple P&#8217;tit Coquin<\/h1>\n<h2>un bijou floral pour sublimer votre jardin<\/h2>\n<p>Le Dahlia nain Simple P&#8217;tit Coquin d\u00e9ploie une profusion de fleurs d&#8217;environ 10 cm de diam\u00e8tre, arborant des p\u00e9tales pourpres d\u00e9licatement stri\u00e9s de cr\u00e8me. Du haut de ses 70 cm, cette cr\u00e9ation sign\u00e9e Ernest Turc en 1988 apporte une touche de douceur et de fra\u00eecheur \u00e0 vos massifs et bordures. Gr\u00e2ce \u00e0 sa hauteur imposante et son port solide, il s&#8217;adapte \u00e9galement parfaitement \u00e0 la culture en pot.<\/p>\n<p>Vous pouvez \u00eatre certain que le Dahlia P&#8217;tit Coquin ne passera pas inaper\u00e7u ! Avec son c\u0153ur apparent gorg\u00e9 de pollen, cette vari\u00e9t\u00e9 offre \u00e9galement l&#8217;avantage d&#8217;\u00eatre mellif\u00e8re, attirant ainsi nos amis les insectes butineurs du jardin. Un v\u00e9ritable atout pour pr\u00e9server la biodiversit\u00e9 !<\/p>\n<p>Originaire d&#8217;Am\u00e9rique centrale et principalement du Mexique, le dahlia a une histoire captivante. Jadis utilis\u00e9 par les Azt\u00e8ques comme plante comestible, il a \u00e9t\u00e9 import\u00e9 en Europe au 18\u00e8me si\u00e8cle dans l&#8217;espoir de remplacer la pomme de terre, en vain. Ses qualit\u00e9s d\u00e9coratives et ornementales ont rapidement surpass\u00e9 ses propri\u00e9t\u00e9s nutritives, surtout apr\u00e8s l&#8217;hybridation des premi\u00e8res fleurs doubles de type cactus. Aujourd&#8217;hui, avec plus de quarante mille vari\u00e9t\u00e9s hybrides, le dahlia enchante les amateurs passionn\u00e9s, les collectionneurs et les jardiniers. Le genre dahlia offre une diversit\u00e9 fantastique de formes, de hauteurs et de coloris. Il ne lui manque que le parfum&#8230; et qui sait, peut-\u00eatre m\u00eame le pigment bleu pour parfaire sa palette de couleurs captivante !<\/p>\n<p><a href=\"https:\/\/www.ernest-turc.com\/boutique\/?s=creation+ernest+turc&amp;post_type=product&amp;dgwt_wcas=1\">D\u00e9couvrez sans plus attendre notre s\u00e9lection exclusive<\/a> pour embellir votre jardin avec le Dahlia P&#8217;tit Coquin. Ajoutez une touche de sophistication \u00e0 votre espace ext\u00e9rieur et plongez dans l&#8217;univers enchanteur du dahlia !<\/p>\n<\/div>\n<\/div>\n<\/div>\n","protected":false},"excerpt":{"rendered":"<p style=\"text-align: justify;\">Le <strong>Dahlia nain Simple P&#8217;tit Coquin<\/strong> produit une multitude de fleurs de 10 cm de diam\u00e8tre environ, aux p\u00e9tales pourpres, stri\u00e9s de cr\u00e8me. Du haut de ses 70 cm, cette cr\u00e9ation Ernest Turc qui a vu le jour en 1988, apportera douceur et fra\u00eecheur \u00e0 vos massifs et bordures, et s&#8217;adaptera \u00e9galement tr\u00e8s facilement \u00e0 la culture en pot, gr\u00e2ce \u00e0 sa hauteur et \u00e0 son port solide. Une chose est s\u00fbre, il ne passera pas inaper\u00e7u ! Avec son coeur apparent charg\u00e9 en pollen, ce dahlia a \u00e9galement la particularit\u00e9 d&#8217;\u00eatre mellif\u00e8re et d&#8217;attirer nos amis les insectes butineurs du jardin. Un vrai atout biodiversit\u00e9 !<\/p>\n","protected":false},"featured_media":8783,"template":"","meta":{"_relevanssi_hide_post":"","_relevanssi_hide_content":"","_relevanssi_pin_for_all":"","_relevanssi_pin_keywords":"","_relevanssi_unpin_keywords":"","_relevanssi_related_keywords":"","_relevanssi_related_include_ids":"","_relevanssi_related_exclude_ids":"","_relevanssi_related_no_append":"","_relevanssi_related_not_related":"","_relevanssi_related_posts":"","_relevanssi_noindex_reason":""},"product_brand":[],"product_cat":[1609,179,180,212,737,2228,1607,1608,1256,1796,1592,1591,183,1861,182],"product_tag":[1396,1397,847,858,1398,1399,1358,1400,1401],"class_list":{"0":"post-8781","1":"product","2":"type-product","3":"status-publish","4":"has-post-thumbnail","6":"product_cat-bouquets","7":"product_cat-bulbes","8":"product_cat-fleurs","9":"product_cat-theme","10":"product_cat-dahlia","11":"product_cat-fleurs-roses","12":"product_cat-fleurs-simples","13":"product_cat-label-fleurs-de-france","14":"product_cat-nains","15":"product_cat-nos-dahlias-stars","16":"product_cat-plante-melliferes","17":"product_cat-plante-pot","18":"product_cat-ete","19":"product_cat-saintvalentin","20":"product_cat-saison","21":"product_tag-bulbe-longue-floraison","22":"product_tag-bulbes-a-floraison-estivale","23":"product_tag-bulbes-ete","24":"product_tag-dahlia-bicolore","25":"product_tag-dahlia-fleur-simple","26":"product_tag-dahlia-simple-label-rouge","27":"product_tag-fleur-mellifere","28":"product_tag-fleur-simple-ete","29":"product_tag-fleurs-longues-floraison","30":"pa_calibre-i","31":"pa_conditionnement-734","32":"pa_conditionnement-1443","33":"pa_couleur-violet","34":"pa_couleur-de-feuillage-vert","35":"pa_disponibilite-de-fevrier-a-juin","36":"pa_exposition-ensoleillee","37":"pa_hauteur-de-la-plante-70-cm","38":"pa_logo-fleurs-de-france-oui","39":"pa_melliferes-oui","40":"pa_periode-de-recolte-floraison-aout","41":"pa_periode-de-recolte-floraison-juillet","42":"pa_periode-de-recolte-floraison-novembre","43":"pa_periode-de-recolte-floraison-octobre","44":"pa_periode-de-recolte-floraison-septembre","45":"pa_periode-de-semis-plantation-avril","46":"pa_periode-de-semis-plantation-mai","47":"pa_periode-de-semis-plantation-mars","48":"pa_rusticite-craint-le-gel","49":"pa_utilisation-bordure","50":"pa_utilisation-bordurefleur-coupeemassifpot","51":"pa_utilisation-fleur-coupee","52":"pa_utilisation-massif","53":"pa_utilisation-pot","55":"first","56":"outofstock","57":"taxable","58":"shipping-taxable","59":"purchasable","60":"product-type-variable","61":"has-default-attributes"},"bundled_by":["27208"],"bundle_stock_status":"outofstock","bundle_stock_quantity":0,"bundle_virtual":false,"bundle_layout":"","bundle_add_to_cart_form_location":"","bundle_editable_in_cart":false,"bundle_sold_individually_context":"","bundle_item_grouping":"","bundle_min_size":"","bundle_max_size":"","bundled_items":[],"bundle_sell_ids":[],"yoast_head":"<!-- This site is optimized with the Yoast SEO Premium plugin v25.2 (Yoast SEO v27.5) - https:\/\/yoast.com\/product\/yoast-seo-premium-wordpress\/ -->\n<title>Dahlia Nain Simple P&#039;tit coquin - Ernest TURC<\/title>\n<meta name=\"description\" content=\"Plongez dans un monde de pourpre et de cr\u00e8me avec le Dahlia Nain Simple P&#039;tit Coquin ! Plus d&#039;infos sur cette vari\u00e9t\u00e9 ici !\" \/>\n<meta name=\"robots\" content=\"index, follow, max-snippet:-1, max-image-preview:large, max-video-preview:-1\" \/>\n<link rel=\"canonical\" href=\"https:\/\/www.ernest-turc.com\/boutique\/produits\/bulbes\/fleurs\/dahlia\/fleurs-simples\/dahlia-nain-simple-ptit-coquin\/\" \/>\n<meta property=\"og:locale\" content=\"fr_FR\" \/>\n<meta property=\"og:type\" content=\"article\" \/>\n<meta property=\"og:title\" content=\"Dahlia Nain Simple P&#039;tit Coquin - 70 cm de Douceur et Fra\u00eecheur\" \/>\n<meta property=\"og:description\" content=\"Vous recherchez le \ud83c\udf38Dahlia Nain Simple P&#039;tit Coquin\ud83c\udf38 ? Craquez pour ses fleurs pourpres stri\u00e9es de cr\u00e8me et offrez-lui un pot !\" \/>\n<meta property=\"og:url\" content=\"https:\/\/www.ernest-turc.com\/boutique\/produits\/bulbes\/fleurs\/dahlia\/fleurs-simples\/dahlia-nain-simple-ptit-coquin\/\" \/>\n<meta property=\"og:site_name\" content=\"Ernest TURC\" \/>\n<meta property=\"article:publisher\" content=\"https:\/\/www.facebook.com\/ErnestTURC49\" \/>\n<meta property=\"article:modified_time\" content=\"2026-05-12T08:46:57+00:00\" \/>\n<meta property=\"og:image\" content=\"https:\/\/www.ernest-turc.com\/boutique\/wp-content\/uploads\/2021\/01\/dahlia-nain-simple-p-tit-coquin.jpg\" \/>\n\t<meta property=\"og:image:width\" content=\"800\" \/>\n\t<meta property=\"og:image:height\" content=\"800\" \/>\n\t<meta property=\"og:image:type\" content=\"image\/jpeg\" \/>\n<meta name=\"twitter:card\" content=\"summary_large_image\" \/>\n<meta name=\"twitter:title\" content=\"Dahlia Nain Simple P&#039;tit Coquin - Profusion de Fleurs &amp; Douceur \u00e0 votre Jardin\" \/>\n<meta name=\"twitter:description\" content=\"Offrez l&#039;atmosph\u00e8re unique d&#039;un Dahlia nain Simple P&#039;tit Coquin \u00e0 vos massifs et bordures\u2728 Petites fleurs d&#039;environ 10 cm, port solide &amp; hauteur imposante: une cr\u00e9ation Ernest Turc en 1988\ud83d\udc90\" \/>\n<meta name=\"twitter:label1\" content=\"Disponibilit\u00e9\" \/>\n\t<meta name=\"twitter:data1\" content=\"Rupture de stock\" \/>\n<script type=\"application\/ld+json\" class=\"yoast-schema-graph\">{\"@context\":\"https:\\\/\\\/schema.org\",\"@graph\":[{\"@type\":\"WebPage\",\"@id\":\"https:\\\/\\\/www.ernest-turc.com\\\/boutique\\\/produits\\\/bulbes\\\/fleurs\\\/dahlia\\\/fleurs-simples\\\/dahlia-nain-simple-ptit-coquin\\\/\",\"url\":\"https:\\\/\\\/www.ernest-turc.com\\\/boutique\\\/produits\\\/bulbes\\\/fleurs\\\/dahlia\\\/fleurs-simples\\\/dahlia-nain-simple-ptit-coquin\\\/\",\"name\":\"Dahlia Nain Simple P'tit coquin - Ernest TURC\",\"isPartOf\":{\"@id\":\"https:\\\/\\\/www.ernest-turc.com\\\/boutique\\\/#website\"},\"primaryImageOfPage\":{\"@id\":\"https:\\\/\\\/www.ernest-turc.com\\\/boutique\\\/produits\\\/bulbes\\\/fleurs\\\/dahlia\\\/fleurs-simples\\\/dahlia-nain-simple-ptit-coquin\\\/#primaryimage\"},\"image\":{\"@id\":\"https:\\\/\\\/www.ernest-turc.com\\\/boutique\\\/produits\\\/bulbes\\\/fleurs\\\/dahlia\\\/fleurs-simples\\\/dahlia-nain-simple-ptit-coquin\\\/#primaryimage\"},\"thumbnailUrl\":\"https:\\\/\\\/www.ernest-turc.com\\\/boutique\\\/wp-content\\\/uploads\\\/2021\\\/01\\\/dahlia-nain-simple-p-tit-coquin.jpg\",\"datePublished\":\"2021-03-18T11:01:17+00:00\",\"dateModified\":\"2026-05-12T08:46:57+00:00\",\"description\":\"Plongez dans un monde de pourpre et de cr\u00e8me avec le Dahlia Nain Simple P'tit Coquin ! Plus d'infos sur cette vari\u00e9t\u00e9 ici !\",\"breadcrumb\":{\"@id\":\"https:\\\/\\\/www.ernest-turc.com\\\/boutique\\\/produits\\\/bulbes\\\/fleurs\\\/dahlia\\\/fleurs-simples\\\/dahlia-nain-simple-ptit-coquin\\\/#breadcrumb\"},\"inLanguage\":\"fr-FR\",\"potentialAction\":[{\"@type\":\"ReadAction\",\"target\":[\"https:\\\/\\\/www.ernest-turc.com\\\/boutique\\\/produits\\\/bulbes\\\/fleurs\\\/dahlia\\\/fleurs-simples\\\/dahlia-nain-simple-ptit-coquin\\\/\"]}]},{\"@type\":\"ImageObject\",\"inLanguage\":\"fr-FR\",\"@id\":\"https:\\\/\\\/www.ernest-turc.com\\\/boutique\\\/produits\\\/bulbes\\\/fleurs\\\/dahlia\\\/fleurs-simples\\\/dahlia-nain-simple-ptit-coquin\\\/#primaryimage\",\"url\":\"https:\\\/\\\/www.ernest-turc.com\\\/boutique\\\/wp-content\\\/uploads\\\/2021\\\/01\\\/dahlia-nain-simple-p-tit-coquin.jpg\",\"contentUrl\":\"https:\\\/\\\/www.ernest-turc.com\\\/boutique\\\/wp-content\\\/uploads\\\/2021\\\/01\\\/dahlia-nain-simple-p-tit-coquin.jpg\",\"width\":800,\"height\":800,\"caption\":\"Dahlia Nain Simple P'tit coquin\"},{\"@type\":\"BreadcrumbList\",\"@id\":\"https:\\\/\\\/www.ernest-turc.com\\\/boutique\\\/produits\\\/bulbes\\\/fleurs\\\/dahlia\\\/fleurs-simples\\\/dahlia-nain-simple-ptit-coquin\\\/#breadcrumb\",\"itemListElement\":[{\"@type\":\"ListItem\",\"position\":1,\"name\":\"Accueil\",\"item\":\"https:\\\/\\\/www.ernest-turc.com\\\/boutique\\\/\"},{\"@type\":\"ListItem\",\"position\":2,\"name\":\"Boutique\",\"item\":\"https:\\\/\\\/www.ernest-turc.fr\\\/boutique\\\/produits\\\/\"},{\"@type\":\"ListItem\",\"position\":3,\"name\":\"Dahlia Nain Simple P&#8217;tit coquin\"}]},{\"@type\":\"WebSite\",\"@id\":\"https:\\\/\\\/www.ernest-turc.com\\\/boutique\\\/#website\",\"url\":\"https:\\\/\\\/www.ernest-turc.com\\\/boutique\\\/\",\"name\":\"Ernest TURC\",\"description\":\"\",\"publisher\":{\"@id\":\"https:\\\/\\\/www.ernest-turc.com\\\/boutique\\\/#organization\"},\"potentialAction\":[{\"@type\":\"SearchAction\",\"target\":{\"@type\":\"EntryPoint\",\"urlTemplate\":\"https:\\\/\\\/www.ernest-turc.com\\\/boutique\\\/?s={search_term_string}\"},\"query-input\":{\"@type\":\"PropertyValueSpecification\",\"valueRequired\":true,\"valueName\":\"search_term_string\"}}],\"inLanguage\":\"fr-FR\"},{\"@type\":\"Organization\",\"@id\":\"https:\\\/\\\/www.ernest-turc.com\\\/boutique\\\/#organization\",\"name\":\"Boutique Ernest TURC\",\"alternateName\":\"Ernest TURC\",\"url\":\"https:\\\/\\\/www.ernest-turc.com\\\/boutique\\\/\",\"logo\":{\"@type\":\"ImageObject\",\"inLanguage\":\"fr-FR\",\"@id\":\"https:\\\/\\\/www.ernest-turc.com\\\/boutique\\\/#\\\/schema\\\/logo\\\/image\\\/\",\"url\":\"https:\\\/\\\/www.ernest-turc.com\\\/boutique\\\/wp-content\\\/uploads\\\/2020\\\/10\\\/logo.png\",\"contentUrl\":\"https:\\\/\\\/www.ernest-turc.com\\\/boutique\\\/wp-content\\\/uploads\\\/2020\\\/10\\\/logo.png\",\"width\":161,\"height\":161,\"caption\":\"Boutique Ernest TURC\"},\"image\":{\"@id\":\"https:\\\/\\\/www.ernest-turc.com\\\/boutique\\\/#\\\/schema\\\/logo\\\/image\\\/\"},\"sameAs\":[\"https:\\\/\\\/www.facebook.com\\\/ErnestTURC49\",\"https:\\\/\\\/www.instagram.com\\\/ernestturc\",\"https:\\\/\\\/www.linkedin.com\\\/company\\\/ernest-turc\\\/\",\"https:\\\/\\\/www.pinterest.fr\\\/ernestturc\",\"https:\\\/\\\/www.youtube.com\\\/channel\\\/UCH3ntWhy3mdcqw9-xF6pmEQ\"]}]}<\/script>\n<meta property=\"og:availability\" content=\"out of stock\" \/>\n<meta property=\"product:availability\" content=\"out of stock\" \/>\n<meta property=\"product:retailer_item_id\" content=\"954868\" \/>\n<meta property=\"product:condition\" content=\"new\" \/>\n<!-- \/ Yoast SEO Premium plugin. -->","yoast_head_json":{"title":"Dahlia Nain Simple P'tit coquin - Ernest TURC","description":"Plongez dans un monde de pourpre et de cr\u00e8me avec le Dahlia Nain Simple P'tit Coquin ! Plus d'infos sur cette vari\u00e9t\u00e9 ici !","robots":{"index":"index","follow":"follow","max-snippet":"max-snippet:-1","max-image-preview":"max-image-preview:large","max-video-preview":"max-video-preview:-1"},"canonical":"https:\/\/www.ernest-turc.com\/boutique\/produits\/bulbes\/fleurs\/dahlia\/fleurs-simples\/dahlia-nain-simple-ptit-coquin\/","og_locale":"fr_FR","og_type":"article","og_title":"Dahlia Nain Simple P'tit Coquin - 70 cm de Douceur et Fra\u00eecheur","og_description":"Vous recherchez le \ud83c\udf38Dahlia Nain Simple P'tit Coquin\ud83c\udf38 ? Craquez pour ses fleurs pourpres stri\u00e9es de cr\u00e8me et offrez-lui un pot !","og_url":"https:\/\/www.ernest-turc.com\/boutique\/produits\/bulbes\/fleurs\/dahlia\/fleurs-simples\/dahlia-nain-simple-ptit-coquin\/","og_site_name":"Ernest TURC","article_publisher":"https:\/\/www.facebook.com\/ErnestTURC49","article_modified_time":"2026-05-12T08:46:57+00:00","og_image":[{"width":800,"height":800,"url":"https:\/\/www.ernest-turc.com\/boutique\/wp-content\/uploads\/2021\/01\/dahlia-nain-simple-p-tit-coquin.jpg","type":"image\/jpeg"}],"twitter_card":"summary_large_image","twitter_title":"Dahlia Nain Simple P'tit Coquin - Profusion de Fleurs & Douceur \u00e0 votre Jardin","twitter_description":"Offrez l'atmosph\u00e8re unique d'un Dahlia nain Simple P'tit Coquin \u00e0 vos massifs et bordures\u2728 Petites fleurs d'environ 10 cm, port solide & hauteur imposante: une cr\u00e9ation Ernest Turc en 1988\ud83d\udc90","twitter_misc":{"Disponibilit\u00e9":"Rupture de stock"},"schema":{"@context":"https:\/\/schema.org","@graph":[{"@type":"WebPage","@id":"https:\/\/www.ernest-turc.com\/boutique\/produits\/bulbes\/fleurs\/dahlia\/fleurs-simples\/dahlia-nain-simple-ptit-coquin\/","url":"https:\/\/www.ernest-turc.com\/boutique\/produits\/bulbes\/fleurs\/dahlia\/fleurs-simples\/dahlia-nain-simple-ptit-coquin\/","name":"Dahlia Nain Simple P'tit coquin - Ernest TURC","isPartOf":{"@id":"https:\/\/www.ernest-turc.com\/boutique\/#website"},"primaryImageOfPage":{"@id":"https:\/\/www.ernest-turc.com\/boutique\/produits\/bulbes\/fleurs\/dahlia\/fleurs-simples\/dahlia-nain-simple-ptit-coquin\/#primaryimage"},"image":{"@id":"https:\/\/www.ernest-turc.com\/boutique\/produits\/bulbes\/fleurs\/dahlia\/fleurs-simples\/dahlia-nain-simple-ptit-coquin\/#primaryimage"},"thumbnailUrl":"https:\/\/www.ernest-turc.com\/boutique\/wp-content\/uploads\/2021\/01\/dahlia-nain-simple-p-tit-coquin.jpg","datePublished":"2021-03-18T11:01:17+00:00","dateModified":"2026-05-12T08:46:57+00:00","description":"Plongez dans un monde de pourpre et de cr\u00e8me avec le Dahlia Nain Simple P'tit Coquin ! Plus d'infos sur cette vari\u00e9t\u00e9 ici !","breadcrumb":{"@id":"https:\/\/www.ernest-turc.com\/boutique\/produits\/bulbes\/fleurs\/dahlia\/fleurs-simples\/dahlia-nain-simple-ptit-coquin\/#breadcrumb"},"inLanguage":"fr-FR","potentialAction":[{"@type":"ReadAction","target":["https:\/\/www.ernest-turc.com\/boutique\/produits\/bulbes\/fleurs\/dahlia\/fleurs-simples\/dahlia-nain-simple-ptit-coquin\/"]}]},{"@type":"ImageObject","inLanguage":"fr-FR","@id":"https:\/\/www.ernest-turc.com\/boutique\/produits\/bulbes\/fleurs\/dahlia\/fleurs-simples\/dahlia-nain-simple-ptit-coquin\/#primaryimage","url":"https:\/\/www.ernest-turc.com\/boutique\/wp-content\/uploads\/2021\/01\/dahlia-nain-simple-p-tit-coquin.jpg","contentUrl":"https:\/\/www.ernest-turc.com\/boutique\/wp-content\/uploads\/2021\/01\/dahlia-nain-simple-p-tit-coquin.jpg","width":800,"height":800,"caption":"Dahlia Nain Simple P'tit coquin"},{"@type":"BreadcrumbList","@id":"https:\/\/www.ernest-turc.com\/boutique\/produits\/bulbes\/fleurs\/dahlia\/fleurs-simples\/dahlia-nain-simple-ptit-coquin\/#breadcrumb","itemListElement":[{"@type":"ListItem","position":1,"name":"Accueil","item":"https:\/\/www.ernest-turc.com\/boutique\/"},{"@type":"ListItem","position":2,"name":"Boutique","item":"https:\/\/www.ernest-turc.fr\/boutique\/produits\/"},{"@type":"ListItem","position":3,"name":"Dahlia Nain Simple P&#8217;tit coquin"}]},{"@type":"WebSite","@id":"https:\/\/www.ernest-turc.com\/boutique\/#website","url":"https:\/\/www.ernest-turc.com\/boutique\/","name":"Ernest TURC","description":"","publisher":{"@id":"https:\/\/www.ernest-turc.com\/boutique\/#organization"},"potentialAction":[{"@type":"SearchAction","target":{"@type":"EntryPoint","urlTemplate":"https:\/\/www.ernest-turc.com\/boutique\/?s={search_term_string}"},"query-input":{"@type":"PropertyValueSpecification","valueRequired":true,"valueName":"search_term_string"}}],"inLanguage":"fr-FR"},{"@type":"Organization","@id":"https:\/\/www.ernest-turc.com\/boutique\/#organization","name":"Boutique Ernest TURC","alternateName":"Ernest TURC","url":"https:\/\/www.ernest-turc.com\/boutique\/","logo":{"@type":"ImageObject","inLanguage":"fr-FR","@id":"https:\/\/www.ernest-turc.com\/boutique\/#\/schema\/logo\/image\/","url":"https:\/\/www.ernest-turc.com\/boutique\/wp-content\/uploads\/2020\/10\/logo.png","contentUrl":"https:\/\/www.ernest-turc.com\/boutique\/wp-content\/uploads\/2020\/10\/logo.png","width":161,"height":161,"caption":"Boutique Ernest TURC"},"image":{"@id":"https:\/\/www.ernest-turc.com\/boutique\/#\/schema\/logo\/image\/"},"sameAs":["https:\/\/www.facebook.com\/ErnestTURC49","https:\/\/www.instagram.com\/ernestturc","https:\/\/www.linkedin.com\/company\/ernest-turc\/","https:\/\/www.pinterest.fr\/ernestturc","https:\/\/www.youtube.com\/channel\/UCH3ntWhy3mdcqw9-xF6pmEQ"]}]},"og_availability":"out of stock","product_availability":"out of stock","product_retailer_item_id":"954868","product_condition":"new"},"_links":{"self":[{"href":"https:\/\/www.ernest-turc.com\/boutique\/wp-json\/wp\/v2\/product\/8781","targetHints":{"allow":["GET"]}}],"collection":[{"href":"https:\/\/www.ernest-turc.com\/boutique\/wp-json\/wp\/v2\/product"}],"about":[{"href":"https:\/\/www.ernest-turc.com\/boutique\/wp-json\/wp\/v2\/types\/product"}],"wp:featuredmedia":[{"embeddable":true,"href":"https:\/\/www.ernest-turc.com\/boutique\/wp-json\/wp\/v2\/media\/8783"}],"wp:attachment":[{"href":"https:\/\/www.ernest-turc.com\/boutique\/wp-json\/wp\/v2\/media?parent=8781"}],"wp:term":[{"taxonomy":"product_brand","embeddable":true,"href":"https:\/\/www.ernest-turc.com\/boutique\/wp-json\/wp\/v2\/product_brand?post=8781"},{"taxonomy":"product_cat","embeddable":true,"href":"https:\/\/www.ernest-turc.com\/boutique\/wp-json\/wp\/v2\/product_cat?post=8781"},{"taxonomy":"product_tag","embeddable":true,"href":"https:\/\/www.ernest-turc.com\/boutique\/wp-json\/wp\/v2\/product_tag?post=8781"}],"curies":[{"name":"wp","href":"https:\/\/api.w.org\/{rel}","templated":true}]}}