{"id":8721,"date":"2021-03-18T10:58:32","date_gmt":"2021-03-18T10:58:32","guid":{"rendered":"https:\/\/www.ernest-turc.com\/boutique\/boutique\/dahlia-nain-simple-heroine-bio\/"},"modified":"2026-05-12T08:40:12","modified_gmt":"2026-05-12T08:40:12","slug":"dahlia-nain-simple-heroine-bio","status":"publish","type":"product","link":"https:\/\/www.ernest-turc.com\/boutique\/produits\/bulbes\/fleurs\/dahlia\/fleurs-simples\/dahlia-nain-simple-heroine-bio\/","title":{"rendered":"Dahlia Nain Simple H\u00e9ro\u00efne Bio"},"content":{"rendered":"<h1>Le Dahlia nain Simple H\u00e9ro\u00efne Bio<\/h1>\n<h2>une explosion de couleurs r\u00e9compens\u00e9e<\/h2>\n<p>Le Dahlia nain Simple H\u00e9ro\u00efne Bio s\u00e9duit par sa floribondit\u00e9 et la g\u00e9n\u00e9reuse taille de ses fleurs, atteignant pr\u00e8s de 10 cm de diam\u00e8tre. Cette cr\u00e9ation sign\u00e9e Ernest Turc apporte une touche de couleur vibrante et de l\u00e9g\u00e8ret\u00e9 tant \u00e0 vos massifs qu&#8217;\u00e0 vos bouquets. Ses fleurs simples sont tout simplement envo\u00fbtantes, avec leur halo framboise qui contraste \u00e0 merveille avec le rose soutenu des extr\u00e9mit\u00e9s des p\u00e9tales. Pr\u00e9sent\u00e9 au concours international du Dahlia de Paris, le Dahlia H\u00e9ro\u00efne a brillamment remport\u00e9 3 prix en 2016, dont le prestigieux prix de la presse. En 2019, il a \u00e9t\u00e9 couronn\u00e9 du titre de &#8220;Queen of the Dahlia&#8221;. Avec ses 70 cm de hauteur, il se pr\u00eate parfaitement \u00e0 l&#8217;agencement dans les massifs et bordures, gr\u00e2ce \u00e0 son feuillage vert fonc\u00e9 et ses tiges pourpres. De taille moyenne, ce dahlia peut \u00e9galement \u00eatre cultiv\u00e9 en grands pots, embellissant ainsi vos balcons et terrasses tout au long des mois estivaux, jusqu&#8217;aux premi\u00e8res gel\u00e9es. Dot\u00e9 d&#8217;un c\u0153ur g\u00e9n\u00e9reusement charg\u00e9 en pollen, il est particuli\u00e8rement attractif pour les insectes butineurs du jardin, constituant ainsi un v\u00e9ritable atout biodiversit\u00e9 !<\/p>\n<p>Originaire d\u2019Am\u00e9rique centrale et principalement du Mexique, le dahlia a une histoire fascinante. Autrefois utilis\u00e9 par les Azt\u00e8ques comme plante comestible, il a \u00e9t\u00e9 import\u00e9 en Europe au 18\u00e8me si\u00e8cle avec l&#8217;intention de remplacer la pomme de terre. Sans succ\u00e8s\u2026 ses qualit\u00e9s d\u00e9coratives et ornementales ont rapidement supplant\u00e9 ses propri\u00e9t\u00e9s nutritives, surtout apr\u00e8s l&#8217;hybridation des premi\u00e8res fleurs doubles de type cactus. Aujourd\u2019hui, avec plus de quarante mille vari\u00e9t\u00e9s hybrides, le dahlia enchante les amateurs passionn\u00e9s, les collectionneurs et les jardiniers. Le genre dahlia offre une diversit\u00e9 fantastique de formes, de hauteurs et de coloris. Il ne lui manque que le parfum\u2026 et peut-\u00eatre le pigment bleu pour compl\u00e9ter la gamme de ses coloris captivante !<\/p>\n<p><a href=\"https:\/\/www.ernest-turc.com\/boutique\/?s=cr%C3%A9ation+ernest+turc&amp;post_type=product&amp;dgwt_wcas=1\"><strong>D\u00e9couvrez d\u00e8s maintenant notre s\u00e9lection exclusive<\/strong><\/a> pour ajouter la splendeur du Dahlia H\u00e9ro\u00efne Bio \u00e0 votre jardin. Plongez dans l&#8217;univers captivant du dahlia et transformez votre espace ext\u00e9rieur en un v\u00e9ritable chef-d&#8217;\u0153uvre florissant !<\/p>\n","protected":false},"excerpt":{"rendered":"<p style=\"text-align: justify;\">Le <strong>Dahlia nain Simple H\u00e9ro\u00efne Bio<\/strong> s\u00e9duit par sa floribondit\u00e9 et la taille de ses fleurs de pr\u00e8s de 10 cm de diam\u00e8tre. Cette cr\u00e9ation Ernest Turc apportera de la couleur et de la l\u00e9g\u00e8ret\u00e9 \u00e0 vos massifs et \u00e0 vos bouquets. Ses fleurs simples sont tout simplement envo\u00fbtantes avec leur halo framboise qui contraste parfaitement avec le rose soutenu des extr\u00e9mit\u00e9s des p\u00e9tales. Pr\u00e9sent\u00e9 au concours international du Dahlia de Paris, le Dahlia H\u00e9ro\u00efne a obtenu 3 prix en 2016, dont le prix de la presse. Il a \u00e9galement obtenu le prix &#8220;Queen of the Dahlia&#8221; en 2019. Du haut de ses 70 cm, il est id\u00e9al en massifs et bordures, gr\u00e2ce \u00e0 son feuillage vert fonc\u00e9 et ses tiges pourpres. De taille moyenne, ce dahlia peut \u00e9galement \u00eatre cultiv\u00e9 en grands pots pour sublimer vos balcons et terrasses durant tous les mois d&#8217;\u00e9t\u00e9, et jusqu&#8217;aux premi\u00e8res gel\u00e9es. Avec son coeur charg\u00e9 en pollen, il est particuli\u00e8rement attractif pour les insectes butineurs du jardin : un vrai atout biodiversit\u00e9 !<\/p>\n","protected":false},"featured_media":8723,"template":"","meta":{"_relevanssi_hide_post":"","_relevanssi_hide_content":"","_relevanssi_pin_for_all":"","_relevanssi_pin_keywords":"","_relevanssi_unpin_keywords":"","_relevanssi_related_keywords":"","_relevanssi_related_include_ids":"","_relevanssi_related_exclude_ids":"","_relevanssi_related_no_append":"","_relevanssi_related_not_related":"","_relevanssi_related_posts":"","_relevanssi_noindex_reason":""},"product_brand":[],"product_cat":[225,1609,179,180,1611,212,737,1612,2228,1607,1608,1256,1592,1591,183,182],"product_tag":[960,893,1359,888,1350,752,757,1360],"class_list":{"0":"post-8721","1":"product","2":"type-product","3":"status-publish","4":"has-post-thumbnail","6":"product_cat-bio","7":"product_cat-bouquets","8":"product_cat-bulbes","9":"product_cat-fleurs","10":"product_cat-bulbes-bio","11":"product_cat-theme","12":"product_cat-dahlia","13":"product_cat-dahlias-bio","14":"product_cat-fleurs-roses","15":"product_cat-fleurs-simples","16":"product_cat-label-fleurs-de-france","17":"product_cat-nains","18":"product_cat-plante-melliferes","19":"product_cat-plante-pot","20":"product_cat-ete","21":"product_cat-saison","22":"product_tag-creation-ernest-turc","23":"product_tag-dahlia-de-qualite","24":"product_tag-dahlia-heroine","25":"product_tag-dahlia-nain","26":"product_tag-dahlia-nain-simple","27":"product_tag-dahlia-original","28":"product_tag-dahlia-qualite","29":"product_tag-heroine","30":"pa_bio-logo-ab-oui","31":"pa_calibre-i","32":"pa_conditionnement-734","33":"pa_conditionnement-1443","34":"pa_couleur-rose","35":"pa_couleur-de-feuillage-vert","36":"pa_disponibilite-de-fevrier-a-juin","37":"pa_exposition-ensoleillee","38":"pa_hauteur-de-la-plante-70-cm","39":"pa_logo-fleurs-de-france-oui","40":"pa_melliferes-oui","41":"pa_periode-de-recolte-floraison-aout","42":"pa_periode-de-recolte-floraison-juillet","43":"pa_periode-de-recolte-floraison-novembre","44":"pa_periode-de-recolte-floraison-octobre","45":"pa_periode-de-recolte-floraison-septembre","46":"pa_periode-de-semis-plantation-avril","47":"pa_periode-de-semis-plantation-mai","48":"pa_periode-de-semis-plantation-mars","49":"pa_rusticite-craint-le-gel","50":"pa_utilisation-bordure","51":"pa_utilisation-fleur-coupee","52":"pa_utilisation-massif","53":"pa_utilisation-pot","55":"first","56":"outofstock","57":"taxable","58":"shipping-taxable","59":"purchasable","60":"product-type-variable","61":"has-default-attributes"},"bundled_by":[],"bundle_stock_status":"outofstock","bundle_stock_quantity":0,"bundle_virtual":false,"bundle_layout":"","bundle_add_to_cart_form_location":"","bundle_editable_in_cart":false,"bundle_sold_individually_context":"","bundle_item_grouping":"","bundle_min_size":"","bundle_max_size":"","bundled_items":[],"bundle_sell_ids":[],"yoast_head":"<!-- This site is optimized with the Yoast SEO Premium plugin v25.2 (Yoast SEO v27.5) - https:\/\/yoast.com\/product\/yoast-seo-premium-wordpress\/ -->\n<title>Dahlia Nain Simple H\u00e9ro\u00efne Bio - Ernest TURC<\/title>\n<meta name=\"description\" content=\"D\u00e9couvrez le Dahlia nain Simple H\u00e9ro\u00efne Bio! \ud83c\udf38 Une cr\u00e9ation Ernest Turc au caract\u00e8re unique: floralibondit\u00e9 et fleurs de 10 cm. Commandez-le!\" \/>\n<meta name=\"robots\" content=\"index, follow, max-snippet:-1, max-image-preview:large, max-video-preview:-1\" \/>\n<link rel=\"canonical\" href=\"https:\/\/www.ernest-turc.com\/boutique\/produits\/bulbes\/fleurs\/dahlia\/fleurs-simples\/dahlia-nain-simple-heroine-bio\/\" \/>\n<meta property=\"og:locale\" content=\"fr_FR\" \/>\n<meta property=\"og:type\" content=\"article\" \/>\n<meta property=\"og:title\" content=\"Dahlia Nain Simple H\u00e9ro\u00efne Bio: Belles Fleurs, Color\u00e9e et L\u00e9g\u00e8re\" \/>\n<meta property=\"og:description\" content=\"Offrez-vous des fleurs avec le Dahlia nain Simple H\u00e9ro\u00efne Bio. \ud83c\udf3a Des fleurs de 10 cm de diam\u00e8tre qui apportent couleur et l\u00e9g\u00e8ret\u00e9 !\" \/>\n<meta property=\"og:url\" content=\"https:\/\/www.ernest-turc.com\/boutique\/produits\/bulbes\/fleurs\/dahlia\/fleurs-simples\/dahlia-nain-simple-heroine-bio\/\" \/>\n<meta property=\"og:site_name\" content=\"Ernest TURC\" \/>\n<meta property=\"article:publisher\" content=\"https:\/\/www.facebook.com\/ErnestTURC49\" \/>\n<meta property=\"article:modified_time\" content=\"2026-05-12T08:40:12+00:00\" \/>\n<meta property=\"og:image\" content=\"https:\/\/www.ernest-turc.com\/boutique\/wp-content\/uploads\/2021\/01\/dahlia-nain-simple-heroine-bio.jpg\" \/>\n\t<meta property=\"og:image:width\" content=\"800\" \/>\n\t<meta property=\"og:image:height\" content=\"800\" \/>\n\t<meta property=\"og:image:type\" content=\"image\/jpeg\" \/>\n<meta name=\"twitter:card\" content=\"summary_large_image\" \/>\n<meta name=\"twitter:title\" content=\"Dahlia Nain Simple H\u00e9ro\u00efne Bio\" \/>\n<meta name=\"twitter:label1\" content=\"Disponibilit\u00e9\" \/>\n\t<meta name=\"twitter:data1\" content=\"Rupture de stock\" \/>\n<script type=\"application\/ld+json\" class=\"yoast-schema-graph\">{\"@context\":\"https:\\\/\\\/schema.org\",\"@graph\":[{\"@type\":\"WebPage\",\"@id\":\"https:\\\/\\\/www.ernest-turc.com\\\/boutique\\\/produits\\\/bulbes\\\/fleurs\\\/dahlia\\\/fleurs-simples\\\/dahlia-nain-simple-heroine-bio\\\/\",\"url\":\"https:\\\/\\\/www.ernest-turc.com\\\/boutique\\\/produits\\\/bulbes\\\/fleurs\\\/dahlia\\\/fleurs-simples\\\/dahlia-nain-simple-heroine-bio\\\/\",\"name\":\"Dahlia Nain Simple H\u00e9ro\u00efne Bio - Ernest TURC\",\"isPartOf\":{\"@id\":\"https:\\\/\\\/www.ernest-turc.com\\\/boutique\\\/#website\"},\"primaryImageOfPage\":{\"@id\":\"https:\\\/\\\/www.ernest-turc.com\\\/boutique\\\/produits\\\/bulbes\\\/fleurs\\\/dahlia\\\/fleurs-simples\\\/dahlia-nain-simple-heroine-bio\\\/#primaryimage\"},\"image\":{\"@id\":\"https:\\\/\\\/www.ernest-turc.com\\\/boutique\\\/produits\\\/bulbes\\\/fleurs\\\/dahlia\\\/fleurs-simples\\\/dahlia-nain-simple-heroine-bio\\\/#primaryimage\"},\"thumbnailUrl\":\"https:\\\/\\\/www.ernest-turc.com\\\/boutique\\\/wp-content\\\/uploads\\\/2021\\\/01\\\/dahlia-nain-simple-heroine-bio.jpg\",\"datePublished\":\"2021-03-18T10:58:32+00:00\",\"dateModified\":\"2026-05-12T08:40:12+00:00\",\"description\":\"D\u00e9couvrez le Dahlia nain Simple H\u00e9ro\u00efne Bio! \ud83c\udf38 Une cr\u00e9ation Ernest Turc au caract\u00e8re unique: floralibondit\u00e9 et fleurs de 10 cm. Commandez-le!\",\"breadcrumb\":{\"@id\":\"https:\\\/\\\/www.ernest-turc.com\\\/boutique\\\/produits\\\/bulbes\\\/fleurs\\\/dahlia\\\/fleurs-simples\\\/dahlia-nain-simple-heroine-bio\\\/#breadcrumb\"},\"inLanguage\":\"fr-FR\",\"potentialAction\":[{\"@type\":\"ReadAction\",\"target\":[\"https:\\\/\\\/www.ernest-turc.com\\\/boutique\\\/produits\\\/bulbes\\\/fleurs\\\/dahlia\\\/fleurs-simples\\\/dahlia-nain-simple-heroine-bio\\\/\"]}]},{\"@type\":\"ImageObject\",\"inLanguage\":\"fr-FR\",\"@id\":\"https:\\\/\\\/www.ernest-turc.com\\\/boutique\\\/produits\\\/bulbes\\\/fleurs\\\/dahlia\\\/fleurs-simples\\\/dahlia-nain-simple-heroine-bio\\\/#primaryimage\",\"url\":\"https:\\\/\\\/www.ernest-turc.com\\\/boutique\\\/wp-content\\\/uploads\\\/2021\\\/01\\\/dahlia-nain-simple-heroine-bio.jpg\",\"contentUrl\":\"https:\\\/\\\/www.ernest-turc.com\\\/boutique\\\/wp-content\\\/uploads\\\/2021\\\/01\\\/dahlia-nain-simple-heroine-bio.jpg\",\"width\":800,\"height\":800,\"caption\":\"Fleur de Dahlia nain simple H\u00e9ro\u00efne Bio\"},{\"@type\":\"BreadcrumbList\",\"@id\":\"https:\\\/\\\/www.ernest-turc.com\\\/boutique\\\/produits\\\/bulbes\\\/fleurs\\\/dahlia\\\/fleurs-simples\\\/dahlia-nain-simple-heroine-bio\\\/#breadcrumb\",\"itemListElement\":[{\"@type\":\"ListItem\",\"position\":1,\"name\":\"Accueil\",\"item\":\"https:\\\/\\\/www.ernest-turc.com\\\/boutique\\\/\"},{\"@type\":\"ListItem\",\"position\":2,\"name\":\"Boutique\",\"item\":\"https:\\\/\\\/www.ernest-turc.fr\\\/boutique\\\/produits\\\/\"},{\"@type\":\"ListItem\",\"position\":3,\"name\":\"Dahlia Nain Simple H\u00e9ro\u00efne Bio\"}]},{\"@type\":\"WebSite\",\"@id\":\"https:\\\/\\\/www.ernest-turc.com\\\/boutique\\\/#website\",\"url\":\"https:\\\/\\\/www.ernest-turc.com\\\/boutique\\\/\",\"name\":\"Ernest TURC\",\"description\":\"\",\"publisher\":{\"@id\":\"https:\\\/\\\/www.ernest-turc.com\\\/boutique\\\/#organization\"},\"potentialAction\":[{\"@type\":\"SearchAction\",\"target\":{\"@type\":\"EntryPoint\",\"urlTemplate\":\"https:\\\/\\\/www.ernest-turc.com\\\/boutique\\\/?s={search_term_string}\"},\"query-input\":{\"@type\":\"PropertyValueSpecification\",\"valueRequired\":true,\"valueName\":\"search_term_string\"}}],\"inLanguage\":\"fr-FR\"},{\"@type\":\"Organization\",\"@id\":\"https:\\\/\\\/www.ernest-turc.com\\\/boutique\\\/#organization\",\"name\":\"Boutique Ernest TURC\",\"alternateName\":\"Ernest TURC\",\"url\":\"https:\\\/\\\/www.ernest-turc.com\\\/boutique\\\/\",\"logo\":{\"@type\":\"ImageObject\",\"inLanguage\":\"fr-FR\",\"@id\":\"https:\\\/\\\/www.ernest-turc.com\\\/boutique\\\/#\\\/schema\\\/logo\\\/image\\\/\",\"url\":\"https:\\\/\\\/www.ernest-turc.com\\\/boutique\\\/wp-content\\\/uploads\\\/2020\\\/10\\\/logo.png\",\"contentUrl\":\"https:\\\/\\\/www.ernest-turc.com\\\/boutique\\\/wp-content\\\/uploads\\\/2020\\\/10\\\/logo.png\",\"width\":161,\"height\":161,\"caption\":\"Boutique Ernest TURC\"},\"image\":{\"@id\":\"https:\\\/\\\/www.ernest-turc.com\\\/boutique\\\/#\\\/schema\\\/logo\\\/image\\\/\"},\"sameAs\":[\"https:\\\/\\\/www.facebook.com\\\/ErnestTURC49\",\"https:\\\/\\\/www.instagram.com\\\/ernestturc\",\"https:\\\/\\\/www.linkedin.com\\\/company\\\/ernest-turc\\\/\",\"https:\\\/\\\/www.pinterest.fr\\\/ernestturc\",\"https:\\\/\\\/www.youtube.com\\\/channel\\\/UCH3ntWhy3mdcqw9-xF6pmEQ\"]}]}<\/script>\n<meta property=\"og:availability\" content=\"out of stock\" \/>\n<meta property=\"product:availability\" content=\"out of stock\" \/>\n<meta property=\"product:retailer_item_id\" content=\"956482\" \/>\n<meta property=\"product:condition\" content=\"new\" \/>\n<!-- \/ Yoast SEO Premium plugin. -->","yoast_head_json":{"title":"Dahlia Nain Simple H\u00e9ro\u00efne Bio - Ernest TURC","description":"D\u00e9couvrez le Dahlia nain Simple H\u00e9ro\u00efne Bio! \ud83c\udf38 Une cr\u00e9ation Ernest Turc au caract\u00e8re unique: floralibondit\u00e9 et fleurs de 10 cm. Commandez-le!","robots":{"index":"index","follow":"follow","max-snippet":"max-snippet:-1","max-image-preview":"max-image-preview:large","max-video-preview":"max-video-preview:-1"},"canonical":"https:\/\/www.ernest-turc.com\/boutique\/produits\/bulbes\/fleurs\/dahlia\/fleurs-simples\/dahlia-nain-simple-heroine-bio\/","og_locale":"fr_FR","og_type":"article","og_title":"Dahlia Nain Simple H\u00e9ro\u00efne Bio: Belles Fleurs, Color\u00e9e et L\u00e9g\u00e8re","og_description":"Offrez-vous des fleurs avec le Dahlia nain Simple H\u00e9ro\u00efne Bio. \ud83c\udf3a Des fleurs de 10 cm de diam\u00e8tre qui apportent couleur et l\u00e9g\u00e8ret\u00e9 !","og_url":"https:\/\/www.ernest-turc.com\/boutique\/produits\/bulbes\/fleurs\/dahlia\/fleurs-simples\/dahlia-nain-simple-heroine-bio\/","og_site_name":"Ernest TURC","article_publisher":"https:\/\/www.facebook.com\/ErnestTURC49","article_modified_time":"2026-05-12T08:40:12+00:00","og_image":[{"width":800,"height":800,"url":"https:\/\/www.ernest-turc.com\/boutique\/wp-content\/uploads\/2021\/01\/dahlia-nain-simple-heroine-bio.jpg","type":"image\/jpeg"}],"twitter_card":"summary_large_image","twitter_title":"Dahlia Nain Simple H\u00e9ro\u00efne Bio","twitter_misc":{"Disponibilit\u00e9":"Rupture de stock"},"schema":{"@context":"https:\/\/schema.org","@graph":[{"@type":"WebPage","@id":"https:\/\/www.ernest-turc.com\/boutique\/produits\/bulbes\/fleurs\/dahlia\/fleurs-simples\/dahlia-nain-simple-heroine-bio\/","url":"https:\/\/www.ernest-turc.com\/boutique\/produits\/bulbes\/fleurs\/dahlia\/fleurs-simples\/dahlia-nain-simple-heroine-bio\/","name":"Dahlia Nain Simple H\u00e9ro\u00efne Bio - Ernest TURC","isPartOf":{"@id":"https:\/\/www.ernest-turc.com\/boutique\/#website"},"primaryImageOfPage":{"@id":"https:\/\/www.ernest-turc.com\/boutique\/produits\/bulbes\/fleurs\/dahlia\/fleurs-simples\/dahlia-nain-simple-heroine-bio\/#primaryimage"},"image":{"@id":"https:\/\/www.ernest-turc.com\/boutique\/produits\/bulbes\/fleurs\/dahlia\/fleurs-simples\/dahlia-nain-simple-heroine-bio\/#primaryimage"},"thumbnailUrl":"https:\/\/www.ernest-turc.com\/boutique\/wp-content\/uploads\/2021\/01\/dahlia-nain-simple-heroine-bio.jpg","datePublished":"2021-03-18T10:58:32+00:00","dateModified":"2026-05-12T08:40:12+00:00","description":"D\u00e9couvrez le Dahlia nain Simple H\u00e9ro\u00efne Bio! \ud83c\udf38 Une cr\u00e9ation Ernest Turc au caract\u00e8re unique: floralibondit\u00e9 et fleurs de 10 cm. Commandez-le!","breadcrumb":{"@id":"https:\/\/www.ernest-turc.com\/boutique\/produits\/bulbes\/fleurs\/dahlia\/fleurs-simples\/dahlia-nain-simple-heroine-bio\/#breadcrumb"},"inLanguage":"fr-FR","potentialAction":[{"@type":"ReadAction","target":["https:\/\/www.ernest-turc.com\/boutique\/produits\/bulbes\/fleurs\/dahlia\/fleurs-simples\/dahlia-nain-simple-heroine-bio\/"]}]},{"@type":"ImageObject","inLanguage":"fr-FR","@id":"https:\/\/www.ernest-turc.com\/boutique\/produits\/bulbes\/fleurs\/dahlia\/fleurs-simples\/dahlia-nain-simple-heroine-bio\/#primaryimage","url":"https:\/\/www.ernest-turc.com\/boutique\/wp-content\/uploads\/2021\/01\/dahlia-nain-simple-heroine-bio.jpg","contentUrl":"https:\/\/www.ernest-turc.com\/boutique\/wp-content\/uploads\/2021\/01\/dahlia-nain-simple-heroine-bio.jpg","width":800,"height":800,"caption":"Fleur de Dahlia nain simple H\u00e9ro\u00efne Bio"},{"@type":"BreadcrumbList","@id":"https:\/\/www.ernest-turc.com\/boutique\/produits\/bulbes\/fleurs\/dahlia\/fleurs-simples\/dahlia-nain-simple-heroine-bio\/#breadcrumb","itemListElement":[{"@type":"ListItem","position":1,"name":"Accueil","item":"https:\/\/www.ernest-turc.com\/boutique\/"},{"@type":"ListItem","position":2,"name":"Boutique","item":"https:\/\/www.ernest-turc.fr\/boutique\/produits\/"},{"@type":"ListItem","position":3,"name":"Dahlia Nain Simple H\u00e9ro\u00efne Bio"}]},{"@type":"WebSite","@id":"https:\/\/www.ernest-turc.com\/boutique\/#website","url":"https:\/\/www.ernest-turc.com\/boutique\/","name":"Ernest TURC","description":"","publisher":{"@id":"https:\/\/www.ernest-turc.com\/boutique\/#organization"},"potentialAction":[{"@type":"SearchAction","target":{"@type":"EntryPoint","urlTemplate":"https:\/\/www.ernest-turc.com\/boutique\/?s={search_term_string}"},"query-input":{"@type":"PropertyValueSpecification","valueRequired":true,"valueName":"search_term_string"}}],"inLanguage":"fr-FR"},{"@type":"Organization","@id":"https:\/\/www.ernest-turc.com\/boutique\/#organization","name":"Boutique Ernest TURC","alternateName":"Ernest TURC","url":"https:\/\/www.ernest-turc.com\/boutique\/","logo":{"@type":"ImageObject","inLanguage":"fr-FR","@id":"https:\/\/www.ernest-turc.com\/boutique\/#\/schema\/logo\/image\/","url":"https:\/\/www.ernest-turc.com\/boutique\/wp-content\/uploads\/2020\/10\/logo.png","contentUrl":"https:\/\/www.ernest-turc.com\/boutique\/wp-content\/uploads\/2020\/10\/logo.png","width":161,"height":161,"caption":"Boutique Ernest TURC"},"image":{"@id":"https:\/\/www.ernest-turc.com\/boutique\/#\/schema\/logo\/image\/"},"sameAs":["https:\/\/www.facebook.com\/ErnestTURC49","https:\/\/www.instagram.com\/ernestturc","https:\/\/www.linkedin.com\/company\/ernest-turc\/","https:\/\/www.pinterest.fr\/ernestturc","https:\/\/www.youtube.com\/channel\/UCH3ntWhy3mdcqw9-xF6pmEQ"]}]},"og_availability":"out of stock","product_availability":"out of stock","product_retailer_item_id":"956482","product_condition":"new"},"_links":{"self":[{"href":"https:\/\/www.ernest-turc.com\/boutique\/wp-json\/wp\/v2\/product\/8721","targetHints":{"allow":["GET"]}}],"collection":[{"href":"https:\/\/www.ernest-turc.com\/boutique\/wp-json\/wp\/v2\/product"}],"about":[{"href":"https:\/\/www.ernest-turc.com\/boutique\/wp-json\/wp\/v2\/types\/product"}],"wp:featuredmedia":[{"embeddable":true,"href":"https:\/\/www.ernest-turc.com\/boutique\/wp-json\/wp\/v2\/media\/8723"}],"wp:attachment":[{"href":"https:\/\/www.ernest-turc.com\/boutique\/wp-json\/wp\/v2\/media?parent=8721"}],"wp:term":[{"taxonomy":"product_brand","embeddable":true,"href":"https:\/\/www.ernest-turc.com\/boutique\/wp-json\/wp\/v2\/product_brand?post=8721"},{"taxonomy":"product_cat","embeddable":true,"href":"https:\/\/www.ernest-turc.com\/boutique\/wp-json\/wp\/v2\/product_cat?post=8721"},{"taxonomy":"product_tag","embeddable":true,"href":"https:\/\/www.ernest-turc.com\/boutique\/wp-json\/wp\/v2\/product_tag?post=8721"}],"curies":[{"name":"wp","href":"https:\/\/api.w.org\/{rel}","templated":true}]}}