{"id":8522,"date":"2021-03-18T10:51:00","date_gmt":"2021-03-18T10:51:00","guid":{"rendered":"https:\/\/www.ernest-turc.com\/boutique\/boutique\/dahlia-nain-double-nogent\/"},"modified":"2026-03-30T08:12:31","modified_gmt":"2026-03-30T08:12:31","slug":"dahlia-nain-double-nogent","status":"publish","type":"product","link":"https:\/\/www.ernest-turc.com\/boutique\/produits\/bulbes\/fleurs\/dahlia\/decoratifs\/dahlia-nain-double-nogent\/","title":{"rendered":"Dahlia D\u00e9coratif Nain Nogent"},"content":{"rendered":"<p class=\"ai-optimize-22 ai-optimize-introduction\" style=\"text-align: justify;\">Le<strong> Dahlia d\u00e9coratif nain Nogent <\/strong> produit de nombreuses fleurs de 12 cm environ, violet \u00e9clatant, port\u00e9es par des tiges sombres qui les mettront parfaitement en valeur. Id\u00e9al pour cr\u00e9er des massifs originaux et color\u00e9s, ce dahlia de 65 cm illuminera votre \u00e9t\u00e9 pendant plusieurs semaines. Associ\u00e9 \u00e0 des vari\u00e9t\u00e9s aux coloris orange ou jaunes, le m\u00e9lange peut \u00eatre particuli\u00e8rement d\u00e9tonnant ! Cette cr\u00e9ation Ernest Turc est tr\u00e8s florif\u00e8re peut aussi \u00eatre plant\u00e9e en grand pot pour agr\u00e9menter vos terrasses et balcons.<\/p>\n<p class=\"ai-optimize-27\" style=\"text-align: justify;\">Originaire d\u2019Am\u00e9rique centrale et principalement du Mexique, le dahlia, utilis\u00e9 autrefois par les Azt\u00e8ques comme plante comestible, est import\u00e9 en Europe au 18\u00e8me si\u00e8cle pour remplacer la pomme de terre. Sans succ\u00e8s\u2026 ses qualit\u00e9s d\u00e9coratives et ornementales ont vite supplant\u00e9 ses propri\u00e9t\u00e9s nutritives, surtout lorsque les premi\u00e8res fleurs doubles de type cactus ont \u00e9t\u00e9 hybrid\u00e9es. Aujourd\u2019hui, ce sont plus de quarante mille vari\u00e9t\u00e9s hybrides qui ont \u00e9t\u00e9 obtenues, pour le plus grand bonheur des amateurs passionn\u00e9s, des collectionneurs, et des jardiniers. Le genre dahlia offre une diversit\u00e9 fantastique de formes, de hauteurs et de coloris. Il ne lui manque que le parfum\u2026 et le pigment bleu pour compl\u00e9ter la gamme de ses coloris !<\/p>\n","protected":false},"excerpt":{"rendered":"<p class=\"ai-optimize-26 ai-optimize-introduction\" style=\"text-align: justify;\">Le<strong> Dahlia d\u00e9coratif nain Nogent <\/strong>produit de nombreuses fleurs de 12 cm environ, violet \u00e9clatant, port\u00e9es par des tiges sombres qui les mettront parfaitement en valeur. Id\u00e9al pour cr\u00e9er des massifs originaux et color\u00e9s, ce dahlia de 65 cm illuminera votre \u00e9t\u00e9 pendant plusieurs semaines. Associ\u00e9 \u00e0 des vari\u00e9t\u00e9s aux coloris orange ou jaunes, le m\u00e9lange peut \u00eatre particuli\u00e8rement d\u00e9tonnant ! Cette cr\u00e9ation Ernest Turc est tr\u00e8s florif\u00e8re peut aussi \u00eatre plant\u00e9e en grand pot pour agr\u00e9menter vos terrasses et balcons.<\/p>\n","protected":false},"featured_media":26333,"template":"","meta":{"_relevanssi_hide_post":"","_relevanssi_hide_content":"","_relevanssi_pin_for_all":"","_relevanssi_pin_keywords":"","_relevanssi_unpin_keywords":"","_relevanssi_related_keywords":"","_relevanssi_related_include_ids":"","_relevanssi_related_exclude_ids":"","_relevanssi_related_no_append":"","_relevanssi_related_not_related":"","_relevanssi_related_posts":"","_relevanssi_noindex_reason":""},"product_brand":[],"product_cat":[1609,179,180,212,737,1111,2229,1608,1256,1796,1591,183,182],"product_tag":[],"class_list":{"0":"post-8522","1":"product","2":"type-product","3":"status-publish","4":"has-post-thumbnail","6":"product_cat-bouquets","7":"product_cat-bulbes","8":"product_cat-fleurs","9":"product_cat-theme","10":"product_cat-dahlia","11":"product_cat-decoratifs","12":"product_cat-fleurs-violettes","13":"product_cat-label-fleurs-de-france","14":"product_cat-nains","15":"product_cat-nos-dahlias-stars","16":"product_cat-plante-pot","17":"product_cat-ete","18":"product_cat-saison","19":"pa_calibre-i","20":"pa_conditionnement-734","21":"pa_conditionnement-1443","22":"pa_couleur-violet","23":"pa_couleur-de-feuillage-vert","24":"pa_disponibilite-de-fevrier-a-juin","25":"pa_exposition-ensoleillee","26":"pa_hauteur-de-la-plante-65-cm","27":"pa_periode-de-recolte-floraison-aout","28":"pa_periode-de-recolte-floraison-juillet","29":"pa_periode-de-recolte-floraison-novembre","30":"pa_periode-de-recolte-floraison-octobre","31":"pa_periode-de-recolte-floraison-septembre","32":"pa_periode-de-semis-plantation-avril","33":"pa_periode-de-semis-plantation-mai","34":"pa_periode-de-semis-plantation-mars","35":"pa_rusticite-craint-le-gel","36":"pa_utilisation-bordure","37":"pa_utilisation-bordurefleur-coupeemassifpot","38":"pa_utilisation-fleur-coupee","39":"pa_utilisation-massif","40":"pa_utilisation-pot","42":"first","43":"outofstock","44":"taxable","45":"shipping-taxable","46":"purchasable","47":"product-type-variable","48":"has-default-attributes"},"bundled_by":[],"bundle_stock_status":"outofstock","bundle_stock_quantity":0,"bundle_virtual":false,"bundle_layout":"","bundle_add_to_cart_form_location":"","bundle_editable_in_cart":false,"bundle_sold_individually_context":"","bundle_item_grouping":"","bundle_min_size":"","bundle_max_size":"","bundled_items":[],"bundle_sell_ids":[],"yoast_head":"<!-- This site is optimized with the Yoast SEO Premium plugin v25.2 (Yoast SEO v27.3) - https:\/\/yoast.com\/product\/yoast-seo-premium-wordpress\/ -->\n<title>Dahlia D\u00e9coratif Nain Nogent - Ernest TURC<\/title>\n<meta name=\"description\" content=\"Dahlia D\u00e9coratif Nain Nogent \u00e0 acheter en ligne avec Ernest Turc, producteur de bulbes et de graines. D\u00e9couvrez nos dahlias pour sublimer vos jardins.\" \/>\n<meta name=\"robots\" content=\"index, follow, max-snippet:-1, max-image-preview:large, max-video-preview:-1\" \/>\n<link rel=\"canonical\" href=\"https:\/\/www.ernest-turc.com\/boutique\/produits\/bulbes\/fleurs\/dahlia\/decoratifs\/dahlia-nain-double-nogent\/\" \/>\n<meta property=\"og:locale\" content=\"fr_FR\" \/>\n<meta property=\"og:type\" content=\"article\" \/>\n<meta property=\"og:title\" content=\"Dahlia D\u00e9coratif Nain Nogent\" \/>\n<meta property=\"og:description\" content=\"Dahlia D\u00e9coratif Nain Nogent \u00e0 acheter en ligne avec Ernest Turc, producteur de bulbes et de graines. D\u00e9couvrez nos dahlias pour sublimer vos jardins.\" \/>\n<meta property=\"og:url\" content=\"https:\/\/www.ernest-turc.com\/boutique\/produits\/bulbes\/fleurs\/dahlia\/decoratifs\/dahlia-nain-double-nogent\/\" \/>\n<meta property=\"og:site_name\" content=\"Ernest TURC\" \/>\n<meta property=\"article:publisher\" content=\"https:\/\/www.facebook.com\/ErnestTURC49\" \/>\n<meta property=\"article:modified_time\" content=\"2026-03-30T08:12:31+00:00\" \/>\n<meta property=\"og:image\" content=\"https:\/\/www.ernest-turc.com\/boutique\/wp-content\/uploads\/2021\/03\/DAHLIA-NAIN-DOUBLE-NOGENT-002-A.jpg\" \/>\n\t<meta property=\"og:image:width\" content=\"800\" \/>\n\t<meta property=\"og:image:height\" content=\"800\" \/>\n\t<meta property=\"og:image:type\" content=\"image\/jpeg\" \/>\n<meta name=\"twitter:card\" content=\"summary_large_image\" \/>\n<meta name=\"twitter:label1\" content=\"Disponibilit\u00e9\" \/>\n\t<meta name=\"twitter:data1\" content=\"Rupture de stock\" \/>\n<script type=\"application\/ld+json\" class=\"yoast-schema-graph\">{\"@context\":\"https:\\\/\\\/schema.org\",\"@graph\":[{\"@type\":\"WebPage\",\"@id\":\"https:\\\/\\\/www.ernest-turc.com\\\/boutique\\\/produits\\\/bulbes\\\/fleurs\\\/dahlia\\\/decoratifs\\\/dahlia-nain-double-nogent\\\/\",\"url\":\"https:\\\/\\\/www.ernest-turc.com\\\/boutique\\\/produits\\\/bulbes\\\/fleurs\\\/dahlia\\\/decoratifs\\\/dahlia-nain-double-nogent\\\/\",\"name\":\"Dahlia D\u00e9coratif Nain Nogent - Ernest TURC\",\"isPartOf\":{\"@id\":\"https:\\\/\\\/www.ernest-turc.com\\\/boutique\\\/#website\"},\"primaryImageOfPage\":{\"@id\":\"https:\\\/\\\/www.ernest-turc.com\\\/boutique\\\/produits\\\/bulbes\\\/fleurs\\\/dahlia\\\/decoratifs\\\/dahlia-nain-double-nogent\\\/#primaryimage\"},\"image\":{\"@id\":\"https:\\\/\\\/www.ernest-turc.com\\\/boutique\\\/produits\\\/bulbes\\\/fleurs\\\/dahlia\\\/decoratifs\\\/dahlia-nain-double-nogent\\\/#primaryimage\"},\"thumbnailUrl\":\"https:\\\/\\\/www.ernest-turc.com\\\/boutique\\\/wp-content\\\/uploads\\\/2021\\\/03\\\/DAHLIA-NAIN-DOUBLE-NOGENT-002-A.jpg\",\"datePublished\":\"2021-03-18T10:51:00+00:00\",\"dateModified\":\"2026-03-30T08:12:31+00:00\",\"description\":\"Dahlia D\u00e9coratif Nain Nogent \u00e0 acheter en ligne avec Ernest Turc, producteur de bulbes et de graines. D\u00e9couvrez nos dahlias pour sublimer vos jardins.\",\"breadcrumb\":{\"@id\":\"https:\\\/\\\/www.ernest-turc.com\\\/boutique\\\/produits\\\/bulbes\\\/fleurs\\\/dahlia\\\/decoratifs\\\/dahlia-nain-double-nogent\\\/#breadcrumb\"},\"inLanguage\":\"fr-FR\",\"potentialAction\":[{\"@type\":\"ReadAction\",\"target\":[\"https:\\\/\\\/www.ernest-turc.com\\\/boutique\\\/produits\\\/bulbes\\\/fleurs\\\/dahlia\\\/decoratifs\\\/dahlia-nain-double-nogent\\\/\"]}]},{\"@type\":\"ImageObject\",\"inLanguage\":\"fr-FR\",\"@id\":\"https:\\\/\\\/www.ernest-turc.com\\\/boutique\\\/produits\\\/bulbes\\\/fleurs\\\/dahlia\\\/decoratifs\\\/dahlia-nain-double-nogent\\\/#primaryimage\",\"url\":\"https:\\\/\\\/www.ernest-turc.com\\\/boutique\\\/wp-content\\\/uploads\\\/2021\\\/03\\\/DAHLIA-NAIN-DOUBLE-NOGENT-002-A.jpg\",\"contentUrl\":\"https:\\\/\\\/www.ernest-turc.com\\\/boutique\\\/wp-content\\\/uploads\\\/2021\\\/03\\\/DAHLIA-NAIN-DOUBLE-NOGENT-002-A.jpg\",\"width\":800,\"height\":800},{\"@type\":\"BreadcrumbList\",\"@id\":\"https:\\\/\\\/www.ernest-turc.com\\\/boutique\\\/produits\\\/bulbes\\\/fleurs\\\/dahlia\\\/decoratifs\\\/dahlia-nain-double-nogent\\\/#breadcrumb\",\"itemListElement\":[{\"@type\":\"ListItem\",\"position\":1,\"name\":\"Accueil\",\"item\":\"https:\\\/\\\/www.ernest-turc.com\\\/boutique\\\/\"},{\"@type\":\"ListItem\",\"position\":2,\"name\":\"Boutique\",\"item\":\"https:\\\/\\\/www.ernest-turc.fr\\\/boutique\\\/produits\\\/\"},{\"@type\":\"ListItem\",\"position\":3,\"name\":\"Dahlia D\u00e9coratif Nain Nogent\"}]},{\"@type\":\"WebSite\",\"@id\":\"https:\\\/\\\/www.ernest-turc.com\\\/boutique\\\/#website\",\"url\":\"https:\\\/\\\/www.ernest-turc.com\\\/boutique\\\/\",\"name\":\"Ernest TURC\",\"description\":\"\",\"publisher\":{\"@id\":\"https:\\\/\\\/www.ernest-turc.com\\\/boutique\\\/#organization\"},\"potentialAction\":[{\"@type\":\"SearchAction\",\"target\":{\"@type\":\"EntryPoint\",\"urlTemplate\":\"https:\\\/\\\/www.ernest-turc.com\\\/boutique\\\/?s={search_term_string}\"},\"query-input\":{\"@type\":\"PropertyValueSpecification\",\"valueRequired\":true,\"valueName\":\"search_term_string\"}}],\"inLanguage\":\"fr-FR\"},{\"@type\":\"Organization\",\"@id\":\"https:\\\/\\\/www.ernest-turc.com\\\/boutique\\\/#organization\",\"name\":\"Boutique Ernest TURC\",\"alternateName\":\"Ernest TURC\",\"url\":\"https:\\\/\\\/www.ernest-turc.com\\\/boutique\\\/\",\"logo\":{\"@type\":\"ImageObject\",\"inLanguage\":\"fr-FR\",\"@id\":\"https:\\\/\\\/www.ernest-turc.com\\\/boutique\\\/#\\\/schema\\\/logo\\\/image\\\/\",\"url\":\"https:\\\/\\\/www.ernest-turc.com\\\/boutique\\\/wp-content\\\/uploads\\\/2020\\\/10\\\/logo.png\",\"contentUrl\":\"https:\\\/\\\/www.ernest-turc.com\\\/boutique\\\/wp-content\\\/uploads\\\/2020\\\/10\\\/logo.png\",\"width\":161,\"height\":161,\"caption\":\"Boutique Ernest TURC\"},\"image\":{\"@id\":\"https:\\\/\\\/www.ernest-turc.com\\\/boutique\\\/#\\\/schema\\\/logo\\\/image\\\/\"},\"sameAs\":[\"https:\\\/\\\/www.facebook.com\\\/ErnestTURC49\",\"https:\\\/\\\/www.instagram.com\\\/ernestturc\",\"https:\\\/\\\/www.linkedin.com\\\/company\\\/ernest-turc\\\/\",\"https:\\\/\\\/www.pinterest.fr\\\/ernestturc\",\"https:\\\/\\\/www.youtube.com\\\/channel\\\/UCH3ntWhy3mdcqw9-xF6pmEQ\"]}]}<\/script>\n<meta property=\"og:availability\" content=\"out of stock\" \/>\n<meta property=\"product:availability\" content=\"out of stock\" \/>\n<meta property=\"product:retailer_item_id\" content=\"954855\" \/>\n<meta property=\"product:condition\" content=\"new\" \/>\n<!-- \/ Yoast SEO Premium plugin. -->","yoast_head_json":{"title":"Dahlia D\u00e9coratif Nain Nogent - Ernest TURC","description":"Dahlia D\u00e9coratif Nain Nogent \u00e0 acheter en ligne avec Ernest Turc, producteur de bulbes et de graines. D\u00e9couvrez nos dahlias pour sublimer vos jardins.","robots":{"index":"index","follow":"follow","max-snippet":"max-snippet:-1","max-image-preview":"max-image-preview:large","max-video-preview":"max-video-preview:-1"},"canonical":"https:\/\/www.ernest-turc.com\/boutique\/produits\/bulbes\/fleurs\/dahlia\/decoratifs\/dahlia-nain-double-nogent\/","og_locale":"fr_FR","og_type":"article","og_title":"Dahlia D\u00e9coratif Nain Nogent","og_description":"Dahlia D\u00e9coratif Nain Nogent \u00e0 acheter en ligne avec Ernest Turc, producteur de bulbes et de graines. D\u00e9couvrez nos dahlias pour sublimer vos jardins.","og_url":"https:\/\/www.ernest-turc.com\/boutique\/produits\/bulbes\/fleurs\/dahlia\/decoratifs\/dahlia-nain-double-nogent\/","og_site_name":"Ernest TURC","article_publisher":"https:\/\/www.facebook.com\/ErnestTURC49","article_modified_time":"2026-03-30T08:12:31+00:00","og_image":[{"width":800,"height":800,"url":"https:\/\/www.ernest-turc.com\/boutique\/wp-content\/uploads\/2021\/03\/DAHLIA-NAIN-DOUBLE-NOGENT-002-A.jpg","type":"image\/jpeg"}],"twitter_card":"summary_large_image","twitter_misc":{"Disponibilit\u00e9":"Rupture de stock"},"schema":{"@context":"https:\/\/schema.org","@graph":[{"@type":"WebPage","@id":"https:\/\/www.ernest-turc.com\/boutique\/produits\/bulbes\/fleurs\/dahlia\/decoratifs\/dahlia-nain-double-nogent\/","url":"https:\/\/www.ernest-turc.com\/boutique\/produits\/bulbes\/fleurs\/dahlia\/decoratifs\/dahlia-nain-double-nogent\/","name":"Dahlia D\u00e9coratif Nain Nogent - Ernest TURC","isPartOf":{"@id":"https:\/\/www.ernest-turc.com\/boutique\/#website"},"primaryImageOfPage":{"@id":"https:\/\/www.ernest-turc.com\/boutique\/produits\/bulbes\/fleurs\/dahlia\/decoratifs\/dahlia-nain-double-nogent\/#primaryimage"},"image":{"@id":"https:\/\/www.ernest-turc.com\/boutique\/produits\/bulbes\/fleurs\/dahlia\/decoratifs\/dahlia-nain-double-nogent\/#primaryimage"},"thumbnailUrl":"https:\/\/www.ernest-turc.com\/boutique\/wp-content\/uploads\/2021\/03\/DAHLIA-NAIN-DOUBLE-NOGENT-002-A.jpg","datePublished":"2021-03-18T10:51:00+00:00","dateModified":"2026-03-30T08:12:31+00:00","description":"Dahlia D\u00e9coratif Nain Nogent \u00e0 acheter en ligne avec Ernest Turc, producteur de bulbes et de graines. D\u00e9couvrez nos dahlias pour sublimer vos jardins.","breadcrumb":{"@id":"https:\/\/www.ernest-turc.com\/boutique\/produits\/bulbes\/fleurs\/dahlia\/decoratifs\/dahlia-nain-double-nogent\/#breadcrumb"},"inLanguage":"fr-FR","potentialAction":[{"@type":"ReadAction","target":["https:\/\/www.ernest-turc.com\/boutique\/produits\/bulbes\/fleurs\/dahlia\/decoratifs\/dahlia-nain-double-nogent\/"]}]},{"@type":"ImageObject","inLanguage":"fr-FR","@id":"https:\/\/www.ernest-turc.com\/boutique\/produits\/bulbes\/fleurs\/dahlia\/decoratifs\/dahlia-nain-double-nogent\/#primaryimage","url":"https:\/\/www.ernest-turc.com\/boutique\/wp-content\/uploads\/2021\/03\/DAHLIA-NAIN-DOUBLE-NOGENT-002-A.jpg","contentUrl":"https:\/\/www.ernest-turc.com\/boutique\/wp-content\/uploads\/2021\/03\/DAHLIA-NAIN-DOUBLE-NOGENT-002-A.jpg","width":800,"height":800},{"@type":"BreadcrumbList","@id":"https:\/\/www.ernest-turc.com\/boutique\/produits\/bulbes\/fleurs\/dahlia\/decoratifs\/dahlia-nain-double-nogent\/#breadcrumb","itemListElement":[{"@type":"ListItem","position":1,"name":"Accueil","item":"https:\/\/www.ernest-turc.com\/boutique\/"},{"@type":"ListItem","position":2,"name":"Boutique","item":"https:\/\/www.ernest-turc.fr\/boutique\/produits\/"},{"@type":"ListItem","position":3,"name":"Dahlia D\u00e9coratif Nain Nogent"}]},{"@type":"WebSite","@id":"https:\/\/www.ernest-turc.com\/boutique\/#website","url":"https:\/\/www.ernest-turc.com\/boutique\/","name":"Ernest TURC","description":"","publisher":{"@id":"https:\/\/www.ernest-turc.com\/boutique\/#organization"},"potentialAction":[{"@type":"SearchAction","target":{"@type":"EntryPoint","urlTemplate":"https:\/\/www.ernest-turc.com\/boutique\/?s={search_term_string}"},"query-input":{"@type":"PropertyValueSpecification","valueRequired":true,"valueName":"search_term_string"}}],"inLanguage":"fr-FR"},{"@type":"Organization","@id":"https:\/\/www.ernest-turc.com\/boutique\/#organization","name":"Boutique Ernest TURC","alternateName":"Ernest TURC","url":"https:\/\/www.ernest-turc.com\/boutique\/","logo":{"@type":"ImageObject","inLanguage":"fr-FR","@id":"https:\/\/www.ernest-turc.com\/boutique\/#\/schema\/logo\/image\/","url":"https:\/\/www.ernest-turc.com\/boutique\/wp-content\/uploads\/2020\/10\/logo.png","contentUrl":"https:\/\/www.ernest-turc.com\/boutique\/wp-content\/uploads\/2020\/10\/logo.png","width":161,"height":161,"caption":"Boutique Ernest TURC"},"image":{"@id":"https:\/\/www.ernest-turc.com\/boutique\/#\/schema\/logo\/image\/"},"sameAs":["https:\/\/www.facebook.com\/ErnestTURC49","https:\/\/www.instagram.com\/ernestturc","https:\/\/www.linkedin.com\/company\/ernest-turc\/","https:\/\/www.pinterest.fr\/ernestturc","https:\/\/www.youtube.com\/channel\/UCH3ntWhy3mdcqw9-xF6pmEQ"]}]},"og_availability":"out of stock","product_availability":"out of stock","product_retailer_item_id":"954855","product_condition":"new"},"_links":{"self":[{"href":"https:\/\/www.ernest-turc.com\/boutique\/wp-json\/wp\/v2\/product\/8522","targetHints":{"allow":["GET"]}}],"collection":[{"href":"https:\/\/www.ernest-turc.com\/boutique\/wp-json\/wp\/v2\/product"}],"about":[{"href":"https:\/\/www.ernest-turc.com\/boutique\/wp-json\/wp\/v2\/types\/product"}],"wp:featuredmedia":[{"embeddable":true,"href":"https:\/\/www.ernest-turc.com\/boutique\/wp-json\/wp\/v2\/media\/26333"}],"wp:attachment":[{"href":"https:\/\/www.ernest-turc.com\/boutique\/wp-json\/wp\/v2\/media?parent=8522"}],"wp:term":[{"taxonomy":"product_brand","embeddable":true,"href":"https:\/\/www.ernest-turc.com\/boutique\/wp-json\/wp\/v2\/product_brand?post=8522"},{"taxonomy":"product_cat","embeddable":true,"href":"https:\/\/www.ernest-turc.com\/boutique\/wp-json\/wp\/v2\/product_cat?post=8522"},{"taxonomy":"product_tag","embeddable":true,"href":"https:\/\/www.ernest-turc.com\/boutique\/wp-json\/wp\/v2\/product_tag?post=8522"}],"curies":[{"name":"wp","href":"https:\/\/api.w.org\/{rel}","templated":true}]}}