{"id":8193,"date":"2021-03-18T10:37:19","date_gmt":"2021-03-18T10:37:19","guid":{"rendered":"https:\/\/www.ernest-turc.com\/boutique\/boutique\/dahlia-dentelle-kenora-macob\/"},"modified":"2026-05-12T08:42:41","modified_gmt":"2026-05-12T08:42:41","slug":"dahlia-dentelle-kenora-mackob","status":"publish","type":"product","link":"https:\/\/www.ernest-turc.com\/boutique\/produits\/bulbes\/fleurs\/dahlia\/dahlia-dentelle-kenora-mackob\/","title":{"rendered":"Dahlia Dentelle Kenora Macop-b"},"content":{"rendered":"<p style=\"text-align: justify;\">Le\u00a0<strong>Dahlia dentelle Kenora Macop-b <\/strong>est une vari\u00e9t\u00e9 aux magnifiques fleurs d&#8217;environ 17 cm de diam\u00e8tre. Du haut de ses 130 cm, il est exceptionnel par sa taille et apportera de l&#8217;originalit\u00e9 aux massifs. Sa forme dentel\u00e9e et son coloris unique, rouge tr\u00e8s sombre et tr\u00e8s intense, proche du noir, font de ce dahlia une fleur spectaculaire. Il sera fabuleux en bouquet en l&#8217;associant \u00e0 des teintes plus douces comme du p\u00eache ou du rose p\u00e2le.\u00a0<\/p>\n<p style=\"text-align: justify;\">Originaire d\u2019Am\u00e9rique centrale et principalement du Mexique, le dahlia, utilis\u00e9 autrefois par les Azt\u00e8ques comme plante comestible, est import\u00e9 en Europe au 18\u00e8me si\u00e8cle pour remplacer la pomme de terre. Sans succ\u00e8s\u2026 ses qualit\u00e9s d\u00e9coratives et ornementales ont vite supplant\u00e9 ses propri\u00e9t\u00e9s nutritives, surtout lorsque les premi\u00e8res fleurs doubles de type cactus ont \u00e9t\u00e9 hybrid\u00e9es. Aujourd\u2019hui, ce sont plus de quarante mille vari\u00e9t\u00e9s hybrides qui ont \u00e9t\u00e9 obtenues, pour le plus grand bonheur des amateurs passionn\u00e9s, des collectionneurs, et des jardiniers. Le genre dahlia offre une diversit\u00e9 fantastique de formes, de hauteurs et de coloris. Il ne lui manque que le parfum\u2026 et le pigment bleu pour compl\u00e9ter la gamme de ses coloris\u00a0!<\/p>\n","protected":false},"excerpt":{"rendered":"<p style=\"text-align: justify;\">Le <strong>Dahlia dentelle Kenora Macop-b<\/strong><strong>\u00a0<\/strong>est une vari\u00e9t\u00e9 aux magnifiques fleurs d&#8217;environ 17 cm de diam\u00e8tre. Du haut de ses 130 cm, il est exceptionnel par sa taille et apportera de l&#8217;originalit\u00e9 aux massifs. Sa forme dentel\u00e9e et son coloris unique, rouge tr\u00e8s sombre et tr\u00e8s intense, proche du noir, font de ce dahlia une fleur spectaculaire. Il sera fabuleux en bouquet en l&#8217;associant \u00e0 des teintes plus douces comme du p\u00eache ou du rose p\u00e2le.\u00a0<\/p>\n","protected":false},"featured_media":16332,"template":"","meta":{"_relevanssi_hide_post":"","_relevanssi_hide_content":"","_relevanssi_pin_for_all":"","_relevanssi_pin_keywords":"","_relevanssi_unpin_keywords":"","_relevanssi_related_keywords":"","_relevanssi_related_include_ids":"","_relevanssi_related_exclude_ids":"","_relevanssi_related_no_append":"","_relevanssi_related_not_related":"","_relevanssi_related_posts":"","_relevanssi_noindex_reason":""},"product_brand":[],"product_cat":[1609,179,180,212,903,737,2231,738,922,1608,183,182],"product_tag":[1230,893,1231,988,811,760,1232,785,1233],"class_list":{"0":"post-8193","1":"product","2":"type-product","3":"status-publish","4":"has-post-thumbnail","6":"product_cat-bouquets","7":"product_cat-bulbes","8":"product_cat-fleurs","9":"product_cat-theme","10":"product_cat-cactus","11":"product_cat-dahlia","12":"product_cat-fleurs-noires","13":"product_cat-hauts-dahlias","14":"product_cat-grosse-fleur","15":"product_cat-label-fleurs-de-france","16":"product_cat-ete","17":"product_cat-saison","18":"product_tag-bouquet-noir","19":"product_tag-dahlia-de-qualite","20":"product_tag-dahlia-fleurs-geantes","21":"product_tag-dahlia-label-rouge","22":"product_tag-dahlia-noir","23":"product_tag-dahlia-originale","24":"product_tag-fleur-dete-noir","25":"product_tag-fleur-rouge-fonce","26":"product_tag-grosse-fleur-noir","27":"pa_calibre-i","28":"pa_conditionnement-734","29":"pa_conditionnement-1443","30":"pa_couleur-noir","31":"pa_couleur-de-feuillage-vert","32":"pa_disponibilite-de-fevrier-a-juin","33":"pa_exposition-ensoleillee","34":"pa_hauteur-de-la-plante-130-cm","35":"pa_logo-fleurs-de-france-oui","36":"pa_periode-de-recolte-floraison-aout","37":"pa_periode-de-recolte-floraison-juillet","38":"pa_periode-de-recolte-floraison-novembre","39":"pa_periode-de-recolte-floraison-octobre","40":"pa_periode-de-recolte-floraison-septembre","41":"pa_periode-de-semis-plantation-avril","42":"pa_periode-de-semis-plantation-mai","43":"pa_periode-de-semis-plantation-mars","44":"pa_rusticite-craint-le-gel","45":"pa_utilisation-fleur-coupee","46":"pa_utilisation-fleur-coupeemassif","47":"pa_utilisation-massif","49":"first","50":"outofstock","51":"taxable","52":"shipping-taxable","53":"purchasable","54":"product-type-variable","55":"has-default-attributes"},"bundled_by":[],"bundle_stock_status":"outofstock","bundle_stock_quantity":0,"bundle_virtual":false,"bundle_layout":"","bundle_add_to_cart_form_location":"","bundle_editable_in_cart":false,"bundle_sold_individually_context":"","bundle_item_grouping":"","bundle_min_size":"","bundle_max_size":"","bundled_items":[],"bundle_sell_ids":[],"yoast_head":"<!-- This site is optimized with the Yoast SEO Premium plugin v25.2 (Yoast SEO v27.5) - https:\/\/yoast.com\/product\/yoast-seo-premium-wordpress\/ -->\n<title>Dahlia Dentelle Kenora Macop-b - Ernest TURC<\/title>\n<meta name=\"description\" content=\"Dahlia Dentelle Kenora Macop-b \u00e0 acheter en ligne avec Ernest Turc, producteur de bulbes et de graines. D\u00e9couvrez notre s\u00e9lection pour sublimer vos jardins.\" \/>\n<meta name=\"robots\" content=\"index, follow, max-snippet:-1, max-image-preview:large, max-video-preview:-1\" \/>\n<link rel=\"canonical\" href=\"https:\/\/www.ernest-turc.com\/boutique\/produits\/bulbes\/fleurs\/dahlia\/dahlia-dentelle-kenora-mackob\/\" \/>\n<meta property=\"og:locale\" content=\"fr_FR\" \/>\n<meta property=\"og:type\" content=\"article\" \/>\n<meta property=\"og:title\" content=\"Dahlia Dentelle Kenora Macop-b\" \/>\n<meta property=\"og:description\" content=\"Dahlia Dentelle Kenora Macop-b \u00e0 acheter en ligne avec Ernest Turc, producteur de bulbes et de graines. D\u00e9couvrez notre s\u00e9lection pour sublimer vos jardins.\" \/>\n<meta property=\"og:url\" content=\"https:\/\/www.ernest-turc.com\/boutique\/produits\/bulbes\/fleurs\/dahlia\/dahlia-dentelle-kenora-mackob\/\" \/>\n<meta property=\"og:site_name\" content=\"Ernest TURC\" \/>\n<meta property=\"article:publisher\" content=\"https:\/\/www.facebook.com\/ErnestTURC49\" \/>\n<meta property=\"article:modified_time\" content=\"2026-05-12T08:42:41+00:00\" \/>\n<meta property=\"og:image\" content=\"https:\/\/www.ernest-turc.com\/boutique\/wp-content\/uploads\/2021\/03\/dahlia-dentelle-kenora-macob.jpg\" \/>\n\t<meta property=\"og:image:width\" content=\"800\" \/>\n\t<meta property=\"og:image:height\" content=\"800\" \/>\n\t<meta property=\"og:image:type\" content=\"image\/jpeg\" \/>\n<meta name=\"twitter:card\" content=\"summary_large_image\" \/>\n<meta name=\"twitter:label1\" content=\"Disponibilit\u00e9\" \/>\n\t<meta name=\"twitter:data1\" content=\"Rupture de stock\" \/>\n<script type=\"application\/ld+json\" class=\"yoast-schema-graph\">{\"@context\":\"https:\\\/\\\/schema.org\",\"@graph\":[{\"@type\":\"WebPage\",\"@id\":\"https:\\\/\\\/www.ernest-turc.com\\\/boutique\\\/produits\\\/bulbes\\\/fleurs\\\/dahlia\\\/dahlia-dentelle-kenora-mackob\\\/\",\"url\":\"https:\\\/\\\/www.ernest-turc.com\\\/boutique\\\/produits\\\/bulbes\\\/fleurs\\\/dahlia\\\/dahlia-dentelle-kenora-mackob\\\/\",\"name\":\"Dahlia Dentelle Kenora Macop-b - Ernest TURC\",\"isPartOf\":{\"@id\":\"https:\\\/\\\/www.ernest-turc.com\\\/boutique\\\/#website\"},\"primaryImageOfPage\":{\"@id\":\"https:\\\/\\\/www.ernest-turc.com\\\/boutique\\\/produits\\\/bulbes\\\/fleurs\\\/dahlia\\\/dahlia-dentelle-kenora-mackob\\\/#primaryimage\"},\"image\":{\"@id\":\"https:\\\/\\\/www.ernest-turc.com\\\/boutique\\\/produits\\\/bulbes\\\/fleurs\\\/dahlia\\\/dahlia-dentelle-kenora-mackob\\\/#primaryimage\"},\"thumbnailUrl\":\"https:\\\/\\\/www.ernest-turc.com\\\/boutique\\\/wp-content\\\/uploads\\\/2021\\\/03\\\/dahlia-dentelle-kenora-macob.jpg\",\"datePublished\":\"2021-03-18T10:37:19+00:00\",\"dateModified\":\"2026-05-12T08:42:41+00:00\",\"description\":\"Dahlia Dentelle Kenora Macop-b \u00e0 acheter en ligne avec Ernest Turc, producteur de bulbes et de graines. D\u00e9couvrez notre s\u00e9lection pour sublimer vos jardins.\",\"breadcrumb\":{\"@id\":\"https:\\\/\\\/www.ernest-turc.com\\\/boutique\\\/produits\\\/bulbes\\\/fleurs\\\/dahlia\\\/dahlia-dentelle-kenora-mackob\\\/#breadcrumb\"},\"inLanguage\":\"fr-FR\",\"potentialAction\":[{\"@type\":\"ReadAction\",\"target\":[\"https:\\\/\\\/www.ernest-turc.com\\\/boutique\\\/produits\\\/bulbes\\\/fleurs\\\/dahlia\\\/dahlia-dentelle-kenora-mackob\\\/\"]}]},{\"@type\":\"ImageObject\",\"inLanguage\":\"fr-FR\",\"@id\":\"https:\\\/\\\/www.ernest-turc.com\\\/boutique\\\/produits\\\/bulbes\\\/fleurs\\\/dahlia\\\/dahlia-dentelle-kenora-mackob\\\/#primaryimage\",\"url\":\"https:\\\/\\\/www.ernest-turc.com\\\/boutique\\\/wp-content\\\/uploads\\\/2021\\\/03\\\/dahlia-dentelle-kenora-macob.jpg\",\"contentUrl\":\"https:\\\/\\\/www.ernest-turc.com\\\/boutique\\\/wp-content\\\/uploads\\\/2021\\\/03\\\/dahlia-dentelle-kenora-macob.jpg\",\"width\":800,\"height\":800},{\"@type\":\"BreadcrumbList\",\"@id\":\"https:\\\/\\\/www.ernest-turc.com\\\/boutique\\\/produits\\\/bulbes\\\/fleurs\\\/dahlia\\\/dahlia-dentelle-kenora-mackob\\\/#breadcrumb\",\"itemListElement\":[{\"@type\":\"ListItem\",\"position\":1,\"name\":\"Accueil\",\"item\":\"https:\\\/\\\/www.ernest-turc.com\\\/boutique\\\/\"},{\"@type\":\"ListItem\",\"position\":2,\"name\":\"Boutique\",\"item\":\"https:\\\/\\\/www.ernest-turc.fr\\\/boutique\\\/produits\\\/\"},{\"@type\":\"ListItem\",\"position\":3,\"name\":\"Dahlia Dentelle Kenora Macop-b\"}]},{\"@type\":\"WebSite\",\"@id\":\"https:\\\/\\\/www.ernest-turc.com\\\/boutique\\\/#website\",\"url\":\"https:\\\/\\\/www.ernest-turc.com\\\/boutique\\\/\",\"name\":\"Ernest TURC\",\"description\":\"\",\"publisher\":{\"@id\":\"https:\\\/\\\/www.ernest-turc.com\\\/boutique\\\/#organization\"},\"potentialAction\":[{\"@type\":\"SearchAction\",\"target\":{\"@type\":\"EntryPoint\",\"urlTemplate\":\"https:\\\/\\\/www.ernest-turc.com\\\/boutique\\\/?s={search_term_string}\"},\"query-input\":{\"@type\":\"PropertyValueSpecification\",\"valueRequired\":true,\"valueName\":\"search_term_string\"}}],\"inLanguage\":\"fr-FR\"},{\"@type\":\"Organization\",\"@id\":\"https:\\\/\\\/www.ernest-turc.com\\\/boutique\\\/#organization\",\"name\":\"Boutique Ernest TURC\",\"alternateName\":\"Ernest TURC\",\"url\":\"https:\\\/\\\/www.ernest-turc.com\\\/boutique\\\/\",\"logo\":{\"@type\":\"ImageObject\",\"inLanguage\":\"fr-FR\",\"@id\":\"https:\\\/\\\/www.ernest-turc.com\\\/boutique\\\/#\\\/schema\\\/logo\\\/image\\\/\",\"url\":\"https:\\\/\\\/www.ernest-turc.com\\\/boutique\\\/wp-content\\\/uploads\\\/2020\\\/10\\\/logo.png\",\"contentUrl\":\"https:\\\/\\\/www.ernest-turc.com\\\/boutique\\\/wp-content\\\/uploads\\\/2020\\\/10\\\/logo.png\",\"width\":161,\"height\":161,\"caption\":\"Boutique Ernest TURC\"},\"image\":{\"@id\":\"https:\\\/\\\/www.ernest-turc.com\\\/boutique\\\/#\\\/schema\\\/logo\\\/image\\\/\"},\"sameAs\":[\"https:\\\/\\\/www.facebook.com\\\/ErnestTURC49\",\"https:\\\/\\\/www.instagram.com\\\/ernestturc\",\"https:\\\/\\\/www.linkedin.com\\\/company\\\/ernest-turc\\\/\",\"https:\\\/\\\/www.pinterest.fr\\\/ernestturc\",\"https:\\\/\\\/www.youtube.com\\\/channel\\\/UCH3ntWhy3mdcqw9-xF6pmEQ\"]}]}<\/script>\n<meta property=\"og:availability\" content=\"out of stock\" \/>\n<meta property=\"product:availability\" content=\"out of stock\" \/>\n<meta property=\"product:retailer_item_id\" content=\"956024-1\" \/>\n<meta property=\"product:condition\" content=\"new\" \/>\n<!-- \/ Yoast SEO Premium plugin. -->","yoast_head_json":{"title":"Dahlia Dentelle Kenora Macop-b - Ernest TURC","description":"Dahlia Dentelle Kenora Macop-b \u00e0 acheter en ligne avec Ernest Turc, producteur de bulbes et de graines. D\u00e9couvrez notre s\u00e9lection pour sublimer vos jardins.","robots":{"index":"index","follow":"follow","max-snippet":"max-snippet:-1","max-image-preview":"max-image-preview:large","max-video-preview":"max-video-preview:-1"},"canonical":"https:\/\/www.ernest-turc.com\/boutique\/produits\/bulbes\/fleurs\/dahlia\/dahlia-dentelle-kenora-mackob\/","og_locale":"fr_FR","og_type":"article","og_title":"Dahlia Dentelle Kenora Macop-b","og_description":"Dahlia Dentelle Kenora Macop-b \u00e0 acheter en ligne avec Ernest Turc, producteur de bulbes et de graines. D\u00e9couvrez notre s\u00e9lection pour sublimer vos jardins.","og_url":"https:\/\/www.ernest-turc.com\/boutique\/produits\/bulbes\/fleurs\/dahlia\/dahlia-dentelle-kenora-mackob\/","og_site_name":"Ernest TURC","article_publisher":"https:\/\/www.facebook.com\/ErnestTURC49","article_modified_time":"2026-05-12T08:42:41+00:00","og_image":[{"width":800,"height":800,"url":"https:\/\/www.ernest-turc.com\/boutique\/wp-content\/uploads\/2021\/03\/dahlia-dentelle-kenora-macob.jpg","type":"image\/jpeg"}],"twitter_card":"summary_large_image","twitter_misc":{"Disponibilit\u00e9":"Rupture de stock"},"schema":{"@context":"https:\/\/schema.org","@graph":[{"@type":"WebPage","@id":"https:\/\/www.ernest-turc.com\/boutique\/produits\/bulbes\/fleurs\/dahlia\/dahlia-dentelle-kenora-mackob\/","url":"https:\/\/www.ernest-turc.com\/boutique\/produits\/bulbes\/fleurs\/dahlia\/dahlia-dentelle-kenora-mackob\/","name":"Dahlia Dentelle Kenora Macop-b - Ernest TURC","isPartOf":{"@id":"https:\/\/www.ernest-turc.com\/boutique\/#website"},"primaryImageOfPage":{"@id":"https:\/\/www.ernest-turc.com\/boutique\/produits\/bulbes\/fleurs\/dahlia\/dahlia-dentelle-kenora-mackob\/#primaryimage"},"image":{"@id":"https:\/\/www.ernest-turc.com\/boutique\/produits\/bulbes\/fleurs\/dahlia\/dahlia-dentelle-kenora-mackob\/#primaryimage"},"thumbnailUrl":"https:\/\/www.ernest-turc.com\/boutique\/wp-content\/uploads\/2021\/03\/dahlia-dentelle-kenora-macob.jpg","datePublished":"2021-03-18T10:37:19+00:00","dateModified":"2026-05-12T08:42:41+00:00","description":"Dahlia Dentelle Kenora Macop-b \u00e0 acheter en ligne avec Ernest Turc, producteur de bulbes et de graines. D\u00e9couvrez notre s\u00e9lection pour sublimer vos jardins.","breadcrumb":{"@id":"https:\/\/www.ernest-turc.com\/boutique\/produits\/bulbes\/fleurs\/dahlia\/dahlia-dentelle-kenora-mackob\/#breadcrumb"},"inLanguage":"fr-FR","potentialAction":[{"@type":"ReadAction","target":["https:\/\/www.ernest-turc.com\/boutique\/produits\/bulbes\/fleurs\/dahlia\/dahlia-dentelle-kenora-mackob\/"]}]},{"@type":"ImageObject","inLanguage":"fr-FR","@id":"https:\/\/www.ernest-turc.com\/boutique\/produits\/bulbes\/fleurs\/dahlia\/dahlia-dentelle-kenora-mackob\/#primaryimage","url":"https:\/\/www.ernest-turc.com\/boutique\/wp-content\/uploads\/2021\/03\/dahlia-dentelle-kenora-macob.jpg","contentUrl":"https:\/\/www.ernest-turc.com\/boutique\/wp-content\/uploads\/2021\/03\/dahlia-dentelle-kenora-macob.jpg","width":800,"height":800},{"@type":"BreadcrumbList","@id":"https:\/\/www.ernest-turc.com\/boutique\/produits\/bulbes\/fleurs\/dahlia\/dahlia-dentelle-kenora-mackob\/#breadcrumb","itemListElement":[{"@type":"ListItem","position":1,"name":"Accueil","item":"https:\/\/www.ernest-turc.com\/boutique\/"},{"@type":"ListItem","position":2,"name":"Boutique","item":"https:\/\/www.ernest-turc.fr\/boutique\/produits\/"},{"@type":"ListItem","position":3,"name":"Dahlia Dentelle Kenora Macop-b"}]},{"@type":"WebSite","@id":"https:\/\/www.ernest-turc.com\/boutique\/#website","url":"https:\/\/www.ernest-turc.com\/boutique\/","name":"Ernest TURC","description":"","publisher":{"@id":"https:\/\/www.ernest-turc.com\/boutique\/#organization"},"potentialAction":[{"@type":"SearchAction","target":{"@type":"EntryPoint","urlTemplate":"https:\/\/www.ernest-turc.com\/boutique\/?s={search_term_string}"},"query-input":{"@type":"PropertyValueSpecification","valueRequired":true,"valueName":"search_term_string"}}],"inLanguage":"fr-FR"},{"@type":"Organization","@id":"https:\/\/www.ernest-turc.com\/boutique\/#organization","name":"Boutique Ernest TURC","alternateName":"Ernest TURC","url":"https:\/\/www.ernest-turc.com\/boutique\/","logo":{"@type":"ImageObject","inLanguage":"fr-FR","@id":"https:\/\/www.ernest-turc.com\/boutique\/#\/schema\/logo\/image\/","url":"https:\/\/www.ernest-turc.com\/boutique\/wp-content\/uploads\/2020\/10\/logo.png","contentUrl":"https:\/\/www.ernest-turc.com\/boutique\/wp-content\/uploads\/2020\/10\/logo.png","width":161,"height":161,"caption":"Boutique Ernest TURC"},"image":{"@id":"https:\/\/www.ernest-turc.com\/boutique\/#\/schema\/logo\/image\/"},"sameAs":["https:\/\/www.facebook.com\/ErnestTURC49","https:\/\/www.instagram.com\/ernestturc","https:\/\/www.linkedin.com\/company\/ernest-turc\/","https:\/\/www.pinterest.fr\/ernestturc","https:\/\/www.youtube.com\/channel\/UCH3ntWhy3mdcqw9-xF6pmEQ"]}]},"og_availability":"out of stock","product_availability":"out of stock","product_retailer_item_id":"956024-1","product_condition":"new"},"_links":{"self":[{"href":"https:\/\/www.ernest-turc.com\/boutique\/wp-json\/wp\/v2\/product\/8193","targetHints":{"allow":["GET"]}}],"collection":[{"href":"https:\/\/www.ernest-turc.com\/boutique\/wp-json\/wp\/v2\/product"}],"about":[{"href":"https:\/\/www.ernest-turc.com\/boutique\/wp-json\/wp\/v2\/types\/product"}],"wp:featuredmedia":[{"embeddable":true,"href":"https:\/\/www.ernest-turc.com\/boutique\/wp-json\/wp\/v2\/media\/16332"}],"wp:attachment":[{"href":"https:\/\/www.ernest-turc.com\/boutique\/wp-json\/wp\/v2\/media?parent=8193"}],"wp:term":[{"taxonomy":"product_brand","embeddable":true,"href":"https:\/\/www.ernest-turc.com\/boutique\/wp-json\/wp\/v2\/product_brand?post=8193"},{"taxonomy":"product_cat","embeddable":true,"href":"https:\/\/www.ernest-turc.com\/boutique\/wp-json\/wp\/v2\/product_cat?post=8193"},{"taxonomy":"product_tag","embeddable":true,"href":"https:\/\/www.ernest-turc.com\/boutique\/wp-json\/wp\/v2\/product_tag?post=8193"}],"curies":[{"name":"wp","href":"https:\/\/api.w.org\/{rel}","templated":true}]}}