{"id":8136,"date":"2021-03-18T10:35:36","date_gmt":"2021-03-18T10:35:36","guid":{"rendered":"https:\/\/www.ernest-turc.com\/boutique\/boutique\/dahlia-dentelle-champs-elysees\/"},"modified":"2025-05-20T14:08:45","modified_gmt":"2025-05-20T14:08:45","slug":"dahlia-dentelle-champs-elysees","status":"publish","type":"product","link":"https:\/\/www.ernest-turc.com\/boutique\/produits\/bulbes\/fleurs\/dahlia\/cactus\/dahlia-dentelle-champs-elysees\/","title":{"rendered":"Dahlia Dentelle Champs Elys\u00e9es"},"content":{"rendered":"<p style=\"text-align: justify;\"><strong>Le Dahlia dentelle Champs Elys\u00e9es<\/strong> est une grande vari\u00e9t\u00e9 d&#8217;environ 150 cm de hauteur, \u00e0 grosses fleurs de 20 cm de diam\u00e8tre, de couleur saumon au c\u0153ur or. Ces p\u00e9tales sont recourb\u00e9s et forment des tubes fins qui donnent cet aspect si particulier \u00e0 cette fleur g\u00e9n\u00e9reuse. Cette cr\u00e9ation Ernest Turc produira des dizaines de fleurs pendant l&#8217;\u00e9t\u00e9 et il apportera de la hauteur au jardin, id\u00e9alement en fond de massif. gr\u00e2ce \u00e0 ses longues tiges, il composera de magnifiques bouquets lumineux et g\u00e9nreux.\u00a0<\/p>\n<p style=\"text-align: justify;\">Originaire d\u2019Am\u00e9rique centrale et principalement du Mexique, le dahlia, utilis\u00e9 autrefois par les Azt\u00e8ques comme plante comestible, est import\u00e9 en Europe au 18\u00e8me si\u00e8cle pour remplacer la pomme de terre. Sans succ\u00e8s\u2026 ses qualit\u00e9s d\u00e9coratives et ornementales ont vite supplant\u00e9 ses propri\u00e9t\u00e9s nutritives, surtout lorsque les premi\u00e8res fleurs doubles de type cactus ont \u00e9t\u00e9 hybrid\u00e9es. Aujourd\u2019hui, ce sont plus de quarante mille vari\u00e9t\u00e9s hybrides qui ont \u00e9t\u00e9 obtenues, pour le plus grand bonheur des amateurs passionn\u00e9s, des collectionneurs, et des jardiniers. Le genre dahlia offre une diversit\u00e9 fantastique de formes, de hauteurs et de coloris. Il ne lui manque que le parfum\u2026 et le pigment bleu pour compl\u00e9ter la gamme de ses coloris\u00a0!<\/p>\n","protected":false},"excerpt":{"rendered":"<p style=\"text-align: justify;\"><strong>Le Dahlia dentelle Champs Elys\u00e9es<\/strong> est une grande vari\u00e9t\u00e9 d&#8217;environ 150 cm de hauteur, \u00e0 grosses fleurs de 20 cm de diam\u00e8tre, de couleur saumon au c\u0153ur or. Ces p\u00e9tales sont recourb\u00e9s et forment des tubes fins qui donnent cet aspect si particulier \u00e0 cette fleur g\u00e9n\u00e9reuse. Cette cr\u00e9ation Ernest Turc produira des dizaines de fleurs pendant l&#8217;\u00e9t\u00e9 et il apportera de la hauteur au jardin, id\u00e9alement en fond de massif. gr\u00e2ce \u00e0 ses longues tiges, il composera de magnifiques bouquets lumineux et g\u00e9nreux.\u00a0<\/p>\n","protected":false},"featured_media":32492,"template":"","meta":{"_relevanssi_hide_post":"","_relevanssi_hide_content":"","_relevanssi_pin_for_all":"","_relevanssi_pin_keywords":"","_relevanssi_unpin_keywords":"","_relevanssi_related_keywords":"","_relevanssi_related_include_ids":"","_relevanssi_related_exclude_ids":"","_relevanssi_related_no_append":"","_relevanssi_related_not_related":"","_relevanssi_related_posts":"","_relevanssi_noindex_reason":""},"product_brand":[],"product_cat":[1609,179,180,212,903,737,2218,738,922,1608,183,182],"product_tag":[1054,834,1210,1201,951,1142],"class_list":{"0":"post-8136","1":"product","2":"type-product","3":"status-publish","4":"has-post-thumbnail","6":"product_cat-bouquets","7":"product_cat-bulbes","8":"product_cat-fleurs","9":"product_cat-theme","10":"product_cat-cactus","11":"product_cat-dahlia","12":"product_cat-fleurs-orange","13":"product_cat-hauts-dahlias","14":"product_cat-grosse-fleur","15":"product_cat-label-fleurs-de-france","16":"product_cat-ete","17":"product_cat-saison","18":"product_tag-bulbes-de-qualite","19":"product_tag-dahlia-bouquet","20":"product_tag-dahlia-champs-elysees","21":"product_tag-dahlia-dentelle","22":"product_tag-dahlia-francais","23":"product_tag-dahlia-haut","24":"pa_calibre-i","25":"pa_conditionnement-734","26":"pa_conditionnement-1443","27":"pa_couleur-jaune","28":"pa_couleur-de-feuillage-vert","29":"pa_disponibilite-de-fevrier-a-juin","30":"pa_exposition-ensoleillee","31":"pa_hauteur-de-la-plante-150-cm","32":"pa_logo-fleurs-de-france-oui","33":"pa_periode-de-recolte-floraison-aout","34":"pa_periode-de-recolte-floraison-juillet","35":"pa_periode-de-recolte-floraison-novembre","36":"pa_periode-de-recolte-floraison-octobre","37":"pa_periode-de-recolte-floraison-septembre","38":"pa_periode-de-semis-plantation-avril","39":"pa_periode-de-semis-plantation-mai","40":"pa_periode-de-semis-plantation-mars","41":"pa_rusticite-craint-le-gel","42":"pa_utilisation-fleur-coupee","43":"pa_utilisation-fleur-coupeemassif","44":"pa_utilisation-massif","46":"first","47":"outofstock","48":"taxable","49":"shipping-taxable","50":"purchasable","51":"product-type-variable","52":"has-default-attributes"},"bundled_by":[],"bundle_stock_status":"outofstock","bundle_stock_quantity":0,"bundle_virtual":false,"bundle_layout":"","bundle_add_to_cart_form_location":"","bundle_editable_in_cart":false,"bundle_sold_individually_context":"","bundle_item_grouping":"","bundle_min_size":"","bundle_max_size":"","bundled_items":[],"bundle_sell_ids":[],"yoast_head":"<!-- This site is optimized with the Yoast SEO Premium plugin v25.2 (Yoast SEO v27.5) - https:\/\/yoast.com\/product\/yoast-seo-premium-wordpress\/ -->\n<title>Dahlia Dentelle Champs Elys\u00e9es - Ernest TURC<\/title>\n<meta name=\"description\" content=\"Dahlia Dentelle Champs Elys\u00e9es \u00e0 acheter en ligne avec Ernest Turc, producteur de bulbes et de graines. D\u00e9couvrez notre s\u00e9lection de Cactus pour sublimer vos jardins.\" \/>\n<meta name=\"robots\" content=\"index, follow, max-snippet:-1, max-image-preview:large, max-video-preview:-1\" \/>\n<link rel=\"canonical\" href=\"https:\/\/www.ernest-turc.com\/boutique\/produits\/bulbes\/fleurs\/dahlia\/cactus\/dahlia-dentelle-champs-elysees\/\" \/>\n<meta property=\"og:locale\" content=\"fr_FR\" \/>\n<meta property=\"og:type\" content=\"article\" \/>\n<meta property=\"og:title\" content=\"Dahlia Dentelle Champs Elys\u00e9es\" \/>\n<meta property=\"og:description\" content=\"Dahlia Dentelle Champs Elys\u00e9es \u00e0 acheter en ligne avec Ernest Turc, producteur de bulbes et de graines. D\u00e9couvrez notre s\u00e9lection de Cactus pour sublimer vos jardins.\" \/>\n<meta property=\"og:url\" content=\"https:\/\/www.ernest-turc.com\/boutique\/produits\/bulbes\/fleurs\/dahlia\/cactus\/dahlia-dentelle-champs-elysees\/\" \/>\n<meta property=\"og:site_name\" content=\"Ernest TURC\" \/>\n<meta property=\"article:publisher\" content=\"https:\/\/www.facebook.com\/ErnestTURC49\" \/>\n<meta property=\"article:modified_time\" content=\"2025-05-20T14:08:45+00:00\" \/>\n<meta property=\"og:image\" content=\"https:\/\/www.ernest-turc.com\/boutique\/wp-content\/uploads\/2021\/03\/DAHLIA-DENTELLE-CHAMPS-ELYSEES-A-18.jpg\" \/>\n\t<meta property=\"og:image:width\" content=\"800\" \/>\n\t<meta property=\"og:image:height\" content=\"800\" \/>\n\t<meta property=\"og:image:type\" content=\"image\/jpeg\" \/>\n<meta name=\"twitter:card\" content=\"summary_large_image\" \/>\n<meta name=\"twitter:label1\" content=\"Disponibilit\u00e9\" \/>\n\t<meta name=\"twitter:data1\" content=\"Rupture de stock\" \/>\n<script type=\"application\/ld+json\" class=\"yoast-schema-graph\">{\"@context\":\"https:\\\/\\\/schema.org\",\"@graph\":[{\"@type\":\"WebPage\",\"@id\":\"https:\\\/\\\/www.ernest-turc.com\\\/boutique\\\/produits\\\/bulbes\\\/fleurs\\\/dahlia\\\/cactus\\\/dahlia-dentelle-champs-elysees\\\/\",\"url\":\"https:\\\/\\\/www.ernest-turc.com\\\/boutique\\\/produits\\\/bulbes\\\/fleurs\\\/dahlia\\\/cactus\\\/dahlia-dentelle-champs-elysees\\\/\",\"name\":\"Dahlia Dentelle Champs Elys\u00e9es - Ernest TURC\",\"isPartOf\":{\"@id\":\"https:\\\/\\\/www.ernest-turc.com\\\/boutique\\\/#website\"},\"primaryImageOfPage\":{\"@id\":\"https:\\\/\\\/www.ernest-turc.com\\\/boutique\\\/produits\\\/bulbes\\\/fleurs\\\/dahlia\\\/cactus\\\/dahlia-dentelle-champs-elysees\\\/#primaryimage\"},\"image\":{\"@id\":\"https:\\\/\\\/www.ernest-turc.com\\\/boutique\\\/produits\\\/bulbes\\\/fleurs\\\/dahlia\\\/cactus\\\/dahlia-dentelle-champs-elysees\\\/#primaryimage\"},\"thumbnailUrl\":\"https:\\\/\\\/www.ernest-turc.com\\\/boutique\\\/wp-content\\\/uploads\\\/2021\\\/03\\\/DAHLIA-DENTELLE-CHAMPS-ELYSEES-A-18.jpg\",\"datePublished\":\"2021-03-18T10:35:36+00:00\",\"dateModified\":\"2025-05-20T14:08:45+00:00\",\"description\":\"Dahlia Dentelle Champs Elys\u00e9es \u00e0 acheter en ligne avec Ernest Turc, producteur de bulbes et de graines. D\u00e9couvrez notre s\u00e9lection de Cactus pour sublimer vos jardins.\",\"breadcrumb\":{\"@id\":\"https:\\\/\\\/www.ernest-turc.com\\\/boutique\\\/produits\\\/bulbes\\\/fleurs\\\/dahlia\\\/cactus\\\/dahlia-dentelle-champs-elysees\\\/#breadcrumb\"},\"inLanguage\":\"fr-FR\",\"potentialAction\":[{\"@type\":\"ReadAction\",\"target\":[\"https:\\\/\\\/www.ernest-turc.com\\\/boutique\\\/produits\\\/bulbes\\\/fleurs\\\/dahlia\\\/cactus\\\/dahlia-dentelle-champs-elysees\\\/\"]}]},{\"@type\":\"ImageObject\",\"inLanguage\":\"fr-FR\",\"@id\":\"https:\\\/\\\/www.ernest-turc.com\\\/boutique\\\/produits\\\/bulbes\\\/fleurs\\\/dahlia\\\/cactus\\\/dahlia-dentelle-champs-elysees\\\/#primaryimage\",\"url\":\"https:\\\/\\\/www.ernest-turc.com\\\/boutique\\\/wp-content\\\/uploads\\\/2021\\\/03\\\/DAHLIA-DENTELLE-CHAMPS-ELYSEES-A-18.jpg\",\"contentUrl\":\"https:\\\/\\\/www.ernest-turc.com\\\/boutique\\\/wp-content\\\/uploads\\\/2021\\\/03\\\/DAHLIA-DENTELLE-CHAMPS-ELYSEES-A-18.jpg\",\"width\":800,\"height\":800,\"caption\":\"Dahlia dentelle Champs Elys\u00e9es\"},{\"@type\":\"BreadcrumbList\",\"@id\":\"https:\\\/\\\/www.ernest-turc.com\\\/boutique\\\/produits\\\/bulbes\\\/fleurs\\\/dahlia\\\/cactus\\\/dahlia-dentelle-champs-elysees\\\/#breadcrumb\",\"itemListElement\":[{\"@type\":\"ListItem\",\"position\":1,\"name\":\"Accueil\",\"item\":\"https:\\\/\\\/www.ernest-turc.com\\\/boutique\\\/\"},{\"@type\":\"ListItem\",\"position\":2,\"name\":\"Boutique\",\"item\":\"https:\\\/\\\/www.ernest-turc.fr\\\/boutique\\\/produits\\\/\"},{\"@type\":\"ListItem\",\"position\":3,\"name\":\"Dahlia Dentelle Champs Elys\u00e9es\"}]},{\"@type\":\"WebSite\",\"@id\":\"https:\\\/\\\/www.ernest-turc.com\\\/boutique\\\/#website\",\"url\":\"https:\\\/\\\/www.ernest-turc.com\\\/boutique\\\/\",\"name\":\"Ernest TURC\",\"description\":\"\",\"publisher\":{\"@id\":\"https:\\\/\\\/www.ernest-turc.com\\\/boutique\\\/#organization\"},\"potentialAction\":[{\"@type\":\"SearchAction\",\"target\":{\"@type\":\"EntryPoint\",\"urlTemplate\":\"https:\\\/\\\/www.ernest-turc.com\\\/boutique\\\/?s={search_term_string}\"},\"query-input\":{\"@type\":\"PropertyValueSpecification\",\"valueRequired\":true,\"valueName\":\"search_term_string\"}}],\"inLanguage\":\"fr-FR\"},{\"@type\":\"Organization\",\"@id\":\"https:\\\/\\\/www.ernest-turc.com\\\/boutique\\\/#organization\",\"name\":\"Boutique Ernest TURC\",\"alternateName\":\"Ernest TURC\",\"url\":\"https:\\\/\\\/www.ernest-turc.com\\\/boutique\\\/\",\"logo\":{\"@type\":\"ImageObject\",\"inLanguage\":\"fr-FR\",\"@id\":\"https:\\\/\\\/www.ernest-turc.com\\\/boutique\\\/#\\\/schema\\\/logo\\\/image\\\/\",\"url\":\"https:\\\/\\\/www.ernest-turc.com\\\/boutique\\\/wp-content\\\/uploads\\\/2020\\\/10\\\/logo.png\",\"contentUrl\":\"https:\\\/\\\/www.ernest-turc.com\\\/boutique\\\/wp-content\\\/uploads\\\/2020\\\/10\\\/logo.png\",\"width\":161,\"height\":161,\"caption\":\"Boutique Ernest TURC\"},\"image\":{\"@id\":\"https:\\\/\\\/www.ernest-turc.com\\\/boutique\\\/#\\\/schema\\\/logo\\\/image\\\/\"},\"sameAs\":[\"https:\\\/\\\/www.facebook.com\\\/ErnestTURC49\",\"https:\\\/\\\/www.instagram.com\\\/ernestturc\",\"https:\\\/\\\/www.linkedin.com\\\/company\\\/ernest-turc\\\/\",\"https:\\\/\\\/www.pinterest.fr\\\/ernestturc\",\"https:\\\/\\\/www.youtube.com\\\/channel\\\/UCH3ntWhy3mdcqw9-xF6pmEQ\"]}]}<\/script>\n<meta property=\"og:availability\" content=\"out of stock\" \/>\n<meta property=\"product:availability\" content=\"out of stock\" \/>\n<meta property=\"product:retailer_item_id\" content=\"957139\" \/>\n<meta property=\"product:condition\" content=\"new\" \/>\n<!-- \/ Yoast SEO Premium plugin. -->","yoast_head_json":{"title":"Dahlia Dentelle Champs Elys\u00e9es - Ernest TURC","description":"Dahlia Dentelle Champs Elys\u00e9es \u00e0 acheter en ligne avec Ernest Turc, producteur de bulbes et de graines. D\u00e9couvrez notre s\u00e9lection de Cactus pour sublimer vos jardins.","robots":{"index":"index","follow":"follow","max-snippet":"max-snippet:-1","max-image-preview":"max-image-preview:large","max-video-preview":"max-video-preview:-1"},"canonical":"https:\/\/www.ernest-turc.com\/boutique\/produits\/bulbes\/fleurs\/dahlia\/cactus\/dahlia-dentelle-champs-elysees\/","og_locale":"fr_FR","og_type":"article","og_title":"Dahlia Dentelle Champs Elys\u00e9es","og_description":"Dahlia Dentelle Champs Elys\u00e9es \u00e0 acheter en ligne avec Ernest Turc, producteur de bulbes et de graines. D\u00e9couvrez notre s\u00e9lection de Cactus pour sublimer vos jardins.","og_url":"https:\/\/www.ernest-turc.com\/boutique\/produits\/bulbes\/fleurs\/dahlia\/cactus\/dahlia-dentelle-champs-elysees\/","og_site_name":"Ernest TURC","article_publisher":"https:\/\/www.facebook.com\/ErnestTURC49","article_modified_time":"2025-05-20T14:08:45+00:00","og_image":[{"width":800,"height":800,"url":"https:\/\/www.ernest-turc.com\/boutique\/wp-content\/uploads\/2021\/03\/DAHLIA-DENTELLE-CHAMPS-ELYSEES-A-18.jpg","type":"image\/jpeg"}],"twitter_card":"summary_large_image","twitter_misc":{"Disponibilit\u00e9":"Rupture de stock"},"schema":{"@context":"https:\/\/schema.org","@graph":[{"@type":"WebPage","@id":"https:\/\/www.ernest-turc.com\/boutique\/produits\/bulbes\/fleurs\/dahlia\/cactus\/dahlia-dentelle-champs-elysees\/","url":"https:\/\/www.ernest-turc.com\/boutique\/produits\/bulbes\/fleurs\/dahlia\/cactus\/dahlia-dentelle-champs-elysees\/","name":"Dahlia Dentelle Champs Elys\u00e9es - Ernest TURC","isPartOf":{"@id":"https:\/\/www.ernest-turc.com\/boutique\/#website"},"primaryImageOfPage":{"@id":"https:\/\/www.ernest-turc.com\/boutique\/produits\/bulbes\/fleurs\/dahlia\/cactus\/dahlia-dentelle-champs-elysees\/#primaryimage"},"image":{"@id":"https:\/\/www.ernest-turc.com\/boutique\/produits\/bulbes\/fleurs\/dahlia\/cactus\/dahlia-dentelle-champs-elysees\/#primaryimage"},"thumbnailUrl":"https:\/\/www.ernest-turc.com\/boutique\/wp-content\/uploads\/2021\/03\/DAHLIA-DENTELLE-CHAMPS-ELYSEES-A-18.jpg","datePublished":"2021-03-18T10:35:36+00:00","dateModified":"2025-05-20T14:08:45+00:00","description":"Dahlia Dentelle Champs Elys\u00e9es \u00e0 acheter en ligne avec Ernest Turc, producteur de bulbes et de graines. D\u00e9couvrez notre s\u00e9lection de Cactus pour sublimer vos jardins.","breadcrumb":{"@id":"https:\/\/www.ernest-turc.com\/boutique\/produits\/bulbes\/fleurs\/dahlia\/cactus\/dahlia-dentelle-champs-elysees\/#breadcrumb"},"inLanguage":"fr-FR","potentialAction":[{"@type":"ReadAction","target":["https:\/\/www.ernest-turc.com\/boutique\/produits\/bulbes\/fleurs\/dahlia\/cactus\/dahlia-dentelle-champs-elysees\/"]}]},{"@type":"ImageObject","inLanguage":"fr-FR","@id":"https:\/\/www.ernest-turc.com\/boutique\/produits\/bulbes\/fleurs\/dahlia\/cactus\/dahlia-dentelle-champs-elysees\/#primaryimage","url":"https:\/\/www.ernest-turc.com\/boutique\/wp-content\/uploads\/2021\/03\/DAHLIA-DENTELLE-CHAMPS-ELYSEES-A-18.jpg","contentUrl":"https:\/\/www.ernest-turc.com\/boutique\/wp-content\/uploads\/2021\/03\/DAHLIA-DENTELLE-CHAMPS-ELYSEES-A-18.jpg","width":800,"height":800,"caption":"Dahlia dentelle Champs Elys\u00e9es"},{"@type":"BreadcrumbList","@id":"https:\/\/www.ernest-turc.com\/boutique\/produits\/bulbes\/fleurs\/dahlia\/cactus\/dahlia-dentelle-champs-elysees\/#breadcrumb","itemListElement":[{"@type":"ListItem","position":1,"name":"Accueil","item":"https:\/\/www.ernest-turc.com\/boutique\/"},{"@type":"ListItem","position":2,"name":"Boutique","item":"https:\/\/www.ernest-turc.fr\/boutique\/produits\/"},{"@type":"ListItem","position":3,"name":"Dahlia Dentelle Champs Elys\u00e9es"}]},{"@type":"WebSite","@id":"https:\/\/www.ernest-turc.com\/boutique\/#website","url":"https:\/\/www.ernest-turc.com\/boutique\/","name":"Ernest TURC","description":"","publisher":{"@id":"https:\/\/www.ernest-turc.com\/boutique\/#organization"},"potentialAction":[{"@type":"SearchAction","target":{"@type":"EntryPoint","urlTemplate":"https:\/\/www.ernest-turc.com\/boutique\/?s={search_term_string}"},"query-input":{"@type":"PropertyValueSpecification","valueRequired":true,"valueName":"search_term_string"}}],"inLanguage":"fr-FR"},{"@type":"Organization","@id":"https:\/\/www.ernest-turc.com\/boutique\/#organization","name":"Boutique Ernest TURC","alternateName":"Ernest TURC","url":"https:\/\/www.ernest-turc.com\/boutique\/","logo":{"@type":"ImageObject","inLanguage":"fr-FR","@id":"https:\/\/www.ernest-turc.com\/boutique\/#\/schema\/logo\/image\/","url":"https:\/\/www.ernest-turc.com\/boutique\/wp-content\/uploads\/2020\/10\/logo.png","contentUrl":"https:\/\/www.ernest-turc.com\/boutique\/wp-content\/uploads\/2020\/10\/logo.png","width":161,"height":161,"caption":"Boutique Ernest TURC"},"image":{"@id":"https:\/\/www.ernest-turc.com\/boutique\/#\/schema\/logo\/image\/"},"sameAs":["https:\/\/www.facebook.com\/ErnestTURC49","https:\/\/www.instagram.com\/ernestturc","https:\/\/www.linkedin.com\/company\/ernest-turc\/","https:\/\/www.pinterest.fr\/ernestturc","https:\/\/www.youtube.com\/channel\/UCH3ntWhy3mdcqw9-xF6pmEQ"]}]},"og_availability":"out of stock","product_availability":"out of stock","product_retailer_item_id":"957139","product_condition":"new"},"_links":{"self":[{"href":"https:\/\/www.ernest-turc.com\/boutique\/wp-json\/wp\/v2\/product\/8136","targetHints":{"allow":["GET"]}}],"collection":[{"href":"https:\/\/www.ernest-turc.com\/boutique\/wp-json\/wp\/v2\/product"}],"about":[{"href":"https:\/\/www.ernest-turc.com\/boutique\/wp-json\/wp\/v2\/types\/product"}],"wp:featuredmedia":[{"embeddable":true,"href":"https:\/\/www.ernest-turc.com\/boutique\/wp-json\/wp\/v2\/media\/32492"}],"wp:attachment":[{"href":"https:\/\/www.ernest-turc.com\/boutique\/wp-json\/wp\/v2\/media?parent=8136"}],"wp:term":[{"taxonomy":"product_brand","embeddable":true,"href":"https:\/\/www.ernest-turc.com\/boutique\/wp-json\/wp\/v2\/product_brand?post=8136"},{"taxonomy":"product_cat","embeddable":true,"href":"https:\/\/www.ernest-turc.com\/boutique\/wp-json\/wp\/v2\/product_cat?post=8136"},{"taxonomy":"product_tag","embeddable":true,"href":"https:\/\/www.ernest-turc.com\/boutique\/wp-json\/wp\/v2\/product_tag?post=8136"}],"curies":[{"name":"wp","href":"https:\/\/api.w.org\/{rel}","templated":true}]}}