{"id":7846,"date":"2021-03-18T10:24:24","date_gmt":"2021-03-18T10:24:24","guid":{"rendered":"https:\/\/www.ernest-turc.com\/boutique\/boutique\/dahlia-decoratif-chateau-de-la-bourdaisiere-bio\/"},"modified":"2026-03-17T17:27:53","modified_gmt":"2026-03-17T17:27:53","slug":"dahlia-decoratif-chateau-de-la-bourdaisiere-bio","status":"publish","type":"product","link":"https:\/\/www.ernest-turc.com\/boutique\/produits\/bulbes\/fleurs\/dahlia\/decoratifs\/dahlia-decoratif-chateau-de-la-bourdaisiere-bio\/","title":{"rendered":"Dahlia D\u00e9coratif Ch\u00e2teau de la Bourdaisi\u00e8re Bio"},"content":{"rendered":"<p style=\"text-align: justify;\">Le <strong>Dahlia d\u00e9coratif Ch\u00e2teau de la Bourdaisi\u00e8re Bio<\/strong> a \u00e9t\u00e9 baptis\u00e9 ainsi en l&#8217;honneur du Ch\u00e2teau du m\u00eame nom, en Indre-et-Loire, et de son magnifique jardin de Dahlias, le &#8220;Dahliacolor&#8221;. Un Dahlia exceptionnel pour un lieu exceptionnel ! Cette cr\u00e9ation Ernest Turc de 120 cm de haut produit des fleurs \u00e0 la couleur particuli\u00e8re, vieux rose presque saumon\u00e9, et aux tiges sombres. Cette vari\u00e9t\u00e9 est tr\u00e8s florif\u00e8re, et peut produire plusieurs dizaines de fleurs chaque ann\u00e9e. Avec ses 15 cm de diam\u00e8tre, quelques fleurs suffiront pour cr\u00e9er de beaux bouquets d&#8217;\u00e9t\u00e9. En massif cette vari\u00e9t\u00e9 ne passe pas inaper\u00e7ue gr\u00e2ce \u00e0 ses fleurs si singuli\u00e8res.<\/p>\n<p style=\"text-align: justify;\">Originaire d\u2019Am\u00e9rique centrale et principalement du Mexique, le dahlia, utilis\u00e9 autrefois par les Azt\u00e8ques comme plante comestible, est import\u00e9 en Europe au 18\u00e8me si\u00e8cle pour remplacer la pomme de terre. Sans succ\u00e8s\u2026 ses qualit\u00e9s d\u00e9coratives et ornementales ont vite supplant\u00e9 ses propri\u00e9t\u00e9s nutritives, surtout lorsque les premi\u00e8res fleurs doubles de type cactus ont \u00e9t\u00e9 hybrid\u00e9es. Aujourd\u2019hui, ce sont plus de quarante mille vari\u00e9t\u00e9s hybrides qui ont \u00e9t\u00e9 obtenues, pour le plus grand bonheur des amateurs passionn\u00e9s, des collectionneurs, et des jardiniers. Le genre dahlia offre une diversit\u00e9 fantastique de formes, de hauteurs et de coloris. Il ne lui manque que le parfum\u2026 et le pigment bleu pour compl\u00e9ter la gamme de ses coloris\u00a0!<\/p>\n","protected":false},"excerpt":{"rendered":"<p style=\"text-align: justify;\">Le <strong>Dahlia d\u00e9coratif Ch\u00e2teau de la Bourdaisi\u00e8re Bio<\/strong> a \u00e9t\u00e9 baptis\u00e9 ainsi en l&#8217;honneur du Ch\u00e2teau du m\u00eame nom, en Indre-et-Loire, et de son magnifique jardin de Dahlias, le &#8220;Dahliacolor&#8221;. Un Dahlia exceptionnel pour un lieu exceptionnel ! Cette cr\u00e9ation Ernest Turc de 120 cm de haut produit des fleurs \u00e0 la couleur particuli\u00e8re, vieux rose presque saumon\u00e9, et aux tiges sombres. Cette vari\u00e9t\u00e9 est tr\u00e8s florif\u00e8re, et peut produire plusieurs dizaines de fleurs chaque ann\u00e9e. Avec ses 15 cm de diam\u00e8tre, quelques fleurs suffiront pour cr\u00e9er de beaux bouquets d&#8217;\u00e9t\u00e9. En massif cette vari\u00e9t\u00e9 ne passe pas inaper\u00e7ue gr\u00e2ce \u00e0 ses fleurs si singuli\u00e8res.<\/p>\n","protected":false},"featured_media":7848,"template":"","meta":{"_relevanssi_hide_post":"","_relevanssi_hide_content":"","_relevanssi_pin_for_all":"","_relevanssi_pin_keywords":"","_relevanssi_unpin_keywords":"","_relevanssi_related_keywords":"","_relevanssi_related_include_ids":"","_relevanssi_related_exclude_ids":"","_relevanssi_related_no_append":"","_relevanssi_related_not_related":"","_relevanssi_related_posts":"","_relevanssi_noindex_reason":""},"product_brand":[],"product_cat":[225,1609,179,180,1611,212,737,1612,1111,2218,738,1608,1796,183,182],"product_tag":[1127,906,1845,757,949,1129,1128,1079,1078],"class_list":{"0":"post-7846","1":"product","2":"type-product","3":"status-publish","4":"has-post-thumbnail","6":"product_cat-bio","7":"product_cat-bouquets","8":"product_cat-bulbes","9":"product_cat-fleurs","10":"product_cat-bulbes-bio","11":"product_cat-theme","12":"product_cat-dahlia","13":"product_cat-dahlias-bio","14":"product_cat-decoratifs","15":"product_cat-fleurs-orange","16":"product_cat-hauts-dahlias","17":"product_cat-label-fleurs-de-france","18":"product_cat-nos-dahlias-stars","19":"product_cat-ete","20":"product_cat-saison","21":"product_tag-dahlia-bourdaisiere","22":"product_tag-dahlia-ernest-turc","23":"product_tag-dahlia-exceptionnel","24":"product_tag-dahlia-qualite","25":"product_tag-fleur-dete-rose","26":"product_tag-fleur-ete-bouquet","27":"product_tag-fleur-vieux-rose","28":"product_tag-fleurs-gelees","29":"product_tag-plante-florifere","30":"pa_bio-logo-ab-oui","31":"pa_calibre-i","32":"pa_conditionnement-734","33":"pa_conditionnement-1443","34":"pa_couleur-orange","35":"pa_couleur-de-feuillage-vert","36":"pa_disponibilite-de-fevrier-a-juin","37":"pa_exposition-ensoleillee","38":"pa_hauteur-de-la-plante-120-cm","39":"pa_logo-fleurs-de-france-oui","40":"pa_periode-de-recolte-floraison-aout","41":"pa_periode-de-recolte-floraison-juillet","42":"pa_periode-de-recolte-floraison-novembre","43":"pa_periode-de-recolte-floraison-octobre","44":"pa_periode-de-recolte-floraison-septembre","45":"pa_periode-de-semis-plantation-avril","46":"pa_periode-de-semis-plantation-mai","47":"pa_periode-de-semis-plantation-mars","48":"pa_rusticite-craint-le-gel","49":"pa_utilisation-fleur-coupee","50":"pa_utilisation-fleur-coupeemassif","51":"pa_utilisation-massif","53":"first","54":"outofstock","55":"taxable","56":"shipping-taxable","57":"purchasable","58":"product-type-variable","59":"has-default-attributes"},"bundled_by":[],"bundle_stock_status":"outofstock","bundle_stock_quantity":0,"bundle_virtual":false,"bundle_layout":"","bundle_add_to_cart_form_location":"","bundle_editable_in_cart":false,"bundle_sold_individually_context":"","bundle_item_grouping":"","bundle_min_size":"","bundle_max_size":"","bundled_items":[],"bundle_sell_ids":[],"yoast_head":"<!-- This site is optimized with the Yoast SEO Premium plugin v25.2 (Yoast SEO v27.3) - https:\/\/yoast.com\/product\/yoast-seo-premium-wordpress\/ -->\n<title>Dahlia D\u00e9coratif Ch\u00e2teau de la Bourdaisi\u00e8re Bio - Ernest TURC<\/title>\n<meta name=\"description\" content=\"Vivez une exp\u00e9rience fascinante avec le Dahlia d\u00e9coratif Ch\u00e2teau de la Bourdaisi\u00e8re Bio. D\u00e9couvrez sa hauteur exceptionnelle!\" \/>\n<meta name=\"robots\" content=\"index, follow, max-snippet:-1, max-image-preview:large, max-video-preview:-1\" \/>\n<link rel=\"canonical\" href=\"https:\/\/www.ernest-turc.com\/boutique\/produits\/bulbes\/fleurs\/dahlia\/decoratifs\/dahlia-decoratif-chateau-de-la-bourdaisiere-bio\/\" \/>\n<meta property=\"og:locale\" content=\"fr_FR\" \/>\n<meta property=\"og:type\" content=\"article\" \/>\n<meta property=\"og:title\" content=\"Dahlia D\u00e9coratif Ch\u00e2teau de la Bourdaisi\u00e8re Bio: Ernest Turc 120 cm\" \/>\n<meta property=\"og:description\" content=\"Honorez le Ch\u00e2teau Ch\u00e2teau de la Bourdaisi\u00e8re Bio &amp; son jardin en achetant le Dahlia \ud83d\udc90 \u00e0 fleurs vieux roses, tiges sombres et 120 cm de haut\ud83d\udc4d Planter maintenant pour admirer plus tard !\" \/>\n<meta property=\"og:url\" content=\"https:\/\/www.ernest-turc.com\/boutique\/produits\/bulbes\/fleurs\/dahlia\/decoratifs\/dahlia-decoratif-chateau-de-la-bourdaisiere-bio\/\" \/>\n<meta property=\"og:site_name\" content=\"Ernest TURC\" \/>\n<meta property=\"article:publisher\" content=\"https:\/\/www.facebook.com\/ErnestTURC49\" \/>\n<meta property=\"article:modified_time\" content=\"2026-03-17T17:27:53+00:00\" \/>\n<meta property=\"og:image\" content=\"https:\/\/www.ernest-turc.com\/boutique\/wp-content\/uploads\/2021\/01\/dahlia-decoratif-chateau-de-la-bourdaisiere-bio.jpg\" \/>\n\t<meta property=\"og:image:width\" content=\"800\" \/>\n\t<meta property=\"og:image:height\" content=\"800\" \/>\n\t<meta property=\"og:image:type\" content=\"image\/jpeg\" \/>\n<meta name=\"twitter:card\" content=\"summary_large_image\" \/>\n<meta name=\"twitter:title\" content=\"Dahlia D\u00e9coratif Ch\u00e2teau de la Bourdaisi\u00e8re Bio: Le Top !\" \/>\n<meta name=\"twitter:description\" content=\"Avez-vous d\u00e9j\u00e0 vu le Dahlia d\u00e9coratif Ch\u00e2teau de la Bourdaisi\u00e8re Bio? D\u00e9couvrez cette exception \ud83c\udf38 en l&#039;honneur de ce lieu \ud83c\udff0 sp\u00e9cial!\" \/>\n<meta name=\"twitter:label1\" content=\"Disponibilit\u00e9\" \/>\n\t<meta name=\"twitter:data1\" content=\"Rupture de stock\" \/>\n<script type=\"application\/ld+json\" class=\"yoast-schema-graph\">{\"@context\":\"https:\\\/\\\/schema.org\",\"@graph\":[{\"@type\":\"WebPage\",\"@id\":\"https:\\\/\\\/www.ernest-turc.com\\\/boutique\\\/produits\\\/bulbes\\\/fleurs\\\/dahlia\\\/decoratifs\\\/dahlia-decoratif-chateau-de-la-bourdaisiere-bio\\\/\",\"url\":\"https:\\\/\\\/www.ernest-turc.com\\\/boutique\\\/produits\\\/bulbes\\\/fleurs\\\/dahlia\\\/decoratifs\\\/dahlia-decoratif-chateau-de-la-bourdaisiere-bio\\\/\",\"name\":\"Dahlia D\u00e9coratif Ch\u00e2teau de la Bourdaisi\u00e8re Bio - Ernest TURC\",\"isPartOf\":{\"@id\":\"https:\\\/\\\/www.ernest-turc.com\\\/boutique\\\/#website\"},\"primaryImageOfPage\":{\"@id\":\"https:\\\/\\\/www.ernest-turc.com\\\/boutique\\\/produits\\\/bulbes\\\/fleurs\\\/dahlia\\\/decoratifs\\\/dahlia-decoratif-chateau-de-la-bourdaisiere-bio\\\/#primaryimage\"},\"image\":{\"@id\":\"https:\\\/\\\/www.ernest-turc.com\\\/boutique\\\/produits\\\/bulbes\\\/fleurs\\\/dahlia\\\/decoratifs\\\/dahlia-decoratif-chateau-de-la-bourdaisiere-bio\\\/#primaryimage\"},\"thumbnailUrl\":\"https:\\\/\\\/www.ernest-turc.com\\\/boutique\\\/wp-content\\\/uploads\\\/2021\\\/01\\\/dahlia-decoratif-chateau-de-la-bourdaisiere-bio.jpg\",\"datePublished\":\"2021-03-18T10:24:24+00:00\",\"dateModified\":\"2026-03-17T17:27:53+00:00\",\"description\":\"Vivez une exp\u00e9rience fascinante avec le Dahlia d\u00e9coratif Ch\u00e2teau de la Bourdaisi\u00e8re Bio. D\u00e9couvrez sa hauteur exceptionnelle!\",\"breadcrumb\":{\"@id\":\"https:\\\/\\\/www.ernest-turc.com\\\/boutique\\\/produits\\\/bulbes\\\/fleurs\\\/dahlia\\\/decoratifs\\\/dahlia-decoratif-chateau-de-la-bourdaisiere-bio\\\/#breadcrumb\"},\"inLanguage\":\"fr-FR\",\"potentialAction\":[{\"@type\":\"ReadAction\",\"target\":[\"https:\\\/\\\/www.ernest-turc.com\\\/boutique\\\/produits\\\/bulbes\\\/fleurs\\\/dahlia\\\/decoratifs\\\/dahlia-decoratif-chateau-de-la-bourdaisiere-bio\\\/\"]}]},{\"@type\":\"ImageObject\",\"inLanguage\":\"fr-FR\",\"@id\":\"https:\\\/\\\/www.ernest-turc.com\\\/boutique\\\/produits\\\/bulbes\\\/fleurs\\\/dahlia\\\/decoratifs\\\/dahlia-decoratif-chateau-de-la-bourdaisiere-bio\\\/#primaryimage\",\"url\":\"https:\\\/\\\/www.ernest-turc.com\\\/boutique\\\/wp-content\\\/uploads\\\/2021\\\/01\\\/dahlia-decoratif-chateau-de-la-bourdaisiere-bio.jpg\",\"contentUrl\":\"https:\\\/\\\/www.ernest-turc.com\\\/boutique\\\/wp-content\\\/uploads\\\/2021\\\/01\\\/dahlia-decoratif-chateau-de-la-bourdaisiere-bio.jpg\",\"width\":800,\"height\":800,\"caption\":\"Dahlia D\u00e9coratif Ch\u00e2teau de la Bourdaisi\u00e8re\"},{\"@type\":\"BreadcrumbList\",\"@id\":\"https:\\\/\\\/www.ernest-turc.com\\\/boutique\\\/produits\\\/bulbes\\\/fleurs\\\/dahlia\\\/decoratifs\\\/dahlia-decoratif-chateau-de-la-bourdaisiere-bio\\\/#breadcrumb\",\"itemListElement\":[{\"@type\":\"ListItem\",\"position\":1,\"name\":\"Accueil\",\"item\":\"https:\\\/\\\/www.ernest-turc.com\\\/boutique\\\/\"},{\"@type\":\"ListItem\",\"position\":2,\"name\":\"Boutique\",\"item\":\"https:\\\/\\\/www.ernest-turc.fr\\\/boutique\\\/produits\\\/\"},{\"@type\":\"ListItem\",\"position\":3,\"name\":\"Dahlia D\u00e9coratif Ch\u00e2teau de la Bourdaisi\u00e8re Bio\"}]},{\"@type\":\"WebSite\",\"@id\":\"https:\\\/\\\/www.ernest-turc.com\\\/boutique\\\/#website\",\"url\":\"https:\\\/\\\/www.ernest-turc.com\\\/boutique\\\/\",\"name\":\"Ernest TURC\",\"description\":\"\",\"publisher\":{\"@id\":\"https:\\\/\\\/www.ernest-turc.com\\\/boutique\\\/#organization\"},\"potentialAction\":[{\"@type\":\"SearchAction\",\"target\":{\"@type\":\"EntryPoint\",\"urlTemplate\":\"https:\\\/\\\/www.ernest-turc.com\\\/boutique\\\/?s={search_term_string}\"},\"query-input\":{\"@type\":\"PropertyValueSpecification\",\"valueRequired\":true,\"valueName\":\"search_term_string\"}}],\"inLanguage\":\"fr-FR\"},{\"@type\":\"Organization\",\"@id\":\"https:\\\/\\\/www.ernest-turc.com\\\/boutique\\\/#organization\",\"name\":\"Boutique Ernest TURC\",\"alternateName\":\"Ernest TURC\",\"url\":\"https:\\\/\\\/www.ernest-turc.com\\\/boutique\\\/\",\"logo\":{\"@type\":\"ImageObject\",\"inLanguage\":\"fr-FR\",\"@id\":\"https:\\\/\\\/www.ernest-turc.com\\\/boutique\\\/#\\\/schema\\\/logo\\\/image\\\/\",\"url\":\"https:\\\/\\\/www.ernest-turc.com\\\/boutique\\\/wp-content\\\/uploads\\\/2020\\\/10\\\/logo.png\",\"contentUrl\":\"https:\\\/\\\/www.ernest-turc.com\\\/boutique\\\/wp-content\\\/uploads\\\/2020\\\/10\\\/logo.png\",\"width\":161,\"height\":161,\"caption\":\"Boutique Ernest TURC\"},\"image\":{\"@id\":\"https:\\\/\\\/www.ernest-turc.com\\\/boutique\\\/#\\\/schema\\\/logo\\\/image\\\/\"},\"sameAs\":[\"https:\\\/\\\/www.facebook.com\\\/ErnestTURC49\",\"https:\\\/\\\/www.instagram.com\\\/ernestturc\",\"https:\\\/\\\/www.linkedin.com\\\/company\\\/ernest-turc\\\/\",\"https:\\\/\\\/www.pinterest.fr\\\/ernestturc\",\"https:\\\/\\\/www.youtube.com\\\/channel\\\/UCH3ntWhy3mdcqw9-xF6pmEQ\"]}]}<\/script>\n<meta property=\"og:availability\" content=\"out of stock\" \/>\n<meta property=\"product:availability\" content=\"out of stock\" \/>\n<meta property=\"product:retailer_item_id\" content=\"957158\" \/>\n<meta property=\"product:condition\" content=\"new\" \/>\n<!-- \/ Yoast SEO Premium plugin. -->","yoast_head_json":{"title":"Dahlia D\u00e9coratif Ch\u00e2teau de la Bourdaisi\u00e8re Bio - Ernest TURC","description":"Vivez une exp\u00e9rience fascinante avec le Dahlia d\u00e9coratif Ch\u00e2teau de la Bourdaisi\u00e8re Bio. D\u00e9couvrez sa hauteur exceptionnelle!","robots":{"index":"index","follow":"follow","max-snippet":"max-snippet:-1","max-image-preview":"max-image-preview:large","max-video-preview":"max-video-preview:-1"},"canonical":"https:\/\/www.ernest-turc.com\/boutique\/produits\/bulbes\/fleurs\/dahlia\/decoratifs\/dahlia-decoratif-chateau-de-la-bourdaisiere-bio\/","og_locale":"fr_FR","og_type":"article","og_title":"Dahlia D\u00e9coratif Ch\u00e2teau de la Bourdaisi\u00e8re Bio: Ernest Turc 120 cm","og_description":"Honorez le Ch\u00e2teau Ch\u00e2teau de la Bourdaisi\u00e8re Bio & son jardin en achetant le Dahlia \ud83d\udc90 \u00e0 fleurs vieux roses, tiges sombres et 120 cm de haut\ud83d\udc4d Planter maintenant pour admirer plus tard !","og_url":"https:\/\/www.ernest-turc.com\/boutique\/produits\/bulbes\/fleurs\/dahlia\/decoratifs\/dahlia-decoratif-chateau-de-la-bourdaisiere-bio\/","og_site_name":"Ernest TURC","article_publisher":"https:\/\/www.facebook.com\/ErnestTURC49","article_modified_time":"2026-03-17T17:27:53+00:00","og_image":[{"width":800,"height":800,"url":"https:\/\/www.ernest-turc.com\/boutique\/wp-content\/uploads\/2021\/01\/dahlia-decoratif-chateau-de-la-bourdaisiere-bio.jpg","type":"image\/jpeg"}],"twitter_card":"summary_large_image","twitter_title":"Dahlia D\u00e9coratif Ch\u00e2teau de la Bourdaisi\u00e8re Bio: Le Top !","twitter_description":"Avez-vous d\u00e9j\u00e0 vu le Dahlia d\u00e9coratif Ch\u00e2teau de la Bourdaisi\u00e8re Bio? D\u00e9couvrez cette exception \ud83c\udf38 en l'honneur de ce lieu \ud83c\udff0 sp\u00e9cial!","twitter_misc":{"Disponibilit\u00e9":"Rupture de stock"},"schema":{"@context":"https:\/\/schema.org","@graph":[{"@type":"WebPage","@id":"https:\/\/www.ernest-turc.com\/boutique\/produits\/bulbes\/fleurs\/dahlia\/decoratifs\/dahlia-decoratif-chateau-de-la-bourdaisiere-bio\/","url":"https:\/\/www.ernest-turc.com\/boutique\/produits\/bulbes\/fleurs\/dahlia\/decoratifs\/dahlia-decoratif-chateau-de-la-bourdaisiere-bio\/","name":"Dahlia D\u00e9coratif Ch\u00e2teau de la Bourdaisi\u00e8re Bio - Ernest TURC","isPartOf":{"@id":"https:\/\/www.ernest-turc.com\/boutique\/#website"},"primaryImageOfPage":{"@id":"https:\/\/www.ernest-turc.com\/boutique\/produits\/bulbes\/fleurs\/dahlia\/decoratifs\/dahlia-decoratif-chateau-de-la-bourdaisiere-bio\/#primaryimage"},"image":{"@id":"https:\/\/www.ernest-turc.com\/boutique\/produits\/bulbes\/fleurs\/dahlia\/decoratifs\/dahlia-decoratif-chateau-de-la-bourdaisiere-bio\/#primaryimage"},"thumbnailUrl":"https:\/\/www.ernest-turc.com\/boutique\/wp-content\/uploads\/2021\/01\/dahlia-decoratif-chateau-de-la-bourdaisiere-bio.jpg","datePublished":"2021-03-18T10:24:24+00:00","dateModified":"2026-03-17T17:27:53+00:00","description":"Vivez une exp\u00e9rience fascinante avec le Dahlia d\u00e9coratif Ch\u00e2teau de la Bourdaisi\u00e8re Bio. D\u00e9couvrez sa hauteur exceptionnelle!","breadcrumb":{"@id":"https:\/\/www.ernest-turc.com\/boutique\/produits\/bulbes\/fleurs\/dahlia\/decoratifs\/dahlia-decoratif-chateau-de-la-bourdaisiere-bio\/#breadcrumb"},"inLanguage":"fr-FR","potentialAction":[{"@type":"ReadAction","target":["https:\/\/www.ernest-turc.com\/boutique\/produits\/bulbes\/fleurs\/dahlia\/decoratifs\/dahlia-decoratif-chateau-de-la-bourdaisiere-bio\/"]}]},{"@type":"ImageObject","inLanguage":"fr-FR","@id":"https:\/\/www.ernest-turc.com\/boutique\/produits\/bulbes\/fleurs\/dahlia\/decoratifs\/dahlia-decoratif-chateau-de-la-bourdaisiere-bio\/#primaryimage","url":"https:\/\/www.ernest-turc.com\/boutique\/wp-content\/uploads\/2021\/01\/dahlia-decoratif-chateau-de-la-bourdaisiere-bio.jpg","contentUrl":"https:\/\/www.ernest-turc.com\/boutique\/wp-content\/uploads\/2021\/01\/dahlia-decoratif-chateau-de-la-bourdaisiere-bio.jpg","width":800,"height":800,"caption":"Dahlia D\u00e9coratif Ch\u00e2teau de la Bourdaisi\u00e8re"},{"@type":"BreadcrumbList","@id":"https:\/\/www.ernest-turc.com\/boutique\/produits\/bulbes\/fleurs\/dahlia\/decoratifs\/dahlia-decoratif-chateau-de-la-bourdaisiere-bio\/#breadcrumb","itemListElement":[{"@type":"ListItem","position":1,"name":"Accueil","item":"https:\/\/www.ernest-turc.com\/boutique\/"},{"@type":"ListItem","position":2,"name":"Boutique","item":"https:\/\/www.ernest-turc.fr\/boutique\/produits\/"},{"@type":"ListItem","position":3,"name":"Dahlia D\u00e9coratif Ch\u00e2teau de la Bourdaisi\u00e8re Bio"}]},{"@type":"WebSite","@id":"https:\/\/www.ernest-turc.com\/boutique\/#website","url":"https:\/\/www.ernest-turc.com\/boutique\/","name":"Ernest TURC","description":"","publisher":{"@id":"https:\/\/www.ernest-turc.com\/boutique\/#organization"},"potentialAction":[{"@type":"SearchAction","target":{"@type":"EntryPoint","urlTemplate":"https:\/\/www.ernest-turc.com\/boutique\/?s={search_term_string}"},"query-input":{"@type":"PropertyValueSpecification","valueRequired":true,"valueName":"search_term_string"}}],"inLanguage":"fr-FR"},{"@type":"Organization","@id":"https:\/\/www.ernest-turc.com\/boutique\/#organization","name":"Boutique Ernest TURC","alternateName":"Ernest TURC","url":"https:\/\/www.ernest-turc.com\/boutique\/","logo":{"@type":"ImageObject","inLanguage":"fr-FR","@id":"https:\/\/www.ernest-turc.com\/boutique\/#\/schema\/logo\/image\/","url":"https:\/\/www.ernest-turc.com\/boutique\/wp-content\/uploads\/2020\/10\/logo.png","contentUrl":"https:\/\/www.ernest-turc.com\/boutique\/wp-content\/uploads\/2020\/10\/logo.png","width":161,"height":161,"caption":"Boutique Ernest TURC"},"image":{"@id":"https:\/\/www.ernest-turc.com\/boutique\/#\/schema\/logo\/image\/"},"sameAs":["https:\/\/www.facebook.com\/ErnestTURC49","https:\/\/www.instagram.com\/ernestturc","https:\/\/www.linkedin.com\/company\/ernest-turc\/","https:\/\/www.pinterest.fr\/ernestturc","https:\/\/www.youtube.com\/channel\/UCH3ntWhy3mdcqw9-xF6pmEQ"]}]},"og_availability":"out of stock","product_availability":"out of stock","product_retailer_item_id":"957158","product_condition":"new"},"_links":{"self":[{"href":"https:\/\/www.ernest-turc.com\/boutique\/wp-json\/wp\/v2\/product\/7846","targetHints":{"allow":["GET"]}}],"collection":[{"href":"https:\/\/www.ernest-turc.com\/boutique\/wp-json\/wp\/v2\/product"}],"about":[{"href":"https:\/\/www.ernest-turc.com\/boutique\/wp-json\/wp\/v2\/types\/product"}],"wp:featuredmedia":[{"embeddable":true,"href":"https:\/\/www.ernest-turc.com\/boutique\/wp-json\/wp\/v2\/media\/7848"}],"wp:attachment":[{"href":"https:\/\/www.ernest-turc.com\/boutique\/wp-json\/wp\/v2\/media?parent=7846"}],"wp:term":[{"taxonomy":"product_brand","embeddable":true,"href":"https:\/\/www.ernest-turc.com\/boutique\/wp-json\/wp\/v2\/product_brand?post=7846"},{"taxonomy":"product_cat","embeddable":true,"href":"https:\/\/www.ernest-turc.com\/boutique\/wp-json\/wp\/v2\/product_cat?post=7846"},{"taxonomy":"product_tag","embeddable":true,"href":"https:\/\/www.ernest-turc.com\/boutique\/wp-json\/wp\/v2\/product_tag?post=7846"}],"curies":[{"name":"wp","href":"https:\/\/api.w.org\/{rel}","templated":true}]}}