{"id":7842,"date":"2021-03-18T10:24:24","date_gmt":"2021-03-18T10:24:24","guid":{"rendered":"https:\/\/www.ernest-turc.com\/boutique\/boutique\/dahlia-decoratif-chateau-de-la-bourdaisiere\/"},"modified":"2026-04-03T12:12:15","modified_gmt":"2026-04-03T12:12:15","slug":"dahlia-decoratif-chateau-de-la-bourdaisiere","status":"publish","type":"product","link":"https:\/\/www.ernest-turc.com\/boutique\/produits\/bulbes\/fleurs\/dahlia\/decoratifs\/dahlia-decoratif-chateau-de-la-bourdaisiere\/","title":{"rendered":"Dahlia D\u00e9coratif Ch\u00e2teau de la Bourdaisi\u00e8re"},"content":{"rendered":"<p style=\"text-align: justify;\">Le <strong>Dahlia d\u00e9coratif Ch\u00e2teau de la Bourdaisi\u00e8re <\/strong> a \u00e9t\u00e9 baptis\u00e9 ainsi en l&#8217;honneur du Ch\u00e2teau du m\u00eame nom, en Indre-et-Loire, et de son magnifique jardin de Dahlias, le &#8220;Dahliacolor&#8221;. Un Dahlia exceptionnel pour un lieu exceptionnel ! Cette cr\u00e9ation Ernest Turc de 120 cm de haut produit des fleurs \u00e0 la couleur particuli\u00e8re, vieux rose presque saumon\u00e9, et aux tiges sombres. Cette vari\u00e9t\u00e9 est tr\u00e8s florif\u00e8re, et peut produire plusieurs dizaines de fleurs chaque ann\u00e9e malgr\u00e9 des racines tr\u00e8s peu tub\u00e9ris\u00e9es typiques de cette vari\u00e9t\u00e9. Avec ses 15 cm de diam\u00e8tre, quelques fleurs suffiront pour cr\u00e9er de beaux bouquets d&#8217;\u00e9t\u00e9. En massif cette vari\u00e9t\u00e9 ne passe pas inaper\u00e7ue gr\u00e2ce \u00e0 ses fleurs si singuli\u00e8res.<\/p>\n<p style=\"text-align: justify;\">Originaire d\u2019Am\u00e9rique centrale et principalement du Mexique, le dahlia, utilis\u00e9 autrefois par les Azt\u00e8ques comme plante comestible, est import\u00e9 en Europe au 18\u00e8me si\u00e8cle pour remplacer la pomme de terre. Sans succ\u00e8s\u2026 ses qualit\u00e9s d\u00e9coratives et ornementales ont vite supplant\u00e9 ses propri\u00e9t\u00e9s nutritives, surtout lorsque les premi\u00e8res fleurs doubles de type cactus ont \u00e9t\u00e9 hybrid\u00e9es. Aujourd\u2019hui, ce sont plus de quarante mille vari\u00e9t\u00e9s hybrides qui ont \u00e9t\u00e9 obtenues, pour le plus grand bonheur des amateurs passionn\u00e9s, des collectionneurs, et des jardiniers. Le genre dahlia offre une diversit\u00e9 fantastique de formes, de hauteurs et de coloris. Il ne lui manque que le parfum\u2026 et le pigment bleu pour compl\u00e9ter la gamme de ses coloris\u00a0!<\/p>\n","protected":false},"excerpt":{"rendered":"<p style=\"text-align: justify;\">Le <strong>Dahlia d\u00e9coratif Ch\u00e2teau de la Bourdaisi\u00e8re <\/strong> a \u00e9t\u00e9 baptis\u00e9 ainsi en l&#8217;honneur du Ch\u00e2teau du m\u00eame nom, en Indre-et-Loire, et de son magnifique jardin de Dahlias, le &#8220;Dahliacolor&#8221;. Un Dahlia exceptionnel pour un lieu exceptionnel ! Cette cr\u00e9ation Ernest Turc de 120 cm de haut produit des fleurs \u00e0 la couleur particuli\u00e8re, vieux rose presque saumon\u00e9, et aux tiges sombres. Cette vari\u00e9t\u00e9 est tr\u00e8s florif\u00e8re, et peut produire plusieurs dizaines de fleurs chaque ann\u00e9e malgr\u00e9 des racines tr\u00e8s peu tub\u00e9ris\u00e9es typiques de cette vari\u00e9t\u00e9. Avec ses 15 cm de diam\u00e8tre, quelques fleurs suffiront pour cr\u00e9er de beaux bouquets d&#8217;\u00e9t\u00e9. En massif cette vari\u00e9t\u00e9 ne passe pas inaper\u00e7ue gr\u00e2ce \u00e0 ses fleurs si singuli\u00e8res.<\/p>\n","protected":false},"featured_media":7844,"template":"","meta":{"_relevanssi_hide_post":"","_relevanssi_hide_content":"","_relevanssi_pin_for_all":"","_relevanssi_pin_keywords":"","_relevanssi_unpin_keywords":"","_relevanssi_related_keywords":"","_relevanssi_related_include_ids":"","_relevanssi_related_exclude_ids":"","_relevanssi_related_no_append":"","_relevanssi_related_not_related":"","_relevanssi_related_posts":"","_relevanssi_noindex_reason":""},"product_brand":[],"product_cat":[1609,179,180,212,737,1111,2218,738,1608,183,182],"product_tag":[960,1127,906,757,949,1129,1128,1079,1078],"class_list":{"0":"post-7842","1":"product","2":"type-product","3":"status-publish","4":"has-post-thumbnail","6":"product_cat-bouquets","7":"product_cat-bulbes","8":"product_cat-fleurs","9":"product_cat-theme","10":"product_cat-dahlia","11":"product_cat-decoratifs","12":"product_cat-fleurs-orange","13":"product_cat-hauts-dahlias","14":"product_cat-label-fleurs-de-france","15":"product_cat-ete","16":"product_cat-saison","17":"product_tag-creation-ernest-turc","18":"product_tag-dahlia-bourdaisiere","19":"product_tag-dahlia-ernest-turc","20":"product_tag-dahlia-qualite","21":"product_tag-fleur-dete-rose","22":"product_tag-fleur-ete-bouquet","23":"product_tag-fleur-vieux-rose","24":"product_tag-fleurs-gelees","25":"product_tag-plante-florifere","26":"pa_calibre-i","27":"pa_calibre-ii","28":"pa_conditionnement-734","29":"pa_conditionnement-1443","30":"pa_couleur-orange","31":"pa_couleur-de-feuillage-vert","32":"pa_coup-de-coeur-oui","33":"pa_disponibilite-de-fevrier-a-juin","34":"pa_exposition-ensoleillee","35":"pa_hauteur-de-la-plante-120-cm","36":"pa_logo-fleurs-de-france-oui","37":"pa_periode-de-recolte-floraison-aout","38":"pa_periode-de-recolte-floraison-juillet","39":"pa_periode-de-recolte-floraison-novembre","40":"pa_periode-de-recolte-floraison-octobre","41":"pa_periode-de-recolte-floraison-septembre","42":"pa_periode-de-semis-plantation-avril","43":"pa_periode-de-semis-plantation-mai","44":"pa_periode-de-semis-plantation-mars","45":"pa_rusticite-craint-le-gel","46":"pa_utilisation-fleur-coupee","47":"pa_utilisation-fleur-coupeemassif","48":"pa_utilisation-massif","50":"first","51":"instock","52":"taxable","53":"shipping-taxable","54":"purchasable","55":"product-type-variable","56":"has-default-attributes"},"bundled_by":[],"bundle_stock_status":"instock","bundle_stock_quantity":64,"bundle_virtual":false,"bundle_layout":"","bundle_add_to_cart_form_location":"","bundle_editable_in_cart":false,"bundle_sold_individually_context":"","bundle_item_grouping":"","bundle_min_size":"","bundle_max_size":"","bundled_items":[],"bundle_sell_ids":[],"yoast_head":"<!-- This site is optimized with the Yoast SEO Premium plugin v25.2 (Yoast SEO v27.3) - https:\/\/yoast.com\/product\/yoast-seo-premium-wordpress\/ -->\n<title>Dahlia D\u00e9coratif Ch\u00e2teau de la Bourdaisi\u00e8re - Ernest TURC<\/title>\n<meta name=\"description\" content=\"D\u00e9couvrez le Dahlia d\u00e9coratif Ch\u00e2teau de la Bourdaisi\u00e8re : fleurs \u00e0 la couleur vieux rose presque saumon\u00e9 ! \ud83c\udf3c Commandez le ici !\" \/>\n<meta name=\"robots\" content=\"index, follow, max-snippet:-1, max-image-preview:large, max-video-preview:-1\" \/>\n<link rel=\"canonical\" href=\"https:\/\/www.ernest-turc.com\/boutique\/produits\/bulbes\/fleurs\/dahlia\/decoratifs\/dahlia-decoratif-chateau-de-la-bourdaisiere\/\" \/>\n<meta property=\"og:locale\" content=\"fr_FR\" \/>\n<meta property=\"og:type\" content=\"article\" \/>\n<meta property=\"og:title\" content=\"Dahlia D\u00e9coratif Ch\u00e2teau de la Bourdaisi\u00e8re: Le Dahlia Exceptionnel\" \/>\n<meta property=\"og:description\" content=\"D\u00e9couvrez le Dahlia d\u00e9coratif \u00abCh\u00e2teau de la Bourdaisi\u00e8re\u00bb ! \ud83c\udf38 Couleur rose presque saumon\u00e9e, tiges sombres : d\u00e9couvrez un Dahlia exceptionnel ! \ud83e\udd17\" \/>\n<meta property=\"og:url\" content=\"https:\/\/www.ernest-turc.com\/boutique\/produits\/bulbes\/fleurs\/dahlia\/decoratifs\/dahlia-decoratif-chateau-de-la-bourdaisiere\/\" \/>\n<meta property=\"og:site_name\" content=\"Ernest TURC\" \/>\n<meta property=\"article:publisher\" content=\"https:\/\/www.facebook.com\/ErnestTURC49\" \/>\n<meta property=\"article:modified_time\" content=\"2026-04-03T12:12:15+00:00\" \/>\n<meta property=\"og:image\" content=\"https:\/\/www.ernest-turc.com\/boutique\/wp-content\/uploads\/2021\/01\/dahlia-decoratif-chateau-de-la-bourdaisiere.jpg\" \/>\n\t<meta property=\"og:image:width\" content=\"800\" \/>\n\t<meta property=\"og:image:height\" content=\"800\" \/>\n\t<meta property=\"og:image:type\" content=\"image\/jpeg\" \/>\n<meta name=\"twitter:card\" content=\"summary_large_image\" \/>\n<meta name=\"twitter:title\" content=\"Dahlia D\u00e9coratif Ch\u00e2teau de la Bourdaisi\u00e8re: Fleurs Vieux Rose !\" \/>\n<meta name=\"twitter:description\" content=\"Honorez le Ch\u00e2teau de la Bourdaisi\u00e8re et son &#039;Dahliacolor&#039; avec ce Dahlia D\u00e9coratif! Sa couleur unique, vieux rose presque saumon\u00e9, produit des fleurs incroyables. \ud83e\udd29 D\u00e9couvrez-le !\" \/>\n<meta name=\"twitter:label1\" content=\"Disponibilit\u00e9\" \/>\n\t<meta name=\"twitter:data1\" content=\"En stock\" \/>\n<script type=\"application\/ld+json\" class=\"yoast-schema-graph\">{\"@context\":\"https:\\\/\\\/schema.org\",\"@graph\":[{\"@type\":\"WebPage\",\"@id\":\"https:\\\/\\\/www.ernest-turc.com\\\/boutique\\\/produits\\\/bulbes\\\/fleurs\\\/dahlia\\\/decoratifs\\\/dahlia-decoratif-chateau-de-la-bourdaisiere\\\/\",\"url\":\"https:\\\/\\\/www.ernest-turc.com\\\/boutique\\\/produits\\\/bulbes\\\/fleurs\\\/dahlia\\\/decoratifs\\\/dahlia-decoratif-chateau-de-la-bourdaisiere\\\/\",\"name\":\"Dahlia D\u00e9coratif Ch\u00e2teau de la Bourdaisi\u00e8re - Ernest TURC\",\"isPartOf\":{\"@id\":\"https:\\\/\\\/www.ernest-turc.com\\\/boutique\\\/#website\"},\"primaryImageOfPage\":{\"@id\":\"https:\\\/\\\/www.ernest-turc.com\\\/boutique\\\/produits\\\/bulbes\\\/fleurs\\\/dahlia\\\/decoratifs\\\/dahlia-decoratif-chateau-de-la-bourdaisiere\\\/#primaryimage\"},\"image\":{\"@id\":\"https:\\\/\\\/www.ernest-turc.com\\\/boutique\\\/produits\\\/bulbes\\\/fleurs\\\/dahlia\\\/decoratifs\\\/dahlia-decoratif-chateau-de-la-bourdaisiere\\\/#primaryimage\"},\"thumbnailUrl\":\"https:\\\/\\\/www.ernest-turc.com\\\/boutique\\\/wp-content\\\/uploads\\\/2021\\\/01\\\/dahlia-decoratif-chateau-de-la-bourdaisiere.jpg\",\"datePublished\":\"2021-03-18T10:24:24+00:00\",\"dateModified\":\"2026-04-03T12:12:15+00:00\",\"description\":\"D\u00e9couvrez le Dahlia d\u00e9coratif Ch\u00e2teau de la Bourdaisi\u00e8re : fleurs \u00e0 la couleur vieux rose presque saumon\u00e9 ! \ud83c\udf3c Commandez le ici !\",\"breadcrumb\":{\"@id\":\"https:\\\/\\\/www.ernest-turc.com\\\/boutique\\\/produits\\\/bulbes\\\/fleurs\\\/dahlia\\\/decoratifs\\\/dahlia-decoratif-chateau-de-la-bourdaisiere\\\/#breadcrumb\"},\"inLanguage\":\"fr-FR\",\"potentialAction\":[{\"@type\":\"ReadAction\",\"target\":[\"https:\\\/\\\/www.ernest-turc.com\\\/boutique\\\/produits\\\/bulbes\\\/fleurs\\\/dahlia\\\/decoratifs\\\/dahlia-decoratif-chateau-de-la-bourdaisiere\\\/\"]}]},{\"@type\":\"ImageObject\",\"inLanguage\":\"fr-FR\",\"@id\":\"https:\\\/\\\/www.ernest-turc.com\\\/boutique\\\/produits\\\/bulbes\\\/fleurs\\\/dahlia\\\/decoratifs\\\/dahlia-decoratif-chateau-de-la-bourdaisiere\\\/#primaryimage\",\"url\":\"https:\\\/\\\/www.ernest-turc.com\\\/boutique\\\/wp-content\\\/uploads\\\/2021\\\/01\\\/dahlia-decoratif-chateau-de-la-bourdaisiere.jpg\",\"contentUrl\":\"https:\\\/\\\/www.ernest-turc.com\\\/boutique\\\/wp-content\\\/uploads\\\/2021\\\/01\\\/dahlia-decoratif-chateau-de-la-bourdaisiere.jpg\",\"width\":800,\"height\":800,\"caption\":\"Dahlia D\u00e9coratif Ch\u00e2teau de la Bourdaisi\u00e8re\"},{\"@type\":\"BreadcrumbList\",\"@id\":\"https:\\\/\\\/www.ernest-turc.com\\\/boutique\\\/produits\\\/bulbes\\\/fleurs\\\/dahlia\\\/decoratifs\\\/dahlia-decoratif-chateau-de-la-bourdaisiere\\\/#breadcrumb\",\"itemListElement\":[{\"@type\":\"ListItem\",\"position\":1,\"name\":\"Accueil\",\"item\":\"https:\\\/\\\/www.ernest-turc.com\\\/boutique\\\/\"},{\"@type\":\"ListItem\",\"position\":2,\"name\":\"Boutique\",\"item\":\"https:\\\/\\\/www.ernest-turc.fr\\\/boutique\\\/produits\\\/\"},{\"@type\":\"ListItem\",\"position\":3,\"name\":\"Dahlia D\u00e9coratif Ch\u00e2teau de la Bourdaisi\u00e8re\"}]},{\"@type\":\"WebSite\",\"@id\":\"https:\\\/\\\/www.ernest-turc.com\\\/boutique\\\/#website\",\"url\":\"https:\\\/\\\/www.ernest-turc.com\\\/boutique\\\/\",\"name\":\"Ernest TURC\",\"description\":\"\",\"publisher\":{\"@id\":\"https:\\\/\\\/www.ernest-turc.com\\\/boutique\\\/#organization\"},\"potentialAction\":[{\"@type\":\"SearchAction\",\"target\":{\"@type\":\"EntryPoint\",\"urlTemplate\":\"https:\\\/\\\/www.ernest-turc.com\\\/boutique\\\/?s={search_term_string}\"},\"query-input\":{\"@type\":\"PropertyValueSpecification\",\"valueRequired\":true,\"valueName\":\"search_term_string\"}}],\"inLanguage\":\"fr-FR\"},{\"@type\":\"Organization\",\"@id\":\"https:\\\/\\\/www.ernest-turc.com\\\/boutique\\\/#organization\",\"name\":\"Boutique Ernest TURC\",\"alternateName\":\"Ernest TURC\",\"url\":\"https:\\\/\\\/www.ernest-turc.com\\\/boutique\\\/\",\"logo\":{\"@type\":\"ImageObject\",\"inLanguage\":\"fr-FR\",\"@id\":\"https:\\\/\\\/www.ernest-turc.com\\\/boutique\\\/#\\\/schema\\\/logo\\\/image\\\/\",\"url\":\"https:\\\/\\\/www.ernest-turc.com\\\/boutique\\\/wp-content\\\/uploads\\\/2020\\\/10\\\/logo.png\",\"contentUrl\":\"https:\\\/\\\/www.ernest-turc.com\\\/boutique\\\/wp-content\\\/uploads\\\/2020\\\/10\\\/logo.png\",\"width\":161,\"height\":161,\"caption\":\"Boutique Ernest TURC\"},\"image\":{\"@id\":\"https:\\\/\\\/www.ernest-turc.com\\\/boutique\\\/#\\\/schema\\\/logo\\\/image\\\/\"},\"sameAs\":[\"https:\\\/\\\/www.facebook.com\\\/ErnestTURC49\",\"https:\\\/\\\/www.instagram.com\\\/ernestturc\",\"https:\\\/\\\/www.linkedin.com\\\/company\\\/ernest-turc\\\/\",\"https:\\\/\\\/www.pinterest.fr\\\/ernestturc\",\"https:\\\/\\\/www.youtube.com\\\/channel\\\/UCH3ntWhy3mdcqw9-xF6pmEQ\"]}]}<\/script>\n<meta property=\"og:availability\" content=\"instock\" \/>\n<meta property=\"product:availability\" content=\"instock\" \/>\n<meta property=\"product:retailer_item_id\" content=\"954813\" \/>\n<meta property=\"product:condition\" content=\"new\" \/>\n<!-- \/ Yoast SEO Premium plugin. -->","yoast_head_json":{"title":"Dahlia D\u00e9coratif Ch\u00e2teau de la Bourdaisi\u00e8re - Ernest TURC","description":"D\u00e9couvrez le Dahlia d\u00e9coratif Ch\u00e2teau de la Bourdaisi\u00e8re : fleurs \u00e0 la couleur vieux rose presque saumon\u00e9 ! \ud83c\udf3c Commandez le ici !","robots":{"index":"index","follow":"follow","max-snippet":"max-snippet:-1","max-image-preview":"max-image-preview:large","max-video-preview":"max-video-preview:-1"},"canonical":"https:\/\/www.ernest-turc.com\/boutique\/produits\/bulbes\/fleurs\/dahlia\/decoratifs\/dahlia-decoratif-chateau-de-la-bourdaisiere\/","og_locale":"fr_FR","og_type":"article","og_title":"Dahlia D\u00e9coratif Ch\u00e2teau de la Bourdaisi\u00e8re: Le Dahlia Exceptionnel","og_description":"D\u00e9couvrez le Dahlia d\u00e9coratif \u00abCh\u00e2teau de la Bourdaisi\u00e8re\u00bb ! \ud83c\udf38 Couleur rose presque saumon\u00e9e, tiges sombres : d\u00e9couvrez un Dahlia exceptionnel ! \ud83e\udd17","og_url":"https:\/\/www.ernest-turc.com\/boutique\/produits\/bulbes\/fleurs\/dahlia\/decoratifs\/dahlia-decoratif-chateau-de-la-bourdaisiere\/","og_site_name":"Ernest TURC","article_publisher":"https:\/\/www.facebook.com\/ErnestTURC49","article_modified_time":"2026-04-03T12:12:15+00:00","og_image":[{"width":800,"height":800,"url":"https:\/\/www.ernest-turc.com\/boutique\/wp-content\/uploads\/2021\/01\/dahlia-decoratif-chateau-de-la-bourdaisiere.jpg","type":"image\/jpeg"}],"twitter_card":"summary_large_image","twitter_title":"Dahlia D\u00e9coratif Ch\u00e2teau de la Bourdaisi\u00e8re: Fleurs Vieux Rose !","twitter_description":"Honorez le Ch\u00e2teau de la Bourdaisi\u00e8re et son 'Dahliacolor' avec ce Dahlia D\u00e9coratif! Sa couleur unique, vieux rose presque saumon\u00e9, produit des fleurs incroyables. \ud83e\udd29 D\u00e9couvrez-le !","twitter_misc":{"Disponibilit\u00e9":"En stock"},"schema":{"@context":"https:\/\/schema.org","@graph":[{"@type":"WebPage","@id":"https:\/\/www.ernest-turc.com\/boutique\/produits\/bulbes\/fleurs\/dahlia\/decoratifs\/dahlia-decoratif-chateau-de-la-bourdaisiere\/","url":"https:\/\/www.ernest-turc.com\/boutique\/produits\/bulbes\/fleurs\/dahlia\/decoratifs\/dahlia-decoratif-chateau-de-la-bourdaisiere\/","name":"Dahlia D\u00e9coratif Ch\u00e2teau de la Bourdaisi\u00e8re - Ernest TURC","isPartOf":{"@id":"https:\/\/www.ernest-turc.com\/boutique\/#website"},"primaryImageOfPage":{"@id":"https:\/\/www.ernest-turc.com\/boutique\/produits\/bulbes\/fleurs\/dahlia\/decoratifs\/dahlia-decoratif-chateau-de-la-bourdaisiere\/#primaryimage"},"image":{"@id":"https:\/\/www.ernest-turc.com\/boutique\/produits\/bulbes\/fleurs\/dahlia\/decoratifs\/dahlia-decoratif-chateau-de-la-bourdaisiere\/#primaryimage"},"thumbnailUrl":"https:\/\/www.ernest-turc.com\/boutique\/wp-content\/uploads\/2021\/01\/dahlia-decoratif-chateau-de-la-bourdaisiere.jpg","datePublished":"2021-03-18T10:24:24+00:00","dateModified":"2026-04-03T12:12:15+00:00","description":"D\u00e9couvrez le Dahlia d\u00e9coratif Ch\u00e2teau de la Bourdaisi\u00e8re : fleurs \u00e0 la couleur vieux rose presque saumon\u00e9 ! \ud83c\udf3c Commandez le ici !","breadcrumb":{"@id":"https:\/\/www.ernest-turc.com\/boutique\/produits\/bulbes\/fleurs\/dahlia\/decoratifs\/dahlia-decoratif-chateau-de-la-bourdaisiere\/#breadcrumb"},"inLanguage":"fr-FR","potentialAction":[{"@type":"ReadAction","target":["https:\/\/www.ernest-turc.com\/boutique\/produits\/bulbes\/fleurs\/dahlia\/decoratifs\/dahlia-decoratif-chateau-de-la-bourdaisiere\/"]}]},{"@type":"ImageObject","inLanguage":"fr-FR","@id":"https:\/\/www.ernest-turc.com\/boutique\/produits\/bulbes\/fleurs\/dahlia\/decoratifs\/dahlia-decoratif-chateau-de-la-bourdaisiere\/#primaryimage","url":"https:\/\/www.ernest-turc.com\/boutique\/wp-content\/uploads\/2021\/01\/dahlia-decoratif-chateau-de-la-bourdaisiere.jpg","contentUrl":"https:\/\/www.ernest-turc.com\/boutique\/wp-content\/uploads\/2021\/01\/dahlia-decoratif-chateau-de-la-bourdaisiere.jpg","width":800,"height":800,"caption":"Dahlia D\u00e9coratif Ch\u00e2teau de la Bourdaisi\u00e8re"},{"@type":"BreadcrumbList","@id":"https:\/\/www.ernest-turc.com\/boutique\/produits\/bulbes\/fleurs\/dahlia\/decoratifs\/dahlia-decoratif-chateau-de-la-bourdaisiere\/#breadcrumb","itemListElement":[{"@type":"ListItem","position":1,"name":"Accueil","item":"https:\/\/www.ernest-turc.com\/boutique\/"},{"@type":"ListItem","position":2,"name":"Boutique","item":"https:\/\/www.ernest-turc.fr\/boutique\/produits\/"},{"@type":"ListItem","position":3,"name":"Dahlia D\u00e9coratif Ch\u00e2teau de la Bourdaisi\u00e8re"}]},{"@type":"WebSite","@id":"https:\/\/www.ernest-turc.com\/boutique\/#website","url":"https:\/\/www.ernest-turc.com\/boutique\/","name":"Ernest TURC","description":"","publisher":{"@id":"https:\/\/www.ernest-turc.com\/boutique\/#organization"},"potentialAction":[{"@type":"SearchAction","target":{"@type":"EntryPoint","urlTemplate":"https:\/\/www.ernest-turc.com\/boutique\/?s={search_term_string}"},"query-input":{"@type":"PropertyValueSpecification","valueRequired":true,"valueName":"search_term_string"}}],"inLanguage":"fr-FR"},{"@type":"Organization","@id":"https:\/\/www.ernest-turc.com\/boutique\/#organization","name":"Boutique Ernest TURC","alternateName":"Ernest TURC","url":"https:\/\/www.ernest-turc.com\/boutique\/","logo":{"@type":"ImageObject","inLanguage":"fr-FR","@id":"https:\/\/www.ernest-turc.com\/boutique\/#\/schema\/logo\/image\/","url":"https:\/\/www.ernest-turc.com\/boutique\/wp-content\/uploads\/2020\/10\/logo.png","contentUrl":"https:\/\/www.ernest-turc.com\/boutique\/wp-content\/uploads\/2020\/10\/logo.png","width":161,"height":161,"caption":"Boutique Ernest TURC"},"image":{"@id":"https:\/\/www.ernest-turc.com\/boutique\/#\/schema\/logo\/image\/"},"sameAs":["https:\/\/www.facebook.com\/ErnestTURC49","https:\/\/www.instagram.com\/ernestturc","https:\/\/www.linkedin.com\/company\/ernest-turc\/","https:\/\/www.pinterest.fr\/ernestturc","https:\/\/www.youtube.com\/channel\/UCH3ntWhy3mdcqw9-xF6pmEQ"]}]},"og_availability":"instock","product_availability":"instock","product_retailer_item_id":"954813","product_condition":"new"},"_links":{"self":[{"href":"https:\/\/www.ernest-turc.com\/boutique\/wp-json\/wp\/v2\/product\/7842","targetHints":{"allow":["GET"]}}],"collection":[{"href":"https:\/\/www.ernest-turc.com\/boutique\/wp-json\/wp\/v2\/product"}],"about":[{"href":"https:\/\/www.ernest-turc.com\/boutique\/wp-json\/wp\/v2\/types\/product"}],"wp:featuredmedia":[{"embeddable":true,"href":"https:\/\/www.ernest-turc.com\/boutique\/wp-json\/wp\/v2\/media\/7844"}],"wp:attachment":[{"href":"https:\/\/www.ernest-turc.com\/boutique\/wp-json\/wp\/v2\/media?parent=7842"}],"wp:term":[{"taxonomy":"product_brand","embeddable":true,"href":"https:\/\/www.ernest-turc.com\/boutique\/wp-json\/wp\/v2\/product_brand?post=7842"},{"taxonomy":"product_cat","embeddable":true,"href":"https:\/\/www.ernest-turc.com\/boutique\/wp-json\/wp\/v2\/product_cat?post=7842"},{"taxonomy":"product_tag","embeddable":true,"href":"https:\/\/www.ernest-turc.com\/boutique\/wp-json\/wp\/v2\/product_tag?post=7842"}],"curies":[{"name":"wp","href":"https:\/\/api.w.org\/{rel}","templated":true}]}}