{"id":7793,"date":"2021-02-05T15:44:16","date_gmt":"2021-02-05T15:44:16","guid":{"rendered":"https:\/\/www.ernest-turc.com\/boutique\/boutique\/dahlia-decoratif-bohemian-spartacus\/"},"modified":"2025-01-20T09:58:15","modified_gmt":"2025-01-20T09:58:15","slug":"dahlia-decoratif-bohemian-spartacus","status":"publish","type":"product","link":"https:\/\/www.ernest-turc.com\/boutique\/produits\/bulbes\/saison\/ete\/dahlia-decoratif-bohemian-spartacus\/","title":{"rendered":"Dahlia D\u00e9coratif Bohemian Spartacus"},"content":{"rendered":"<p style=\"text-align: justify;\">Le\u00a0<strong>Dahlia d\u00e9coratif Bohemian Spartacus <\/strong>\u00a0est une vari\u00e9t\u00e9 \u00e0 grosses fleurs, elle produit des inflorescences de 20 cm de diam\u00e8tre rouge sombre stri\u00e9 de jaune. Cette fleur ne passera pas inaper\u00e7u au jardin en massif. Cette vari\u00e9t\u00e9 peut \u00e9galement servir \u00e0 confectionner de magnaifiques bouquets tout l&#8217;\u00e9t\u00e9.<\/p>\n","protected":false},"excerpt":{"rendered":"<p style=\"text-align: justify;\">Le\u00a0<strong>Dahlia d\u00e9coratif Bohemian Spartacus <\/strong>\u00a0est une vari\u00e9t\u00e9 \u00e0 grosses fleurs, elle produit des inflorescences de 20 cm de diam\u00e8tre rouge sombre stri\u00e9 de jaune. Cette fleur ne passera pas inaper\u00e7u au jardin en massif. Cette vari\u00e9t\u00e9 peut \u00e9galement servir \u00e0 confectionner de magnaifiques bouquets tout l&#8217;\u00e9t\u00e9.<\/p>\n","protected":false},"featured_media":7795,"template":"","meta":{"_relevanssi_hide_post":"","_relevanssi_hide_content":"","_relevanssi_pin_for_all":"","_relevanssi_pin_keywords":"","_relevanssi_unpin_keywords":"","_relevanssi_related_keywords":"","_relevanssi_related_include_ids":"","_relevanssi_related_exclude_ids":"","_relevanssi_related_no_append":"","_relevanssi_related_not_related":"","_relevanssi_related_posts":"","_relevanssi_noindex_reason":""},"product_brand":[],"product_cat":[1609,179,180,212,737,1111,2227,738,922,1608,183,182],"product_tag":[1066,834,1120,1121],"class_list":{"0":"post-7793","1":"product","2":"type-product","3":"status-publish","4":"has-post-thumbnail","6":"product_cat-bouquets","7":"product_cat-bulbes","8":"product_cat-fleurs","9":"product_cat-theme","10":"product_cat-dahlia","11":"product_cat-decoratifs","12":"product_cat-fleurs-rouges","13":"product_cat-hauts-dahlias","14":"product_cat-grosse-fleur","15":"product_cat-label-fleurs-de-france","16":"product_cat-ete","17":"product_cat-saison","18":"product_tag-dahlia-blanc","19":"product_tag-dahlia-bouquet","20":"product_tag-dahlia-fleur-de-camelia","21":"product_tag-feuillage-fonce","22":"pa_calibre-i","23":"pa_conditionnement-1443","24":"pa_couleur-rouge","25":"pa_couleur-de-feuillage-vert","26":"pa_disponibilite-de-fevrier-a-juin","27":"pa_exposition-ensoleillee","28":"pa_hauteur-de-la-plante-90-cm","29":"pa_logo-fleurs-de-france-oui","30":"pa_periode-de-recolte-floraison-aout","31":"pa_periode-de-recolte-floraison-juillet","32":"pa_periode-de-recolte-floraison-novembre","33":"pa_periode-de-recolte-floraison-octobre","34":"pa_periode-de-recolte-floraison-septembre","35":"pa_periode-de-semis-plantation-avril","36":"pa_periode-de-semis-plantation-mai","37":"pa_periode-de-semis-plantation-mars","38":"pa_rusticite-craint-le-gel","39":"pa_utilisation-fleur-coupee","40":"pa_utilisation-massif","42":"first","43":"outofstock","44":"taxable","45":"shipping-taxable","46":"purchasable","47":"product-type-simple"},"bundled_by":[],"bundle_stock_status":"outofstock","bundle_stock_quantity":0,"bundle_virtual":false,"bundle_layout":"","bundle_add_to_cart_form_location":"","bundle_editable_in_cart":false,"bundle_sold_individually_context":"","bundle_item_grouping":"","bundle_min_size":"","bundle_max_size":"","bundled_items":[],"bundle_sell_ids":[],"yoast_head":"<!-- This site is optimized with the Yoast SEO Premium plugin v25.2 (Yoast SEO v27.3) - https:\/\/yoast.com\/product\/yoast-seo-premium-wordpress\/ -->\n<title>Dahlia D\u00e9coratif Bohemian Spartacus - Ernest TURC<\/title>\n<meta name=\"description\" content=\"Dahlia D\u00e9coratif Bohemian Spartacus \u00e0 acheter en ligne avec Ernest Turc, producteur de bulbes et de graines. D\u00e9couvrez notre s\u00e9lection de Plantez des bulbes au printemps, fleurissez votre \u00e9t\u00e9 ! pour sublimer vos jardins.\" \/>\n<meta name=\"robots\" content=\"index, follow, max-snippet:-1, max-image-preview:large, max-video-preview:-1\" \/>\n<link rel=\"canonical\" href=\"https:\/\/www.ernest-turc.com\/boutique\/produits\/bulbes\/saison\/ete\/dahlia-decoratif-bohemian-spartacus\/\" \/>\n<meta property=\"og:locale\" content=\"fr_FR\" \/>\n<meta property=\"og:type\" content=\"article\" \/>\n<meta property=\"og:title\" content=\"Dahlia D\u00e9coratif Bohemian Spartacus\" \/>\n<meta property=\"og:description\" content=\"Dahlia D\u00e9coratif Bohemian Spartacus \u00e0 acheter en ligne avec Ernest Turc, producteur de bulbes et de graines. D\u00e9couvrez notre s\u00e9lection de Plantez des bulbes au printemps, fleurissez votre \u00e9t\u00e9 ! pour sublimer vos jardins.\" \/>\n<meta property=\"og:url\" content=\"https:\/\/www.ernest-turc.com\/boutique\/produits\/bulbes\/saison\/ete\/dahlia-decoratif-bohemian-spartacus\/\" \/>\n<meta property=\"og:site_name\" content=\"Ernest TURC\" \/>\n<meta property=\"article:publisher\" content=\"https:\/\/www.facebook.com\/ErnestTURC49\" \/>\n<meta property=\"article:modified_time\" content=\"2025-01-20T09:58:15+00:00\" \/>\n<meta property=\"og:image\" content=\"https:\/\/www.ernest-turc.com\/boutique\/wp-content\/uploads\/2021\/01\/dahlia-decoratif-bohemian-spartacus.jpg\" \/>\n\t<meta property=\"og:image:width\" content=\"800\" \/>\n\t<meta property=\"og:image:height\" content=\"800\" \/>\n\t<meta property=\"og:image:type\" content=\"image\/jpeg\" \/>\n<meta name=\"twitter:card\" content=\"summary_large_image\" \/>\n<meta name=\"twitter:label1\" content=\"Prix\" \/>\n\t<meta name=\"twitter:data1\" content=\"18,90&euro;TTCTTC\" \/>\n\t<meta name=\"twitter:label2\" content=\"Disponibilit\u00e9\" \/>\n\t<meta name=\"twitter:data2\" content=\"Rupture de stock\" \/>\n<script type=\"application\/ld+json\" class=\"yoast-schema-graph\">{\"@context\":\"https:\\\/\\\/schema.org\",\"@graph\":[{\"@type\":\"WebPage\",\"@id\":\"https:\\\/\\\/www.ernest-turc.com\\\/boutique\\\/produits\\\/bulbes\\\/saison\\\/ete\\\/dahlia-decoratif-bohemian-spartacus\\\/\",\"url\":\"https:\\\/\\\/www.ernest-turc.com\\\/boutique\\\/produits\\\/bulbes\\\/saison\\\/ete\\\/dahlia-decoratif-bohemian-spartacus\\\/\",\"name\":\"Dahlia D\u00e9coratif Bohemian Spartacus - Ernest TURC\",\"isPartOf\":{\"@id\":\"https:\\\/\\\/www.ernest-turc.com\\\/boutique\\\/#website\"},\"primaryImageOfPage\":{\"@id\":\"https:\\\/\\\/www.ernest-turc.com\\\/boutique\\\/produits\\\/bulbes\\\/saison\\\/ete\\\/dahlia-decoratif-bohemian-spartacus\\\/#primaryimage\"},\"image\":{\"@id\":\"https:\\\/\\\/www.ernest-turc.com\\\/boutique\\\/produits\\\/bulbes\\\/saison\\\/ete\\\/dahlia-decoratif-bohemian-spartacus\\\/#primaryimage\"},\"thumbnailUrl\":\"https:\\\/\\\/www.ernest-turc.com\\\/boutique\\\/wp-content\\\/uploads\\\/2021\\\/01\\\/dahlia-decoratif-bohemian-spartacus.jpg\",\"datePublished\":\"2021-02-05T15:44:16+00:00\",\"dateModified\":\"2025-01-20T09:58:15+00:00\",\"description\":\"Dahlia D\u00e9coratif Bohemian Spartacus \u00e0 acheter en ligne avec Ernest Turc, producteur de bulbes et de graines. D\u00e9couvrez notre s\u00e9lection de Plantez des bulbes au printemps, fleurissez votre \u00e9t\u00e9 ! pour sublimer vos jardins.\",\"breadcrumb\":{\"@id\":\"https:\\\/\\\/www.ernest-turc.com\\\/boutique\\\/produits\\\/bulbes\\\/saison\\\/ete\\\/dahlia-decoratif-bohemian-spartacus\\\/#breadcrumb\"},\"inLanguage\":\"fr-FR\",\"potentialAction\":[{\"@type\":\"ReadAction\",\"target\":[\"https:\\\/\\\/www.ernest-turc.com\\\/boutique\\\/produits\\\/bulbes\\\/saison\\\/ete\\\/dahlia-decoratif-bohemian-spartacus\\\/\"]}]},{\"@type\":\"ImageObject\",\"inLanguage\":\"fr-FR\",\"@id\":\"https:\\\/\\\/www.ernest-turc.com\\\/boutique\\\/produits\\\/bulbes\\\/saison\\\/ete\\\/dahlia-decoratif-bohemian-spartacus\\\/#primaryimage\",\"url\":\"https:\\\/\\\/www.ernest-turc.com\\\/boutique\\\/wp-content\\\/uploads\\\/2021\\\/01\\\/dahlia-decoratif-bohemian-spartacus.jpg\",\"contentUrl\":\"https:\\\/\\\/www.ernest-turc.com\\\/boutique\\\/wp-content\\\/uploads\\\/2021\\\/01\\\/dahlia-decoratif-bohemian-spartacus.jpg\",\"width\":800,\"height\":800,\"caption\":\"Dahlia D\u00e9coratif Bohemian Spartacus\"},{\"@type\":\"BreadcrumbList\",\"@id\":\"https:\\\/\\\/www.ernest-turc.com\\\/boutique\\\/produits\\\/bulbes\\\/saison\\\/ete\\\/dahlia-decoratif-bohemian-spartacus\\\/#breadcrumb\",\"itemListElement\":[{\"@type\":\"ListItem\",\"position\":1,\"name\":\"Accueil\",\"item\":\"https:\\\/\\\/www.ernest-turc.com\\\/boutique\\\/\"},{\"@type\":\"ListItem\",\"position\":2,\"name\":\"Boutique\",\"item\":\"https:\\\/\\\/www.ernest-turc.fr\\\/boutique\\\/produits\\\/\"},{\"@type\":\"ListItem\",\"position\":3,\"name\":\"Dahlia D\u00e9coratif Bohemian Spartacus\"}]},{\"@type\":\"WebSite\",\"@id\":\"https:\\\/\\\/www.ernest-turc.com\\\/boutique\\\/#website\",\"url\":\"https:\\\/\\\/www.ernest-turc.com\\\/boutique\\\/\",\"name\":\"Ernest TURC\",\"description\":\"\",\"publisher\":{\"@id\":\"https:\\\/\\\/www.ernest-turc.com\\\/boutique\\\/#organization\"},\"potentialAction\":[{\"@type\":\"SearchAction\",\"target\":{\"@type\":\"EntryPoint\",\"urlTemplate\":\"https:\\\/\\\/www.ernest-turc.com\\\/boutique\\\/?s={search_term_string}\"},\"query-input\":{\"@type\":\"PropertyValueSpecification\",\"valueRequired\":true,\"valueName\":\"search_term_string\"}}],\"inLanguage\":\"fr-FR\"},{\"@type\":\"Organization\",\"@id\":\"https:\\\/\\\/www.ernest-turc.com\\\/boutique\\\/#organization\",\"name\":\"Boutique Ernest TURC\",\"alternateName\":\"Ernest TURC\",\"url\":\"https:\\\/\\\/www.ernest-turc.com\\\/boutique\\\/\",\"logo\":{\"@type\":\"ImageObject\",\"inLanguage\":\"fr-FR\",\"@id\":\"https:\\\/\\\/www.ernest-turc.com\\\/boutique\\\/#\\\/schema\\\/logo\\\/image\\\/\",\"url\":\"https:\\\/\\\/www.ernest-turc.com\\\/boutique\\\/wp-content\\\/uploads\\\/2020\\\/10\\\/logo.png\",\"contentUrl\":\"https:\\\/\\\/www.ernest-turc.com\\\/boutique\\\/wp-content\\\/uploads\\\/2020\\\/10\\\/logo.png\",\"width\":161,\"height\":161,\"caption\":\"Boutique Ernest TURC\"},\"image\":{\"@id\":\"https:\\\/\\\/www.ernest-turc.com\\\/boutique\\\/#\\\/schema\\\/logo\\\/image\\\/\"},\"sameAs\":[\"https:\\\/\\\/www.facebook.com\\\/ErnestTURC49\",\"https:\\\/\\\/www.instagram.com\\\/ernestturc\",\"https:\\\/\\\/www.linkedin.com\\\/company\\\/ernest-turc\\\/\",\"https:\\\/\\\/www.pinterest.fr\\\/ernestturc\",\"https:\\\/\\\/www.youtube.com\\\/channel\\\/UCH3ntWhy3mdcqw9-xF6pmEQ\"]}]}<\/script>\n<meta property=\"product:price:amount\" content=\"18.90\" \/>\n<meta property=\"product:price:currency\" content=\"EUR\" \/>\n<meta property=\"og:availability\" content=\"out of stock\" \/>\n<meta property=\"product:availability\" content=\"out of stock\" \/>\n<meta property=\"product:retailer_item_id\" content=\"154430-2\" \/>\n<meta property=\"product:condition\" content=\"new\" \/>\n<!-- \/ Yoast SEO Premium plugin. -->","yoast_head_json":{"title":"Dahlia D\u00e9coratif Bohemian Spartacus - Ernest TURC","description":"Dahlia D\u00e9coratif Bohemian Spartacus \u00e0 acheter en ligne avec Ernest Turc, producteur de bulbes et de graines. D\u00e9couvrez notre s\u00e9lection de Plantez des bulbes au printemps, fleurissez votre \u00e9t\u00e9 ! pour sublimer vos jardins.","robots":{"index":"index","follow":"follow","max-snippet":"max-snippet:-1","max-image-preview":"max-image-preview:large","max-video-preview":"max-video-preview:-1"},"canonical":"https:\/\/www.ernest-turc.com\/boutique\/produits\/bulbes\/saison\/ete\/dahlia-decoratif-bohemian-spartacus\/","og_locale":"fr_FR","og_type":"article","og_title":"Dahlia D\u00e9coratif Bohemian Spartacus","og_description":"Dahlia D\u00e9coratif Bohemian Spartacus \u00e0 acheter en ligne avec Ernest Turc, producteur de bulbes et de graines. D\u00e9couvrez notre s\u00e9lection de Plantez des bulbes au printemps, fleurissez votre \u00e9t\u00e9 ! pour sublimer vos jardins.","og_url":"https:\/\/www.ernest-turc.com\/boutique\/produits\/bulbes\/saison\/ete\/dahlia-decoratif-bohemian-spartacus\/","og_site_name":"Ernest TURC","article_publisher":"https:\/\/www.facebook.com\/ErnestTURC49","article_modified_time":"2025-01-20T09:58:15+00:00","og_image":[{"width":800,"height":800,"url":"https:\/\/www.ernest-turc.com\/boutique\/wp-content\/uploads\/2021\/01\/dahlia-decoratif-bohemian-spartacus.jpg","type":"image\/jpeg"}],"twitter_card":"summary_large_image","twitter_misc":{"Prix":"18,90&euro;TTCTTC","Disponibilit\u00e9":"Rupture de stock"},"schema":{"@context":"https:\/\/schema.org","@graph":[{"@type":"WebPage","@id":"https:\/\/www.ernest-turc.com\/boutique\/produits\/bulbes\/saison\/ete\/dahlia-decoratif-bohemian-spartacus\/","url":"https:\/\/www.ernest-turc.com\/boutique\/produits\/bulbes\/saison\/ete\/dahlia-decoratif-bohemian-spartacus\/","name":"Dahlia D\u00e9coratif Bohemian Spartacus - Ernest TURC","isPartOf":{"@id":"https:\/\/www.ernest-turc.com\/boutique\/#website"},"primaryImageOfPage":{"@id":"https:\/\/www.ernest-turc.com\/boutique\/produits\/bulbes\/saison\/ete\/dahlia-decoratif-bohemian-spartacus\/#primaryimage"},"image":{"@id":"https:\/\/www.ernest-turc.com\/boutique\/produits\/bulbes\/saison\/ete\/dahlia-decoratif-bohemian-spartacus\/#primaryimage"},"thumbnailUrl":"https:\/\/www.ernest-turc.com\/boutique\/wp-content\/uploads\/2021\/01\/dahlia-decoratif-bohemian-spartacus.jpg","datePublished":"2021-02-05T15:44:16+00:00","dateModified":"2025-01-20T09:58:15+00:00","description":"Dahlia D\u00e9coratif Bohemian Spartacus \u00e0 acheter en ligne avec Ernest Turc, producteur de bulbes et de graines. D\u00e9couvrez notre s\u00e9lection de Plantez des bulbes au printemps, fleurissez votre \u00e9t\u00e9 ! pour sublimer vos jardins.","breadcrumb":{"@id":"https:\/\/www.ernest-turc.com\/boutique\/produits\/bulbes\/saison\/ete\/dahlia-decoratif-bohemian-spartacus\/#breadcrumb"},"inLanguage":"fr-FR","potentialAction":[{"@type":"ReadAction","target":["https:\/\/www.ernest-turc.com\/boutique\/produits\/bulbes\/saison\/ete\/dahlia-decoratif-bohemian-spartacus\/"]}]},{"@type":"ImageObject","inLanguage":"fr-FR","@id":"https:\/\/www.ernest-turc.com\/boutique\/produits\/bulbes\/saison\/ete\/dahlia-decoratif-bohemian-spartacus\/#primaryimage","url":"https:\/\/www.ernest-turc.com\/boutique\/wp-content\/uploads\/2021\/01\/dahlia-decoratif-bohemian-spartacus.jpg","contentUrl":"https:\/\/www.ernest-turc.com\/boutique\/wp-content\/uploads\/2021\/01\/dahlia-decoratif-bohemian-spartacus.jpg","width":800,"height":800,"caption":"Dahlia D\u00e9coratif Bohemian Spartacus"},{"@type":"BreadcrumbList","@id":"https:\/\/www.ernest-turc.com\/boutique\/produits\/bulbes\/saison\/ete\/dahlia-decoratif-bohemian-spartacus\/#breadcrumb","itemListElement":[{"@type":"ListItem","position":1,"name":"Accueil","item":"https:\/\/www.ernest-turc.com\/boutique\/"},{"@type":"ListItem","position":2,"name":"Boutique","item":"https:\/\/www.ernest-turc.fr\/boutique\/produits\/"},{"@type":"ListItem","position":3,"name":"Dahlia D\u00e9coratif Bohemian Spartacus"}]},{"@type":"WebSite","@id":"https:\/\/www.ernest-turc.com\/boutique\/#website","url":"https:\/\/www.ernest-turc.com\/boutique\/","name":"Ernest TURC","description":"","publisher":{"@id":"https:\/\/www.ernest-turc.com\/boutique\/#organization"},"potentialAction":[{"@type":"SearchAction","target":{"@type":"EntryPoint","urlTemplate":"https:\/\/www.ernest-turc.com\/boutique\/?s={search_term_string}"},"query-input":{"@type":"PropertyValueSpecification","valueRequired":true,"valueName":"search_term_string"}}],"inLanguage":"fr-FR"},{"@type":"Organization","@id":"https:\/\/www.ernest-turc.com\/boutique\/#organization","name":"Boutique Ernest TURC","alternateName":"Ernest TURC","url":"https:\/\/www.ernest-turc.com\/boutique\/","logo":{"@type":"ImageObject","inLanguage":"fr-FR","@id":"https:\/\/www.ernest-turc.com\/boutique\/#\/schema\/logo\/image\/","url":"https:\/\/www.ernest-turc.com\/boutique\/wp-content\/uploads\/2020\/10\/logo.png","contentUrl":"https:\/\/www.ernest-turc.com\/boutique\/wp-content\/uploads\/2020\/10\/logo.png","width":161,"height":161,"caption":"Boutique Ernest TURC"},"image":{"@id":"https:\/\/www.ernest-turc.com\/boutique\/#\/schema\/logo\/image\/"},"sameAs":["https:\/\/www.facebook.com\/ErnestTURC49","https:\/\/www.instagram.com\/ernestturc","https:\/\/www.linkedin.com\/company\/ernest-turc\/","https:\/\/www.pinterest.fr\/ernestturc","https:\/\/www.youtube.com\/channel\/UCH3ntWhy3mdcqw9-xF6pmEQ"]}]},"product_price_amount":"18.90","product_price_currency":"EUR","og_availability":"out of stock","product_availability":"out of stock","product_retailer_item_id":"154430-2","product_condition":"new"},"_links":{"self":[{"href":"https:\/\/www.ernest-turc.com\/boutique\/wp-json\/wp\/v2\/product\/7793","targetHints":{"allow":["GET"]}}],"collection":[{"href":"https:\/\/www.ernest-turc.com\/boutique\/wp-json\/wp\/v2\/product"}],"about":[{"href":"https:\/\/www.ernest-turc.com\/boutique\/wp-json\/wp\/v2\/types\/product"}],"wp:featuredmedia":[{"embeddable":true,"href":"https:\/\/www.ernest-turc.com\/boutique\/wp-json\/wp\/v2\/media\/7795"}],"wp:attachment":[{"href":"https:\/\/www.ernest-turc.com\/boutique\/wp-json\/wp\/v2\/media?parent=7793"}],"wp:term":[{"taxonomy":"product_brand","embeddable":true,"href":"https:\/\/www.ernest-turc.com\/boutique\/wp-json\/wp\/v2\/product_brand?post=7793"},{"taxonomy":"product_cat","embeddable":true,"href":"https:\/\/www.ernest-turc.com\/boutique\/wp-json\/wp\/v2\/product_cat?post=7793"},{"taxonomy":"product_tag","embeddable":true,"href":"https:\/\/www.ernest-turc.com\/boutique\/wp-json\/wp\/v2\/product_tag?post=7793"}],"curies":[{"name":"wp","href":"https:\/\/api.w.org\/{rel}","templated":true}]}}