{"id":7697,"date":"2021-03-18T10:17:44","date_gmt":"2021-03-18T10:17:44","guid":{"rendered":"https:\/\/www.ernest-turc.com\/boutique\/boutique\/dahlia-collerette-bumble-rumble\/"},"modified":"2026-04-11T16:13:08","modified_gmt":"2026-04-11T16:13:08","slug":"dahlia-collerette-bumble-rumble","status":"publish","type":"product","link":"https:\/\/www.ernest-turc.com\/boutique\/produits\/bulbes\/fleurs\/dahlia\/fleurs-simples\/dahlia-collerette-bumble-rumble\/","title":{"rendered":"Dahlia Collerette Bumble Rumble"},"content":{"rendered":"<p style=\"text-align: justify;\">Le<strong>\u00a0Dahlia\u00a0collerette Bumble Rumble<\/strong>\u00a0est une vari\u00e9t\u00e9 \u00e0 la forme et au coloris original, pour le moins inhabituelle. Cette fleur parfaitement r\u00e9guli\u00e8re d&#8217;environ 11 cm de diam\u00e8tre de couleur framboise poss\u00e8de une collerette blanche plus large qu&#8217;\u00e0 l&#8217;accoutum\u00e9e pour un Dahlia\u00a0de cette famille. Son c\u0153ur jaune attirera tous les insectes pollinisateurs qui seront tr\u00e8s vite happ\u00e9s par la beaut\u00e9 de cette plante. Du haut de ses 110 cm, il est parfait en massif, mais vous pourrez \u00e9galement confectionner avec lui de magnifiques bouquets d&#8217;\u00e9t\u00e9 !\u00a0<\/p>\n<p style=\"text-align: justify;\">Originaire d\u2019Am\u00e9rique centrale et principalement du Mexique, le dahlia, utilis\u00e9 autrefois par les Azt\u00e8ques comme plante comestible, est import\u00e9 en Europe au 18\u00e8me si\u00e8cle pour remplacer la pomme de terre. Sans succ\u00e8s\u2026 ses qualit\u00e9s d\u00e9coratives et ornementales ont vite supplant\u00e9 ses propri\u00e9t\u00e9s nutritives, surtout lorsque les premi\u00e8res fleurs doubles de type cactus ont \u00e9t\u00e9 hybrid\u00e9es. Aujourd\u2019hui, ce sont plus de quarante mille vari\u00e9t\u00e9s hybrides qui ont \u00e9t\u00e9 obtenues, pour le plus grand bonheur des amateurs passionn\u00e9s, des collectionneurs, et des jardiniers. Le genre dahlia offre une diversit\u00e9 fantastique de formes, de hauteurs et de coloris. Il ne lui manque que le parfum\u2026 et le pigment bleu pour compl\u00e9ter la gamme de ses coloris\u00a0!<\/p>\n","protected":false},"excerpt":{"rendered":"<p style=\"text-align: justify;\">Le<strong>\u00a0Dahlia\u00a0collerette Bumble Rumble<\/strong>\u00a0est une vari\u00e9t\u00e9 \u00e0 la forme et au coloris original, pour le moins inhabituelle. Cette fleur parfaitement r\u00e9guli\u00e8re d&#8217;environ 11 cm de diam\u00e8tre de couleur framboise poss\u00e8de une collerette blanche plus large qu&#8217;\u00e0 l&#8217;accoutum\u00e9e pour un Dahlia\u00a0de cette famille. Son c\u0153ur jaune attirera tous les insectes pollinisateurs qui seront tr\u00e8s vite happ\u00e9s par la beaut\u00e9 de cette plante. Du haut de ses 110 cm, il est parfait en massif, mais vous pourrez \u00e9galement confectionner avec lui de magnifiques bouquets d&#8217;\u00e9t\u00e9 !\u00a0<\/p>\n","protected":false},"featured_media":7699,"template":"","meta":{"_relevanssi_hide_post":"","_relevanssi_hide_content":"","_relevanssi_pin_for_all":"","_relevanssi_pin_keywords":"","_relevanssi_unpin_keywords":"","_relevanssi_related_keywords":"","_relevanssi_related_include_ids":"","_relevanssi_related_exclude_ids":"","_relevanssi_related_no_append":"","_relevanssi_related_not_related":"","_relevanssi_related_posts":"","_relevanssi_noindex_reason":""},"product_brand":[],"product_cat":[1609,179,180,212,737,1607,2229,738,1608,1796,1592,183,182],"product_tag":[1096,1094,1095,752,919,1097,750],"class_list":{"0":"post-7697","1":"product","2":"type-product","3":"status-publish","4":"has-post-thumbnail","6":"product_cat-bouquets","7":"product_cat-bulbes","8":"product_cat-fleurs","9":"product_cat-theme","10":"product_cat-dahlia","11":"product_cat-fleurs-simples","12":"product_cat-fleurs-violettes","13":"product_cat-hauts-dahlias","14":"product_cat-label-fleurs-de-france","15":"product_cat-nos-dahlias-stars","16":"product_cat-plante-melliferes","17":"product_cat-ete","18":"product_cat-saison","19":"product_tag-bulbe-turc-francais","20":"product_tag-dahlia-bumble-rumble","21":"product_tag-dahlia-collerette","22":"product_tag-dahlia-original","23":"product_tag-fleur-originale","24":"product_tag-fleur-violette-pourpre","25":"product_tag-plante-mellifere","26":"pa_calibre-i","27":"pa_conditionnement-734","28":"pa_conditionnement-1443","29":"pa_couleur-blanc","30":"pa_couleur-rose","31":"pa_couleur-de-feuillage-vert","32":"pa_disponibilite-de-fevrier-a-juin","33":"pa_exposition-ensoleillee","34":"pa_hauteur-de-la-plante-110-cm","35":"pa_logo-fleurs-de-france-oui","36":"pa_melliferes-oui","37":"pa_periode-de-recolte-floraison-aout","38":"pa_periode-de-recolte-floraison-juillet","39":"pa_periode-de-recolte-floraison-novembre","40":"pa_periode-de-recolte-floraison-octobre","41":"pa_periode-de-recolte-floraison-septembre","42":"pa_periode-de-semis-plantation-avril","43":"pa_periode-de-semis-plantation-mai","44":"pa_periode-de-semis-plantation-mars","45":"pa_rusticite-craint-le-gel","46":"pa_utilisation-fleur-coupee","47":"pa_utilisation-fleur-coupeemassif","48":"pa_utilisation-massif","50":"first","51":"instock","52":"taxable","53":"shipping-taxable","54":"purchasable","55":"product-type-variable","56":"has-default-attributes"},"bundled_by":[],"bundle_stock_status":"instock","bundle_stock_quantity":40,"bundle_virtual":false,"bundle_layout":"","bundle_add_to_cart_form_location":"","bundle_editable_in_cart":false,"bundle_sold_individually_context":"","bundle_item_grouping":"","bundle_min_size":"","bundle_max_size":"","bundled_items":[],"bundle_sell_ids":[],"yoast_head":"<!-- This site is optimized with the Yoast SEO Premium plugin v25.2 (Yoast SEO v27.3) - https:\/\/yoast.com\/product\/yoast-seo-premium-wordpress\/ -->\n<title>Dahlia Collerette Bumble Rumble - Ernest TURC<\/title>\n<meta name=\"description\" content=\"Dahlia Collerette Bumble Rumble \u00e0 acheter en ligne avec Ernest Turc, producteur de bulbes et de graines. D\u00e9couvrez notre s\u00e9lection de Fleurs simples pour sublimer vos jardins.\" \/>\n<meta name=\"robots\" content=\"index, follow, max-snippet:-1, max-image-preview:large, max-video-preview:-1\" \/>\n<link rel=\"canonical\" href=\"https:\/\/www.ernest-turc.com\/boutique\/produits\/bulbes\/fleurs\/dahlia\/fleurs-simples\/dahlia-collerette-bumble-rumble\/\" \/>\n<meta property=\"og:locale\" content=\"fr_FR\" \/>\n<meta property=\"og:type\" content=\"article\" \/>\n<meta property=\"og:title\" content=\"Dahlia Collerette Bumble Rumble\" \/>\n<meta property=\"og:description\" content=\"Dahlia Collerette Bumble Rumble \u00e0 acheter en ligne avec Ernest Turc, producteur de bulbes et de graines. D\u00e9couvrez notre s\u00e9lection de Fleurs simples pour sublimer vos jardins.\" \/>\n<meta property=\"og:url\" content=\"https:\/\/www.ernest-turc.com\/boutique\/produits\/bulbes\/fleurs\/dahlia\/fleurs-simples\/dahlia-collerette-bumble-rumble\/\" \/>\n<meta property=\"og:site_name\" content=\"Ernest TURC\" \/>\n<meta property=\"article:publisher\" content=\"https:\/\/www.facebook.com\/ErnestTURC49\" \/>\n<meta property=\"article:modified_time\" content=\"2026-04-11T16:13:08+00:00\" \/>\n<meta property=\"og:image\" content=\"https:\/\/www.ernest-turc.com\/boutique\/wp-content\/uploads\/2021\/01\/dahlia-collerette-bumble-rumble.jpg\" \/>\n\t<meta property=\"og:image:width\" content=\"800\" \/>\n\t<meta property=\"og:image:height\" content=\"800\" \/>\n\t<meta property=\"og:image:type\" content=\"image\/jpeg\" \/>\n<meta name=\"twitter:card\" content=\"summary_large_image\" \/>\n<meta name=\"twitter:label1\" content=\"Disponibilit\u00e9\" \/>\n\t<meta name=\"twitter:data1\" content=\"En stock\" \/>\n<script type=\"application\/ld+json\" class=\"yoast-schema-graph\">{\"@context\":\"https:\\\/\\\/schema.org\",\"@graph\":[{\"@type\":\"WebPage\",\"@id\":\"https:\\\/\\\/www.ernest-turc.com\\\/boutique\\\/produits\\\/bulbes\\\/fleurs\\\/dahlia\\\/fleurs-simples\\\/dahlia-collerette-bumble-rumble\\\/\",\"url\":\"https:\\\/\\\/www.ernest-turc.com\\\/boutique\\\/produits\\\/bulbes\\\/fleurs\\\/dahlia\\\/fleurs-simples\\\/dahlia-collerette-bumble-rumble\\\/\",\"name\":\"Dahlia Collerette Bumble Rumble - Ernest TURC\",\"isPartOf\":{\"@id\":\"https:\\\/\\\/www.ernest-turc.com\\\/boutique\\\/#website\"},\"primaryImageOfPage\":{\"@id\":\"https:\\\/\\\/www.ernest-turc.com\\\/boutique\\\/produits\\\/bulbes\\\/fleurs\\\/dahlia\\\/fleurs-simples\\\/dahlia-collerette-bumble-rumble\\\/#primaryimage\"},\"image\":{\"@id\":\"https:\\\/\\\/www.ernest-turc.com\\\/boutique\\\/produits\\\/bulbes\\\/fleurs\\\/dahlia\\\/fleurs-simples\\\/dahlia-collerette-bumble-rumble\\\/#primaryimage\"},\"thumbnailUrl\":\"https:\\\/\\\/www.ernest-turc.com\\\/boutique\\\/wp-content\\\/uploads\\\/2021\\\/01\\\/dahlia-collerette-bumble-rumble.jpg\",\"datePublished\":\"2021-03-18T10:17:44+00:00\",\"dateModified\":\"2026-04-11T16:13:08+00:00\",\"description\":\"Dahlia Collerette Bumble Rumble \u00e0 acheter en ligne avec Ernest Turc, producteur de bulbes et de graines. D\u00e9couvrez notre s\u00e9lection de Fleurs simples pour sublimer vos jardins.\",\"breadcrumb\":{\"@id\":\"https:\\\/\\\/www.ernest-turc.com\\\/boutique\\\/produits\\\/bulbes\\\/fleurs\\\/dahlia\\\/fleurs-simples\\\/dahlia-collerette-bumble-rumble\\\/#breadcrumb\"},\"inLanguage\":\"fr-FR\",\"potentialAction\":[{\"@type\":\"ReadAction\",\"target\":[\"https:\\\/\\\/www.ernest-turc.com\\\/boutique\\\/produits\\\/bulbes\\\/fleurs\\\/dahlia\\\/fleurs-simples\\\/dahlia-collerette-bumble-rumble\\\/\"]}]},{\"@type\":\"ImageObject\",\"inLanguage\":\"fr-FR\",\"@id\":\"https:\\\/\\\/www.ernest-turc.com\\\/boutique\\\/produits\\\/bulbes\\\/fleurs\\\/dahlia\\\/fleurs-simples\\\/dahlia-collerette-bumble-rumble\\\/#primaryimage\",\"url\":\"https:\\\/\\\/www.ernest-turc.com\\\/boutique\\\/wp-content\\\/uploads\\\/2021\\\/01\\\/dahlia-collerette-bumble-rumble.jpg\",\"contentUrl\":\"https:\\\/\\\/www.ernest-turc.com\\\/boutique\\\/wp-content\\\/uploads\\\/2021\\\/01\\\/dahlia-collerette-bumble-rumble.jpg\",\"width\":800,\"height\":800,\"caption\":\"Dahlia collerette Bumble Rumble\"},{\"@type\":\"BreadcrumbList\",\"@id\":\"https:\\\/\\\/www.ernest-turc.com\\\/boutique\\\/produits\\\/bulbes\\\/fleurs\\\/dahlia\\\/fleurs-simples\\\/dahlia-collerette-bumble-rumble\\\/#breadcrumb\",\"itemListElement\":[{\"@type\":\"ListItem\",\"position\":1,\"name\":\"Accueil\",\"item\":\"https:\\\/\\\/www.ernest-turc.com\\\/boutique\\\/\"},{\"@type\":\"ListItem\",\"position\":2,\"name\":\"Boutique\",\"item\":\"https:\\\/\\\/www.ernest-turc.fr\\\/boutique\\\/produits\\\/\"},{\"@type\":\"ListItem\",\"position\":3,\"name\":\"Dahlia Collerette Bumble Rumble\"}]},{\"@type\":\"WebSite\",\"@id\":\"https:\\\/\\\/www.ernest-turc.com\\\/boutique\\\/#website\",\"url\":\"https:\\\/\\\/www.ernest-turc.com\\\/boutique\\\/\",\"name\":\"Ernest TURC\",\"description\":\"\",\"publisher\":{\"@id\":\"https:\\\/\\\/www.ernest-turc.com\\\/boutique\\\/#organization\"},\"potentialAction\":[{\"@type\":\"SearchAction\",\"target\":{\"@type\":\"EntryPoint\",\"urlTemplate\":\"https:\\\/\\\/www.ernest-turc.com\\\/boutique\\\/?s={search_term_string}\"},\"query-input\":{\"@type\":\"PropertyValueSpecification\",\"valueRequired\":true,\"valueName\":\"search_term_string\"}}],\"inLanguage\":\"fr-FR\"},{\"@type\":\"Organization\",\"@id\":\"https:\\\/\\\/www.ernest-turc.com\\\/boutique\\\/#organization\",\"name\":\"Boutique Ernest TURC\",\"alternateName\":\"Ernest TURC\",\"url\":\"https:\\\/\\\/www.ernest-turc.com\\\/boutique\\\/\",\"logo\":{\"@type\":\"ImageObject\",\"inLanguage\":\"fr-FR\",\"@id\":\"https:\\\/\\\/www.ernest-turc.com\\\/boutique\\\/#\\\/schema\\\/logo\\\/image\\\/\",\"url\":\"https:\\\/\\\/www.ernest-turc.com\\\/boutique\\\/wp-content\\\/uploads\\\/2020\\\/10\\\/logo.png\",\"contentUrl\":\"https:\\\/\\\/www.ernest-turc.com\\\/boutique\\\/wp-content\\\/uploads\\\/2020\\\/10\\\/logo.png\",\"width\":161,\"height\":161,\"caption\":\"Boutique Ernest TURC\"},\"image\":{\"@id\":\"https:\\\/\\\/www.ernest-turc.com\\\/boutique\\\/#\\\/schema\\\/logo\\\/image\\\/\"},\"sameAs\":[\"https:\\\/\\\/www.facebook.com\\\/ErnestTURC49\",\"https:\\\/\\\/www.instagram.com\\\/ernestturc\",\"https:\\\/\\\/www.linkedin.com\\\/company\\\/ernest-turc\\\/\",\"https:\\\/\\\/www.pinterest.fr\\\/ernestturc\",\"https:\\\/\\\/www.youtube.com\\\/channel\\\/UCH3ntWhy3mdcqw9-xF6pmEQ\"]}]}<\/script>\n<meta property=\"og:availability\" content=\"instock\" \/>\n<meta property=\"product:availability\" content=\"instock\" \/>\n<meta property=\"product:retailer_item_id\" content=\"956163\" \/>\n<meta property=\"product:condition\" content=\"new\" \/>\n<!-- \/ Yoast SEO Premium plugin. -->","yoast_head_json":{"title":"Dahlia Collerette Bumble Rumble - Ernest TURC","description":"Dahlia Collerette Bumble Rumble \u00e0 acheter en ligne avec Ernest Turc, producteur de bulbes et de graines. D\u00e9couvrez notre s\u00e9lection de Fleurs simples pour sublimer vos jardins.","robots":{"index":"index","follow":"follow","max-snippet":"max-snippet:-1","max-image-preview":"max-image-preview:large","max-video-preview":"max-video-preview:-1"},"canonical":"https:\/\/www.ernest-turc.com\/boutique\/produits\/bulbes\/fleurs\/dahlia\/fleurs-simples\/dahlia-collerette-bumble-rumble\/","og_locale":"fr_FR","og_type":"article","og_title":"Dahlia Collerette Bumble Rumble","og_description":"Dahlia Collerette Bumble Rumble \u00e0 acheter en ligne avec Ernest Turc, producteur de bulbes et de graines. D\u00e9couvrez notre s\u00e9lection de Fleurs simples pour sublimer vos jardins.","og_url":"https:\/\/www.ernest-turc.com\/boutique\/produits\/bulbes\/fleurs\/dahlia\/fleurs-simples\/dahlia-collerette-bumble-rumble\/","og_site_name":"Ernest TURC","article_publisher":"https:\/\/www.facebook.com\/ErnestTURC49","article_modified_time":"2026-04-11T16:13:08+00:00","og_image":[{"width":800,"height":800,"url":"https:\/\/www.ernest-turc.com\/boutique\/wp-content\/uploads\/2021\/01\/dahlia-collerette-bumble-rumble.jpg","type":"image\/jpeg"}],"twitter_card":"summary_large_image","twitter_misc":{"Disponibilit\u00e9":"En stock"},"schema":{"@context":"https:\/\/schema.org","@graph":[{"@type":"WebPage","@id":"https:\/\/www.ernest-turc.com\/boutique\/produits\/bulbes\/fleurs\/dahlia\/fleurs-simples\/dahlia-collerette-bumble-rumble\/","url":"https:\/\/www.ernest-turc.com\/boutique\/produits\/bulbes\/fleurs\/dahlia\/fleurs-simples\/dahlia-collerette-bumble-rumble\/","name":"Dahlia Collerette Bumble Rumble - Ernest TURC","isPartOf":{"@id":"https:\/\/www.ernest-turc.com\/boutique\/#website"},"primaryImageOfPage":{"@id":"https:\/\/www.ernest-turc.com\/boutique\/produits\/bulbes\/fleurs\/dahlia\/fleurs-simples\/dahlia-collerette-bumble-rumble\/#primaryimage"},"image":{"@id":"https:\/\/www.ernest-turc.com\/boutique\/produits\/bulbes\/fleurs\/dahlia\/fleurs-simples\/dahlia-collerette-bumble-rumble\/#primaryimage"},"thumbnailUrl":"https:\/\/www.ernest-turc.com\/boutique\/wp-content\/uploads\/2021\/01\/dahlia-collerette-bumble-rumble.jpg","datePublished":"2021-03-18T10:17:44+00:00","dateModified":"2026-04-11T16:13:08+00:00","description":"Dahlia Collerette Bumble Rumble \u00e0 acheter en ligne avec Ernest Turc, producteur de bulbes et de graines. D\u00e9couvrez notre s\u00e9lection de Fleurs simples pour sublimer vos jardins.","breadcrumb":{"@id":"https:\/\/www.ernest-turc.com\/boutique\/produits\/bulbes\/fleurs\/dahlia\/fleurs-simples\/dahlia-collerette-bumble-rumble\/#breadcrumb"},"inLanguage":"fr-FR","potentialAction":[{"@type":"ReadAction","target":["https:\/\/www.ernest-turc.com\/boutique\/produits\/bulbes\/fleurs\/dahlia\/fleurs-simples\/dahlia-collerette-bumble-rumble\/"]}]},{"@type":"ImageObject","inLanguage":"fr-FR","@id":"https:\/\/www.ernest-turc.com\/boutique\/produits\/bulbes\/fleurs\/dahlia\/fleurs-simples\/dahlia-collerette-bumble-rumble\/#primaryimage","url":"https:\/\/www.ernest-turc.com\/boutique\/wp-content\/uploads\/2021\/01\/dahlia-collerette-bumble-rumble.jpg","contentUrl":"https:\/\/www.ernest-turc.com\/boutique\/wp-content\/uploads\/2021\/01\/dahlia-collerette-bumble-rumble.jpg","width":800,"height":800,"caption":"Dahlia collerette Bumble Rumble"},{"@type":"BreadcrumbList","@id":"https:\/\/www.ernest-turc.com\/boutique\/produits\/bulbes\/fleurs\/dahlia\/fleurs-simples\/dahlia-collerette-bumble-rumble\/#breadcrumb","itemListElement":[{"@type":"ListItem","position":1,"name":"Accueil","item":"https:\/\/www.ernest-turc.com\/boutique\/"},{"@type":"ListItem","position":2,"name":"Boutique","item":"https:\/\/www.ernest-turc.fr\/boutique\/produits\/"},{"@type":"ListItem","position":3,"name":"Dahlia Collerette Bumble Rumble"}]},{"@type":"WebSite","@id":"https:\/\/www.ernest-turc.com\/boutique\/#website","url":"https:\/\/www.ernest-turc.com\/boutique\/","name":"Ernest TURC","description":"","publisher":{"@id":"https:\/\/www.ernest-turc.com\/boutique\/#organization"},"potentialAction":[{"@type":"SearchAction","target":{"@type":"EntryPoint","urlTemplate":"https:\/\/www.ernest-turc.com\/boutique\/?s={search_term_string}"},"query-input":{"@type":"PropertyValueSpecification","valueRequired":true,"valueName":"search_term_string"}}],"inLanguage":"fr-FR"},{"@type":"Organization","@id":"https:\/\/www.ernest-turc.com\/boutique\/#organization","name":"Boutique Ernest TURC","alternateName":"Ernest TURC","url":"https:\/\/www.ernest-turc.com\/boutique\/","logo":{"@type":"ImageObject","inLanguage":"fr-FR","@id":"https:\/\/www.ernest-turc.com\/boutique\/#\/schema\/logo\/image\/","url":"https:\/\/www.ernest-turc.com\/boutique\/wp-content\/uploads\/2020\/10\/logo.png","contentUrl":"https:\/\/www.ernest-turc.com\/boutique\/wp-content\/uploads\/2020\/10\/logo.png","width":161,"height":161,"caption":"Boutique Ernest TURC"},"image":{"@id":"https:\/\/www.ernest-turc.com\/boutique\/#\/schema\/logo\/image\/"},"sameAs":["https:\/\/www.facebook.com\/ErnestTURC49","https:\/\/www.instagram.com\/ernestturc","https:\/\/www.linkedin.com\/company\/ernest-turc\/","https:\/\/www.pinterest.fr\/ernestturc","https:\/\/www.youtube.com\/channel\/UCH3ntWhy3mdcqw9-xF6pmEQ"]}]},"og_availability":"instock","product_availability":"instock","product_retailer_item_id":"956163","product_condition":"new"},"_links":{"self":[{"href":"https:\/\/www.ernest-turc.com\/boutique\/wp-json\/wp\/v2\/product\/7697","targetHints":{"allow":["GET"]}}],"collection":[{"href":"https:\/\/www.ernest-turc.com\/boutique\/wp-json\/wp\/v2\/product"}],"about":[{"href":"https:\/\/www.ernest-turc.com\/boutique\/wp-json\/wp\/v2\/types\/product"}],"wp:featuredmedia":[{"embeddable":true,"href":"https:\/\/www.ernest-turc.com\/boutique\/wp-json\/wp\/v2\/media\/7699"}],"wp:attachment":[{"href":"https:\/\/www.ernest-turc.com\/boutique\/wp-json\/wp\/v2\/media?parent=7697"}],"wp:term":[{"taxonomy":"product_brand","embeddable":true,"href":"https:\/\/www.ernest-turc.com\/boutique\/wp-json\/wp\/v2\/product_brand?post=7697"},{"taxonomy":"product_cat","embeddable":true,"href":"https:\/\/www.ernest-turc.com\/boutique\/wp-json\/wp\/v2\/product_cat?post=7697"},{"taxonomy":"product_tag","embeddable":true,"href":"https:\/\/www.ernest-turc.com\/boutique\/wp-json\/wp\/v2\/product_tag?post=7697"}],"curies":[{"name":"wp","href":"https:\/\/api.w.org\/{rel}","templated":true}]}}