{"id":599573,"date":"2026-01-19T09:29:37","date_gmt":"2026-01-19T09:29:37","guid":{"rendered":"https:\/\/www.ernest-turc.com\/boutique\/?post_type=product&#038;p=599573"},"modified":"2026-05-12T08:51:51","modified_gmt":"2026-05-12T08:51:51","slug":"dahlia-balle-genova-bio","status":"publish","type":"product","link":"https:\/\/www.ernest-turc.com\/boutique\/produits\/bulbes\/fleurs\/dahlia\/pompons-et-balles\/dahlia-balle-genova-bio\/","title":{"rendered":"Dahlia Balle Genova Bio"},"content":{"rendered":"<p class=\"ai-optimize-23 ai-optimize-introduction\" style=\"text-align: justify;\">Le <strong>Dahlia balle Genova<\/strong> est une vari\u00e9t\u00e9 de 80 cm environ, qui produit des superbes fleurs de 8 cm de diam\u00e8tre a la couleur douce, rose clair l\u00e9g\u00e8rement bord\u00e9 de pourpre. L&#8217;ensemble des p\u00e9tales, tous recourb\u00e9s en cuill\u00e8re de mani\u00e8re tr\u00e8s r\u00e9guli\u00e8re, donne \u00e0 ce dahlia une forme de nid d&#8217;abeilles compact aux nombreuses petites alv\u00e9oles. Associ\u00e9 au Dahlia &#8216;<a href=\"https:\/\/www.ernest-turc.com\/boutique\/produits\/bulbes\/fleurs\/dahlias\/pompons-et-balles\/dahlia-pompon-eclaireur\/\">Eclaireur<\/a>&#8216; ou encore &#8216;<a href=\"https:\/\/www.ernest-turc.com\/boutique\/produits\/bulbes\/fleurs\/dahlias\/pompons-et-balles\/dahlia-balle-sandra\/\">Sandra<\/a>&#8216;, il est id\u00e9al au jardin pour donner de la hauteur \u00e0 vos massifs estivaux aux teintes douces et d\u00e9licates. Les fleurs de cette vari\u00e9t\u00e9 au coloris unique sont\u00a0\u00e9galement tr\u00e8s appr\u00e9ci\u00e9es en bouquets gr\u00e2ce \u00e0 leur longue tige et leur tr\u00e8s bonne tenue en vase.<\/p>\n<div class=\"flex flex-grow flex-col max-w-full\">\n<div class=\"min-h-[20px] text-message flex flex-col items-start gap-3 whitespace-pre-wrap break-words [.text-message+&amp;]:mt-5 overflow-x-auto\" data-message-author-role=\"assistant\" data-message-id=\"cdbdcf03-2b10-4ce8-9f27-ac6bd99c4d25\">\n<div class=\"markdown prose w-full break-words dark:prose-invert dark\">\n<p class=\"ai-optimize-24\">Originaire d\u2019Am\u00e9rique centrale, en particulier du Mexique, le dahlia \u00e9tait autrefois cultiv\u00e9 par les Azt\u00e8ques en tant que plante comestible. Au XVIIIe si\u00e8cle, il fit son entr\u00e9e en Europe avec l&#8217;intention de remplacer la pomme de terre, mais sans grand succ\u00e8s. Cependant, ses qualit\u00e9s d\u00e9coratives et ornementales ont rapidement \u00e9clips\u00e9 ses propri\u00e9t\u00e9s nutritives, surtout avec l&#8217;av\u00e8nement des premi\u00e8res fleurs doubles de type cactus issues d&#8217;hybridation.<\/p>\n<p class=\"ai-optimize-25\">Aujourd&#8217;hui, nous c\u00e9l\u00e9brons une pl\u00e9thore de plus de quarante mille vari\u00e9t\u00e9s hybrides de dahlias, comblant de bonheur les amateurs passionn\u00e9s, les collectionneurs et les jardiniers. Le genre dahlia offre une diversit\u00e9 fantastique de formes, de hauteurs et de coloris, transformant chaque jardin en un tableau vivant de splendeur florale. Il ne lui manque que le parfum.<\/p>\n<\/div>\n<\/div>\n<\/div>\n","protected":false},"excerpt":{"rendered":"<p style=\"text-align: justify;\">Le <strong>Dahlia balle Genova<\/strong> est une vari\u00e9t\u00e9 de 80 cm environ, qui produit des superbes fleurs de 8 cm de diam\u00e8tre a la couleur douce, rose clair l\u00e9g\u00e8rement bord\u00e9 de pourpre. L&#8217;ensemble des p\u00e9tales, tous recourb\u00e9s en cuill\u00e8re de mani\u00e8re tr\u00e8s r\u00e9guli\u00e8re, donne \u00e0 ce dahlia une forme de nid d&#8217;abeilles compact aux nombreuses petites alv\u00e9oles. Associ\u00e9 au Dahlia &#8216;Eclaireur&#8217; ou encore &#8216;Sandra&#8217;, il est id\u00e9al au jardin pour donner de la hauteur \u00e0 vos massifs estivaux aux teintes douces et d\u00e9licates. Les fleurs de cette vari\u00e9t\u00e9 au coloris unique sont\u00a0\u00e9galement tr\u00e8s appr\u00e9ci\u00e9es en bouquets gr\u00e2ce \u00e0 leur longue tige et leur tr\u00e8s bonne tenue en vase.<\/p>\n","protected":false},"featured_media":8874,"template":"","meta":{"_relevanssi_hide_post":"","_relevanssi_hide_content":"","_relevanssi_pin_for_all":"","_relevanssi_pin_keywords":"","_relevanssi_unpin_keywords":"","_relevanssi_related_keywords":"","_relevanssi_related_include_ids":"","_relevanssi_related_exclude_ids":"","_relevanssi_related_no_append":"","_relevanssi_related_not_related":"","_relevanssi_related_posts":"","_relevanssi_noindex_reason":""},"product_brand":[],"product_cat":[1609,179,180,212,737,1612,2229,1608,183,1610,182],"product_tag":[914,1387,831,1124],"class_list":{"0":"post-599573","1":"product","2":"type-product","3":"status-publish","4":"has-post-thumbnail","6":"product_cat-bouquets","7":"product_cat-bulbes","8":"product_cat-fleurs","9":"product_cat-theme","10":"product_cat-dahlia","11":"product_cat-dahlias-bio","12":"product_cat-fleurs-violettes","13":"product_cat-label-fleurs-de-france","14":"product_cat-ete","15":"product_cat-pompons-et-balles","16":"product_cat-saison","17":"product_tag-bouquet-dahlia","18":"product_tag-bulbe-de-dahlia","19":"product_tag-dahlia-bio","20":"product_tag-dahlia-france","21":"pa_bio-logo-ab-oui","22":"pa_calibre-i","23":"pa_conditionnement-1443","24":"pa_couleur-violet","25":"pa_couleur-de-feuillage-vert","26":"pa_disponibilite-de-fevrier-a-juin","27":"pa_exposition-ensoleillee","28":"pa_hauteur-de-la-plante-80-cm","29":"pa_periode-de-recolte-floraison-aout","30":"pa_periode-de-recolte-floraison-juillet","31":"pa_periode-de-recolte-floraison-novembre","32":"pa_periode-de-recolte-floraison-octobre","33":"pa_periode-de-recolte-floraison-septembre","34":"pa_periode-de-semis-plantation-avril","35":"pa_periode-de-semis-plantation-mai","36":"pa_periode-de-semis-plantation-mars","37":"pa_rusticite-craint-le-gel","38":"pa_utilisation-fleur-coupee","39":"pa_utilisation-massif","41":"first","42":"outofstock","43":"taxable","44":"shipping-taxable","45":"purchasable","46":"product-type-simple"},"bundled_by":[],"bundle_stock_status":"outofstock","bundle_stock_quantity":0,"bundle_virtual":false,"bundle_layout":"","bundle_add_to_cart_form_location":"","bundle_editable_in_cart":false,"bundle_sold_individually_context":"","bundle_item_grouping":"","bundle_min_size":"","bundle_max_size":"","bundled_items":[],"bundle_sell_ids":[],"yoast_head":"<!-- This site is optimized with the Yoast SEO Premium plugin v25.2 (Yoast SEO v27.5) - https:\/\/yoast.com\/product\/yoast-seo-premium-wordpress\/ -->\n<title>Dahlia Balle Genova Bio - Ernest TURC<\/title>\n<meta name=\"description\" content=\"Admirez la fleur compacte Dahlia Balle Genova : ses p\u00e9tales recourb\u00e9s en cuill\u00e8re et sa couleur douce rose-pourpre vous feront craquer !\" \/>\n<meta name=\"robots\" content=\"index, follow, max-snippet:-1, max-image-preview:large, max-video-preview:-1\" \/>\n<link rel=\"canonical\" href=\"https:\/\/www.ernest-turc.com\/boutique\/produits\/bulbes\/fleurs\/dahlia\/pompons-et-balles\/dahlia-balle-genova-bio\/\" \/>\n<meta property=\"og:locale\" content=\"fr_FR\" \/>\n<meta property=\"og:type\" content=\"article\" \/>\n<meta property=\"og:title\" content=\"Dahlia Balle Genova: 80cm, 8cm Rose Clair bord\u00e9 de Pourpre\" \/>\n<meta property=\"og:description\" content=\"Voyez la magnificence de la Dahlia Balle Genova avec ses 8 cm de diam\u00e8tre et ses couleurs douces! Commandez la maintenant! \ud83c\udf38\" \/>\n<meta property=\"og:url\" content=\"https:\/\/www.ernest-turc.com\/boutique\/produits\/bulbes\/fleurs\/dahlia\/pompons-et-balles\/dahlia-balle-genova-bio\/\" \/>\n<meta property=\"og:site_name\" content=\"Ernest TURC\" \/>\n<meta property=\"article:publisher\" content=\"https:\/\/www.facebook.com\/ErnestTURC49\" \/>\n<meta property=\"article:modified_time\" content=\"2026-05-12T08:51:51+00:00\" \/>\n<meta property=\"og:image\" content=\"https:\/\/www.ernest-turc.com\/boutique\/wp-content\/uploads\/2021\/01\/dahlia-pompon-genova.jpg\" \/>\n\t<meta property=\"og:image:width\" content=\"800\" \/>\n\t<meta property=\"og:image:height\" content=\"800\" \/>\n\t<meta property=\"og:image:type\" content=\"image\/jpeg\" \/>\n<meta name=\"twitter:card\" content=\"summary_large_image\" \/>\n<meta name=\"twitter:title\" content=\"Dahlia Balle Genova: 80cm Superbes Fleurs\" \/>\n<meta name=\"twitter:description\" content=\"Sentez la douceur du dahlia Balle Genova! 80 cm de haut, 8 cm de diam\u00e8tre, rose clair et bord\u00e9 de pourpre. Achetez-le maintenant!\" \/>\n<meta name=\"twitter:label1\" content=\"Prix\" \/>\n\t<meta name=\"twitter:data1\" content=\"25,00&euro;TTCTTC\" \/>\n\t<meta name=\"twitter:label2\" content=\"Disponibilit\u00e9\" \/>\n\t<meta name=\"twitter:data2\" content=\"Rupture de stock\" \/>\n<script type=\"application\/ld+json\" class=\"yoast-schema-graph\">{\"@context\":\"https:\\\/\\\/schema.org\",\"@graph\":[{\"@type\":\"WebPage\",\"@id\":\"https:\\\/\\\/www.ernest-turc.com\\\/boutique\\\/produits\\\/bulbes\\\/fleurs\\\/dahlia\\\/pompons-et-balles\\\/dahlia-balle-genova-bio\\\/\",\"url\":\"https:\\\/\\\/www.ernest-turc.com\\\/boutique\\\/produits\\\/bulbes\\\/fleurs\\\/dahlia\\\/pompons-et-balles\\\/dahlia-balle-genova-bio\\\/\",\"name\":\"Dahlia Balle Genova Bio - Ernest TURC\",\"isPartOf\":{\"@id\":\"https:\\\/\\\/www.ernest-turc.com\\\/boutique\\\/#website\"},\"primaryImageOfPage\":{\"@id\":\"https:\\\/\\\/www.ernest-turc.com\\\/boutique\\\/produits\\\/bulbes\\\/fleurs\\\/dahlia\\\/pompons-et-balles\\\/dahlia-balle-genova-bio\\\/#primaryimage\"},\"image\":{\"@id\":\"https:\\\/\\\/www.ernest-turc.com\\\/boutique\\\/produits\\\/bulbes\\\/fleurs\\\/dahlia\\\/pompons-et-balles\\\/dahlia-balle-genova-bio\\\/#primaryimage\"},\"thumbnailUrl\":\"https:\\\/\\\/www.ernest-turc.com\\\/boutique\\\/wp-content\\\/uploads\\\/2021\\\/01\\\/dahlia-pompon-genova.jpg\",\"datePublished\":\"2026-01-19T09:29:37+00:00\",\"dateModified\":\"2026-05-12T08:51:51+00:00\",\"description\":\"Admirez la fleur compacte Dahlia Balle Genova : ses p\u00e9tales recourb\u00e9s en cuill\u00e8re et sa couleur douce rose-pourpre vous feront craquer !\",\"breadcrumb\":{\"@id\":\"https:\\\/\\\/www.ernest-turc.com\\\/boutique\\\/produits\\\/bulbes\\\/fleurs\\\/dahlia\\\/pompons-et-balles\\\/dahlia-balle-genova-bio\\\/#breadcrumb\"},\"inLanguage\":\"fr-FR\",\"potentialAction\":[{\"@type\":\"ReadAction\",\"target\":[\"https:\\\/\\\/www.ernest-turc.com\\\/boutique\\\/produits\\\/bulbes\\\/fleurs\\\/dahlia\\\/pompons-et-balles\\\/dahlia-balle-genova-bio\\\/\"]}]},{\"@type\":\"ImageObject\",\"inLanguage\":\"fr-FR\",\"@id\":\"https:\\\/\\\/www.ernest-turc.com\\\/boutique\\\/produits\\\/bulbes\\\/fleurs\\\/dahlia\\\/pompons-et-balles\\\/dahlia-balle-genova-bio\\\/#primaryimage\",\"url\":\"https:\\\/\\\/www.ernest-turc.com\\\/boutique\\\/wp-content\\\/uploads\\\/2021\\\/01\\\/dahlia-pompon-genova.jpg\",\"contentUrl\":\"https:\\\/\\\/www.ernest-turc.com\\\/boutique\\\/wp-content\\\/uploads\\\/2021\\\/01\\\/dahlia-pompon-genova.jpg\",\"width\":800,\"height\":800,\"caption\":\"Fleur de Dahlia Balle Genova\"},{\"@type\":\"BreadcrumbList\",\"@id\":\"https:\\\/\\\/www.ernest-turc.com\\\/boutique\\\/produits\\\/bulbes\\\/fleurs\\\/dahlia\\\/pompons-et-balles\\\/dahlia-balle-genova-bio\\\/#breadcrumb\",\"itemListElement\":[{\"@type\":\"ListItem\",\"position\":1,\"name\":\"Accueil\",\"item\":\"https:\\\/\\\/www.ernest-turc.com\\\/boutique\\\/\"},{\"@type\":\"ListItem\",\"position\":2,\"name\":\"Boutique\",\"item\":\"https:\\\/\\\/www.ernest-turc.fr\\\/boutique\\\/produits\\\/\"},{\"@type\":\"ListItem\",\"position\":3,\"name\":\"Dahlia Balle Genova Bio\"}]},{\"@type\":\"WebSite\",\"@id\":\"https:\\\/\\\/www.ernest-turc.com\\\/boutique\\\/#website\",\"url\":\"https:\\\/\\\/www.ernest-turc.com\\\/boutique\\\/\",\"name\":\"Ernest TURC\",\"description\":\"\",\"publisher\":{\"@id\":\"https:\\\/\\\/www.ernest-turc.com\\\/boutique\\\/#organization\"},\"potentialAction\":[{\"@type\":\"SearchAction\",\"target\":{\"@type\":\"EntryPoint\",\"urlTemplate\":\"https:\\\/\\\/www.ernest-turc.com\\\/boutique\\\/?s={search_term_string}\"},\"query-input\":{\"@type\":\"PropertyValueSpecification\",\"valueRequired\":true,\"valueName\":\"search_term_string\"}}],\"inLanguage\":\"fr-FR\"},{\"@type\":\"Organization\",\"@id\":\"https:\\\/\\\/www.ernest-turc.com\\\/boutique\\\/#organization\",\"name\":\"Boutique Ernest TURC\",\"alternateName\":\"Ernest TURC\",\"url\":\"https:\\\/\\\/www.ernest-turc.com\\\/boutique\\\/\",\"logo\":{\"@type\":\"ImageObject\",\"inLanguage\":\"fr-FR\",\"@id\":\"https:\\\/\\\/www.ernest-turc.com\\\/boutique\\\/#\\\/schema\\\/logo\\\/image\\\/\",\"url\":\"https:\\\/\\\/www.ernest-turc.com\\\/boutique\\\/wp-content\\\/uploads\\\/2020\\\/10\\\/logo.png\",\"contentUrl\":\"https:\\\/\\\/www.ernest-turc.com\\\/boutique\\\/wp-content\\\/uploads\\\/2020\\\/10\\\/logo.png\",\"width\":161,\"height\":161,\"caption\":\"Boutique Ernest TURC\"},\"image\":{\"@id\":\"https:\\\/\\\/www.ernest-turc.com\\\/boutique\\\/#\\\/schema\\\/logo\\\/image\\\/\"},\"sameAs\":[\"https:\\\/\\\/www.facebook.com\\\/ErnestTURC49\",\"https:\\\/\\\/www.instagram.com\\\/ernestturc\",\"https:\\\/\\\/www.linkedin.com\\\/company\\\/ernest-turc\\\/\",\"https:\\\/\\\/www.pinterest.fr\\\/ernestturc\",\"https:\\\/\\\/www.youtube.com\\\/channel\\\/UCH3ntWhy3mdcqw9-xF6pmEQ\"]}]}<\/script>\n<meta property=\"product:price:amount\" content=\"25.00\" \/>\n<meta property=\"product:price:currency\" content=\"EUR\" \/>\n<meta property=\"og:availability\" content=\"out of stock\" \/>\n<meta property=\"product:availability\" content=\"out of stock\" \/>\n<meta property=\"product:retailer_item_id\" content=\"152070-1\" \/>\n<meta property=\"product:condition\" content=\"new\" \/>\n<!-- \/ Yoast SEO Premium plugin. -->","yoast_head_json":{"title":"Dahlia Balle Genova Bio - Ernest TURC","description":"Admirez la fleur compacte Dahlia Balle Genova : ses p\u00e9tales recourb\u00e9s en cuill\u00e8re et sa couleur douce rose-pourpre vous feront craquer !","robots":{"index":"index","follow":"follow","max-snippet":"max-snippet:-1","max-image-preview":"max-image-preview:large","max-video-preview":"max-video-preview:-1"},"canonical":"https:\/\/www.ernest-turc.com\/boutique\/produits\/bulbes\/fleurs\/dahlia\/pompons-et-balles\/dahlia-balle-genova-bio\/","og_locale":"fr_FR","og_type":"article","og_title":"Dahlia Balle Genova: 80cm, 8cm Rose Clair bord\u00e9 de Pourpre","og_description":"Voyez la magnificence de la Dahlia Balle Genova avec ses 8 cm de diam\u00e8tre et ses couleurs douces! Commandez la maintenant! \ud83c\udf38","og_url":"https:\/\/www.ernest-turc.com\/boutique\/produits\/bulbes\/fleurs\/dahlia\/pompons-et-balles\/dahlia-balle-genova-bio\/","og_site_name":"Ernest TURC","article_publisher":"https:\/\/www.facebook.com\/ErnestTURC49","article_modified_time":"2026-05-12T08:51:51+00:00","og_image":[{"width":800,"height":800,"url":"https:\/\/www.ernest-turc.com\/boutique\/wp-content\/uploads\/2021\/01\/dahlia-pompon-genova.jpg","type":"image\/jpeg"}],"twitter_card":"summary_large_image","twitter_title":"Dahlia Balle Genova: 80cm Superbes Fleurs","twitter_description":"Sentez la douceur du dahlia Balle Genova! 80 cm de haut, 8 cm de diam\u00e8tre, rose clair et bord\u00e9 de pourpre. Achetez-le maintenant!","twitter_misc":{"Prix":"25,00&euro;TTCTTC","Disponibilit\u00e9":"Rupture de stock"},"schema":{"@context":"https:\/\/schema.org","@graph":[{"@type":"WebPage","@id":"https:\/\/www.ernest-turc.com\/boutique\/produits\/bulbes\/fleurs\/dahlia\/pompons-et-balles\/dahlia-balle-genova-bio\/","url":"https:\/\/www.ernest-turc.com\/boutique\/produits\/bulbes\/fleurs\/dahlia\/pompons-et-balles\/dahlia-balle-genova-bio\/","name":"Dahlia Balle Genova Bio - Ernest TURC","isPartOf":{"@id":"https:\/\/www.ernest-turc.com\/boutique\/#website"},"primaryImageOfPage":{"@id":"https:\/\/www.ernest-turc.com\/boutique\/produits\/bulbes\/fleurs\/dahlia\/pompons-et-balles\/dahlia-balle-genova-bio\/#primaryimage"},"image":{"@id":"https:\/\/www.ernest-turc.com\/boutique\/produits\/bulbes\/fleurs\/dahlia\/pompons-et-balles\/dahlia-balle-genova-bio\/#primaryimage"},"thumbnailUrl":"https:\/\/www.ernest-turc.com\/boutique\/wp-content\/uploads\/2021\/01\/dahlia-pompon-genova.jpg","datePublished":"2026-01-19T09:29:37+00:00","dateModified":"2026-05-12T08:51:51+00:00","description":"Admirez la fleur compacte Dahlia Balle Genova : ses p\u00e9tales recourb\u00e9s en cuill\u00e8re et sa couleur douce rose-pourpre vous feront craquer !","breadcrumb":{"@id":"https:\/\/www.ernest-turc.com\/boutique\/produits\/bulbes\/fleurs\/dahlia\/pompons-et-balles\/dahlia-balle-genova-bio\/#breadcrumb"},"inLanguage":"fr-FR","potentialAction":[{"@type":"ReadAction","target":["https:\/\/www.ernest-turc.com\/boutique\/produits\/bulbes\/fleurs\/dahlia\/pompons-et-balles\/dahlia-balle-genova-bio\/"]}]},{"@type":"ImageObject","inLanguage":"fr-FR","@id":"https:\/\/www.ernest-turc.com\/boutique\/produits\/bulbes\/fleurs\/dahlia\/pompons-et-balles\/dahlia-balle-genova-bio\/#primaryimage","url":"https:\/\/www.ernest-turc.com\/boutique\/wp-content\/uploads\/2021\/01\/dahlia-pompon-genova.jpg","contentUrl":"https:\/\/www.ernest-turc.com\/boutique\/wp-content\/uploads\/2021\/01\/dahlia-pompon-genova.jpg","width":800,"height":800,"caption":"Fleur de Dahlia Balle Genova"},{"@type":"BreadcrumbList","@id":"https:\/\/www.ernest-turc.com\/boutique\/produits\/bulbes\/fleurs\/dahlia\/pompons-et-balles\/dahlia-balle-genova-bio\/#breadcrumb","itemListElement":[{"@type":"ListItem","position":1,"name":"Accueil","item":"https:\/\/www.ernest-turc.com\/boutique\/"},{"@type":"ListItem","position":2,"name":"Boutique","item":"https:\/\/www.ernest-turc.fr\/boutique\/produits\/"},{"@type":"ListItem","position":3,"name":"Dahlia Balle Genova Bio"}]},{"@type":"WebSite","@id":"https:\/\/www.ernest-turc.com\/boutique\/#website","url":"https:\/\/www.ernest-turc.com\/boutique\/","name":"Ernest TURC","description":"","publisher":{"@id":"https:\/\/www.ernest-turc.com\/boutique\/#organization"},"potentialAction":[{"@type":"SearchAction","target":{"@type":"EntryPoint","urlTemplate":"https:\/\/www.ernest-turc.com\/boutique\/?s={search_term_string}"},"query-input":{"@type":"PropertyValueSpecification","valueRequired":true,"valueName":"search_term_string"}}],"inLanguage":"fr-FR"},{"@type":"Organization","@id":"https:\/\/www.ernest-turc.com\/boutique\/#organization","name":"Boutique Ernest TURC","alternateName":"Ernest TURC","url":"https:\/\/www.ernest-turc.com\/boutique\/","logo":{"@type":"ImageObject","inLanguage":"fr-FR","@id":"https:\/\/www.ernest-turc.com\/boutique\/#\/schema\/logo\/image\/","url":"https:\/\/www.ernest-turc.com\/boutique\/wp-content\/uploads\/2020\/10\/logo.png","contentUrl":"https:\/\/www.ernest-turc.com\/boutique\/wp-content\/uploads\/2020\/10\/logo.png","width":161,"height":161,"caption":"Boutique Ernest TURC"},"image":{"@id":"https:\/\/www.ernest-turc.com\/boutique\/#\/schema\/logo\/image\/"},"sameAs":["https:\/\/www.facebook.com\/ErnestTURC49","https:\/\/www.instagram.com\/ernestturc","https:\/\/www.linkedin.com\/company\/ernest-turc\/","https:\/\/www.pinterest.fr\/ernestturc","https:\/\/www.youtube.com\/channel\/UCH3ntWhy3mdcqw9-xF6pmEQ"]}]},"product_price_amount":"25.00","product_price_currency":"EUR","og_availability":"out of stock","product_availability":"out of stock","product_retailer_item_id":"152070-1","product_condition":"new"},"_links":{"self":[{"href":"https:\/\/www.ernest-turc.com\/boutique\/wp-json\/wp\/v2\/product\/599573","targetHints":{"allow":["GET"]}}],"collection":[{"href":"https:\/\/www.ernest-turc.com\/boutique\/wp-json\/wp\/v2\/product"}],"about":[{"href":"https:\/\/www.ernest-turc.com\/boutique\/wp-json\/wp\/v2\/types\/product"}],"wp:featuredmedia":[{"embeddable":true,"href":"https:\/\/www.ernest-turc.com\/boutique\/wp-json\/wp\/v2\/media\/8874"}],"wp:attachment":[{"href":"https:\/\/www.ernest-turc.com\/boutique\/wp-json\/wp\/v2\/media?parent=599573"}],"wp:term":[{"taxonomy":"product_brand","embeddable":true,"href":"https:\/\/www.ernest-turc.com\/boutique\/wp-json\/wp\/v2\/product_brand?post=599573"},{"taxonomy":"product_cat","embeddable":true,"href":"https:\/\/www.ernest-turc.com\/boutique\/wp-json\/wp\/v2\/product_cat?post=599573"},{"taxonomy":"product_tag","embeddable":true,"href":"https:\/\/www.ernest-turc.com\/boutique\/wp-json\/wp\/v2\/product_tag?post=599573"}],"curies":[{"name":"wp","href":"https:\/\/api.w.org\/{rel}","templated":true}]}}