{"id":598045,"date":"2025-06-12T13:22:07","date_gmt":"2025-06-12T13:22:07","guid":{"rendered":"https:\/\/www.ernest-turc.com\/boutique\/?post_type=product&#038;p=598045"},"modified":"2025-11-04T14:21:55","modified_gmt":"2025-11-04T14:21:55","slug":"tulipe-simple-tardive-avignon","status":"publish","type":"product","link":"https:\/\/www.ernest-turc.com\/boutique\/produits\/bulbes\/fleurs\/tulipes\/fleurs-simples-tulipes\/tulipe-simple-tardive-avignon\/","title":{"rendered":"Tulipe Simple Tardive Avignon"},"content":{"rendered":"<p class=\"ai-optimize-25 ai-optimize-introduction\" style=\"text-align: justify;\">La tulipe simple tardive Avignon est une tr\u00e8s grande bulbeuse de 65 cm de hauteur, qui s&#8217;\u00e9panouit fin avril d\u00e9but mai, en d\u00e9voilant une floraison en coupe large de 9 cm de diam\u00e8tre, au coloris orange teint\u00e9 framboise. Avec sa grande tige bien droite et solide, cette vari\u00e9t\u00e9 sculpturale sera sublime en massif ou plate-bande, pour cr\u00e9er une tache de couleur spectaculaire ou pour donner de la hauteur de mani\u00e8re plus diffuse et naturelle \u00e0 une composition de vivaces de printemps ou de bisannuelles. En grand pot ou bac, elle sublimera vos balcons et terrasses en association avec d&#8217;autres bulbeuses \u00e0 floraison printani\u00e8re tardive comme les narcisses \u00e0 fleurs doubles ou les an\u00e9mones blanda. Fleur coup\u00e9e par excellence, cette tulipe simple tardive sera sublime en vase et fera entrer \u00e9l\u00e9gance et fraicheur printani\u00e8re dans votre int\u00e9rieur.<\/p>\n","protected":false},"excerpt":{"rendered":"<p class=\"ai-optimize-27 ai-optimize-introduction\" style=\"text-align: justify;\">La tulipe simple tardive Avignon est une tr\u00e8s grande bulbeuse de 65 cm de hauteur, qui s&#8217;\u00e9panouit fin avril d\u00e9but mai, en d\u00e9voilant une floraison en coupe large de 9 cm de diam\u00e8tre, au coloris orange teint\u00e9 framboise.<\/p>\n","protected":false},"featured_media":598061,"template":"","meta":{"_relevanssi_hide_post":"","_relevanssi_hide_content":"","_relevanssi_pin_for_all":"","_relevanssi_pin_keywords":"","_relevanssi_unpin_keywords":"","_relevanssi_related_keywords":"","_relevanssi_related_include_ids":"","_relevanssi_related_exclude_ids":"","_relevanssi_related_no_append":"","_relevanssi_related_not_related":"","_relevanssi_related_posts":"","_relevanssi_noindex_reason":""},"product_brand":[],"product_cat":[1609,179,180,212,2218,1726,1541,182,1728,1722],"product_tag":[2530,2570,2528],"class_list":{"0":"post-598045","1":"product","2":"type-product","3":"status-publish","4":"has-post-thumbnail","6":"product_cat-bouquets","7":"product_cat-bulbes","8":"product_cat-fleurs","9":"product_cat-theme","10":"product_cat-fleurs-orange","11":"product_cat-fleurs-simples-tulipes","12":"product_cat-printemps","13":"product_cat-saison","14":"product_cat-tardives","15":"product_cat-tulipes","16":"product_tag-grande-tulipe","17":"product_tag-tulipe-orange","18":"product_tag-tulipe-tardive","19":"pa_calibre-11-12","20":"pa_conditionnement-1475","21":"pa_couleur-orange","22":"pa_couleur-de-feuillage-vert","23":"pa_disponibilite-de-septembre-a-decembre","24":"pa_exposition-ensoleillee","25":"pa_exposition-mi-ensoleillee","26":"pa_hauteur-de-la-plante-65-cm","27":"pa_periode-de-recolte-floraison-avril","28":"pa_periode-de-recolte-floraison-mai","29":"pa_periode-de-semis-plantation-decembre","30":"pa_periode-de-semis-plantation-novembre","31":"pa_periode-de-semis-plantation-octobre","32":"pa_periode-de-semis-plantation-septembre","33":"pa_rusticite-rustique","34":"pa_utilisation-fleur-coupee","35":"pa_utilisation-massif","37":"first","38":"outofstock","39":"taxable","40":"shipping-taxable","41":"purchasable","42":"product-type-simple"},"bundled_by":[],"bundle_stock_status":"outofstock","bundle_stock_quantity":0,"bundle_virtual":false,"bundle_layout":"","bundle_add_to_cart_form_location":"","bundle_editable_in_cart":false,"bundle_sold_individually_context":"","bundle_item_grouping":"","bundle_min_size":"","bundle_max_size":"","bundled_items":[],"bundle_sell_ids":[],"yoast_head":"<!-- This site is optimized with the Yoast SEO Premium plugin v25.2 (Yoast SEO v27.5) - https:\/\/yoast.com\/product\/yoast-seo-premium-wordpress\/ -->\n<title>Tulipe Simple Tardive Avignon - Ernest TURC<\/title>\n<meta name=\"description\" content=\"Tulipe Simple Tardive Avignon \u00e0 acheter en ligne avec Ernest Turc, producteur de bulbes et de graines. D\u00e9couvrez notre s\u00e9lection pour sublimer vos jardins.\" \/>\n<meta name=\"robots\" content=\"index, follow, max-snippet:-1, max-image-preview:large, max-video-preview:-1\" \/>\n<link rel=\"canonical\" href=\"https:\/\/www.ernest-turc.com\/boutique\/produits\/bulbes\/fleurs\/tulipes\/fleurs-simples-tulipes\/tulipe-simple-tardive-avignon\/\" \/>\n<meta property=\"og:locale\" content=\"fr_FR\" \/>\n<meta property=\"og:type\" content=\"article\" \/>\n<meta property=\"og:title\" content=\"Tulipe Simple Tardive Avignon\" \/>\n<meta property=\"og:description\" content=\"Tulipe Simple Tardive Avignon \u00e0 acheter en ligne avec Ernest Turc, producteur de bulbes et de graines. D\u00e9couvrez notre s\u00e9lection pour sublimer vos jardins.\" \/>\n<meta property=\"og:url\" content=\"https:\/\/www.ernest-turc.com\/boutique\/produits\/bulbes\/fleurs\/tulipes\/fleurs-simples-tulipes\/tulipe-simple-tardive-avignon\/\" \/>\n<meta property=\"og:site_name\" content=\"Ernest TURC\" \/>\n<meta property=\"article:publisher\" content=\"https:\/\/www.facebook.com\/ErnestTURC49\" \/>\n<meta property=\"article:modified_time\" content=\"2025-11-04T14:21:55+00:00\" \/>\n<meta property=\"og:image\" content=\"https:\/\/www.ernest-turc.com\/boutique\/wp-content\/uploads\/2025\/06\/tulipe-avignon-1.png\" \/>\n\t<meta property=\"og:image:width\" content=\"800\" \/>\n\t<meta property=\"og:image:height\" content=\"800\" \/>\n\t<meta property=\"og:image:type\" content=\"image\/png\" \/>\n<meta name=\"twitter:card\" content=\"summary_large_image\" \/>\n<meta name=\"twitter:label1\" content=\"Prix\" \/>\n\t<meta name=\"twitter:data1\" content=\"83,90&euro;TTCTTC\" \/>\n\t<meta name=\"twitter:label2\" content=\"Disponibilit\u00e9\" \/>\n\t<meta name=\"twitter:data2\" content=\"Rupture de stock\" \/>\n<script type=\"application\/ld+json\" class=\"yoast-schema-graph\">{\"@context\":\"https:\\\/\\\/schema.org\",\"@graph\":[{\"@type\":\"WebPage\",\"@id\":\"https:\\\/\\\/www.ernest-turc.com\\\/boutique\\\/produits\\\/bulbes\\\/fleurs\\\/tulipes\\\/fleurs-simples-tulipes\\\/tulipe-simple-tardive-avignon\\\/\",\"url\":\"https:\\\/\\\/www.ernest-turc.com\\\/boutique\\\/produits\\\/bulbes\\\/fleurs\\\/tulipes\\\/fleurs-simples-tulipes\\\/tulipe-simple-tardive-avignon\\\/\",\"name\":\"Tulipe Simple Tardive Avignon - Ernest TURC\",\"isPartOf\":{\"@id\":\"https:\\\/\\\/www.ernest-turc.com\\\/boutique\\\/#website\"},\"primaryImageOfPage\":{\"@id\":\"https:\\\/\\\/www.ernest-turc.com\\\/boutique\\\/produits\\\/bulbes\\\/fleurs\\\/tulipes\\\/fleurs-simples-tulipes\\\/tulipe-simple-tardive-avignon\\\/#primaryimage\"},\"image\":{\"@id\":\"https:\\\/\\\/www.ernest-turc.com\\\/boutique\\\/produits\\\/bulbes\\\/fleurs\\\/tulipes\\\/fleurs-simples-tulipes\\\/tulipe-simple-tardive-avignon\\\/#primaryimage\"},\"thumbnailUrl\":\"https:\\\/\\\/www.ernest-turc.com\\\/boutique\\\/wp-content\\\/uploads\\\/2025\\\/06\\\/tulipe-avignon-1.png\",\"datePublished\":\"2025-06-12T13:22:07+00:00\",\"dateModified\":\"2025-11-04T14:21:55+00:00\",\"description\":\"Tulipe Simple Tardive Avignon \u00e0 acheter en ligne avec Ernest Turc, producteur de bulbes et de graines. D\u00e9couvrez notre s\u00e9lection pour sublimer vos jardins.\",\"breadcrumb\":{\"@id\":\"https:\\\/\\\/www.ernest-turc.com\\\/boutique\\\/produits\\\/bulbes\\\/fleurs\\\/tulipes\\\/fleurs-simples-tulipes\\\/tulipe-simple-tardive-avignon\\\/#breadcrumb\"},\"inLanguage\":\"fr-FR\",\"potentialAction\":[{\"@type\":\"ReadAction\",\"target\":[\"https:\\\/\\\/www.ernest-turc.com\\\/boutique\\\/produits\\\/bulbes\\\/fleurs\\\/tulipes\\\/fleurs-simples-tulipes\\\/tulipe-simple-tardive-avignon\\\/\"]}]},{\"@type\":\"ImageObject\",\"inLanguage\":\"fr-FR\",\"@id\":\"https:\\\/\\\/www.ernest-turc.com\\\/boutique\\\/produits\\\/bulbes\\\/fleurs\\\/tulipes\\\/fleurs-simples-tulipes\\\/tulipe-simple-tardive-avignon\\\/#primaryimage\",\"url\":\"https:\\\/\\\/www.ernest-turc.com\\\/boutique\\\/wp-content\\\/uploads\\\/2025\\\/06\\\/tulipe-avignon-1.png\",\"contentUrl\":\"https:\\\/\\\/www.ernest-turc.com\\\/boutique\\\/wp-content\\\/uploads\\\/2025\\\/06\\\/tulipe-avignon-1.png\",\"width\":800,\"height\":800},{\"@type\":\"BreadcrumbList\",\"@id\":\"https:\\\/\\\/www.ernest-turc.com\\\/boutique\\\/produits\\\/bulbes\\\/fleurs\\\/tulipes\\\/fleurs-simples-tulipes\\\/tulipe-simple-tardive-avignon\\\/#breadcrumb\",\"itemListElement\":[{\"@type\":\"ListItem\",\"position\":1,\"name\":\"Accueil\",\"item\":\"https:\\\/\\\/www.ernest-turc.com\\\/boutique\\\/\"},{\"@type\":\"ListItem\",\"position\":2,\"name\":\"Boutique\",\"item\":\"https:\\\/\\\/www.ernest-turc.fr\\\/boutique\\\/produits\\\/\"},{\"@type\":\"ListItem\",\"position\":3,\"name\":\"Tulipe Simple Tardive Avignon\"}]},{\"@type\":\"WebSite\",\"@id\":\"https:\\\/\\\/www.ernest-turc.com\\\/boutique\\\/#website\",\"url\":\"https:\\\/\\\/www.ernest-turc.com\\\/boutique\\\/\",\"name\":\"Ernest TURC\",\"description\":\"\",\"publisher\":{\"@id\":\"https:\\\/\\\/www.ernest-turc.com\\\/boutique\\\/#organization\"},\"potentialAction\":[{\"@type\":\"SearchAction\",\"target\":{\"@type\":\"EntryPoint\",\"urlTemplate\":\"https:\\\/\\\/www.ernest-turc.com\\\/boutique\\\/?s={search_term_string}\"},\"query-input\":{\"@type\":\"PropertyValueSpecification\",\"valueRequired\":true,\"valueName\":\"search_term_string\"}}],\"inLanguage\":\"fr-FR\"},{\"@type\":\"Organization\",\"@id\":\"https:\\\/\\\/www.ernest-turc.com\\\/boutique\\\/#organization\",\"name\":\"Boutique Ernest TURC\",\"alternateName\":\"Ernest TURC\",\"url\":\"https:\\\/\\\/www.ernest-turc.com\\\/boutique\\\/\",\"logo\":{\"@type\":\"ImageObject\",\"inLanguage\":\"fr-FR\",\"@id\":\"https:\\\/\\\/www.ernest-turc.com\\\/boutique\\\/#\\\/schema\\\/logo\\\/image\\\/\",\"url\":\"https:\\\/\\\/www.ernest-turc.com\\\/boutique\\\/wp-content\\\/uploads\\\/2020\\\/10\\\/logo.png\",\"contentUrl\":\"https:\\\/\\\/www.ernest-turc.com\\\/boutique\\\/wp-content\\\/uploads\\\/2020\\\/10\\\/logo.png\",\"width\":161,\"height\":161,\"caption\":\"Boutique Ernest TURC\"},\"image\":{\"@id\":\"https:\\\/\\\/www.ernest-turc.com\\\/boutique\\\/#\\\/schema\\\/logo\\\/image\\\/\"},\"sameAs\":[\"https:\\\/\\\/www.facebook.com\\\/ErnestTURC49\",\"https:\\\/\\\/www.instagram.com\\\/ernestturc\",\"https:\\\/\\\/www.linkedin.com\\\/company\\\/ernest-turc\\\/\",\"https:\\\/\\\/www.pinterest.fr\\\/ernestturc\",\"https:\\\/\\\/www.youtube.com\\\/channel\\\/UCH3ntWhy3mdcqw9-xF6pmEQ\"]}]}<\/script>\n<meta property=\"product:price:amount\" content=\"83.90\" \/>\n<meta property=\"product:price:currency\" content=\"EUR\" \/>\n<meta property=\"og:availability\" content=\"out of stock\" \/>\n<meta property=\"product:availability\" content=\"out of stock\" \/>\n<meta property=\"product:retailer_item_id\" content=\"110481-1\" \/>\n<meta property=\"product:condition\" content=\"new\" \/>\n<!-- \/ Yoast SEO Premium plugin. -->","yoast_head_json":{"title":"Tulipe Simple Tardive Avignon - Ernest TURC","description":"Tulipe Simple Tardive Avignon \u00e0 acheter en ligne avec Ernest Turc, producteur de bulbes et de graines. D\u00e9couvrez notre s\u00e9lection pour sublimer vos jardins.","robots":{"index":"index","follow":"follow","max-snippet":"max-snippet:-1","max-image-preview":"max-image-preview:large","max-video-preview":"max-video-preview:-1"},"canonical":"https:\/\/www.ernest-turc.com\/boutique\/produits\/bulbes\/fleurs\/tulipes\/fleurs-simples-tulipes\/tulipe-simple-tardive-avignon\/","og_locale":"fr_FR","og_type":"article","og_title":"Tulipe Simple Tardive Avignon","og_description":"Tulipe Simple Tardive Avignon \u00e0 acheter en ligne avec Ernest Turc, producteur de bulbes et de graines. D\u00e9couvrez notre s\u00e9lection pour sublimer vos jardins.","og_url":"https:\/\/www.ernest-turc.com\/boutique\/produits\/bulbes\/fleurs\/tulipes\/fleurs-simples-tulipes\/tulipe-simple-tardive-avignon\/","og_site_name":"Ernest TURC","article_publisher":"https:\/\/www.facebook.com\/ErnestTURC49","article_modified_time":"2025-11-04T14:21:55+00:00","og_image":[{"width":800,"height":800,"url":"https:\/\/www.ernest-turc.com\/boutique\/wp-content\/uploads\/2025\/06\/tulipe-avignon-1.png","type":"image\/png"}],"twitter_card":"summary_large_image","twitter_misc":{"Prix":"83,90&euro;TTCTTC","Disponibilit\u00e9":"Rupture de stock"},"schema":{"@context":"https:\/\/schema.org","@graph":[{"@type":"WebPage","@id":"https:\/\/www.ernest-turc.com\/boutique\/produits\/bulbes\/fleurs\/tulipes\/fleurs-simples-tulipes\/tulipe-simple-tardive-avignon\/","url":"https:\/\/www.ernest-turc.com\/boutique\/produits\/bulbes\/fleurs\/tulipes\/fleurs-simples-tulipes\/tulipe-simple-tardive-avignon\/","name":"Tulipe Simple Tardive Avignon - Ernest TURC","isPartOf":{"@id":"https:\/\/www.ernest-turc.com\/boutique\/#website"},"primaryImageOfPage":{"@id":"https:\/\/www.ernest-turc.com\/boutique\/produits\/bulbes\/fleurs\/tulipes\/fleurs-simples-tulipes\/tulipe-simple-tardive-avignon\/#primaryimage"},"image":{"@id":"https:\/\/www.ernest-turc.com\/boutique\/produits\/bulbes\/fleurs\/tulipes\/fleurs-simples-tulipes\/tulipe-simple-tardive-avignon\/#primaryimage"},"thumbnailUrl":"https:\/\/www.ernest-turc.com\/boutique\/wp-content\/uploads\/2025\/06\/tulipe-avignon-1.png","datePublished":"2025-06-12T13:22:07+00:00","dateModified":"2025-11-04T14:21:55+00:00","description":"Tulipe Simple Tardive Avignon \u00e0 acheter en ligne avec Ernest Turc, producteur de bulbes et de graines. D\u00e9couvrez notre s\u00e9lection pour sublimer vos jardins.","breadcrumb":{"@id":"https:\/\/www.ernest-turc.com\/boutique\/produits\/bulbes\/fleurs\/tulipes\/fleurs-simples-tulipes\/tulipe-simple-tardive-avignon\/#breadcrumb"},"inLanguage":"fr-FR","potentialAction":[{"@type":"ReadAction","target":["https:\/\/www.ernest-turc.com\/boutique\/produits\/bulbes\/fleurs\/tulipes\/fleurs-simples-tulipes\/tulipe-simple-tardive-avignon\/"]}]},{"@type":"ImageObject","inLanguage":"fr-FR","@id":"https:\/\/www.ernest-turc.com\/boutique\/produits\/bulbes\/fleurs\/tulipes\/fleurs-simples-tulipes\/tulipe-simple-tardive-avignon\/#primaryimage","url":"https:\/\/www.ernest-turc.com\/boutique\/wp-content\/uploads\/2025\/06\/tulipe-avignon-1.png","contentUrl":"https:\/\/www.ernest-turc.com\/boutique\/wp-content\/uploads\/2025\/06\/tulipe-avignon-1.png","width":800,"height":800},{"@type":"BreadcrumbList","@id":"https:\/\/www.ernest-turc.com\/boutique\/produits\/bulbes\/fleurs\/tulipes\/fleurs-simples-tulipes\/tulipe-simple-tardive-avignon\/#breadcrumb","itemListElement":[{"@type":"ListItem","position":1,"name":"Accueil","item":"https:\/\/www.ernest-turc.com\/boutique\/"},{"@type":"ListItem","position":2,"name":"Boutique","item":"https:\/\/www.ernest-turc.fr\/boutique\/produits\/"},{"@type":"ListItem","position":3,"name":"Tulipe Simple Tardive Avignon"}]},{"@type":"WebSite","@id":"https:\/\/www.ernest-turc.com\/boutique\/#website","url":"https:\/\/www.ernest-turc.com\/boutique\/","name":"Ernest TURC","description":"","publisher":{"@id":"https:\/\/www.ernest-turc.com\/boutique\/#organization"},"potentialAction":[{"@type":"SearchAction","target":{"@type":"EntryPoint","urlTemplate":"https:\/\/www.ernest-turc.com\/boutique\/?s={search_term_string}"},"query-input":{"@type":"PropertyValueSpecification","valueRequired":true,"valueName":"search_term_string"}}],"inLanguage":"fr-FR"},{"@type":"Organization","@id":"https:\/\/www.ernest-turc.com\/boutique\/#organization","name":"Boutique Ernest TURC","alternateName":"Ernest TURC","url":"https:\/\/www.ernest-turc.com\/boutique\/","logo":{"@type":"ImageObject","inLanguage":"fr-FR","@id":"https:\/\/www.ernest-turc.com\/boutique\/#\/schema\/logo\/image\/","url":"https:\/\/www.ernest-turc.com\/boutique\/wp-content\/uploads\/2020\/10\/logo.png","contentUrl":"https:\/\/www.ernest-turc.com\/boutique\/wp-content\/uploads\/2020\/10\/logo.png","width":161,"height":161,"caption":"Boutique Ernest TURC"},"image":{"@id":"https:\/\/www.ernest-turc.com\/boutique\/#\/schema\/logo\/image\/"},"sameAs":["https:\/\/www.facebook.com\/ErnestTURC49","https:\/\/www.instagram.com\/ernestturc","https:\/\/www.linkedin.com\/company\/ernest-turc\/","https:\/\/www.pinterest.fr\/ernestturc","https:\/\/www.youtube.com\/channel\/UCH3ntWhy3mdcqw9-xF6pmEQ"]}]},"product_price_amount":"83.90","product_price_currency":"EUR","og_availability":"out of stock","product_availability":"out of stock","product_retailer_item_id":"110481-1","product_condition":"new"},"_links":{"self":[{"href":"https:\/\/www.ernest-turc.com\/boutique\/wp-json\/wp\/v2\/product\/598045","targetHints":{"allow":["GET"]}}],"collection":[{"href":"https:\/\/www.ernest-turc.com\/boutique\/wp-json\/wp\/v2\/product"}],"about":[{"href":"https:\/\/www.ernest-turc.com\/boutique\/wp-json\/wp\/v2\/types\/product"}],"wp:featuredmedia":[{"embeddable":true,"href":"https:\/\/www.ernest-turc.com\/boutique\/wp-json\/wp\/v2\/media\/598061"}],"wp:attachment":[{"href":"https:\/\/www.ernest-turc.com\/boutique\/wp-json\/wp\/v2\/media?parent=598045"}],"wp:term":[{"taxonomy":"product_brand","embeddable":true,"href":"https:\/\/www.ernest-turc.com\/boutique\/wp-json\/wp\/v2\/product_brand?post=598045"},{"taxonomy":"product_cat","embeddable":true,"href":"https:\/\/www.ernest-turc.com\/boutique\/wp-json\/wp\/v2\/product_cat?post=598045"},{"taxonomy":"product_tag","embeddable":true,"href":"https:\/\/www.ernest-turc.com\/boutique\/wp-json\/wp\/v2\/product_tag?post=598045"}],"curies":[{"name":"wp","href":"https:\/\/api.w.org\/{rel}","templated":true}]}}