{"id":597821,"date":"2025-05-12T07:45:07","date_gmt":"2025-05-12T07:45:07","guid":{"rendered":"https:\/\/www.ernest-turc.com\/boutique\/?post_type=product&#038;p=597821"},"modified":"2026-01-19T15:22:47","modified_gmt":"2026-01-19T15:22:47","slug":"dahlia-cactus-expo-flo","status":"publish","type":"product","link":"https:\/\/www.ernest-turc.com\/boutique\/produits\/bulbes\/dahlia-cactus-expo-flo\/","title":{"rendered":"Dahlia buisson &#8216;Expo Flo\u00ae&#8217;"},"content":{"rendered":"<p class=\"ai-optimize-23 ai-optimize-introduction\">Cr\u00e9\u00e9 avec Ernest Turc \u00e0 l\u2019occasion des 50 ans de l\u2019association \u00e9tudiante Expo Flo, issue d\u2019une \u00e9cole d\u2019ing\u00e9nieur en horticulture et paysage, le <strong>Dahlia \u2018Expo Flo\u00ae\u2019<\/strong> incarne la passion du v\u00e9g\u00e9tal. Cette vari\u00e9t\u00e9 se distingue par ses fleurs orange intense et d\u2019un jaune \u00e9clatant, g\u00e9n\u00e9reuses et lumineuses, d\u2019environ 12 cm de diam\u00e8tre. D\u2019un port \u00e9l\u00e9gant de 90 cm de haut, elle fleurit pr\u00e9cocement et avec abondance de juillet \u00e0 novembre, apportant une touche vive aux massifs. Ses tiges rigides en font \u00e9galement un excellent choix pour la fleur coup\u00e9e, offrant une bonne tenue en vase et des bouquets \u00e9clatants de couleur.<\/p>\n<p class=\"ai-optimize-24\">Depuis 1976, <a href=\"https:\/\/www.expoflo.com\/\">Expo\u202fFlo<\/a> organise tous les deux ans \u00e0 l\u2019\u00e9cole d\u2019ing\u00e9nieurs d\u2019Angers une exposition florale de 20\u202f000\u202fm\u00b2, m\u00ealant nature, art et science. Durant trois jours, 30\u202f000 plantes sont pr\u00e9sent\u00e9es devant 7\u202f000 visiteurs (amateurs, curieux, professionnels) et sensibilisent aux enjeux climatiques tout en valorisant les m\u00e9tiers du v\u00e9g\u00e9tal.<br \/>En soutenant ce projet, vous f\u00e9d\u00e9rez producteurs, associations et \u00e9tablissements scolaires autour d\u2019une d\u00e9marche locale et vertueuse, int\u00e9grant pleinement le consommateur.<\/p>\n<p class=\"ai-optimize-25\">Le <a href=\"https:\/\/www.expoflo.com\/dahlia-expoflo\">dahlia \u2018Expo\u202fFlo\u00ae\u202f\u2019<\/a>, cr\u00e9\u00e9 avec Ernest\u202fTurc, illustre le potentiel d\u2019une production courte, tra\u00e7able et respectueuse de l\u2019environnement. En 2022, 43\u202f% des v\u00e9g\u00e9taux d\u2019int\u00e9rieur et d\u2019ext\u00e9rieur achet\u00e9s en France \u00e9taient cultiv\u00e9s sur le territoire national. Pour les fleurs coup\u00e9es, c\u2019est seulement 23%. Face \u00e0 la diminution de moiti\u00e9 des exploitations fran\u00e7aises en dix ans (\u2013\u202f5\u202f% par an) et \u00e0 une fili\u00e8re encore tr\u00e8s importatrice, cette initiative encourage la relocalisation, la r\u00e9duction des plastiques, la conversion au bio et la consommation de produits locaux. Avec 70\u202f% des foyers achetant au moins un v\u00e9g\u00e9tal en 2023, c\u2019est le moment d\u2019agir pour prot\u00e9ger et dynamiser notre fili\u00e8re horticole.<\/p>\n","protected":false},"excerpt":{"rendered":"<p class=\"ai-optimize-26 ai-optimize-introduction\" style=\"text-align: justify;\">Cr\u00e9\u00e9 \u00e0 l\u2019occasion des 50 ans de l\u2019association \u00e9tudiante Expo Flo, le <strong>Dahlia buisson \u2018Expo Flo\u00ae\u2019<\/strong> incarne la passion du v\u00e9g\u00e9tal. Cette cr\u00e9ation Ernest Turc se distingue par ses fleurs g\u00e9n\u00e9reuses, lumineuses et d\u2019un orange intense et d\u2019un jaune \u00e9clatant, d\u2019environ 12 cm de diam\u00e8tre. D\u2019un port \u00e9l\u00e9gant de 90 cm de haut, elle fleurit pr\u00e9cocement et avec abondance de juillet \u00e0 novembre, apportant une touche vive aux massifs. Ses tiges rigides en font \u00e9galement un excellent choix pour la fleur coup\u00e9e, offrant une bonne tenue en vase et des bouquets \u00e9clatants de couleur pour votre int\u00e9rieur.<\/p>\n","protected":false},"featured_media":599381,"template":"","meta":{"_relevanssi_hide_post":"","_relevanssi_hide_content":"","_relevanssi_pin_for_all":"","_relevanssi_pin_keywords":"","_relevanssi_unpin_keywords":"","_relevanssi_related_keywords":"","_relevanssi_related_include_ids":"","_relevanssi_related_exclude_ids":"","_relevanssi_related_no_append":"","_relevanssi_related_not_related":"","_relevanssi_related_posts":"","_relevanssi_noindex_reason":""},"product_brand":[],"product_cat":[1609,1613,179,180,212,737,2218,738,1608,1796,1591,183,182],"product_tag":[917,926,2510,1124,2511,2033],"class_list":{"0":"post-597821","1":"product","2":"type-product","3":"status-publish","4":"has-post-thumbnail","6":"product_cat-bouquets","7":"product_cat-buissons","8":"product_cat-bulbes","9":"product_cat-fleurs","10":"product_cat-theme","11":"product_cat-dahlia","12":"product_cat-fleurs-orange","13":"product_cat-hauts-dahlias","14":"product_cat-label-fleurs-de-france","15":"product_cat-nos-dahlias-stars","16":"product_cat-plante-pot","17":"product_cat-ete","18":"product_cat-saison","19":"product_tag-dahlia-cactus","20":"product_tag-dahlia-eclatant","21":"product_tag-dahlia-expo-flo","22":"product_tag-dahlia-france","23":"product_tag-expo-flo","24":"product_tag-nouveaute-dahlia","25":"pa_calibre-i","26":"pa_conditionnement-1443","27":"pa_couleur-jaune","28":"pa_couleur-orange","29":"pa_couleur-de-feuillage-vert","30":"pa_disponibilite-de-fevrier-a-juin","31":"pa_exposition-ensoleillee","32":"pa_hauteur-de-la-plante-90-cm","33":"pa_logo-fleurs-de-france-oui","34":"pa_nouveaute-oui","35":"pa_periode-de-recolte-floraison-aout","36":"pa_periode-de-recolte-floraison-juillet","37":"pa_periode-de-recolte-floraison-novembre","38":"pa_periode-de-recolte-floraison-octobre","39":"pa_periode-de-recolte-floraison-septembre","40":"pa_periode-de-semis-plantation-avril","41":"pa_periode-de-semis-plantation-mai","42":"pa_periode-de-semis-plantation-mars","43":"pa_rusticite-craint-le-gel","44":"pa_utilisation-bordure","45":"pa_utilisation-fleur-coupee","46":"pa_utilisation-massif","47":"pa_utilisation-pot","49":"first","50":"outofstock","51":"taxable","52":"shipping-taxable","53":"purchasable","54":"product-type-simple"},"bundled_by":[],"bundle_stock_status":"outofstock","bundle_stock_quantity":0,"bundle_virtual":false,"bundle_layout":"","bundle_add_to_cart_form_location":"","bundle_editable_in_cart":false,"bundle_sold_individually_context":"","bundle_item_grouping":"","bundle_min_size":"","bundle_max_size":"","bundled_items":[],"bundle_sell_ids":[],"yoast_head":"<!-- This site is optimized with the Yoast SEO Premium plugin v25.2 (Yoast SEO v27.4) - https:\/\/yoast.com\/product\/yoast-seo-premium-wordpress\/ -->\n<title>Dahlia buisson &#039;Expo Flo\u00ae&#039; - Ernest TURC<\/title>\n<meta name=\"description\" content=\"Dahlia \u2018Expo\u202fFlo\u00ae\u2019 : fleurs orange et jaune, 12\u202fcm, floraison juillet\u2013novembre. Vari\u00e9t\u00e9 fran\u00e7aise, robuste et id\u00e9ale en massif, en pot ou en vase.\" \/>\n<meta name=\"robots\" content=\"index, follow, max-snippet:-1, max-image-preview:large, max-video-preview:-1\" \/>\n<link rel=\"canonical\" href=\"https:\/\/www.ernest-turc.com\/boutique\/produits\/bulbes\/dahlia-cactus-expo-flo\/\" \/>\n<meta property=\"og:locale\" content=\"fr_FR\" \/>\n<meta property=\"og:type\" content=\"article\" \/>\n<meta property=\"og:title\" content=\"Dahlia buisson &#039;Expo Flo\u00ae&#039;\" \/>\n<meta property=\"og:description\" content=\"Dahlia \u2018Expo\u202fFlo\u00ae\u2019 : fleurs orange et jaune, 12\u202fcm, floraison juillet\u2013novembre. Vari\u00e9t\u00e9 fran\u00e7aise, robuste et id\u00e9ale en massif, en pot ou en vase.\" \/>\n<meta property=\"og:url\" content=\"https:\/\/www.ernest-turc.com\/boutique\/produits\/bulbes\/dahlia-cactus-expo-flo\/\" \/>\n<meta property=\"og:site_name\" content=\"Ernest TURC\" \/>\n<meta property=\"article:publisher\" content=\"https:\/\/www.facebook.com\/ErnestTURC49\" \/>\n<meta property=\"article:modified_time\" content=\"2026-01-19T15:22:47+00:00\" \/>\n<meta property=\"og:image\" content=\"https:\/\/www.ernest-turc.com\/boutique\/wp-content\/uploads\/2025\/05\/dahlia-expo-flo-3.jpg\" \/>\n\t<meta property=\"og:image:width\" content=\"800\" \/>\n\t<meta property=\"og:image:height\" content=\"800\" \/>\n\t<meta property=\"og:image:type\" content=\"image\/jpeg\" \/>\n<meta name=\"twitter:card\" content=\"summary_large_image\" \/>\n<meta name=\"twitter:label1\" content=\"Prix\" \/>\n\t<meta name=\"twitter:data1\" content=\"17,50&euro;TTCTTC\" \/>\n\t<meta name=\"twitter:label2\" content=\"Disponibilit\u00e9\" \/>\n\t<meta name=\"twitter:data2\" content=\"Rupture de stock\" \/>\n<script type=\"application\/ld+json\" class=\"yoast-schema-graph\">{\"@context\":\"https:\\\/\\\/schema.org\",\"@graph\":[{\"@type\":\"WebPage\",\"@id\":\"https:\\\/\\\/www.ernest-turc.com\\\/boutique\\\/produits\\\/bulbes\\\/dahlia-cactus-expo-flo\\\/\",\"url\":\"https:\\\/\\\/www.ernest-turc.com\\\/boutique\\\/produits\\\/bulbes\\\/dahlia-cactus-expo-flo\\\/\",\"name\":\"Dahlia buisson 'Expo Flo\u00ae' - Ernest TURC\",\"isPartOf\":{\"@id\":\"https:\\\/\\\/www.ernest-turc.com\\\/boutique\\\/#website\"},\"primaryImageOfPage\":{\"@id\":\"https:\\\/\\\/www.ernest-turc.com\\\/boutique\\\/produits\\\/bulbes\\\/dahlia-cactus-expo-flo\\\/#primaryimage\"},\"image\":{\"@id\":\"https:\\\/\\\/www.ernest-turc.com\\\/boutique\\\/produits\\\/bulbes\\\/dahlia-cactus-expo-flo\\\/#primaryimage\"},\"thumbnailUrl\":\"https:\\\/\\\/www.ernest-turc.com\\\/boutique\\\/wp-content\\\/uploads\\\/2025\\\/05\\\/dahlia-expo-flo-3.jpg\",\"datePublished\":\"2025-05-12T07:45:07+00:00\",\"dateModified\":\"2026-01-19T15:22:47+00:00\",\"description\":\"Dahlia \u2018Expo\u202fFlo\u00ae\u2019 : fleurs orange et jaune, 12\u202fcm, floraison juillet\u2013novembre. Vari\u00e9t\u00e9 fran\u00e7aise, robuste et id\u00e9ale en massif, en pot ou en vase.\",\"breadcrumb\":{\"@id\":\"https:\\\/\\\/www.ernest-turc.com\\\/boutique\\\/produits\\\/bulbes\\\/dahlia-cactus-expo-flo\\\/#breadcrumb\"},\"inLanguage\":\"fr-FR\",\"potentialAction\":[{\"@type\":\"ReadAction\",\"target\":[\"https:\\\/\\\/www.ernest-turc.com\\\/boutique\\\/produits\\\/bulbes\\\/dahlia-cactus-expo-flo\\\/\"]}]},{\"@type\":\"ImageObject\",\"inLanguage\":\"fr-FR\",\"@id\":\"https:\\\/\\\/www.ernest-turc.com\\\/boutique\\\/produits\\\/bulbes\\\/dahlia-cactus-expo-flo\\\/#primaryimage\",\"url\":\"https:\\\/\\\/www.ernest-turc.com\\\/boutique\\\/wp-content\\\/uploads\\\/2025\\\/05\\\/dahlia-expo-flo-3.jpg\",\"contentUrl\":\"https:\\\/\\\/www.ernest-turc.com\\\/boutique\\\/wp-content\\\/uploads\\\/2025\\\/05\\\/dahlia-expo-flo-3.jpg\",\"width\":800,\"height\":800},{\"@type\":\"BreadcrumbList\",\"@id\":\"https:\\\/\\\/www.ernest-turc.com\\\/boutique\\\/produits\\\/bulbes\\\/dahlia-cactus-expo-flo\\\/#breadcrumb\",\"itemListElement\":[{\"@type\":\"ListItem\",\"position\":1,\"name\":\"Accueil\",\"item\":\"https:\\\/\\\/www.ernest-turc.com\\\/boutique\\\/\"},{\"@type\":\"ListItem\",\"position\":2,\"name\":\"Boutique\",\"item\":\"https:\\\/\\\/www.ernest-turc.fr\\\/boutique\\\/produits\\\/\"},{\"@type\":\"ListItem\",\"position\":3,\"name\":\"Dahlia buisson &#8216;Expo Flo\u00ae&#8217;\"}]},{\"@type\":\"WebSite\",\"@id\":\"https:\\\/\\\/www.ernest-turc.com\\\/boutique\\\/#website\",\"url\":\"https:\\\/\\\/www.ernest-turc.com\\\/boutique\\\/\",\"name\":\"Ernest TURC\",\"description\":\"\",\"publisher\":{\"@id\":\"https:\\\/\\\/www.ernest-turc.com\\\/boutique\\\/#organization\"},\"potentialAction\":[{\"@type\":\"SearchAction\",\"target\":{\"@type\":\"EntryPoint\",\"urlTemplate\":\"https:\\\/\\\/www.ernest-turc.com\\\/boutique\\\/?s={search_term_string}\"},\"query-input\":{\"@type\":\"PropertyValueSpecification\",\"valueRequired\":true,\"valueName\":\"search_term_string\"}}],\"inLanguage\":\"fr-FR\"},{\"@type\":\"Organization\",\"@id\":\"https:\\\/\\\/www.ernest-turc.com\\\/boutique\\\/#organization\",\"name\":\"Boutique Ernest TURC\",\"alternateName\":\"Ernest TURC\",\"url\":\"https:\\\/\\\/www.ernest-turc.com\\\/boutique\\\/\",\"logo\":{\"@type\":\"ImageObject\",\"inLanguage\":\"fr-FR\",\"@id\":\"https:\\\/\\\/www.ernest-turc.com\\\/boutique\\\/#\\\/schema\\\/logo\\\/image\\\/\",\"url\":\"https:\\\/\\\/www.ernest-turc.com\\\/boutique\\\/wp-content\\\/uploads\\\/2020\\\/10\\\/logo.png\",\"contentUrl\":\"https:\\\/\\\/www.ernest-turc.com\\\/boutique\\\/wp-content\\\/uploads\\\/2020\\\/10\\\/logo.png\",\"width\":161,\"height\":161,\"caption\":\"Boutique Ernest TURC\"},\"image\":{\"@id\":\"https:\\\/\\\/www.ernest-turc.com\\\/boutique\\\/#\\\/schema\\\/logo\\\/image\\\/\"},\"sameAs\":[\"https:\\\/\\\/www.facebook.com\\\/ErnestTURC49\",\"https:\\\/\\\/www.instagram.com\\\/ernestturc\",\"https:\\\/\\\/www.linkedin.com\\\/company\\\/ernest-turc\\\/\",\"https:\\\/\\\/www.pinterest.fr\\\/ernestturc\",\"https:\\\/\\\/www.youtube.com\\\/channel\\\/UCH3ntWhy3mdcqw9-xF6pmEQ\"]}]}<\/script>\n<meta property=\"product:price:amount\" content=\"17.50\" \/>\n<meta property=\"product:price:currency\" content=\"EUR\" \/>\n<meta property=\"og:availability\" content=\"out of stock\" \/>\n<meta property=\"product:availability\" content=\"out of stock\" \/>\n<meta property=\"product:retailer_item_id\" content=\"100990-1\" \/>\n<meta property=\"product:condition\" content=\"new\" \/>\n<!-- \/ Yoast SEO Premium plugin. -->","yoast_head_json":{"title":"Dahlia buisson 'Expo Flo\u00ae' - Ernest TURC","description":"Dahlia \u2018Expo\u202fFlo\u00ae\u2019 : fleurs orange et jaune, 12\u202fcm, floraison juillet\u2013novembre. Vari\u00e9t\u00e9 fran\u00e7aise, robuste et id\u00e9ale en massif, en pot ou en vase.","robots":{"index":"index","follow":"follow","max-snippet":"max-snippet:-1","max-image-preview":"max-image-preview:large","max-video-preview":"max-video-preview:-1"},"canonical":"https:\/\/www.ernest-turc.com\/boutique\/produits\/bulbes\/dahlia-cactus-expo-flo\/","og_locale":"fr_FR","og_type":"article","og_title":"Dahlia buisson 'Expo Flo\u00ae'","og_description":"Dahlia \u2018Expo\u202fFlo\u00ae\u2019 : fleurs orange et jaune, 12\u202fcm, floraison juillet\u2013novembre. Vari\u00e9t\u00e9 fran\u00e7aise, robuste et id\u00e9ale en massif, en pot ou en vase.","og_url":"https:\/\/www.ernest-turc.com\/boutique\/produits\/bulbes\/dahlia-cactus-expo-flo\/","og_site_name":"Ernest TURC","article_publisher":"https:\/\/www.facebook.com\/ErnestTURC49","article_modified_time":"2026-01-19T15:22:47+00:00","og_image":[{"width":800,"height":800,"url":"https:\/\/www.ernest-turc.com\/boutique\/wp-content\/uploads\/2025\/05\/dahlia-expo-flo-3.jpg","type":"image\/jpeg"}],"twitter_card":"summary_large_image","twitter_misc":{"Prix":"17,50&euro;TTCTTC","Disponibilit\u00e9":"Rupture de stock"},"schema":{"@context":"https:\/\/schema.org","@graph":[{"@type":"WebPage","@id":"https:\/\/www.ernest-turc.com\/boutique\/produits\/bulbes\/dahlia-cactus-expo-flo\/","url":"https:\/\/www.ernest-turc.com\/boutique\/produits\/bulbes\/dahlia-cactus-expo-flo\/","name":"Dahlia buisson 'Expo Flo\u00ae' - Ernest TURC","isPartOf":{"@id":"https:\/\/www.ernest-turc.com\/boutique\/#website"},"primaryImageOfPage":{"@id":"https:\/\/www.ernest-turc.com\/boutique\/produits\/bulbes\/dahlia-cactus-expo-flo\/#primaryimage"},"image":{"@id":"https:\/\/www.ernest-turc.com\/boutique\/produits\/bulbes\/dahlia-cactus-expo-flo\/#primaryimage"},"thumbnailUrl":"https:\/\/www.ernest-turc.com\/boutique\/wp-content\/uploads\/2025\/05\/dahlia-expo-flo-3.jpg","datePublished":"2025-05-12T07:45:07+00:00","dateModified":"2026-01-19T15:22:47+00:00","description":"Dahlia \u2018Expo\u202fFlo\u00ae\u2019 : fleurs orange et jaune, 12\u202fcm, floraison juillet\u2013novembre. Vari\u00e9t\u00e9 fran\u00e7aise, robuste et id\u00e9ale en massif, en pot ou en vase.","breadcrumb":{"@id":"https:\/\/www.ernest-turc.com\/boutique\/produits\/bulbes\/dahlia-cactus-expo-flo\/#breadcrumb"},"inLanguage":"fr-FR","potentialAction":[{"@type":"ReadAction","target":["https:\/\/www.ernest-turc.com\/boutique\/produits\/bulbes\/dahlia-cactus-expo-flo\/"]}]},{"@type":"ImageObject","inLanguage":"fr-FR","@id":"https:\/\/www.ernest-turc.com\/boutique\/produits\/bulbes\/dahlia-cactus-expo-flo\/#primaryimage","url":"https:\/\/www.ernest-turc.com\/boutique\/wp-content\/uploads\/2025\/05\/dahlia-expo-flo-3.jpg","contentUrl":"https:\/\/www.ernest-turc.com\/boutique\/wp-content\/uploads\/2025\/05\/dahlia-expo-flo-3.jpg","width":800,"height":800},{"@type":"BreadcrumbList","@id":"https:\/\/www.ernest-turc.com\/boutique\/produits\/bulbes\/dahlia-cactus-expo-flo\/#breadcrumb","itemListElement":[{"@type":"ListItem","position":1,"name":"Accueil","item":"https:\/\/www.ernest-turc.com\/boutique\/"},{"@type":"ListItem","position":2,"name":"Boutique","item":"https:\/\/www.ernest-turc.fr\/boutique\/produits\/"},{"@type":"ListItem","position":3,"name":"Dahlia buisson &#8216;Expo Flo\u00ae&#8217;"}]},{"@type":"WebSite","@id":"https:\/\/www.ernest-turc.com\/boutique\/#website","url":"https:\/\/www.ernest-turc.com\/boutique\/","name":"Ernest TURC","description":"","publisher":{"@id":"https:\/\/www.ernest-turc.com\/boutique\/#organization"},"potentialAction":[{"@type":"SearchAction","target":{"@type":"EntryPoint","urlTemplate":"https:\/\/www.ernest-turc.com\/boutique\/?s={search_term_string}"},"query-input":{"@type":"PropertyValueSpecification","valueRequired":true,"valueName":"search_term_string"}}],"inLanguage":"fr-FR"},{"@type":"Organization","@id":"https:\/\/www.ernest-turc.com\/boutique\/#organization","name":"Boutique Ernest TURC","alternateName":"Ernest TURC","url":"https:\/\/www.ernest-turc.com\/boutique\/","logo":{"@type":"ImageObject","inLanguage":"fr-FR","@id":"https:\/\/www.ernest-turc.com\/boutique\/#\/schema\/logo\/image\/","url":"https:\/\/www.ernest-turc.com\/boutique\/wp-content\/uploads\/2020\/10\/logo.png","contentUrl":"https:\/\/www.ernest-turc.com\/boutique\/wp-content\/uploads\/2020\/10\/logo.png","width":161,"height":161,"caption":"Boutique Ernest TURC"},"image":{"@id":"https:\/\/www.ernest-turc.com\/boutique\/#\/schema\/logo\/image\/"},"sameAs":["https:\/\/www.facebook.com\/ErnestTURC49","https:\/\/www.instagram.com\/ernestturc","https:\/\/www.linkedin.com\/company\/ernest-turc\/","https:\/\/www.pinterest.fr\/ernestturc","https:\/\/www.youtube.com\/channel\/UCH3ntWhy3mdcqw9-xF6pmEQ"]}]},"product_price_amount":"17.50","product_price_currency":"EUR","og_availability":"out of stock","product_availability":"out of stock","product_retailer_item_id":"100990-1","product_condition":"new"},"_links":{"self":[{"href":"https:\/\/www.ernest-turc.com\/boutique\/wp-json\/wp\/v2\/product\/597821","targetHints":{"allow":["GET"]}}],"collection":[{"href":"https:\/\/www.ernest-turc.com\/boutique\/wp-json\/wp\/v2\/product"}],"about":[{"href":"https:\/\/www.ernest-turc.com\/boutique\/wp-json\/wp\/v2\/types\/product"}],"wp:featuredmedia":[{"embeddable":true,"href":"https:\/\/www.ernest-turc.com\/boutique\/wp-json\/wp\/v2\/media\/599381"}],"wp:attachment":[{"href":"https:\/\/www.ernest-turc.com\/boutique\/wp-json\/wp\/v2\/media?parent=597821"}],"wp:term":[{"taxonomy":"product_brand","embeddable":true,"href":"https:\/\/www.ernest-turc.com\/boutique\/wp-json\/wp\/v2\/product_brand?post=597821"},{"taxonomy":"product_cat","embeddable":true,"href":"https:\/\/www.ernest-turc.com\/boutique\/wp-json\/wp\/v2\/product_cat?post=597821"},{"taxonomy":"product_tag","embeddable":true,"href":"https:\/\/www.ernest-turc.com\/boutique\/wp-json\/wp\/v2\/product_tag?post=597821"}],"curies":[{"name":"wp","href":"https:\/\/api.w.org\/{rel}","templated":true}]}}