{"id":4873,"date":"2021-03-18T09:20:44","date_gmt":"2021-03-18T09:20:44","guid":{"rendered":"https:\/\/www.ernest-turc.com\/boutique\/boutique\/feve-a-tres-longue-cosse-aguadulce\/"},"modified":"2026-04-13T15:15:52","modified_gmt":"2026-04-13T15:15:52","slug":"feve-a-tres-longue-cosse-aguadulce","status":"publish","type":"product","link":"https:\/\/www.ernest-turc.com\/boutique\/produits\/graines\/potageres\/pois-feves\/feve-a-tres-longue-cosse-aguadulce\/","title":{"rendered":"F\u00e8ve \u00e0 tr\u00e8s longue cosse Aguadulce"},"content":{"rendered":"<p style=\"text-align: justify;\">La <strong>F\u00e8ve \u00e0 tr\u00e8s longue cosse Agualduce<\/strong> est une l\u00e9gumineuse, comme le haricot et le pois et sa culture est facile. Originaire d\u2019Asie et du Moyen Orient, la F\u00e8ve est cultiv\u00e9e dans le monde, autant pour sa saveur que pour ses qualit\u00e9s nutritionnelles. Elle est consid\u00e9r\u00e9e comme un f\u00e9culent pour son riche apport en nutriments \u00e9nerg\u00e9tiques. Il existe de nombreuses vari\u00e9t\u00e9s de F\u00e8ves dont la taille des cosses et la couleur du grain varient. La F\u00e8ve se consomme aussi bien crue que cuite. Il vous faudra d\u2019abord les \u00e9cosser puis les d\u00e9rober, c\u2019est-\u00e0-dire retirer la seconde peau de chaque grain. La F\u00e8ve \u00e0 tr\u00e8s longue cosse Aguadulce est une vari\u00e9t\u00e9 vigoureuse tr\u00e8s productive. Ses \u00e9normes cosses peuvent atteindre 40 cm de long et renfermer 8 \u00e0 9 grains tendres et charnus. C\u2019est une vari\u00e9t\u00e9 classique mais excellente.<\/p>\n","protected":false},"excerpt":{"rendered":"<p style=\"text-align: justify;\">La <strong>F\u00e8ve \u00e0 tr\u00e8s longue cosse Agualduce<\/strong> est une l\u00e9gumineuse, comme le haricot et le pois et sa culture est facile. Originaire d\u2019Asie et du Moyen Orient, la F\u00e8ve est cultiv\u00e9e dans le monde, autant pour sa saveur que pour ses qualit\u00e9s nutritionnelles. Elle est consid\u00e9r\u00e9e comme un f\u00e9culent pour son riche apport en nutriments \u00e9nerg\u00e9tiques. Il existe de nombreuses vari\u00e9t\u00e9s de F\u00e8ves dont la taille des cosses et la couleur du grain varient. La F\u00e8ve se consomme aussi bien crue que cuite. Il vous faudra d\u2019abord les \u00e9cosser puis les d\u00e9rober, c\u2019est-\u00e0-dire retirer la seconde peau de chaque grain. La F\u00e8ve \u00e0 tr\u00e8s longue cosse Aguadulce est une vari\u00e9t\u00e9 vigoureuse tr\u00e8s productive. Ses \u00e9normes cosses peuvent atteindre 40 cm de long et renfermer 8 \u00e0 9 grains tendres et charnus. C\u2019est une vari\u00e9t\u00e9 classique mais excellente.<\/p>\n","protected":false},"featured_media":6552,"template":"","meta":{"_relevanssi_hide_post":"","_relevanssi_hide_content":"","_relevanssi_pin_for_all":"","_relevanssi_pin_keywords":"","_relevanssi_unpin_keywords":"","_relevanssi_related_keywords":"","_relevanssi_related_include_ids":"","_relevanssi_related_exclude_ids":"","_relevanssi_related_no_append":"","_relevanssi_related_not_related":"","_relevanssi_related_posts":"","_relevanssi_noindex_reason":""},"product_brand":[],"product_cat":[221,222,2416,725],"product_tag":[],"class_list":{"0":"post-4873","1":"product","2":"type-product","3":"status-publish","4":"has-post-thumbnail","6":"product_cat-graines","7":"product_cat-potageres","8":"product_cat-legumes-verts","9":"product_cat-pois-feves","10":"product_shipping_class-graines","11":"pa_conditionnement-734","12":"pa_couleur-vert","13":"pa_cycle-de-vie-annuelle","14":"pa_disponibilite-toute-lannee","15":"pa_exposition-ensoleillee","16":"pa_grammage-160-g","17":"pa_grammage-80-g","18":"pa_hauteur-de-la-plante-100-cm","19":"pa_periode-de-recolte-floraison-avril","20":"pa_periode-de-recolte-floraison-juillet","21":"pa_periode-de-recolte-floraison-juin","22":"pa_periode-de-recolte-floraison-mai","23":"pa_periode-de-semis-plantation-avril","24":"pa_periode-de-semis-plantation-fevrier","25":"pa_periode-de-semis-plantation-mars","26":"pa_periode-de-semis-plantation-novembre","27":"pa_periode-de-semis-plantation-octobre","28":"pa_utilisation-pleine-terre","30":"first","31":"instock","32":"taxable","33":"shipping-taxable","34":"purchasable","35":"product-type-variable","36":"has-default-attributes"},"bundled_by":[],"bundle_stock_status":"instock","bundle_stock_quantity":887,"bundle_virtual":false,"bundle_layout":"","bundle_add_to_cart_form_location":"","bundle_editable_in_cart":false,"bundle_sold_individually_context":"","bundle_item_grouping":"","bundle_min_size":"","bundle_max_size":"","bundled_items":[],"bundle_sell_ids":[],"yoast_head":"<!-- This site is optimized with the Yoast SEO Premium plugin v25.2 (Yoast SEO v27.4) - https:\/\/yoast.com\/product\/yoast-seo-premium-wordpress\/ -->\n<title>F\u00e8ve \u00e0 tr\u00e8s longue cosse Aguadulce - Ernest TURC<\/title>\n<meta name=\"description\" content=\"F\u00e8ve \u00e0 tr\u00e8s longue cosse Aguadulce \u00e0 acheter en ligne avec Ernest Turc, producteur de bulbes et de graines. D\u00e9couvrez notre s\u00e9lection pour sublimer vos jardins.\" \/>\n<meta name=\"robots\" content=\"index, follow, max-snippet:-1, max-image-preview:large, max-video-preview:-1\" \/>\n<link rel=\"canonical\" href=\"https:\/\/www.ernest-turc.com\/boutique\/produits\/graines\/potageres\/pois-feves\/feve-a-tres-longue-cosse-aguadulce\/\" \/>\n<meta property=\"og:locale\" content=\"fr_FR\" \/>\n<meta property=\"og:type\" content=\"article\" \/>\n<meta property=\"og:title\" content=\"F\u00e8ve \u00e0 tr\u00e8s longue cosse Aguadulce\" \/>\n<meta property=\"og:description\" content=\"F\u00e8ve \u00e0 tr\u00e8s longue cosse Aguadulce \u00e0 acheter en ligne avec Ernest Turc, producteur de bulbes et de graines. D\u00e9couvrez notre s\u00e9lection pour sublimer vos jardins.\" \/>\n<meta property=\"og:url\" content=\"https:\/\/www.ernest-turc.com\/boutique\/produits\/graines\/potageres\/pois-feves\/feve-a-tres-longue-cosse-aguadulce\/\" \/>\n<meta property=\"og:site_name\" content=\"Ernest TURC\" \/>\n<meta property=\"article:publisher\" content=\"https:\/\/www.facebook.com\/ErnestTURC49\" \/>\n<meta property=\"article:modified_time\" content=\"2026-04-13T15:15:52+00:00\" \/>\n<meta property=\"og:image\" content=\"https:\/\/www.ernest-turc.com\/boutique\/wp-content\/uploads\/2021\/01\/feve-a-tres-longue-cosse-aguadulce.jpg\" \/>\n\t<meta property=\"og:image:width\" content=\"800\" \/>\n\t<meta property=\"og:image:height\" content=\"800\" \/>\n\t<meta property=\"og:image:type\" content=\"image\/jpeg\" \/>\n<meta name=\"twitter:card\" content=\"summary_large_image\" \/>\n<meta name=\"twitter:label1\" content=\"Disponibilit\u00e9\" \/>\n\t<meta name=\"twitter:data1\" content=\"En stock\" \/>\n<script type=\"application\/ld+json\" class=\"yoast-schema-graph\">{\"@context\":\"https:\\\/\\\/schema.org\",\"@graph\":[{\"@type\":\"WebPage\",\"@id\":\"https:\\\/\\\/www.ernest-turc.com\\\/boutique\\\/produits\\\/graines\\\/potageres\\\/pois-feves\\\/feve-a-tres-longue-cosse-aguadulce\\\/\",\"url\":\"https:\\\/\\\/www.ernest-turc.com\\\/boutique\\\/produits\\\/graines\\\/potageres\\\/pois-feves\\\/feve-a-tres-longue-cosse-aguadulce\\\/\",\"name\":\"F\u00e8ve \u00e0 tr\u00e8s longue cosse Aguadulce - Ernest TURC\",\"isPartOf\":{\"@id\":\"https:\\\/\\\/www.ernest-turc.com\\\/boutique\\\/#website\"},\"primaryImageOfPage\":{\"@id\":\"https:\\\/\\\/www.ernest-turc.com\\\/boutique\\\/produits\\\/graines\\\/potageres\\\/pois-feves\\\/feve-a-tres-longue-cosse-aguadulce\\\/#primaryimage\"},\"image\":{\"@id\":\"https:\\\/\\\/www.ernest-turc.com\\\/boutique\\\/produits\\\/graines\\\/potageres\\\/pois-feves\\\/feve-a-tres-longue-cosse-aguadulce\\\/#primaryimage\"},\"thumbnailUrl\":\"https:\\\/\\\/www.ernest-turc.com\\\/boutique\\\/wp-content\\\/uploads\\\/2021\\\/01\\\/feve-a-tres-longue-cosse-aguadulce.jpg\",\"datePublished\":\"2021-03-18T09:20:44+00:00\",\"dateModified\":\"2026-04-13T15:15:52+00:00\",\"description\":\"F\u00e8ve \u00e0 tr\u00e8s longue cosse Aguadulce \u00e0 acheter en ligne avec Ernest Turc, producteur de bulbes et de graines. D\u00e9couvrez notre s\u00e9lection pour sublimer vos jardins.\",\"breadcrumb\":{\"@id\":\"https:\\\/\\\/www.ernest-turc.com\\\/boutique\\\/produits\\\/graines\\\/potageres\\\/pois-feves\\\/feve-a-tres-longue-cosse-aguadulce\\\/#breadcrumb\"},\"inLanguage\":\"fr-FR\",\"potentialAction\":[{\"@type\":\"ReadAction\",\"target\":[\"https:\\\/\\\/www.ernest-turc.com\\\/boutique\\\/produits\\\/graines\\\/potageres\\\/pois-feves\\\/feve-a-tres-longue-cosse-aguadulce\\\/\"]}]},{\"@type\":\"ImageObject\",\"inLanguage\":\"fr-FR\",\"@id\":\"https:\\\/\\\/www.ernest-turc.com\\\/boutique\\\/produits\\\/graines\\\/potageres\\\/pois-feves\\\/feve-a-tres-longue-cosse-aguadulce\\\/#primaryimage\",\"url\":\"https:\\\/\\\/www.ernest-turc.com\\\/boutique\\\/wp-content\\\/uploads\\\/2021\\\/01\\\/feve-a-tres-longue-cosse-aguadulce.jpg\",\"contentUrl\":\"https:\\\/\\\/www.ernest-turc.com\\\/boutique\\\/wp-content\\\/uploads\\\/2021\\\/01\\\/feve-a-tres-longue-cosse-aguadulce.jpg\",\"width\":800,\"height\":800,\"caption\":\"Feve \u00e0 tr\u00e8s longue cosse Aguadulce\"},{\"@type\":\"BreadcrumbList\",\"@id\":\"https:\\\/\\\/www.ernest-turc.com\\\/boutique\\\/produits\\\/graines\\\/potageres\\\/pois-feves\\\/feve-a-tres-longue-cosse-aguadulce\\\/#breadcrumb\",\"itemListElement\":[{\"@type\":\"ListItem\",\"position\":1,\"name\":\"Accueil\",\"item\":\"https:\\\/\\\/www.ernest-turc.com\\\/boutique\\\/\"},{\"@type\":\"ListItem\",\"position\":2,\"name\":\"Boutique\",\"item\":\"https:\\\/\\\/www.ernest-turc.fr\\\/boutique\\\/produits\\\/\"},{\"@type\":\"ListItem\",\"position\":3,\"name\":\"F\u00e8ve \u00e0 tr\u00e8s longue cosse Aguadulce\"}]},{\"@type\":\"WebSite\",\"@id\":\"https:\\\/\\\/www.ernest-turc.com\\\/boutique\\\/#website\",\"url\":\"https:\\\/\\\/www.ernest-turc.com\\\/boutique\\\/\",\"name\":\"Ernest TURC\",\"description\":\"\",\"publisher\":{\"@id\":\"https:\\\/\\\/www.ernest-turc.com\\\/boutique\\\/#organization\"},\"potentialAction\":[{\"@type\":\"SearchAction\",\"target\":{\"@type\":\"EntryPoint\",\"urlTemplate\":\"https:\\\/\\\/www.ernest-turc.com\\\/boutique\\\/?s={search_term_string}\"},\"query-input\":{\"@type\":\"PropertyValueSpecification\",\"valueRequired\":true,\"valueName\":\"search_term_string\"}}],\"inLanguage\":\"fr-FR\"},{\"@type\":\"Organization\",\"@id\":\"https:\\\/\\\/www.ernest-turc.com\\\/boutique\\\/#organization\",\"name\":\"Boutique Ernest TURC\",\"alternateName\":\"Ernest TURC\",\"url\":\"https:\\\/\\\/www.ernest-turc.com\\\/boutique\\\/\",\"logo\":{\"@type\":\"ImageObject\",\"inLanguage\":\"fr-FR\",\"@id\":\"https:\\\/\\\/www.ernest-turc.com\\\/boutique\\\/#\\\/schema\\\/logo\\\/image\\\/\",\"url\":\"https:\\\/\\\/www.ernest-turc.com\\\/boutique\\\/wp-content\\\/uploads\\\/2020\\\/10\\\/logo.png\",\"contentUrl\":\"https:\\\/\\\/www.ernest-turc.com\\\/boutique\\\/wp-content\\\/uploads\\\/2020\\\/10\\\/logo.png\",\"width\":161,\"height\":161,\"caption\":\"Boutique Ernest TURC\"},\"image\":{\"@id\":\"https:\\\/\\\/www.ernest-turc.com\\\/boutique\\\/#\\\/schema\\\/logo\\\/image\\\/\"},\"sameAs\":[\"https:\\\/\\\/www.facebook.com\\\/ErnestTURC49\",\"https:\\\/\\\/www.instagram.com\\\/ernestturc\",\"https:\\\/\\\/www.linkedin.com\\\/company\\\/ernest-turc\\\/\",\"https:\\\/\\\/www.pinterest.fr\\\/ernestturc\",\"https:\\\/\\\/www.youtube.com\\\/channel\\\/UCH3ntWhy3mdcqw9-xF6pmEQ\"]}]}<\/script>\n<meta property=\"og:availability\" content=\"instock\" \/>\n<meta property=\"product:availability\" content=\"instock\" \/>\n<meta property=\"product:retailer_item_id\" content=\"956979\" \/>\n<meta property=\"product:condition\" content=\"new\" \/>\n<!-- \/ Yoast SEO Premium plugin. -->","yoast_head_json":{"title":"F\u00e8ve \u00e0 tr\u00e8s longue cosse Aguadulce - Ernest TURC","description":"F\u00e8ve \u00e0 tr\u00e8s longue cosse Aguadulce \u00e0 acheter en ligne avec Ernest Turc, producteur de bulbes et de graines. D\u00e9couvrez notre s\u00e9lection pour sublimer vos jardins.","robots":{"index":"index","follow":"follow","max-snippet":"max-snippet:-1","max-image-preview":"max-image-preview:large","max-video-preview":"max-video-preview:-1"},"canonical":"https:\/\/www.ernest-turc.com\/boutique\/produits\/graines\/potageres\/pois-feves\/feve-a-tres-longue-cosse-aguadulce\/","og_locale":"fr_FR","og_type":"article","og_title":"F\u00e8ve \u00e0 tr\u00e8s longue cosse Aguadulce","og_description":"F\u00e8ve \u00e0 tr\u00e8s longue cosse Aguadulce \u00e0 acheter en ligne avec Ernest Turc, producteur de bulbes et de graines. D\u00e9couvrez notre s\u00e9lection pour sublimer vos jardins.","og_url":"https:\/\/www.ernest-turc.com\/boutique\/produits\/graines\/potageres\/pois-feves\/feve-a-tres-longue-cosse-aguadulce\/","og_site_name":"Ernest TURC","article_publisher":"https:\/\/www.facebook.com\/ErnestTURC49","article_modified_time":"2026-04-13T15:15:52+00:00","og_image":[{"width":800,"height":800,"url":"https:\/\/www.ernest-turc.com\/boutique\/wp-content\/uploads\/2021\/01\/feve-a-tres-longue-cosse-aguadulce.jpg","type":"image\/jpeg"}],"twitter_card":"summary_large_image","twitter_misc":{"Disponibilit\u00e9":"En stock"},"schema":{"@context":"https:\/\/schema.org","@graph":[{"@type":"WebPage","@id":"https:\/\/www.ernest-turc.com\/boutique\/produits\/graines\/potageres\/pois-feves\/feve-a-tres-longue-cosse-aguadulce\/","url":"https:\/\/www.ernest-turc.com\/boutique\/produits\/graines\/potageres\/pois-feves\/feve-a-tres-longue-cosse-aguadulce\/","name":"F\u00e8ve \u00e0 tr\u00e8s longue cosse Aguadulce - Ernest TURC","isPartOf":{"@id":"https:\/\/www.ernest-turc.com\/boutique\/#website"},"primaryImageOfPage":{"@id":"https:\/\/www.ernest-turc.com\/boutique\/produits\/graines\/potageres\/pois-feves\/feve-a-tres-longue-cosse-aguadulce\/#primaryimage"},"image":{"@id":"https:\/\/www.ernest-turc.com\/boutique\/produits\/graines\/potageres\/pois-feves\/feve-a-tres-longue-cosse-aguadulce\/#primaryimage"},"thumbnailUrl":"https:\/\/www.ernest-turc.com\/boutique\/wp-content\/uploads\/2021\/01\/feve-a-tres-longue-cosse-aguadulce.jpg","datePublished":"2021-03-18T09:20:44+00:00","dateModified":"2026-04-13T15:15:52+00:00","description":"F\u00e8ve \u00e0 tr\u00e8s longue cosse Aguadulce \u00e0 acheter en ligne avec Ernest Turc, producteur de bulbes et de graines. D\u00e9couvrez notre s\u00e9lection pour sublimer vos jardins.","breadcrumb":{"@id":"https:\/\/www.ernest-turc.com\/boutique\/produits\/graines\/potageres\/pois-feves\/feve-a-tres-longue-cosse-aguadulce\/#breadcrumb"},"inLanguage":"fr-FR","potentialAction":[{"@type":"ReadAction","target":["https:\/\/www.ernest-turc.com\/boutique\/produits\/graines\/potageres\/pois-feves\/feve-a-tres-longue-cosse-aguadulce\/"]}]},{"@type":"ImageObject","inLanguage":"fr-FR","@id":"https:\/\/www.ernest-turc.com\/boutique\/produits\/graines\/potageres\/pois-feves\/feve-a-tres-longue-cosse-aguadulce\/#primaryimage","url":"https:\/\/www.ernest-turc.com\/boutique\/wp-content\/uploads\/2021\/01\/feve-a-tres-longue-cosse-aguadulce.jpg","contentUrl":"https:\/\/www.ernest-turc.com\/boutique\/wp-content\/uploads\/2021\/01\/feve-a-tres-longue-cosse-aguadulce.jpg","width":800,"height":800,"caption":"Feve \u00e0 tr\u00e8s longue cosse Aguadulce"},{"@type":"BreadcrumbList","@id":"https:\/\/www.ernest-turc.com\/boutique\/produits\/graines\/potageres\/pois-feves\/feve-a-tres-longue-cosse-aguadulce\/#breadcrumb","itemListElement":[{"@type":"ListItem","position":1,"name":"Accueil","item":"https:\/\/www.ernest-turc.com\/boutique\/"},{"@type":"ListItem","position":2,"name":"Boutique","item":"https:\/\/www.ernest-turc.fr\/boutique\/produits\/"},{"@type":"ListItem","position":3,"name":"F\u00e8ve \u00e0 tr\u00e8s longue cosse Aguadulce"}]},{"@type":"WebSite","@id":"https:\/\/www.ernest-turc.com\/boutique\/#website","url":"https:\/\/www.ernest-turc.com\/boutique\/","name":"Ernest TURC","description":"","publisher":{"@id":"https:\/\/www.ernest-turc.com\/boutique\/#organization"},"potentialAction":[{"@type":"SearchAction","target":{"@type":"EntryPoint","urlTemplate":"https:\/\/www.ernest-turc.com\/boutique\/?s={search_term_string}"},"query-input":{"@type":"PropertyValueSpecification","valueRequired":true,"valueName":"search_term_string"}}],"inLanguage":"fr-FR"},{"@type":"Organization","@id":"https:\/\/www.ernest-turc.com\/boutique\/#organization","name":"Boutique Ernest TURC","alternateName":"Ernest TURC","url":"https:\/\/www.ernest-turc.com\/boutique\/","logo":{"@type":"ImageObject","inLanguage":"fr-FR","@id":"https:\/\/www.ernest-turc.com\/boutique\/#\/schema\/logo\/image\/","url":"https:\/\/www.ernest-turc.com\/boutique\/wp-content\/uploads\/2020\/10\/logo.png","contentUrl":"https:\/\/www.ernest-turc.com\/boutique\/wp-content\/uploads\/2020\/10\/logo.png","width":161,"height":161,"caption":"Boutique Ernest TURC"},"image":{"@id":"https:\/\/www.ernest-turc.com\/boutique\/#\/schema\/logo\/image\/"},"sameAs":["https:\/\/www.facebook.com\/ErnestTURC49","https:\/\/www.instagram.com\/ernestturc","https:\/\/www.linkedin.com\/company\/ernest-turc\/","https:\/\/www.pinterest.fr\/ernestturc","https:\/\/www.youtube.com\/channel\/UCH3ntWhy3mdcqw9-xF6pmEQ"]}]},"og_availability":"instock","product_availability":"instock","product_retailer_item_id":"956979","product_condition":"new"},"_links":{"self":[{"href":"https:\/\/www.ernest-turc.com\/boutique\/wp-json\/wp\/v2\/product\/4873","targetHints":{"allow":["GET"]}}],"collection":[{"href":"https:\/\/www.ernest-turc.com\/boutique\/wp-json\/wp\/v2\/product"}],"about":[{"href":"https:\/\/www.ernest-turc.com\/boutique\/wp-json\/wp\/v2\/types\/product"}],"wp:featuredmedia":[{"embeddable":true,"href":"https:\/\/www.ernest-turc.com\/boutique\/wp-json\/wp\/v2\/media\/6552"}],"wp:attachment":[{"href":"https:\/\/www.ernest-turc.com\/boutique\/wp-json\/wp\/v2\/media?parent=4873"}],"wp:term":[{"taxonomy":"product_brand","embeddable":true,"href":"https:\/\/www.ernest-turc.com\/boutique\/wp-json\/wp\/v2\/product_brand?post=4873"},{"taxonomy":"product_cat","embeddable":true,"href":"https:\/\/www.ernest-turc.com\/boutique\/wp-json\/wp\/v2\/product_cat?post=4873"},{"taxonomy":"product_tag","embeddable":true,"href":"https:\/\/www.ernest-turc.com\/boutique\/wp-json\/wp\/v2\/product_tag?post=4873"}],"curies":[{"name":"wp","href":"https:\/\/api.w.org\/{rel}","templated":true}]}}