{"id":4554,"date":"2021-03-18T08:53:02","date_gmt":"2021-03-18T08:53:02","guid":{"rendered":"https:\/\/www.ernest-turc.com\/boutique\/boutique\/celeri-branche-geant-dore-ameliore\/"},"modified":"2026-04-02T09:19:59","modified_gmt":"2026-04-02T09:19:59","slug":"celeri-branche-geant-dore-ameliore","status":"publish","type":"product","link":"https:\/\/www.ernest-turc.com\/boutique\/produits\/graines\/potageres\/autres-graines-potageres\/celeri-branche-geant-dore-ameliore\/","title":{"rendered":"C\u00e9leri Branche G\u00e9ant Dor\u00e9 Am\u00e9lior\u00e9"},"content":{"rendered":"<p style=\"text-align: justify\">Le <strong>c\u00e9leri branche G\u00e9ant Dor\u00e9 Am\u00e9lior\u00e9e<\/strong> est une vari\u00e9t\u00e9 pr\u00e9coce \u00e0 c\u00f4tes tr\u00e8s fines, charnues, creuses et tendres de couleur vert p\u00e2le aux reflets dor\u00e9s. Dot\u00e9e d&#8217;un feuillage compact et vigoureux d&#8217;une hauteur de 50 \u00e0 60 cm, il est tr\u00e8s parfum\u00e9 et savoureux. Il se consomme cru en ap\u00e9ritif tremp\u00e9 dans de la mayonnaise, ou en salade, et cuit, en gratin, soupe et plats mijot\u00e9s. Riche en min\u00e9raux et vitamines , et compos\u00e9 de 95% d&#8217;eau, il est peu calorique et di\u00e9t\u00e9tique. En jus d\u00e9tox, ce sera votre meilleur alli\u00e9 durant un r\u00e9gime ! Attention, la culture du c\u00e9leri n&#8217;est pas \u00e0 la port\u00e9e de tous, car sa culture n&#8217;est pas ais\u00e9e, et la germination est tr\u00e8s longue. C&#8217;est un l\u00e9gume qui demande de la patience et qui se m\u00e9rite !<\/p>\n","protected":false},"excerpt":{"rendered":"<p style=\"text-align: justify\">Le c\u00e9leri branche G\u00e9ant Dor\u00e9 Am\u00e9lior\u00e9e est une vari\u00e9t\u00e9 pr\u00e9coce \u00e0 c\u00f4tes tr\u00e8s fines, charnues, creuses et tendres de couleur vert p\u00e2le aux reflets dor\u00e9s. Dot\u00e9e d&#8217;un feuillage compact et vigoureux d&#8217;une hauteur de 50 \u00e0 60 cm, il est tr\u00e8s parfum\u00e9 et savoureux. Il se consomme cru en ap\u00e9ritif tremp\u00e9 dans de la mayonnaise, ou en salade, et cuit, en gratin, soupe et plats mijot\u00e9s. Riche en min\u00e9raux et vitamines , et compos\u00e9 de 95% d&#8217;eau, il est peu calorique et di\u00e9t\u00e9tique. En jus d\u00e9tox, ce sera votre meilleur alli\u00e9 durant un r\u00e9gime ! Attention, la culture du c\u00e9leri n&#8217;est pas \u00e0 la port\u00e9e de tous, car sa culture n&#8217;est pas ais\u00e9e, et la germination est tr\u00e8s longue. C&#8217;est un l\u00e9gume qui demande de la patience et qui se m\u00e9rite !<\/p>\n","protected":false},"featured_media":6099,"template":"","meta":{"_relevanssi_hide_post":"","_relevanssi_hide_content":"","_relevanssi_pin_for_all":"","_relevanssi_pin_keywords":"","_relevanssi_unpin_keywords":"","_relevanssi_related_keywords":"","_relevanssi_related_include_ids":"","_relevanssi_related_exclude_ids":"","_relevanssi_related_no_append":"","_relevanssi_related_not_related":"","_relevanssi_related_posts":"","_relevanssi_noindex_reason":""},"product_brand":[],"product_cat":[228,221,222,1774,2416,1786],"product_tag":[2426],"class_list":{"0":"post-4554","1":"product","2":"type-product","3":"status-publish","4":"has-post-thumbnail","6":"product_cat-autres-graines-potageres","7":"product_cat-graines","8":"product_cat-potageres","9":"product_cat-idees-apero","10":"product_cat-legumes-verts","11":"product_cat-semis-precoces","12":"product_tag-celeri-branche","13":"product_shipping_class-graines","14":"pa_conditionnement-734","15":"pa_couleur-vert","16":"pa_cycle-de-vie-bisannuelle","17":"pa_disponibilite-toute-lannee","18":"pa_exposition-mi-ensoleillee","19":"pa_grammage-1-5-g","20":"pa_hauteur-de-la-plante-60-cm","21":"pa_periode-de-recolte-floraison-aout","22":"pa_periode-de-recolte-floraison-novembre","23":"pa_periode-de-recolte-floraison-octobre","24":"pa_periode-de-recolte-floraison-septembre","25":"pa_periode-de-semis-plantation-avril","26":"pa_periode-de-semis-plantation-fevrier","27":"pa_periode-de-semis-plantation-mai","28":"pa_periode-de-semis-plantation-mars","29":"pa_rusticite-rustique","30":"pa_utilisation-pleine-terre","32":"first","33":"instock","34":"taxable","35":"shipping-taxable","36":"purchasable","37":"product-type-simple"},"bundled_by":[],"bundle_stock_status":"instock","bundle_stock_quantity":85,"bundle_virtual":false,"bundle_layout":"","bundle_add_to_cart_form_location":"","bundle_editable_in_cart":false,"bundle_sold_individually_context":"","bundle_item_grouping":"","bundle_min_size":"","bundle_max_size":"","bundled_items":[],"bundle_sell_ids":[],"yoast_head":"<!-- This site is optimized with the Yoast SEO Premium plugin v25.2 (Yoast SEO v27.3) - https:\/\/yoast.com\/product\/yoast-seo-premium-wordpress\/ -->\n<title>C\u00e9leri Branche G\u00e9ant Dor\u00e9 Am\u00e9lior\u00e9 - Ernest TURC<\/title>\n<meta name=\"description\" content=\"C\u00e9leri Branche G\u00e9ant Dor\u00e9 Am\u00e9lior\u00e9 \u00e0 acheter en ligne avec Ernest Turc, producteur de bulbes et de graines. D\u00e9couvrez notre s\u00e9lection de Autres graines potag\u00e8res pour sublimer vos jardins.\" \/>\n<meta name=\"robots\" content=\"index, follow, max-snippet:-1, max-image-preview:large, max-video-preview:-1\" \/>\n<link rel=\"canonical\" href=\"https:\/\/www.ernest-turc.com\/boutique\/produits\/graines\/potageres\/autres-graines-potageres\/celeri-branche-geant-dore-ameliore\/\" \/>\n<meta property=\"og:locale\" content=\"fr_FR\" \/>\n<meta property=\"og:type\" content=\"article\" \/>\n<meta property=\"og:title\" content=\"C\u00e9leri Branche G\u00e9ant Dor\u00e9 Am\u00e9lior\u00e9\" \/>\n<meta property=\"og:description\" content=\"C\u00e9leri Branche G\u00e9ant Dor\u00e9 Am\u00e9lior\u00e9 \u00e0 acheter en ligne avec Ernest Turc, producteur de bulbes et de graines. D\u00e9couvrez notre s\u00e9lection de Autres graines potag\u00e8res pour sublimer vos jardins.\" \/>\n<meta property=\"og:url\" content=\"https:\/\/www.ernest-turc.com\/boutique\/produits\/graines\/potageres\/autres-graines-potageres\/celeri-branche-geant-dore-ameliore\/\" \/>\n<meta property=\"og:site_name\" content=\"Ernest TURC\" \/>\n<meta property=\"article:publisher\" content=\"https:\/\/www.facebook.com\/ErnestTURC49\" \/>\n<meta property=\"article:modified_time\" content=\"2026-04-02T09:19:59+00:00\" \/>\n<meta property=\"og:image\" content=\"https:\/\/www.ernest-turc.com\/boutique\/wp-content\/uploads\/2021\/01\/celeri-branche-geant-dore-ameliore.jpg\" \/>\n\t<meta property=\"og:image:width\" content=\"601\" \/>\n\t<meta property=\"og:image:height\" content=\"601\" \/>\n\t<meta property=\"og:image:type\" content=\"image\/jpeg\" \/>\n<meta name=\"twitter:card\" content=\"summary_large_image\" \/>\n<meta name=\"twitter:label1\" content=\"Prix\" \/>\n\t<meta name=\"twitter:data1\" content=\"2,99&euro;TTCTTC\" \/>\n\t<meta name=\"twitter:label2\" content=\"Disponibilit\u00e9\" \/>\n\t<meta name=\"twitter:data2\" content=\"En stock\" \/>\n<script type=\"application\/ld+json\" class=\"yoast-schema-graph\">{\"@context\":\"https:\\\/\\\/schema.org\",\"@graph\":[{\"@type\":\"WebPage\",\"@id\":\"https:\\\/\\\/www.ernest-turc.com\\\/boutique\\\/produits\\\/graines\\\/potageres\\\/autres-graines-potageres\\\/celeri-branche-geant-dore-ameliore\\\/\",\"url\":\"https:\\\/\\\/www.ernest-turc.com\\\/boutique\\\/produits\\\/graines\\\/potageres\\\/autres-graines-potageres\\\/celeri-branche-geant-dore-ameliore\\\/\",\"name\":\"C\u00e9leri Branche G\u00e9ant Dor\u00e9 Am\u00e9lior\u00e9 - Ernest TURC\",\"isPartOf\":{\"@id\":\"https:\\\/\\\/www.ernest-turc.com\\\/boutique\\\/#website\"},\"primaryImageOfPage\":{\"@id\":\"https:\\\/\\\/www.ernest-turc.com\\\/boutique\\\/produits\\\/graines\\\/potageres\\\/autres-graines-potageres\\\/celeri-branche-geant-dore-ameliore\\\/#primaryimage\"},\"image\":{\"@id\":\"https:\\\/\\\/www.ernest-turc.com\\\/boutique\\\/produits\\\/graines\\\/potageres\\\/autres-graines-potageres\\\/celeri-branche-geant-dore-ameliore\\\/#primaryimage\"},\"thumbnailUrl\":\"https:\\\/\\\/www.ernest-turc.com\\\/boutique\\\/wp-content\\\/uploads\\\/2021\\\/01\\\/celeri-branche-geant-dore-ameliore.jpg\",\"datePublished\":\"2021-03-18T08:53:02+00:00\",\"dateModified\":\"2026-04-02T09:19:59+00:00\",\"description\":\"C\u00e9leri Branche G\u00e9ant Dor\u00e9 Am\u00e9lior\u00e9 \u00e0 acheter en ligne avec Ernest Turc, producteur de bulbes et de graines. D\u00e9couvrez notre s\u00e9lection de Autres graines potag\u00e8res pour sublimer vos jardins.\",\"breadcrumb\":{\"@id\":\"https:\\\/\\\/www.ernest-turc.com\\\/boutique\\\/produits\\\/graines\\\/potageres\\\/autres-graines-potageres\\\/celeri-branche-geant-dore-ameliore\\\/#breadcrumb\"},\"inLanguage\":\"fr-FR\",\"potentialAction\":[{\"@type\":\"ReadAction\",\"target\":[\"https:\\\/\\\/www.ernest-turc.com\\\/boutique\\\/produits\\\/graines\\\/potageres\\\/autres-graines-potageres\\\/celeri-branche-geant-dore-ameliore\\\/\"]}]},{\"@type\":\"ImageObject\",\"inLanguage\":\"fr-FR\",\"@id\":\"https:\\\/\\\/www.ernest-turc.com\\\/boutique\\\/produits\\\/graines\\\/potageres\\\/autres-graines-potageres\\\/celeri-branche-geant-dore-ameliore\\\/#primaryimage\",\"url\":\"https:\\\/\\\/www.ernest-turc.com\\\/boutique\\\/wp-content\\\/uploads\\\/2021\\\/01\\\/celeri-branche-geant-dore-ameliore.jpg\",\"contentUrl\":\"https:\\\/\\\/www.ernest-turc.com\\\/boutique\\\/wp-content\\\/uploads\\\/2021\\\/01\\\/celeri-branche-geant-dore-ameliore.jpg\",\"width\":601,\"height\":601,\"caption\":\"C\u00e9l\u00e9ri Branche G\u00e9ant Dor\u00e9 Am\u00e9lior\u00e9\"},{\"@type\":\"BreadcrumbList\",\"@id\":\"https:\\\/\\\/www.ernest-turc.com\\\/boutique\\\/produits\\\/graines\\\/potageres\\\/autres-graines-potageres\\\/celeri-branche-geant-dore-ameliore\\\/#breadcrumb\",\"itemListElement\":[{\"@type\":\"ListItem\",\"position\":1,\"name\":\"Accueil\",\"item\":\"https:\\\/\\\/www.ernest-turc.com\\\/boutique\\\/\"},{\"@type\":\"ListItem\",\"position\":2,\"name\":\"Boutique\",\"item\":\"https:\\\/\\\/www.ernest-turc.fr\\\/boutique\\\/produits\\\/\"},{\"@type\":\"ListItem\",\"position\":3,\"name\":\"C\u00e9leri Branche G\u00e9ant Dor\u00e9 Am\u00e9lior\u00e9\"}]},{\"@type\":\"WebSite\",\"@id\":\"https:\\\/\\\/www.ernest-turc.com\\\/boutique\\\/#website\",\"url\":\"https:\\\/\\\/www.ernest-turc.com\\\/boutique\\\/\",\"name\":\"Ernest TURC\",\"description\":\"\",\"publisher\":{\"@id\":\"https:\\\/\\\/www.ernest-turc.com\\\/boutique\\\/#organization\"},\"potentialAction\":[{\"@type\":\"SearchAction\",\"target\":{\"@type\":\"EntryPoint\",\"urlTemplate\":\"https:\\\/\\\/www.ernest-turc.com\\\/boutique\\\/?s={search_term_string}\"},\"query-input\":{\"@type\":\"PropertyValueSpecification\",\"valueRequired\":true,\"valueName\":\"search_term_string\"}}],\"inLanguage\":\"fr-FR\"},{\"@type\":\"Organization\",\"@id\":\"https:\\\/\\\/www.ernest-turc.com\\\/boutique\\\/#organization\",\"name\":\"Boutique Ernest TURC\",\"alternateName\":\"Ernest TURC\",\"url\":\"https:\\\/\\\/www.ernest-turc.com\\\/boutique\\\/\",\"logo\":{\"@type\":\"ImageObject\",\"inLanguage\":\"fr-FR\",\"@id\":\"https:\\\/\\\/www.ernest-turc.com\\\/boutique\\\/#\\\/schema\\\/logo\\\/image\\\/\",\"url\":\"https:\\\/\\\/www.ernest-turc.com\\\/boutique\\\/wp-content\\\/uploads\\\/2020\\\/10\\\/logo.png\",\"contentUrl\":\"https:\\\/\\\/www.ernest-turc.com\\\/boutique\\\/wp-content\\\/uploads\\\/2020\\\/10\\\/logo.png\",\"width\":161,\"height\":161,\"caption\":\"Boutique Ernest TURC\"},\"image\":{\"@id\":\"https:\\\/\\\/www.ernest-turc.com\\\/boutique\\\/#\\\/schema\\\/logo\\\/image\\\/\"},\"sameAs\":[\"https:\\\/\\\/www.facebook.com\\\/ErnestTURC49\",\"https:\\\/\\\/www.instagram.com\\\/ernestturc\",\"https:\\\/\\\/www.linkedin.com\\\/company\\\/ernest-turc\\\/\",\"https:\\\/\\\/www.pinterest.fr\\\/ernestturc\",\"https:\\\/\\\/www.youtube.com\\\/channel\\\/UCH3ntWhy3mdcqw9-xF6pmEQ\"]}]}<\/script>\n<meta property=\"product:price:amount\" content=\"2.99\" \/>\n<meta property=\"product:price:currency\" content=\"EUR\" \/>\n<meta property=\"og:availability\" content=\"instock\" \/>\n<meta property=\"product:availability\" content=\"instock\" \/>\n<meta property=\"product:retailer_item_id\" content=\"956819\" \/>\n<meta property=\"product:condition\" content=\"new\" \/>\n<!-- \/ Yoast SEO Premium plugin. -->","yoast_head_json":{"title":"C\u00e9leri Branche G\u00e9ant Dor\u00e9 Am\u00e9lior\u00e9 - Ernest TURC","description":"C\u00e9leri Branche G\u00e9ant Dor\u00e9 Am\u00e9lior\u00e9 \u00e0 acheter en ligne avec Ernest Turc, producteur de bulbes et de graines. D\u00e9couvrez notre s\u00e9lection de Autres graines potag\u00e8res pour sublimer vos jardins.","robots":{"index":"index","follow":"follow","max-snippet":"max-snippet:-1","max-image-preview":"max-image-preview:large","max-video-preview":"max-video-preview:-1"},"canonical":"https:\/\/www.ernest-turc.com\/boutique\/produits\/graines\/potageres\/autres-graines-potageres\/celeri-branche-geant-dore-ameliore\/","og_locale":"fr_FR","og_type":"article","og_title":"C\u00e9leri Branche G\u00e9ant Dor\u00e9 Am\u00e9lior\u00e9","og_description":"C\u00e9leri Branche G\u00e9ant Dor\u00e9 Am\u00e9lior\u00e9 \u00e0 acheter en ligne avec Ernest Turc, producteur de bulbes et de graines. D\u00e9couvrez notre s\u00e9lection de Autres graines potag\u00e8res pour sublimer vos jardins.","og_url":"https:\/\/www.ernest-turc.com\/boutique\/produits\/graines\/potageres\/autres-graines-potageres\/celeri-branche-geant-dore-ameliore\/","og_site_name":"Ernest TURC","article_publisher":"https:\/\/www.facebook.com\/ErnestTURC49","article_modified_time":"2026-04-02T09:19:59+00:00","og_image":[{"width":601,"height":601,"url":"https:\/\/www.ernest-turc.com\/boutique\/wp-content\/uploads\/2021\/01\/celeri-branche-geant-dore-ameliore.jpg","type":"image\/jpeg"}],"twitter_card":"summary_large_image","twitter_misc":{"Prix":"2,99&euro;TTCTTC","Disponibilit\u00e9":"En stock"},"schema":{"@context":"https:\/\/schema.org","@graph":[{"@type":"WebPage","@id":"https:\/\/www.ernest-turc.com\/boutique\/produits\/graines\/potageres\/autres-graines-potageres\/celeri-branche-geant-dore-ameliore\/","url":"https:\/\/www.ernest-turc.com\/boutique\/produits\/graines\/potageres\/autres-graines-potageres\/celeri-branche-geant-dore-ameliore\/","name":"C\u00e9leri Branche G\u00e9ant Dor\u00e9 Am\u00e9lior\u00e9 - Ernest TURC","isPartOf":{"@id":"https:\/\/www.ernest-turc.com\/boutique\/#website"},"primaryImageOfPage":{"@id":"https:\/\/www.ernest-turc.com\/boutique\/produits\/graines\/potageres\/autres-graines-potageres\/celeri-branche-geant-dore-ameliore\/#primaryimage"},"image":{"@id":"https:\/\/www.ernest-turc.com\/boutique\/produits\/graines\/potageres\/autres-graines-potageres\/celeri-branche-geant-dore-ameliore\/#primaryimage"},"thumbnailUrl":"https:\/\/www.ernest-turc.com\/boutique\/wp-content\/uploads\/2021\/01\/celeri-branche-geant-dore-ameliore.jpg","datePublished":"2021-03-18T08:53:02+00:00","dateModified":"2026-04-02T09:19:59+00:00","description":"C\u00e9leri Branche G\u00e9ant Dor\u00e9 Am\u00e9lior\u00e9 \u00e0 acheter en ligne avec Ernest Turc, producteur de bulbes et de graines. D\u00e9couvrez notre s\u00e9lection de Autres graines potag\u00e8res pour sublimer vos jardins.","breadcrumb":{"@id":"https:\/\/www.ernest-turc.com\/boutique\/produits\/graines\/potageres\/autres-graines-potageres\/celeri-branche-geant-dore-ameliore\/#breadcrumb"},"inLanguage":"fr-FR","potentialAction":[{"@type":"ReadAction","target":["https:\/\/www.ernest-turc.com\/boutique\/produits\/graines\/potageres\/autres-graines-potageres\/celeri-branche-geant-dore-ameliore\/"]}]},{"@type":"ImageObject","inLanguage":"fr-FR","@id":"https:\/\/www.ernest-turc.com\/boutique\/produits\/graines\/potageres\/autres-graines-potageres\/celeri-branche-geant-dore-ameliore\/#primaryimage","url":"https:\/\/www.ernest-turc.com\/boutique\/wp-content\/uploads\/2021\/01\/celeri-branche-geant-dore-ameliore.jpg","contentUrl":"https:\/\/www.ernest-turc.com\/boutique\/wp-content\/uploads\/2021\/01\/celeri-branche-geant-dore-ameliore.jpg","width":601,"height":601,"caption":"C\u00e9l\u00e9ri Branche G\u00e9ant Dor\u00e9 Am\u00e9lior\u00e9"},{"@type":"BreadcrumbList","@id":"https:\/\/www.ernest-turc.com\/boutique\/produits\/graines\/potageres\/autres-graines-potageres\/celeri-branche-geant-dore-ameliore\/#breadcrumb","itemListElement":[{"@type":"ListItem","position":1,"name":"Accueil","item":"https:\/\/www.ernest-turc.com\/boutique\/"},{"@type":"ListItem","position":2,"name":"Boutique","item":"https:\/\/www.ernest-turc.fr\/boutique\/produits\/"},{"@type":"ListItem","position":3,"name":"C\u00e9leri Branche G\u00e9ant Dor\u00e9 Am\u00e9lior\u00e9"}]},{"@type":"WebSite","@id":"https:\/\/www.ernest-turc.com\/boutique\/#website","url":"https:\/\/www.ernest-turc.com\/boutique\/","name":"Ernest TURC","description":"","publisher":{"@id":"https:\/\/www.ernest-turc.com\/boutique\/#organization"},"potentialAction":[{"@type":"SearchAction","target":{"@type":"EntryPoint","urlTemplate":"https:\/\/www.ernest-turc.com\/boutique\/?s={search_term_string}"},"query-input":{"@type":"PropertyValueSpecification","valueRequired":true,"valueName":"search_term_string"}}],"inLanguage":"fr-FR"},{"@type":"Organization","@id":"https:\/\/www.ernest-turc.com\/boutique\/#organization","name":"Boutique Ernest TURC","alternateName":"Ernest TURC","url":"https:\/\/www.ernest-turc.com\/boutique\/","logo":{"@type":"ImageObject","inLanguage":"fr-FR","@id":"https:\/\/www.ernest-turc.com\/boutique\/#\/schema\/logo\/image\/","url":"https:\/\/www.ernest-turc.com\/boutique\/wp-content\/uploads\/2020\/10\/logo.png","contentUrl":"https:\/\/www.ernest-turc.com\/boutique\/wp-content\/uploads\/2020\/10\/logo.png","width":161,"height":161,"caption":"Boutique Ernest TURC"},"image":{"@id":"https:\/\/www.ernest-turc.com\/boutique\/#\/schema\/logo\/image\/"},"sameAs":["https:\/\/www.facebook.com\/ErnestTURC49","https:\/\/www.instagram.com\/ernestturc","https:\/\/www.linkedin.com\/company\/ernest-turc\/","https:\/\/www.pinterest.fr\/ernestturc","https:\/\/www.youtube.com\/channel\/UCH3ntWhy3mdcqw9-xF6pmEQ"]}]},"product_price_amount":"2.99","product_price_currency":"EUR","og_availability":"instock","product_availability":"instock","product_retailer_item_id":"956819","product_condition":"new"},"_links":{"self":[{"href":"https:\/\/www.ernest-turc.com\/boutique\/wp-json\/wp\/v2\/product\/4554","targetHints":{"allow":["GET"]}}],"collection":[{"href":"https:\/\/www.ernest-turc.com\/boutique\/wp-json\/wp\/v2\/product"}],"about":[{"href":"https:\/\/www.ernest-turc.com\/boutique\/wp-json\/wp\/v2\/types\/product"}],"wp:featuredmedia":[{"embeddable":true,"href":"https:\/\/www.ernest-turc.com\/boutique\/wp-json\/wp\/v2\/media\/6099"}],"wp:attachment":[{"href":"https:\/\/www.ernest-turc.com\/boutique\/wp-json\/wp\/v2\/media?parent=4554"}],"wp:term":[{"taxonomy":"product_brand","embeddable":true,"href":"https:\/\/www.ernest-turc.com\/boutique\/wp-json\/wp\/v2\/product_brand?post=4554"},{"taxonomy":"product_cat","embeddable":true,"href":"https:\/\/www.ernest-turc.com\/boutique\/wp-json\/wp\/v2\/product_cat?post=4554"},{"taxonomy":"product_tag","embeddable":true,"href":"https:\/\/www.ernest-turc.com\/boutique\/wp-json\/wp\/v2\/product_tag?post=4554"}],"curies":[{"name":"wp","href":"https:\/\/api.w.org\/{rel}","templated":true}]}}