{"id":4550,"date":"2021-03-18T08:52:38","date_gmt":"2021-03-18T08:52:38","guid":{"rendered":"https:\/\/www.ernest-turc.com\/boutique\/boutique\/carotte-potagere-en-melange\/"},"modified":"2026-04-03T08:13:06","modified_gmt":"2026-04-03T08:13:06","slug":"carotte-potagere-en-melange","status":"publish","type":"product","link":"https:\/\/www.ernest-turc.com\/boutique\/produits\/graines\/potageres\/carottes\/carotte-potagere-en-melange\/","title":{"rendered":"Carotte potag\u00e8re en m\u00e9lange"},"content":{"rendered":"<p style=\"text-align: justify;\">M\u00e9lange de carottes color\u00e9es, douces et sucr\u00e9es qui ravira vos papilles et colorera vos assiettes ! M\u00e9lange id\u00e9al pour les r\u00e9coltes d&#8217;automne. La carotte est un l\u00e9gume incontournable du potager familial tout simplement car c&#8217;est l&#8217;un des l\u00e9gumes les plus consomm\u00e9s au monde, mais aussi car sa culture est plut\u00f4t simple. La carotte n&#8217;exige pas un sol en particulier, m\u00eame s&#8217; il est vrai que vous aurez un meilleur rendement dans un sol l\u00e9ger, sablonneux et frais. Une fois r\u00e9colt\u00e9es, les carottes se conservent assez bien dans du sable dans un endroit frais, sec et bien a\u00e9r\u00e9. Vous pouvez \u00e9galement les conserver une fois cuites au cong\u00e9lateur ou dans des bocaux st\u00e9rilis\u00e9s. En cuisine, la carotte se pr\u00e9pare de 1001 fa\u00e7ons, crues en b\u00e2tonnet pour l&#8217;ap\u00e9ritif ou r\u00e2p\u00e9es ; cuites \u00e0 l&#8217;eau ou \u00e0 la vapeur, en garniture dans des plats mijot\u00e9s comme un b\u0153uf bourguignon, en soupe, et m\u00eame en g\u00e2teau !<\/p>\n","protected":false},"excerpt":{"rendered":"<p style=\"text-align: justify;\">M\u00e9lange de carottes color\u00e9es, douces et sucr\u00e9es qui ravira vos papilles et colorera vos assiettes ! M\u00e9lange id\u00e9al pour les r\u00e9coltes d&#8217;automne. La carotte est un l\u00e9gume incontournable du potager familial tout simplement car c&#8217;est l&#8217;un des l\u00e9gumes les plus consomm\u00e9s au monde, mais aussi car sa culture est plut\u00f4t simple. La carotte n&#8217;exige pas un sol en particulier, m\u00eame s&#8217; il est vrai que vous aurez un meilleur rendement dans un sol l\u00e9ger, sablonneux et frais. Une fois r\u00e9colt\u00e9es, les carottes se conservent assez bien dans du sable dans un endroit frais, sec et bien a\u00e9r\u00e9. Vous pouvez \u00e9galement les conserver une fois cuites au cong\u00e9lateur ou dans des bocaux st\u00e9rilis\u00e9s. En cuisine, la carotte se pr\u00e9pare de 1001 fa\u00e7ons, crues en b\u00e2tonnet pour l&#8217;ap\u00e9ritif ou r\u00e2p\u00e9es ; cuites \u00e0 l&#8217;eau ou \u00e0 la vapeur, en garniture dans des plats mijot\u00e9s comme un b\u0153uf bourguignon, en soupe, et m\u00eame en g\u00e2teau !<\/p>\n","protected":false},"featured_media":6093,"template":"","meta":{"_relevanssi_hide_post":"","_relevanssi_hide_content":"","_relevanssi_pin_for_all":"","_relevanssi_pin_keywords":"","_relevanssi_unpin_keywords":"","_relevanssi_related_keywords":"","_relevanssi_related_include_ids":"","_relevanssi_related_exclude_ids":"","_relevanssi_related_no_append":"","_relevanssi_related_not_related":"","_relevanssi_related_posts":"","_relevanssi_noindex_reason":""},"product_brand":[],"product_cat":[524,221,222,1774],"product_tag":[],"class_list":{"0":"post-4550","1":"product","2":"type-product","3":"status-publish","4":"has-post-thumbnail","6":"product_cat-carottes","7":"product_cat-graines","8":"product_cat-potageres","9":"product_cat-idees-apero","10":"product_shipping_class-graines","11":"pa_conditionnement-734","12":"pa_couleur-multicolore","13":"pa_cycle-de-vie-bisannuelle","14":"pa_disponibilite-toute-lannee","15":"pa_exposition-mi-ensoleillee","16":"pa_grammage-2-g","17":"pa_hauteur-de-la-plante-40-cm","18":"pa_periode-de-recolte-floraison-novembre","19":"pa_periode-de-recolte-floraison-octobre","20":"pa_periode-de-semis-plantation-avril","21":"pa_periode-de-semis-plantation-juillet","22":"pa_periode-de-semis-plantation-juin","23":"pa_periode-de-semis-plantation-mai","24":"pa_rusticite-rustique","25":"pa_utilisation-pleine-terre","27":"first","28":"instock","29":"taxable","30":"shipping-taxable","31":"purchasable","32":"product-type-simple"},"bundled_by":[],"bundle_stock_status":"instock","bundle_stock_quantity":369,"bundle_virtual":false,"bundle_layout":"","bundle_add_to_cart_form_location":"","bundle_editable_in_cart":false,"bundle_sold_individually_context":"","bundle_item_grouping":"","bundle_min_size":"","bundle_max_size":"","bundled_items":[],"bundle_sell_ids":[],"yoast_head":"<!-- This site is optimized with the Yoast SEO Premium plugin v25.2 (Yoast SEO v27.3) - https:\/\/yoast.com\/product\/yoast-seo-premium-wordpress\/ -->\n<title>Carotte potag\u00e8re en m\u00e9lange - Ernest TURC<\/title>\n<meta name=\"description\" content=\"Colorez vos recettes avec notre m\u00e9lange de carottes ! \ud83e\udd55 A cultiver et \u00e0 d\u00e9guster sans mod\u00e9ration, fraiches ou cuites. Essayez-les !\" \/>\n<meta name=\"robots\" content=\"index, follow, max-snippet:-1, max-image-preview:large, max-video-preview:-1\" \/>\n<link rel=\"canonical\" href=\"https:\/\/www.ernest-turc.com\/boutique\/produits\/graines\/potageres\/carottes\/carotte-potagere-en-melange\/\" \/>\n<meta property=\"og:locale\" content=\"fr_FR\" \/>\n<meta property=\"og:type\" content=\"article\" \/>\n<meta property=\"og:title\" content=\"Carotte potag\u00e8re en m\u00e9lange\" \/>\n<meta property=\"og:description\" content=\"Colorez vos recettes avec notre m\u00e9lange de carottes ! \ud83e\udd55 A cultiver et \u00e0 d\u00e9guster sans mod\u00e9ration, fraiches ou cuites. Essayez-les !\" \/>\n<meta property=\"og:url\" content=\"https:\/\/www.ernest-turc.com\/boutique\/produits\/graines\/potageres\/carottes\/carotte-potagere-en-melange\/\" \/>\n<meta property=\"og:site_name\" content=\"Ernest TURC\" \/>\n<meta property=\"article:publisher\" content=\"https:\/\/www.facebook.com\/ErnestTURC49\" \/>\n<meta property=\"article:modified_time\" content=\"2026-04-03T08:13:06+00:00\" \/>\n<meta property=\"og:image\" content=\"https:\/\/www.ernest-turc.com\/boutique\/wp-content\/uploads\/2021\/01\/carotte-potagere-en-melange.jpg\" \/>\n\t<meta property=\"og:image:width\" content=\"800\" \/>\n\t<meta property=\"og:image:height\" content=\"800\" \/>\n\t<meta property=\"og:image:type\" content=\"image\/jpeg\" \/>\n<meta name=\"twitter:card\" content=\"summary_large_image\" \/>\n<meta name=\"twitter:label1\" content=\"Prix\" \/>\n\t<meta name=\"twitter:data1\" content=\"5,30&euro;TTCTTC\" \/>\n\t<meta name=\"twitter:label2\" content=\"Disponibilit\u00e9\" \/>\n\t<meta name=\"twitter:data2\" content=\"En stock\" \/>\n<script type=\"application\/ld+json\" class=\"yoast-schema-graph\">{\"@context\":\"https:\\\/\\\/schema.org\",\"@graph\":[{\"@type\":\"WebPage\",\"@id\":\"https:\\\/\\\/www.ernest-turc.com\\\/boutique\\\/produits\\\/graines\\\/potageres\\\/carottes\\\/carotte-potagere-en-melange\\\/\",\"url\":\"https:\\\/\\\/www.ernest-turc.com\\\/boutique\\\/produits\\\/graines\\\/potageres\\\/carottes\\\/carotte-potagere-en-melange\\\/\",\"name\":\"Carotte potag\u00e8re en m\u00e9lange - Ernest TURC\",\"isPartOf\":{\"@id\":\"https:\\\/\\\/www.ernest-turc.com\\\/boutique\\\/#website\"},\"primaryImageOfPage\":{\"@id\":\"https:\\\/\\\/www.ernest-turc.com\\\/boutique\\\/produits\\\/graines\\\/potageres\\\/carottes\\\/carotte-potagere-en-melange\\\/#primaryimage\"},\"image\":{\"@id\":\"https:\\\/\\\/www.ernest-turc.com\\\/boutique\\\/produits\\\/graines\\\/potageres\\\/carottes\\\/carotte-potagere-en-melange\\\/#primaryimage\"},\"thumbnailUrl\":\"https:\\\/\\\/www.ernest-turc.com\\\/boutique\\\/wp-content\\\/uploads\\\/2021\\\/01\\\/carotte-potagere-en-melange.jpg\",\"datePublished\":\"2021-03-18T08:52:38+00:00\",\"dateModified\":\"2026-04-03T08:13:06+00:00\",\"description\":\"Colorez vos recettes avec notre m\u00e9lange de carottes ! \ud83e\udd55 A cultiver et \u00e0 d\u00e9guster sans mod\u00e9ration, fraiches ou cuites. Essayez-les !\",\"breadcrumb\":{\"@id\":\"https:\\\/\\\/www.ernest-turc.com\\\/boutique\\\/produits\\\/graines\\\/potageres\\\/carottes\\\/carotte-potagere-en-melange\\\/#breadcrumb\"},\"inLanguage\":\"fr-FR\",\"potentialAction\":[{\"@type\":\"ReadAction\",\"target\":[\"https:\\\/\\\/www.ernest-turc.com\\\/boutique\\\/produits\\\/graines\\\/potageres\\\/carottes\\\/carotte-potagere-en-melange\\\/\"]}]},{\"@type\":\"ImageObject\",\"inLanguage\":\"fr-FR\",\"@id\":\"https:\\\/\\\/www.ernest-turc.com\\\/boutique\\\/produits\\\/graines\\\/potageres\\\/carottes\\\/carotte-potagere-en-melange\\\/#primaryimage\",\"url\":\"https:\\\/\\\/www.ernest-turc.com\\\/boutique\\\/wp-content\\\/uploads\\\/2021\\\/01\\\/carotte-potagere-en-melange.jpg\",\"contentUrl\":\"https:\\\/\\\/www.ernest-turc.com\\\/boutique\\\/wp-content\\\/uploads\\\/2021\\\/01\\\/carotte-potagere-en-melange.jpg\",\"width\":800,\"height\":800,\"caption\":\"Carotte potag\u00e8re en m\u00e9lange\"},{\"@type\":\"BreadcrumbList\",\"@id\":\"https:\\\/\\\/www.ernest-turc.com\\\/boutique\\\/produits\\\/graines\\\/potageres\\\/carottes\\\/carotte-potagere-en-melange\\\/#breadcrumb\",\"itemListElement\":[{\"@type\":\"ListItem\",\"position\":1,\"name\":\"Accueil\",\"item\":\"https:\\\/\\\/www.ernest-turc.com\\\/boutique\\\/\"},{\"@type\":\"ListItem\",\"position\":2,\"name\":\"Boutique\",\"item\":\"https:\\\/\\\/www.ernest-turc.fr\\\/boutique\\\/produits\\\/\"},{\"@type\":\"ListItem\",\"position\":3,\"name\":\"Carotte potag\u00e8re en m\u00e9lange\"}]},{\"@type\":\"WebSite\",\"@id\":\"https:\\\/\\\/www.ernest-turc.com\\\/boutique\\\/#website\",\"url\":\"https:\\\/\\\/www.ernest-turc.com\\\/boutique\\\/\",\"name\":\"Ernest TURC\",\"description\":\"\",\"publisher\":{\"@id\":\"https:\\\/\\\/www.ernest-turc.com\\\/boutique\\\/#organization\"},\"potentialAction\":[{\"@type\":\"SearchAction\",\"target\":{\"@type\":\"EntryPoint\",\"urlTemplate\":\"https:\\\/\\\/www.ernest-turc.com\\\/boutique\\\/?s={search_term_string}\"},\"query-input\":{\"@type\":\"PropertyValueSpecification\",\"valueRequired\":true,\"valueName\":\"search_term_string\"}}],\"inLanguage\":\"fr-FR\"},{\"@type\":\"Organization\",\"@id\":\"https:\\\/\\\/www.ernest-turc.com\\\/boutique\\\/#organization\",\"name\":\"Boutique Ernest TURC\",\"alternateName\":\"Ernest TURC\",\"url\":\"https:\\\/\\\/www.ernest-turc.com\\\/boutique\\\/\",\"logo\":{\"@type\":\"ImageObject\",\"inLanguage\":\"fr-FR\",\"@id\":\"https:\\\/\\\/www.ernest-turc.com\\\/boutique\\\/#\\\/schema\\\/logo\\\/image\\\/\",\"url\":\"https:\\\/\\\/www.ernest-turc.com\\\/boutique\\\/wp-content\\\/uploads\\\/2020\\\/10\\\/logo.png\",\"contentUrl\":\"https:\\\/\\\/www.ernest-turc.com\\\/boutique\\\/wp-content\\\/uploads\\\/2020\\\/10\\\/logo.png\",\"width\":161,\"height\":161,\"caption\":\"Boutique Ernest TURC\"},\"image\":{\"@id\":\"https:\\\/\\\/www.ernest-turc.com\\\/boutique\\\/#\\\/schema\\\/logo\\\/image\\\/\"},\"sameAs\":[\"https:\\\/\\\/www.facebook.com\\\/ErnestTURC49\",\"https:\\\/\\\/www.instagram.com\\\/ernestturc\",\"https:\\\/\\\/www.linkedin.com\\\/company\\\/ernest-turc\\\/\",\"https:\\\/\\\/www.pinterest.fr\\\/ernestturc\",\"https:\\\/\\\/www.youtube.com\\\/channel\\\/UCH3ntWhy3mdcqw9-xF6pmEQ\"]}]}<\/script>\n<meta property=\"product:price:amount\" content=\"5.30\" \/>\n<meta property=\"product:price:currency\" content=\"EUR\" \/>\n<meta property=\"og:availability\" content=\"instock\" \/>\n<meta property=\"product:availability\" content=\"instock\" \/>\n<meta property=\"product:retailer_item_id\" content=\"956817\" \/>\n<meta property=\"product:condition\" content=\"new\" \/>\n<!-- \/ Yoast SEO Premium plugin. -->","yoast_head_json":{"title":"Carotte potag\u00e8re en m\u00e9lange - Ernest TURC","description":"Colorez vos recettes avec notre m\u00e9lange de carottes ! \ud83e\udd55 A cultiver et \u00e0 d\u00e9guster sans mod\u00e9ration, fraiches ou cuites. Essayez-les !","robots":{"index":"index","follow":"follow","max-snippet":"max-snippet:-1","max-image-preview":"max-image-preview:large","max-video-preview":"max-video-preview:-1"},"canonical":"https:\/\/www.ernest-turc.com\/boutique\/produits\/graines\/potageres\/carottes\/carotte-potagere-en-melange\/","og_locale":"fr_FR","og_type":"article","og_title":"Carotte potag\u00e8re en m\u00e9lange","og_description":"Colorez vos recettes avec notre m\u00e9lange de carottes ! \ud83e\udd55 A cultiver et \u00e0 d\u00e9guster sans mod\u00e9ration, fraiches ou cuites. Essayez-les !","og_url":"https:\/\/www.ernest-turc.com\/boutique\/produits\/graines\/potageres\/carottes\/carotte-potagere-en-melange\/","og_site_name":"Ernest TURC","article_publisher":"https:\/\/www.facebook.com\/ErnestTURC49","article_modified_time":"2026-04-03T08:13:06+00:00","og_image":[{"width":800,"height":800,"url":"https:\/\/www.ernest-turc.com\/boutique\/wp-content\/uploads\/2021\/01\/carotte-potagere-en-melange.jpg","type":"image\/jpeg"}],"twitter_card":"summary_large_image","twitter_misc":{"Prix":"5,30&euro;TTCTTC","Disponibilit\u00e9":"En stock"},"schema":{"@context":"https:\/\/schema.org","@graph":[{"@type":"WebPage","@id":"https:\/\/www.ernest-turc.com\/boutique\/produits\/graines\/potageres\/carottes\/carotte-potagere-en-melange\/","url":"https:\/\/www.ernest-turc.com\/boutique\/produits\/graines\/potageres\/carottes\/carotte-potagere-en-melange\/","name":"Carotte potag\u00e8re en m\u00e9lange - Ernest TURC","isPartOf":{"@id":"https:\/\/www.ernest-turc.com\/boutique\/#website"},"primaryImageOfPage":{"@id":"https:\/\/www.ernest-turc.com\/boutique\/produits\/graines\/potageres\/carottes\/carotte-potagere-en-melange\/#primaryimage"},"image":{"@id":"https:\/\/www.ernest-turc.com\/boutique\/produits\/graines\/potageres\/carottes\/carotte-potagere-en-melange\/#primaryimage"},"thumbnailUrl":"https:\/\/www.ernest-turc.com\/boutique\/wp-content\/uploads\/2021\/01\/carotte-potagere-en-melange.jpg","datePublished":"2021-03-18T08:52:38+00:00","dateModified":"2026-04-03T08:13:06+00:00","description":"Colorez vos recettes avec notre m\u00e9lange de carottes ! \ud83e\udd55 A cultiver et \u00e0 d\u00e9guster sans mod\u00e9ration, fraiches ou cuites. Essayez-les !","breadcrumb":{"@id":"https:\/\/www.ernest-turc.com\/boutique\/produits\/graines\/potageres\/carottes\/carotte-potagere-en-melange\/#breadcrumb"},"inLanguage":"fr-FR","potentialAction":[{"@type":"ReadAction","target":["https:\/\/www.ernest-turc.com\/boutique\/produits\/graines\/potageres\/carottes\/carotte-potagere-en-melange\/"]}]},{"@type":"ImageObject","inLanguage":"fr-FR","@id":"https:\/\/www.ernest-turc.com\/boutique\/produits\/graines\/potageres\/carottes\/carotte-potagere-en-melange\/#primaryimage","url":"https:\/\/www.ernest-turc.com\/boutique\/wp-content\/uploads\/2021\/01\/carotte-potagere-en-melange.jpg","contentUrl":"https:\/\/www.ernest-turc.com\/boutique\/wp-content\/uploads\/2021\/01\/carotte-potagere-en-melange.jpg","width":800,"height":800,"caption":"Carotte potag\u00e8re en m\u00e9lange"},{"@type":"BreadcrumbList","@id":"https:\/\/www.ernest-turc.com\/boutique\/produits\/graines\/potageres\/carottes\/carotte-potagere-en-melange\/#breadcrumb","itemListElement":[{"@type":"ListItem","position":1,"name":"Accueil","item":"https:\/\/www.ernest-turc.com\/boutique\/"},{"@type":"ListItem","position":2,"name":"Boutique","item":"https:\/\/www.ernest-turc.fr\/boutique\/produits\/"},{"@type":"ListItem","position":3,"name":"Carotte potag\u00e8re en m\u00e9lange"}]},{"@type":"WebSite","@id":"https:\/\/www.ernest-turc.com\/boutique\/#website","url":"https:\/\/www.ernest-turc.com\/boutique\/","name":"Ernest TURC","description":"","publisher":{"@id":"https:\/\/www.ernest-turc.com\/boutique\/#organization"},"potentialAction":[{"@type":"SearchAction","target":{"@type":"EntryPoint","urlTemplate":"https:\/\/www.ernest-turc.com\/boutique\/?s={search_term_string}"},"query-input":{"@type":"PropertyValueSpecification","valueRequired":true,"valueName":"search_term_string"}}],"inLanguage":"fr-FR"},{"@type":"Organization","@id":"https:\/\/www.ernest-turc.com\/boutique\/#organization","name":"Boutique Ernest TURC","alternateName":"Ernest TURC","url":"https:\/\/www.ernest-turc.com\/boutique\/","logo":{"@type":"ImageObject","inLanguage":"fr-FR","@id":"https:\/\/www.ernest-turc.com\/boutique\/#\/schema\/logo\/image\/","url":"https:\/\/www.ernest-turc.com\/boutique\/wp-content\/uploads\/2020\/10\/logo.png","contentUrl":"https:\/\/www.ernest-turc.com\/boutique\/wp-content\/uploads\/2020\/10\/logo.png","width":161,"height":161,"caption":"Boutique Ernest TURC"},"image":{"@id":"https:\/\/www.ernest-turc.com\/boutique\/#\/schema\/logo\/image\/"},"sameAs":["https:\/\/www.facebook.com\/ErnestTURC49","https:\/\/www.instagram.com\/ernestturc","https:\/\/www.linkedin.com\/company\/ernest-turc\/","https:\/\/www.pinterest.fr\/ernestturc","https:\/\/www.youtube.com\/channel\/UCH3ntWhy3mdcqw9-xF6pmEQ"]}]},"product_price_amount":"5.30","product_price_currency":"EUR","og_availability":"instock","product_availability":"instock","product_retailer_item_id":"956817","product_condition":"new"},"_links":{"self":[{"href":"https:\/\/www.ernest-turc.com\/boutique\/wp-json\/wp\/v2\/product\/4550","targetHints":{"allow":["GET"]}}],"collection":[{"href":"https:\/\/www.ernest-turc.com\/boutique\/wp-json\/wp\/v2\/product"}],"about":[{"href":"https:\/\/www.ernest-turc.com\/boutique\/wp-json\/wp\/v2\/types\/product"}],"wp:featuredmedia":[{"embeddable":true,"href":"https:\/\/www.ernest-turc.com\/boutique\/wp-json\/wp\/v2\/media\/6093"}],"wp:attachment":[{"href":"https:\/\/www.ernest-turc.com\/boutique\/wp-json\/wp\/v2\/media?parent=4550"}],"wp:term":[{"taxonomy":"product_brand","embeddable":true,"href":"https:\/\/www.ernest-turc.com\/boutique\/wp-json\/wp\/v2\/product_brand?post=4550"},{"taxonomy":"product_cat","embeddable":true,"href":"https:\/\/www.ernest-turc.com\/boutique\/wp-json\/wp\/v2\/product_cat?post=4550"},{"taxonomy":"product_tag","embeddable":true,"href":"https:\/\/www.ernest-turc.com\/boutique\/wp-json\/wp\/v2\/product_tag?post=4550"}],"curies":[{"name":"wp","href":"https:\/\/api.w.org\/{rel}","templated":true}]}}