{"id":4548,"date":"2021-03-18T08:52:18","date_gmt":"2021-03-18T08:52:18","guid":{"rendered":"https:\/\/www.ernest-turc.com\/boutique\/boutique\/carotte-potagere-touchon\/"},"modified":"2026-04-03T08:12:11","modified_gmt":"2026-04-03T08:12:11","slug":"carotte-potagere-touchon","status":"publish","type":"product","link":"https:\/\/www.ernest-turc.com\/boutique\/produits\/graines\/potageres\/carottes\/carotte-potagere-touchon\/","title":{"rendered":"Carotte potag\u00e8re Touchon"},"content":{"rendered":"<p style=\"text-align: justify\">La carotte Touchon est une tr\u00e8s ancienne vari\u00e9t\u00e9 fran\u00e7aise tr\u00e8s productive, \u00e0 racine demies longue, cylindrique et \u00e0 bout arrondis. Tr\u00e8s pr\u00e9coce, elle est recommand\u00e9e pour les tout premiers semis de printemps. Elle est r\u00e9put\u00e9e pour sa chair tendre et craquante, et son go\u00fbt fin et sucr\u00e9e. La carotte est un l\u00e9gume incontournable du potager familial tout simplement car c&#8217;est l&#8217;un des l\u00e9gumes les plus consomm\u00e9s au monde, mais aussi car sa culture est plut\u00f4t simple. La carotte n&#8217;exige pas un sol en particulier, m\u00eame s&#8217; il est vrai que vous aurez un meilleur rendement dans un sol l\u00e9ger, sablonneux et frais. Une fois r\u00e9colt\u00e9es, les carottes se conservent assez bien dans du sable dans un endroit frais, sec et bien a\u00e9r\u00e9. Vous pouvez \u00e9galement les conserver une fois cuites au cong\u00e9lateur ou dans des bocaux st\u00e9rilis\u00e9s. En cuisine, la carotte se pr\u00e9pare de 1001 fa\u00e7ons, crues en b\u00e2tonnet pour l&#8217;ap\u00e9ritif ou r\u00e2p\u00e9es ; cuites \u00e0 l&#8217;eau ou \u00e0 la vapeur, en garniture dans des plats mijot\u00e9s comme un b\u0153uf bourguignon, en soupe, et m\u00eame en g\u00e2teau !<\/p>\n","protected":false},"excerpt":{"rendered":"<p style=\"text-align: justify\">La carotte Touchon est une tr\u00e8s ancienne vari\u00e9t\u00e9 fran\u00e7aise tr\u00e8s productive, \u00e0 racine demies longue, cylindrique et \u00e0 bout arrondis. Tr\u00e8s pr\u00e9coce, elle est recommand\u00e9e pour les tout premiers semis de printemps. Elle est r\u00e9put\u00e9e pour sa chair tendre et craquante, et son go\u00fbt fin et sucr\u00e9e. La carotte est un l\u00e9gume incontournable du potager familial tout simplement car c&#8217;est l&#8217;un des l\u00e9gumes les plus consomm\u00e9s au monde, mais aussi car sa culture est plut\u00f4t simple. La carotte n&#8217;exige pas un sol en particulier, m\u00eame s&#8217; il est vrai que vous aurez un meilleur rendement dans un sol l\u00e9ger, sablonneux et frais. Une fois r\u00e9colt\u00e9es, les carottes se conservent assez bien dans du sable dans un endroit frais, sec et bien a\u00e9r\u00e9. Vous pouvez \u00e9galement les conserver une fois cuites au cong\u00e9lateur ou dans des bocaux st\u00e9rilis\u00e9s. En cuisine, la carotte se pr\u00e9pare de 1001 fa\u00e7ons, crues en b\u00e2tonnet pour l&#8217;ap\u00e9ritif ou r\u00e2p\u00e9es ; cuites \u00e0 l&#8217;eau ou \u00e0 la vapeur, en garniture dans des plats mijot\u00e9s comme un b\u0153uf bourguignon, en soupe, et m\u00eame en g\u00e2teau !<\/p>\n","protected":false},"featured_media":6090,"template":"","meta":{"_relevanssi_hide_post":"","_relevanssi_hide_content":"","_relevanssi_pin_for_all":"","_relevanssi_pin_keywords":"","_relevanssi_unpin_keywords":"","_relevanssi_related_keywords":"","_relevanssi_related_include_ids":"","_relevanssi_related_exclude_ids":"","_relevanssi_related_no_append":"","_relevanssi_related_not_related":"","_relevanssi_related_posts":"","_relevanssi_noindex_reason":""},"product_brand":[],"product_cat":[524,221,222,2421],"product_tag":[],"class_list":{"0":"post-4548","1":"product","2":"type-product","3":"status-publish","4":"has-post-thumbnail","6":"product_cat-carottes","7":"product_cat-graines","8":"product_cat-potageres","9":"product_cat-legumes-orange","10":"product_shipping_class-graines","11":"pa_conditionnement-734","12":"pa_couleur-orange","13":"pa_cycle-de-vie-bisannuelle","14":"pa_disponibilite-toute-lannee","15":"pa_exposition-mi-ensoleillee","16":"pa_grammage-5-g","17":"pa_hauteur-de-la-plante-40-cm","18":"pa_periode-de-recolte-floraison-aout","19":"pa_periode-de-recolte-floraison-juillet","20":"pa_periode-de-recolte-floraison-juin","21":"pa_periode-de-recolte-floraison-octobre","22":"pa_periode-de-recolte-floraison-septembre","23":"pa_periode-de-semis-plantation-avril","24":"pa_periode-de-semis-plantation-juillet","25":"pa_periode-de-semis-plantation-juin","26":"pa_periode-de-semis-plantation-mai","27":"pa_periode-de-semis-plantation-mars","28":"pa_rusticite-rustique","29":"pa_utilisation-pleine-terre","31":"first","32":"instock","33":"taxable","34":"shipping-taxable","35":"purchasable","36":"product-type-simple"},"bundled_by":["30822"],"bundle_stock_status":"instock","bundle_stock_quantity":890,"bundle_virtual":false,"bundle_layout":"","bundle_add_to_cart_form_location":"","bundle_editable_in_cart":false,"bundle_sold_individually_context":"","bundle_item_grouping":"","bundle_min_size":"","bundle_max_size":"","bundled_items":[],"bundle_sell_ids":[],"yoast_head":"<!-- This site is optimized with the Yoast SEO Premium plugin v25.2 (Yoast SEO v27.3) - https:\/\/yoast.com\/product\/yoast-seo-premium-wordpress\/ -->\n<title>Carotte potag\u00e8re Touchon - Ernest TURC<\/title>\n<meta name=\"description\" content=\"Carotte potag\u00e8re Touchon \u00e0 acheter en ligne avec Ernest Turc, producteur de bulbes et de graines. D\u00e9couvrez notre s\u00e9lection de Carottes pour sublimer vos jardins.\" \/>\n<meta name=\"robots\" content=\"index, follow, max-snippet:-1, max-image-preview:large, max-video-preview:-1\" \/>\n<link rel=\"canonical\" href=\"https:\/\/www.ernest-turc.com\/boutique\/produits\/graines\/potageres\/carottes\/carotte-potagere-touchon\/\" \/>\n<meta property=\"og:locale\" content=\"fr_FR\" \/>\n<meta property=\"og:type\" content=\"article\" \/>\n<meta property=\"og:title\" content=\"Carotte potag\u00e8re Touchon\" \/>\n<meta property=\"og:description\" content=\"Carotte potag\u00e8re Touchon \u00e0 acheter en ligne avec Ernest Turc, producteur de bulbes et de graines. D\u00e9couvrez notre s\u00e9lection de Carottes pour sublimer vos jardins.\" \/>\n<meta property=\"og:url\" content=\"https:\/\/www.ernest-turc.com\/boutique\/produits\/graines\/potageres\/carottes\/carotte-potagere-touchon\/\" \/>\n<meta property=\"og:site_name\" content=\"Ernest TURC\" \/>\n<meta property=\"article:publisher\" content=\"https:\/\/www.facebook.com\/ErnestTURC49\" \/>\n<meta property=\"article:modified_time\" content=\"2026-04-03T08:12:11+00:00\" \/>\n<meta property=\"og:image\" content=\"https:\/\/www.ernest-turc.com\/boutique\/wp-content\/uploads\/2021\/01\/carotte-potagere-touchon.jpg\" \/>\n\t<meta property=\"og:image:width\" content=\"800\" \/>\n\t<meta property=\"og:image:height\" content=\"800\" \/>\n\t<meta property=\"og:image:type\" content=\"image\/jpeg\" \/>\n<meta name=\"twitter:card\" content=\"summary_large_image\" \/>\n<meta name=\"twitter:label1\" content=\"Prix\" \/>\n\t<meta name=\"twitter:data1\" content=\"2,99&euro;TTCTTC\" \/>\n\t<meta name=\"twitter:label2\" content=\"Disponibilit\u00e9\" \/>\n\t<meta name=\"twitter:data2\" content=\"En stock\" \/>\n<script type=\"application\/ld+json\" class=\"yoast-schema-graph\">{\"@context\":\"https:\\\/\\\/schema.org\",\"@graph\":[{\"@type\":\"WebPage\",\"@id\":\"https:\\\/\\\/www.ernest-turc.com\\\/boutique\\\/produits\\\/graines\\\/potageres\\\/carottes\\\/carotte-potagere-touchon\\\/\",\"url\":\"https:\\\/\\\/www.ernest-turc.com\\\/boutique\\\/produits\\\/graines\\\/potageres\\\/carottes\\\/carotte-potagere-touchon\\\/\",\"name\":\"Carotte potag\u00e8re Touchon - Ernest TURC\",\"isPartOf\":{\"@id\":\"https:\\\/\\\/www.ernest-turc.com\\\/boutique\\\/#website\"},\"primaryImageOfPage\":{\"@id\":\"https:\\\/\\\/www.ernest-turc.com\\\/boutique\\\/produits\\\/graines\\\/potageres\\\/carottes\\\/carotte-potagere-touchon\\\/#primaryimage\"},\"image\":{\"@id\":\"https:\\\/\\\/www.ernest-turc.com\\\/boutique\\\/produits\\\/graines\\\/potageres\\\/carottes\\\/carotte-potagere-touchon\\\/#primaryimage\"},\"thumbnailUrl\":\"https:\\\/\\\/www.ernest-turc.com\\\/boutique\\\/wp-content\\\/uploads\\\/2021\\\/01\\\/carotte-potagere-touchon.jpg\",\"datePublished\":\"2021-03-18T08:52:18+00:00\",\"dateModified\":\"2026-04-03T08:12:11+00:00\",\"description\":\"Carotte potag\u00e8re Touchon \u00e0 acheter en ligne avec Ernest Turc, producteur de bulbes et de graines. D\u00e9couvrez notre s\u00e9lection de Carottes pour sublimer vos jardins.\",\"breadcrumb\":{\"@id\":\"https:\\\/\\\/www.ernest-turc.com\\\/boutique\\\/produits\\\/graines\\\/potageres\\\/carottes\\\/carotte-potagere-touchon\\\/#breadcrumb\"},\"inLanguage\":\"fr-FR\",\"potentialAction\":[{\"@type\":\"ReadAction\",\"target\":[\"https:\\\/\\\/www.ernest-turc.com\\\/boutique\\\/produits\\\/graines\\\/potageres\\\/carottes\\\/carotte-potagere-touchon\\\/\"]}]},{\"@type\":\"ImageObject\",\"inLanguage\":\"fr-FR\",\"@id\":\"https:\\\/\\\/www.ernest-turc.com\\\/boutique\\\/produits\\\/graines\\\/potageres\\\/carottes\\\/carotte-potagere-touchon\\\/#primaryimage\",\"url\":\"https:\\\/\\\/www.ernest-turc.com\\\/boutique\\\/wp-content\\\/uploads\\\/2021\\\/01\\\/carotte-potagere-touchon.jpg\",\"contentUrl\":\"https:\\\/\\\/www.ernest-turc.com\\\/boutique\\\/wp-content\\\/uploads\\\/2021\\\/01\\\/carotte-potagere-touchon.jpg\",\"width\":800,\"height\":800,\"caption\":\"Carotte potag\u00e8re Touchon\"},{\"@type\":\"BreadcrumbList\",\"@id\":\"https:\\\/\\\/www.ernest-turc.com\\\/boutique\\\/produits\\\/graines\\\/potageres\\\/carottes\\\/carotte-potagere-touchon\\\/#breadcrumb\",\"itemListElement\":[{\"@type\":\"ListItem\",\"position\":1,\"name\":\"Accueil\",\"item\":\"https:\\\/\\\/www.ernest-turc.com\\\/boutique\\\/\"},{\"@type\":\"ListItem\",\"position\":2,\"name\":\"Boutique\",\"item\":\"https:\\\/\\\/www.ernest-turc.fr\\\/boutique\\\/produits\\\/\"},{\"@type\":\"ListItem\",\"position\":3,\"name\":\"Carotte potag\u00e8re Touchon\"}]},{\"@type\":\"WebSite\",\"@id\":\"https:\\\/\\\/www.ernest-turc.com\\\/boutique\\\/#website\",\"url\":\"https:\\\/\\\/www.ernest-turc.com\\\/boutique\\\/\",\"name\":\"Ernest TURC\",\"description\":\"\",\"publisher\":{\"@id\":\"https:\\\/\\\/www.ernest-turc.com\\\/boutique\\\/#organization\"},\"potentialAction\":[{\"@type\":\"SearchAction\",\"target\":{\"@type\":\"EntryPoint\",\"urlTemplate\":\"https:\\\/\\\/www.ernest-turc.com\\\/boutique\\\/?s={search_term_string}\"},\"query-input\":{\"@type\":\"PropertyValueSpecification\",\"valueRequired\":true,\"valueName\":\"search_term_string\"}}],\"inLanguage\":\"fr-FR\"},{\"@type\":\"Organization\",\"@id\":\"https:\\\/\\\/www.ernest-turc.com\\\/boutique\\\/#organization\",\"name\":\"Boutique Ernest TURC\",\"alternateName\":\"Ernest TURC\",\"url\":\"https:\\\/\\\/www.ernest-turc.com\\\/boutique\\\/\",\"logo\":{\"@type\":\"ImageObject\",\"inLanguage\":\"fr-FR\",\"@id\":\"https:\\\/\\\/www.ernest-turc.com\\\/boutique\\\/#\\\/schema\\\/logo\\\/image\\\/\",\"url\":\"https:\\\/\\\/www.ernest-turc.com\\\/boutique\\\/wp-content\\\/uploads\\\/2020\\\/10\\\/logo.png\",\"contentUrl\":\"https:\\\/\\\/www.ernest-turc.com\\\/boutique\\\/wp-content\\\/uploads\\\/2020\\\/10\\\/logo.png\",\"width\":161,\"height\":161,\"caption\":\"Boutique Ernest TURC\"},\"image\":{\"@id\":\"https:\\\/\\\/www.ernest-turc.com\\\/boutique\\\/#\\\/schema\\\/logo\\\/image\\\/\"},\"sameAs\":[\"https:\\\/\\\/www.facebook.com\\\/ErnestTURC49\",\"https:\\\/\\\/www.instagram.com\\\/ernestturc\",\"https:\\\/\\\/www.linkedin.com\\\/company\\\/ernest-turc\\\/\",\"https:\\\/\\\/www.pinterest.fr\\\/ernestturc\",\"https:\\\/\\\/www.youtube.com\\\/channel\\\/UCH3ntWhy3mdcqw9-xF6pmEQ\"]}]}<\/script>\n<meta property=\"product:price:amount\" content=\"2.99\" \/>\n<meta property=\"product:price:currency\" content=\"EUR\" \/>\n<meta property=\"og:availability\" content=\"instock\" \/>\n<meta property=\"product:availability\" content=\"instock\" \/>\n<meta property=\"product:retailer_item_id\" content=\"956816\" \/>\n<meta property=\"product:condition\" content=\"new\" \/>\n<!-- \/ Yoast SEO Premium plugin. -->","yoast_head_json":{"title":"Carotte potag\u00e8re Touchon - Ernest TURC","description":"Carotte potag\u00e8re Touchon \u00e0 acheter en ligne avec Ernest Turc, producteur de bulbes et de graines. D\u00e9couvrez notre s\u00e9lection de Carottes pour sublimer vos jardins.","robots":{"index":"index","follow":"follow","max-snippet":"max-snippet:-1","max-image-preview":"max-image-preview:large","max-video-preview":"max-video-preview:-1"},"canonical":"https:\/\/www.ernest-turc.com\/boutique\/produits\/graines\/potageres\/carottes\/carotte-potagere-touchon\/","og_locale":"fr_FR","og_type":"article","og_title":"Carotte potag\u00e8re Touchon","og_description":"Carotte potag\u00e8re Touchon \u00e0 acheter en ligne avec Ernest Turc, producteur de bulbes et de graines. D\u00e9couvrez notre s\u00e9lection de Carottes pour sublimer vos jardins.","og_url":"https:\/\/www.ernest-turc.com\/boutique\/produits\/graines\/potageres\/carottes\/carotte-potagere-touchon\/","og_site_name":"Ernest TURC","article_publisher":"https:\/\/www.facebook.com\/ErnestTURC49","article_modified_time":"2026-04-03T08:12:11+00:00","og_image":[{"width":800,"height":800,"url":"https:\/\/www.ernest-turc.com\/boutique\/wp-content\/uploads\/2021\/01\/carotte-potagere-touchon.jpg","type":"image\/jpeg"}],"twitter_card":"summary_large_image","twitter_misc":{"Prix":"2,99&euro;TTCTTC","Disponibilit\u00e9":"En stock"},"schema":{"@context":"https:\/\/schema.org","@graph":[{"@type":"WebPage","@id":"https:\/\/www.ernest-turc.com\/boutique\/produits\/graines\/potageres\/carottes\/carotte-potagere-touchon\/","url":"https:\/\/www.ernest-turc.com\/boutique\/produits\/graines\/potageres\/carottes\/carotte-potagere-touchon\/","name":"Carotte potag\u00e8re Touchon - Ernest TURC","isPartOf":{"@id":"https:\/\/www.ernest-turc.com\/boutique\/#website"},"primaryImageOfPage":{"@id":"https:\/\/www.ernest-turc.com\/boutique\/produits\/graines\/potageres\/carottes\/carotte-potagere-touchon\/#primaryimage"},"image":{"@id":"https:\/\/www.ernest-turc.com\/boutique\/produits\/graines\/potageres\/carottes\/carotte-potagere-touchon\/#primaryimage"},"thumbnailUrl":"https:\/\/www.ernest-turc.com\/boutique\/wp-content\/uploads\/2021\/01\/carotte-potagere-touchon.jpg","datePublished":"2021-03-18T08:52:18+00:00","dateModified":"2026-04-03T08:12:11+00:00","description":"Carotte potag\u00e8re Touchon \u00e0 acheter en ligne avec Ernest Turc, producteur de bulbes et de graines. D\u00e9couvrez notre s\u00e9lection de Carottes pour sublimer vos jardins.","breadcrumb":{"@id":"https:\/\/www.ernest-turc.com\/boutique\/produits\/graines\/potageres\/carottes\/carotte-potagere-touchon\/#breadcrumb"},"inLanguage":"fr-FR","potentialAction":[{"@type":"ReadAction","target":["https:\/\/www.ernest-turc.com\/boutique\/produits\/graines\/potageres\/carottes\/carotte-potagere-touchon\/"]}]},{"@type":"ImageObject","inLanguage":"fr-FR","@id":"https:\/\/www.ernest-turc.com\/boutique\/produits\/graines\/potageres\/carottes\/carotte-potagere-touchon\/#primaryimage","url":"https:\/\/www.ernest-turc.com\/boutique\/wp-content\/uploads\/2021\/01\/carotte-potagere-touchon.jpg","contentUrl":"https:\/\/www.ernest-turc.com\/boutique\/wp-content\/uploads\/2021\/01\/carotte-potagere-touchon.jpg","width":800,"height":800,"caption":"Carotte potag\u00e8re Touchon"},{"@type":"BreadcrumbList","@id":"https:\/\/www.ernest-turc.com\/boutique\/produits\/graines\/potageres\/carottes\/carotte-potagere-touchon\/#breadcrumb","itemListElement":[{"@type":"ListItem","position":1,"name":"Accueil","item":"https:\/\/www.ernest-turc.com\/boutique\/"},{"@type":"ListItem","position":2,"name":"Boutique","item":"https:\/\/www.ernest-turc.fr\/boutique\/produits\/"},{"@type":"ListItem","position":3,"name":"Carotte potag\u00e8re Touchon"}]},{"@type":"WebSite","@id":"https:\/\/www.ernest-turc.com\/boutique\/#website","url":"https:\/\/www.ernest-turc.com\/boutique\/","name":"Ernest TURC","description":"","publisher":{"@id":"https:\/\/www.ernest-turc.com\/boutique\/#organization"},"potentialAction":[{"@type":"SearchAction","target":{"@type":"EntryPoint","urlTemplate":"https:\/\/www.ernest-turc.com\/boutique\/?s={search_term_string}"},"query-input":{"@type":"PropertyValueSpecification","valueRequired":true,"valueName":"search_term_string"}}],"inLanguage":"fr-FR"},{"@type":"Organization","@id":"https:\/\/www.ernest-turc.com\/boutique\/#organization","name":"Boutique Ernest TURC","alternateName":"Ernest TURC","url":"https:\/\/www.ernest-turc.com\/boutique\/","logo":{"@type":"ImageObject","inLanguage":"fr-FR","@id":"https:\/\/www.ernest-turc.com\/boutique\/#\/schema\/logo\/image\/","url":"https:\/\/www.ernest-turc.com\/boutique\/wp-content\/uploads\/2020\/10\/logo.png","contentUrl":"https:\/\/www.ernest-turc.com\/boutique\/wp-content\/uploads\/2020\/10\/logo.png","width":161,"height":161,"caption":"Boutique Ernest TURC"},"image":{"@id":"https:\/\/www.ernest-turc.com\/boutique\/#\/schema\/logo\/image\/"},"sameAs":["https:\/\/www.facebook.com\/ErnestTURC49","https:\/\/www.instagram.com\/ernestturc","https:\/\/www.linkedin.com\/company\/ernest-turc\/","https:\/\/www.pinterest.fr\/ernestturc","https:\/\/www.youtube.com\/channel\/UCH3ntWhy3mdcqw9-xF6pmEQ"]}]},"product_price_amount":"2.99","product_price_currency":"EUR","og_availability":"instock","product_availability":"instock","product_retailer_item_id":"956816","product_condition":"new"},"_links":{"self":[{"href":"https:\/\/www.ernest-turc.com\/boutique\/wp-json\/wp\/v2\/product\/4548","targetHints":{"allow":["GET"]}}],"collection":[{"href":"https:\/\/www.ernest-turc.com\/boutique\/wp-json\/wp\/v2\/product"}],"about":[{"href":"https:\/\/www.ernest-turc.com\/boutique\/wp-json\/wp\/v2\/types\/product"}],"wp:featuredmedia":[{"embeddable":true,"href":"https:\/\/www.ernest-turc.com\/boutique\/wp-json\/wp\/v2\/media\/6090"}],"wp:attachment":[{"href":"https:\/\/www.ernest-turc.com\/boutique\/wp-json\/wp\/v2\/media?parent=4548"}],"wp:term":[{"taxonomy":"product_brand","embeddable":true,"href":"https:\/\/www.ernest-turc.com\/boutique\/wp-json\/wp\/v2\/product_brand?post=4548"},{"taxonomy":"product_cat","embeddable":true,"href":"https:\/\/www.ernest-turc.com\/boutique\/wp-json\/wp\/v2\/product_cat?post=4548"},{"taxonomy":"product_tag","embeddable":true,"href":"https:\/\/www.ernest-turc.com\/boutique\/wp-json\/wp\/v2\/product_tag?post=4548"}],"curies":[{"name":"wp","href":"https:\/\/api.w.org\/{rel}","templated":true}]}}