{"id":4530,"date":"2021-03-18T08:50:56","date_gmt":"2021-03-18T08:50:56","guid":{"rendered":"https:\/\/www.ernest-turc.com\/boutique\/boutique\/carotte-potagere-amsterdam-2-bio\/"},"modified":"2026-04-15T07:17:47","modified_gmt":"2026-04-15T07:17:47","slug":"carotte-potagere-amsterdam-2-bio","status":"publish","type":"product","link":"https:\/\/www.ernest-turc.com\/boutique\/produits\/graines\/potageres\/carottes\/carotte-potagere-amsterdam-2-bio\/","title":{"rendered":"Carotte Potagere Amsterdam 2 bio"},"content":{"rendered":"<p style=\"text-align: justify\">La carotte Amsterdam 2 est une vari\u00e9t\u00e9 produisant une racine longue et mince de forme cylindrique, parfaitement adapt\u00e9e \u00e0 la production h\u00e2tive de pleine terre. Vous pouvez la semer directement en pleine terre \u00e0 partir du mois de f\u00e9vrier dans les r\u00e9gions les plus cl\u00e9mentes. Cette vari\u00e9t\u00e9 convient \u00e9galement \u00e0 la culture sous abri ou tunnel pour l\u2019automne. Sa chair rouge orang\u00e9 ne forme pas de c\u0153ur dur. Ajoutez \u00e0 cela une chair juteuse, tendre \u00e0 la saveur sucr\u00e9e et tr\u00e8s aromatique, en voil\u00e0 une carotte dot\u00e9e d&#8217;une excellente qualit\u00e9 gustative. La carotte est un l\u00e9gume incontournable du potager familial tout simplement car c&#8217;est l&#8217;un des l\u00e9gumes les plus consomm\u00e9s au monde, mais aussi car sa culture est plut\u00f4t simple. La carotte n&#8217;exige pas un sol en particulier, m\u00eame s&#8217; il est vrai que vous aurez un meilleur rendement dans un sol l\u00e9ger, sablonneux et frais. Une fois r\u00e9colt\u00e9es, les carottes se conservent assez bien dans du sable dans un endroit frais, sec et bien a\u00e9r\u00e9. Vous pouvez \u00e9galement les conserver une fois cuites au cong\u00e9lateur ou dans des bocaux st\u00e9rilis\u00e9s. En cuisine, la carotte se pr\u00e9pare de 1001 fa\u00e7ons, crues en b\u00e2tonnet pour l&#8217;ap\u00e9ritif ou r\u00e2p\u00e9es ; cuites \u00e0 l&#8217;eau ou \u00e0 la vapeur, en garniture dans des plats mijot\u00e9s comme un b\u0153uf bourguignon, et m\u00eame en g\u00e2teau !<\/p>\n","protected":false},"excerpt":{"rendered":"<p style=\"text-align: justify\">La carotte Amsterdam 2 est une vari\u00e9t\u00e9 produisant une racine longue et mince de forme cylindrique, parfaitement adapt\u00e9e \u00e0 la production h\u00e2tive de pleine terre. Vous pouvez la semer directement en pleine terre \u00e0 partir du mois de f\u00e9vrier dans les r\u00e9gions les plus cl\u00e9mentes. Cette vari\u00e9t\u00e9 convient \u00e9galement \u00e0 la culture sous abri ou tunnel pour l\u2019automne. Sa chair rouge orang\u00e9 ne forme pas de c\u0153ur dur. Ajoutez \u00e0 cela une chair juteuse, tendre \u00e0 la saveur sucr\u00e9e et tr\u00e8s aromatique, en voil\u00e0 une carotte dot\u00e9e d&#8217;une excellente qualit\u00e9 gustative. La carotte est un l\u00e9gume incontournable du potager familial tout simplement car c&#8217;est l&#8217;un des l\u00e9gumes les plus consomm\u00e9s au monde, mais aussi car sa culture est plut\u00f4t simple. La carotte n&#8217;exige pas un sol en particulier, m\u00eame s&#8217; il est vrai que vous aurez un meilleur rendement dans un sol l\u00e9ger, sablonneux et frais. Une fois r\u00e9colt\u00e9es, les carottes se conservent assez bien dans du sable dans un endroit frais, sec et bien a\u00e9r\u00e9. Vous pouvez \u00e9galement les conserver une fois cuites au cong\u00e9lateur ou dans des bocaux st\u00e9rilis\u00e9s. En cuisine, la carotte se pr\u00e9pare de 1001 fa\u00e7ons, crues en b\u00e2tonnet pour l&#8217;ap\u00e9ritif ou r\u00e2p\u00e9es ; cuites \u00e0 l&#8217;eau ou \u00e0 la vapeur, en garniture dans des plats mijot\u00e9s comme un b\u0153uf bourguignon, et m\u00eame en g\u00e2teau !<\/p>\n","protected":false},"featured_media":6069,"template":"","meta":{"_relevanssi_hide_post":"","_relevanssi_hide_content":"","_relevanssi_pin_for_all":"","_relevanssi_pin_keywords":"","_relevanssi_unpin_keywords":"","_relevanssi_related_keywords":"","_relevanssi_related_include_ids":"","_relevanssi_related_exclude_ids":"","_relevanssi_related_no_append":"","_relevanssi_related_not_related":"","_relevanssi_related_posts":"","_relevanssi_noindex_reason":""},"product_brand":[],"product_cat":[225,524,1600,221,1624,222,557,2421],"product_tag":[],"class_list":{"0":"post-4530","1":"product","2":"type-product","3":"status-publish","4":"has-post-thumbnail","6":"product_cat-bio","7":"product_cat-carottes","8":"product_cat-carotte","9":"product_cat-graines","10":"product_cat-semences","11":"product_cat-potageres","12":"product_cat-graines-potageres","13":"product_cat-legumes-orange","14":"product_shipping_class-graines","15":"pa_bio-logo-ab-oui","16":"pa_conditionnement-734","17":"pa_couleur-orange","18":"pa_coup-de-coeur-oui","19":"pa_cycle-de-vie-bisannuelle","20":"pa_disponibilite-toute-lannee","21":"pa_exposition-ensoleillee","22":"pa_grammage-2-g","23":"pa_hauteur-de-la-plante-40-cm","24":"pa_periode-de-recolte-floraison-aout","25":"pa_periode-de-recolte-floraison-juillet","26":"pa_periode-de-recolte-floraison-novembre","27":"pa_periode-de-recolte-floraison-octobre","28":"pa_periode-de-recolte-floraison-septembre","29":"pa_periode-de-semis-plantation-avril","30":"pa_periode-de-semis-plantation-juillet","31":"pa_periode-de-semis-plantation-juin","32":"pa_periode-de-semis-plantation-mai","33":"pa_rusticite-rustique","34":"pa_utilisation-pleine-terre","36":"first","37":"instock","38":"taxable","39":"shipping-taxable","40":"purchasable","41":"product-type-simple"},"bundled_by":[],"bundle_stock_status":"instock","bundle_stock_quantity":142,"bundle_virtual":false,"bundle_layout":"","bundle_add_to_cart_form_location":"","bundle_editable_in_cart":false,"bundle_sold_individually_context":"","bundle_item_grouping":"","bundle_min_size":"","bundle_max_size":"","bundled_items":[],"bundle_sell_ids":[],"yoast_head":"<!-- This site is optimized with the Yoast SEO Premium plugin v25.2 (Yoast SEO v27.4) - https:\/\/yoast.com\/product\/yoast-seo-premium-wordpress\/ -->\n<title>Carotte Potagere Amsterdam 2 bio - Ernest TURC<\/title>\n<meta name=\"description\" content=\"Carotte Potagere Amsterdam 2 bio \u00e0 acheter en ligne avec Ernest Turc, producteur de bulbes et de graines. D\u00e9couvrez notre s\u00e9lection de Carottes pour sublimer vos jardins.\" \/>\n<meta name=\"robots\" content=\"index, follow, max-snippet:-1, max-image-preview:large, max-video-preview:-1\" \/>\n<link rel=\"canonical\" href=\"https:\/\/www.ernest-turc.com\/boutique\/produits\/graines\/potageres\/carottes\/carotte-potagere-amsterdam-2-bio\/\" \/>\n<meta property=\"og:locale\" content=\"fr_FR\" \/>\n<meta property=\"og:type\" content=\"article\" \/>\n<meta property=\"og:title\" content=\"Carotte Potagere Amsterdam 2 bio\" \/>\n<meta property=\"og:description\" content=\"Carotte Potagere Amsterdam 2 bio \u00e0 acheter en ligne avec Ernest Turc, producteur de bulbes et de graines. D\u00e9couvrez notre s\u00e9lection de Carottes pour sublimer vos jardins.\" \/>\n<meta property=\"og:url\" content=\"https:\/\/www.ernest-turc.com\/boutique\/produits\/graines\/potageres\/carottes\/carotte-potagere-amsterdam-2-bio\/\" \/>\n<meta property=\"og:site_name\" content=\"Ernest TURC\" \/>\n<meta property=\"article:publisher\" content=\"https:\/\/www.facebook.com\/ErnestTURC49\" \/>\n<meta property=\"article:modified_time\" content=\"2026-04-15T07:17:47+00:00\" \/>\n<meta property=\"og:image\" content=\"https:\/\/www.ernest-turc.com\/boutique\/wp-content\/uploads\/2021\/01\/carotte-potagere-amsterdam-2-bio.jpg\" \/>\n\t<meta property=\"og:image:width\" content=\"800\" \/>\n\t<meta property=\"og:image:height\" content=\"800\" \/>\n\t<meta property=\"og:image:type\" content=\"image\/jpeg\" \/>\n<meta name=\"twitter:card\" content=\"summary_large_image\" \/>\n<meta name=\"twitter:label1\" content=\"Prix\" \/>\n\t<meta name=\"twitter:data1\" content=\"4,25&euro;TTCTTC\" \/>\n\t<meta name=\"twitter:label2\" content=\"Disponibilit\u00e9\" \/>\n\t<meta name=\"twitter:data2\" content=\"En stock\" \/>\n<script type=\"application\/ld+json\" class=\"yoast-schema-graph\">{\"@context\":\"https:\\\/\\\/schema.org\",\"@graph\":[{\"@type\":\"WebPage\",\"@id\":\"https:\\\/\\\/www.ernest-turc.com\\\/boutique\\\/produits\\\/graines\\\/potageres\\\/carottes\\\/carotte-potagere-amsterdam-2-bio\\\/\",\"url\":\"https:\\\/\\\/www.ernest-turc.com\\\/boutique\\\/produits\\\/graines\\\/potageres\\\/carottes\\\/carotte-potagere-amsterdam-2-bio\\\/\",\"name\":\"Carotte Potagere Amsterdam 2 bio - Ernest TURC\",\"isPartOf\":{\"@id\":\"https:\\\/\\\/www.ernest-turc.com\\\/boutique\\\/#website\"},\"primaryImageOfPage\":{\"@id\":\"https:\\\/\\\/www.ernest-turc.com\\\/boutique\\\/produits\\\/graines\\\/potageres\\\/carottes\\\/carotte-potagere-amsterdam-2-bio\\\/#primaryimage\"},\"image\":{\"@id\":\"https:\\\/\\\/www.ernest-turc.com\\\/boutique\\\/produits\\\/graines\\\/potageres\\\/carottes\\\/carotte-potagere-amsterdam-2-bio\\\/#primaryimage\"},\"thumbnailUrl\":\"https:\\\/\\\/www.ernest-turc.com\\\/boutique\\\/wp-content\\\/uploads\\\/2021\\\/01\\\/carotte-potagere-amsterdam-2-bio.jpg\",\"datePublished\":\"2021-03-18T08:50:56+00:00\",\"dateModified\":\"2026-04-15T07:17:47+00:00\",\"description\":\"Carotte Potagere Amsterdam 2 bio \u00e0 acheter en ligne avec Ernest Turc, producteur de bulbes et de graines. D\u00e9couvrez notre s\u00e9lection de Carottes pour sublimer vos jardins.\",\"breadcrumb\":{\"@id\":\"https:\\\/\\\/www.ernest-turc.com\\\/boutique\\\/produits\\\/graines\\\/potageres\\\/carottes\\\/carotte-potagere-amsterdam-2-bio\\\/#breadcrumb\"},\"inLanguage\":\"fr-FR\",\"potentialAction\":[{\"@type\":\"ReadAction\",\"target\":[\"https:\\\/\\\/www.ernest-turc.com\\\/boutique\\\/produits\\\/graines\\\/potageres\\\/carottes\\\/carotte-potagere-amsterdam-2-bio\\\/\"]}]},{\"@type\":\"ImageObject\",\"inLanguage\":\"fr-FR\",\"@id\":\"https:\\\/\\\/www.ernest-turc.com\\\/boutique\\\/produits\\\/graines\\\/potageres\\\/carottes\\\/carotte-potagere-amsterdam-2-bio\\\/#primaryimage\",\"url\":\"https:\\\/\\\/www.ernest-turc.com\\\/boutique\\\/wp-content\\\/uploads\\\/2021\\\/01\\\/carotte-potagere-amsterdam-2-bio.jpg\",\"contentUrl\":\"https:\\\/\\\/www.ernest-turc.com\\\/boutique\\\/wp-content\\\/uploads\\\/2021\\\/01\\\/carotte-potagere-amsterdam-2-bio.jpg\",\"width\":800,\"height\":800,\"caption\":\"Carotte Potagere Amsterdam 2 bio\"},{\"@type\":\"BreadcrumbList\",\"@id\":\"https:\\\/\\\/www.ernest-turc.com\\\/boutique\\\/produits\\\/graines\\\/potageres\\\/carottes\\\/carotte-potagere-amsterdam-2-bio\\\/#breadcrumb\",\"itemListElement\":[{\"@type\":\"ListItem\",\"position\":1,\"name\":\"Accueil\",\"item\":\"https:\\\/\\\/www.ernest-turc.com\\\/boutique\\\/\"},{\"@type\":\"ListItem\",\"position\":2,\"name\":\"Boutique\",\"item\":\"https:\\\/\\\/www.ernest-turc.fr\\\/boutique\\\/produits\\\/\"},{\"@type\":\"ListItem\",\"position\":3,\"name\":\"Carotte Potagere Amsterdam 2 bio\"}]},{\"@type\":\"WebSite\",\"@id\":\"https:\\\/\\\/www.ernest-turc.com\\\/boutique\\\/#website\",\"url\":\"https:\\\/\\\/www.ernest-turc.com\\\/boutique\\\/\",\"name\":\"Ernest TURC\",\"description\":\"\",\"publisher\":{\"@id\":\"https:\\\/\\\/www.ernest-turc.com\\\/boutique\\\/#organization\"},\"potentialAction\":[{\"@type\":\"SearchAction\",\"target\":{\"@type\":\"EntryPoint\",\"urlTemplate\":\"https:\\\/\\\/www.ernest-turc.com\\\/boutique\\\/?s={search_term_string}\"},\"query-input\":{\"@type\":\"PropertyValueSpecification\",\"valueRequired\":true,\"valueName\":\"search_term_string\"}}],\"inLanguage\":\"fr-FR\"},{\"@type\":\"Organization\",\"@id\":\"https:\\\/\\\/www.ernest-turc.com\\\/boutique\\\/#organization\",\"name\":\"Boutique Ernest TURC\",\"alternateName\":\"Ernest TURC\",\"url\":\"https:\\\/\\\/www.ernest-turc.com\\\/boutique\\\/\",\"logo\":{\"@type\":\"ImageObject\",\"inLanguage\":\"fr-FR\",\"@id\":\"https:\\\/\\\/www.ernest-turc.com\\\/boutique\\\/#\\\/schema\\\/logo\\\/image\\\/\",\"url\":\"https:\\\/\\\/www.ernest-turc.com\\\/boutique\\\/wp-content\\\/uploads\\\/2020\\\/10\\\/logo.png\",\"contentUrl\":\"https:\\\/\\\/www.ernest-turc.com\\\/boutique\\\/wp-content\\\/uploads\\\/2020\\\/10\\\/logo.png\",\"width\":161,\"height\":161,\"caption\":\"Boutique Ernest TURC\"},\"image\":{\"@id\":\"https:\\\/\\\/www.ernest-turc.com\\\/boutique\\\/#\\\/schema\\\/logo\\\/image\\\/\"},\"sameAs\":[\"https:\\\/\\\/www.facebook.com\\\/ErnestTURC49\",\"https:\\\/\\\/www.instagram.com\\\/ernestturc\",\"https:\\\/\\\/www.linkedin.com\\\/company\\\/ernest-turc\\\/\",\"https:\\\/\\\/www.pinterest.fr\\\/ernestturc\",\"https:\\\/\\\/www.youtube.com\\\/channel\\\/UCH3ntWhy3mdcqw9-xF6pmEQ\"]}]}<\/script>\n<meta property=\"product:price:amount\" content=\"4.25\" \/>\n<meta property=\"product:price:currency\" content=\"EUR\" \/>\n<meta property=\"og:availability\" content=\"instock\" \/>\n<meta property=\"product:availability\" content=\"instock\" \/>\n<meta property=\"product:retailer_item_id\" content=\"956807\" \/>\n<meta property=\"product:condition\" content=\"new\" \/>\n<!-- \/ Yoast SEO Premium plugin. -->","yoast_head_json":{"title":"Carotte Potagere Amsterdam 2 bio - Ernest TURC","description":"Carotte Potagere Amsterdam 2 bio \u00e0 acheter en ligne avec Ernest Turc, producteur de bulbes et de graines. D\u00e9couvrez notre s\u00e9lection de Carottes pour sublimer vos jardins.","robots":{"index":"index","follow":"follow","max-snippet":"max-snippet:-1","max-image-preview":"max-image-preview:large","max-video-preview":"max-video-preview:-1"},"canonical":"https:\/\/www.ernest-turc.com\/boutique\/produits\/graines\/potageres\/carottes\/carotte-potagere-amsterdam-2-bio\/","og_locale":"fr_FR","og_type":"article","og_title":"Carotte Potagere Amsterdam 2 bio","og_description":"Carotte Potagere Amsterdam 2 bio \u00e0 acheter en ligne avec Ernest Turc, producteur de bulbes et de graines. D\u00e9couvrez notre s\u00e9lection de Carottes pour sublimer vos jardins.","og_url":"https:\/\/www.ernest-turc.com\/boutique\/produits\/graines\/potageres\/carottes\/carotte-potagere-amsterdam-2-bio\/","og_site_name":"Ernest TURC","article_publisher":"https:\/\/www.facebook.com\/ErnestTURC49","article_modified_time":"2026-04-15T07:17:47+00:00","og_image":[{"width":800,"height":800,"url":"https:\/\/www.ernest-turc.com\/boutique\/wp-content\/uploads\/2021\/01\/carotte-potagere-amsterdam-2-bio.jpg","type":"image\/jpeg"}],"twitter_card":"summary_large_image","twitter_misc":{"Prix":"4,25&euro;TTCTTC","Disponibilit\u00e9":"En stock"},"schema":{"@context":"https:\/\/schema.org","@graph":[{"@type":"WebPage","@id":"https:\/\/www.ernest-turc.com\/boutique\/produits\/graines\/potageres\/carottes\/carotte-potagere-amsterdam-2-bio\/","url":"https:\/\/www.ernest-turc.com\/boutique\/produits\/graines\/potageres\/carottes\/carotte-potagere-amsterdam-2-bio\/","name":"Carotte Potagere Amsterdam 2 bio - Ernest TURC","isPartOf":{"@id":"https:\/\/www.ernest-turc.com\/boutique\/#website"},"primaryImageOfPage":{"@id":"https:\/\/www.ernest-turc.com\/boutique\/produits\/graines\/potageres\/carottes\/carotte-potagere-amsterdam-2-bio\/#primaryimage"},"image":{"@id":"https:\/\/www.ernest-turc.com\/boutique\/produits\/graines\/potageres\/carottes\/carotte-potagere-amsterdam-2-bio\/#primaryimage"},"thumbnailUrl":"https:\/\/www.ernest-turc.com\/boutique\/wp-content\/uploads\/2021\/01\/carotte-potagere-amsterdam-2-bio.jpg","datePublished":"2021-03-18T08:50:56+00:00","dateModified":"2026-04-15T07:17:47+00:00","description":"Carotte Potagere Amsterdam 2 bio \u00e0 acheter en ligne avec Ernest Turc, producteur de bulbes et de graines. D\u00e9couvrez notre s\u00e9lection de Carottes pour sublimer vos jardins.","breadcrumb":{"@id":"https:\/\/www.ernest-turc.com\/boutique\/produits\/graines\/potageres\/carottes\/carotte-potagere-amsterdam-2-bio\/#breadcrumb"},"inLanguage":"fr-FR","potentialAction":[{"@type":"ReadAction","target":["https:\/\/www.ernest-turc.com\/boutique\/produits\/graines\/potageres\/carottes\/carotte-potagere-amsterdam-2-bio\/"]}]},{"@type":"ImageObject","inLanguage":"fr-FR","@id":"https:\/\/www.ernest-turc.com\/boutique\/produits\/graines\/potageres\/carottes\/carotte-potagere-amsterdam-2-bio\/#primaryimage","url":"https:\/\/www.ernest-turc.com\/boutique\/wp-content\/uploads\/2021\/01\/carotte-potagere-amsterdam-2-bio.jpg","contentUrl":"https:\/\/www.ernest-turc.com\/boutique\/wp-content\/uploads\/2021\/01\/carotte-potagere-amsterdam-2-bio.jpg","width":800,"height":800,"caption":"Carotte Potagere Amsterdam 2 bio"},{"@type":"BreadcrumbList","@id":"https:\/\/www.ernest-turc.com\/boutique\/produits\/graines\/potageres\/carottes\/carotte-potagere-amsterdam-2-bio\/#breadcrumb","itemListElement":[{"@type":"ListItem","position":1,"name":"Accueil","item":"https:\/\/www.ernest-turc.com\/boutique\/"},{"@type":"ListItem","position":2,"name":"Boutique","item":"https:\/\/www.ernest-turc.fr\/boutique\/produits\/"},{"@type":"ListItem","position":3,"name":"Carotte Potagere Amsterdam 2 bio"}]},{"@type":"WebSite","@id":"https:\/\/www.ernest-turc.com\/boutique\/#website","url":"https:\/\/www.ernest-turc.com\/boutique\/","name":"Ernest TURC","description":"","publisher":{"@id":"https:\/\/www.ernest-turc.com\/boutique\/#organization"},"potentialAction":[{"@type":"SearchAction","target":{"@type":"EntryPoint","urlTemplate":"https:\/\/www.ernest-turc.com\/boutique\/?s={search_term_string}"},"query-input":{"@type":"PropertyValueSpecification","valueRequired":true,"valueName":"search_term_string"}}],"inLanguage":"fr-FR"},{"@type":"Organization","@id":"https:\/\/www.ernest-turc.com\/boutique\/#organization","name":"Boutique Ernest TURC","alternateName":"Ernest TURC","url":"https:\/\/www.ernest-turc.com\/boutique\/","logo":{"@type":"ImageObject","inLanguage":"fr-FR","@id":"https:\/\/www.ernest-turc.com\/boutique\/#\/schema\/logo\/image\/","url":"https:\/\/www.ernest-turc.com\/boutique\/wp-content\/uploads\/2020\/10\/logo.png","contentUrl":"https:\/\/www.ernest-turc.com\/boutique\/wp-content\/uploads\/2020\/10\/logo.png","width":161,"height":161,"caption":"Boutique Ernest TURC"},"image":{"@id":"https:\/\/www.ernest-turc.com\/boutique\/#\/schema\/logo\/image\/"},"sameAs":["https:\/\/www.facebook.com\/ErnestTURC49","https:\/\/www.instagram.com\/ernestturc","https:\/\/www.linkedin.com\/company\/ernest-turc\/","https:\/\/www.pinterest.fr\/ernestturc","https:\/\/www.youtube.com\/channel\/UCH3ntWhy3mdcqw9-xF6pmEQ"]}]},"product_price_amount":"4.25","product_price_currency":"EUR","og_availability":"instock","product_availability":"instock","product_retailer_item_id":"956807","product_condition":"new"},"_links":{"self":[{"href":"https:\/\/www.ernest-turc.com\/boutique\/wp-json\/wp\/v2\/product\/4530","targetHints":{"allow":["GET"]}}],"collection":[{"href":"https:\/\/www.ernest-turc.com\/boutique\/wp-json\/wp\/v2\/product"}],"about":[{"href":"https:\/\/www.ernest-turc.com\/boutique\/wp-json\/wp\/v2\/types\/product"}],"wp:featuredmedia":[{"embeddable":true,"href":"https:\/\/www.ernest-turc.com\/boutique\/wp-json\/wp\/v2\/media\/6069"}],"wp:attachment":[{"href":"https:\/\/www.ernest-turc.com\/boutique\/wp-json\/wp\/v2\/media?parent=4530"}],"wp:term":[{"taxonomy":"product_brand","embeddable":true,"href":"https:\/\/www.ernest-turc.com\/boutique\/wp-json\/wp\/v2\/product_brand?post=4530"},{"taxonomy":"product_cat","embeddable":true,"href":"https:\/\/www.ernest-turc.com\/boutique\/wp-json\/wp\/v2\/product_cat?post=4530"},{"taxonomy":"product_tag","embeddable":true,"href":"https:\/\/www.ernest-turc.com\/boutique\/wp-json\/wp\/v2\/product_tag?post=4530"}],"curies":[{"name":"wp","href":"https:\/\/api.w.org\/{rel}","templated":true}]}}