{"id":4516,"date":"2021-03-18T08:49:33","date_gmt":"2021-03-18T08:49:33","guid":{"rendered":"https:\/\/www.ernest-turc.com\/boutique\/boutique\/betterave-potagere-cylindra\/"},"modified":"2026-03-31T10:11:57","modified_gmt":"2026-03-31T10:11:57","slug":"betterave-potagere-cylindra","status":"publish","type":"product","link":"https:\/\/www.ernest-turc.com\/boutique\/produits\/graines\/potageres\/betteraves-potageres\/betterave-potagere-cylindra\/","title":{"rendered":"Betterave Potag\u00e8re Cylindra"},"content":{"rendered":"<p style=\"text-align: justify\"><strong>La betterave Cylindra<\/strong> est une vari\u00e9t\u00e9 ancienne d&#8217;origine danoise. Elle est reconnaissable par sa forme allong\u00e9e d&#8217;environ 15 cm de long ainsi que par sa peau et sa chair de couleur rouge. En plus d&#8217;avoir un tr\u00e8s bon rendement, elle a un excellent go\u00fbt gr\u00e2ce \u00e0 sa texture tendre et fondante. Elle est beaucoup plus sucr\u00e9e que les betteraves rondes. Elle aura d&#8217;ailleurs un l\u00e9ger go\u00fbt caram\u00e9lis\u00e9 \u00e0 la cuisson. La premi\u00e8re chose importante \u00e0 savoir, c&#8217;est que la betterave est facile \u00e0 cultiver. En effet, elle n&#8217;est pas exigeante et accepte tout type de sol. Elle est aussi assez r\u00e9sistante aux maladies et parasites. Cependant, la betterave craint la s\u00e9cheresse, donc n&#8217;h\u00e9sitez pas \u00e0 pailler les pieds pour garder le sol frais, vos betteraves conserveront ainsi leur qualit\u00e9 gustative. Elle craint aussi le gel, donc veillez \u00e0 ne pas les planter trop t\u00f4t en pleine terre, et \u00e0 ne pas les r\u00e9colter trop tard. Offrant un fort rendement, vous ne saurez vite plus quoi en faire. N&#8217;h\u00e9sitez donc pas \u00e0 les conserver dans des bocaux st\u00e9rilis\u00e9s et\/ou au cong\u00e9lateur une fois cuites. Les betteraves se consomment la majorit\u00e9 du temps en salade apr\u00e8s cuisson \u00e0 l&#8217;eau, mais vous pouvez aussi manger les jeunes feuilles. Gr\u00e2ce \u00e0 sa forme allong\u00e9e, elle est souvent utilis\u00e9e tranch\u00e9, elle est donc parfaite pour la confection de chips.<\/p>\n","protected":false},"excerpt":{"rendered":"<p style=\"text-align: justify\">La betterave Cylindra est une vari\u00e9t\u00e9 ancienne d&#8217;origine danoise. Elle est reconnaissable par sa forme allong\u00e9e d&#8217;environ 15 cm de long ainsi que par sa peau et sa chair de couleur rouge. En plus d&#8217;avoir un tr\u00e8s bon rendement, elle a un excellent go\u00fbt gr\u00e2ce \u00e0 sa texture tendre et fondante. Elle est beaucoup plus sucr\u00e9e que les betteraves rondes. Elle aura d&#8217;ailleurs un l\u00e9ger go\u00fbt caram\u00e9lis\u00e9 \u00e0 la cuisson. La premi\u00e8re chose importante \u00e0 savoir, c&#8217;est que la betterave est facile \u00e0 cultiver. En effet, elle n&#8217;est pas exigeante et accepte tout type de sol. Elle est aussi assez r\u00e9sistante aux maladies et parasites. Cependant, la betterave craint la s\u00e9cheresse, donc n&#8217;h\u00e9sitez pas \u00e0 pailler les pieds pour garder le sol frais, vos betteraves conserveront ainsi leur qualit\u00e9 gustative. Elle craint aussi le gel, donc veillez \u00e0 ne pas les planter trop t\u00f4t en pleine terre, et \u00e0 ne pas les r\u00e9colter trop tard. Offrant un fort rendement, vous ne saurez vite plus quoi en faire. N&#8217;h\u00e9sitez donc pas \u00e0 les conserver dans des bocaux st\u00e9rilis\u00e9s et\/ou au cong\u00e9lateur une fois cuites. Les betteraves se consomment la majorit\u00e9 du temps en salade apr\u00e8s cuisson \u00e0 l&#8217;eau, mais vous pouvez aussi manger les jeunes feuilles. Gr\u00e2ce \u00e0 sa forme allong\u00e9e, elle est souvent utilis\u00e9e tranch\u00e9, elle est donc parfaite pour la confection de chips.<\/p>\n","protected":false},"featured_media":6048,"template":"","meta":{"_relevanssi_hide_post":"","_relevanssi_hide_content":"","_relevanssi_pin_for_all":"","_relevanssi_pin_keywords":"","_relevanssi_unpin_keywords":"","_relevanssi_related_keywords":"","_relevanssi_related_include_ids":"","_relevanssi_related_exclude_ids":"","_relevanssi_related_no_append":"","_relevanssi_related_not_related":"","_relevanssi_related_posts":"","_relevanssi_noindex_reason":""},"product_brand":[],"product_cat":[616,221,222,2419],"product_tag":[],"class_list":{"0":"post-4516","1":"product","2":"type-product","3":"status-publish","4":"has-post-thumbnail","6":"product_cat-betteraves-potageres","7":"product_cat-graines","8":"product_cat-potageres","9":"product_cat-legumes-rouges","10":"product_shipping_class-graines","11":"pa_conditionnement-734","12":"pa_couleur-rouge","13":"pa_cycle-de-vie-bisannuelle","14":"pa_disponibilite-toute-lannee","15":"pa_exposition-ensoleillee","16":"pa_grammage-5-g","17":"pa_hauteur-de-la-plante-60-cm","18":"pa_periode-de-recolte-floraison-aout","19":"pa_periode-de-recolte-floraison-juillet","20":"pa_periode-de-recolte-floraison-novembre","21":"pa_periode-de-recolte-floraison-octobre","22":"pa_periode-de-recolte-floraison-septembre","23":"pa_periode-de-semis-plantation-juillet","24":"pa_periode-de-semis-plantation-juin","25":"pa_periode-de-semis-plantation-mai","26":"pa_rusticite-craint-le-gel","27":"pa_utilisation-pleine-terre","29":"first","30":"instock","31":"taxable","32":"shipping-taxable","33":"purchasable","34":"product-type-simple"},"bundled_by":[],"bundle_stock_status":"instock","bundle_stock_quantity":80,"bundle_virtual":false,"bundle_layout":"","bundle_add_to_cart_form_location":"","bundle_editable_in_cart":false,"bundle_sold_individually_context":"","bundle_item_grouping":"","bundle_min_size":"","bundle_max_size":"","bundled_items":[],"bundle_sell_ids":[],"yoast_head":"<!-- This site is optimized with the Yoast SEO Premium plugin v25.2 (Yoast SEO v27.3) - https:\/\/yoast.com\/product\/yoast-seo-premium-wordpress\/ -->\n<title>Betterave Potag\u00e8re Cylindra - Ernest TURC<\/title>\n<meta name=\"description\" content=\"Betterave Potag\u00e8re Cylindra \u00e0 acheter en ligne avec Ernest Turc, producteur de bulbes et de graines. D\u00e9couvrez notre s\u00e9lection de Betteraves pour sublimer vos jardins.\" \/>\n<meta name=\"robots\" content=\"index, follow, max-snippet:-1, max-image-preview:large, max-video-preview:-1\" \/>\n<link rel=\"canonical\" href=\"https:\/\/www.ernest-turc.com\/boutique\/produits\/graines\/potageres\/betteraves-potageres\/betterave-potagere-cylindra\/\" \/>\n<meta property=\"og:locale\" content=\"fr_FR\" \/>\n<meta property=\"og:type\" content=\"article\" \/>\n<meta property=\"og:title\" content=\"Betterave Potag\u00e8re Cylindra\" \/>\n<meta property=\"og:description\" content=\"Betterave Potag\u00e8re Cylindra \u00e0 acheter en ligne avec Ernest Turc, producteur de bulbes et de graines. D\u00e9couvrez notre s\u00e9lection de Betteraves pour sublimer vos jardins.\" \/>\n<meta property=\"og:url\" content=\"https:\/\/www.ernest-turc.com\/boutique\/produits\/graines\/potageres\/betteraves-potageres\/betterave-potagere-cylindra\/\" \/>\n<meta property=\"og:site_name\" content=\"Ernest TURC\" \/>\n<meta property=\"article:publisher\" content=\"https:\/\/www.facebook.com\/ErnestTURC49\" \/>\n<meta property=\"article:modified_time\" content=\"2026-03-31T10:11:57+00:00\" \/>\n<meta property=\"og:image\" content=\"https:\/\/www.ernest-turc.com\/boutique\/wp-content\/uploads\/2021\/01\/betterave-potagere-cylindra.jpg\" \/>\n\t<meta property=\"og:image:width\" content=\"800\" \/>\n\t<meta property=\"og:image:height\" content=\"800\" \/>\n\t<meta property=\"og:image:type\" content=\"image\/jpeg\" \/>\n<meta name=\"twitter:card\" content=\"summary_large_image\" \/>\n<meta name=\"twitter:label1\" content=\"Prix\" \/>\n\t<meta name=\"twitter:data1\" content=\"2,99&euro;TTCTTC\" \/>\n\t<meta name=\"twitter:label2\" content=\"Disponibilit\u00e9\" \/>\n\t<meta name=\"twitter:data2\" content=\"En stock\" \/>\n<script type=\"application\/ld+json\" class=\"yoast-schema-graph\">{\"@context\":\"https:\\\/\\\/schema.org\",\"@graph\":[{\"@type\":\"WebPage\",\"@id\":\"https:\\\/\\\/www.ernest-turc.com\\\/boutique\\\/produits\\\/graines\\\/potageres\\\/betteraves-potageres\\\/betterave-potagere-cylindra\\\/\",\"url\":\"https:\\\/\\\/www.ernest-turc.com\\\/boutique\\\/produits\\\/graines\\\/potageres\\\/betteraves-potageres\\\/betterave-potagere-cylindra\\\/\",\"name\":\"Betterave Potag\u00e8re Cylindra - Ernest TURC\",\"isPartOf\":{\"@id\":\"https:\\\/\\\/www.ernest-turc.com\\\/boutique\\\/#website\"},\"primaryImageOfPage\":{\"@id\":\"https:\\\/\\\/www.ernest-turc.com\\\/boutique\\\/produits\\\/graines\\\/potageres\\\/betteraves-potageres\\\/betterave-potagere-cylindra\\\/#primaryimage\"},\"image\":{\"@id\":\"https:\\\/\\\/www.ernest-turc.com\\\/boutique\\\/produits\\\/graines\\\/potageres\\\/betteraves-potageres\\\/betterave-potagere-cylindra\\\/#primaryimage\"},\"thumbnailUrl\":\"https:\\\/\\\/www.ernest-turc.com\\\/boutique\\\/wp-content\\\/uploads\\\/2021\\\/01\\\/betterave-potagere-cylindra.jpg\",\"datePublished\":\"2021-03-18T08:49:33+00:00\",\"dateModified\":\"2026-03-31T10:11:57+00:00\",\"description\":\"Betterave Potag\u00e8re Cylindra \u00e0 acheter en ligne avec Ernest Turc, producteur de bulbes et de graines. D\u00e9couvrez notre s\u00e9lection de Betteraves pour sublimer vos jardins.\",\"breadcrumb\":{\"@id\":\"https:\\\/\\\/www.ernest-turc.com\\\/boutique\\\/produits\\\/graines\\\/potageres\\\/betteraves-potageres\\\/betterave-potagere-cylindra\\\/#breadcrumb\"},\"inLanguage\":\"fr-FR\",\"potentialAction\":[{\"@type\":\"ReadAction\",\"target\":[\"https:\\\/\\\/www.ernest-turc.com\\\/boutique\\\/produits\\\/graines\\\/potageres\\\/betteraves-potageres\\\/betterave-potagere-cylindra\\\/\"]}]},{\"@type\":\"ImageObject\",\"inLanguage\":\"fr-FR\",\"@id\":\"https:\\\/\\\/www.ernest-turc.com\\\/boutique\\\/produits\\\/graines\\\/potageres\\\/betteraves-potageres\\\/betterave-potagere-cylindra\\\/#primaryimage\",\"url\":\"https:\\\/\\\/www.ernest-turc.com\\\/boutique\\\/wp-content\\\/uploads\\\/2021\\\/01\\\/betterave-potagere-cylindra.jpg\",\"contentUrl\":\"https:\\\/\\\/www.ernest-turc.com\\\/boutique\\\/wp-content\\\/uploads\\\/2021\\\/01\\\/betterave-potagere-cylindra.jpg\",\"width\":800,\"height\":800,\"caption\":\"Betterave Potag\u00e8re Cylindra\"},{\"@type\":\"BreadcrumbList\",\"@id\":\"https:\\\/\\\/www.ernest-turc.com\\\/boutique\\\/produits\\\/graines\\\/potageres\\\/betteraves-potageres\\\/betterave-potagere-cylindra\\\/#breadcrumb\",\"itemListElement\":[{\"@type\":\"ListItem\",\"position\":1,\"name\":\"Accueil\",\"item\":\"https:\\\/\\\/www.ernest-turc.com\\\/boutique\\\/\"},{\"@type\":\"ListItem\",\"position\":2,\"name\":\"Boutique\",\"item\":\"https:\\\/\\\/www.ernest-turc.fr\\\/boutique\\\/produits\\\/\"},{\"@type\":\"ListItem\",\"position\":3,\"name\":\"Betterave Potag\u00e8re Cylindra\"}]},{\"@type\":\"WebSite\",\"@id\":\"https:\\\/\\\/www.ernest-turc.com\\\/boutique\\\/#website\",\"url\":\"https:\\\/\\\/www.ernest-turc.com\\\/boutique\\\/\",\"name\":\"Ernest TURC\",\"description\":\"\",\"publisher\":{\"@id\":\"https:\\\/\\\/www.ernest-turc.com\\\/boutique\\\/#organization\"},\"potentialAction\":[{\"@type\":\"SearchAction\",\"target\":{\"@type\":\"EntryPoint\",\"urlTemplate\":\"https:\\\/\\\/www.ernest-turc.com\\\/boutique\\\/?s={search_term_string}\"},\"query-input\":{\"@type\":\"PropertyValueSpecification\",\"valueRequired\":true,\"valueName\":\"search_term_string\"}}],\"inLanguage\":\"fr-FR\"},{\"@type\":\"Organization\",\"@id\":\"https:\\\/\\\/www.ernest-turc.com\\\/boutique\\\/#organization\",\"name\":\"Boutique Ernest TURC\",\"alternateName\":\"Ernest TURC\",\"url\":\"https:\\\/\\\/www.ernest-turc.com\\\/boutique\\\/\",\"logo\":{\"@type\":\"ImageObject\",\"inLanguage\":\"fr-FR\",\"@id\":\"https:\\\/\\\/www.ernest-turc.com\\\/boutique\\\/#\\\/schema\\\/logo\\\/image\\\/\",\"url\":\"https:\\\/\\\/www.ernest-turc.com\\\/boutique\\\/wp-content\\\/uploads\\\/2020\\\/10\\\/logo.png\",\"contentUrl\":\"https:\\\/\\\/www.ernest-turc.com\\\/boutique\\\/wp-content\\\/uploads\\\/2020\\\/10\\\/logo.png\",\"width\":161,\"height\":161,\"caption\":\"Boutique Ernest TURC\"},\"image\":{\"@id\":\"https:\\\/\\\/www.ernest-turc.com\\\/boutique\\\/#\\\/schema\\\/logo\\\/image\\\/\"},\"sameAs\":[\"https:\\\/\\\/www.facebook.com\\\/ErnestTURC49\",\"https:\\\/\\\/www.instagram.com\\\/ernestturc\",\"https:\\\/\\\/www.linkedin.com\\\/company\\\/ernest-turc\\\/\",\"https:\\\/\\\/www.pinterest.fr\\\/ernestturc\",\"https:\\\/\\\/www.youtube.com\\\/channel\\\/UCH3ntWhy3mdcqw9-xF6pmEQ\"]}]}<\/script>\n<meta property=\"product:price:amount\" content=\"2.99\" \/>\n<meta property=\"product:price:currency\" content=\"EUR\" \/>\n<meta property=\"og:availability\" content=\"instock\" \/>\n<meta property=\"product:availability\" content=\"instock\" \/>\n<meta property=\"product:retailer_item_id\" content=\"956800\" \/>\n<meta property=\"product:condition\" content=\"new\" \/>\n<!-- \/ Yoast SEO Premium plugin. -->","yoast_head_json":{"title":"Betterave Potag\u00e8re Cylindra - Ernest TURC","description":"Betterave Potag\u00e8re Cylindra \u00e0 acheter en ligne avec Ernest Turc, producteur de bulbes et de graines. D\u00e9couvrez notre s\u00e9lection de Betteraves pour sublimer vos jardins.","robots":{"index":"index","follow":"follow","max-snippet":"max-snippet:-1","max-image-preview":"max-image-preview:large","max-video-preview":"max-video-preview:-1"},"canonical":"https:\/\/www.ernest-turc.com\/boutique\/produits\/graines\/potageres\/betteraves-potageres\/betterave-potagere-cylindra\/","og_locale":"fr_FR","og_type":"article","og_title":"Betterave Potag\u00e8re Cylindra","og_description":"Betterave Potag\u00e8re Cylindra \u00e0 acheter en ligne avec Ernest Turc, producteur de bulbes et de graines. D\u00e9couvrez notre s\u00e9lection de Betteraves pour sublimer vos jardins.","og_url":"https:\/\/www.ernest-turc.com\/boutique\/produits\/graines\/potageres\/betteraves-potageres\/betterave-potagere-cylindra\/","og_site_name":"Ernest TURC","article_publisher":"https:\/\/www.facebook.com\/ErnestTURC49","article_modified_time":"2026-03-31T10:11:57+00:00","og_image":[{"width":800,"height":800,"url":"https:\/\/www.ernest-turc.com\/boutique\/wp-content\/uploads\/2021\/01\/betterave-potagere-cylindra.jpg","type":"image\/jpeg"}],"twitter_card":"summary_large_image","twitter_misc":{"Prix":"2,99&euro;TTCTTC","Disponibilit\u00e9":"En stock"},"schema":{"@context":"https:\/\/schema.org","@graph":[{"@type":"WebPage","@id":"https:\/\/www.ernest-turc.com\/boutique\/produits\/graines\/potageres\/betteraves-potageres\/betterave-potagere-cylindra\/","url":"https:\/\/www.ernest-turc.com\/boutique\/produits\/graines\/potageres\/betteraves-potageres\/betterave-potagere-cylindra\/","name":"Betterave Potag\u00e8re Cylindra - Ernest TURC","isPartOf":{"@id":"https:\/\/www.ernest-turc.com\/boutique\/#website"},"primaryImageOfPage":{"@id":"https:\/\/www.ernest-turc.com\/boutique\/produits\/graines\/potageres\/betteraves-potageres\/betterave-potagere-cylindra\/#primaryimage"},"image":{"@id":"https:\/\/www.ernest-turc.com\/boutique\/produits\/graines\/potageres\/betteraves-potageres\/betterave-potagere-cylindra\/#primaryimage"},"thumbnailUrl":"https:\/\/www.ernest-turc.com\/boutique\/wp-content\/uploads\/2021\/01\/betterave-potagere-cylindra.jpg","datePublished":"2021-03-18T08:49:33+00:00","dateModified":"2026-03-31T10:11:57+00:00","description":"Betterave Potag\u00e8re Cylindra \u00e0 acheter en ligne avec Ernest Turc, producteur de bulbes et de graines. D\u00e9couvrez notre s\u00e9lection de Betteraves pour sublimer vos jardins.","breadcrumb":{"@id":"https:\/\/www.ernest-turc.com\/boutique\/produits\/graines\/potageres\/betteraves-potageres\/betterave-potagere-cylindra\/#breadcrumb"},"inLanguage":"fr-FR","potentialAction":[{"@type":"ReadAction","target":["https:\/\/www.ernest-turc.com\/boutique\/produits\/graines\/potageres\/betteraves-potageres\/betterave-potagere-cylindra\/"]}]},{"@type":"ImageObject","inLanguage":"fr-FR","@id":"https:\/\/www.ernest-turc.com\/boutique\/produits\/graines\/potageres\/betteraves-potageres\/betterave-potagere-cylindra\/#primaryimage","url":"https:\/\/www.ernest-turc.com\/boutique\/wp-content\/uploads\/2021\/01\/betterave-potagere-cylindra.jpg","contentUrl":"https:\/\/www.ernest-turc.com\/boutique\/wp-content\/uploads\/2021\/01\/betterave-potagere-cylindra.jpg","width":800,"height":800,"caption":"Betterave Potag\u00e8re Cylindra"},{"@type":"BreadcrumbList","@id":"https:\/\/www.ernest-turc.com\/boutique\/produits\/graines\/potageres\/betteraves-potageres\/betterave-potagere-cylindra\/#breadcrumb","itemListElement":[{"@type":"ListItem","position":1,"name":"Accueil","item":"https:\/\/www.ernest-turc.com\/boutique\/"},{"@type":"ListItem","position":2,"name":"Boutique","item":"https:\/\/www.ernest-turc.fr\/boutique\/produits\/"},{"@type":"ListItem","position":3,"name":"Betterave Potag\u00e8re Cylindra"}]},{"@type":"WebSite","@id":"https:\/\/www.ernest-turc.com\/boutique\/#website","url":"https:\/\/www.ernest-turc.com\/boutique\/","name":"Ernest TURC","description":"","publisher":{"@id":"https:\/\/www.ernest-turc.com\/boutique\/#organization"},"potentialAction":[{"@type":"SearchAction","target":{"@type":"EntryPoint","urlTemplate":"https:\/\/www.ernest-turc.com\/boutique\/?s={search_term_string}"},"query-input":{"@type":"PropertyValueSpecification","valueRequired":true,"valueName":"search_term_string"}}],"inLanguage":"fr-FR"},{"@type":"Organization","@id":"https:\/\/www.ernest-turc.com\/boutique\/#organization","name":"Boutique Ernest TURC","alternateName":"Ernest TURC","url":"https:\/\/www.ernest-turc.com\/boutique\/","logo":{"@type":"ImageObject","inLanguage":"fr-FR","@id":"https:\/\/www.ernest-turc.com\/boutique\/#\/schema\/logo\/image\/","url":"https:\/\/www.ernest-turc.com\/boutique\/wp-content\/uploads\/2020\/10\/logo.png","contentUrl":"https:\/\/www.ernest-turc.com\/boutique\/wp-content\/uploads\/2020\/10\/logo.png","width":161,"height":161,"caption":"Boutique Ernest TURC"},"image":{"@id":"https:\/\/www.ernest-turc.com\/boutique\/#\/schema\/logo\/image\/"},"sameAs":["https:\/\/www.facebook.com\/ErnestTURC49","https:\/\/www.instagram.com\/ernestturc","https:\/\/www.linkedin.com\/company\/ernest-turc\/","https:\/\/www.pinterest.fr\/ernestturc","https:\/\/www.youtube.com\/channel\/UCH3ntWhy3mdcqw9-xF6pmEQ"]}]},"product_price_amount":"2.99","product_price_currency":"EUR","og_availability":"instock","product_availability":"instock","product_retailer_item_id":"956800","product_condition":"new"},"_links":{"self":[{"href":"https:\/\/www.ernest-turc.com\/boutique\/wp-json\/wp\/v2\/product\/4516","targetHints":{"allow":["GET"]}}],"collection":[{"href":"https:\/\/www.ernest-turc.com\/boutique\/wp-json\/wp\/v2\/product"}],"about":[{"href":"https:\/\/www.ernest-turc.com\/boutique\/wp-json\/wp\/v2\/types\/product"}],"wp:featuredmedia":[{"embeddable":true,"href":"https:\/\/www.ernest-turc.com\/boutique\/wp-json\/wp\/v2\/media\/6048"}],"wp:attachment":[{"href":"https:\/\/www.ernest-turc.com\/boutique\/wp-json\/wp\/v2\/media?parent=4516"}],"wp:term":[{"taxonomy":"product_brand","embeddable":true,"href":"https:\/\/www.ernest-turc.com\/boutique\/wp-json\/wp\/v2\/product_brand?post=4516"},{"taxonomy":"product_cat","embeddable":true,"href":"https:\/\/www.ernest-turc.com\/boutique\/wp-json\/wp\/v2\/product_cat?post=4516"},{"taxonomy":"product_tag","embeddable":true,"href":"https:\/\/www.ernest-turc.com\/boutique\/wp-json\/wp\/v2\/product_tag?post=4516"}],"curies":[{"name":"wp","href":"https:\/\/api.w.org\/{rel}","templated":true}]}}