{"id":4508,"date":"2021-03-18T08:48:52","date_gmt":"2021-03-18T08:48:52","guid":{"rendered":"https:\/\/www.ernest-turc.com\/boutique\/boutique\/aubergine-listada-de-gandia\/"},"modified":"2026-04-02T19:14:34","modified_gmt":"2026-04-02T19:14:34","slug":"aubergine-listada-de-gandia","status":"publish","type":"product","link":"https:\/\/www.ernest-turc.com\/boutique\/produits\/graines\/potageres\/aubergines-potageres\/aubergine-listada-de-gandia\/","title":{"rendered":"Aubergine Listada de Gandia"},"content":{"rendered":"<p style=\"text-align: justify;\">L&#8217;aubergine Listada de Gandia est une vari\u00e9t\u00e9 ancienne, originaire d&#8217;Italie, comme son nom peut laisser le sous-entendre. Elle produit des fruits ovales de 12 \u00e0 15 cm de long. Elle est r\u00e9put\u00e9e pour \u00eatre une des plus belles et d\u00e9corative vari\u00e9t\u00e9 d&#8217;aubergines gr\u00e2ce \u00e0 son coloris unique et chatoyant ; violet \u00e9clatant stri\u00e9 de blanc cr\u00e8me. Donc m\u00eame si vous ne la mangez pas, elle sublimera n&#8217;importe quel panier. Sa chair blanche est \u00e0 la fois ferme et tendre, ce qui lui conf\u00e8re d&#8217;excellente qualit\u00e9 gustative. Mais pr\u00e9f\u00e9rez une r\u00e9colte lorsque les fruits sont jeunes, l&#8217;aubergine n&#8217;en sera que meilleure ! Son port compact la rend id\u00e9ale pour la culture en pot. En cuisine, elle est parfaite de toutes les mani\u00e8res possibles ; ratatouille, farcies, grill\u00e9e&#8230; \u00a0<\/p>\n","protected":false},"excerpt":{"rendered":"<p style=\"text-align: justify;\">L&#8217;aubergine Listada de Gandia est une vari\u00e9t\u00e9 ancienne, originaire d&#8217;Italie, comme son nom peut laisser le sous-entendre. Elle produit des fruits ovales de 12 \u00e0 15 cm de long. Elle est r\u00e9put\u00e9e pour \u00eatre une des plus belles et d\u00e9corative vari\u00e9t\u00e9 d&#8217;aubergines gr\u00e2ce \u00e0 son coloris unique et chatoyant ; violet \u00e9clatant stri\u00e9 de blanc cr\u00e8me. Donc m\u00eame si vous ne la mangez pas, elle sublimera n&#8217;importe quel panier. Sa chair blanche est \u00e0 la fois ferme et tendre, ce qui lui conf\u00e8re d&#8217;excellente qualit\u00e9 gustative. Mais pr\u00e9f\u00e9rez une r\u00e9colte lorsque les fruits sont jeunes, l&#8217;aubergine n&#8217;en sera que meilleure ! Son port compact la rend id\u00e9ale pour la culture en pot. En cuisine, elle est parfaite de toutes les mani\u00e8res possibles ; ratatouille, farcies, grill\u00e9e&#8230;<\/p>\n","protected":false},"featured_media":6036,"template":"","meta":{"_relevanssi_hide_post":"","_relevanssi_hide_content":"","_relevanssi_pin_for_all":"","_relevanssi_pin_keywords":"","_relevanssi_unpin_keywords":"","_relevanssi_related_keywords":"","_relevanssi_related_include_ids":"","_relevanssi_related_exclude_ids":"","_relevanssi_related_no_append":"","_relevanssi_related_not_related":"","_relevanssi_related_posts":"","_relevanssi_noindex_reason":""},"product_brand":[],"product_cat":[614,221,222,2417,1783,1786],"product_tag":[],"class_list":{"0":"post-4508","1":"product","2":"type-product","3":"status-publish","4":"has-post-thumbnail","6":"product_cat-aubergines-potageres","7":"product_cat-graines","8":"product_cat-potageres","9":"product_cat-legumes-violets","10":"product_cat-nos-coups-de-coeur","11":"product_cat-semis-precoces","12":"product_shipping_class-graines","13":"pa_conditionnement-734","14":"pa_couleur-violet","15":"pa_cycle-de-vie-annuelle","16":"pa_disponibilite-toute-lannee","17":"pa_exposition-ensoleillee","18":"pa_grammage-17-g","19":"pa_hauteur-de-la-plante-60-cm","20":"pa_periode-de-recolte-floraison-aout","21":"pa_periode-de-recolte-floraison-juillet","22":"pa_periode-de-recolte-floraison-juin","23":"pa_periode-de-recolte-floraison-octobre","24":"pa_periode-de-recolte-floraison-septembre","25":"pa_periode-de-semis-plantation-avril","26":"pa_periode-de-semis-plantation-fevrier","27":"pa_periode-de-semis-plantation-mars","28":"pa_rusticite-craint-le-gel","29":"pa_utilisation-pleine-terre","30":"pa_utilisation-pot","32":"first","33":"instock","34":"taxable","35":"shipping-taxable","36":"purchasable","37":"product-type-simple"},"bundled_by":["30814"],"bundle_stock_status":"instock","bundle_stock_quantity":137,"bundle_virtual":false,"bundle_layout":"","bundle_add_to_cart_form_location":"","bundle_editable_in_cart":false,"bundle_sold_individually_context":"","bundle_item_grouping":"","bundle_min_size":"","bundle_max_size":"","bundled_items":[],"bundle_sell_ids":[],"yoast_head":"<!-- This site is optimized with the Yoast SEO Premium plugin v25.2 (Yoast SEO v27.3) - https:\/\/yoast.com\/product\/yoast-seo-premium-wordpress\/ -->\n<title>Aubergine Listada de Gandia - Ernest TURC<\/title>\n<meta name=\"description\" content=\"Aubergine Listada de Gandia \u00e0 acheter en ligne avec Ernest Turc, producteur de bulbes et de graines. D\u00e9couvrez notre s\u00e9lection de Aubergines pour sublimer vos jardins.\" \/>\n<meta name=\"robots\" content=\"index, follow, max-snippet:-1, max-image-preview:large, max-video-preview:-1\" \/>\n<link rel=\"canonical\" href=\"https:\/\/www.ernest-turc.com\/boutique\/produits\/graines\/potageres\/aubergines-potageres\/aubergine-listada-de-gandia\/\" \/>\n<meta property=\"og:locale\" content=\"fr_FR\" \/>\n<meta property=\"og:type\" content=\"article\" \/>\n<meta property=\"og:title\" content=\"Aubergine Listada de Gandia\" \/>\n<meta property=\"og:description\" content=\"Aubergine Listada de Gandia \u00e0 acheter en ligne avec Ernest Turc, producteur de bulbes et de graines. D\u00e9couvrez notre s\u00e9lection de Aubergines pour sublimer vos jardins.\" \/>\n<meta property=\"og:url\" content=\"https:\/\/www.ernest-turc.com\/boutique\/produits\/graines\/potageres\/aubergines-potageres\/aubergine-listada-de-gandia\/\" \/>\n<meta property=\"og:site_name\" content=\"Ernest TURC\" \/>\n<meta property=\"article:publisher\" content=\"https:\/\/www.facebook.com\/ErnestTURC49\" \/>\n<meta property=\"article:modified_time\" content=\"2026-04-02T19:14:34+00:00\" \/>\n<meta property=\"og:image\" content=\"https:\/\/www.ernest-turc.com\/boutique\/wp-content\/uploads\/2021\/01\/aubergine-listada-de-gandia.jpg\" \/>\n\t<meta property=\"og:image:width\" content=\"800\" \/>\n\t<meta property=\"og:image:height\" content=\"800\" \/>\n\t<meta property=\"og:image:type\" content=\"image\/jpeg\" \/>\n<meta name=\"twitter:card\" content=\"summary_large_image\" \/>\n<meta name=\"twitter:label1\" content=\"Prix\" \/>\n\t<meta name=\"twitter:data1\" content=\"2,99&euro;TTCTTC\" \/>\n\t<meta name=\"twitter:label2\" content=\"Disponibilit\u00e9\" \/>\n\t<meta name=\"twitter:data2\" content=\"En stock\" \/>\n<script type=\"application\/ld+json\" class=\"yoast-schema-graph\">{\"@context\":\"https:\\\/\\\/schema.org\",\"@graph\":[{\"@type\":\"WebPage\",\"@id\":\"https:\\\/\\\/www.ernest-turc.com\\\/boutique\\\/produits\\\/graines\\\/potageres\\\/aubergines-potageres\\\/aubergine-listada-de-gandia\\\/\",\"url\":\"https:\\\/\\\/www.ernest-turc.com\\\/boutique\\\/produits\\\/graines\\\/potageres\\\/aubergines-potageres\\\/aubergine-listada-de-gandia\\\/\",\"name\":\"Aubergine Listada de Gandia - Ernest TURC\",\"isPartOf\":{\"@id\":\"https:\\\/\\\/www.ernest-turc.com\\\/boutique\\\/#website\"},\"primaryImageOfPage\":{\"@id\":\"https:\\\/\\\/www.ernest-turc.com\\\/boutique\\\/produits\\\/graines\\\/potageres\\\/aubergines-potageres\\\/aubergine-listada-de-gandia\\\/#primaryimage\"},\"image\":{\"@id\":\"https:\\\/\\\/www.ernest-turc.com\\\/boutique\\\/produits\\\/graines\\\/potageres\\\/aubergines-potageres\\\/aubergine-listada-de-gandia\\\/#primaryimage\"},\"thumbnailUrl\":\"https:\\\/\\\/www.ernest-turc.com\\\/boutique\\\/wp-content\\\/uploads\\\/2021\\\/01\\\/aubergine-listada-de-gandia.jpg\",\"datePublished\":\"2021-03-18T08:48:52+00:00\",\"dateModified\":\"2026-04-02T19:14:34+00:00\",\"description\":\"Aubergine Listada de Gandia \u00e0 acheter en ligne avec Ernest Turc, producteur de bulbes et de graines. D\u00e9couvrez notre s\u00e9lection de Aubergines pour sublimer vos jardins.\",\"breadcrumb\":{\"@id\":\"https:\\\/\\\/www.ernest-turc.com\\\/boutique\\\/produits\\\/graines\\\/potageres\\\/aubergines-potageres\\\/aubergine-listada-de-gandia\\\/#breadcrumb\"},\"inLanguage\":\"fr-FR\",\"potentialAction\":[{\"@type\":\"ReadAction\",\"target\":[\"https:\\\/\\\/www.ernest-turc.com\\\/boutique\\\/produits\\\/graines\\\/potageres\\\/aubergines-potageres\\\/aubergine-listada-de-gandia\\\/\"]}]},{\"@type\":\"ImageObject\",\"inLanguage\":\"fr-FR\",\"@id\":\"https:\\\/\\\/www.ernest-turc.com\\\/boutique\\\/produits\\\/graines\\\/potageres\\\/aubergines-potageres\\\/aubergine-listada-de-gandia\\\/#primaryimage\",\"url\":\"https:\\\/\\\/www.ernest-turc.com\\\/boutique\\\/wp-content\\\/uploads\\\/2021\\\/01\\\/aubergine-listada-de-gandia.jpg\",\"contentUrl\":\"https:\\\/\\\/www.ernest-turc.com\\\/boutique\\\/wp-content\\\/uploads\\\/2021\\\/01\\\/aubergine-listada-de-gandia.jpg\",\"width\":800,\"height\":800,\"caption\":\"Aubergine Listada de Gandia\"},{\"@type\":\"BreadcrumbList\",\"@id\":\"https:\\\/\\\/www.ernest-turc.com\\\/boutique\\\/produits\\\/graines\\\/potageres\\\/aubergines-potageres\\\/aubergine-listada-de-gandia\\\/#breadcrumb\",\"itemListElement\":[{\"@type\":\"ListItem\",\"position\":1,\"name\":\"Accueil\",\"item\":\"https:\\\/\\\/www.ernest-turc.com\\\/boutique\\\/\"},{\"@type\":\"ListItem\",\"position\":2,\"name\":\"Boutique\",\"item\":\"https:\\\/\\\/www.ernest-turc.fr\\\/boutique\\\/produits\\\/\"},{\"@type\":\"ListItem\",\"position\":3,\"name\":\"Aubergine Listada de Gandia\"}]},{\"@type\":\"WebSite\",\"@id\":\"https:\\\/\\\/www.ernest-turc.com\\\/boutique\\\/#website\",\"url\":\"https:\\\/\\\/www.ernest-turc.com\\\/boutique\\\/\",\"name\":\"Ernest TURC\",\"description\":\"\",\"publisher\":{\"@id\":\"https:\\\/\\\/www.ernest-turc.com\\\/boutique\\\/#organization\"},\"potentialAction\":[{\"@type\":\"SearchAction\",\"target\":{\"@type\":\"EntryPoint\",\"urlTemplate\":\"https:\\\/\\\/www.ernest-turc.com\\\/boutique\\\/?s={search_term_string}\"},\"query-input\":{\"@type\":\"PropertyValueSpecification\",\"valueRequired\":true,\"valueName\":\"search_term_string\"}}],\"inLanguage\":\"fr-FR\"},{\"@type\":\"Organization\",\"@id\":\"https:\\\/\\\/www.ernest-turc.com\\\/boutique\\\/#organization\",\"name\":\"Boutique Ernest TURC\",\"alternateName\":\"Ernest TURC\",\"url\":\"https:\\\/\\\/www.ernest-turc.com\\\/boutique\\\/\",\"logo\":{\"@type\":\"ImageObject\",\"inLanguage\":\"fr-FR\",\"@id\":\"https:\\\/\\\/www.ernest-turc.com\\\/boutique\\\/#\\\/schema\\\/logo\\\/image\\\/\",\"url\":\"https:\\\/\\\/www.ernest-turc.com\\\/boutique\\\/wp-content\\\/uploads\\\/2020\\\/10\\\/logo.png\",\"contentUrl\":\"https:\\\/\\\/www.ernest-turc.com\\\/boutique\\\/wp-content\\\/uploads\\\/2020\\\/10\\\/logo.png\",\"width\":161,\"height\":161,\"caption\":\"Boutique Ernest TURC\"},\"image\":{\"@id\":\"https:\\\/\\\/www.ernest-turc.com\\\/boutique\\\/#\\\/schema\\\/logo\\\/image\\\/\"},\"sameAs\":[\"https:\\\/\\\/www.facebook.com\\\/ErnestTURC49\",\"https:\\\/\\\/www.instagram.com\\\/ernestturc\",\"https:\\\/\\\/www.linkedin.com\\\/company\\\/ernest-turc\\\/\",\"https:\\\/\\\/www.pinterest.fr\\\/ernestturc\",\"https:\\\/\\\/www.youtube.com\\\/channel\\\/UCH3ntWhy3mdcqw9-xF6pmEQ\"]}]}<\/script>\n<meta property=\"product:price:amount\" content=\"2.99\" \/>\n<meta property=\"product:price:currency\" content=\"EUR\" \/>\n<meta property=\"og:availability\" content=\"instock\" \/>\n<meta property=\"product:availability\" content=\"instock\" \/>\n<meta property=\"product:retailer_item_id\" content=\"956796\" \/>\n<meta property=\"product:condition\" content=\"new\" \/>\n<!-- \/ Yoast SEO Premium plugin. -->","yoast_head_json":{"title":"Aubergine Listada de Gandia - Ernest TURC","description":"Aubergine Listada de Gandia \u00e0 acheter en ligne avec Ernest Turc, producteur de bulbes et de graines. D\u00e9couvrez notre s\u00e9lection de Aubergines pour sublimer vos jardins.","robots":{"index":"index","follow":"follow","max-snippet":"max-snippet:-1","max-image-preview":"max-image-preview:large","max-video-preview":"max-video-preview:-1"},"canonical":"https:\/\/www.ernest-turc.com\/boutique\/produits\/graines\/potageres\/aubergines-potageres\/aubergine-listada-de-gandia\/","og_locale":"fr_FR","og_type":"article","og_title":"Aubergine Listada de Gandia","og_description":"Aubergine Listada de Gandia \u00e0 acheter en ligne avec Ernest Turc, producteur de bulbes et de graines. D\u00e9couvrez notre s\u00e9lection de Aubergines pour sublimer vos jardins.","og_url":"https:\/\/www.ernest-turc.com\/boutique\/produits\/graines\/potageres\/aubergines-potageres\/aubergine-listada-de-gandia\/","og_site_name":"Ernest TURC","article_publisher":"https:\/\/www.facebook.com\/ErnestTURC49","article_modified_time":"2026-04-02T19:14:34+00:00","og_image":[{"width":800,"height":800,"url":"https:\/\/www.ernest-turc.com\/boutique\/wp-content\/uploads\/2021\/01\/aubergine-listada-de-gandia.jpg","type":"image\/jpeg"}],"twitter_card":"summary_large_image","twitter_misc":{"Prix":"2,99&euro;TTCTTC","Disponibilit\u00e9":"En stock"},"schema":{"@context":"https:\/\/schema.org","@graph":[{"@type":"WebPage","@id":"https:\/\/www.ernest-turc.com\/boutique\/produits\/graines\/potageres\/aubergines-potageres\/aubergine-listada-de-gandia\/","url":"https:\/\/www.ernest-turc.com\/boutique\/produits\/graines\/potageres\/aubergines-potageres\/aubergine-listada-de-gandia\/","name":"Aubergine Listada de Gandia - Ernest TURC","isPartOf":{"@id":"https:\/\/www.ernest-turc.com\/boutique\/#website"},"primaryImageOfPage":{"@id":"https:\/\/www.ernest-turc.com\/boutique\/produits\/graines\/potageres\/aubergines-potageres\/aubergine-listada-de-gandia\/#primaryimage"},"image":{"@id":"https:\/\/www.ernest-turc.com\/boutique\/produits\/graines\/potageres\/aubergines-potageres\/aubergine-listada-de-gandia\/#primaryimage"},"thumbnailUrl":"https:\/\/www.ernest-turc.com\/boutique\/wp-content\/uploads\/2021\/01\/aubergine-listada-de-gandia.jpg","datePublished":"2021-03-18T08:48:52+00:00","dateModified":"2026-04-02T19:14:34+00:00","description":"Aubergine Listada de Gandia \u00e0 acheter en ligne avec Ernest Turc, producteur de bulbes et de graines. D\u00e9couvrez notre s\u00e9lection de Aubergines pour sublimer vos jardins.","breadcrumb":{"@id":"https:\/\/www.ernest-turc.com\/boutique\/produits\/graines\/potageres\/aubergines-potageres\/aubergine-listada-de-gandia\/#breadcrumb"},"inLanguage":"fr-FR","potentialAction":[{"@type":"ReadAction","target":["https:\/\/www.ernest-turc.com\/boutique\/produits\/graines\/potageres\/aubergines-potageres\/aubergine-listada-de-gandia\/"]}]},{"@type":"ImageObject","inLanguage":"fr-FR","@id":"https:\/\/www.ernest-turc.com\/boutique\/produits\/graines\/potageres\/aubergines-potageres\/aubergine-listada-de-gandia\/#primaryimage","url":"https:\/\/www.ernest-turc.com\/boutique\/wp-content\/uploads\/2021\/01\/aubergine-listada-de-gandia.jpg","contentUrl":"https:\/\/www.ernest-turc.com\/boutique\/wp-content\/uploads\/2021\/01\/aubergine-listada-de-gandia.jpg","width":800,"height":800,"caption":"Aubergine Listada de Gandia"},{"@type":"BreadcrumbList","@id":"https:\/\/www.ernest-turc.com\/boutique\/produits\/graines\/potageres\/aubergines-potageres\/aubergine-listada-de-gandia\/#breadcrumb","itemListElement":[{"@type":"ListItem","position":1,"name":"Accueil","item":"https:\/\/www.ernest-turc.com\/boutique\/"},{"@type":"ListItem","position":2,"name":"Boutique","item":"https:\/\/www.ernest-turc.fr\/boutique\/produits\/"},{"@type":"ListItem","position":3,"name":"Aubergine Listada de Gandia"}]},{"@type":"WebSite","@id":"https:\/\/www.ernest-turc.com\/boutique\/#website","url":"https:\/\/www.ernest-turc.com\/boutique\/","name":"Ernest TURC","description":"","publisher":{"@id":"https:\/\/www.ernest-turc.com\/boutique\/#organization"},"potentialAction":[{"@type":"SearchAction","target":{"@type":"EntryPoint","urlTemplate":"https:\/\/www.ernest-turc.com\/boutique\/?s={search_term_string}"},"query-input":{"@type":"PropertyValueSpecification","valueRequired":true,"valueName":"search_term_string"}}],"inLanguage":"fr-FR"},{"@type":"Organization","@id":"https:\/\/www.ernest-turc.com\/boutique\/#organization","name":"Boutique Ernest TURC","alternateName":"Ernest TURC","url":"https:\/\/www.ernest-turc.com\/boutique\/","logo":{"@type":"ImageObject","inLanguage":"fr-FR","@id":"https:\/\/www.ernest-turc.com\/boutique\/#\/schema\/logo\/image\/","url":"https:\/\/www.ernest-turc.com\/boutique\/wp-content\/uploads\/2020\/10\/logo.png","contentUrl":"https:\/\/www.ernest-turc.com\/boutique\/wp-content\/uploads\/2020\/10\/logo.png","width":161,"height":161,"caption":"Boutique Ernest TURC"},"image":{"@id":"https:\/\/www.ernest-turc.com\/boutique\/#\/schema\/logo\/image\/"},"sameAs":["https:\/\/www.facebook.com\/ErnestTURC49","https:\/\/www.instagram.com\/ernestturc","https:\/\/www.linkedin.com\/company\/ernest-turc\/","https:\/\/www.pinterest.fr\/ernestturc","https:\/\/www.youtube.com\/channel\/UCH3ntWhy3mdcqw9-xF6pmEQ"]}]},"product_price_amount":"2.99","product_price_currency":"EUR","og_availability":"instock","product_availability":"instock","product_retailer_item_id":"956796","product_condition":"new"},"_links":{"self":[{"href":"https:\/\/www.ernest-turc.com\/boutique\/wp-json\/wp\/v2\/product\/4508","targetHints":{"allow":["GET"]}}],"collection":[{"href":"https:\/\/www.ernest-turc.com\/boutique\/wp-json\/wp\/v2\/product"}],"about":[{"href":"https:\/\/www.ernest-turc.com\/boutique\/wp-json\/wp\/v2\/types\/product"}],"wp:featuredmedia":[{"embeddable":true,"href":"https:\/\/www.ernest-turc.com\/boutique\/wp-json\/wp\/v2\/media\/6036"}],"wp:attachment":[{"href":"https:\/\/www.ernest-turc.com\/boutique\/wp-json\/wp\/v2\/media?parent=4508"}],"wp:term":[{"taxonomy":"product_brand","embeddable":true,"href":"https:\/\/www.ernest-turc.com\/boutique\/wp-json\/wp\/v2\/product_brand?post=4508"},{"taxonomy":"product_cat","embeddable":true,"href":"https:\/\/www.ernest-turc.com\/boutique\/wp-json\/wp\/v2\/product_cat?post=4508"},{"taxonomy":"product_tag","embeddable":true,"href":"https:\/\/www.ernest-turc.com\/boutique\/wp-json\/wp\/v2\/product_tag?post=4508"}],"curies":[{"name":"wp","href":"https:\/\/api.w.org\/{rel}","templated":true}]}}