{"id":4504,"date":"2021-03-18T08:48:33","date_gmt":"2021-03-18T08:48:33","guid":{"rendered":"https:\/\/www.ernest-turc.com\/boutique\/boutique\/aubergine-blanche-ronde-a-%c2%9cuf\/"},"modified":"2026-03-31T15:12:42","modified_gmt":"2026-03-31T15:12:42","slug":"aubergine-blanche-ronde-a-oeuf","status":"publish","type":"product","link":"https:\/\/www.ernest-turc.com\/boutique\/produits\/graines\/potageres\/aubergines-potageres\/aubergine-blanche-ronde-a-oeuf\/","title":{"rendered":"Aubergine blanche ronde \u00e0 \u0153uf"},"content":{"rendered":"<p style=\"text-align: justify\">L&#8217;aubergine Blanche Ronde \u00e0 \u0152uf est une vari\u00e9t\u00e9 tr\u00e8s ancienne et tr\u00e8s originale, par son \u00e9piderme et sa chair blanche, ainsi que par sa forme rappelant celle d&#8217;un \u0153uf. Elle est tr\u00e8s pr\u00e9coce, car elle se r\u00e9colte jeune, lorsque sa taille n&#8217;exc\u00e8de pas celle d&#8217;un gros \u0153uf de poule. Particuli\u00e8rement adapt\u00e9e \u00e0 la culture en pot, elle apportera une touche d\u00e9corative \u00e0 vos balcons et terrasses. Produisant 10 \u00e0 15 fruits par plants, elle ravira vos papilles en ratatouille gr\u00e2ce \u00e0 son go\u00fbt savoureux, se rapprochant du champignon. \u00a0<\/p>\n","protected":false},"excerpt":{"rendered":"<p style=\"text-align: justify\">L&#8217;aubergine Blanche Ronde \u00e0 \u0152uf est une vari\u00e9t\u00e9 tr\u00e8s ancienne et tr\u00e8s originale, par son \u00e9piderme et sa chair blanche, ainsi que par sa forme rappelant celle d&#8217;un \u0153uf. Elle est tr\u00e8s pr\u00e9coce, car elle se r\u00e9colte jeune, lorsque sa taille n&#8217;exc\u00e8de pas celle d&#8217;un gros oeuf de poule. Particuli\u00e8rement adapt\u00e9e \u00e0 la culture en pot, elle apportera une touche d\u00e9corative \u00e0 vos balcons et terrasses. Produisant 10 \u00e0 15 fruits par plants, elle ravira vos papilles en ratatouille gr\u00e2ce \u00e0 son go\u00fbt savoureux, se rapprochant du champignon.<\/p>\n","protected":false},"featured_media":14069,"template":"","meta":{"_relevanssi_hide_post":"","_relevanssi_hide_content":"","_relevanssi_pin_for_all":"","_relevanssi_pin_keywords":"","_relevanssi_unpin_keywords":"","_relevanssi_related_keywords":"","_relevanssi_related_include_ids":"","_relevanssi_related_exclude_ids":"","_relevanssi_related_no_append":"","_relevanssi_related_not_related":"","_relevanssi_related_posts":"","_relevanssi_noindex_reason":""},"product_brand":[],"product_cat":[614,221,222,2420,1786],"product_tag":[2428],"class_list":{"0":"post-4504","1":"product","2":"type-product","3":"status-publish","4":"has-post-thumbnail","6":"product_cat-aubergines-potageres","7":"product_cat-graines","8":"product_cat-potageres","9":"product_cat-legumes-blancs","10":"product_cat-semis-precoces","11":"product_tag-aubergine-blanche","12":"product_shipping_class-graines","13":"pa_conditionnement-734","14":"pa_couleur-blanc","15":"pa_cycle-de-vie-annuelle","16":"pa_disponibilite-toute-lannee","17":"pa_exposition-ensoleillee","18":"pa_grammage-17-g","19":"pa_hauteur-de-la-plante-60-cm","20":"pa_periode-de-recolte-floraison-aout","21":"pa_periode-de-recolte-floraison-juillet","22":"pa_periode-de-recolte-floraison-juin","23":"pa_periode-de-recolte-floraison-octobre","24":"pa_periode-de-recolte-floraison-septembre","25":"pa_periode-de-semis-plantation-avril","26":"pa_periode-de-semis-plantation-fevrier","27":"pa_periode-de-semis-plantation-mars","28":"pa_rusticite-craint-le-gel","29":"pa_utilisation-pleine-terre","30":"pa_utilisation-pot","32":"first","33":"instock","34":"taxable","35":"shipping-taxable","36":"purchasable","37":"product-type-simple"},"bundled_by":[],"bundle_stock_status":"instock","bundle_stock_quantity":64,"bundle_virtual":false,"bundle_layout":"","bundle_add_to_cart_form_location":"","bundle_editable_in_cart":false,"bundle_sold_individually_context":"","bundle_item_grouping":"","bundle_min_size":"","bundle_max_size":"","bundled_items":[],"bundle_sell_ids":[],"yoast_head":"<!-- This site is optimized with the Yoast SEO Premium plugin v25.2 (Yoast SEO v27.3) - https:\/\/yoast.com\/product\/yoast-seo-premium-wordpress\/ -->\n<title>Aubergine blanche ronde \u00e0 \u0153uf - Ernest TURC<\/title>\n<meta name=\"description\" content=\"Aubergine blanche ronde \u00e0 \u0153uf \u00e0 acheter en ligne avec Ernest Turc, producteur de bulbes et de graines. D\u00e9couvrez notre s\u00e9lection de Aubergines pour sublimer vos jardins.\" \/>\n<meta name=\"robots\" content=\"index, follow, max-snippet:-1, max-image-preview:large, max-video-preview:-1\" \/>\n<link rel=\"canonical\" href=\"https:\/\/www.ernest-turc.com\/boutique\/produits\/graines\/potageres\/aubergines-potageres\/aubergine-blanche-ronde-a-oeuf\/\" \/>\n<meta property=\"og:locale\" content=\"fr_FR\" \/>\n<meta property=\"og:type\" content=\"article\" \/>\n<meta property=\"og:title\" content=\"Aubergine blanche ronde \u00e0 \u0153uf\" \/>\n<meta property=\"og:description\" content=\"Aubergine blanche ronde \u00e0 \u0153uf \u00e0 acheter en ligne avec Ernest Turc, producteur de bulbes et de graines. D\u00e9couvrez notre s\u00e9lection de Aubergines pour sublimer vos jardins.\" \/>\n<meta property=\"og:url\" content=\"https:\/\/www.ernest-turc.com\/boutique\/produits\/graines\/potageres\/aubergines-potageres\/aubergine-blanche-ronde-a-oeuf\/\" \/>\n<meta property=\"og:site_name\" content=\"Ernest TURC\" \/>\n<meta property=\"article:publisher\" content=\"https:\/\/www.facebook.com\/ErnestTURC49\" \/>\n<meta property=\"article:modified_time\" content=\"2026-03-31T15:12:42+00:00\" \/>\n<meta property=\"og:image\" content=\"https:\/\/www.ernest-turc.com\/boutique\/wp-content\/uploads\/2021\/02\/aubergine-blanche-ronde-a-oeuf.jpg\" \/>\n\t<meta property=\"og:image:width\" content=\"800\" \/>\n\t<meta property=\"og:image:height\" content=\"800\" \/>\n\t<meta property=\"og:image:type\" content=\"image\/jpeg\" \/>\n<meta name=\"twitter:card\" content=\"summary_large_image\" \/>\n<meta name=\"twitter:label1\" content=\"Prix\" \/>\n\t<meta name=\"twitter:data1\" content=\"4,25&euro;TTCTTC\" \/>\n\t<meta name=\"twitter:label2\" content=\"Disponibilit\u00e9\" \/>\n\t<meta name=\"twitter:data2\" content=\"En stock\" \/>\n<script type=\"application\/ld+json\" class=\"yoast-schema-graph\">{\"@context\":\"https:\\\/\\\/schema.org\",\"@graph\":[{\"@type\":\"WebPage\",\"@id\":\"https:\\\/\\\/www.ernest-turc.com\\\/boutique\\\/produits\\\/graines\\\/potageres\\\/aubergines-potageres\\\/aubergine-blanche-ronde-a-oeuf\\\/\",\"url\":\"https:\\\/\\\/www.ernest-turc.com\\\/boutique\\\/produits\\\/graines\\\/potageres\\\/aubergines-potageres\\\/aubergine-blanche-ronde-a-oeuf\\\/\",\"name\":\"Aubergine blanche ronde \u00e0 \u0153uf - Ernest TURC\",\"isPartOf\":{\"@id\":\"https:\\\/\\\/www.ernest-turc.com\\\/boutique\\\/#website\"},\"primaryImageOfPage\":{\"@id\":\"https:\\\/\\\/www.ernest-turc.com\\\/boutique\\\/produits\\\/graines\\\/potageres\\\/aubergines-potageres\\\/aubergine-blanche-ronde-a-oeuf\\\/#primaryimage\"},\"image\":{\"@id\":\"https:\\\/\\\/www.ernest-turc.com\\\/boutique\\\/produits\\\/graines\\\/potageres\\\/aubergines-potageres\\\/aubergine-blanche-ronde-a-oeuf\\\/#primaryimage\"},\"thumbnailUrl\":\"https:\\\/\\\/www.ernest-turc.com\\\/boutique\\\/wp-content\\\/uploads\\\/2021\\\/02\\\/aubergine-blanche-ronde-a-oeuf.jpg\",\"datePublished\":\"2021-03-18T08:48:33+00:00\",\"dateModified\":\"2026-03-31T15:12:42+00:00\",\"description\":\"Aubergine blanche ronde \u00e0 \u0153uf \u00e0 acheter en ligne avec Ernest Turc, producteur de bulbes et de graines. D\u00e9couvrez notre s\u00e9lection de Aubergines pour sublimer vos jardins.\",\"breadcrumb\":{\"@id\":\"https:\\\/\\\/www.ernest-turc.com\\\/boutique\\\/produits\\\/graines\\\/potageres\\\/aubergines-potageres\\\/aubergine-blanche-ronde-a-oeuf\\\/#breadcrumb\"},\"inLanguage\":\"fr-FR\",\"potentialAction\":[{\"@type\":\"ReadAction\",\"target\":[\"https:\\\/\\\/www.ernest-turc.com\\\/boutique\\\/produits\\\/graines\\\/potageres\\\/aubergines-potageres\\\/aubergine-blanche-ronde-a-oeuf\\\/\"]}]},{\"@type\":\"ImageObject\",\"inLanguage\":\"fr-FR\",\"@id\":\"https:\\\/\\\/www.ernest-turc.com\\\/boutique\\\/produits\\\/graines\\\/potageres\\\/aubergines-potageres\\\/aubergine-blanche-ronde-a-oeuf\\\/#primaryimage\",\"url\":\"https:\\\/\\\/www.ernest-turc.com\\\/boutique\\\/wp-content\\\/uploads\\\/2021\\\/02\\\/aubergine-blanche-ronde-a-oeuf.jpg\",\"contentUrl\":\"https:\\\/\\\/www.ernest-turc.com\\\/boutique\\\/wp-content\\\/uploads\\\/2021\\\/02\\\/aubergine-blanche-ronde-a-oeuf.jpg\",\"width\":800,\"height\":800,\"caption\":\"Aubergine blanche ronde \u00e0 \u0153uf\"},{\"@type\":\"BreadcrumbList\",\"@id\":\"https:\\\/\\\/www.ernest-turc.com\\\/boutique\\\/produits\\\/graines\\\/potageres\\\/aubergines-potageres\\\/aubergine-blanche-ronde-a-oeuf\\\/#breadcrumb\",\"itemListElement\":[{\"@type\":\"ListItem\",\"position\":1,\"name\":\"Accueil\",\"item\":\"https:\\\/\\\/www.ernest-turc.com\\\/boutique\\\/\"},{\"@type\":\"ListItem\",\"position\":2,\"name\":\"Boutique\",\"item\":\"https:\\\/\\\/www.ernest-turc.fr\\\/boutique\\\/produits\\\/\"},{\"@type\":\"ListItem\",\"position\":3,\"name\":\"Aubergine blanche ronde \u00e0 \u0153uf\"}]},{\"@type\":\"WebSite\",\"@id\":\"https:\\\/\\\/www.ernest-turc.com\\\/boutique\\\/#website\",\"url\":\"https:\\\/\\\/www.ernest-turc.com\\\/boutique\\\/\",\"name\":\"Ernest TURC\",\"description\":\"\",\"publisher\":{\"@id\":\"https:\\\/\\\/www.ernest-turc.com\\\/boutique\\\/#organization\"},\"potentialAction\":[{\"@type\":\"SearchAction\",\"target\":{\"@type\":\"EntryPoint\",\"urlTemplate\":\"https:\\\/\\\/www.ernest-turc.com\\\/boutique\\\/?s={search_term_string}\"},\"query-input\":{\"@type\":\"PropertyValueSpecification\",\"valueRequired\":true,\"valueName\":\"search_term_string\"}}],\"inLanguage\":\"fr-FR\"},{\"@type\":\"Organization\",\"@id\":\"https:\\\/\\\/www.ernest-turc.com\\\/boutique\\\/#organization\",\"name\":\"Boutique Ernest TURC\",\"alternateName\":\"Ernest TURC\",\"url\":\"https:\\\/\\\/www.ernest-turc.com\\\/boutique\\\/\",\"logo\":{\"@type\":\"ImageObject\",\"inLanguage\":\"fr-FR\",\"@id\":\"https:\\\/\\\/www.ernest-turc.com\\\/boutique\\\/#\\\/schema\\\/logo\\\/image\\\/\",\"url\":\"https:\\\/\\\/www.ernest-turc.com\\\/boutique\\\/wp-content\\\/uploads\\\/2020\\\/10\\\/logo.png\",\"contentUrl\":\"https:\\\/\\\/www.ernest-turc.com\\\/boutique\\\/wp-content\\\/uploads\\\/2020\\\/10\\\/logo.png\",\"width\":161,\"height\":161,\"caption\":\"Boutique Ernest TURC\"},\"image\":{\"@id\":\"https:\\\/\\\/www.ernest-turc.com\\\/boutique\\\/#\\\/schema\\\/logo\\\/image\\\/\"},\"sameAs\":[\"https:\\\/\\\/www.facebook.com\\\/ErnestTURC49\",\"https:\\\/\\\/www.instagram.com\\\/ernestturc\",\"https:\\\/\\\/www.linkedin.com\\\/company\\\/ernest-turc\\\/\",\"https:\\\/\\\/www.pinterest.fr\\\/ernestturc\",\"https:\\\/\\\/www.youtube.com\\\/channel\\\/UCH3ntWhy3mdcqw9-xF6pmEQ\"]}]}<\/script>\n<meta property=\"product:price:amount\" content=\"4.25\" \/>\n<meta property=\"product:price:currency\" content=\"EUR\" \/>\n<meta property=\"og:availability\" content=\"instock\" \/>\n<meta property=\"product:availability\" content=\"instock\" \/>\n<meta property=\"product:retailer_item_id\" content=\"956794\" \/>\n<meta property=\"product:condition\" content=\"new\" \/>\n<!-- \/ Yoast SEO Premium plugin. -->","yoast_head_json":{"title":"Aubergine blanche ronde \u00e0 \u0153uf - Ernest TURC","description":"Aubergine blanche ronde \u00e0 \u0153uf \u00e0 acheter en ligne avec Ernest Turc, producteur de bulbes et de graines. D\u00e9couvrez notre s\u00e9lection de Aubergines pour sublimer vos jardins.","robots":{"index":"index","follow":"follow","max-snippet":"max-snippet:-1","max-image-preview":"max-image-preview:large","max-video-preview":"max-video-preview:-1"},"canonical":"https:\/\/www.ernest-turc.com\/boutique\/produits\/graines\/potageres\/aubergines-potageres\/aubergine-blanche-ronde-a-oeuf\/","og_locale":"fr_FR","og_type":"article","og_title":"Aubergine blanche ronde \u00e0 \u0153uf","og_description":"Aubergine blanche ronde \u00e0 \u0153uf \u00e0 acheter en ligne avec Ernest Turc, producteur de bulbes et de graines. D\u00e9couvrez notre s\u00e9lection de Aubergines pour sublimer vos jardins.","og_url":"https:\/\/www.ernest-turc.com\/boutique\/produits\/graines\/potageres\/aubergines-potageres\/aubergine-blanche-ronde-a-oeuf\/","og_site_name":"Ernest TURC","article_publisher":"https:\/\/www.facebook.com\/ErnestTURC49","article_modified_time":"2026-03-31T15:12:42+00:00","og_image":[{"width":800,"height":800,"url":"https:\/\/www.ernest-turc.com\/boutique\/wp-content\/uploads\/2021\/02\/aubergine-blanche-ronde-a-oeuf.jpg","type":"image\/jpeg"}],"twitter_card":"summary_large_image","twitter_misc":{"Prix":"4,25&euro;TTCTTC","Disponibilit\u00e9":"En stock"},"schema":{"@context":"https:\/\/schema.org","@graph":[{"@type":"WebPage","@id":"https:\/\/www.ernest-turc.com\/boutique\/produits\/graines\/potageres\/aubergines-potageres\/aubergine-blanche-ronde-a-oeuf\/","url":"https:\/\/www.ernest-turc.com\/boutique\/produits\/graines\/potageres\/aubergines-potageres\/aubergine-blanche-ronde-a-oeuf\/","name":"Aubergine blanche ronde \u00e0 \u0153uf - Ernest TURC","isPartOf":{"@id":"https:\/\/www.ernest-turc.com\/boutique\/#website"},"primaryImageOfPage":{"@id":"https:\/\/www.ernest-turc.com\/boutique\/produits\/graines\/potageres\/aubergines-potageres\/aubergine-blanche-ronde-a-oeuf\/#primaryimage"},"image":{"@id":"https:\/\/www.ernest-turc.com\/boutique\/produits\/graines\/potageres\/aubergines-potageres\/aubergine-blanche-ronde-a-oeuf\/#primaryimage"},"thumbnailUrl":"https:\/\/www.ernest-turc.com\/boutique\/wp-content\/uploads\/2021\/02\/aubergine-blanche-ronde-a-oeuf.jpg","datePublished":"2021-03-18T08:48:33+00:00","dateModified":"2026-03-31T15:12:42+00:00","description":"Aubergine blanche ronde \u00e0 \u0153uf \u00e0 acheter en ligne avec Ernest Turc, producteur de bulbes et de graines. D\u00e9couvrez notre s\u00e9lection de Aubergines pour sublimer vos jardins.","breadcrumb":{"@id":"https:\/\/www.ernest-turc.com\/boutique\/produits\/graines\/potageres\/aubergines-potageres\/aubergine-blanche-ronde-a-oeuf\/#breadcrumb"},"inLanguage":"fr-FR","potentialAction":[{"@type":"ReadAction","target":["https:\/\/www.ernest-turc.com\/boutique\/produits\/graines\/potageres\/aubergines-potageres\/aubergine-blanche-ronde-a-oeuf\/"]}]},{"@type":"ImageObject","inLanguage":"fr-FR","@id":"https:\/\/www.ernest-turc.com\/boutique\/produits\/graines\/potageres\/aubergines-potageres\/aubergine-blanche-ronde-a-oeuf\/#primaryimage","url":"https:\/\/www.ernest-turc.com\/boutique\/wp-content\/uploads\/2021\/02\/aubergine-blanche-ronde-a-oeuf.jpg","contentUrl":"https:\/\/www.ernest-turc.com\/boutique\/wp-content\/uploads\/2021\/02\/aubergine-blanche-ronde-a-oeuf.jpg","width":800,"height":800,"caption":"Aubergine blanche ronde \u00e0 \u0153uf"},{"@type":"BreadcrumbList","@id":"https:\/\/www.ernest-turc.com\/boutique\/produits\/graines\/potageres\/aubergines-potageres\/aubergine-blanche-ronde-a-oeuf\/#breadcrumb","itemListElement":[{"@type":"ListItem","position":1,"name":"Accueil","item":"https:\/\/www.ernest-turc.com\/boutique\/"},{"@type":"ListItem","position":2,"name":"Boutique","item":"https:\/\/www.ernest-turc.fr\/boutique\/produits\/"},{"@type":"ListItem","position":3,"name":"Aubergine blanche ronde \u00e0 \u0153uf"}]},{"@type":"WebSite","@id":"https:\/\/www.ernest-turc.com\/boutique\/#website","url":"https:\/\/www.ernest-turc.com\/boutique\/","name":"Ernest TURC","description":"","publisher":{"@id":"https:\/\/www.ernest-turc.com\/boutique\/#organization"},"potentialAction":[{"@type":"SearchAction","target":{"@type":"EntryPoint","urlTemplate":"https:\/\/www.ernest-turc.com\/boutique\/?s={search_term_string}"},"query-input":{"@type":"PropertyValueSpecification","valueRequired":true,"valueName":"search_term_string"}}],"inLanguage":"fr-FR"},{"@type":"Organization","@id":"https:\/\/www.ernest-turc.com\/boutique\/#organization","name":"Boutique Ernest TURC","alternateName":"Ernest TURC","url":"https:\/\/www.ernest-turc.com\/boutique\/","logo":{"@type":"ImageObject","inLanguage":"fr-FR","@id":"https:\/\/www.ernest-turc.com\/boutique\/#\/schema\/logo\/image\/","url":"https:\/\/www.ernest-turc.com\/boutique\/wp-content\/uploads\/2020\/10\/logo.png","contentUrl":"https:\/\/www.ernest-turc.com\/boutique\/wp-content\/uploads\/2020\/10\/logo.png","width":161,"height":161,"caption":"Boutique Ernest TURC"},"image":{"@id":"https:\/\/www.ernest-turc.com\/boutique\/#\/schema\/logo\/image\/"},"sameAs":["https:\/\/www.facebook.com\/ErnestTURC49","https:\/\/www.instagram.com\/ernestturc","https:\/\/www.linkedin.com\/company\/ernest-turc\/","https:\/\/www.pinterest.fr\/ernestturc","https:\/\/www.youtube.com\/channel\/UCH3ntWhy3mdcqw9-xF6pmEQ"]}]},"product_price_amount":"4.25","product_price_currency":"EUR","og_availability":"instock","product_availability":"instock","product_retailer_item_id":"956794","product_condition":"new"},"_links":{"self":[{"href":"https:\/\/www.ernest-turc.com\/boutique\/wp-json\/wp\/v2\/product\/4504","targetHints":{"allow":["GET"]}}],"collection":[{"href":"https:\/\/www.ernest-turc.com\/boutique\/wp-json\/wp\/v2\/product"}],"about":[{"href":"https:\/\/www.ernest-turc.com\/boutique\/wp-json\/wp\/v2\/types\/product"}],"wp:featuredmedia":[{"embeddable":true,"href":"https:\/\/www.ernest-turc.com\/boutique\/wp-json\/wp\/v2\/media\/14069"}],"wp:attachment":[{"href":"https:\/\/www.ernest-turc.com\/boutique\/wp-json\/wp\/v2\/media?parent=4504"}],"wp:term":[{"taxonomy":"product_brand","embeddable":true,"href":"https:\/\/www.ernest-turc.com\/boutique\/wp-json\/wp\/v2\/product_brand?post=4504"},{"taxonomy":"product_cat","embeddable":true,"href":"https:\/\/www.ernest-turc.com\/boutique\/wp-json\/wp\/v2\/product_cat?post=4504"},{"taxonomy":"product_tag","embeddable":true,"href":"https:\/\/www.ernest-turc.com\/boutique\/wp-json\/wp\/v2\/product_tag?post=4504"}],"curies":[{"name":"wp","href":"https:\/\/api.w.org\/{rel}","templated":true}]}}