{"id":4246,"date":"2021-03-18T08:16:19","date_gmt":"2021-03-18T08:16:19","guid":{"rendered":"https:\/\/www.ernest-turc.com\/boutique\/boutique\/souci-des-jardins-preseme-bio\/"},"modified":"2026-05-11T10:25:07","modified_gmt":"2026-05-11T10:25:07","slug":"souci-des-jardins-preseme-bio","status":"publish","type":"product","link":"https:\/\/www.ernest-turc.com\/boutique\/produits\/graines\/fleur\/autres-graines-fleurs-fleurs-graines\/souci-des-jardins-preseme-bio\/","title":{"rendered":"Souci des Jardins pr\u00e9sem\u00e9 bio"},"content":{"rendered":"<p style=\"text-align: justify\"><strong>Le Souci des jardins pr\u00e9sem\u00e9 bio<\/strong> est une plante annuelle et rustique d&#8217;un ton orange \u00e9clatant. Sa longue et abondante floraison est un r\u00e9el atout pour votre potager car il est suppos\u00e9 repousser les ravageurs. Il est \u00e9galement plein de vertus\u00a0m\u00e9dicinales pour soulager les petits maux et soucis du quotidien. Ce sachet contient 3 ronds de graines de 10 cm.<\/p>\n","protected":false},"excerpt":{"rendered":"<p style=\"text-align: justify\">Plante annuelle qui s&#8217;adapte \u00e0 tous les terrains. Fleurs comestibles poss\u00e8dant des vertus cicatrisantes et antiseptiques.<\/p>\n","protected":false},"featured_media":5376,"template":"","meta":{"_relevanssi_hide_post":"","_relevanssi_hide_content":"","_relevanssi_pin_for_all":"","_relevanssi_pin_keywords":"","_relevanssi_unpin_keywords":"","_relevanssi_related_keywords":"","_relevanssi_related_include_ids":"","_relevanssi_related_exclude_ids":"","_relevanssi_related_no_append":"","_relevanssi_related_not_related":"","_relevanssi_related_posts":"","_relevanssi_noindex_reason":""},"product_brand":[],"product_cat":[240,1594,225,1630,2218,221,1593,1633,1653,1655,224,223],"product_tag":[424,241,425,352,353],"class_list":{"0":"post-4246","1":"product","2":"type-product","3":"status-publish","4":"has-post-thumbnail","6":"product_cat-annuelles","7":"product_cat-autres-graines-fleurs-fleurs-graines","8":"product_cat-bio","9":"product_cat-fleurs-comestibles","10":"product_cat-fleurs-orange","11":"product_cat-graines","12":"product_cat-fleur","13":"product_cat-graines-fleurs-bio","14":"product_cat-naturalisables","15":"product_cat-plantes-melliferes","16":"product_cat-presemee","17":"product_cat-themes","18":"product_tag-fleurs","19":"product_tag-graines-bio","20":"product_tag-medicinale","21":"product_tag-preseme-bio","22":"product_tag-semis-facile","23":"product_shipping_class-graines","24":"pa_bio-logo-ab-oui","25":"pa_conditionnement-734","26":"pa_couleur-orange","27":"pa_cycle-de-vie-annuelle","28":"pa_disponibilite-toute-lannee","29":"pa_exposition-ensoleillee","30":"pa_exposition-mi-ensoleillee","31":"pa_grammage-preseme","32":"pa_hauteur-de-la-plante-50-cm","33":"pa_melliferes-oui","34":"pa_naturalisation-oui","35":"pa_periode-de-recolte-floraison-aout","36":"pa_periode-de-recolte-floraison-juillet","37":"pa_periode-de-recolte-floraison-juin","38":"pa_periode-de-recolte-floraison-octobre","39":"pa_periode-de-recolte-floraison-septembre","40":"pa_periode-de-semis-plantation-avril","41":"pa_periode-de-semis-plantation-juillet","42":"pa_periode-de-semis-plantation-juin","43":"pa_periode-de-semis-plantation-mai","44":"pa_periode-de-semis-plantation-mars","45":"pa_rusticite-rustique","46":"pa_utilisation-massif","48":"first","49":"instock","50":"taxable","51":"shipping-taxable","52":"purchasable","53":"product-type-simple"},"bundled_by":["30823"],"bundle_stock_status":"instock","bundle_stock_quantity":473,"bundle_virtual":false,"bundle_layout":"","bundle_add_to_cart_form_location":"","bundle_editable_in_cart":false,"bundle_sold_individually_context":"","bundle_item_grouping":"","bundle_min_size":"","bundle_max_size":"","bundled_items":[],"bundle_sell_ids":[],"yoast_head":"<!-- This site is optimized with the Yoast SEO Premium plugin v25.2 (Yoast SEO v27.5) - https:\/\/yoast.com\/product\/yoast-seo-premium-wordpress\/ -->\n<title>Souci des Jardins pr\u00e9sem\u00e9 bio - Ernest TURC<\/title>\n<meta name=\"description\" content=\"Souci des Jardins pr\u00e9sem\u00e9 bio \u00e0 acheter en ligne avec Ernest Turc, producteur de bulbes et de graines. D\u00e9couvrez notre s\u00e9lection de Autres graines fleurs pour sublimer vos jardins.\" \/>\n<meta name=\"robots\" content=\"index, follow, max-snippet:-1, max-image-preview:large, max-video-preview:-1\" \/>\n<link rel=\"canonical\" href=\"https:\/\/www.ernest-turc.com\/boutique\/produits\/graines\/fleur\/autres-graines-fleurs-fleurs-graines\/souci-des-jardins-preseme-bio\/\" \/>\n<meta property=\"og:locale\" content=\"fr_FR\" \/>\n<meta property=\"og:type\" content=\"article\" \/>\n<meta property=\"og:title\" content=\"Souci des Jardins pr\u00e9sem\u00e9 bio\" \/>\n<meta property=\"og:description\" content=\"Souci des Jardins pr\u00e9sem\u00e9 bio \u00e0 acheter en ligne avec Ernest Turc, producteur de bulbes et de graines. D\u00e9couvrez notre s\u00e9lection de Autres graines fleurs pour sublimer vos jardins.\" \/>\n<meta property=\"og:url\" content=\"https:\/\/www.ernest-turc.com\/boutique\/produits\/graines\/fleur\/autres-graines-fleurs-fleurs-graines\/souci-des-jardins-preseme-bio\/\" \/>\n<meta property=\"og:site_name\" content=\"Ernest TURC\" \/>\n<meta property=\"article:publisher\" content=\"https:\/\/www.facebook.com\/ErnestTURC49\" \/>\n<meta property=\"article:modified_time\" content=\"2026-05-11T10:25:07+00:00\" \/>\n<meta property=\"og:image\" content=\"https:\/\/www.ernest-turc.com\/boutique\/wp-content\/uploads\/2021\/01\/souci-des-jardins-preseme-bio.jpg\" \/>\n\t<meta property=\"og:image:width\" content=\"800\" \/>\n\t<meta property=\"og:image:height\" content=\"800\" \/>\n\t<meta property=\"og:image:type\" content=\"image\/jpeg\" \/>\n<meta name=\"twitter:card\" content=\"summary_large_image\" \/>\n<meta name=\"twitter:label1\" content=\"Prix\" \/>\n\t<meta name=\"twitter:data1\" content=\"4,95&euro;TTCTTC\" \/>\n\t<meta name=\"twitter:label2\" content=\"Disponibilit\u00e9\" \/>\n\t<meta name=\"twitter:data2\" content=\"En stock\" \/>\n<script type=\"application\/ld+json\" class=\"yoast-schema-graph\">{\"@context\":\"https:\\\/\\\/schema.org\",\"@graph\":[{\"@type\":\"WebPage\",\"@id\":\"https:\\\/\\\/www.ernest-turc.com\\\/boutique\\\/produits\\\/graines\\\/fleur\\\/autres-graines-fleurs-fleurs-graines\\\/souci-des-jardins-preseme-bio\\\/\",\"url\":\"https:\\\/\\\/www.ernest-turc.com\\\/boutique\\\/produits\\\/graines\\\/fleur\\\/autres-graines-fleurs-fleurs-graines\\\/souci-des-jardins-preseme-bio\\\/\",\"name\":\"Souci des Jardins pr\u00e9sem\u00e9 bio - Ernest TURC\",\"isPartOf\":{\"@id\":\"https:\\\/\\\/www.ernest-turc.com\\\/boutique\\\/#website\"},\"primaryImageOfPage\":{\"@id\":\"https:\\\/\\\/www.ernest-turc.com\\\/boutique\\\/produits\\\/graines\\\/fleur\\\/autres-graines-fleurs-fleurs-graines\\\/souci-des-jardins-preseme-bio\\\/#primaryimage\"},\"image\":{\"@id\":\"https:\\\/\\\/www.ernest-turc.com\\\/boutique\\\/produits\\\/graines\\\/fleur\\\/autres-graines-fleurs-fleurs-graines\\\/souci-des-jardins-preseme-bio\\\/#primaryimage\"},\"thumbnailUrl\":\"https:\\\/\\\/www.ernest-turc.com\\\/boutique\\\/wp-content\\\/uploads\\\/2021\\\/01\\\/souci-des-jardins-preseme-bio.jpg\",\"datePublished\":\"2021-03-18T08:16:19+00:00\",\"dateModified\":\"2026-05-11T10:25:07+00:00\",\"description\":\"Souci des Jardins pr\u00e9sem\u00e9 bio \u00e0 acheter en ligne avec Ernest Turc, producteur de bulbes et de graines. D\u00e9couvrez notre s\u00e9lection de Autres graines fleurs pour sublimer vos jardins.\",\"breadcrumb\":{\"@id\":\"https:\\\/\\\/www.ernest-turc.com\\\/boutique\\\/produits\\\/graines\\\/fleur\\\/autres-graines-fleurs-fleurs-graines\\\/souci-des-jardins-preseme-bio\\\/#breadcrumb\"},\"inLanguage\":\"fr-FR\",\"potentialAction\":[{\"@type\":\"ReadAction\",\"target\":[\"https:\\\/\\\/www.ernest-turc.com\\\/boutique\\\/produits\\\/graines\\\/fleur\\\/autres-graines-fleurs-fleurs-graines\\\/souci-des-jardins-preseme-bio\\\/\"]}]},{\"@type\":\"ImageObject\",\"inLanguage\":\"fr-FR\",\"@id\":\"https:\\\/\\\/www.ernest-turc.com\\\/boutique\\\/produits\\\/graines\\\/fleur\\\/autres-graines-fleurs-fleurs-graines\\\/souci-des-jardins-preseme-bio\\\/#primaryimage\",\"url\":\"https:\\\/\\\/www.ernest-turc.com\\\/boutique\\\/wp-content\\\/uploads\\\/2021\\\/01\\\/souci-des-jardins-preseme-bio.jpg\",\"contentUrl\":\"https:\\\/\\\/www.ernest-turc.com\\\/boutique\\\/wp-content\\\/uploads\\\/2021\\\/01\\\/souci-des-jardins-preseme-bio.jpg\",\"width\":800,\"height\":800,\"caption\":\"Souci des jardins preseme bio\"},{\"@type\":\"BreadcrumbList\",\"@id\":\"https:\\\/\\\/www.ernest-turc.com\\\/boutique\\\/produits\\\/graines\\\/fleur\\\/autres-graines-fleurs-fleurs-graines\\\/souci-des-jardins-preseme-bio\\\/#breadcrumb\",\"itemListElement\":[{\"@type\":\"ListItem\",\"position\":1,\"name\":\"Accueil\",\"item\":\"https:\\\/\\\/www.ernest-turc.com\\\/boutique\\\/\"},{\"@type\":\"ListItem\",\"position\":2,\"name\":\"Boutique\",\"item\":\"https:\\\/\\\/www.ernest-turc.fr\\\/boutique\\\/produits\\\/\"},{\"@type\":\"ListItem\",\"position\":3,\"name\":\"Souci des Jardins pr\u00e9sem\u00e9 bio\"}]},{\"@type\":\"WebSite\",\"@id\":\"https:\\\/\\\/www.ernest-turc.com\\\/boutique\\\/#website\",\"url\":\"https:\\\/\\\/www.ernest-turc.com\\\/boutique\\\/\",\"name\":\"Ernest TURC\",\"description\":\"\",\"publisher\":{\"@id\":\"https:\\\/\\\/www.ernest-turc.com\\\/boutique\\\/#organization\"},\"potentialAction\":[{\"@type\":\"SearchAction\",\"target\":{\"@type\":\"EntryPoint\",\"urlTemplate\":\"https:\\\/\\\/www.ernest-turc.com\\\/boutique\\\/?s={search_term_string}\"},\"query-input\":{\"@type\":\"PropertyValueSpecification\",\"valueRequired\":true,\"valueName\":\"search_term_string\"}}],\"inLanguage\":\"fr-FR\"},{\"@type\":\"Organization\",\"@id\":\"https:\\\/\\\/www.ernest-turc.com\\\/boutique\\\/#organization\",\"name\":\"Boutique Ernest TURC\",\"alternateName\":\"Ernest TURC\",\"url\":\"https:\\\/\\\/www.ernest-turc.com\\\/boutique\\\/\",\"logo\":{\"@type\":\"ImageObject\",\"inLanguage\":\"fr-FR\",\"@id\":\"https:\\\/\\\/www.ernest-turc.com\\\/boutique\\\/#\\\/schema\\\/logo\\\/image\\\/\",\"url\":\"https:\\\/\\\/www.ernest-turc.com\\\/boutique\\\/wp-content\\\/uploads\\\/2020\\\/10\\\/logo.png\",\"contentUrl\":\"https:\\\/\\\/www.ernest-turc.com\\\/boutique\\\/wp-content\\\/uploads\\\/2020\\\/10\\\/logo.png\",\"width\":161,\"height\":161,\"caption\":\"Boutique Ernest TURC\"},\"image\":{\"@id\":\"https:\\\/\\\/www.ernest-turc.com\\\/boutique\\\/#\\\/schema\\\/logo\\\/image\\\/\"},\"sameAs\":[\"https:\\\/\\\/www.facebook.com\\\/ErnestTURC49\",\"https:\\\/\\\/www.instagram.com\\\/ernestturc\",\"https:\\\/\\\/www.linkedin.com\\\/company\\\/ernest-turc\\\/\",\"https:\\\/\\\/www.pinterest.fr\\\/ernestturc\",\"https:\\\/\\\/www.youtube.com\\\/channel\\\/UCH3ntWhy3mdcqw9-xF6pmEQ\"]}]}<\/script>\n<meta property=\"product:price:amount\" content=\"4.95\" \/>\n<meta property=\"product:price:currency\" content=\"EUR\" \/>\n<meta property=\"og:availability\" content=\"instock\" \/>\n<meta property=\"product:availability\" content=\"instock\" \/>\n<meta property=\"product:retailer_item_id\" content=\"954486\" \/>\n<meta property=\"product:condition\" content=\"new\" \/>\n<!-- \/ Yoast SEO Premium plugin. -->","yoast_head_json":{"title":"Souci des Jardins pr\u00e9sem\u00e9 bio - Ernest TURC","description":"Souci des Jardins pr\u00e9sem\u00e9 bio \u00e0 acheter en ligne avec Ernest Turc, producteur de bulbes et de graines. D\u00e9couvrez notre s\u00e9lection de Autres graines fleurs pour sublimer vos jardins.","robots":{"index":"index","follow":"follow","max-snippet":"max-snippet:-1","max-image-preview":"max-image-preview:large","max-video-preview":"max-video-preview:-1"},"canonical":"https:\/\/www.ernest-turc.com\/boutique\/produits\/graines\/fleur\/autres-graines-fleurs-fleurs-graines\/souci-des-jardins-preseme-bio\/","og_locale":"fr_FR","og_type":"article","og_title":"Souci des Jardins pr\u00e9sem\u00e9 bio","og_description":"Souci des Jardins pr\u00e9sem\u00e9 bio \u00e0 acheter en ligne avec Ernest Turc, producteur de bulbes et de graines. D\u00e9couvrez notre s\u00e9lection de Autres graines fleurs pour sublimer vos jardins.","og_url":"https:\/\/www.ernest-turc.com\/boutique\/produits\/graines\/fleur\/autres-graines-fleurs-fleurs-graines\/souci-des-jardins-preseme-bio\/","og_site_name":"Ernest TURC","article_publisher":"https:\/\/www.facebook.com\/ErnestTURC49","article_modified_time":"2026-05-11T10:25:07+00:00","og_image":[{"width":800,"height":800,"url":"https:\/\/www.ernest-turc.com\/boutique\/wp-content\/uploads\/2021\/01\/souci-des-jardins-preseme-bio.jpg","type":"image\/jpeg"}],"twitter_card":"summary_large_image","twitter_misc":{"Prix":"4,95&euro;TTCTTC","Disponibilit\u00e9":"En stock"},"schema":{"@context":"https:\/\/schema.org","@graph":[{"@type":"WebPage","@id":"https:\/\/www.ernest-turc.com\/boutique\/produits\/graines\/fleur\/autres-graines-fleurs-fleurs-graines\/souci-des-jardins-preseme-bio\/","url":"https:\/\/www.ernest-turc.com\/boutique\/produits\/graines\/fleur\/autres-graines-fleurs-fleurs-graines\/souci-des-jardins-preseme-bio\/","name":"Souci des Jardins pr\u00e9sem\u00e9 bio - Ernest TURC","isPartOf":{"@id":"https:\/\/www.ernest-turc.com\/boutique\/#website"},"primaryImageOfPage":{"@id":"https:\/\/www.ernest-turc.com\/boutique\/produits\/graines\/fleur\/autres-graines-fleurs-fleurs-graines\/souci-des-jardins-preseme-bio\/#primaryimage"},"image":{"@id":"https:\/\/www.ernest-turc.com\/boutique\/produits\/graines\/fleur\/autres-graines-fleurs-fleurs-graines\/souci-des-jardins-preseme-bio\/#primaryimage"},"thumbnailUrl":"https:\/\/www.ernest-turc.com\/boutique\/wp-content\/uploads\/2021\/01\/souci-des-jardins-preseme-bio.jpg","datePublished":"2021-03-18T08:16:19+00:00","dateModified":"2026-05-11T10:25:07+00:00","description":"Souci des Jardins pr\u00e9sem\u00e9 bio \u00e0 acheter en ligne avec Ernest Turc, producteur de bulbes et de graines. D\u00e9couvrez notre s\u00e9lection de Autres graines fleurs pour sublimer vos jardins.","breadcrumb":{"@id":"https:\/\/www.ernest-turc.com\/boutique\/produits\/graines\/fleur\/autres-graines-fleurs-fleurs-graines\/souci-des-jardins-preseme-bio\/#breadcrumb"},"inLanguage":"fr-FR","potentialAction":[{"@type":"ReadAction","target":["https:\/\/www.ernest-turc.com\/boutique\/produits\/graines\/fleur\/autres-graines-fleurs-fleurs-graines\/souci-des-jardins-preseme-bio\/"]}]},{"@type":"ImageObject","inLanguage":"fr-FR","@id":"https:\/\/www.ernest-turc.com\/boutique\/produits\/graines\/fleur\/autres-graines-fleurs-fleurs-graines\/souci-des-jardins-preseme-bio\/#primaryimage","url":"https:\/\/www.ernest-turc.com\/boutique\/wp-content\/uploads\/2021\/01\/souci-des-jardins-preseme-bio.jpg","contentUrl":"https:\/\/www.ernest-turc.com\/boutique\/wp-content\/uploads\/2021\/01\/souci-des-jardins-preseme-bio.jpg","width":800,"height":800,"caption":"Souci des jardins preseme bio"},{"@type":"BreadcrumbList","@id":"https:\/\/www.ernest-turc.com\/boutique\/produits\/graines\/fleur\/autres-graines-fleurs-fleurs-graines\/souci-des-jardins-preseme-bio\/#breadcrumb","itemListElement":[{"@type":"ListItem","position":1,"name":"Accueil","item":"https:\/\/www.ernest-turc.com\/boutique\/"},{"@type":"ListItem","position":2,"name":"Boutique","item":"https:\/\/www.ernest-turc.fr\/boutique\/produits\/"},{"@type":"ListItem","position":3,"name":"Souci des Jardins pr\u00e9sem\u00e9 bio"}]},{"@type":"WebSite","@id":"https:\/\/www.ernest-turc.com\/boutique\/#website","url":"https:\/\/www.ernest-turc.com\/boutique\/","name":"Ernest TURC","description":"","publisher":{"@id":"https:\/\/www.ernest-turc.com\/boutique\/#organization"},"potentialAction":[{"@type":"SearchAction","target":{"@type":"EntryPoint","urlTemplate":"https:\/\/www.ernest-turc.com\/boutique\/?s={search_term_string}"},"query-input":{"@type":"PropertyValueSpecification","valueRequired":true,"valueName":"search_term_string"}}],"inLanguage":"fr-FR"},{"@type":"Organization","@id":"https:\/\/www.ernest-turc.com\/boutique\/#organization","name":"Boutique Ernest TURC","alternateName":"Ernest TURC","url":"https:\/\/www.ernest-turc.com\/boutique\/","logo":{"@type":"ImageObject","inLanguage":"fr-FR","@id":"https:\/\/www.ernest-turc.com\/boutique\/#\/schema\/logo\/image\/","url":"https:\/\/www.ernest-turc.com\/boutique\/wp-content\/uploads\/2020\/10\/logo.png","contentUrl":"https:\/\/www.ernest-turc.com\/boutique\/wp-content\/uploads\/2020\/10\/logo.png","width":161,"height":161,"caption":"Boutique Ernest TURC"},"image":{"@id":"https:\/\/www.ernest-turc.com\/boutique\/#\/schema\/logo\/image\/"},"sameAs":["https:\/\/www.facebook.com\/ErnestTURC49","https:\/\/www.instagram.com\/ernestturc","https:\/\/www.linkedin.com\/company\/ernest-turc\/","https:\/\/www.pinterest.fr\/ernestturc","https:\/\/www.youtube.com\/channel\/UCH3ntWhy3mdcqw9-xF6pmEQ"]}]},"product_price_amount":"4.95","product_price_currency":"EUR","og_availability":"instock","product_availability":"instock","product_retailer_item_id":"954486","product_condition":"new"},"_links":{"self":[{"href":"https:\/\/www.ernest-turc.com\/boutique\/wp-json\/wp\/v2\/product\/4246","targetHints":{"allow":["GET"]}}],"collection":[{"href":"https:\/\/www.ernest-turc.com\/boutique\/wp-json\/wp\/v2\/product"}],"about":[{"href":"https:\/\/www.ernest-turc.com\/boutique\/wp-json\/wp\/v2\/types\/product"}],"wp:featuredmedia":[{"embeddable":true,"href":"https:\/\/www.ernest-turc.com\/boutique\/wp-json\/wp\/v2\/media\/5376"}],"wp:attachment":[{"href":"https:\/\/www.ernest-turc.com\/boutique\/wp-json\/wp\/v2\/media?parent=4246"}],"wp:term":[{"taxonomy":"product_brand","embeddable":true,"href":"https:\/\/www.ernest-turc.com\/boutique\/wp-json\/wp\/v2\/product_brand?post=4246"},{"taxonomy":"product_cat","embeddable":true,"href":"https:\/\/www.ernest-turc.com\/boutique\/wp-json\/wp\/v2\/product_cat?post=4246"},{"taxonomy":"product_tag","embeddable":true,"href":"https:\/\/www.ernest-turc.com\/boutique\/wp-json\/wp\/v2\/product_tag?post=4246"}],"curies":[{"name":"wp","href":"https:\/\/api.w.org\/{rel}","templated":true}]}}