{"id":4098,"date":"2021-03-18T08:02:00","date_gmt":"2021-03-18T08:02:00","guid":{"rendered":"https:\/\/www.ernest-turc.com\/boutique\/boutique\/origan-preseme-bio\/"},"modified":"2026-04-13T13:16:31","modified_gmt":"2026-04-13T13:16:31","slug":"origan-preseme-bio","status":"publish","type":"product","link":"https:\/\/www.ernest-turc.com\/boutique\/produits\/graines\/aromatiques\/autres-graines-aromatiques\/origan-preseme-bio\/","title":{"rendered":"Origan pr\u00e9sem\u00e9 bio"},"content":{"rendered":"<p style=\"text-align: justify\">L\u2019origan pr\u00e9sem\u00e9 bio est une plante aromatique vivace qui r\u00e9siste \u00e0 la s\u00e9cheresse et qui attire les papillons et les abeilles. Cette plante forme une touffe aux tiges portant de petites feuilles. L&#8217;\u00e9t\u00e9, elle laisse appara\u00eetre de petites ombelles de fleurs roses. Ses feuilles utilis\u00e9es fra\u00eeches ou s\u00e9ch\u00e9es sont tr\u00e8s appr\u00e9ci\u00e9es en cuisine italienne mais il accompagnera tr\u00e8s bien vos viandes et vos poissons. Ce sachet contient 3 disques de 10 cm de diam\u00e8tre chacun.<\/p>\n","protected":false},"excerpt":{"rendered":"<p style=\"text-align: justify\">L\u2019origan pr\u00e9sem\u00e9 bio est une plante aromatique vivace qui r\u00e9siste \u00e0 la s\u00e9cheresse et qui attire les papillons et les abeilles. Cette plante forme une touffe aux tiges portant de petites feuilles. L&#8217;\u00e9t\u00e9, elle laisse appara\u00eetre de petites ombelles de fleurs roses. Ses feuilles utilis\u00e9es fra\u00eeches ou s\u00e9ch\u00e9es sont tr\u00e8s appr\u00e9ci\u00e9es en cuisine italienne mais il accompagnera tr\u00e8s bien vos viandes et vos poissons. Ce sachet contient 3 disques de 10 cm de diam\u00e8tre chacun.<\/p>\n","protected":false},"featured_media":5081,"template":"","meta":{"_relevanssi_hide_post":"","_relevanssi_hide_content":"","_relevanssi_pin_for_all":"","_relevanssi_pin_keywords":"","_relevanssi_unpin_keywords":"","_relevanssi_related_keywords":"","_relevanssi_related_include_ids":"","_relevanssi_related_exclude_ids":"","_relevanssi_related_no_append":"","_relevanssi_related_not_related":"","_relevanssi_related_posts":"","_relevanssi_noindex_reason":""},"product_brand":[],"product_cat":[329,225,221,328,1632,1653,1654,1655,1652,224,223],"product_tag":[338,355,241,335,358],"class_list":{"0":"post-4098","1":"product","2":"type-product","3":"status-publish","4":"has-post-thumbnail","6":"product_cat-autres-graines-aromatiques","7":"product_cat-bio","8":"product_cat-graines","9":"product_cat-aromatiques","10":"product_cat-graines-aromatiques-bio","11":"product_cat-naturalisables","12":"product_cat-parfumes-themes","13":"product_cat-plantes-melliferes","14":"product_cat-plantes-pour-pot","15":"product_cat-presemee","16":"product_cat-themes","17":"product_tag-aromatique","18":"product_tag-bio","19":"product_tag-graines-bio","20":"product_tag-jardin-facile","21":"product_tag-origan-bio","22":"product_shipping_class-graines","23":"pa_bio-logo-ab-oui","24":"pa_conditionnement-734","25":"pa_couleur-vert","26":"pa_cycle-de-vie-vivace","27":"pa_disponibilite-toute-lannee","28":"pa_exposition-ensoleillee","29":"pa_grammage-preseme","30":"pa_hauteur-de-la-plante-50-cm","31":"pa_melliferes-oui","32":"pa_naturalisation-oui","33":"pa_parfum-oui","34":"pa_periode-de-recolte-floraison-aout","35":"pa_periode-de-recolte-floraison-juillet","36":"pa_periode-de-recolte-floraison-juin","37":"pa_periode-de-recolte-floraison-mai","38":"pa_periode-de-recolte-floraison-octobre","39":"pa_periode-de-recolte-floraison-septembre","40":"pa_periode-de-semis-plantation-avril","41":"pa_periode-de-semis-plantation-juin","42":"pa_periode-de-semis-plantation-mai","43":"pa_periode-de-semis-plantation-mars","44":"pa_rusticite-rustique-au-dela-de-15c","45":"pa_utilisation-pot","47":"first","48":"instock","49":"taxable","50":"shipping-taxable","51":"purchasable","52":"product-type-simple"},"bundled_by":[],"bundle_stock_status":"instock","bundle_stock_quantity":338,"bundle_virtual":false,"bundle_layout":"","bundle_add_to_cart_form_location":"","bundle_editable_in_cart":false,"bundle_sold_individually_context":"","bundle_item_grouping":"","bundle_min_size":"","bundle_max_size":"","bundled_items":[],"bundle_sell_ids":[],"yoast_head":"<!-- This site is optimized with the Yoast SEO Premium plugin v25.2 (Yoast SEO v27.5) - https:\/\/yoast.com\/product\/yoast-seo-premium-wordpress\/ -->\n<title>Origan pr\u00e9sem\u00e9 bio - Ernest TURC<\/title>\n<meta name=\"description\" content=\"Origan pr\u00e9sem\u00e9 bio \u00e0 acheter en ligne avec Ernest Turc, producteur de bulbes et de graines. D\u00e9couvrez notre s\u00e9lection de Autres graines aromatiques pour sublimer vos jardins.\" \/>\n<meta name=\"robots\" content=\"index, follow, max-snippet:-1, max-image-preview:large, max-video-preview:-1\" \/>\n<link rel=\"canonical\" href=\"https:\/\/www.ernest-turc.com\/boutique\/produits\/graines\/aromatiques\/autres-graines-aromatiques\/origan-preseme-bio\/\" \/>\n<meta property=\"og:locale\" content=\"fr_FR\" \/>\n<meta property=\"og:type\" content=\"article\" \/>\n<meta property=\"og:title\" content=\"Origan pr\u00e9sem\u00e9 bio\" \/>\n<meta property=\"og:description\" content=\"Origan pr\u00e9sem\u00e9 bio \u00e0 acheter en ligne avec Ernest Turc, producteur de bulbes et de graines. D\u00e9couvrez notre s\u00e9lection de Autres graines aromatiques pour sublimer vos jardins.\" \/>\n<meta property=\"og:url\" content=\"https:\/\/www.ernest-turc.com\/boutique\/produits\/graines\/aromatiques\/autres-graines-aromatiques\/origan-preseme-bio\/\" \/>\n<meta property=\"og:site_name\" content=\"Ernest TURC\" \/>\n<meta property=\"article:publisher\" content=\"https:\/\/www.facebook.com\/ErnestTURC49\" \/>\n<meta property=\"article:modified_time\" content=\"2026-04-13T13:16:31+00:00\" \/>\n<meta property=\"og:image\" content=\"https:\/\/www.ernest-turc.com\/boutique\/wp-content\/uploads\/2021\/01\/origan-preseme-bio.jpg\" \/>\n\t<meta property=\"og:image:width\" content=\"800\" \/>\n\t<meta property=\"og:image:height\" content=\"800\" \/>\n\t<meta property=\"og:image:type\" content=\"image\/jpeg\" \/>\n<meta name=\"twitter:card\" content=\"summary_large_image\" \/>\n<meta name=\"twitter:label1\" content=\"Prix\" \/>\n\t<meta name=\"twitter:data1\" content=\"4,95&euro;TTCTTC\" \/>\n\t<meta name=\"twitter:label2\" content=\"Disponibilit\u00e9\" \/>\n\t<meta name=\"twitter:data2\" content=\"En stock\" \/>\n<script type=\"application\/ld+json\" class=\"yoast-schema-graph\">{\"@context\":\"https:\\\/\\\/schema.org\",\"@graph\":[{\"@type\":\"WebPage\",\"@id\":\"https:\\\/\\\/www.ernest-turc.com\\\/boutique\\\/produits\\\/graines\\\/aromatiques\\\/autres-graines-aromatiques\\\/origan-preseme-bio\\\/\",\"url\":\"https:\\\/\\\/www.ernest-turc.com\\\/boutique\\\/produits\\\/graines\\\/aromatiques\\\/autres-graines-aromatiques\\\/origan-preseme-bio\\\/\",\"name\":\"Origan pr\u00e9sem\u00e9 bio - Ernest TURC\",\"isPartOf\":{\"@id\":\"https:\\\/\\\/www.ernest-turc.com\\\/boutique\\\/#website\"},\"primaryImageOfPage\":{\"@id\":\"https:\\\/\\\/www.ernest-turc.com\\\/boutique\\\/produits\\\/graines\\\/aromatiques\\\/autres-graines-aromatiques\\\/origan-preseme-bio\\\/#primaryimage\"},\"image\":{\"@id\":\"https:\\\/\\\/www.ernest-turc.com\\\/boutique\\\/produits\\\/graines\\\/aromatiques\\\/autres-graines-aromatiques\\\/origan-preseme-bio\\\/#primaryimage\"},\"thumbnailUrl\":\"https:\\\/\\\/www.ernest-turc.com\\\/boutique\\\/wp-content\\\/uploads\\\/2021\\\/01\\\/origan-preseme-bio.jpg\",\"datePublished\":\"2021-03-18T08:02:00+00:00\",\"dateModified\":\"2026-04-13T13:16:31+00:00\",\"description\":\"Origan pr\u00e9sem\u00e9 bio \u00e0 acheter en ligne avec Ernest Turc, producteur de bulbes et de graines. D\u00e9couvrez notre s\u00e9lection de Autres graines aromatiques pour sublimer vos jardins.\",\"breadcrumb\":{\"@id\":\"https:\\\/\\\/www.ernest-turc.com\\\/boutique\\\/produits\\\/graines\\\/aromatiques\\\/autres-graines-aromatiques\\\/origan-preseme-bio\\\/#breadcrumb\"},\"inLanguage\":\"fr-FR\",\"potentialAction\":[{\"@type\":\"ReadAction\",\"target\":[\"https:\\\/\\\/www.ernest-turc.com\\\/boutique\\\/produits\\\/graines\\\/aromatiques\\\/autres-graines-aromatiques\\\/origan-preseme-bio\\\/\"]}]},{\"@type\":\"ImageObject\",\"inLanguage\":\"fr-FR\",\"@id\":\"https:\\\/\\\/www.ernest-turc.com\\\/boutique\\\/produits\\\/graines\\\/aromatiques\\\/autres-graines-aromatiques\\\/origan-preseme-bio\\\/#primaryimage\",\"url\":\"https:\\\/\\\/www.ernest-turc.com\\\/boutique\\\/wp-content\\\/uploads\\\/2021\\\/01\\\/origan-preseme-bio.jpg\",\"contentUrl\":\"https:\\\/\\\/www.ernest-turc.com\\\/boutique\\\/wp-content\\\/uploads\\\/2021\\\/01\\\/origan-preseme-bio.jpg\",\"width\":800,\"height\":800,\"caption\":\"Origan preseme bio\"},{\"@type\":\"BreadcrumbList\",\"@id\":\"https:\\\/\\\/www.ernest-turc.com\\\/boutique\\\/produits\\\/graines\\\/aromatiques\\\/autres-graines-aromatiques\\\/origan-preseme-bio\\\/#breadcrumb\",\"itemListElement\":[{\"@type\":\"ListItem\",\"position\":1,\"name\":\"Accueil\",\"item\":\"https:\\\/\\\/www.ernest-turc.com\\\/boutique\\\/\"},{\"@type\":\"ListItem\",\"position\":2,\"name\":\"Boutique\",\"item\":\"https:\\\/\\\/www.ernest-turc.fr\\\/boutique\\\/produits\\\/\"},{\"@type\":\"ListItem\",\"position\":3,\"name\":\"Origan pr\u00e9sem\u00e9 bio\"}]},{\"@type\":\"WebSite\",\"@id\":\"https:\\\/\\\/www.ernest-turc.com\\\/boutique\\\/#website\",\"url\":\"https:\\\/\\\/www.ernest-turc.com\\\/boutique\\\/\",\"name\":\"Ernest TURC\",\"description\":\"\",\"publisher\":{\"@id\":\"https:\\\/\\\/www.ernest-turc.com\\\/boutique\\\/#organization\"},\"potentialAction\":[{\"@type\":\"SearchAction\",\"target\":{\"@type\":\"EntryPoint\",\"urlTemplate\":\"https:\\\/\\\/www.ernest-turc.com\\\/boutique\\\/?s={search_term_string}\"},\"query-input\":{\"@type\":\"PropertyValueSpecification\",\"valueRequired\":true,\"valueName\":\"search_term_string\"}}],\"inLanguage\":\"fr-FR\"},{\"@type\":\"Organization\",\"@id\":\"https:\\\/\\\/www.ernest-turc.com\\\/boutique\\\/#organization\",\"name\":\"Boutique Ernest TURC\",\"alternateName\":\"Ernest TURC\",\"url\":\"https:\\\/\\\/www.ernest-turc.com\\\/boutique\\\/\",\"logo\":{\"@type\":\"ImageObject\",\"inLanguage\":\"fr-FR\",\"@id\":\"https:\\\/\\\/www.ernest-turc.com\\\/boutique\\\/#\\\/schema\\\/logo\\\/image\\\/\",\"url\":\"https:\\\/\\\/www.ernest-turc.com\\\/boutique\\\/wp-content\\\/uploads\\\/2020\\\/10\\\/logo.png\",\"contentUrl\":\"https:\\\/\\\/www.ernest-turc.com\\\/boutique\\\/wp-content\\\/uploads\\\/2020\\\/10\\\/logo.png\",\"width\":161,\"height\":161,\"caption\":\"Boutique Ernest TURC\"},\"image\":{\"@id\":\"https:\\\/\\\/www.ernest-turc.com\\\/boutique\\\/#\\\/schema\\\/logo\\\/image\\\/\"},\"sameAs\":[\"https:\\\/\\\/www.facebook.com\\\/ErnestTURC49\",\"https:\\\/\\\/www.instagram.com\\\/ernestturc\",\"https:\\\/\\\/www.linkedin.com\\\/company\\\/ernest-turc\\\/\",\"https:\\\/\\\/www.pinterest.fr\\\/ernestturc\",\"https:\\\/\\\/www.youtube.com\\\/channel\\\/UCH3ntWhy3mdcqw9-xF6pmEQ\"]}]}<\/script>\n<meta property=\"product:price:amount\" content=\"4.95\" \/>\n<meta property=\"product:price:currency\" content=\"EUR\" \/>\n<meta property=\"og:availability\" content=\"instock\" \/>\n<meta property=\"product:availability\" content=\"instock\" \/>\n<meta property=\"product:retailer_item_id\" content=\"954410\" \/>\n<meta property=\"product:condition\" content=\"new\" \/>\n<!-- \/ Yoast SEO Premium plugin. -->","yoast_head_json":{"title":"Origan pr\u00e9sem\u00e9 bio - Ernest TURC","description":"Origan pr\u00e9sem\u00e9 bio \u00e0 acheter en ligne avec Ernest Turc, producteur de bulbes et de graines. D\u00e9couvrez notre s\u00e9lection de Autres graines aromatiques pour sublimer vos jardins.","robots":{"index":"index","follow":"follow","max-snippet":"max-snippet:-1","max-image-preview":"max-image-preview:large","max-video-preview":"max-video-preview:-1"},"canonical":"https:\/\/www.ernest-turc.com\/boutique\/produits\/graines\/aromatiques\/autres-graines-aromatiques\/origan-preseme-bio\/","og_locale":"fr_FR","og_type":"article","og_title":"Origan pr\u00e9sem\u00e9 bio","og_description":"Origan pr\u00e9sem\u00e9 bio \u00e0 acheter en ligne avec Ernest Turc, producteur de bulbes et de graines. D\u00e9couvrez notre s\u00e9lection de Autres graines aromatiques pour sublimer vos jardins.","og_url":"https:\/\/www.ernest-turc.com\/boutique\/produits\/graines\/aromatiques\/autres-graines-aromatiques\/origan-preseme-bio\/","og_site_name":"Ernest TURC","article_publisher":"https:\/\/www.facebook.com\/ErnestTURC49","article_modified_time":"2026-04-13T13:16:31+00:00","og_image":[{"width":800,"height":800,"url":"https:\/\/www.ernest-turc.com\/boutique\/wp-content\/uploads\/2021\/01\/origan-preseme-bio.jpg","type":"image\/jpeg"}],"twitter_card":"summary_large_image","twitter_misc":{"Prix":"4,95&euro;TTCTTC","Disponibilit\u00e9":"En stock"},"schema":{"@context":"https:\/\/schema.org","@graph":[{"@type":"WebPage","@id":"https:\/\/www.ernest-turc.com\/boutique\/produits\/graines\/aromatiques\/autres-graines-aromatiques\/origan-preseme-bio\/","url":"https:\/\/www.ernest-turc.com\/boutique\/produits\/graines\/aromatiques\/autres-graines-aromatiques\/origan-preseme-bio\/","name":"Origan pr\u00e9sem\u00e9 bio - Ernest TURC","isPartOf":{"@id":"https:\/\/www.ernest-turc.com\/boutique\/#website"},"primaryImageOfPage":{"@id":"https:\/\/www.ernest-turc.com\/boutique\/produits\/graines\/aromatiques\/autres-graines-aromatiques\/origan-preseme-bio\/#primaryimage"},"image":{"@id":"https:\/\/www.ernest-turc.com\/boutique\/produits\/graines\/aromatiques\/autres-graines-aromatiques\/origan-preseme-bio\/#primaryimage"},"thumbnailUrl":"https:\/\/www.ernest-turc.com\/boutique\/wp-content\/uploads\/2021\/01\/origan-preseme-bio.jpg","datePublished":"2021-03-18T08:02:00+00:00","dateModified":"2026-04-13T13:16:31+00:00","description":"Origan pr\u00e9sem\u00e9 bio \u00e0 acheter en ligne avec Ernest Turc, producteur de bulbes et de graines. D\u00e9couvrez notre s\u00e9lection de Autres graines aromatiques pour sublimer vos jardins.","breadcrumb":{"@id":"https:\/\/www.ernest-turc.com\/boutique\/produits\/graines\/aromatiques\/autres-graines-aromatiques\/origan-preseme-bio\/#breadcrumb"},"inLanguage":"fr-FR","potentialAction":[{"@type":"ReadAction","target":["https:\/\/www.ernest-turc.com\/boutique\/produits\/graines\/aromatiques\/autres-graines-aromatiques\/origan-preseme-bio\/"]}]},{"@type":"ImageObject","inLanguage":"fr-FR","@id":"https:\/\/www.ernest-turc.com\/boutique\/produits\/graines\/aromatiques\/autres-graines-aromatiques\/origan-preseme-bio\/#primaryimage","url":"https:\/\/www.ernest-turc.com\/boutique\/wp-content\/uploads\/2021\/01\/origan-preseme-bio.jpg","contentUrl":"https:\/\/www.ernest-turc.com\/boutique\/wp-content\/uploads\/2021\/01\/origan-preseme-bio.jpg","width":800,"height":800,"caption":"Origan preseme bio"},{"@type":"BreadcrumbList","@id":"https:\/\/www.ernest-turc.com\/boutique\/produits\/graines\/aromatiques\/autres-graines-aromatiques\/origan-preseme-bio\/#breadcrumb","itemListElement":[{"@type":"ListItem","position":1,"name":"Accueil","item":"https:\/\/www.ernest-turc.com\/boutique\/"},{"@type":"ListItem","position":2,"name":"Boutique","item":"https:\/\/www.ernest-turc.fr\/boutique\/produits\/"},{"@type":"ListItem","position":3,"name":"Origan pr\u00e9sem\u00e9 bio"}]},{"@type":"WebSite","@id":"https:\/\/www.ernest-turc.com\/boutique\/#website","url":"https:\/\/www.ernest-turc.com\/boutique\/","name":"Ernest TURC","description":"","publisher":{"@id":"https:\/\/www.ernest-turc.com\/boutique\/#organization"},"potentialAction":[{"@type":"SearchAction","target":{"@type":"EntryPoint","urlTemplate":"https:\/\/www.ernest-turc.com\/boutique\/?s={search_term_string}"},"query-input":{"@type":"PropertyValueSpecification","valueRequired":true,"valueName":"search_term_string"}}],"inLanguage":"fr-FR"},{"@type":"Organization","@id":"https:\/\/www.ernest-turc.com\/boutique\/#organization","name":"Boutique Ernest TURC","alternateName":"Ernest TURC","url":"https:\/\/www.ernest-turc.com\/boutique\/","logo":{"@type":"ImageObject","inLanguage":"fr-FR","@id":"https:\/\/www.ernest-turc.com\/boutique\/#\/schema\/logo\/image\/","url":"https:\/\/www.ernest-turc.com\/boutique\/wp-content\/uploads\/2020\/10\/logo.png","contentUrl":"https:\/\/www.ernest-turc.com\/boutique\/wp-content\/uploads\/2020\/10\/logo.png","width":161,"height":161,"caption":"Boutique Ernest TURC"},"image":{"@id":"https:\/\/www.ernest-turc.com\/boutique\/#\/schema\/logo\/image\/"},"sameAs":["https:\/\/www.facebook.com\/ErnestTURC49","https:\/\/www.instagram.com\/ernestturc","https:\/\/www.linkedin.com\/company\/ernest-turc\/","https:\/\/www.pinterest.fr\/ernestturc","https:\/\/www.youtube.com\/channel\/UCH3ntWhy3mdcqw9-xF6pmEQ"]}]},"product_price_amount":"4.95","product_price_currency":"EUR","og_availability":"instock","product_availability":"instock","product_retailer_item_id":"954410","product_condition":"new"},"_links":{"self":[{"href":"https:\/\/www.ernest-turc.com\/boutique\/wp-json\/wp\/v2\/product\/4098","targetHints":{"allow":["GET"]}}],"collection":[{"href":"https:\/\/www.ernest-turc.com\/boutique\/wp-json\/wp\/v2\/product"}],"about":[{"href":"https:\/\/www.ernest-turc.com\/boutique\/wp-json\/wp\/v2\/types\/product"}],"wp:featuredmedia":[{"embeddable":true,"href":"https:\/\/www.ernest-turc.com\/boutique\/wp-json\/wp\/v2\/media\/5081"}],"wp:attachment":[{"href":"https:\/\/www.ernest-turc.com\/boutique\/wp-json\/wp\/v2\/media?parent=4098"}],"wp:term":[{"taxonomy":"product_brand","embeddable":true,"href":"https:\/\/www.ernest-turc.com\/boutique\/wp-json\/wp\/v2\/product_brand?post=4098"},{"taxonomy":"product_cat","embeddable":true,"href":"https:\/\/www.ernest-turc.com\/boutique\/wp-json\/wp\/v2\/product_cat?post=4098"},{"taxonomy":"product_tag","embeddable":true,"href":"https:\/\/www.ernest-turc.com\/boutique\/wp-json\/wp\/v2\/product_tag?post=4098"}],"curies":[{"name":"wp","href":"https:\/\/api.w.org\/{rel}","templated":true}]}}