{"id":4054,"date":"2021-03-18T08:36:22","date_gmt":"2021-03-18T08:36:22","guid":{"rendered":"https:\/\/www.ernest-turc.com\/boutique\/boutique\/roquette-cultivee-preseme-bio\/"},"modified":"2026-03-31T06:14:45","modified_gmt":"2026-03-31T06:14:45","slug":"roquette-cultivee-preseme-bio","status":"publish","type":"product","link":"https:\/\/www.ernest-turc.com\/boutique\/produits\/graines\/potageres\/autres-graines-potageres\/roquette-cultivee-preseme-bio\/","title":{"rendered":"Roquette cultiv\u00e9e pr\u00e9sem\u00e9 bio"},"content":{"rendered":"<p style=\"text-align: justify\">La<strong> Roquette cultiv\u00e9e pr\u00e9sem\u00e9 bio<\/strong> produit des feuilles au go\u00fbt poivr\u00e9 et bois\u00e9, elles se consomment fra\u00eeches en salade. Couper les feuilles \u00e0 la base pour obtenir de nouvelles pousses. Cette vari\u00e9t\u00e9 est rustique, les feuilles se r\u00e9coltent jusqu&#8217;aux gel\u00e9es. Ce sachet contient 1 ruban de 3 m de long.<\/p>\n","protected":false},"excerpt":{"rendered":"<p style=\"text-align: justify\">Feuilles au go\u00fbt poivr\u00e9 et bois\u00e9, \u00e0 consommer fra\u00eeches en salade. Couper les feuilles \u00e0 la base pour obtenir de nouvelles pousses.<\/p>\n","protected":false},"featured_media":3997,"template":"","meta":{"_relevanssi_hide_post":"","_relevanssi_hide_content":"","_relevanssi_pin_for_all":"","_relevanssi_pin_keywords":"","_relevanssi_unpin_keywords":"","_relevanssi_related_keywords":"","_relevanssi_related_include_ids":"","_relevanssi_related_exclude_ids":"","_relevanssi_related_no_append":"","_relevanssi_related_not_related":"","_relevanssi_related_posts":"","_relevanssi_noindex_reason":""},"product_brand":[],"product_cat":[228,1635,225,2458,221,1624,222,557,2416,224,223],"product_tag":[241,242,243,244],"class_list":{"0":"post-4054","1":"product","2":"type-product","3":"status-publish","4":"has-post-thumbnail","6":"product_cat-autres-graines-potageres","7":"product_cat-autres-potageres-bio","8":"product_cat-bio","9":"product_cat-bons-plans","10":"product_cat-graines","11":"product_cat-semences","12":"product_cat-potageres","13":"product_cat-graines-potageres","14":"product_cat-legumes-verts","15":"product_cat-presemee","16":"product_cat-themes","17":"product_tag-graines-bio","18":"product_tag-potager-bio","19":"product_tag-preseme","20":"product_tag-roquette-bio","21":"product_shipping_class-graines","22":"pa_bio-logo-ab-oui","23":"pa_conditionnement-734","24":"pa_couleur-vert","25":"pa_cycle-de-vie-annuelle","26":"pa_disponibilite-toute-lannee","27":"pa_exposition-mi-ensoleillee","28":"pa_grammage-preseme","29":"pa_hauteur-de-la-plante-20-cm","30":"pa_periode-de-recolte-floraison-aout","31":"pa_periode-de-recolte-floraison-juillet","32":"pa_periode-de-recolte-floraison-juin","33":"pa_periode-de-recolte-floraison-mai","34":"pa_periode-de-recolte-floraison-novembre","35":"pa_periode-de-recolte-floraison-octobre","36":"pa_periode-de-recolte-floraison-septembre","37":"pa_periode-de-semis-plantation-aout","38":"pa_periode-de-semis-plantation-avril","39":"pa_periode-de-semis-plantation-juillet","40":"pa_periode-de-semis-plantation-juin","41":"pa_periode-de-semis-plantation-mai","42":"pa_periode-de-semis-plantation-mars","43":"pa_periode-de-semis-plantation-septembre","44":"pa_rusticite-rustique","45":"pa_utilisation-jardiniere","46":"pa_utilisation-pleine-terre","48":"first","49":"instock","50":"taxable","51":"shipping-taxable","52":"purchasable","53":"product-type-simple"},"bundled_by":[],"bundle_stock_status":"instock","bundle_stock_quantity":161,"bundle_virtual":false,"bundle_layout":"","bundle_add_to_cart_form_location":"","bundle_editable_in_cart":false,"bundle_sold_individually_context":"","bundle_item_grouping":"","bundle_min_size":"","bundle_max_size":"","bundled_items":[],"bundle_sell_ids":[],"yoast_head":"<!-- This site is optimized with the Yoast SEO Premium plugin v25.2 (Yoast SEO v27.3) - https:\/\/yoast.com\/product\/yoast-seo-premium-wordpress\/ -->\n<title>Roquette cultiv\u00e9e pr\u00e9sem\u00e9 bio - Ernest TURC<\/title>\n<meta name=\"description\" content=\"Roquette cultiv\u00e9e pr\u00e9sem\u00e9 bio \u00e0 acheter en ligne avec Ernest Turc, producteur de bulbes et de graines. D\u00e9couvrez notre s\u00e9lection de Autres graines potag\u00e8res pour sublimer vos jardins.\" \/>\n<meta name=\"robots\" content=\"index, follow, max-snippet:-1, max-image-preview:large, max-video-preview:-1\" \/>\n<link rel=\"canonical\" href=\"https:\/\/www.ernest-turc.com\/boutique\/produits\/graines\/potageres\/autres-graines-potageres\/roquette-cultivee-preseme-bio\/\" \/>\n<meta property=\"og:locale\" content=\"fr_FR\" \/>\n<meta property=\"og:type\" content=\"article\" \/>\n<meta property=\"og:title\" content=\"Roquette cultiv\u00e9e pr\u00e9sem\u00e9 bio\" \/>\n<meta property=\"og:description\" content=\"Roquette cultiv\u00e9e pr\u00e9sem\u00e9 bio \u00e0 acheter en ligne avec Ernest Turc, producteur de bulbes et de graines. D\u00e9couvrez notre s\u00e9lection de Autres graines potag\u00e8res pour sublimer vos jardins.\" \/>\n<meta property=\"og:url\" content=\"https:\/\/www.ernest-turc.com\/boutique\/produits\/graines\/potageres\/autres-graines-potageres\/roquette-cultivee-preseme-bio\/\" \/>\n<meta property=\"og:site_name\" content=\"Ernest TURC\" \/>\n<meta property=\"article:publisher\" content=\"https:\/\/www.facebook.com\/ErnestTURC49\" \/>\n<meta property=\"article:modified_time\" content=\"2026-03-31T06:14:45+00:00\" \/>\n<meta property=\"og:image\" content=\"https:\/\/www.ernest-turc.com\/boutique\/wp-content\/uploads\/2020\/12\/roquette-cultivee-preseme-bio.jpg\" \/>\n\t<meta property=\"og:image:width\" content=\"458\" \/>\n\t<meta property=\"og:image:height\" content=\"458\" \/>\n\t<meta property=\"og:image:type\" content=\"image\/jpeg\" \/>\n<meta name=\"twitter:card\" content=\"summary_large_image\" \/>\n<meta name=\"twitter:label1\" content=\"Prix\" \/>\n\t<meta name=\"twitter:data1\" content=\"4,95&euro;TTCTTC\" \/>\n\t<meta name=\"twitter:label2\" content=\"Disponibilit\u00e9\" \/>\n\t<meta name=\"twitter:data2\" content=\"En stock\" \/>\n<script type=\"application\/ld+json\" class=\"yoast-schema-graph\">{\"@context\":\"https:\\\/\\\/schema.org\",\"@graph\":[{\"@type\":\"WebPage\",\"@id\":\"https:\\\/\\\/www.ernest-turc.com\\\/boutique\\\/produits\\\/graines\\\/potageres\\\/autres-graines-potageres\\\/roquette-cultivee-preseme-bio\\\/\",\"url\":\"https:\\\/\\\/www.ernest-turc.com\\\/boutique\\\/produits\\\/graines\\\/potageres\\\/autres-graines-potageres\\\/roquette-cultivee-preseme-bio\\\/\",\"name\":\"Roquette cultiv\u00e9e pr\u00e9sem\u00e9 bio - Ernest TURC\",\"isPartOf\":{\"@id\":\"https:\\\/\\\/www.ernest-turc.com\\\/boutique\\\/#website\"},\"primaryImageOfPage\":{\"@id\":\"https:\\\/\\\/www.ernest-turc.com\\\/boutique\\\/produits\\\/graines\\\/potageres\\\/autres-graines-potageres\\\/roquette-cultivee-preseme-bio\\\/#primaryimage\"},\"image\":{\"@id\":\"https:\\\/\\\/www.ernest-turc.com\\\/boutique\\\/produits\\\/graines\\\/potageres\\\/autres-graines-potageres\\\/roquette-cultivee-preseme-bio\\\/#primaryimage\"},\"thumbnailUrl\":\"https:\\\/\\\/www.ernest-turc.com\\\/boutique\\\/wp-content\\\/uploads\\\/2020\\\/12\\\/roquette-cultivee-preseme-bio.jpg\",\"datePublished\":\"2021-03-18T08:36:22+00:00\",\"dateModified\":\"2026-03-31T06:14:45+00:00\",\"description\":\"Roquette cultiv\u00e9e pr\u00e9sem\u00e9 bio \u00e0 acheter en ligne avec Ernest Turc, producteur de bulbes et de graines. D\u00e9couvrez notre s\u00e9lection de Autres graines potag\u00e8res pour sublimer vos jardins.\",\"breadcrumb\":{\"@id\":\"https:\\\/\\\/www.ernest-turc.com\\\/boutique\\\/produits\\\/graines\\\/potageres\\\/autres-graines-potageres\\\/roquette-cultivee-preseme-bio\\\/#breadcrumb\"},\"inLanguage\":\"fr-FR\",\"potentialAction\":[{\"@type\":\"ReadAction\",\"target\":[\"https:\\\/\\\/www.ernest-turc.com\\\/boutique\\\/produits\\\/graines\\\/potageres\\\/autres-graines-potageres\\\/roquette-cultivee-preseme-bio\\\/\"]}]},{\"@type\":\"ImageObject\",\"inLanguage\":\"fr-FR\",\"@id\":\"https:\\\/\\\/www.ernest-turc.com\\\/boutique\\\/produits\\\/graines\\\/potageres\\\/autres-graines-potageres\\\/roquette-cultivee-preseme-bio\\\/#primaryimage\",\"url\":\"https:\\\/\\\/www.ernest-turc.com\\\/boutique\\\/wp-content\\\/uploads\\\/2020\\\/12\\\/roquette-cultivee-preseme-bio.jpg\",\"contentUrl\":\"https:\\\/\\\/www.ernest-turc.com\\\/boutique\\\/wp-content\\\/uploads\\\/2020\\\/12\\\/roquette-cultivee-preseme-bio.jpg\",\"width\":458,\"height\":458,\"caption\":\"Roquette cultiv\u00e9e pr\u00e9sem\u00e9 bio\"},{\"@type\":\"BreadcrumbList\",\"@id\":\"https:\\\/\\\/www.ernest-turc.com\\\/boutique\\\/produits\\\/graines\\\/potageres\\\/autres-graines-potageres\\\/roquette-cultivee-preseme-bio\\\/#breadcrumb\",\"itemListElement\":[{\"@type\":\"ListItem\",\"position\":1,\"name\":\"Accueil\",\"item\":\"https:\\\/\\\/www.ernest-turc.com\\\/boutique\\\/\"},{\"@type\":\"ListItem\",\"position\":2,\"name\":\"Boutique\",\"item\":\"https:\\\/\\\/www.ernest-turc.fr\\\/boutique\\\/produits\\\/\"},{\"@type\":\"ListItem\",\"position\":3,\"name\":\"Roquette cultiv\u00e9e pr\u00e9sem\u00e9 bio\"}]},{\"@type\":\"WebSite\",\"@id\":\"https:\\\/\\\/www.ernest-turc.com\\\/boutique\\\/#website\",\"url\":\"https:\\\/\\\/www.ernest-turc.com\\\/boutique\\\/\",\"name\":\"Ernest TURC\",\"description\":\"\",\"publisher\":{\"@id\":\"https:\\\/\\\/www.ernest-turc.com\\\/boutique\\\/#organization\"},\"potentialAction\":[{\"@type\":\"SearchAction\",\"target\":{\"@type\":\"EntryPoint\",\"urlTemplate\":\"https:\\\/\\\/www.ernest-turc.com\\\/boutique\\\/?s={search_term_string}\"},\"query-input\":{\"@type\":\"PropertyValueSpecification\",\"valueRequired\":true,\"valueName\":\"search_term_string\"}}],\"inLanguage\":\"fr-FR\"},{\"@type\":\"Organization\",\"@id\":\"https:\\\/\\\/www.ernest-turc.com\\\/boutique\\\/#organization\",\"name\":\"Boutique Ernest TURC\",\"alternateName\":\"Ernest TURC\",\"url\":\"https:\\\/\\\/www.ernest-turc.com\\\/boutique\\\/\",\"logo\":{\"@type\":\"ImageObject\",\"inLanguage\":\"fr-FR\",\"@id\":\"https:\\\/\\\/www.ernest-turc.com\\\/boutique\\\/#\\\/schema\\\/logo\\\/image\\\/\",\"url\":\"https:\\\/\\\/www.ernest-turc.com\\\/boutique\\\/wp-content\\\/uploads\\\/2020\\\/10\\\/logo.png\",\"contentUrl\":\"https:\\\/\\\/www.ernest-turc.com\\\/boutique\\\/wp-content\\\/uploads\\\/2020\\\/10\\\/logo.png\",\"width\":161,\"height\":161,\"caption\":\"Boutique Ernest TURC\"},\"image\":{\"@id\":\"https:\\\/\\\/www.ernest-turc.com\\\/boutique\\\/#\\\/schema\\\/logo\\\/image\\\/\"},\"sameAs\":[\"https:\\\/\\\/www.facebook.com\\\/ErnestTURC49\",\"https:\\\/\\\/www.instagram.com\\\/ernestturc\",\"https:\\\/\\\/www.linkedin.com\\\/company\\\/ernest-turc\\\/\",\"https:\\\/\\\/www.pinterest.fr\\\/ernestturc\",\"https:\\\/\\\/www.youtube.com\\\/channel\\\/UCH3ntWhy3mdcqw9-xF6pmEQ\"]}]}<\/script>\n<meta property=\"product:price:amount\" content=\"4.95\" \/>\n<meta property=\"product:price:currency\" content=\"EUR\" \/>\n<meta property=\"og:availability\" content=\"instock\" \/>\n<meta property=\"product:availability\" content=\"instock\" \/>\n<meta property=\"product:retailer_item_id\" content=\"954429\" \/>\n<meta property=\"product:condition\" content=\"new\" \/>\n<!-- \/ Yoast SEO Premium plugin. -->","yoast_head_json":{"title":"Roquette cultiv\u00e9e pr\u00e9sem\u00e9 bio - Ernest TURC","description":"Roquette cultiv\u00e9e pr\u00e9sem\u00e9 bio \u00e0 acheter en ligne avec Ernest Turc, producteur de bulbes et de graines. D\u00e9couvrez notre s\u00e9lection de Autres graines potag\u00e8res pour sublimer vos jardins.","robots":{"index":"index","follow":"follow","max-snippet":"max-snippet:-1","max-image-preview":"max-image-preview:large","max-video-preview":"max-video-preview:-1"},"canonical":"https:\/\/www.ernest-turc.com\/boutique\/produits\/graines\/potageres\/autres-graines-potageres\/roquette-cultivee-preseme-bio\/","og_locale":"fr_FR","og_type":"article","og_title":"Roquette cultiv\u00e9e pr\u00e9sem\u00e9 bio","og_description":"Roquette cultiv\u00e9e pr\u00e9sem\u00e9 bio \u00e0 acheter en ligne avec Ernest Turc, producteur de bulbes et de graines. D\u00e9couvrez notre s\u00e9lection de Autres graines potag\u00e8res pour sublimer vos jardins.","og_url":"https:\/\/www.ernest-turc.com\/boutique\/produits\/graines\/potageres\/autres-graines-potageres\/roquette-cultivee-preseme-bio\/","og_site_name":"Ernest TURC","article_publisher":"https:\/\/www.facebook.com\/ErnestTURC49","article_modified_time":"2026-03-31T06:14:45+00:00","og_image":[{"width":458,"height":458,"url":"https:\/\/www.ernest-turc.com\/boutique\/wp-content\/uploads\/2020\/12\/roquette-cultivee-preseme-bio.jpg","type":"image\/jpeg"}],"twitter_card":"summary_large_image","twitter_misc":{"Prix":"4,95&euro;TTCTTC","Disponibilit\u00e9":"En stock"},"schema":{"@context":"https:\/\/schema.org","@graph":[{"@type":"WebPage","@id":"https:\/\/www.ernest-turc.com\/boutique\/produits\/graines\/potageres\/autres-graines-potageres\/roquette-cultivee-preseme-bio\/","url":"https:\/\/www.ernest-turc.com\/boutique\/produits\/graines\/potageres\/autres-graines-potageres\/roquette-cultivee-preseme-bio\/","name":"Roquette cultiv\u00e9e pr\u00e9sem\u00e9 bio - Ernest TURC","isPartOf":{"@id":"https:\/\/www.ernest-turc.com\/boutique\/#website"},"primaryImageOfPage":{"@id":"https:\/\/www.ernest-turc.com\/boutique\/produits\/graines\/potageres\/autres-graines-potageres\/roquette-cultivee-preseme-bio\/#primaryimage"},"image":{"@id":"https:\/\/www.ernest-turc.com\/boutique\/produits\/graines\/potageres\/autres-graines-potageres\/roquette-cultivee-preseme-bio\/#primaryimage"},"thumbnailUrl":"https:\/\/www.ernest-turc.com\/boutique\/wp-content\/uploads\/2020\/12\/roquette-cultivee-preseme-bio.jpg","datePublished":"2021-03-18T08:36:22+00:00","dateModified":"2026-03-31T06:14:45+00:00","description":"Roquette cultiv\u00e9e pr\u00e9sem\u00e9 bio \u00e0 acheter en ligne avec Ernest Turc, producteur de bulbes et de graines. D\u00e9couvrez notre s\u00e9lection de Autres graines potag\u00e8res pour sublimer vos jardins.","breadcrumb":{"@id":"https:\/\/www.ernest-turc.com\/boutique\/produits\/graines\/potageres\/autres-graines-potageres\/roquette-cultivee-preseme-bio\/#breadcrumb"},"inLanguage":"fr-FR","potentialAction":[{"@type":"ReadAction","target":["https:\/\/www.ernest-turc.com\/boutique\/produits\/graines\/potageres\/autres-graines-potageres\/roquette-cultivee-preseme-bio\/"]}]},{"@type":"ImageObject","inLanguage":"fr-FR","@id":"https:\/\/www.ernest-turc.com\/boutique\/produits\/graines\/potageres\/autres-graines-potageres\/roquette-cultivee-preseme-bio\/#primaryimage","url":"https:\/\/www.ernest-turc.com\/boutique\/wp-content\/uploads\/2020\/12\/roquette-cultivee-preseme-bio.jpg","contentUrl":"https:\/\/www.ernest-turc.com\/boutique\/wp-content\/uploads\/2020\/12\/roquette-cultivee-preseme-bio.jpg","width":458,"height":458,"caption":"Roquette cultiv\u00e9e pr\u00e9sem\u00e9 bio"},{"@type":"BreadcrumbList","@id":"https:\/\/www.ernest-turc.com\/boutique\/produits\/graines\/potageres\/autres-graines-potageres\/roquette-cultivee-preseme-bio\/#breadcrumb","itemListElement":[{"@type":"ListItem","position":1,"name":"Accueil","item":"https:\/\/www.ernest-turc.com\/boutique\/"},{"@type":"ListItem","position":2,"name":"Boutique","item":"https:\/\/www.ernest-turc.fr\/boutique\/produits\/"},{"@type":"ListItem","position":3,"name":"Roquette cultiv\u00e9e pr\u00e9sem\u00e9 bio"}]},{"@type":"WebSite","@id":"https:\/\/www.ernest-turc.com\/boutique\/#website","url":"https:\/\/www.ernest-turc.com\/boutique\/","name":"Ernest TURC","description":"","publisher":{"@id":"https:\/\/www.ernest-turc.com\/boutique\/#organization"},"potentialAction":[{"@type":"SearchAction","target":{"@type":"EntryPoint","urlTemplate":"https:\/\/www.ernest-turc.com\/boutique\/?s={search_term_string}"},"query-input":{"@type":"PropertyValueSpecification","valueRequired":true,"valueName":"search_term_string"}}],"inLanguage":"fr-FR"},{"@type":"Organization","@id":"https:\/\/www.ernest-turc.com\/boutique\/#organization","name":"Boutique Ernest TURC","alternateName":"Ernest TURC","url":"https:\/\/www.ernest-turc.com\/boutique\/","logo":{"@type":"ImageObject","inLanguage":"fr-FR","@id":"https:\/\/www.ernest-turc.com\/boutique\/#\/schema\/logo\/image\/","url":"https:\/\/www.ernest-turc.com\/boutique\/wp-content\/uploads\/2020\/10\/logo.png","contentUrl":"https:\/\/www.ernest-turc.com\/boutique\/wp-content\/uploads\/2020\/10\/logo.png","width":161,"height":161,"caption":"Boutique Ernest TURC"},"image":{"@id":"https:\/\/www.ernest-turc.com\/boutique\/#\/schema\/logo\/image\/"},"sameAs":["https:\/\/www.facebook.com\/ErnestTURC49","https:\/\/www.instagram.com\/ernestturc","https:\/\/www.linkedin.com\/company\/ernest-turc\/","https:\/\/www.pinterest.fr\/ernestturc","https:\/\/www.youtube.com\/channel\/UCH3ntWhy3mdcqw9-xF6pmEQ"]}]},"product_price_amount":"4.95","product_price_currency":"EUR","og_availability":"instock","product_availability":"instock","product_retailer_item_id":"954429","product_condition":"new"},"_links":{"self":[{"href":"https:\/\/www.ernest-turc.com\/boutique\/wp-json\/wp\/v2\/product\/4054","targetHints":{"allow":["GET"]}}],"collection":[{"href":"https:\/\/www.ernest-turc.com\/boutique\/wp-json\/wp\/v2\/product"}],"about":[{"href":"https:\/\/www.ernest-turc.com\/boutique\/wp-json\/wp\/v2\/types\/product"}],"wp:featuredmedia":[{"embeddable":true,"href":"https:\/\/www.ernest-turc.com\/boutique\/wp-json\/wp\/v2\/media\/3997"}],"wp:attachment":[{"href":"https:\/\/www.ernest-turc.com\/boutique\/wp-json\/wp\/v2\/media?parent=4054"}],"wp:term":[{"taxonomy":"product_brand","embeddable":true,"href":"https:\/\/www.ernest-turc.com\/boutique\/wp-json\/wp\/v2\/product_brand?post=4054"},{"taxonomy":"product_cat","embeddable":true,"href":"https:\/\/www.ernest-turc.com\/boutique\/wp-json\/wp\/v2\/product_cat?post=4054"},{"taxonomy":"product_tag","embeddable":true,"href":"https:\/\/www.ernest-turc.com\/boutique\/wp-json\/wp\/v2\/product_tag?post=4054"}],"curies":[{"name":"wp","href":"https:\/\/api.w.org\/{rel}","templated":true}]}}