{"id":35148,"date":"2024-11-22T08:23:27","date_gmt":"2024-11-22T08:23:27","guid":{"rendered":"https:\/\/www.ernest-turc.com\/boutique\/?post_type=product&#038;p=35148"},"modified":"2026-05-13T14:14:04","modified_gmt":"2026-05-13T14:14:04","slug":"melange-fleuri-terrain-sec","status":"publish","type":"product","link":"https:\/\/www.ernest-turc.com\/boutique\/produits\/graines\/fleur\/melange-fleuri-terrain-sec\/","title":{"rendered":"M\u00e9lange fleuri Terrain sec"},"content":{"rendered":"<p style=\"text-align: justify;\">Le m\u00e9lange fleuri &#8220;terrain sec&#8221; est une composition de 28 esp\u00e8ces de fleurs que vous pouvez semer \u00e0 l&#8217;automne ou t\u00f4t au printemps et qui gr\u00e2ce \u00e0 ses 14 vivaces vous ravira ann\u00e9e apr\u00e8s ann\u00e9e. N\u2019oubliez pas d\u2019arroser dans les premi\u00e8res semaines apr\u00e8s le semis. Une fois bien install\u00e9es, vous pourrez profiter d\u2019un beau tapis color\u00e9 qui r\u00e9sistera aux temp\u00e9ratures estivales \u00e9lev\u00e9es.<\/p>\n<p>Ce m\u00e9lange contient 28 esp\u00e8ces de fleurs dont Lin, Alysse Corbeille d&#8217;Argent, Vip\u00e9rine naine, Pavot de Californie, Rudb\u00e9ckia hirta, Nigelle,&#8230;<\/p>\n<p>Poids net 60g dont 20g de graines de fleurs et 40g de ch\u00e8nevotte.<\/p>\n","protected":false},"excerpt":{"rendered":"<p style=\"text-align: justify;\">Un m\u00e9lange de fleurs \u00e0 semer \u00e0 l\u2019automne ou t\u00f4t au printemps et qui gr\u00e2ce \u00e0 ses 14 vivaces vous ravira ann\u00e9e apr\u00e8s ann\u00e9e. N\u2019oubliez pas d\u2019arroser dans les premi\u00e8res semaines apr\u00e8s le semis. Une fois bien install\u00e9es, vous pourrez profiter d\u2019un beau tapis color\u00e9 qui r\u00e9sistera aux temp\u00e9ratures estivales \u00e9lev\u00e9es.<\/p>\n","protected":false},"featured_media":35195,"template":"","meta":{"_relevanssi_hide_post":"","_relevanssi_hide_content":"","_relevanssi_pin_for_all":"","_relevanssi_pin_keywords":"","_relevanssi_unpin_keywords":"","_relevanssi_related_keywords":"","_relevanssi_related_include_ids":"","_relevanssi_related_exclude_ids":"","_relevanssi_related_no_append":"","_relevanssi_related_not_related":"","_relevanssi_related_posts":"","_relevanssi_noindex_reason":""},"product_brand":[],"product_cat":[240,221,1593,1664,1597,1655,223],"product_tag":[1994,1933,1993,1992],"class_list":{"0":"post-35148","1":"product","2":"type-product","3":"status-publish","4":"has-post-thumbnail","6":"product_cat-annuelles","7":"product_cat-graines","8":"product_cat-fleur","9":"product_cat-idees-cadeaux","10":"product_cat-melange","11":"product_cat-plantes-melliferes","12":"product_cat-themes","13":"product_tag-fleurs-pour-terrain-sec","14":"product_tag-melange-graines","15":"product_tag-melange-terrain-sec","16":"product_tag-prairie-fleuri","17":"product_shipping_class-graines","18":"pa_conditionnement-734","19":"pa_couleur-multicolore","20":"pa_cycle-de-vie-annuelle","21":"pa_disponibilite-toute-lannee","22":"pa_exposition-ensoleillee","23":"pa_grammage-60g","24":"pa_hauteur-de-la-plante-40-a-60-cm","25":"pa_periode-de-recolte-floraison-aout","26":"pa_periode-de-recolte-floraison-avril","27":"pa_periode-de-recolte-floraison-juillet","28":"pa_periode-de-recolte-floraison-juin","29":"pa_periode-de-recolte-floraison-mai","30":"pa_periode-de-recolte-floraison-septembre","31":"pa_periode-de-semis-plantation-decembre","32":"pa_periode-de-semis-plantation-fevrier","33":"pa_periode-de-semis-plantation-janvier","34":"pa_periode-de-semis-plantation-mars","35":"pa_periode-de-semis-plantation-novembre","36":"pa_periode-de-semis-plantation-octobre","37":"pa_rusticite-craint-le-gel","38":"pa_utilisation-bordure","39":"pa_utilisation-plate-bande","40":"pa_utilisation-pleine-terre","41":"pa_utilisation-prairie","43":"first","44":"instock","45":"taxable","46":"shipping-taxable","47":"purchasable","48":"product-type-simple"},"bundled_by":[],"bundle_stock_status":"instock","bundle_stock_quantity":965,"bundle_virtual":false,"bundle_layout":"","bundle_add_to_cart_form_location":"","bundle_editable_in_cart":false,"bundle_sold_individually_context":"","bundle_item_grouping":"","bundle_min_size":"","bundle_max_size":"","bundled_items":[],"bundle_sell_ids":[],"yoast_head":"<!-- This site is optimized with the Yoast SEO Premium plugin v25.2 (Yoast SEO v27.6) - https:\/\/yoast.com\/product\/yoast-seo-premium-wordpress\/ -->\n<title>M\u00e9lange fleuri Terrain sec - Ernest TURC<\/title>\n<meta name=\"description\" content=\"M\u00e9lange fleuri Terrain sec D\u00e9couvrez un m\u00e9lange de 28 esp\u00e8ces de fleurs \u00e0 semer d\u00e8s l&#039;automne pour couvrir des surfaces nues et arrides.\" \/>\n<meta name=\"robots\" content=\"index, follow, max-snippet:-1, max-image-preview:large, max-video-preview:-1\" \/>\n<link rel=\"canonical\" href=\"https:\/\/www.ernest-turc.com\/boutique\/produits\/graines\/fleur\/melange-fleuri-terrain-sec\/\" \/>\n<meta property=\"og:locale\" content=\"fr_FR\" \/>\n<meta property=\"og:type\" content=\"article\" \/>\n<meta property=\"og:title\" content=\"M\u00e9lange fleuri Terrain sec\" \/>\n<meta property=\"og:description\" content=\"M\u00e9lange fleuri Terrain sec D\u00e9couvrez un m\u00e9lange de 28 esp\u00e8ces de fleurs \u00e0 semer d\u00e8s l&#039;automne pour couvrir des surfaces nues et arrides.\" \/>\n<meta property=\"og:url\" content=\"https:\/\/www.ernest-turc.com\/boutique\/produits\/graines\/fleur\/melange-fleuri-terrain-sec\/\" \/>\n<meta property=\"og:site_name\" content=\"Ernest TURC\" \/>\n<meta property=\"article:publisher\" content=\"https:\/\/www.facebook.com\/ErnestTURC49\" \/>\n<meta property=\"article:modified_time\" content=\"2026-05-13T14:14:04+00:00\" \/>\n<meta property=\"og:image\" content=\"https:\/\/www.ernest-turc.com\/boutique\/wp-content\/uploads\/2024\/11\/TERRAIN-SEC.png\" \/>\n\t<meta property=\"og:image:width\" content=\"800\" \/>\n\t<meta property=\"og:image:height\" content=\"800\" \/>\n\t<meta property=\"og:image:type\" content=\"image\/png\" \/>\n<meta name=\"twitter:card\" content=\"summary_large_image\" \/>\n<meta name=\"twitter:label1\" content=\"Prix\" \/>\n\t<meta name=\"twitter:data1\" content=\"7,90&euro;TTCTTC\" \/>\n\t<meta name=\"twitter:label2\" content=\"Disponibilit\u00e9\" \/>\n\t<meta name=\"twitter:data2\" content=\"En stock\" \/>\n<script type=\"application\/ld+json\" class=\"yoast-schema-graph\">{\"@context\":\"https:\\\/\\\/schema.org\",\"@graph\":[{\"@type\":\"WebPage\",\"@id\":\"https:\\\/\\\/www.ernest-turc.com\\\/boutique\\\/produits\\\/graines\\\/fleur\\\/melange-fleuri-terrain-sec\\\/\",\"url\":\"https:\\\/\\\/www.ernest-turc.com\\\/boutique\\\/produits\\\/graines\\\/fleur\\\/melange-fleuri-terrain-sec\\\/\",\"name\":\"M\u00e9lange fleuri Terrain sec - Ernest TURC\",\"isPartOf\":{\"@id\":\"https:\\\/\\\/www.ernest-turc.com\\\/boutique\\\/#website\"},\"primaryImageOfPage\":{\"@id\":\"https:\\\/\\\/www.ernest-turc.com\\\/boutique\\\/produits\\\/graines\\\/fleur\\\/melange-fleuri-terrain-sec\\\/#primaryimage\"},\"image\":{\"@id\":\"https:\\\/\\\/www.ernest-turc.com\\\/boutique\\\/produits\\\/graines\\\/fleur\\\/melange-fleuri-terrain-sec\\\/#primaryimage\"},\"thumbnailUrl\":\"https:\\\/\\\/www.ernest-turc.com\\\/boutique\\\/wp-content\\\/uploads\\\/2024\\\/11\\\/TERRAIN-SEC.png\",\"datePublished\":\"2024-11-22T08:23:27+00:00\",\"dateModified\":\"2026-05-13T14:14:04+00:00\",\"description\":\"M\u00e9lange fleuri Terrain sec D\u00e9couvrez un m\u00e9lange de 28 esp\u00e8ces de fleurs \u00e0 semer d\u00e8s l'automne pour couvrir des surfaces nues et arrides.\",\"breadcrumb\":{\"@id\":\"https:\\\/\\\/www.ernest-turc.com\\\/boutique\\\/produits\\\/graines\\\/fleur\\\/melange-fleuri-terrain-sec\\\/#breadcrumb\"},\"inLanguage\":\"fr-FR\",\"potentialAction\":[{\"@type\":\"ReadAction\",\"target\":[\"https:\\\/\\\/www.ernest-turc.com\\\/boutique\\\/produits\\\/graines\\\/fleur\\\/melange-fleuri-terrain-sec\\\/\"]}]},{\"@type\":\"ImageObject\",\"inLanguage\":\"fr-FR\",\"@id\":\"https:\\\/\\\/www.ernest-turc.com\\\/boutique\\\/produits\\\/graines\\\/fleur\\\/melange-fleuri-terrain-sec\\\/#primaryimage\",\"url\":\"https:\\\/\\\/www.ernest-turc.com\\\/boutique\\\/wp-content\\\/uploads\\\/2024\\\/11\\\/TERRAIN-SEC.png\",\"contentUrl\":\"https:\\\/\\\/www.ernest-turc.com\\\/boutique\\\/wp-content\\\/uploads\\\/2024\\\/11\\\/TERRAIN-SEC.png\",\"width\":800,\"height\":800},{\"@type\":\"BreadcrumbList\",\"@id\":\"https:\\\/\\\/www.ernest-turc.com\\\/boutique\\\/produits\\\/graines\\\/fleur\\\/melange-fleuri-terrain-sec\\\/#breadcrumb\",\"itemListElement\":[{\"@type\":\"ListItem\",\"position\":1,\"name\":\"Accueil\",\"item\":\"https:\\\/\\\/www.ernest-turc.com\\\/boutique\\\/\"},{\"@type\":\"ListItem\",\"position\":2,\"name\":\"Boutique\",\"item\":\"https:\\\/\\\/www.ernest-turc.fr\\\/boutique\\\/produits\\\/\"},{\"@type\":\"ListItem\",\"position\":3,\"name\":\"M\u00e9lange fleuri Terrain sec\"}]},{\"@type\":\"WebSite\",\"@id\":\"https:\\\/\\\/www.ernest-turc.com\\\/boutique\\\/#website\",\"url\":\"https:\\\/\\\/www.ernest-turc.com\\\/boutique\\\/\",\"name\":\"Ernest TURC\",\"description\":\"\",\"publisher\":{\"@id\":\"https:\\\/\\\/www.ernest-turc.com\\\/boutique\\\/#organization\"},\"potentialAction\":[{\"@type\":\"SearchAction\",\"target\":{\"@type\":\"EntryPoint\",\"urlTemplate\":\"https:\\\/\\\/www.ernest-turc.com\\\/boutique\\\/?s={search_term_string}\"},\"query-input\":{\"@type\":\"PropertyValueSpecification\",\"valueRequired\":true,\"valueName\":\"search_term_string\"}}],\"inLanguage\":\"fr-FR\"},{\"@type\":\"Organization\",\"@id\":\"https:\\\/\\\/www.ernest-turc.com\\\/boutique\\\/#organization\",\"name\":\"Boutique Ernest TURC\",\"alternateName\":\"Ernest TURC\",\"url\":\"https:\\\/\\\/www.ernest-turc.com\\\/boutique\\\/\",\"logo\":{\"@type\":\"ImageObject\",\"inLanguage\":\"fr-FR\",\"@id\":\"https:\\\/\\\/www.ernest-turc.com\\\/boutique\\\/#\\\/schema\\\/logo\\\/image\\\/\",\"url\":\"https:\\\/\\\/www.ernest-turc.com\\\/boutique\\\/wp-content\\\/uploads\\\/2020\\\/10\\\/logo.png\",\"contentUrl\":\"https:\\\/\\\/www.ernest-turc.com\\\/boutique\\\/wp-content\\\/uploads\\\/2020\\\/10\\\/logo.png\",\"width\":161,\"height\":161,\"caption\":\"Boutique Ernest TURC\"},\"image\":{\"@id\":\"https:\\\/\\\/www.ernest-turc.com\\\/boutique\\\/#\\\/schema\\\/logo\\\/image\\\/\"},\"sameAs\":[\"https:\\\/\\\/www.facebook.com\\\/ErnestTURC49\",\"https:\\\/\\\/www.instagram.com\\\/ernestturc\",\"https:\\\/\\\/www.linkedin.com\\\/company\\\/ernest-turc\\\/\",\"https:\\\/\\\/www.pinterest.fr\\\/ernestturc\",\"https:\\\/\\\/www.youtube.com\\\/channel\\\/UCH3ntWhy3mdcqw9-xF6pmEQ\"]}]}<\/script>\n<meta property=\"product:price:amount\" content=\"7.90\" \/>\n<meta property=\"product:price:currency\" content=\"EUR\" \/>\n<meta property=\"og:availability\" content=\"instock\" \/>\n<meta property=\"product:availability\" content=\"instock\" \/>\n<meta property=\"product:retailer_item_id\" content=\"958665\" \/>\n<meta property=\"product:condition\" content=\"new\" \/>\n<!-- \/ Yoast SEO Premium plugin. -->","yoast_head_json":{"title":"M\u00e9lange fleuri Terrain sec - Ernest TURC","description":"M\u00e9lange fleuri Terrain sec D\u00e9couvrez un m\u00e9lange de 28 esp\u00e8ces de fleurs \u00e0 semer d\u00e8s l'automne pour couvrir des surfaces nues et arrides.","robots":{"index":"index","follow":"follow","max-snippet":"max-snippet:-1","max-image-preview":"max-image-preview:large","max-video-preview":"max-video-preview:-1"},"canonical":"https:\/\/www.ernest-turc.com\/boutique\/produits\/graines\/fleur\/melange-fleuri-terrain-sec\/","og_locale":"fr_FR","og_type":"article","og_title":"M\u00e9lange fleuri Terrain sec","og_description":"M\u00e9lange fleuri Terrain sec D\u00e9couvrez un m\u00e9lange de 28 esp\u00e8ces de fleurs \u00e0 semer d\u00e8s l'automne pour couvrir des surfaces nues et arrides.","og_url":"https:\/\/www.ernest-turc.com\/boutique\/produits\/graines\/fleur\/melange-fleuri-terrain-sec\/","og_site_name":"Ernest TURC","article_publisher":"https:\/\/www.facebook.com\/ErnestTURC49","article_modified_time":"2026-05-13T14:14:04+00:00","og_image":[{"width":800,"height":800,"url":"https:\/\/www.ernest-turc.com\/boutique\/wp-content\/uploads\/2024\/11\/TERRAIN-SEC.png","type":"image\/png"}],"twitter_card":"summary_large_image","twitter_misc":{"Prix":"7,90&euro;TTCTTC","Disponibilit\u00e9":"En stock"},"schema":{"@context":"https:\/\/schema.org","@graph":[{"@type":"WebPage","@id":"https:\/\/www.ernest-turc.com\/boutique\/produits\/graines\/fleur\/melange-fleuri-terrain-sec\/","url":"https:\/\/www.ernest-turc.com\/boutique\/produits\/graines\/fleur\/melange-fleuri-terrain-sec\/","name":"M\u00e9lange fleuri Terrain sec - Ernest TURC","isPartOf":{"@id":"https:\/\/www.ernest-turc.com\/boutique\/#website"},"primaryImageOfPage":{"@id":"https:\/\/www.ernest-turc.com\/boutique\/produits\/graines\/fleur\/melange-fleuri-terrain-sec\/#primaryimage"},"image":{"@id":"https:\/\/www.ernest-turc.com\/boutique\/produits\/graines\/fleur\/melange-fleuri-terrain-sec\/#primaryimage"},"thumbnailUrl":"https:\/\/www.ernest-turc.com\/boutique\/wp-content\/uploads\/2024\/11\/TERRAIN-SEC.png","datePublished":"2024-11-22T08:23:27+00:00","dateModified":"2026-05-13T14:14:04+00:00","description":"M\u00e9lange fleuri Terrain sec D\u00e9couvrez un m\u00e9lange de 28 esp\u00e8ces de fleurs \u00e0 semer d\u00e8s l'automne pour couvrir des surfaces nues et arrides.","breadcrumb":{"@id":"https:\/\/www.ernest-turc.com\/boutique\/produits\/graines\/fleur\/melange-fleuri-terrain-sec\/#breadcrumb"},"inLanguage":"fr-FR","potentialAction":[{"@type":"ReadAction","target":["https:\/\/www.ernest-turc.com\/boutique\/produits\/graines\/fleur\/melange-fleuri-terrain-sec\/"]}]},{"@type":"ImageObject","inLanguage":"fr-FR","@id":"https:\/\/www.ernest-turc.com\/boutique\/produits\/graines\/fleur\/melange-fleuri-terrain-sec\/#primaryimage","url":"https:\/\/www.ernest-turc.com\/boutique\/wp-content\/uploads\/2024\/11\/TERRAIN-SEC.png","contentUrl":"https:\/\/www.ernest-turc.com\/boutique\/wp-content\/uploads\/2024\/11\/TERRAIN-SEC.png","width":800,"height":800},{"@type":"BreadcrumbList","@id":"https:\/\/www.ernest-turc.com\/boutique\/produits\/graines\/fleur\/melange-fleuri-terrain-sec\/#breadcrumb","itemListElement":[{"@type":"ListItem","position":1,"name":"Accueil","item":"https:\/\/www.ernest-turc.com\/boutique\/"},{"@type":"ListItem","position":2,"name":"Boutique","item":"https:\/\/www.ernest-turc.fr\/boutique\/produits\/"},{"@type":"ListItem","position":3,"name":"M\u00e9lange fleuri Terrain sec"}]},{"@type":"WebSite","@id":"https:\/\/www.ernest-turc.com\/boutique\/#website","url":"https:\/\/www.ernest-turc.com\/boutique\/","name":"Ernest TURC","description":"","publisher":{"@id":"https:\/\/www.ernest-turc.com\/boutique\/#organization"},"potentialAction":[{"@type":"SearchAction","target":{"@type":"EntryPoint","urlTemplate":"https:\/\/www.ernest-turc.com\/boutique\/?s={search_term_string}"},"query-input":{"@type":"PropertyValueSpecification","valueRequired":true,"valueName":"search_term_string"}}],"inLanguage":"fr-FR"},{"@type":"Organization","@id":"https:\/\/www.ernest-turc.com\/boutique\/#organization","name":"Boutique Ernest TURC","alternateName":"Ernest TURC","url":"https:\/\/www.ernest-turc.com\/boutique\/","logo":{"@type":"ImageObject","inLanguage":"fr-FR","@id":"https:\/\/www.ernest-turc.com\/boutique\/#\/schema\/logo\/image\/","url":"https:\/\/www.ernest-turc.com\/boutique\/wp-content\/uploads\/2020\/10\/logo.png","contentUrl":"https:\/\/www.ernest-turc.com\/boutique\/wp-content\/uploads\/2020\/10\/logo.png","width":161,"height":161,"caption":"Boutique Ernest TURC"},"image":{"@id":"https:\/\/www.ernest-turc.com\/boutique\/#\/schema\/logo\/image\/"},"sameAs":["https:\/\/www.facebook.com\/ErnestTURC49","https:\/\/www.instagram.com\/ernestturc","https:\/\/www.linkedin.com\/company\/ernest-turc\/","https:\/\/www.pinterest.fr\/ernestturc","https:\/\/www.youtube.com\/channel\/UCH3ntWhy3mdcqw9-xF6pmEQ"]}]},"product_price_amount":"7.90","product_price_currency":"EUR","og_availability":"instock","product_availability":"instock","product_retailer_item_id":"958665","product_condition":"new"},"_links":{"self":[{"href":"https:\/\/www.ernest-turc.com\/boutique\/wp-json\/wp\/v2\/product\/35148","targetHints":{"allow":["GET"]}}],"collection":[{"href":"https:\/\/www.ernest-turc.com\/boutique\/wp-json\/wp\/v2\/product"}],"about":[{"href":"https:\/\/www.ernest-turc.com\/boutique\/wp-json\/wp\/v2\/types\/product"}],"wp:featuredmedia":[{"embeddable":true,"href":"https:\/\/www.ernest-turc.com\/boutique\/wp-json\/wp\/v2\/media\/35195"}],"wp:attachment":[{"href":"https:\/\/www.ernest-turc.com\/boutique\/wp-json\/wp\/v2\/media?parent=35148"}],"wp:term":[{"taxonomy":"product_brand","embeddable":true,"href":"https:\/\/www.ernest-turc.com\/boutique\/wp-json\/wp\/v2\/product_brand?post=35148"},{"taxonomy":"product_cat","embeddable":true,"href":"https:\/\/www.ernest-turc.com\/boutique\/wp-json\/wp\/v2\/product_cat?post=35148"},{"taxonomy":"product_tag","embeddable":true,"href":"https:\/\/www.ernest-turc.com\/boutique\/wp-json\/wp\/v2\/product_tag?post=35148"}],"curies":[{"name":"wp","href":"https:\/\/api.w.org\/{rel}","templated":true}]}}