{"id":35147,"date":"2024-11-22T08:06:43","date_gmt":"2024-11-22T08:06:43","guid":{"rendered":"https:\/\/www.ernest-turc.com\/boutique\/?post_type=product&#038;p=35147"},"modified":"2026-04-14T08:11:51","modified_gmt":"2026-04-14T08:11:51","slug":"melange-fleuri-bouquets-secs","status":"publish","type":"product","link":"https:\/\/www.ernest-turc.com\/boutique\/produits\/graines\/fleur\/melange-fleuri-bouquets-secs\/","title":{"rendered":"M\u00e9lange fleuri Bouquets secs"},"content":{"rendered":"<p style=\"text-align: justify;\"><strong>Le m\u00e9lange fleuri pour &#8220;bouquets secs&#8221;<\/strong> est une composition de 15 esp\u00e8ces de fleurs \u00e0 d\u00e9couvrir tout au long de la saison estivale de juillet \u00e0 septembre.\u00a0<\/p>\n<p style=\"text-align: justify;\">Achill\u00e9es, amarantes, chardons\u2026 ce m\u00e9lange vous ravira au jardin mais aussi en fleurs s\u00e9ch\u00e9es. Si vous souhaitez faire des bouquets de fleurs s\u00e9ch\u00e9es, rien de plus simple, coupez les tiges lorsqu\u2019elles sont en pleines fleurs et suspendez-les la t\u00eate en bas et vos fleurs vous accompagneront toute l\u2019ann\u00e9e.<\/p>\n<p>Ce m\u00e9lange contient 15 esp\u00e8ce de fleurs dont Immortelle, Achill\u00e9e, Amarante, Chardon des teinturiers, Pied d&#8217;alouette, Statice,&#8230;<\/p>\n<p>Poids net 60g dont 20g de graines de fleurs et 40g de ch\u00e8nevotte.<\/p>\n","protected":false},"excerpt":{"rendered":"<p style=\"text-align: justify;\">Achill\u00e9es, amarantes, chardons\u2026 ce m\u00e9lange vous ravira au jardin mais aussi en fleurs s\u00e9ch\u00e9es. Si vous souhaitez faire des bouquets de fleurs s\u00e9ch\u00e9es, rien de plus simple, coupez les tiges lorsqu\u2019elles sont en pleines fleurs et suspendez-les la t\u00eate en bas et vos fleurs vous accompagneront toute l\u2019ann\u00e9e.<\/p>\n","protected":false},"featured_media":35193,"template":"","meta":{"_relevanssi_hide_post":"","_relevanssi_hide_content":"","_relevanssi_pin_for_all":"","_relevanssi_pin_keywords":"","_relevanssi_unpin_keywords":"","_relevanssi_related_keywords":"","_relevanssi_related_include_ids":"","_relevanssi_related_exclude_ids":"","_relevanssi_related_no_append":"","_relevanssi_related_not_related":"","_relevanssi_related_posts":"","_relevanssi_noindex_reason":""},"product_brand":[],"product_cat":[240,2293,221,1593,1664,1869,1597,1655,223],"product_tag":[1996,1907,1995,1997,1992],"class_list":{"0":"post-35147","1":"product","2":"type-product","3":"status-publish","4":"has-post-thumbnail","6":"product_cat-annuelles","7":"product_cat-fleurs-sechees","8":"product_cat-graines","9":"product_cat-fleur","10":"product_cat-idees-cadeaux","11":"product_cat-jardin-bouquetier","12":"product_cat-melange","13":"product_cat-plantes-melliferes","14":"product_cat-themes","15":"product_tag-bouquet-sec","16":"product_tag-fleur","17":"product_tag-fleurs-pour-bouquet-sec","18":"product_tag-graines-de-fleurs","19":"product_tag-prairie-fleuri","20":"product_shipping_class-graines","21":"pa_conditionnement-734","22":"pa_couleur-multicolore","23":"pa_cycle-de-vie-annuelle","24":"pa_disponibilite-toute-lannee","25":"pa_exposition-ensoleillee","26":"pa_grammage-60g","27":"pa_hauteur-de-la-plante-50-a-70-cm","28":"pa_periode-de-recolte-floraison-aout","29":"pa_periode-de-recolte-floraison-juillet","30":"pa_periode-de-recolte-floraison-septembre","31":"pa_periode-de-semis-plantation-avril","32":"pa_periode-de-semis-plantation-juin","33":"pa_periode-de-semis-plantation-mai","34":"pa_rusticite-craint-le-gel","35":"pa_utilisation-bordure","36":"pa_utilisation-plate-bande","37":"pa_utilisation-pleine-terre","38":"pa_utilisation-prairie","40":"first","41":"instock","42":"taxable","43":"shipping-taxable","44":"purchasable","45":"product-type-simple"},"bundled_by":[],"bundle_stock_status":"instock","bundle_stock_quantity":833,"bundle_virtual":false,"bundle_layout":"","bundle_add_to_cart_form_location":"","bundle_editable_in_cart":false,"bundle_sold_individually_context":"","bundle_item_grouping":"","bundle_min_size":"","bundle_max_size":"","bundled_items":[],"bundle_sell_ids":[],"yoast_head":"<!-- This site is optimized with the Yoast SEO Premium plugin v25.2 (Yoast SEO v27.5) - https:\/\/yoast.com\/product\/yoast-seo-premium-wordpress\/ -->\n<title>M\u00e9lange fleuri Bouquets secs - Ernest TURC<\/title>\n<meta name=\"description\" content=\"M\u00e9lange fleuri Bouquets secs D\u00e9couvrez un m\u00e9lange de 15 fleurs pour fleurir 10m\u00b2 en quelques semaines et confectionner vos propres bouquets secs !\" \/>\n<meta name=\"robots\" content=\"index, follow, max-snippet:-1, max-image-preview:large, max-video-preview:-1\" \/>\n<link rel=\"canonical\" href=\"https:\/\/www.ernest-turc.com\/boutique\/produits\/graines\/fleur\/melange-fleuri-bouquets-secs\/\" \/>\n<meta property=\"og:locale\" content=\"fr_FR\" \/>\n<meta property=\"og:type\" content=\"article\" \/>\n<meta property=\"og:title\" content=\"M\u00e9lange fleuri Bouquets secs\" \/>\n<meta property=\"og:description\" content=\"M\u00e9lange fleuri Bouquets secs D\u00e9couvrez un m\u00e9lange de 15 fleurs pour fleurir 10m\u00b2 en quelques semaines et confectionner vos propres bouquets secs !\" \/>\n<meta property=\"og:url\" content=\"https:\/\/www.ernest-turc.com\/boutique\/produits\/graines\/fleur\/melange-fleuri-bouquets-secs\/\" \/>\n<meta property=\"og:site_name\" content=\"Ernest TURC\" \/>\n<meta property=\"article:publisher\" content=\"https:\/\/www.facebook.com\/ErnestTURC49\" \/>\n<meta property=\"article:modified_time\" content=\"2026-04-14T08:11:51+00:00\" \/>\n<meta property=\"og:image\" content=\"https:\/\/www.ernest-turc.com\/boutique\/wp-content\/uploads\/2024\/11\/bouquet-sec.png\" \/>\n\t<meta property=\"og:image:width\" content=\"800\" \/>\n\t<meta property=\"og:image:height\" content=\"800\" \/>\n\t<meta property=\"og:image:type\" content=\"image\/png\" \/>\n<meta name=\"twitter:card\" content=\"summary_large_image\" \/>\n<meta name=\"twitter:label1\" content=\"Prix\" \/>\n\t<meta name=\"twitter:data1\" content=\"7,90&euro;TTCTTC\" \/>\n\t<meta name=\"twitter:label2\" content=\"Disponibilit\u00e9\" \/>\n\t<meta name=\"twitter:data2\" content=\"En stock\" \/>\n<script type=\"application\/ld+json\" class=\"yoast-schema-graph\">{\"@context\":\"https:\\\/\\\/schema.org\",\"@graph\":[{\"@type\":\"WebPage\",\"@id\":\"https:\\\/\\\/www.ernest-turc.com\\\/boutique\\\/produits\\\/graines\\\/fleur\\\/melange-fleuri-bouquets-secs\\\/\",\"url\":\"https:\\\/\\\/www.ernest-turc.com\\\/boutique\\\/produits\\\/graines\\\/fleur\\\/melange-fleuri-bouquets-secs\\\/\",\"name\":\"M\u00e9lange fleuri Bouquets secs - Ernest TURC\",\"isPartOf\":{\"@id\":\"https:\\\/\\\/www.ernest-turc.com\\\/boutique\\\/#website\"},\"primaryImageOfPage\":{\"@id\":\"https:\\\/\\\/www.ernest-turc.com\\\/boutique\\\/produits\\\/graines\\\/fleur\\\/melange-fleuri-bouquets-secs\\\/#primaryimage\"},\"image\":{\"@id\":\"https:\\\/\\\/www.ernest-turc.com\\\/boutique\\\/produits\\\/graines\\\/fleur\\\/melange-fleuri-bouquets-secs\\\/#primaryimage\"},\"thumbnailUrl\":\"https:\\\/\\\/www.ernest-turc.com\\\/boutique\\\/wp-content\\\/uploads\\\/2024\\\/11\\\/bouquet-sec.png\",\"datePublished\":\"2024-11-22T08:06:43+00:00\",\"dateModified\":\"2026-04-14T08:11:51+00:00\",\"description\":\"M\u00e9lange fleuri Bouquets secs D\u00e9couvrez un m\u00e9lange de 15 fleurs pour fleurir 10m\u00b2 en quelques semaines et confectionner vos propres bouquets secs !\",\"breadcrumb\":{\"@id\":\"https:\\\/\\\/www.ernest-turc.com\\\/boutique\\\/produits\\\/graines\\\/fleur\\\/melange-fleuri-bouquets-secs\\\/#breadcrumb\"},\"inLanguage\":\"fr-FR\",\"potentialAction\":[{\"@type\":\"ReadAction\",\"target\":[\"https:\\\/\\\/www.ernest-turc.com\\\/boutique\\\/produits\\\/graines\\\/fleur\\\/melange-fleuri-bouquets-secs\\\/\"]}]},{\"@type\":\"ImageObject\",\"inLanguage\":\"fr-FR\",\"@id\":\"https:\\\/\\\/www.ernest-turc.com\\\/boutique\\\/produits\\\/graines\\\/fleur\\\/melange-fleuri-bouquets-secs\\\/#primaryimage\",\"url\":\"https:\\\/\\\/www.ernest-turc.com\\\/boutique\\\/wp-content\\\/uploads\\\/2024\\\/11\\\/bouquet-sec.png\",\"contentUrl\":\"https:\\\/\\\/www.ernest-turc.com\\\/boutique\\\/wp-content\\\/uploads\\\/2024\\\/11\\\/bouquet-sec.png\",\"width\":800,\"height\":800},{\"@type\":\"BreadcrumbList\",\"@id\":\"https:\\\/\\\/www.ernest-turc.com\\\/boutique\\\/produits\\\/graines\\\/fleur\\\/melange-fleuri-bouquets-secs\\\/#breadcrumb\",\"itemListElement\":[{\"@type\":\"ListItem\",\"position\":1,\"name\":\"Accueil\",\"item\":\"https:\\\/\\\/www.ernest-turc.com\\\/boutique\\\/\"},{\"@type\":\"ListItem\",\"position\":2,\"name\":\"Boutique\",\"item\":\"https:\\\/\\\/www.ernest-turc.fr\\\/boutique\\\/produits\\\/\"},{\"@type\":\"ListItem\",\"position\":3,\"name\":\"M\u00e9lange fleuri Bouquets secs\"}]},{\"@type\":\"WebSite\",\"@id\":\"https:\\\/\\\/www.ernest-turc.com\\\/boutique\\\/#website\",\"url\":\"https:\\\/\\\/www.ernest-turc.com\\\/boutique\\\/\",\"name\":\"Ernest TURC\",\"description\":\"\",\"publisher\":{\"@id\":\"https:\\\/\\\/www.ernest-turc.com\\\/boutique\\\/#organization\"},\"potentialAction\":[{\"@type\":\"SearchAction\",\"target\":{\"@type\":\"EntryPoint\",\"urlTemplate\":\"https:\\\/\\\/www.ernest-turc.com\\\/boutique\\\/?s={search_term_string}\"},\"query-input\":{\"@type\":\"PropertyValueSpecification\",\"valueRequired\":true,\"valueName\":\"search_term_string\"}}],\"inLanguage\":\"fr-FR\"},{\"@type\":\"Organization\",\"@id\":\"https:\\\/\\\/www.ernest-turc.com\\\/boutique\\\/#organization\",\"name\":\"Boutique Ernest TURC\",\"alternateName\":\"Ernest TURC\",\"url\":\"https:\\\/\\\/www.ernest-turc.com\\\/boutique\\\/\",\"logo\":{\"@type\":\"ImageObject\",\"inLanguage\":\"fr-FR\",\"@id\":\"https:\\\/\\\/www.ernest-turc.com\\\/boutique\\\/#\\\/schema\\\/logo\\\/image\\\/\",\"url\":\"https:\\\/\\\/www.ernest-turc.com\\\/boutique\\\/wp-content\\\/uploads\\\/2020\\\/10\\\/logo.png\",\"contentUrl\":\"https:\\\/\\\/www.ernest-turc.com\\\/boutique\\\/wp-content\\\/uploads\\\/2020\\\/10\\\/logo.png\",\"width\":161,\"height\":161,\"caption\":\"Boutique Ernest TURC\"},\"image\":{\"@id\":\"https:\\\/\\\/www.ernest-turc.com\\\/boutique\\\/#\\\/schema\\\/logo\\\/image\\\/\"},\"sameAs\":[\"https:\\\/\\\/www.facebook.com\\\/ErnestTURC49\",\"https:\\\/\\\/www.instagram.com\\\/ernestturc\",\"https:\\\/\\\/www.linkedin.com\\\/company\\\/ernest-turc\\\/\",\"https:\\\/\\\/www.pinterest.fr\\\/ernestturc\",\"https:\\\/\\\/www.youtube.com\\\/channel\\\/UCH3ntWhy3mdcqw9-xF6pmEQ\"]}]}<\/script>\n<meta property=\"product:price:amount\" content=\"7.90\" \/>\n<meta property=\"product:price:currency\" content=\"EUR\" \/>\n<meta property=\"og:availability\" content=\"instock\" \/>\n<meta property=\"product:availability\" content=\"instock\" \/>\n<meta property=\"product:retailer_item_id\" content=\"958669\" \/>\n<meta property=\"product:condition\" content=\"new\" \/>\n<!-- \/ Yoast SEO Premium plugin. -->","yoast_head_json":{"title":"M\u00e9lange fleuri Bouquets secs - Ernest TURC","description":"M\u00e9lange fleuri Bouquets secs D\u00e9couvrez un m\u00e9lange de 15 fleurs pour fleurir 10m\u00b2 en quelques semaines et confectionner vos propres bouquets secs !","robots":{"index":"index","follow":"follow","max-snippet":"max-snippet:-1","max-image-preview":"max-image-preview:large","max-video-preview":"max-video-preview:-1"},"canonical":"https:\/\/www.ernest-turc.com\/boutique\/produits\/graines\/fleur\/melange-fleuri-bouquets-secs\/","og_locale":"fr_FR","og_type":"article","og_title":"M\u00e9lange fleuri Bouquets secs","og_description":"M\u00e9lange fleuri Bouquets secs D\u00e9couvrez un m\u00e9lange de 15 fleurs pour fleurir 10m\u00b2 en quelques semaines et confectionner vos propres bouquets secs !","og_url":"https:\/\/www.ernest-turc.com\/boutique\/produits\/graines\/fleur\/melange-fleuri-bouquets-secs\/","og_site_name":"Ernest TURC","article_publisher":"https:\/\/www.facebook.com\/ErnestTURC49","article_modified_time":"2026-04-14T08:11:51+00:00","og_image":[{"width":800,"height":800,"url":"https:\/\/www.ernest-turc.com\/boutique\/wp-content\/uploads\/2024\/11\/bouquet-sec.png","type":"image\/png"}],"twitter_card":"summary_large_image","twitter_misc":{"Prix":"7,90&euro;TTCTTC","Disponibilit\u00e9":"En stock"},"schema":{"@context":"https:\/\/schema.org","@graph":[{"@type":"WebPage","@id":"https:\/\/www.ernest-turc.com\/boutique\/produits\/graines\/fleur\/melange-fleuri-bouquets-secs\/","url":"https:\/\/www.ernest-turc.com\/boutique\/produits\/graines\/fleur\/melange-fleuri-bouquets-secs\/","name":"M\u00e9lange fleuri Bouquets secs - Ernest TURC","isPartOf":{"@id":"https:\/\/www.ernest-turc.com\/boutique\/#website"},"primaryImageOfPage":{"@id":"https:\/\/www.ernest-turc.com\/boutique\/produits\/graines\/fleur\/melange-fleuri-bouquets-secs\/#primaryimage"},"image":{"@id":"https:\/\/www.ernest-turc.com\/boutique\/produits\/graines\/fleur\/melange-fleuri-bouquets-secs\/#primaryimage"},"thumbnailUrl":"https:\/\/www.ernest-turc.com\/boutique\/wp-content\/uploads\/2024\/11\/bouquet-sec.png","datePublished":"2024-11-22T08:06:43+00:00","dateModified":"2026-04-14T08:11:51+00:00","description":"M\u00e9lange fleuri Bouquets secs D\u00e9couvrez un m\u00e9lange de 15 fleurs pour fleurir 10m\u00b2 en quelques semaines et confectionner vos propres bouquets secs !","breadcrumb":{"@id":"https:\/\/www.ernest-turc.com\/boutique\/produits\/graines\/fleur\/melange-fleuri-bouquets-secs\/#breadcrumb"},"inLanguage":"fr-FR","potentialAction":[{"@type":"ReadAction","target":["https:\/\/www.ernest-turc.com\/boutique\/produits\/graines\/fleur\/melange-fleuri-bouquets-secs\/"]}]},{"@type":"ImageObject","inLanguage":"fr-FR","@id":"https:\/\/www.ernest-turc.com\/boutique\/produits\/graines\/fleur\/melange-fleuri-bouquets-secs\/#primaryimage","url":"https:\/\/www.ernest-turc.com\/boutique\/wp-content\/uploads\/2024\/11\/bouquet-sec.png","contentUrl":"https:\/\/www.ernest-turc.com\/boutique\/wp-content\/uploads\/2024\/11\/bouquet-sec.png","width":800,"height":800},{"@type":"BreadcrumbList","@id":"https:\/\/www.ernest-turc.com\/boutique\/produits\/graines\/fleur\/melange-fleuri-bouquets-secs\/#breadcrumb","itemListElement":[{"@type":"ListItem","position":1,"name":"Accueil","item":"https:\/\/www.ernest-turc.com\/boutique\/"},{"@type":"ListItem","position":2,"name":"Boutique","item":"https:\/\/www.ernest-turc.fr\/boutique\/produits\/"},{"@type":"ListItem","position":3,"name":"M\u00e9lange fleuri Bouquets secs"}]},{"@type":"WebSite","@id":"https:\/\/www.ernest-turc.com\/boutique\/#website","url":"https:\/\/www.ernest-turc.com\/boutique\/","name":"Ernest TURC","description":"","publisher":{"@id":"https:\/\/www.ernest-turc.com\/boutique\/#organization"},"potentialAction":[{"@type":"SearchAction","target":{"@type":"EntryPoint","urlTemplate":"https:\/\/www.ernest-turc.com\/boutique\/?s={search_term_string}"},"query-input":{"@type":"PropertyValueSpecification","valueRequired":true,"valueName":"search_term_string"}}],"inLanguage":"fr-FR"},{"@type":"Organization","@id":"https:\/\/www.ernest-turc.com\/boutique\/#organization","name":"Boutique Ernest TURC","alternateName":"Ernest TURC","url":"https:\/\/www.ernest-turc.com\/boutique\/","logo":{"@type":"ImageObject","inLanguage":"fr-FR","@id":"https:\/\/www.ernest-turc.com\/boutique\/#\/schema\/logo\/image\/","url":"https:\/\/www.ernest-turc.com\/boutique\/wp-content\/uploads\/2020\/10\/logo.png","contentUrl":"https:\/\/www.ernest-turc.com\/boutique\/wp-content\/uploads\/2020\/10\/logo.png","width":161,"height":161,"caption":"Boutique Ernest TURC"},"image":{"@id":"https:\/\/www.ernest-turc.com\/boutique\/#\/schema\/logo\/image\/"},"sameAs":["https:\/\/www.facebook.com\/ErnestTURC49","https:\/\/www.instagram.com\/ernestturc","https:\/\/www.linkedin.com\/company\/ernest-turc\/","https:\/\/www.pinterest.fr\/ernestturc","https:\/\/www.youtube.com\/channel\/UCH3ntWhy3mdcqw9-xF6pmEQ"]}]},"product_price_amount":"7.90","product_price_currency":"EUR","og_availability":"instock","product_availability":"instock","product_retailer_item_id":"958669","product_condition":"new"},"_links":{"self":[{"href":"https:\/\/www.ernest-turc.com\/boutique\/wp-json\/wp\/v2\/product\/35147","targetHints":{"allow":["GET"]}}],"collection":[{"href":"https:\/\/www.ernest-turc.com\/boutique\/wp-json\/wp\/v2\/product"}],"about":[{"href":"https:\/\/www.ernest-turc.com\/boutique\/wp-json\/wp\/v2\/types\/product"}],"wp:featuredmedia":[{"embeddable":true,"href":"https:\/\/www.ernest-turc.com\/boutique\/wp-json\/wp\/v2\/media\/35193"}],"wp:attachment":[{"href":"https:\/\/www.ernest-turc.com\/boutique\/wp-json\/wp\/v2\/media?parent=35147"}],"wp:term":[{"taxonomy":"product_brand","embeddable":true,"href":"https:\/\/www.ernest-turc.com\/boutique\/wp-json\/wp\/v2\/product_brand?post=35147"},{"taxonomy":"product_cat","embeddable":true,"href":"https:\/\/www.ernest-turc.com\/boutique\/wp-json\/wp\/v2\/product_cat?post=35147"},{"taxonomy":"product_tag","embeddable":true,"href":"https:\/\/www.ernest-turc.com\/boutique\/wp-json\/wp\/v2\/product_tag?post=35147"}],"curies":[{"name":"wp","href":"https:\/\/api.w.org\/{rel}","templated":true}]}}