{"id":34142,"date":"2024-07-01T10:06:39","date_gmt":"2024-07-01T10:06:39","guid":{"rendered":"https:\/\/www.ernest-turc.com\/boutique\/?post_type=product&#038;p=34142"},"modified":"2026-03-24T10:43:07","modified_gmt":"2026-03-24T10:43:07","slug":"dahlia-buisson-jardin-des-nymphes","status":"publish","type":"product","link":"https:\/\/www.ernest-turc.com\/boutique\/produits\/bulbes\/dahlia-buisson-jardin-des-nymphes\/","title":{"rendered":"Dahlia buisson Jardin des Nymphes"},"content":{"rendered":"<p class=\"ai-optimize-23 ai-optimize-introduction\" style=\"text-align: justify;\">Le\u00a0<strong>Dahlia buisson Jardin des Nymphes <\/strong>va vous ravir par sa couleur rose tendre. Particuli\u00e8rement florif\u00e8re, ses fleurs de 10 cm de diam\u00e8tre contrastent parfaitement avec des tiges noires. Dernier n\u00e9 de notre collection, il a \u00e9t\u00e9 baptis\u00e9 en septembre 2025 dans le Jardin du Grand Trianon au Ch\u00e2teau de Versailles. Ce dahlia d&#8217;environ 90 cm est id\u00e9ale pour vos cultures en pots, jardini\u00e8res et massifs.<\/p>\n<p class=\"ai-optimize-23\">D\u00e9couvrez l&#8217;histoire de ce magnifique dahlia <a href=\"https:\/\/www.chateauversailles.fr\/presse\/jardins\/dahlia-jardin-nymphes-cree-pour-versailles\">ici<\/a><\/p>\n<p class=\"ai-optimize-25\" style=\"text-align: justify;\">Originaire d\u2019Am\u00e9rique centrale et principalement du Mexique, le dahlia, utilis\u00e9 autrefois par les Azt\u00e8ques comme plante comestible, est import\u00e9 en Europe au 18\u00e8me si\u00e8cle pour remplacer la pomme de terre. Sans succ\u00e8s\u2026 ses qualit\u00e9s d\u00e9coratives et ornementales ont vite supplant\u00e9 ses propri\u00e9t\u00e9s nutritives, surtout lorsque les premi\u00e8res fleurs doubles de type cactus ont \u00e9t\u00e9 hybrid\u00e9es. Aujourd\u2019hui, ce sont plus de quarante mille vari\u00e9t\u00e9s hybrides qui ont \u00e9t\u00e9 obtenues, pour le plus grand bonheur des amateurs passionn\u00e9s, des collectionneurs, et des jardiniers. Le genre dahlia offre une diversit\u00e9 fantastique de formes, de hauteurs et de coloris. Il ne lui manque que le parfum\u2026 et le pigment bleu pour compl\u00e9ter la gamme de ses coloris\u00a0!<\/p>\n<p>&nbsp;<\/p>\n","protected":false},"excerpt":{"rendered":"<p class=\"ai-optimize-24 ai-optimize-introduction\">Le\u00a0<strong>Dahlia buisson Jardin des Nymphes <\/strong>va vous ravir par sa couleur rose tendre. Particuli\u00e8rement florif\u00e8re, ses fleurs de 10 cm de diam\u00e8tre contrastent parfaitement avec des tiges noires. Dernier n\u00e9 de notre collection, il a \u00e9t\u00e9 baptis\u00e9 en septembre 2025 dans le Jardin du Grand Trianon au Ch\u00e2teau de Versailles. Ce dahlia d&#8217;environ 90 cm est id\u00e9al pour vos cultures en pots, jardini\u00e8res et massifs.<\/p>\n","protected":false},"featured_media":599426,"template":"","meta":{"_relevanssi_hide_post":"","_relevanssi_hide_content":"","_relevanssi_pin_for_all":"","_relevanssi_pin_keywords":"","_relevanssi_unpin_keywords":"","_relevanssi_related_keywords":"","_relevanssi_related_include_ids":"","_relevanssi_related_exclude_ids":"","_relevanssi_related_no_append":"","_relevanssi_related_not_related":"","_relevanssi_related_posts":"","_relevanssi_noindex_reason":""},"product_brand":[],"product_cat":[1609,1613,179,180,212,737,2228,1608,1591,183,182],"product_tag":[906,842,951,1124,2158],"class_list":{"0":"post-34142","1":"product","2":"type-product","3":"status-publish","4":"has-post-thumbnail","6":"product_cat-bouquets","7":"product_cat-buissons","8":"product_cat-bulbes","9":"product_cat-fleurs","10":"product_cat-theme","11":"product_cat-dahlia","12":"product_cat-fleurs-roses","13":"product_cat-label-fleurs-de-france","14":"product_cat-plante-pot","15":"product_cat-ete","16":"product_cat-saison","17":"product_tag-dahlia-ernest-turc","18":"product_tag-dahlia-florifere","19":"product_tag-dahlia-francais","20":"product_tag-dahlia-france","21":"product_tag-nouveau-dahlia","22":"pa_calibre-i","23":"pa_conditionnement-1443","24":"pa_couleur-rose","25":"pa_couleur-de-feuillage-vert","26":"pa_disponibilite-de-fevrier-a-juin","27":"pa_exposition-ensoleillee","28":"pa_hauteur-de-la-plante-90-cm","29":"pa_logo-fleurs-de-france-oui","30":"pa_nouveaute-oui","31":"pa_periode-de-recolte-floraison-aout","32":"pa_periode-de-recolte-floraison-juillet","33":"pa_periode-de-recolte-floraison-novembre","34":"pa_periode-de-recolte-floraison-octobre","35":"pa_periode-de-recolte-floraison-septembre","36":"pa_periode-de-semis-plantation-avril","37":"pa_periode-de-semis-plantation-mai","38":"pa_periode-de-semis-plantation-mars","39":"pa_rusticite-craint-le-gel","40":"pa_utilisation-bordure","41":"pa_utilisation-fleur-coupee","42":"pa_utilisation-massif","43":"pa_utilisation-pot","45":"first","46":"outofstock","47":"taxable","48":"shipping-taxable","49":"purchasable","50":"product-type-simple"},"bundled_by":[],"bundle_stock_status":"outofstock","bundle_stock_quantity":0,"bundle_virtual":false,"bundle_layout":"","bundle_add_to_cart_form_location":"","bundle_editable_in_cart":false,"bundle_sold_individually_context":"","bundle_item_grouping":"","bundle_min_size":"","bundle_max_size":"","bundled_items":[],"bundle_sell_ids":[],"yoast_head":"<!-- This site is optimized with the Yoast SEO Premium plugin v25.2 (Yoast SEO v27.5) - https:\/\/yoast.com\/product\/yoast-seo-premium-wordpress\/ -->\n<title>Dahlia buisson Jardin des Nymphes - Ernest TURC<\/title>\n<meta name=\"description\" content=\"D\u00e9couvrez le Dahlia nain double Macaron Framboise et sa couleur vive. Id\u00e9al pour cr\u00e9er des massifs, jardini\u00e8res et pots color\u00e9s !\" \/>\n<meta name=\"robots\" content=\"index, follow, max-snippet:-1, max-image-preview:large, max-video-preview:-1\" \/>\n<link rel=\"canonical\" href=\"https:\/\/www.ernest-turc.com\/boutique\/produits\/bulbes\/dahlia-buisson-jardin-des-nymphes\/\" \/>\n<meta property=\"og:locale\" content=\"fr_FR\" \/>\n<meta property=\"og:type\" content=\"article\" \/>\n<meta property=\"og:title\" content=\"Dahlia buisson Jardin des Nymphes\" \/>\n<meta property=\"og:description\" content=\"D\u00e9couvrez le Dahlia nain double Macaron Framboise et sa couleur vive. Id\u00e9al pour cr\u00e9er des massifs, jardini\u00e8res et pots color\u00e9s !\" \/>\n<meta property=\"og:url\" content=\"https:\/\/www.ernest-turc.com\/boutique\/produits\/bulbes\/dahlia-buisson-jardin-des-nymphes\/\" \/>\n<meta property=\"og:site_name\" content=\"Ernest TURC\" \/>\n<meta property=\"article:publisher\" content=\"https:\/\/www.facebook.com\/ErnestTURC49\" \/>\n<meta property=\"article:modified_time\" content=\"2026-03-24T10:43:07+00:00\" \/>\n<meta property=\"og:image\" content=\"https:\/\/www.ernest-turc.com\/boutique\/wp-content\/uploads\/2024\/12\/dahlia-jardin-des-nymphes-2.jpg\" \/>\n\t<meta property=\"og:image:width\" content=\"800\" \/>\n\t<meta property=\"og:image:height\" content=\"800\" \/>\n\t<meta property=\"og:image:type\" content=\"image\/jpeg\" \/>\n<meta name=\"twitter:card\" content=\"summary_large_image\" \/>\n<meta name=\"twitter:label1\" content=\"Prix\" \/>\n\t<meta name=\"twitter:data1\" content=\"17,50&euro;TTCTTC\" \/>\n\t<meta name=\"twitter:label2\" content=\"Disponibilit\u00e9\" \/>\n\t<meta name=\"twitter:data2\" content=\"Rupture de stock\" \/>\n<script type=\"application\/ld+json\" class=\"yoast-schema-graph\">{\"@context\":\"https:\\\/\\\/schema.org\",\"@graph\":[{\"@type\":\"WebPage\",\"@id\":\"https:\\\/\\\/www.ernest-turc.com\\\/boutique\\\/produits\\\/bulbes\\\/dahlia-buisson-jardin-des-nymphes\\\/\",\"url\":\"https:\\\/\\\/www.ernest-turc.com\\\/boutique\\\/produits\\\/bulbes\\\/dahlia-buisson-jardin-des-nymphes\\\/\",\"name\":\"Dahlia buisson Jardin des Nymphes - Ernest TURC\",\"isPartOf\":{\"@id\":\"https:\\\/\\\/www.ernest-turc.com\\\/boutique\\\/#website\"},\"primaryImageOfPage\":{\"@id\":\"https:\\\/\\\/www.ernest-turc.com\\\/boutique\\\/produits\\\/bulbes\\\/dahlia-buisson-jardin-des-nymphes\\\/#primaryimage\"},\"image\":{\"@id\":\"https:\\\/\\\/www.ernest-turc.com\\\/boutique\\\/produits\\\/bulbes\\\/dahlia-buisson-jardin-des-nymphes\\\/#primaryimage\"},\"thumbnailUrl\":\"https:\\\/\\\/www.ernest-turc.com\\\/boutique\\\/wp-content\\\/uploads\\\/2024\\\/12\\\/dahlia-jardin-des-nymphes-2.jpg\",\"datePublished\":\"2024-07-01T10:06:39+00:00\",\"dateModified\":\"2026-03-24T10:43:07+00:00\",\"description\":\"D\u00e9couvrez le Dahlia nain double Macaron Framboise et sa couleur vive. Id\u00e9al pour cr\u00e9er des massifs, jardini\u00e8res et pots color\u00e9s !\",\"breadcrumb\":{\"@id\":\"https:\\\/\\\/www.ernest-turc.com\\\/boutique\\\/produits\\\/bulbes\\\/dahlia-buisson-jardin-des-nymphes\\\/#breadcrumb\"},\"inLanguage\":\"fr-FR\",\"potentialAction\":[{\"@type\":\"ReadAction\",\"target\":[\"https:\\\/\\\/www.ernest-turc.com\\\/boutique\\\/produits\\\/bulbes\\\/dahlia-buisson-jardin-des-nymphes\\\/\"]}]},{\"@type\":\"ImageObject\",\"inLanguage\":\"fr-FR\",\"@id\":\"https:\\\/\\\/www.ernest-turc.com\\\/boutique\\\/produits\\\/bulbes\\\/dahlia-buisson-jardin-des-nymphes\\\/#primaryimage\",\"url\":\"https:\\\/\\\/www.ernest-turc.com\\\/boutique\\\/wp-content\\\/uploads\\\/2024\\\/12\\\/dahlia-jardin-des-nymphes-2.jpg\",\"contentUrl\":\"https:\\\/\\\/www.ernest-turc.com\\\/boutique\\\/wp-content\\\/uploads\\\/2024\\\/12\\\/dahlia-jardin-des-nymphes-2.jpg\",\"width\":800,\"height\":800},{\"@type\":\"BreadcrumbList\",\"@id\":\"https:\\\/\\\/www.ernest-turc.com\\\/boutique\\\/produits\\\/bulbes\\\/dahlia-buisson-jardin-des-nymphes\\\/#breadcrumb\",\"itemListElement\":[{\"@type\":\"ListItem\",\"position\":1,\"name\":\"Accueil\",\"item\":\"https:\\\/\\\/www.ernest-turc.com\\\/boutique\\\/\"},{\"@type\":\"ListItem\",\"position\":2,\"name\":\"Boutique\",\"item\":\"https:\\\/\\\/www.ernest-turc.fr\\\/boutique\\\/produits\\\/\"},{\"@type\":\"ListItem\",\"position\":3,\"name\":\"Dahlia buisson Jardin des Nymphes\"}]},{\"@type\":\"WebSite\",\"@id\":\"https:\\\/\\\/www.ernest-turc.com\\\/boutique\\\/#website\",\"url\":\"https:\\\/\\\/www.ernest-turc.com\\\/boutique\\\/\",\"name\":\"Ernest TURC\",\"description\":\"\",\"publisher\":{\"@id\":\"https:\\\/\\\/www.ernest-turc.com\\\/boutique\\\/#organization\"},\"potentialAction\":[{\"@type\":\"SearchAction\",\"target\":{\"@type\":\"EntryPoint\",\"urlTemplate\":\"https:\\\/\\\/www.ernest-turc.com\\\/boutique\\\/?s={search_term_string}\"},\"query-input\":{\"@type\":\"PropertyValueSpecification\",\"valueRequired\":true,\"valueName\":\"search_term_string\"}}],\"inLanguage\":\"fr-FR\"},{\"@type\":\"Organization\",\"@id\":\"https:\\\/\\\/www.ernest-turc.com\\\/boutique\\\/#organization\",\"name\":\"Boutique Ernest TURC\",\"alternateName\":\"Ernest TURC\",\"url\":\"https:\\\/\\\/www.ernest-turc.com\\\/boutique\\\/\",\"logo\":{\"@type\":\"ImageObject\",\"inLanguage\":\"fr-FR\",\"@id\":\"https:\\\/\\\/www.ernest-turc.com\\\/boutique\\\/#\\\/schema\\\/logo\\\/image\\\/\",\"url\":\"https:\\\/\\\/www.ernest-turc.com\\\/boutique\\\/wp-content\\\/uploads\\\/2020\\\/10\\\/logo.png\",\"contentUrl\":\"https:\\\/\\\/www.ernest-turc.com\\\/boutique\\\/wp-content\\\/uploads\\\/2020\\\/10\\\/logo.png\",\"width\":161,\"height\":161,\"caption\":\"Boutique Ernest TURC\"},\"image\":{\"@id\":\"https:\\\/\\\/www.ernest-turc.com\\\/boutique\\\/#\\\/schema\\\/logo\\\/image\\\/\"},\"sameAs\":[\"https:\\\/\\\/www.facebook.com\\\/ErnestTURC49\",\"https:\\\/\\\/www.instagram.com\\\/ernestturc\",\"https:\\\/\\\/www.linkedin.com\\\/company\\\/ernest-turc\\\/\",\"https:\\\/\\\/www.pinterest.fr\\\/ernestturc\",\"https:\\\/\\\/www.youtube.com\\\/channel\\\/UCH3ntWhy3mdcqw9-xF6pmEQ\"]}]}<\/script>\n<meta property=\"product:price:amount\" content=\"17.50\" \/>\n<meta property=\"product:price:currency\" content=\"EUR\" \/>\n<meta property=\"og:availability\" content=\"out of stock\" \/>\n<meta property=\"product:availability\" content=\"out of stock\" \/>\n<meta property=\"product:retailer_item_id\" content=\"166830-1\" \/>\n<meta property=\"product:condition\" content=\"new\" \/>\n<!-- \/ Yoast SEO Premium plugin. -->","yoast_head_json":{"title":"Dahlia buisson Jardin des Nymphes - Ernest TURC","description":"D\u00e9couvrez le Dahlia nain double Macaron Framboise et sa couleur vive. Id\u00e9al pour cr\u00e9er des massifs, jardini\u00e8res et pots color\u00e9s !","robots":{"index":"index","follow":"follow","max-snippet":"max-snippet:-1","max-image-preview":"max-image-preview:large","max-video-preview":"max-video-preview:-1"},"canonical":"https:\/\/www.ernest-turc.com\/boutique\/produits\/bulbes\/dahlia-buisson-jardin-des-nymphes\/","og_locale":"fr_FR","og_type":"article","og_title":"Dahlia buisson Jardin des Nymphes","og_description":"D\u00e9couvrez le Dahlia nain double Macaron Framboise et sa couleur vive. Id\u00e9al pour cr\u00e9er des massifs, jardini\u00e8res et pots color\u00e9s !","og_url":"https:\/\/www.ernest-turc.com\/boutique\/produits\/bulbes\/dahlia-buisson-jardin-des-nymphes\/","og_site_name":"Ernest TURC","article_publisher":"https:\/\/www.facebook.com\/ErnestTURC49","article_modified_time":"2026-03-24T10:43:07+00:00","og_image":[{"width":800,"height":800,"url":"https:\/\/www.ernest-turc.com\/boutique\/wp-content\/uploads\/2024\/12\/dahlia-jardin-des-nymphes-2.jpg","type":"image\/jpeg"}],"twitter_card":"summary_large_image","twitter_misc":{"Prix":"17,50&euro;TTCTTC","Disponibilit\u00e9":"Rupture de stock"},"schema":{"@context":"https:\/\/schema.org","@graph":[{"@type":"WebPage","@id":"https:\/\/www.ernest-turc.com\/boutique\/produits\/bulbes\/dahlia-buisson-jardin-des-nymphes\/","url":"https:\/\/www.ernest-turc.com\/boutique\/produits\/bulbes\/dahlia-buisson-jardin-des-nymphes\/","name":"Dahlia buisson Jardin des Nymphes - Ernest TURC","isPartOf":{"@id":"https:\/\/www.ernest-turc.com\/boutique\/#website"},"primaryImageOfPage":{"@id":"https:\/\/www.ernest-turc.com\/boutique\/produits\/bulbes\/dahlia-buisson-jardin-des-nymphes\/#primaryimage"},"image":{"@id":"https:\/\/www.ernest-turc.com\/boutique\/produits\/bulbes\/dahlia-buisson-jardin-des-nymphes\/#primaryimage"},"thumbnailUrl":"https:\/\/www.ernest-turc.com\/boutique\/wp-content\/uploads\/2024\/12\/dahlia-jardin-des-nymphes-2.jpg","datePublished":"2024-07-01T10:06:39+00:00","dateModified":"2026-03-24T10:43:07+00:00","description":"D\u00e9couvrez le Dahlia nain double Macaron Framboise et sa couleur vive. Id\u00e9al pour cr\u00e9er des massifs, jardini\u00e8res et pots color\u00e9s !","breadcrumb":{"@id":"https:\/\/www.ernest-turc.com\/boutique\/produits\/bulbes\/dahlia-buisson-jardin-des-nymphes\/#breadcrumb"},"inLanguage":"fr-FR","potentialAction":[{"@type":"ReadAction","target":["https:\/\/www.ernest-turc.com\/boutique\/produits\/bulbes\/dahlia-buisson-jardin-des-nymphes\/"]}]},{"@type":"ImageObject","inLanguage":"fr-FR","@id":"https:\/\/www.ernest-turc.com\/boutique\/produits\/bulbes\/dahlia-buisson-jardin-des-nymphes\/#primaryimage","url":"https:\/\/www.ernest-turc.com\/boutique\/wp-content\/uploads\/2024\/12\/dahlia-jardin-des-nymphes-2.jpg","contentUrl":"https:\/\/www.ernest-turc.com\/boutique\/wp-content\/uploads\/2024\/12\/dahlia-jardin-des-nymphes-2.jpg","width":800,"height":800},{"@type":"BreadcrumbList","@id":"https:\/\/www.ernest-turc.com\/boutique\/produits\/bulbes\/dahlia-buisson-jardin-des-nymphes\/#breadcrumb","itemListElement":[{"@type":"ListItem","position":1,"name":"Accueil","item":"https:\/\/www.ernest-turc.com\/boutique\/"},{"@type":"ListItem","position":2,"name":"Boutique","item":"https:\/\/www.ernest-turc.fr\/boutique\/produits\/"},{"@type":"ListItem","position":3,"name":"Dahlia buisson Jardin des Nymphes"}]},{"@type":"WebSite","@id":"https:\/\/www.ernest-turc.com\/boutique\/#website","url":"https:\/\/www.ernest-turc.com\/boutique\/","name":"Ernest TURC","description":"","publisher":{"@id":"https:\/\/www.ernest-turc.com\/boutique\/#organization"},"potentialAction":[{"@type":"SearchAction","target":{"@type":"EntryPoint","urlTemplate":"https:\/\/www.ernest-turc.com\/boutique\/?s={search_term_string}"},"query-input":{"@type":"PropertyValueSpecification","valueRequired":true,"valueName":"search_term_string"}}],"inLanguage":"fr-FR"},{"@type":"Organization","@id":"https:\/\/www.ernest-turc.com\/boutique\/#organization","name":"Boutique Ernest TURC","alternateName":"Ernest TURC","url":"https:\/\/www.ernest-turc.com\/boutique\/","logo":{"@type":"ImageObject","inLanguage":"fr-FR","@id":"https:\/\/www.ernest-turc.com\/boutique\/#\/schema\/logo\/image\/","url":"https:\/\/www.ernest-turc.com\/boutique\/wp-content\/uploads\/2020\/10\/logo.png","contentUrl":"https:\/\/www.ernest-turc.com\/boutique\/wp-content\/uploads\/2020\/10\/logo.png","width":161,"height":161,"caption":"Boutique Ernest TURC"},"image":{"@id":"https:\/\/www.ernest-turc.com\/boutique\/#\/schema\/logo\/image\/"},"sameAs":["https:\/\/www.facebook.com\/ErnestTURC49","https:\/\/www.instagram.com\/ernestturc","https:\/\/www.linkedin.com\/company\/ernest-turc\/","https:\/\/www.pinterest.fr\/ernestturc","https:\/\/www.youtube.com\/channel\/UCH3ntWhy3mdcqw9-xF6pmEQ"]}]},"product_price_amount":"17.50","product_price_currency":"EUR","og_availability":"out of stock","product_availability":"out of stock","product_retailer_item_id":"166830-1","product_condition":"new"},"_links":{"self":[{"href":"https:\/\/www.ernest-turc.com\/boutique\/wp-json\/wp\/v2\/product\/34142","targetHints":{"allow":["GET"]}}],"collection":[{"href":"https:\/\/www.ernest-turc.com\/boutique\/wp-json\/wp\/v2\/product"}],"about":[{"href":"https:\/\/www.ernest-turc.com\/boutique\/wp-json\/wp\/v2\/types\/product"}],"wp:featuredmedia":[{"embeddable":true,"href":"https:\/\/www.ernest-turc.com\/boutique\/wp-json\/wp\/v2\/media\/599426"}],"wp:attachment":[{"href":"https:\/\/www.ernest-turc.com\/boutique\/wp-json\/wp\/v2\/media?parent=34142"}],"wp:term":[{"taxonomy":"product_brand","embeddable":true,"href":"https:\/\/www.ernest-turc.com\/boutique\/wp-json\/wp\/v2\/product_brand?post=34142"},{"taxonomy":"product_cat","embeddable":true,"href":"https:\/\/www.ernest-turc.com\/boutique\/wp-json\/wp\/v2\/product_cat?post=34142"},{"taxonomy":"product_tag","embeddable":true,"href":"https:\/\/www.ernest-turc.com\/boutique\/wp-json\/wp\/v2\/product_tag?post=34142"}],"curies":[{"name":"wp","href":"https:\/\/api.w.org\/{rel}","templated":true}]}}