{"id":33766,"date":"2024-05-21T11:16:16","date_gmt":"2024-05-21T11:16:16","guid":{"rendered":"https:\/\/www.ernest-turc.com\/boutique\/?post_type=product&#038;p=33766"},"modified":"2025-11-13T16:39:59","modified_gmt":"2025-11-13T16:39:59","slug":"fritillaire-persica-purple-dynamite","status":"publish","type":"product","link":"https:\/\/www.ernest-turc.com\/boutique\/produits\/bulbes\/fleurs\/fritillaires\/fritillaire-persica-purple-dynamite\/","title":{"rendered":"Fritillaire persica Purple Dynamite"},"content":{"rendered":"<p style=\"text-align: justify;\">La <strong>Fritillaire persica Purple Dynamite<\/strong> est une bulbeuse originale \u00e0 floraison printani\u00e8re de 80 \u00e0 90 cm de hauteur, qui produit d\u00e8s le mois d&#8217;avril une longue hampe florale \u00e9lanc\u00e9e portant de 15 \u00e0 20 fleurs en forme de cloches de 10 \u00e0 12 cm de diam\u00e8tre au coloris pourpr\u00e9 fonc\u00e9 tr\u00e8s brilliant. Plant\u00e9es en tous types de sols bien drainants, les fritillaires de Perse seront du plus bel effet en milieu de massifs, entre des plantes vivaces, bisannuelles ou autres bulbeuses \u00e0 floraison printani\u00e8re. La verticalit\u00e9 de ces fleurs originales apportera une touche originale et majestueuse au jardin. Ces belles bulbeuses poss\u00e8dent un bulbe dont l&#8217;odeur assez forte est r\u00e9put\u00e9e pour \u00e9loigner les taupes et autres rongeurs du jardin. Une fois plant\u00e9es, l&#8217;odeur est cependant presque imperceptible !<\/p>\n","protected":false},"excerpt":{"rendered":"<p style=\"text-align: justify;\">La FritillaLa <strong>Fritillaire persica Purple Dynamite<\/strong> est une bulbeuse originale \u00e0 floraison printani\u00e8re de 80 \u00e0 90 cm de hauteur, qui produit d\u00e8s le mois d&#8217;avril une longue hampe florale \u00e9lanc\u00e9e portant de 15 \u00e0 20 fleurs en forme de cloches de 10 \u00e0 12 cm de diam\u00e8tre au coloris pourpr\u00e9 fonc\u00e9 tr\u00e8s brilliant.<\/p>\n","protected":false},"featured_media":33998,"template":"","meta":{"_relevanssi_hide_post":"","_relevanssi_hide_content":"","_relevanssi_pin_for_all":"","_relevanssi_pin_keywords":"","_relevanssi_unpin_keywords":"","_relevanssi_related_keywords":"","_relevanssi_related_include_ids":"","_relevanssi_related_exclude_ids":"","_relevanssi_related_no_append":"","_relevanssi_related_not_related":"","_relevanssi_related_posts":"","_relevanssi_noindex_reason":""},"product_brand":[],"product_cat":[179,180,2229,1694,1557,1541,182],"product_tag":[],"class_list":{"0":"post-33766","1":"product","2":"type-product","3":"status-publish","4":"has-post-thumbnail","6":"product_cat-bulbes","7":"product_cat-fleurs","8":"product_cat-fleurs-violettes","9":"product_cat-fritillaires","10":"product_cat-naturalisable","11":"product_cat-printemps","12":"product_cat-saison","13":"pa_calibre-18-20","14":"pa_conditionnement-1470","15":"pa_couleur-noir","16":"pa_couleur-violet","17":"pa_couleur-de-feuillage-vert","18":"pa_disponibilite-de-septembre-a-decembre","19":"pa_exposition-ensoleillee","20":"pa_exposition-mi-ensoleillee","21":"pa_hauteur-de-la-plante-85-cm","22":"pa_nouveaute-oui","23":"pa_periode-de-recolte-floraison-avril","24":"pa_periode-de-recolte-floraison-mai","25":"pa_periode-de-semis-plantation-decembre","26":"pa_periode-de-semis-plantation-novembre","27":"pa_periode-de-semis-plantation-octobre","28":"pa_periode-de-semis-plantation-septembre","29":"pa_rusticite-rustique","30":"pa_utilisation-massif","32":"first","33":"outofstock","34":"taxable","35":"shipping-taxable","36":"purchasable","37":"product-type-simple"},"bundled_by":[],"bundle_stock_status":"outofstock","bundle_stock_quantity":0,"bundle_virtual":false,"bundle_layout":"","bundle_add_to_cart_form_location":"","bundle_editable_in_cart":false,"bundle_sold_individually_context":"","bundle_item_grouping":"","bundle_min_size":"","bundle_max_size":"","bundled_items":[],"bundle_sell_ids":[],"yoast_head":"<!-- This site is optimized with the Yoast SEO Premium plugin v25.2 (Yoast SEO v27.5) - https:\/\/yoast.com\/product\/yoast-seo-premium-wordpress\/ -->\n<title>Fritillaire persica Purple Dynamite - Ernest TURC<\/title>\n<meta name=\"description\" content=\"Ajoutez une touche d&#039;\u00e9l\u00e9gance \u00e0 votre jardin avec la Fritillaire Purple Dynamite. Ses fleurs pourpr\u00e9es brillantes illuminent le printemps avec une \u00e9l\u00e9gance in\u00e9gal\u00e9e.\" \/>\n<meta name=\"robots\" content=\"index, follow, max-snippet:-1, max-image-preview:large, max-video-preview:-1\" \/>\n<link rel=\"canonical\" href=\"https:\/\/www.ernest-turc.com\/boutique\/produits\/bulbes\/fleurs\/fritillaires\/fritillaire-persica-purple-dynamite\/\" \/>\n<meta property=\"og:locale\" content=\"fr_FR\" \/>\n<meta property=\"og:type\" content=\"article\" \/>\n<meta property=\"og:title\" content=\"Fritillaire persica Purple Dynamite\" \/>\n<meta property=\"og:description\" content=\"Ajoutez une touche d&#039;\u00e9l\u00e9gance \u00e0 votre jardin avec la Fritillaire Purple Dynamite. Ses fleurs pourpr\u00e9es brillantes illuminent le printemps avec une \u00e9l\u00e9gance in\u00e9gal\u00e9e.\" \/>\n<meta property=\"og:url\" content=\"https:\/\/www.ernest-turc.com\/boutique\/produits\/bulbes\/fleurs\/fritillaires\/fritillaire-persica-purple-dynamite\/\" \/>\n<meta property=\"og:site_name\" content=\"Ernest TURC\" \/>\n<meta property=\"article:publisher\" content=\"https:\/\/www.facebook.com\/ErnestTURC49\" \/>\n<meta property=\"article:modified_time\" content=\"2025-11-13T16:39:59+00:00\" \/>\n<meta property=\"og:image\" content=\"https:\/\/www.ernest-turc.com\/boutique\/wp-content\/uploads\/2024\/05\/fritillaire-purple-dynamite.jpg\" \/>\n\t<meta property=\"og:image:width\" content=\"800\" \/>\n\t<meta property=\"og:image:height\" content=\"800\" \/>\n\t<meta property=\"og:image:type\" content=\"image\/jpeg\" \/>\n<meta name=\"twitter:card\" content=\"summary_large_image\" \/>\n<meta name=\"twitter:label1\" content=\"Prix\" \/>\n\t<meta name=\"twitter:data1\" content=\"110,00&euro;TTCTTC\" \/>\n\t<meta name=\"twitter:label2\" content=\"Disponibilit\u00e9\" \/>\n\t<meta name=\"twitter:data2\" content=\"Rupture de stock\" \/>\n<script type=\"application\/ld+json\" class=\"yoast-schema-graph\">{\"@context\":\"https:\\\/\\\/schema.org\",\"@graph\":[{\"@type\":\"WebPage\",\"@id\":\"https:\\\/\\\/www.ernest-turc.com\\\/boutique\\\/produits\\\/bulbes\\\/fleurs\\\/fritillaires\\\/fritillaire-persica-purple-dynamite\\\/\",\"url\":\"https:\\\/\\\/www.ernest-turc.com\\\/boutique\\\/produits\\\/bulbes\\\/fleurs\\\/fritillaires\\\/fritillaire-persica-purple-dynamite\\\/\",\"name\":\"Fritillaire persica Purple Dynamite - Ernest TURC\",\"isPartOf\":{\"@id\":\"https:\\\/\\\/www.ernest-turc.com\\\/boutique\\\/#website\"},\"primaryImageOfPage\":{\"@id\":\"https:\\\/\\\/www.ernest-turc.com\\\/boutique\\\/produits\\\/bulbes\\\/fleurs\\\/fritillaires\\\/fritillaire-persica-purple-dynamite\\\/#primaryimage\"},\"image\":{\"@id\":\"https:\\\/\\\/www.ernest-turc.com\\\/boutique\\\/produits\\\/bulbes\\\/fleurs\\\/fritillaires\\\/fritillaire-persica-purple-dynamite\\\/#primaryimage\"},\"thumbnailUrl\":\"https:\\\/\\\/www.ernest-turc.com\\\/boutique\\\/wp-content\\\/uploads\\\/2024\\\/05\\\/fritillaire-purple-dynamite.jpg\",\"datePublished\":\"2024-05-21T11:16:16+00:00\",\"dateModified\":\"2025-11-13T16:39:59+00:00\",\"description\":\"Ajoutez une touche d'\u00e9l\u00e9gance \u00e0 votre jardin avec la Fritillaire Purple Dynamite. Ses fleurs pourpr\u00e9es brillantes illuminent le printemps avec une \u00e9l\u00e9gance in\u00e9gal\u00e9e.\",\"breadcrumb\":{\"@id\":\"https:\\\/\\\/www.ernest-turc.com\\\/boutique\\\/produits\\\/bulbes\\\/fleurs\\\/fritillaires\\\/fritillaire-persica-purple-dynamite\\\/#breadcrumb\"},\"inLanguage\":\"fr-FR\",\"potentialAction\":[{\"@type\":\"ReadAction\",\"target\":[\"https:\\\/\\\/www.ernest-turc.com\\\/boutique\\\/produits\\\/bulbes\\\/fleurs\\\/fritillaires\\\/fritillaire-persica-purple-dynamite\\\/\"]}]},{\"@type\":\"ImageObject\",\"inLanguage\":\"fr-FR\",\"@id\":\"https:\\\/\\\/www.ernest-turc.com\\\/boutique\\\/produits\\\/bulbes\\\/fleurs\\\/fritillaires\\\/fritillaire-persica-purple-dynamite\\\/#primaryimage\",\"url\":\"https:\\\/\\\/www.ernest-turc.com\\\/boutique\\\/wp-content\\\/uploads\\\/2024\\\/05\\\/fritillaire-purple-dynamite.jpg\",\"contentUrl\":\"https:\\\/\\\/www.ernest-turc.com\\\/boutique\\\/wp-content\\\/uploads\\\/2024\\\/05\\\/fritillaire-purple-dynamite.jpg\",\"width\":800,\"height\":800},{\"@type\":\"BreadcrumbList\",\"@id\":\"https:\\\/\\\/www.ernest-turc.com\\\/boutique\\\/produits\\\/bulbes\\\/fleurs\\\/fritillaires\\\/fritillaire-persica-purple-dynamite\\\/#breadcrumb\",\"itemListElement\":[{\"@type\":\"ListItem\",\"position\":1,\"name\":\"Accueil\",\"item\":\"https:\\\/\\\/www.ernest-turc.com\\\/boutique\\\/\"},{\"@type\":\"ListItem\",\"position\":2,\"name\":\"Boutique\",\"item\":\"https:\\\/\\\/www.ernest-turc.fr\\\/boutique\\\/produits\\\/\"},{\"@type\":\"ListItem\",\"position\":3,\"name\":\"Fritillaire persica Purple Dynamite\"}]},{\"@type\":\"WebSite\",\"@id\":\"https:\\\/\\\/www.ernest-turc.com\\\/boutique\\\/#website\",\"url\":\"https:\\\/\\\/www.ernest-turc.com\\\/boutique\\\/\",\"name\":\"Ernest TURC\",\"description\":\"\",\"publisher\":{\"@id\":\"https:\\\/\\\/www.ernest-turc.com\\\/boutique\\\/#organization\"},\"potentialAction\":[{\"@type\":\"SearchAction\",\"target\":{\"@type\":\"EntryPoint\",\"urlTemplate\":\"https:\\\/\\\/www.ernest-turc.com\\\/boutique\\\/?s={search_term_string}\"},\"query-input\":{\"@type\":\"PropertyValueSpecification\",\"valueRequired\":true,\"valueName\":\"search_term_string\"}}],\"inLanguage\":\"fr-FR\"},{\"@type\":\"Organization\",\"@id\":\"https:\\\/\\\/www.ernest-turc.com\\\/boutique\\\/#organization\",\"name\":\"Boutique Ernest TURC\",\"alternateName\":\"Ernest TURC\",\"url\":\"https:\\\/\\\/www.ernest-turc.com\\\/boutique\\\/\",\"logo\":{\"@type\":\"ImageObject\",\"inLanguage\":\"fr-FR\",\"@id\":\"https:\\\/\\\/www.ernest-turc.com\\\/boutique\\\/#\\\/schema\\\/logo\\\/image\\\/\",\"url\":\"https:\\\/\\\/www.ernest-turc.com\\\/boutique\\\/wp-content\\\/uploads\\\/2020\\\/10\\\/logo.png\",\"contentUrl\":\"https:\\\/\\\/www.ernest-turc.com\\\/boutique\\\/wp-content\\\/uploads\\\/2020\\\/10\\\/logo.png\",\"width\":161,\"height\":161,\"caption\":\"Boutique Ernest TURC\"},\"image\":{\"@id\":\"https:\\\/\\\/www.ernest-turc.com\\\/boutique\\\/#\\\/schema\\\/logo\\\/image\\\/\"},\"sameAs\":[\"https:\\\/\\\/www.facebook.com\\\/ErnestTURC49\",\"https:\\\/\\\/www.instagram.com\\\/ernestturc\",\"https:\\\/\\\/www.linkedin.com\\\/company\\\/ernest-turc\\\/\",\"https:\\\/\\\/www.pinterest.fr\\\/ernestturc\",\"https:\\\/\\\/www.youtube.com\\\/channel\\\/UCH3ntWhy3mdcqw9-xF6pmEQ\"]}]}<\/script>\n<meta property=\"product:price:amount\" content=\"110.00\" \/>\n<meta property=\"product:price:currency\" content=\"EUR\" \/>\n<meta property=\"og:availability\" content=\"out of stock\" \/>\n<meta property=\"product:availability\" content=\"out of stock\" \/>\n<meta property=\"product:retailer_item_id\" content=\"166081-1\" \/>\n<meta property=\"product:condition\" content=\"new\" \/>\n<!-- \/ Yoast SEO Premium plugin. -->","yoast_head_json":{"title":"Fritillaire persica Purple Dynamite - Ernest TURC","description":"Ajoutez une touche d'\u00e9l\u00e9gance \u00e0 votre jardin avec la Fritillaire Purple Dynamite. Ses fleurs pourpr\u00e9es brillantes illuminent le printemps avec une \u00e9l\u00e9gance in\u00e9gal\u00e9e.","robots":{"index":"index","follow":"follow","max-snippet":"max-snippet:-1","max-image-preview":"max-image-preview:large","max-video-preview":"max-video-preview:-1"},"canonical":"https:\/\/www.ernest-turc.com\/boutique\/produits\/bulbes\/fleurs\/fritillaires\/fritillaire-persica-purple-dynamite\/","og_locale":"fr_FR","og_type":"article","og_title":"Fritillaire persica Purple Dynamite","og_description":"Ajoutez une touche d'\u00e9l\u00e9gance \u00e0 votre jardin avec la Fritillaire Purple Dynamite. Ses fleurs pourpr\u00e9es brillantes illuminent le printemps avec une \u00e9l\u00e9gance in\u00e9gal\u00e9e.","og_url":"https:\/\/www.ernest-turc.com\/boutique\/produits\/bulbes\/fleurs\/fritillaires\/fritillaire-persica-purple-dynamite\/","og_site_name":"Ernest TURC","article_publisher":"https:\/\/www.facebook.com\/ErnestTURC49","article_modified_time":"2025-11-13T16:39:59+00:00","og_image":[{"width":800,"height":800,"url":"https:\/\/www.ernest-turc.com\/boutique\/wp-content\/uploads\/2024\/05\/fritillaire-purple-dynamite.jpg","type":"image\/jpeg"}],"twitter_card":"summary_large_image","twitter_misc":{"Prix":"110,00&euro;TTCTTC","Disponibilit\u00e9":"Rupture de stock"},"schema":{"@context":"https:\/\/schema.org","@graph":[{"@type":"WebPage","@id":"https:\/\/www.ernest-turc.com\/boutique\/produits\/bulbes\/fleurs\/fritillaires\/fritillaire-persica-purple-dynamite\/","url":"https:\/\/www.ernest-turc.com\/boutique\/produits\/bulbes\/fleurs\/fritillaires\/fritillaire-persica-purple-dynamite\/","name":"Fritillaire persica Purple Dynamite - Ernest TURC","isPartOf":{"@id":"https:\/\/www.ernest-turc.com\/boutique\/#website"},"primaryImageOfPage":{"@id":"https:\/\/www.ernest-turc.com\/boutique\/produits\/bulbes\/fleurs\/fritillaires\/fritillaire-persica-purple-dynamite\/#primaryimage"},"image":{"@id":"https:\/\/www.ernest-turc.com\/boutique\/produits\/bulbes\/fleurs\/fritillaires\/fritillaire-persica-purple-dynamite\/#primaryimage"},"thumbnailUrl":"https:\/\/www.ernest-turc.com\/boutique\/wp-content\/uploads\/2024\/05\/fritillaire-purple-dynamite.jpg","datePublished":"2024-05-21T11:16:16+00:00","dateModified":"2025-11-13T16:39:59+00:00","description":"Ajoutez une touche d'\u00e9l\u00e9gance \u00e0 votre jardin avec la Fritillaire Purple Dynamite. Ses fleurs pourpr\u00e9es brillantes illuminent le printemps avec une \u00e9l\u00e9gance in\u00e9gal\u00e9e.","breadcrumb":{"@id":"https:\/\/www.ernest-turc.com\/boutique\/produits\/bulbes\/fleurs\/fritillaires\/fritillaire-persica-purple-dynamite\/#breadcrumb"},"inLanguage":"fr-FR","potentialAction":[{"@type":"ReadAction","target":["https:\/\/www.ernest-turc.com\/boutique\/produits\/bulbes\/fleurs\/fritillaires\/fritillaire-persica-purple-dynamite\/"]}]},{"@type":"ImageObject","inLanguage":"fr-FR","@id":"https:\/\/www.ernest-turc.com\/boutique\/produits\/bulbes\/fleurs\/fritillaires\/fritillaire-persica-purple-dynamite\/#primaryimage","url":"https:\/\/www.ernest-turc.com\/boutique\/wp-content\/uploads\/2024\/05\/fritillaire-purple-dynamite.jpg","contentUrl":"https:\/\/www.ernest-turc.com\/boutique\/wp-content\/uploads\/2024\/05\/fritillaire-purple-dynamite.jpg","width":800,"height":800},{"@type":"BreadcrumbList","@id":"https:\/\/www.ernest-turc.com\/boutique\/produits\/bulbes\/fleurs\/fritillaires\/fritillaire-persica-purple-dynamite\/#breadcrumb","itemListElement":[{"@type":"ListItem","position":1,"name":"Accueil","item":"https:\/\/www.ernest-turc.com\/boutique\/"},{"@type":"ListItem","position":2,"name":"Boutique","item":"https:\/\/www.ernest-turc.fr\/boutique\/produits\/"},{"@type":"ListItem","position":3,"name":"Fritillaire persica Purple Dynamite"}]},{"@type":"WebSite","@id":"https:\/\/www.ernest-turc.com\/boutique\/#website","url":"https:\/\/www.ernest-turc.com\/boutique\/","name":"Ernest TURC","description":"","publisher":{"@id":"https:\/\/www.ernest-turc.com\/boutique\/#organization"},"potentialAction":[{"@type":"SearchAction","target":{"@type":"EntryPoint","urlTemplate":"https:\/\/www.ernest-turc.com\/boutique\/?s={search_term_string}"},"query-input":{"@type":"PropertyValueSpecification","valueRequired":true,"valueName":"search_term_string"}}],"inLanguage":"fr-FR"},{"@type":"Organization","@id":"https:\/\/www.ernest-turc.com\/boutique\/#organization","name":"Boutique Ernest TURC","alternateName":"Ernest TURC","url":"https:\/\/www.ernest-turc.com\/boutique\/","logo":{"@type":"ImageObject","inLanguage":"fr-FR","@id":"https:\/\/www.ernest-turc.com\/boutique\/#\/schema\/logo\/image\/","url":"https:\/\/www.ernest-turc.com\/boutique\/wp-content\/uploads\/2020\/10\/logo.png","contentUrl":"https:\/\/www.ernest-turc.com\/boutique\/wp-content\/uploads\/2020\/10\/logo.png","width":161,"height":161,"caption":"Boutique Ernest TURC"},"image":{"@id":"https:\/\/www.ernest-turc.com\/boutique\/#\/schema\/logo\/image\/"},"sameAs":["https:\/\/www.facebook.com\/ErnestTURC49","https:\/\/www.instagram.com\/ernestturc","https:\/\/www.linkedin.com\/company\/ernest-turc\/","https:\/\/www.pinterest.fr\/ernestturc","https:\/\/www.youtube.com\/channel\/UCH3ntWhy3mdcqw9-xF6pmEQ"]}]},"product_price_amount":"110.00","product_price_currency":"EUR","og_availability":"out of stock","product_availability":"out of stock","product_retailer_item_id":"166081-1","product_condition":"new"},"_links":{"self":[{"href":"https:\/\/www.ernest-turc.com\/boutique\/wp-json\/wp\/v2\/product\/33766","targetHints":{"allow":["GET"]}}],"collection":[{"href":"https:\/\/www.ernest-turc.com\/boutique\/wp-json\/wp\/v2\/product"}],"about":[{"href":"https:\/\/www.ernest-turc.com\/boutique\/wp-json\/wp\/v2\/types\/product"}],"wp:featuredmedia":[{"embeddable":true,"href":"https:\/\/www.ernest-turc.com\/boutique\/wp-json\/wp\/v2\/media\/33998"}],"wp:attachment":[{"href":"https:\/\/www.ernest-turc.com\/boutique\/wp-json\/wp\/v2\/media?parent=33766"}],"wp:term":[{"taxonomy":"product_brand","embeddable":true,"href":"https:\/\/www.ernest-turc.com\/boutique\/wp-json\/wp\/v2\/product_brand?post=33766"},{"taxonomy":"product_cat","embeddable":true,"href":"https:\/\/www.ernest-turc.com\/boutique\/wp-json\/wp\/v2\/product_cat?post=33766"},{"taxonomy":"product_tag","embeddable":true,"href":"https:\/\/www.ernest-turc.com\/boutique\/wp-json\/wp\/v2\/product_tag?post=33766"}],"curies":[{"name":"wp","href":"https:\/\/api.w.org\/{rel}","templated":true}]}}