{"id":30785,"date":"2023-12-21T14:04:46","date_gmt":"2023-12-21T14:04:46","guid":{"rendered":"https:\/\/www.ernest-turc.com\/boutique\/?post_type=product&#038;p=30785"},"modified":"2026-05-12T08:41:47","modified_gmt":"2026-05-12T08:41:47","slug":"mon-kit-copains-des-abeilles-printemps","status":"publish","type":"product","link":"https:\/\/www.ernest-turc.com\/boutique\/produits\/bulbes\/saison\/mon-kit-copains-des-abeilles-printemps\/","title":{"rendered":"MON KIT Copains des abeilles printemps"},"content":{"rendered":"<p>Notre \u00e9quipe s\u2019est amus\u00e9e \u00e0 concocter ce kit Copains des abeilles pour vous.<\/p>\n<p>Ce kit, ludique et familial, est compos\u00e9 de vari\u00e9t\u00e9s de bulbes \u00e0 fleurs et graines mellif\u00e8res. Il est id\u00e9al pour attirer les pollinisateurs dans votre jardin et votre potager. Les p\u00e9riodes de floraison de ces fleurs se succ\u00e8dent pour apporter du nectar aux abeilles du d\u00e9but \u00e0 la fin de l&#8217;\u00e9t\u00e9.<\/p>\n<p>Dans mon kit, je trouve 40 bulbes, 1 sachet de graines et 1 guide de plantation\u00a0 :<\/p>\n<p>20 alliums moly<br \/>12 crocosmias Emily Mac Kenzie<br \/>7 liatris spicata alba<br \/>1 dahlia nain simple<br \/>1 sachet de graines de fleurs de rudbeckia (1g)<\/p>\n<p>Mon guide plantation contient :<br \/>-&gt; les 5 \u00e9tapes cl\u00e9s pour r\u00e9ussir ma culture<br \/>-&gt; des astuces de plantation<br \/>-&gt; 1 petit jeu pour les enfants.<\/p>\n<p>Amusez-vous \u00e0 voir \u00e9clore votre production !<\/p>\n","protected":false},"excerpt":{"rendered":"<p>Notre \u00e9quipe s\u2019est amus\u00e9e \u00e0 concocter ce kit Copains des abeilles pour vous.<\/p>\n<p>Ce kit, ludique et familial, est compos\u00e9 de vari\u00e9t\u00e9s de bulbes \u00e0 fleurs mellif\u00e8res. Il est id\u00e9al pour attirer les pollinisateurs dans votre jardin et votre potager. Les p\u00e9riodes de floraison de ces fleurs se succ\u00e8dent pour apporter du nectar aux abeilles du d\u00e9but \u00e0 la fin du printemps.<\/p>\n<p>Amusez-vous \u00e0 voir \u00e9clore votre production !<\/p>\n","protected":false},"featured_media":35627,"template":"","meta":{"_relevanssi_hide_post":"","_relevanssi_hide_content":"","_relevanssi_pin_for_all":"","_relevanssi_pin_keywords":"","_relevanssi_unpin_keywords":"","_relevanssi_related_keywords":"","_relevanssi_related_include_ids":"","_relevanssi_related_exclude_ids":"","_relevanssi_related_no_append":"","_relevanssi_related_not_related":"","_relevanssi_related_posts":"","_relevanssi_noindex_reason":""},"product_brand":[],"product_cat":[1615,179,180,1644,1664,1783,183,182],"product_tag":[],"class_list":{"0":"post-30785","1":"product","2":"type-product","3":"status-publish","4":"has-post-thumbnail","6":"product_cat-assortiments","7":"product_cat-bulbes","8":"product_cat-fleurs","9":"product_cat-collections","10":"product_cat-idees-cadeaux","11":"product_cat-nos-coups-de-coeur","12":"product_cat-ete","13":"product_cat-saison","14":"pa_conditionnement-1540","15":"pa_couleur-multicolore","16":"pa_couleur-de-feuillage-vert","17":"pa_disponibilite-de-fevrier-a-juin","18":"pa_exposition-ensoleillee","19":"pa_hauteur-de-la-plante-15-a-80-cm","20":"pa_periode-de-recolte-floraison-aout","21":"pa_periode-de-recolte-floraison-juillet","22":"pa_periode-de-recolte-floraison-juin","23":"pa_periode-de-recolte-floraison-octobre","24":"pa_periode-de-recolte-floraison-septembre","25":"pa_periode-de-semis-plantation-avril","26":"pa_periode-de-semis-plantation-fevrier","27":"pa_periode-de-semis-plantation-mai","28":"pa_periode-de-semis-plantation-mars","29":"pa_rusticite-rustique","30":"pa_utilisation-jardiniere","31":"pa_utilisation-massif","32":"pa_utilisation-pot","34":"first","35":"outofstock","36":"taxable","37":"shipping-taxable","38":"purchasable","39":"product-type-simple"},"bundled_by":[],"bundle_stock_status":"outofstock","bundle_stock_quantity":0,"bundle_virtual":false,"bundle_layout":"","bundle_add_to_cart_form_location":"","bundle_editable_in_cart":false,"bundle_sold_individually_context":"","bundle_item_grouping":"","bundle_min_size":"","bundle_max_size":"","bundled_items":[],"bundle_sell_ids":[],"yoast_head":"<!-- This site is optimized with the Yoast SEO Premium plugin v25.2 (Yoast SEO v27.6) - https:\/\/yoast.com\/product\/yoast-seo-premium-wordpress\/ -->\n<title>Coffret MON KIT Copains des abeilles printemps - Ernest TURC<\/title>\n<meta name=\"description\" content=\"Attirez pollinisateurs gr\u00e2ce \u00e0 ce kit Copains des abeilles ! Vari\u00e9t\u00e9s de bulbes &amp; graines mellif\u00e8res. D\u00e9couvrez-les maintenant \ud83d\udc1d\" \/>\n<meta name=\"robots\" content=\"index, follow, max-snippet:-1, max-image-preview:large, max-video-preview:-1\" \/>\n<link rel=\"canonical\" href=\"https:\/\/www.ernest-turc.com\/boutique\/produits\/bulbes\/saison\/mon-kit-copains-des-abeilles-printemps\/\" \/>\n<meta property=\"og:locale\" content=\"fr_FR\" \/>\n<meta property=\"og:type\" content=\"article\" \/>\n<meta property=\"og:title\" content=\"MON KIT Copains des abeilles printemps\" \/>\n<meta property=\"og:description\" content=\"Attirez pollinisateurs gr\u00e2ce \u00e0 ce kit Copains des abeilles ! Vari\u00e9t\u00e9s de bulbes &amp; graines mellif\u00e8res. D\u00e9couvrez-les maintenant \ud83d\udc1d\" \/>\n<meta property=\"og:url\" content=\"https:\/\/www.ernest-turc.com\/boutique\/produits\/bulbes\/saison\/mon-kit-copains-des-abeilles-printemps\/\" \/>\n<meta property=\"og:site_name\" content=\"Ernest TURC\" \/>\n<meta property=\"article:publisher\" content=\"https:\/\/www.facebook.com\/ErnestTURC49\" \/>\n<meta property=\"article:modified_time\" content=\"2026-05-12T08:41:47+00:00\" \/>\n<meta property=\"og:image\" content=\"https:\/\/www.ernest-turc.com\/boutique\/wp-content\/uploads\/2023\/12\/kit-copains-des-abeilles.jpg\" \/>\n\t<meta property=\"og:image:width\" content=\"800\" \/>\n\t<meta property=\"og:image:height\" content=\"800\" \/>\n\t<meta property=\"og:image:type\" content=\"image\/jpeg\" \/>\n<meta name=\"twitter:card\" content=\"summary_large_image\" \/>\n<meta name=\"twitter:label1\" content=\"Prix\" \/>\n\t<meta name=\"twitter:data1\" content=\"16,50&euro;TTCTTC\" \/>\n\t<meta name=\"twitter:label2\" content=\"Disponibilit\u00e9\" \/>\n\t<meta name=\"twitter:data2\" content=\"Rupture de stock\" \/>\n<script type=\"application\/ld+json\" class=\"yoast-schema-graph\">{\"@context\":\"https:\\\/\\\/schema.org\",\"@graph\":[{\"@type\":\"WebPage\",\"@id\":\"https:\\\/\\\/www.ernest-turc.com\\\/boutique\\\/produits\\\/bulbes\\\/saison\\\/mon-kit-copains-des-abeilles-printemps\\\/\",\"url\":\"https:\\\/\\\/www.ernest-turc.com\\\/boutique\\\/produits\\\/bulbes\\\/saison\\\/mon-kit-copains-des-abeilles-printemps\\\/\",\"name\":\"Coffret MON KIT Copains des abeilles printemps - Ernest TURC\",\"isPartOf\":{\"@id\":\"https:\\\/\\\/www.ernest-turc.com\\\/boutique\\\/#website\"},\"primaryImageOfPage\":{\"@id\":\"https:\\\/\\\/www.ernest-turc.com\\\/boutique\\\/produits\\\/bulbes\\\/saison\\\/mon-kit-copains-des-abeilles-printemps\\\/#primaryimage\"},\"image\":{\"@id\":\"https:\\\/\\\/www.ernest-turc.com\\\/boutique\\\/produits\\\/bulbes\\\/saison\\\/mon-kit-copains-des-abeilles-printemps\\\/#primaryimage\"},\"thumbnailUrl\":\"https:\\\/\\\/www.ernest-turc.com\\\/boutique\\\/wp-content\\\/uploads\\\/2023\\\/12\\\/kit-copains-des-abeilles.jpg\",\"datePublished\":\"2023-12-21T14:04:46+00:00\",\"dateModified\":\"2026-05-12T08:41:47+00:00\",\"description\":\"Attirez pollinisateurs gr\u00e2ce \u00e0 ce kit Copains des abeilles ! Vari\u00e9t\u00e9s de bulbes & graines mellif\u00e8res. D\u00e9couvrez-les maintenant \ud83d\udc1d\",\"breadcrumb\":{\"@id\":\"https:\\\/\\\/www.ernest-turc.com\\\/boutique\\\/produits\\\/bulbes\\\/saison\\\/mon-kit-copains-des-abeilles-printemps\\\/#breadcrumb\"},\"inLanguage\":\"fr-FR\",\"potentialAction\":[{\"@type\":\"ReadAction\",\"target\":[\"https:\\\/\\\/www.ernest-turc.com\\\/boutique\\\/produits\\\/bulbes\\\/saison\\\/mon-kit-copains-des-abeilles-printemps\\\/\"]}]},{\"@type\":\"ImageObject\",\"inLanguage\":\"fr-FR\",\"@id\":\"https:\\\/\\\/www.ernest-turc.com\\\/boutique\\\/produits\\\/bulbes\\\/saison\\\/mon-kit-copains-des-abeilles-printemps\\\/#primaryimage\",\"url\":\"https:\\\/\\\/www.ernest-turc.com\\\/boutique\\\/wp-content\\\/uploads\\\/2023\\\/12\\\/kit-copains-des-abeilles.jpg\",\"contentUrl\":\"https:\\\/\\\/www.ernest-turc.com\\\/boutique\\\/wp-content\\\/uploads\\\/2023\\\/12\\\/kit-copains-des-abeilles.jpg\",\"width\":800,\"height\":800},{\"@type\":\"BreadcrumbList\",\"@id\":\"https:\\\/\\\/www.ernest-turc.com\\\/boutique\\\/produits\\\/bulbes\\\/saison\\\/mon-kit-copains-des-abeilles-printemps\\\/#breadcrumb\",\"itemListElement\":[{\"@type\":\"ListItem\",\"position\":1,\"name\":\"Accueil\",\"item\":\"https:\\\/\\\/www.ernest-turc.com\\\/boutique\\\/\"},{\"@type\":\"ListItem\",\"position\":2,\"name\":\"Boutique\",\"item\":\"https:\\\/\\\/www.ernest-turc.fr\\\/boutique\\\/produits\\\/\"},{\"@type\":\"ListItem\",\"position\":3,\"name\":\"MON KIT Copains des abeilles printemps\"}]},{\"@type\":\"WebSite\",\"@id\":\"https:\\\/\\\/www.ernest-turc.com\\\/boutique\\\/#website\",\"url\":\"https:\\\/\\\/www.ernest-turc.com\\\/boutique\\\/\",\"name\":\"Ernest TURC\",\"description\":\"\",\"publisher\":{\"@id\":\"https:\\\/\\\/www.ernest-turc.com\\\/boutique\\\/#organization\"},\"potentialAction\":[{\"@type\":\"SearchAction\",\"target\":{\"@type\":\"EntryPoint\",\"urlTemplate\":\"https:\\\/\\\/www.ernest-turc.com\\\/boutique\\\/?s={search_term_string}\"},\"query-input\":{\"@type\":\"PropertyValueSpecification\",\"valueRequired\":true,\"valueName\":\"search_term_string\"}}],\"inLanguage\":\"fr-FR\"},{\"@type\":\"Organization\",\"@id\":\"https:\\\/\\\/www.ernest-turc.com\\\/boutique\\\/#organization\",\"name\":\"Boutique Ernest TURC\",\"alternateName\":\"Ernest TURC\",\"url\":\"https:\\\/\\\/www.ernest-turc.com\\\/boutique\\\/\",\"logo\":{\"@type\":\"ImageObject\",\"inLanguage\":\"fr-FR\",\"@id\":\"https:\\\/\\\/www.ernest-turc.com\\\/boutique\\\/#\\\/schema\\\/logo\\\/image\\\/\",\"url\":\"https:\\\/\\\/www.ernest-turc.com\\\/boutique\\\/wp-content\\\/uploads\\\/2020\\\/10\\\/logo.png\",\"contentUrl\":\"https:\\\/\\\/www.ernest-turc.com\\\/boutique\\\/wp-content\\\/uploads\\\/2020\\\/10\\\/logo.png\",\"width\":161,\"height\":161,\"caption\":\"Boutique Ernest TURC\"},\"image\":{\"@id\":\"https:\\\/\\\/www.ernest-turc.com\\\/boutique\\\/#\\\/schema\\\/logo\\\/image\\\/\"},\"sameAs\":[\"https:\\\/\\\/www.facebook.com\\\/ErnestTURC49\",\"https:\\\/\\\/www.instagram.com\\\/ernestturc\",\"https:\\\/\\\/www.linkedin.com\\\/company\\\/ernest-turc\\\/\",\"https:\\\/\\\/www.pinterest.fr\\\/ernestturc\",\"https:\\\/\\\/www.youtube.com\\\/channel\\\/UCH3ntWhy3mdcqw9-xF6pmEQ\"]}]}<\/script>\n<meta property=\"product:price:amount\" content=\"16.50\" \/>\n<meta property=\"product:price:currency\" content=\"EUR\" \/>\n<meta property=\"og:availability\" content=\"out of stock\" \/>\n<meta property=\"product:availability\" content=\"out of stock\" \/>\n<meta property=\"product:retailer_item_id\" content=\"951143\" \/>\n<meta property=\"product:condition\" content=\"new\" \/>\n<!-- \/ Yoast SEO Premium plugin. -->","yoast_head_json":{"title":"Coffret MON KIT Copains des abeilles printemps - Ernest TURC","description":"Attirez pollinisateurs gr\u00e2ce \u00e0 ce kit Copains des abeilles ! Vari\u00e9t\u00e9s de bulbes & graines mellif\u00e8res. D\u00e9couvrez-les maintenant \ud83d\udc1d","robots":{"index":"index","follow":"follow","max-snippet":"max-snippet:-1","max-image-preview":"max-image-preview:large","max-video-preview":"max-video-preview:-1"},"canonical":"https:\/\/www.ernest-turc.com\/boutique\/produits\/bulbes\/saison\/mon-kit-copains-des-abeilles-printemps\/","og_locale":"fr_FR","og_type":"article","og_title":"MON KIT Copains des abeilles printemps","og_description":"Attirez pollinisateurs gr\u00e2ce \u00e0 ce kit Copains des abeilles ! Vari\u00e9t\u00e9s de bulbes & graines mellif\u00e8res. D\u00e9couvrez-les maintenant \ud83d\udc1d","og_url":"https:\/\/www.ernest-turc.com\/boutique\/produits\/bulbes\/saison\/mon-kit-copains-des-abeilles-printemps\/","og_site_name":"Ernest TURC","article_publisher":"https:\/\/www.facebook.com\/ErnestTURC49","article_modified_time":"2026-05-12T08:41:47+00:00","og_image":[{"width":800,"height":800,"url":"https:\/\/www.ernest-turc.com\/boutique\/wp-content\/uploads\/2023\/12\/kit-copains-des-abeilles.jpg","type":"image\/jpeg"}],"twitter_card":"summary_large_image","twitter_misc":{"Prix":"16,50&euro;TTCTTC","Disponibilit\u00e9":"Rupture de stock"},"schema":{"@context":"https:\/\/schema.org","@graph":[{"@type":"WebPage","@id":"https:\/\/www.ernest-turc.com\/boutique\/produits\/bulbes\/saison\/mon-kit-copains-des-abeilles-printemps\/","url":"https:\/\/www.ernest-turc.com\/boutique\/produits\/bulbes\/saison\/mon-kit-copains-des-abeilles-printemps\/","name":"Coffret MON KIT Copains des abeilles printemps - Ernest TURC","isPartOf":{"@id":"https:\/\/www.ernest-turc.com\/boutique\/#website"},"primaryImageOfPage":{"@id":"https:\/\/www.ernest-turc.com\/boutique\/produits\/bulbes\/saison\/mon-kit-copains-des-abeilles-printemps\/#primaryimage"},"image":{"@id":"https:\/\/www.ernest-turc.com\/boutique\/produits\/bulbes\/saison\/mon-kit-copains-des-abeilles-printemps\/#primaryimage"},"thumbnailUrl":"https:\/\/www.ernest-turc.com\/boutique\/wp-content\/uploads\/2023\/12\/kit-copains-des-abeilles.jpg","datePublished":"2023-12-21T14:04:46+00:00","dateModified":"2026-05-12T08:41:47+00:00","description":"Attirez pollinisateurs gr\u00e2ce \u00e0 ce kit Copains des abeilles ! Vari\u00e9t\u00e9s de bulbes & graines mellif\u00e8res. D\u00e9couvrez-les maintenant \ud83d\udc1d","breadcrumb":{"@id":"https:\/\/www.ernest-turc.com\/boutique\/produits\/bulbes\/saison\/mon-kit-copains-des-abeilles-printemps\/#breadcrumb"},"inLanguage":"fr-FR","potentialAction":[{"@type":"ReadAction","target":["https:\/\/www.ernest-turc.com\/boutique\/produits\/bulbes\/saison\/mon-kit-copains-des-abeilles-printemps\/"]}]},{"@type":"ImageObject","inLanguage":"fr-FR","@id":"https:\/\/www.ernest-turc.com\/boutique\/produits\/bulbes\/saison\/mon-kit-copains-des-abeilles-printemps\/#primaryimage","url":"https:\/\/www.ernest-turc.com\/boutique\/wp-content\/uploads\/2023\/12\/kit-copains-des-abeilles.jpg","contentUrl":"https:\/\/www.ernest-turc.com\/boutique\/wp-content\/uploads\/2023\/12\/kit-copains-des-abeilles.jpg","width":800,"height":800},{"@type":"BreadcrumbList","@id":"https:\/\/www.ernest-turc.com\/boutique\/produits\/bulbes\/saison\/mon-kit-copains-des-abeilles-printemps\/#breadcrumb","itemListElement":[{"@type":"ListItem","position":1,"name":"Accueil","item":"https:\/\/www.ernest-turc.com\/boutique\/"},{"@type":"ListItem","position":2,"name":"Boutique","item":"https:\/\/www.ernest-turc.fr\/boutique\/produits\/"},{"@type":"ListItem","position":3,"name":"MON KIT Copains des abeilles printemps"}]},{"@type":"WebSite","@id":"https:\/\/www.ernest-turc.com\/boutique\/#website","url":"https:\/\/www.ernest-turc.com\/boutique\/","name":"Ernest TURC","description":"","publisher":{"@id":"https:\/\/www.ernest-turc.com\/boutique\/#organization"},"potentialAction":[{"@type":"SearchAction","target":{"@type":"EntryPoint","urlTemplate":"https:\/\/www.ernest-turc.com\/boutique\/?s={search_term_string}"},"query-input":{"@type":"PropertyValueSpecification","valueRequired":true,"valueName":"search_term_string"}}],"inLanguage":"fr-FR"},{"@type":"Organization","@id":"https:\/\/www.ernest-turc.com\/boutique\/#organization","name":"Boutique Ernest TURC","alternateName":"Ernest TURC","url":"https:\/\/www.ernest-turc.com\/boutique\/","logo":{"@type":"ImageObject","inLanguage":"fr-FR","@id":"https:\/\/www.ernest-turc.com\/boutique\/#\/schema\/logo\/image\/","url":"https:\/\/www.ernest-turc.com\/boutique\/wp-content\/uploads\/2020\/10\/logo.png","contentUrl":"https:\/\/www.ernest-turc.com\/boutique\/wp-content\/uploads\/2020\/10\/logo.png","width":161,"height":161,"caption":"Boutique Ernest TURC"},"image":{"@id":"https:\/\/www.ernest-turc.com\/boutique\/#\/schema\/logo\/image\/"},"sameAs":["https:\/\/www.facebook.com\/ErnestTURC49","https:\/\/www.instagram.com\/ernestturc","https:\/\/www.linkedin.com\/company\/ernest-turc\/","https:\/\/www.pinterest.fr\/ernestturc","https:\/\/www.youtube.com\/channel\/UCH3ntWhy3mdcqw9-xF6pmEQ"]}]},"product_price_amount":"16.50","product_price_currency":"EUR","og_availability":"out of stock","product_availability":"out of stock","product_retailer_item_id":"951143","product_condition":"new"},"_links":{"self":[{"href":"https:\/\/www.ernest-turc.com\/boutique\/wp-json\/wp\/v2\/product\/30785","targetHints":{"allow":["GET"]}}],"collection":[{"href":"https:\/\/www.ernest-turc.com\/boutique\/wp-json\/wp\/v2\/product"}],"about":[{"href":"https:\/\/www.ernest-turc.com\/boutique\/wp-json\/wp\/v2\/types\/product"}],"wp:featuredmedia":[{"embeddable":true,"href":"https:\/\/www.ernest-turc.com\/boutique\/wp-json\/wp\/v2\/media\/35627"}],"wp:attachment":[{"href":"https:\/\/www.ernest-turc.com\/boutique\/wp-json\/wp\/v2\/media?parent=30785"}],"wp:term":[{"taxonomy":"product_brand","embeddable":true,"href":"https:\/\/www.ernest-turc.com\/boutique\/wp-json\/wp\/v2\/product_brand?post=30785"},{"taxonomy":"product_cat","embeddable":true,"href":"https:\/\/www.ernest-turc.com\/boutique\/wp-json\/wp\/v2\/product_cat?post=30785"},{"taxonomy":"product_tag","embeddable":true,"href":"https:\/\/www.ernest-turc.com\/boutique\/wp-json\/wp\/v2\/product_tag?post=30785"}],"curies":[{"name":"wp","href":"https:\/\/api.w.org\/{rel}","templated":true}]}}