{"id":30740,"date":"2023-12-20T15:49:05","date_gmt":"2023-12-20T15:49:05","guid":{"rendered":"https:\/\/www.ernest-turc.com\/boutique\/?post_type=product&#038;p=30740"},"modified":"2026-05-12T08:21:46","modified_gmt":"2026-05-12T08:21:46","slug":"mon-kit-les-rouges-dete","status":"publish","type":"product","link":"https:\/\/www.ernest-turc.com\/boutique\/produits\/bulbes\/saison\/mon-kit-les-rouges-dete\/","title":{"rendered":"Assortiment de dahlias &#8211; Les Rouges d&#8217;\u00e9t\u00e9"},"content":{"rendered":"<div class=\"flex flex-grow flex-col max-w-full\">\n<div class=\"min-h-[20px] text-message flex flex-col items-start gap-3 whitespace-pre-wrap break-words [.text-message+&amp;]:mt-5 overflow-x-auto\" data-message-author-role=\"assistant\" data-message-id=\"b61d687f-c36a-456d-a9d0-79781e1084db\">\n<div class=\"markdown prose w-full break-words dark:prose-invert light\">\n<p>Explorez nos s\u00e9lections printani\u00e8res avec &#8220;Les rouges d&#8217;\u00e9t\u00e9&#8221;, un hommage \u00e0 l&#8217;expertise et au terroir d&#8217;une illustre maison horticole fran\u00e7aise situ\u00e9e au c\u0153ur de la vall\u00e9e de la Loire, r\u00e9put\u00e9e pour sa tradition horticole et viticole.<\/p>\n<p>Cette collection est une c\u00e9l\u00e9bration de l&#8217;art de vivre \u00e0 la fran\u00e7aise, offrant des moments inoubliables de soir\u00e9es estivales illumin\u00e9es par la beaut\u00e9 des fleurs rouges, le tout accompagn\u00e9 d&#8217;un verre de votre choix.<\/p>\n<p>&#8220;Les rouges d&#8217;\u00e9t\u00e9&#8221; est plus qu&#8217;un simple achat : c&#8217;est un cadeau de la nature, authentique, \u00e9cologique et durable, promettant une floraison somptueuse jusqu&#8217;\u00e0 100 jours. Un geste \u00e9l\u00e9gant pour soi ou \u00e0 offrir, symbole de beaut\u00e9 durable.<\/p>\n<\/div>\n<\/div>\n<\/div>\n<div class=\"mt-1 flex justify-start gap-3 empty:hidden\">\n<div class=\"text-gray-400 flex self-end lg:self-center justify-center lg:justify-start mt-0 -ml-1 visible\">\u00a0<\/div>\n<\/div>\n<div class=\"flex\">\u00a0<\/div>\n","protected":false},"excerpt":{"rendered":"<p>Explorez la splendeur de nos cr\u00e9ations printani\u00e8res avec <strong>&#8220;Les rouges d&#8217;\u00e9t\u00e9&#8221;<\/strong>, reflet du savoir-faire et de la tradition de la vall\u00e9e de la Loire. Cette s\u00e9lection de notre maison horticole centenaire \u00e9voque les soir\u00e9es estivales, orn\u00e9es de nuances rouges, et promet une exp\u00e9rience de floraison durable de 100 jours. Un cadeau naturel, charg\u00e9 d&#8217;histoire, parfait pour les moments de partage ou pour embellir votre espace avec \u00e9l\u00e9gance et naturel.<\/p>\n<p>Acheter bouquet Les rouges d&#8217;\u00e9t\u00e9 vall\u00e9e de la Loire maison horticole centenaire floraison durable<\/p>\n","protected":false},"featured_media":35502,"template":"","meta":{"_relevanssi_hide_post":"","_relevanssi_hide_content":"","_relevanssi_pin_for_all":"","_relevanssi_pin_keywords":"","_relevanssi_unpin_keywords":"","_relevanssi_related_keywords":"","_relevanssi_related_include_ids":"","_relevanssi_related_exclude_ids":"","_relevanssi_related_no_append":"","_relevanssi_related_not_related":"","_relevanssi_related_posts":"","_relevanssi_noindex_reason":""},"product_brand":[],"product_cat":[1615,1644,2227,1783,183,182],"product_tag":[1124,868,2086,2085,2084],"class_list":{"0":"post-30740","1":"product","2":"type-product","3":"status-publish","4":"has-post-thumbnail","6":"product_cat-assortiments","7":"product_cat-collections","8":"product_cat-fleurs-rouges","9":"product_cat-nos-coups-de-coeur","10":"product_cat-ete","11":"product_cat-saison","12":"product_tag-dahlia-france","13":"product_tag-dahlia-rouge","14":"product_tag-dahlias-colores","15":"product_tag-dahlias-melange-rouge","16":"product_tag-millesime-dahlia","17":"pa_calibre-i","18":"pa_calibre-ii","19":"pa_conditionnement-1787","20":"pa_couleur-rouge","21":"pa_couleur-de-feuillage-vert","22":"pa_disponibilite-de-fevrier-a-juin","23":"pa_exposition-ensoleillee","24":"pa_hauteur-de-la-plante-60-a-100-cm","25":"pa_periode-de-recolte-floraison-aout","26":"pa_periode-de-recolte-floraison-juillet","27":"pa_periode-de-recolte-floraison-octobre","28":"pa_periode-de-recolte-floraison-septembre","29":"pa_periode-de-semis-plantation-avril","30":"pa_periode-de-semis-plantation-mai","31":"pa_periode-de-semis-plantation-mars","32":"pa_rusticite-craint-le-gel","33":"pa_utilisation-jardiniere","34":"pa_utilisation-massif","35":"pa_utilisation-pot","37":"first","38":"outofstock","39":"taxable","40":"shipping-taxable","41":"purchasable","42":"product-type-simple"},"bundled_by":[],"bundle_stock_status":"outofstock","bundle_stock_quantity":0,"bundle_virtual":false,"bundle_layout":"","bundle_add_to_cart_form_location":"","bundle_editable_in_cart":false,"bundle_sold_individually_context":"","bundle_item_grouping":"","bundle_min_size":"","bundle_max_size":"","bundled_items":[],"bundle_sell_ids":[],"yoast_head":"<!-- This site is optimized with the Yoast SEO Premium plugin v25.2 (Yoast SEO v27.5) - https:\/\/yoast.com\/product\/yoast-seo-premium-wordpress\/ -->\n<title>Coffret Assortiment de dahlias - Les Rouges d&#039;\u00e9t\u00e9 - Ernest TURC<\/title>\n<meta name=\"description\" content=\"Voyagez aux c\u0153urs de la vall\u00e9e de la Loire et explorez notre assortiment exceptionnel \u00abLes Rouges d&#039;\u00e9t\u00e9\u00bb. Offrez-vous une soir\u00e9e inoubliable !\" \/>\n<meta name=\"robots\" content=\"index, follow, max-snippet:-1, max-image-preview:large, max-video-preview:-1\" \/>\n<link rel=\"canonical\" href=\"https:\/\/www.ernest-turc.com\/boutique\/produits\/bulbes\/saison\/mon-kit-les-rouges-dete\/\" \/>\n<meta property=\"og:locale\" content=\"fr_FR\" \/>\n<meta property=\"og:type\" content=\"article\" \/>\n<meta property=\"og:title\" content=\"Assortiment de dahlias - Les Rouges d&#039;\u00e9t\u00e9\" \/>\n<meta property=\"og:description\" content=\"Voyagez aux c\u0153urs de la vall\u00e9e de la Loire et explorez notre assortiment exceptionnel \u00abLes Rouges d&#039;\u00e9t\u00e9\u00bb. Offrez-vous une soir\u00e9e inoubliable !\" \/>\n<meta property=\"og:url\" content=\"https:\/\/www.ernest-turc.com\/boutique\/produits\/bulbes\/saison\/mon-kit-les-rouges-dete\/\" \/>\n<meta property=\"og:site_name\" content=\"Ernest TURC\" \/>\n<meta property=\"article:publisher\" content=\"https:\/\/www.facebook.com\/ErnestTURC49\" \/>\n<meta property=\"article:modified_time\" content=\"2026-05-12T08:21:46+00:00\" \/>\n<meta property=\"og:image\" content=\"https:\/\/www.ernest-turc.com\/boutique\/wp-content\/uploads\/2023\/12\/MILLESIME-LES-ROUGES.jpg\" \/>\n\t<meta property=\"og:image:width\" content=\"800\" \/>\n\t<meta property=\"og:image:height\" content=\"800\" \/>\n\t<meta property=\"og:image:type\" content=\"image\/jpeg\" \/>\n<meta name=\"twitter:card\" content=\"summary_large_image\" \/>\n<meta name=\"twitter:label1\" content=\"Prix\" \/>\n\t<meta name=\"twitter:data1\" content=\"11,90&euro;TTCTTC\" \/>\n\t<meta name=\"twitter:label2\" content=\"Disponibilit\u00e9\" \/>\n\t<meta name=\"twitter:data2\" content=\"Rupture de stock\" \/>\n<script type=\"application\/ld+json\" class=\"yoast-schema-graph\">{\"@context\":\"https:\\\/\\\/schema.org\",\"@graph\":[{\"@type\":\"WebPage\",\"@id\":\"https:\\\/\\\/www.ernest-turc.com\\\/boutique\\\/produits\\\/bulbes\\\/saison\\\/mon-kit-les-rouges-dete\\\/\",\"url\":\"https:\\\/\\\/www.ernest-turc.com\\\/boutique\\\/produits\\\/bulbes\\\/saison\\\/mon-kit-les-rouges-dete\\\/\",\"name\":\"Coffret Assortiment de dahlias - Les Rouges d'\u00e9t\u00e9 - Ernest TURC\",\"isPartOf\":{\"@id\":\"https:\\\/\\\/www.ernest-turc.com\\\/boutique\\\/#website\"},\"primaryImageOfPage\":{\"@id\":\"https:\\\/\\\/www.ernest-turc.com\\\/boutique\\\/produits\\\/bulbes\\\/saison\\\/mon-kit-les-rouges-dete\\\/#primaryimage\"},\"image\":{\"@id\":\"https:\\\/\\\/www.ernest-turc.com\\\/boutique\\\/produits\\\/bulbes\\\/saison\\\/mon-kit-les-rouges-dete\\\/#primaryimage\"},\"thumbnailUrl\":\"https:\\\/\\\/www.ernest-turc.com\\\/boutique\\\/wp-content\\\/uploads\\\/2023\\\/12\\\/MILLESIME-LES-ROUGES.jpg\",\"datePublished\":\"2023-12-20T15:49:05+00:00\",\"dateModified\":\"2026-05-12T08:21:46+00:00\",\"description\":\"Voyagez aux c\u0153urs de la vall\u00e9e de la Loire et explorez notre assortiment exceptionnel \u00abLes Rouges d'\u00e9t\u00e9\u00bb. Offrez-vous une soir\u00e9e inoubliable !\",\"breadcrumb\":{\"@id\":\"https:\\\/\\\/www.ernest-turc.com\\\/boutique\\\/produits\\\/bulbes\\\/saison\\\/mon-kit-les-rouges-dete\\\/#breadcrumb\"},\"inLanguage\":\"fr-FR\",\"potentialAction\":[{\"@type\":\"ReadAction\",\"target\":[\"https:\\\/\\\/www.ernest-turc.com\\\/boutique\\\/produits\\\/bulbes\\\/saison\\\/mon-kit-les-rouges-dete\\\/\"]}]},{\"@type\":\"ImageObject\",\"inLanguage\":\"fr-FR\",\"@id\":\"https:\\\/\\\/www.ernest-turc.com\\\/boutique\\\/produits\\\/bulbes\\\/saison\\\/mon-kit-les-rouges-dete\\\/#primaryimage\",\"url\":\"https:\\\/\\\/www.ernest-turc.com\\\/boutique\\\/wp-content\\\/uploads\\\/2023\\\/12\\\/MILLESIME-LES-ROUGES.jpg\",\"contentUrl\":\"https:\\\/\\\/www.ernest-turc.com\\\/boutique\\\/wp-content\\\/uploads\\\/2023\\\/12\\\/MILLESIME-LES-ROUGES.jpg\",\"width\":800,\"height\":800},{\"@type\":\"BreadcrumbList\",\"@id\":\"https:\\\/\\\/www.ernest-turc.com\\\/boutique\\\/produits\\\/bulbes\\\/saison\\\/mon-kit-les-rouges-dete\\\/#breadcrumb\",\"itemListElement\":[{\"@type\":\"ListItem\",\"position\":1,\"name\":\"Accueil\",\"item\":\"https:\\\/\\\/www.ernest-turc.com\\\/boutique\\\/\"},{\"@type\":\"ListItem\",\"position\":2,\"name\":\"Boutique\",\"item\":\"https:\\\/\\\/www.ernest-turc.fr\\\/boutique\\\/produits\\\/\"},{\"@type\":\"ListItem\",\"position\":3,\"name\":\"Assortiment de dahlias &#8211; Les Rouges d&#8217;\u00e9t\u00e9\"}]},{\"@type\":\"WebSite\",\"@id\":\"https:\\\/\\\/www.ernest-turc.com\\\/boutique\\\/#website\",\"url\":\"https:\\\/\\\/www.ernest-turc.com\\\/boutique\\\/\",\"name\":\"Ernest TURC\",\"description\":\"\",\"publisher\":{\"@id\":\"https:\\\/\\\/www.ernest-turc.com\\\/boutique\\\/#organization\"},\"potentialAction\":[{\"@type\":\"SearchAction\",\"target\":{\"@type\":\"EntryPoint\",\"urlTemplate\":\"https:\\\/\\\/www.ernest-turc.com\\\/boutique\\\/?s={search_term_string}\"},\"query-input\":{\"@type\":\"PropertyValueSpecification\",\"valueRequired\":true,\"valueName\":\"search_term_string\"}}],\"inLanguage\":\"fr-FR\"},{\"@type\":\"Organization\",\"@id\":\"https:\\\/\\\/www.ernest-turc.com\\\/boutique\\\/#organization\",\"name\":\"Boutique Ernest TURC\",\"alternateName\":\"Ernest TURC\",\"url\":\"https:\\\/\\\/www.ernest-turc.com\\\/boutique\\\/\",\"logo\":{\"@type\":\"ImageObject\",\"inLanguage\":\"fr-FR\",\"@id\":\"https:\\\/\\\/www.ernest-turc.com\\\/boutique\\\/#\\\/schema\\\/logo\\\/image\\\/\",\"url\":\"https:\\\/\\\/www.ernest-turc.com\\\/boutique\\\/wp-content\\\/uploads\\\/2020\\\/10\\\/logo.png\",\"contentUrl\":\"https:\\\/\\\/www.ernest-turc.com\\\/boutique\\\/wp-content\\\/uploads\\\/2020\\\/10\\\/logo.png\",\"width\":161,\"height\":161,\"caption\":\"Boutique Ernest TURC\"},\"image\":{\"@id\":\"https:\\\/\\\/www.ernest-turc.com\\\/boutique\\\/#\\\/schema\\\/logo\\\/image\\\/\"},\"sameAs\":[\"https:\\\/\\\/www.facebook.com\\\/ErnestTURC49\",\"https:\\\/\\\/www.instagram.com\\\/ernestturc\",\"https:\\\/\\\/www.linkedin.com\\\/company\\\/ernest-turc\\\/\",\"https:\\\/\\\/www.pinterest.fr\\\/ernestturc\",\"https:\\\/\\\/www.youtube.com\\\/channel\\\/UCH3ntWhy3mdcqw9-xF6pmEQ\"]}]}<\/script>\n<meta property=\"product:price:amount\" content=\"11.90\" \/>\n<meta property=\"product:price:currency\" content=\"EUR\" \/>\n<meta property=\"og:availability\" content=\"out of stock\" \/>\n<meta property=\"product:availability\" content=\"out of stock\" \/>\n<meta property=\"product:retailer_item_id\" content=\"958916\" \/>\n<meta property=\"product:condition\" content=\"new\" \/>\n<!-- \/ Yoast SEO Premium plugin. -->","yoast_head_json":{"title":"Coffret Assortiment de dahlias - Les Rouges d'\u00e9t\u00e9 - Ernest TURC","description":"Voyagez aux c\u0153urs de la vall\u00e9e de la Loire et explorez notre assortiment exceptionnel \u00abLes Rouges d'\u00e9t\u00e9\u00bb. Offrez-vous une soir\u00e9e inoubliable !","robots":{"index":"index","follow":"follow","max-snippet":"max-snippet:-1","max-image-preview":"max-image-preview:large","max-video-preview":"max-video-preview:-1"},"canonical":"https:\/\/www.ernest-turc.com\/boutique\/produits\/bulbes\/saison\/mon-kit-les-rouges-dete\/","og_locale":"fr_FR","og_type":"article","og_title":"Assortiment de dahlias - Les Rouges d'\u00e9t\u00e9","og_description":"Voyagez aux c\u0153urs de la vall\u00e9e de la Loire et explorez notre assortiment exceptionnel \u00abLes Rouges d'\u00e9t\u00e9\u00bb. Offrez-vous une soir\u00e9e inoubliable !","og_url":"https:\/\/www.ernest-turc.com\/boutique\/produits\/bulbes\/saison\/mon-kit-les-rouges-dete\/","og_site_name":"Ernest TURC","article_publisher":"https:\/\/www.facebook.com\/ErnestTURC49","article_modified_time":"2026-05-12T08:21:46+00:00","og_image":[{"width":800,"height":800,"url":"https:\/\/www.ernest-turc.com\/boutique\/wp-content\/uploads\/2023\/12\/MILLESIME-LES-ROUGES.jpg","type":"image\/jpeg"}],"twitter_card":"summary_large_image","twitter_misc":{"Prix":"11,90&euro;TTCTTC","Disponibilit\u00e9":"Rupture de stock"},"schema":{"@context":"https:\/\/schema.org","@graph":[{"@type":"WebPage","@id":"https:\/\/www.ernest-turc.com\/boutique\/produits\/bulbes\/saison\/mon-kit-les-rouges-dete\/","url":"https:\/\/www.ernest-turc.com\/boutique\/produits\/bulbes\/saison\/mon-kit-les-rouges-dete\/","name":"Coffret Assortiment de dahlias - Les Rouges d'\u00e9t\u00e9 - Ernest TURC","isPartOf":{"@id":"https:\/\/www.ernest-turc.com\/boutique\/#website"},"primaryImageOfPage":{"@id":"https:\/\/www.ernest-turc.com\/boutique\/produits\/bulbes\/saison\/mon-kit-les-rouges-dete\/#primaryimage"},"image":{"@id":"https:\/\/www.ernest-turc.com\/boutique\/produits\/bulbes\/saison\/mon-kit-les-rouges-dete\/#primaryimage"},"thumbnailUrl":"https:\/\/www.ernest-turc.com\/boutique\/wp-content\/uploads\/2023\/12\/MILLESIME-LES-ROUGES.jpg","datePublished":"2023-12-20T15:49:05+00:00","dateModified":"2026-05-12T08:21:46+00:00","description":"Voyagez aux c\u0153urs de la vall\u00e9e de la Loire et explorez notre assortiment exceptionnel \u00abLes Rouges d'\u00e9t\u00e9\u00bb. Offrez-vous une soir\u00e9e inoubliable !","breadcrumb":{"@id":"https:\/\/www.ernest-turc.com\/boutique\/produits\/bulbes\/saison\/mon-kit-les-rouges-dete\/#breadcrumb"},"inLanguage":"fr-FR","potentialAction":[{"@type":"ReadAction","target":["https:\/\/www.ernest-turc.com\/boutique\/produits\/bulbes\/saison\/mon-kit-les-rouges-dete\/"]}]},{"@type":"ImageObject","inLanguage":"fr-FR","@id":"https:\/\/www.ernest-turc.com\/boutique\/produits\/bulbes\/saison\/mon-kit-les-rouges-dete\/#primaryimage","url":"https:\/\/www.ernest-turc.com\/boutique\/wp-content\/uploads\/2023\/12\/MILLESIME-LES-ROUGES.jpg","contentUrl":"https:\/\/www.ernest-turc.com\/boutique\/wp-content\/uploads\/2023\/12\/MILLESIME-LES-ROUGES.jpg","width":800,"height":800},{"@type":"BreadcrumbList","@id":"https:\/\/www.ernest-turc.com\/boutique\/produits\/bulbes\/saison\/mon-kit-les-rouges-dete\/#breadcrumb","itemListElement":[{"@type":"ListItem","position":1,"name":"Accueil","item":"https:\/\/www.ernest-turc.com\/boutique\/"},{"@type":"ListItem","position":2,"name":"Boutique","item":"https:\/\/www.ernest-turc.fr\/boutique\/produits\/"},{"@type":"ListItem","position":3,"name":"Assortiment de dahlias &#8211; Les Rouges d&#8217;\u00e9t\u00e9"}]},{"@type":"WebSite","@id":"https:\/\/www.ernest-turc.com\/boutique\/#website","url":"https:\/\/www.ernest-turc.com\/boutique\/","name":"Ernest TURC","description":"","publisher":{"@id":"https:\/\/www.ernest-turc.com\/boutique\/#organization"},"potentialAction":[{"@type":"SearchAction","target":{"@type":"EntryPoint","urlTemplate":"https:\/\/www.ernest-turc.com\/boutique\/?s={search_term_string}"},"query-input":{"@type":"PropertyValueSpecification","valueRequired":true,"valueName":"search_term_string"}}],"inLanguage":"fr-FR"},{"@type":"Organization","@id":"https:\/\/www.ernest-turc.com\/boutique\/#organization","name":"Boutique Ernest TURC","alternateName":"Ernest TURC","url":"https:\/\/www.ernest-turc.com\/boutique\/","logo":{"@type":"ImageObject","inLanguage":"fr-FR","@id":"https:\/\/www.ernest-turc.com\/boutique\/#\/schema\/logo\/image\/","url":"https:\/\/www.ernest-turc.com\/boutique\/wp-content\/uploads\/2020\/10\/logo.png","contentUrl":"https:\/\/www.ernest-turc.com\/boutique\/wp-content\/uploads\/2020\/10\/logo.png","width":161,"height":161,"caption":"Boutique Ernest TURC"},"image":{"@id":"https:\/\/www.ernest-turc.com\/boutique\/#\/schema\/logo\/image\/"},"sameAs":["https:\/\/www.facebook.com\/ErnestTURC49","https:\/\/www.instagram.com\/ernestturc","https:\/\/www.linkedin.com\/company\/ernest-turc\/","https:\/\/www.pinterest.fr\/ernestturc","https:\/\/www.youtube.com\/channel\/UCH3ntWhy3mdcqw9-xF6pmEQ"]}]},"product_price_amount":"11.90","product_price_currency":"EUR","og_availability":"out of stock","product_availability":"out of stock","product_retailer_item_id":"958916","product_condition":"new"},"_links":{"self":[{"href":"https:\/\/www.ernest-turc.com\/boutique\/wp-json\/wp\/v2\/product\/30740","targetHints":{"allow":["GET"]}}],"collection":[{"href":"https:\/\/www.ernest-turc.com\/boutique\/wp-json\/wp\/v2\/product"}],"about":[{"href":"https:\/\/www.ernest-turc.com\/boutique\/wp-json\/wp\/v2\/types\/product"}],"wp:featuredmedia":[{"embeddable":true,"href":"https:\/\/www.ernest-turc.com\/boutique\/wp-json\/wp\/v2\/media\/35502"}],"wp:attachment":[{"href":"https:\/\/www.ernest-turc.com\/boutique\/wp-json\/wp\/v2\/media?parent=30740"}],"wp:term":[{"taxonomy":"product_brand","embeddable":true,"href":"https:\/\/www.ernest-turc.com\/boutique\/wp-json\/wp\/v2\/product_brand?post=30740"},{"taxonomy":"product_cat","embeddable":true,"href":"https:\/\/www.ernest-turc.com\/boutique\/wp-json\/wp\/v2\/product_cat?post=30740"},{"taxonomy":"product_tag","embeddable":true,"href":"https:\/\/www.ernest-turc.com\/boutique\/wp-json\/wp\/v2\/product_tag?post=30740"}],"curies":[{"name":"wp","href":"https:\/\/api.w.org\/{rel}","templated":true}]}}