{"id":30738,"date":"2023-12-20T15:45:30","date_gmt":"2023-12-20T15:45:30","guid":{"rendered":"https:\/\/www.ernest-turc.com\/boutique\/?post_type=product&#038;p=30738"},"modified":"2026-05-12T08:21:53","modified_gmt":"2026-05-12T08:21:53","slug":"assortiment-de-dahlias-les-blancs-dete","status":"publish","type":"product","link":"https:\/\/www.ernest-turc.com\/boutique\/produits\/bulbes\/saison\/assortiment-de-dahlias-les-blancs-dete\/","title":{"rendered":"Assortiment de dahlias &#8211; Les Blancs d&#8217;\u00e9t\u00e9"},"content":{"rendered":"<p>D\u00e9couvrez nos mill\u00e9simes de printemps !<\/p>\n<p>L&#8217;<strong>assortiment &#8220;Les blancs d&#8217;\u00e9t\u00e9&#8221;<\/strong> met en valeur le savoir-faire et le terroir fran\u00e7ais d\u2019une maison centenaire de l\u2019horticulture bas\u00e9e au c\u0153ur de la vall\u00e9e de la Loire, terre horticole et viticole.<\/p>\n<p>C\u2019est la promesse d\u2019une soir\u00e9e estivale entour\u00e9e de fleurs aux couleurs blanches, cr\u00e8mes et jaunes, autour d\u2019un verre.<\/p>\n<p>C\u2019est le plaisir d\u2019offrir, un produit naturel, v\u00e9g\u00e9tal et durable avec 100 jours de floraison.<\/p>\n","protected":false},"excerpt":{"rendered":"<div class=\"flex flex-grow flex-col max-w-full\">\n<div class=\"min-h-[20px] text-message flex flex-col items-start gap-3 whitespace-pre-wrap break-words [.text-message+&amp;]:mt-5 overflow-x-auto\" data-message-author-role=\"assistant\" data-message-id=\"fe9d06e7-ba7e-4db2-bb64-891cadefec90\">\n<div class=\"markdown prose w-full break-words dark:prose-invert light\">\n<p><strong>Explorez l&#8217;\u00c9clat de Nos S\u00e9lections Estivales !<\/strong><\/p>\n<p>La gamme <strong>&#8220;Les Blancs d&#8217;\u00c9t\u00e9&#8221;<\/strong> c\u00e9l\u00e8bre l&#8217;expertise et l&#8217;authenticit\u00e9 d&#8217;un patrimoine fran\u00e7ais, h\u00e9ritage d&#8217;une maison horticole s\u00e9culaire nich\u00e9e au sein de la vall\u00e9e de la Loire, sanctuaire de verdure et de vignes.<\/p>\n<p>Vivez l&#8217;exp\u00e9rience d&#8217;une soir\u00e9e d&#8217;\u00e9t\u00e9 envelopp\u00e9e de nuances de blanc, cr\u00e8me et jaune, \u00e9gay\u00e9e par un verre de convivialit\u00e9.<\/p>\n<p>Offrez le cadeau d&#8217;une nature \u00e9panouie, un bijou v\u00e9g\u00e9tal promettant 100 jours d&#8217;un spectacle floral ininterrompu.<\/p>\n<\/div>\n<\/div>\n<\/div>\n","protected":false},"featured_media":35500,"template":"","meta":{"_relevanssi_hide_post":"","_relevanssi_hide_content":"","_relevanssi_pin_for_all":"","_relevanssi_pin_keywords":"","_relevanssi_unpin_keywords":"","_relevanssi_related_keywords":"","_relevanssi_related_include_ids":"","_relevanssi_related_exclude_ids":"","_relevanssi_related_no_append":"","_relevanssi_related_not_related":"","_relevanssi_related_posts":"","_relevanssi_noindex_reason":""},"product_brand":[],"product_cat":[1615,2458,1644,1783,183,182],"product_tag":[1213,1124,2087,1068,2088],"class_list":{"0":"post-30738","1":"product","2":"type-product","3":"status-publish","4":"has-post-thumbnail","6":"product_cat-assortiments","7":"product_cat-bons-plans","8":"product_cat-collections","9":"product_cat-nos-coups-de-coeur","10":"product_cat-ete","11":"product_cat-saison","12":"product_tag-bouquet-blanc","13":"product_tag-dahlia-france","14":"product_tag-dahlias-blancs","15":"product_tag-fleurs-blanches","16":"product_tag-millesime-blanc","17":"pa_calibre-i","18":"pa_calibre-ii","19":"pa_conditionnement-1787","20":"pa_couleur-multicolore","21":"pa_couleur-de-feuillage-vert","22":"pa_disponibilite-de-fevrier-a-juin","23":"pa_exposition-ensoleillee","24":"pa_hauteur-de-la-plante-60-a-100-cm","25":"pa_periode-de-recolte-floraison-aout","26":"pa_periode-de-recolte-floraison-juillet","27":"pa_periode-de-recolte-floraison-octobre","28":"pa_periode-de-recolte-floraison-septembre","29":"pa_periode-de-semis-plantation-avril","30":"pa_periode-de-semis-plantation-mai","31":"pa_periode-de-semis-plantation-mars","32":"pa_rusticite-craint-le-gel","33":"pa_utilisation-jardiniere","34":"pa_utilisation-massif","35":"pa_utilisation-pot","37":"first","38":"outofstock","39":"taxable","40":"shipping-taxable","41":"purchasable","42":"product-type-simple"},"bundled_by":[],"bundle_stock_status":"outofstock","bundle_stock_quantity":0,"bundle_virtual":false,"bundle_layout":"","bundle_add_to_cart_form_location":"","bundle_editable_in_cart":false,"bundle_sold_individually_context":"","bundle_item_grouping":"","bundle_min_size":"","bundle_max_size":"","bundled_items":[],"bundle_sell_ids":[],"yoast_head":"<!-- This site is optimized with the Yoast SEO Premium plugin v25.2 (Yoast SEO v27.5) - https:\/\/yoast.com\/product\/yoast-seo-premium-wordpress\/ -->\n<title>Coffret Assortiment de dahlias - Les Blancs d&#039;\u00e9t\u00e9 - Ernest TURC<\/title>\n<meta name=\"description\" content=\"Faites l&#039;exp\u00e9rience des douces couleurs cr\u00e8me, blanches et jaunes d&#039;une soir\u00e9e estivale \ud83c\udf1e entour\u00e9 de fleurs. Pour offrir, adoptez \ud83d\udecd \u00ab Les Blancs d&#039;\u00e9t\u00e9 \u00bb.\" \/>\n<meta name=\"robots\" content=\"index, follow, max-snippet:-1, max-image-preview:large, max-video-preview:-1\" \/>\n<link rel=\"canonical\" href=\"https:\/\/www.ernest-turc.com\/boutique\/produits\/bulbes\/saison\/assortiment-de-dahlias-les-blancs-dete\/\" \/>\n<meta property=\"og:locale\" content=\"fr_FR\" \/>\n<meta property=\"og:type\" content=\"article\" \/>\n<meta property=\"og:title\" content=\"Assortiment de Dahlias - Les Blancs d&#039;\u00c9t\u00e9 : d\u00e9couvrir nos mill\u00e9simes !\" \/>\n<meta property=\"og:description\" content=\"Vivez une soir\u00e9e d&#039;\u00e9t\u00e9 parfaite avec la qualit\u00e9 fran\u00e7aise de l&#039;assortiment &quot;Les Blancs d&#039;\u00e9t\u00e9&quot;. \ud83c\uddeb\ud83c\uddf7 Une nature durable et jusqu&#039;\u00e0 100 jours de floraison \ud83c\udf38 Prenez le temps de d\u00e9guster ces saveurs uniques \ud83d\udd25\" \/>\n<meta property=\"og:url\" content=\"https:\/\/www.ernest-turc.com\/boutique\/produits\/bulbes\/saison\/assortiment-de-dahlias-les-blancs-dete\/\" \/>\n<meta property=\"og:site_name\" content=\"Ernest TURC\" \/>\n<meta property=\"article:publisher\" content=\"https:\/\/www.facebook.com\/ErnestTURC49\" \/>\n<meta property=\"article:modified_time\" content=\"2026-05-12T08:21:53+00:00\" \/>\n<meta property=\"og:image\" content=\"https:\/\/www.ernest-turc.com\/boutique\/wp-content\/uploads\/2023\/12\/MILLESIME-LES-BLANCS.jpg\" \/>\n\t<meta property=\"og:image:width\" content=\"800\" \/>\n\t<meta property=\"og:image:height\" content=\"800\" \/>\n\t<meta property=\"og:image:type\" content=\"image\/jpeg\" \/>\n<meta name=\"twitter:card\" content=\"summary_large_image\" \/>\n<meta name=\"twitter:title\" content=\"Assortiment de dahlias - Les Blancs d&#039;\u00e9t\u00e9 : D\u00e9couvrez-les !\" \/>\n<meta name=\"twitter:description\" content=\"Offrez la nature avec l&#039;assortiment &quot;Les Blancs d&#039;\u00e9t\u00e9&quot; d&#039;une maison centenaire \ud83c\udf31 D\u00e9couvrez un produit \ud83c\udf77 100 jours de floraison !\" \/>\n<meta name=\"twitter:label1\" content=\"Prix\" \/>\n\t<meta name=\"twitter:data1\" content=\"11,90&euro;TTCTTC\" \/>\n\t<meta name=\"twitter:label2\" content=\"Disponibilit\u00e9\" \/>\n\t<meta name=\"twitter:data2\" content=\"Rupture de stock\" \/>\n<script type=\"application\/ld+json\" class=\"yoast-schema-graph\">{\"@context\":\"https:\\\/\\\/schema.org\",\"@graph\":[{\"@type\":\"WebPage\",\"@id\":\"https:\\\/\\\/www.ernest-turc.com\\\/boutique\\\/produits\\\/bulbes\\\/saison\\\/assortiment-de-dahlias-les-blancs-dete\\\/\",\"url\":\"https:\\\/\\\/www.ernest-turc.com\\\/boutique\\\/produits\\\/bulbes\\\/saison\\\/assortiment-de-dahlias-les-blancs-dete\\\/\",\"name\":\"Coffret Assortiment de dahlias - Les Blancs d'\u00e9t\u00e9 - Ernest TURC\",\"isPartOf\":{\"@id\":\"https:\\\/\\\/www.ernest-turc.com\\\/boutique\\\/#website\"},\"primaryImageOfPage\":{\"@id\":\"https:\\\/\\\/www.ernest-turc.com\\\/boutique\\\/produits\\\/bulbes\\\/saison\\\/assortiment-de-dahlias-les-blancs-dete\\\/#primaryimage\"},\"image\":{\"@id\":\"https:\\\/\\\/www.ernest-turc.com\\\/boutique\\\/produits\\\/bulbes\\\/saison\\\/assortiment-de-dahlias-les-blancs-dete\\\/#primaryimage\"},\"thumbnailUrl\":\"https:\\\/\\\/www.ernest-turc.com\\\/boutique\\\/wp-content\\\/uploads\\\/2023\\\/12\\\/MILLESIME-LES-BLANCS.jpg\",\"datePublished\":\"2023-12-20T15:45:30+00:00\",\"dateModified\":\"2026-05-12T08:21:53+00:00\",\"description\":\"Faites l'exp\u00e9rience des douces couleurs cr\u00e8me, blanches et jaunes d'une soir\u00e9e estivale \ud83c\udf1e entour\u00e9 de fleurs. Pour offrir, adoptez \ud83d\udecd \u00ab Les Blancs d'\u00e9t\u00e9 \u00bb.\",\"breadcrumb\":{\"@id\":\"https:\\\/\\\/www.ernest-turc.com\\\/boutique\\\/produits\\\/bulbes\\\/saison\\\/assortiment-de-dahlias-les-blancs-dete\\\/#breadcrumb\"},\"inLanguage\":\"fr-FR\",\"potentialAction\":[{\"@type\":\"ReadAction\",\"target\":[\"https:\\\/\\\/www.ernest-turc.com\\\/boutique\\\/produits\\\/bulbes\\\/saison\\\/assortiment-de-dahlias-les-blancs-dete\\\/\"]}]},{\"@type\":\"ImageObject\",\"inLanguage\":\"fr-FR\",\"@id\":\"https:\\\/\\\/www.ernest-turc.com\\\/boutique\\\/produits\\\/bulbes\\\/saison\\\/assortiment-de-dahlias-les-blancs-dete\\\/#primaryimage\",\"url\":\"https:\\\/\\\/www.ernest-turc.com\\\/boutique\\\/wp-content\\\/uploads\\\/2023\\\/12\\\/MILLESIME-LES-BLANCS.jpg\",\"contentUrl\":\"https:\\\/\\\/www.ernest-turc.com\\\/boutique\\\/wp-content\\\/uploads\\\/2023\\\/12\\\/MILLESIME-LES-BLANCS.jpg\",\"width\":800,\"height\":800},{\"@type\":\"BreadcrumbList\",\"@id\":\"https:\\\/\\\/www.ernest-turc.com\\\/boutique\\\/produits\\\/bulbes\\\/saison\\\/assortiment-de-dahlias-les-blancs-dete\\\/#breadcrumb\",\"itemListElement\":[{\"@type\":\"ListItem\",\"position\":1,\"name\":\"Accueil\",\"item\":\"https:\\\/\\\/www.ernest-turc.com\\\/boutique\\\/\"},{\"@type\":\"ListItem\",\"position\":2,\"name\":\"Boutique\",\"item\":\"https:\\\/\\\/www.ernest-turc.fr\\\/boutique\\\/produits\\\/\"},{\"@type\":\"ListItem\",\"position\":3,\"name\":\"Assortiment de dahlias &#8211; Les Blancs d&#8217;\u00e9t\u00e9\"}]},{\"@type\":\"WebSite\",\"@id\":\"https:\\\/\\\/www.ernest-turc.com\\\/boutique\\\/#website\",\"url\":\"https:\\\/\\\/www.ernest-turc.com\\\/boutique\\\/\",\"name\":\"Ernest TURC\",\"description\":\"\",\"publisher\":{\"@id\":\"https:\\\/\\\/www.ernest-turc.com\\\/boutique\\\/#organization\"},\"potentialAction\":[{\"@type\":\"SearchAction\",\"target\":{\"@type\":\"EntryPoint\",\"urlTemplate\":\"https:\\\/\\\/www.ernest-turc.com\\\/boutique\\\/?s={search_term_string}\"},\"query-input\":{\"@type\":\"PropertyValueSpecification\",\"valueRequired\":true,\"valueName\":\"search_term_string\"}}],\"inLanguage\":\"fr-FR\"},{\"@type\":\"Organization\",\"@id\":\"https:\\\/\\\/www.ernest-turc.com\\\/boutique\\\/#organization\",\"name\":\"Boutique Ernest TURC\",\"alternateName\":\"Ernest TURC\",\"url\":\"https:\\\/\\\/www.ernest-turc.com\\\/boutique\\\/\",\"logo\":{\"@type\":\"ImageObject\",\"inLanguage\":\"fr-FR\",\"@id\":\"https:\\\/\\\/www.ernest-turc.com\\\/boutique\\\/#\\\/schema\\\/logo\\\/image\\\/\",\"url\":\"https:\\\/\\\/www.ernest-turc.com\\\/boutique\\\/wp-content\\\/uploads\\\/2020\\\/10\\\/logo.png\",\"contentUrl\":\"https:\\\/\\\/www.ernest-turc.com\\\/boutique\\\/wp-content\\\/uploads\\\/2020\\\/10\\\/logo.png\",\"width\":161,\"height\":161,\"caption\":\"Boutique Ernest TURC\"},\"image\":{\"@id\":\"https:\\\/\\\/www.ernest-turc.com\\\/boutique\\\/#\\\/schema\\\/logo\\\/image\\\/\"},\"sameAs\":[\"https:\\\/\\\/www.facebook.com\\\/ErnestTURC49\",\"https:\\\/\\\/www.instagram.com\\\/ernestturc\",\"https:\\\/\\\/www.linkedin.com\\\/company\\\/ernest-turc\\\/\",\"https:\\\/\\\/www.pinterest.fr\\\/ernestturc\",\"https:\\\/\\\/www.youtube.com\\\/channel\\\/UCH3ntWhy3mdcqw9-xF6pmEQ\"]}]}<\/script>\n<meta property=\"product:price:amount\" content=\"11.90\" \/>\n<meta property=\"product:price:currency\" content=\"EUR\" \/>\n<meta property=\"og:availability\" content=\"out of stock\" \/>\n<meta property=\"product:availability\" content=\"out of stock\" \/>\n<meta property=\"product:retailer_item_id\" content=\"958917\" \/>\n<meta property=\"product:condition\" content=\"new\" \/>\n<!-- \/ Yoast SEO Premium plugin. -->","yoast_head_json":{"title":"Coffret Assortiment de dahlias - Les Blancs d'\u00e9t\u00e9 - Ernest TURC","description":"Faites l'exp\u00e9rience des douces couleurs cr\u00e8me, blanches et jaunes d'une soir\u00e9e estivale \ud83c\udf1e entour\u00e9 de fleurs. Pour offrir, adoptez \ud83d\udecd \u00ab Les Blancs d'\u00e9t\u00e9 \u00bb.","robots":{"index":"index","follow":"follow","max-snippet":"max-snippet:-1","max-image-preview":"max-image-preview:large","max-video-preview":"max-video-preview:-1"},"canonical":"https:\/\/www.ernest-turc.com\/boutique\/produits\/bulbes\/saison\/assortiment-de-dahlias-les-blancs-dete\/","og_locale":"fr_FR","og_type":"article","og_title":"Assortiment de Dahlias - Les Blancs d'\u00c9t\u00e9 : d\u00e9couvrir nos mill\u00e9simes !","og_description":"Vivez une soir\u00e9e d'\u00e9t\u00e9 parfaite avec la qualit\u00e9 fran\u00e7aise de l'assortiment \"Les Blancs d'\u00e9t\u00e9\". \ud83c\uddeb\ud83c\uddf7 Une nature durable et jusqu'\u00e0 100 jours de floraison \ud83c\udf38 Prenez le temps de d\u00e9guster ces saveurs uniques \ud83d\udd25","og_url":"https:\/\/www.ernest-turc.com\/boutique\/produits\/bulbes\/saison\/assortiment-de-dahlias-les-blancs-dete\/","og_site_name":"Ernest TURC","article_publisher":"https:\/\/www.facebook.com\/ErnestTURC49","article_modified_time":"2026-05-12T08:21:53+00:00","og_image":[{"width":800,"height":800,"url":"https:\/\/www.ernest-turc.com\/boutique\/wp-content\/uploads\/2023\/12\/MILLESIME-LES-BLANCS.jpg","type":"image\/jpeg"}],"twitter_card":"summary_large_image","twitter_title":"Assortiment de dahlias - Les Blancs d'\u00e9t\u00e9 : D\u00e9couvrez-les !","twitter_description":"Offrez la nature avec l'assortiment \"Les Blancs d'\u00e9t\u00e9\" d'une maison centenaire \ud83c\udf31 D\u00e9couvrez un produit \ud83c\udf77 100 jours de floraison !","twitter_misc":{"Prix":"11,90&euro;TTCTTC","Disponibilit\u00e9":"Rupture de stock"},"schema":{"@context":"https:\/\/schema.org","@graph":[{"@type":"WebPage","@id":"https:\/\/www.ernest-turc.com\/boutique\/produits\/bulbes\/saison\/assortiment-de-dahlias-les-blancs-dete\/","url":"https:\/\/www.ernest-turc.com\/boutique\/produits\/bulbes\/saison\/assortiment-de-dahlias-les-blancs-dete\/","name":"Coffret Assortiment de dahlias - Les Blancs d'\u00e9t\u00e9 - Ernest TURC","isPartOf":{"@id":"https:\/\/www.ernest-turc.com\/boutique\/#website"},"primaryImageOfPage":{"@id":"https:\/\/www.ernest-turc.com\/boutique\/produits\/bulbes\/saison\/assortiment-de-dahlias-les-blancs-dete\/#primaryimage"},"image":{"@id":"https:\/\/www.ernest-turc.com\/boutique\/produits\/bulbes\/saison\/assortiment-de-dahlias-les-blancs-dete\/#primaryimage"},"thumbnailUrl":"https:\/\/www.ernest-turc.com\/boutique\/wp-content\/uploads\/2023\/12\/MILLESIME-LES-BLANCS.jpg","datePublished":"2023-12-20T15:45:30+00:00","dateModified":"2026-05-12T08:21:53+00:00","description":"Faites l'exp\u00e9rience des douces couleurs cr\u00e8me, blanches et jaunes d'une soir\u00e9e estivale \ud83c\udf1e entour\u00e9 de fleurs. Pour offrir, adoptez \ud83d\udecd \u00ab Les Blancs d'\u00e9t\u00e9 \u00bb.","breadcrumb":{"@id":"https:\/\/www.ernest-turc.com\/boutique\/produits\/bulbes\/saison\/assortiment-de-dahlias-les-blancs-dete\/#breadcrumb"},"inLanguage":"fr-FR","potentialAction":[{"@type":"ReadAction","target":["https:\/\/www.ernest-turc.com\/boutique\/produits\/bulbes\/saison\/assortiment-de-dahlias-les-blancs-dete\/"]}]},{"@type":"ImageObject","inLanguage":"fr-FR","@id":"https:\/\/www.ernest-turc.com\/boutique\/produits\/bulbes\/saison\/assortiment-de-dahlias-les-blancs-dete\/#primaryimage","url":"https:\/\/www.ernest-turc.com\/boutique\/wp-content\/uploads\/2023\/12\/MILLESIME-LES-BLANCS.jpg","contentUrl":"https:\/\/www.ernest-turc.com\/boutique\/wp-content\/uploads\/2023\/12\/MILLESIME-LES-BLANCS.jpg","width":800,"height":800},{"@type":"BreadcrumbList","@id":"https:\/\/www.ernest-turc.com\/boutique\/produits\/bulbes\/saison\/assortiment-de-dahlias-les-blancs-dete\/#breadcrumb","itemListElement":[{"@type":"ListItem","position":1,"name":"Accueil","item":"https:\/\/www.ernest-turc.com\/boutique\/"},{"@type":"ListItem","position":2,"name":"Boutique","item":"https:\/\/www.ernest-turc.fr\/boutique\/produits\/"},{"@type":"ListItem","position":3,"name":"Assortiment de dahlias &#8211; Les Blancs d&#8217;\u00e9t\u00e9"}]},{"@type":"WebSite","@id":"https:\/\/www.ernest-turc.com\/boutique\/#website","url":"https:\/\/www.ernest-turc.com\/boutique\/","name":"Ernest TURC","description":"","publisher":{"@id":"https:\/\/www.ernest-turc.com\/boutique\/#organization"},"potentialAction":[{"@type":"SearchAction","target":{"@type":"EntryPoint","urlTemplate":"https:\/\/www.ernest-turc.com\/boutique\/?s={search_term_string}"},"query-input":{"@type":"PropertyValueSpecification","valueRequired":true,"valueName":"search_term_string"}}],"inLanguage":"fr-FR"},{"@type":"Organization","@id":"https:\/\/www.ernest-turc.com\/boutique\/#organization","name":"Boutique Ernest TURC","alternateName":"Ernest TURC","url":"https:\/\/www.ernest-turc.com\/boutique\/","logo":{"@type":"ImageObject","inLanguage":"fr-FR","@id":"https:\/\/www.ernest-turc.com\/boutique\/#\/schema\/logo\/image\/","url":"https:\/\/www.ernest-turc.com\/boutique\/wp-content\/uploads\/2020\/10\/logo.png","contentUrl":"https:\/\/www.ernest-turc.com\/boutique\/wp-content\/uploads\/2020\/10\/logo.png","width":161,"height":161,"caption":"Boutique Ernest TURC"},"image":{"@id":"https:\/\/www.ernest-turc.com\/boutique\/#\/schema\/logo\/image\/"},"sameAs":["https:\/\/www.facebook.com\/ErnestTURC49","https:\/\/www.instagram.com\/ernestturc","https:\/\/www.linkedin.com\/company\/ernest-turc\/","https:\/\/www.pinterest.fr\/ernestturc","https:\/\/www.youtube.com\/channel\/UCH3ntWhy3mdcqw9-xF6pmEQ"]}]},"product_price_amount":"11.90","product_price_currency":"EUR","og_availability":"out of stock","product_availability":"out of stock","product_retailer_item_id":"958917","product_condition":"new"},"_links":{"self":[{"href":"https:\/\/www.ernest-turc.com\/boutique\/wp-json\/wp\/v2\/product\/30738","targetHints":{"allow":["GET"]}}],"collection":[{"href":"https:\/\/www.ernest-turc.com\/boutique\/wp-json\/wp\/v2\/product"}],"about":[{"href":"https:\/\/www.ernest-turc.com\/boutique\/wp-json\/wp\/v2\/types\/product"}],"wp:featuredmedia":[{"embeddable":true,"href":"https:\/\/www.ernest-turc.com\/boutique\/wp-json\/wp\/v2\/media\/35500"}],"wp:attachment":[{"href":"https:\/\/www.ernest-turc.com\/boutique\/wp-json\/wp\/v2\/media?parent=30738"}],"wp:term":[{"taxonomy":"product_brand","embeddable":true,"href":"https:\/\/www.ernest-turc.com\/boutique\/wp-json\/wp\/v2\/product_brand?post=30738"},{"taxonomy":"product_cat","embeddable":true,"href":"https:\/\/www.ernest-turc.com\/boutique\/wp-json\/wp\/v2\/product_cat?post=30738"},{"taxonomy":"product_tag","embeddable":true,"href":"https:\/\/www.ernest-turc.com\/boutique\/wp-json\/wp\/v2\/product_tag?post=30738"}],"curies":[{"name":"wp","href":"https:\/\/api.w.org\/{rel}","templated":true}]}}