{"id":30737,"date":"2023-12-20T15:43:37","date_gmt":"2023-12-20T15:43:37","guid":{"rendered":"https:\/\/www.ernest-turc.com\/boutique\/?post_type=product&#038;p=30737"},"modified":"2026-04-15T11:10:30","modified_gmt":"2026-04-15T11:10:30","slug":"kit-de-dahlias-camargue","status":"publish","type":"product","link":"https:\/\/www.ernest-turc.com\/boutique\/produits\/bulbes\/saison\/kit-de-dahlias-camargue\/","title":{"rendered":"Assortiment de dahlias Camargue"},"content":{"rendered":"<h2 class=\"\" data-sourcepos=\"1:1-1:76\">Assortiment de dahlias Camargue<\/h2>\n<h3>4 nuances de rose pour un jardin vibrant<\/h3>\n<p data-sourcepos=\"3:1-3:52\"><strong>Cr\u00e9ez un jardin flamboyant<\/strong> avec l&#8217;Assortiment de dahlias Camargue, une s\u00e9lection de 4 bulbes aux <strong>tons ros\u00e9s inspir\u00e9s des salins de Camargue<\/strong>.<\/p>\n<p data-sourcepos=\"5:1-5:11\"><strong>Parfaites pour les massifs<\/strong>, ces fleurs spectaculaires sont <strong>faciles \u00e0 cultiver<\/strong> et ne manqueront pas d&#8217;\u00e9gayer votre espace ext\u00e9rieur.<\/p>\n<p data-sourcepos=\"7:1-7:115\"><strong>Choisissez parmi 4 vari\u00e9t\u00e9s tendance<\/strong> qui s&#8217;harmonisent parfaitement pour un rendu <strong>exceptionnel et vibrant<\/strong>.<\/p>\n<p data-sourcepos=\"9:1-9:24\"><strong>Succombez au charme de ces couleurs p\u00e9tillantes<\/strong> et offrez \u00e0 votre jardin une touche d&#8217;inspiration proven\u00e7ale.<\/p>\n","protected":false},"excerpt":{"rendered":"<p data-sourcepos=\"7:1-7:51\"><strong>Chaque bulbe promet une explosion de couleurs<\/strong> :<\/p>\n<ul data-sourcepos=\"9:1-13:0\">\n<li data-sourcepos=\"9:1-9:84\"><strong>Dahlia &#8216;Rose clair&#8217;<\/strong>: une teinte douce et romantique pour un charme intemporel.<\/li>\n<li data-sourcepos=\"10:1-10:88\"><strong>Dahlia &#8216;Rose vif&#8217;<\/strong>: une touche d&#8217;\u00e9nergie et de dynamisme pour un jardin flamboyant.<\/li>\n<li data-sourcepos=\"11:1-11:84\"><strong>Dahlia &#8216;Rose saumon\u00e9&#8217;<\/strong>: une nuance \u00e9l\u00e9gante et raffin\u00e9e pour une ambiance chic.<\/li>\n<li data-sourcepos=\"12:1-13:0\"><strong>Dahlia &#8216;Rose fushia&#8217;<\/strong>: une couleur audacieuse et vibrante pour un look avant-gardiste.<\/li>\n<\/ul>\n<p data-sourcepos=\"14:1-14:104\"><strong>Offrez \u00e0 votre jardin une touche de magie proven\u00e7ale<\/strong> avec le kit &#8220;Assortiment de dahlias Camargue&#8221;.<\/p>\n<p data-sourcepos=\"16:1-16:58\"><strong>N&#8217;attendez plus, commandez votre kit d\u00e8s aujourd&#8217;hui !<\/strong><\/p>\n","protected":false},"featured_media":30847,"template":"","meta":{"_relevanssi_hide_post":"","_relevanssi_hide_content":"","_relevanssi_pin_for_all":"","_relevanssi_pin_keywords":"","_relevanssi_unpin_keywords":"","_relevanssi_related_keywords":"","_relevanssi_related_include_ids":"","_relevanssi_related_exclude_ids":"","_relevanssi_related_no_append":"","_relevanssi_related_not_related":"","_relevanssi_related_posts":"","_relevanssi_noindex_reason":""},"product_brand":[],"product_cat":[1615,1644,737,2228,1783,183,182],"product_tag":[],"class_list":{"0":"post-30737","1":"product","2":"type-product","3":"status-publish","4":"has-post-thumbnail","6":"product_cat-assortiments","7":"product_cat-collections","8":"product_cat-dahlia","9":"product_cat-fleurs-roses","10":"product_cat-nos-coups-de-coeur","11":"product_cat-ete","12":"product_cat-saison","13":"pa_conditionnement-1787","14":"pa_couleur-rose","15":"pa_couleur-de-feuillage-vert","16":"pa_disponibilite-de-fevrier-a-juin","17":"pa_exposition-ensoleillee","18":"pa_hauteur-de-la-plante-100-a-120-cm","19":"pa_periode-de-recolte-floraison-aout","20":"pa_periode-de-recolte-floraison-juillet","21":"pa_periode-de-recolte-floraison-octobre","22":"pa_periode-de-recolte-floraison-septembre","23":"pa_periode-de-semis-plantation-avril","24":"pa_periode-de-semis-plantation-mai","25":"pa_periode-de-semis-plantation-mars","26":"pa_rusticite-rustique","27":"pa_utilisation-massif","29":"first","30":"outofstock","31":"taxable","32":"shipping-taxable","33":"purchasable","34":"product-type-simple"},"bundled_by":[],"bundle_stock_status":"outofstock","bundle_stock_quantity":0,"bundle_virtual":false,"bundle_layout":"","bundle_add_to_cart_form_location":"","bundle_editable_in_cart":false,"bundle_sold_individually_context":"","bundle_item_grouping":"","bundle_min_size":"","bundle_max_size":"","bundled_items":[],"bundle_sell_ids":[],"yoast_head":"<!-- This site is optimized with the Yoast SEO Premium plugin v25.2 (Yoast SEO v27.5) - https:\/\/yoast.com\/product\/yoast-seo-premium-wordpress\/ -->\n<title>4 vari\u00e9t\u00e9s tendances: Assortiment de Dahlias Camargue - Ernest TURC<\/title>\n<meta name=\"description\" content=\"Cr\u00e9ez un jardin vibrant et rempli de couleurs p\u00e9tillantes gr\u00e2ce aux dahlias Camargue. D\u00e9couvrez nos 4 vari\u00e9t\u00e9s. Assortiment de dahlias Camargue\" \/>\n<meta name=\"robots\" content=\"index, follow, max-snippet:-1, max-image-preview:large, max-video-preview:-1\" \/>\n<link rel=\"canonical\" href=\"https:\/\/www.ernest-turc.com\/boutique\/produits\/bulbes\/saison\/kit-de-dahlias-camargue\/\" \/>\n<meta property=\"og:locale\" content=\"fr_FR\" \/>\n<meta property=\"og:type\" content=\"article\" \/>\n<meta property=\"og:title\" content=\"Assortiment de Dahlias Camargue - Cr\u00e9ez un Jardin Flamboyant\" \/>\n<meta property=\"og:description\" content=\"Ajoutez une touche d&#039;inspiration proven\u00e7ale \u00e0 votre jardin gr\u00e2ce \u00e0 l&#039;Assortiment de dahlias Camargue. D\u00e9couvrez nos 4 vari\u00e9t\u00e9s qui embelliront tous vos massifs \ud83c\udf38!\" \/>\n<meta property=\"og:url\" content=\"https:\/\/www.ernest-turc.com\/boutique\/produits\/bulbes\/saison\/kit-de-dahlias-camargue\/\" \/>\n<meta property=\"og:site_name\" content=\"Ernest TURC\" \/>\n<meta property=\"article:publisher\" content=\"https:\/\/www.facebook.com\/ErnestTURC49\" \/>\n<meta property=\"article:modified_time\" content=\"2026-04-15T11:10:30+00:00\" \/>\n<meta property=\"og:image\" content=\"https:\/\/www.ernest-turc.com\/boutique\/wp-content\/uploads\/2023\/12\/VOYAGE-EN-CAMARGUE.jpg\" \/>\n\t<meta property=\"og:image:width\" content=\"800\" \/>\n\t<meta property=\"og:image:height\" content=\"800\" \/>\n\t<meta property=\"og:image:type\" content=\"image\/jpeg\" \/>\n<meta name=\"twitter:card\" content=\"summary_large_image\" \/>\n<meta name=\"twitter:title\" content=\"Assortiment de dahlias Camargue pour Massifs Flamboyants\" \/>\n<meta name=\"twitter:description\" content=\"Cr\u00e9ez une explosion de couleur avec l&#039;Assortiment de dahlias Camargue. \ud83c\udf38 D\u00e9couvrez 4 vari\u00e9t\u00e9s uniques et faciles \u00e0 cultiver \u2705\" \/>\n<meta name=\"twitter:label1\" content=\"Prix\" \/>\n\t<meta name=\"twitter:data1\" content=\"11,90&euro;TTCTTC\" \/>\n\t<meta name=\"twitter:label2\" content=\"Disponibilit\u00e9\" \/>\n\t<meta name=\"twitter:data2\" content=\"Rupture de stock\" \/>\n<script type=\"application\/ld+json\" class=\"yoast-schema-graph\">{\"@context\":\"https:\\\/\\\/schema.org\",\"@graph\":[{\"@type\":\"WebPage\",\"@id\":\"https:\\\/\\\/www.ernest-turc.com\\\/boutique\\\/produits\\\/bulbes\\\/saison\\\/kit-de-dahlias-camargue\\\/\",\"url\":\"https:\\\/\\\/www.ernest-turc.com\\\/boutique\\\/produits\\\/bulbes\\\/saison\\\/kit-de-dahlias-camargue\\\/\",\"name\":\"4 vari\u00e9t\u00e9s tendances: Assortiment de Dahlias Camargue - Ernest TURC\",\"isPartOf\":{\"@id\":\"https:\\\/\\\/www.ernest-turc.com\\\/boutique\\\/#website\"},\"primaryImageOfPage\":{\"@id\":\"https:\\\/\\\/www.ernest-turc.com\\\/boutique\\\/produits\\\/bulbes\\\/saison\\\/kit-de-dahlias-camargue\\\/#primaryimage\"},\"image\":{\"@id\":\"https:\\\/\\\/www.ernest-turc.com\\\/boutique\\\/produits\\\/bulbes\\\/saison\\\/kit-de-dahlias-camargue\\\/#primaryimage\"},\"thumbnailUrl\":\"https:\\\/\\\/www.ernest-turc.com\\\/boutique\\\/wp-content\\\/uploads\\\/2023\\\/12\\\/VOYAGE-EN-CAMARGUE.jpg\",\"datePublished\":\"2023-12-20T15:43:37+00:00\",\"dateModified\":\"2026-04-15T11:10:30+00:00\",\"description\":\"Cr\u00e9ez un jardin vibrant et rempli de couleurs p\u00e9tillantes gr\u00e2ce aux dahlias Camargue. D\u00e9couvrez nos 4 vari\u00e9t\u00e9s. Assortiment de dahlias Camargue\",\"breadcrumb\":{\"@id\":\"https:\\\/\\\/www.ernest-turc.com\\\/boutique\\\/produits\\\/bulbes\\\/saison\\\/kit-de-dahlias-camargue\\\/#breadcrumb\"},\"inLanguage\":\"fr-FR\",\"potentialAction\":[{\"@type\":\"ReadAction\",\"target\":[\"https:\\\/\\\/www.ernest-turc.com\\\/boutique\\\/produits\\\/bulbes\\\/saison\\\/kit-de-dahlias-camargue\\\/\"]}]},{\"@type\":\"ImageObject\",\"inLanguage\":\"fr-FR\",\"@id\":\"https:\\\/\\\/www.ernest-turc.com\\\/boutique\\\/produits\\\/bulbes\\\/saison\\\/kit-de-dahlias-camargue\\\/#primaryimage\",\"url\":\"https:\\\/\\\/www.ernest-turc.com\\\/boutique\\\/wp-content\\\/uploads\\\/2023\\\/12\\\/VOYAGE-EN-CAMARGUE.jpg\",\"contentUrl\":\"https:\\\/\\\/www.ernest-turc.com\\\/boutique\\\/wp-content\\\/uploads\\\/2023\\\/12\\\/VOYAGE-EN-CAMARGUE.jpg\",\"width\":800,\"height\":800,\"caption\":\"M\u00e9lange de dahlias camargue\"},{\"@type\":\"BreadcrumbList\",\"@id\":\"https:\\\/\\\/www.ernest-turc.com\\\/boutique\\\/produits\\\/bulbes\\\/saison\\\/kit-de-dahlias-camargue\\\/#breadcrumb\",\"itemListElement\":[{\"@type\":\"ListItem\",\"position\":1,\"name\":\"Accueil\",\"item\":\"https:\\\/\\\/www.ernest-turc.com\\\/boutique\\\/\"},{\"@type\":\"ListItem\",\"position\":2,\"name\":\"Boutique\",\"item\":\"https:\\\/\\\/www.ernest-turc.fr\\\/boutique\\\/produits\\\/\"},{\"@type\":\"ListItem\",\"position\":3,\"name\":\"Assortiment de dahlias Camargue\"}]},{\"@type\":\"WebSite\",\"@id\":\"https:\\\/\\\/www.ernest-turc.com\\\/boutique\\\/#website\",\"url\":\"https:\\\/\\\/www.ernest-turc.com\\\/boutique\\\/\",\"name\":\"Ernest TURC\",\"description\":\"\",\"publisher\":{\"@id\":\"https:\\\/\\\/www.ernest-turc.com\\\/boutique\\\/#organization\"},\"potentialAction\":[{\"@type\":\"SearchAction\",\"target\":{\"@type\":\"EntryPoint\",\"urlTemplate\":\"https:\\\/\\\/www.ernest-turc.com\\\/boutique\\\/?s={search_term_string}\"},\"query-input\":{\"@type\":\"PropertyValueSpecification\",\"valueRequired\":true,\"valueName\":\"search_term_string\"}}],\"inLanguage\":\"fr-FR\"},{\"@type\":\"Organization\",\"@id\":\"https:\\\/\\\/www.ernest-turc.com\\\/boutique\\\/#organization\",\"name\":\"Boutique Ernest TURC\",\"alternateName\":\"Ernest TURC\",\"url\":\"https:\\\/\\\/www.ernest-turc.com\\\/boutique\\\/\",\"logo\":{\"@type\":\"ImageObject\",\"inLanguage\":\"fr-FR\",\"@id\":\"https:\\\/\\\/www.ernest-turc.com\\\/boutique\\\/#\\\/schema\\\/logo\\\/image\\\/\",\"url\":\"https:\\\/\\\/www.ernest-turc.com\\\/boutique\\\/wp-content\\\/uploads\\\/2020\\\/10\\\/logo.png\",\"contentUrl\":\"https:\\\/\\\/www.ernest-turc.com\\\/boutique\\\/wp-content\\\/uploads\\\/2020\\\/10\\\/logo.png\",\"width\":161,\"height\":161,\"caption\":\"Boutique Ernest TURC\"},\"image\":{\"@id\":\"https:\\\/\\\/www.ernest-turc.com\\\/boutique\\\/#\\\/schema\\\/logo\\\/image\\\/\"},\"sameAs\":[\"https:\\\/\\\/www.facebook.com\\\/ErnestTURC49\",\"https:\\\/\\\/www.instagram.com\\\/ernestturc\",\"https:\\\/\\\/www.linkedin.com\\\/company\\\/ernest-turc\\\/\",\"https:\\\/\\\/www.pinterest.fr\\\/ernestturc\",\"https:\\\/\\\/www.youtube.com\\\/channel\\\/UCH3ntWhy3mdcqw9-xF6pmEQ\"]}]}<\/script>\n<meta property=\"product:price:amount\" content=\"11.90\" \/>\n<meta property=\"product:price:currency\" content=\"EUR\" \/>\n<meta property=\"og:availability\" content=\"out of stock\" \/>\n<meta property=\"product:availability\" content=\"out of stock\" \/>\n<meta property=\"product:retailer_item_id\" content=\"958732\" \/>\n<meta property=\"product:condition\" content=\"new\" \/>\n<!-- \/ Yoast SEO Premium plugin. -->","yoast_head_json":{"title":"4 vari\u00e9t\u00e9s tendances: Assortiment de Dahlias Camargue - Ernest TURC","description":"Cr\u00e9ez un jardin vibrant et rempli de couleurs p\u00e9tillantes gr\u00e2ce aux dahlias Camargue. D\u00e9couvrez nos 4 vari\u00e9t\u00e9s. Assortiment de dahlias Camargue","robots":{"index":"index","follow":"follow","max-snippet":"max-snippet:-1","max-image-preview":"max-image-preview:large","max-video-preview":"max-video-preview:-1"},"canonical":"https:\/\/www.ernest-turc.com\/boutique\/produits\/bulbes\/saison\/kit-de-dahlias-camargue\/","og_locale":"fr_FR","og_type":"article","og_title":"Assortiment de Dahlias Camargue - Cr\u00e9ez un Jardin Flamboyant","og_description":"Ajoutez une touche d'inspiration proven\u00e7ale \u00e0 votre jardin gr\u00e2ce \u00e0 l'Assortiment de dahlias Camargue. D\u00e9couvrez nos 4 vari\u00e9t\u00e9s qui embelliront tous vos massifs \ud83c\udf38!","og_url":"https:\/\/www.ernest-turc.com\/boutique\/produits\/bulbes\/saison\/kit-de-dahlias-camargue\/","og_site_name":"Ernest TURC","article_publisher":"https:\/\/www.facebook.com\/ErnestTURC49","article_modified_time":"2026-04-15T11:10:30+00:00","og_image":[{"width":800,"height":800,"url":"https:\/\/www.ernest-turc.com\/boutique\/wp-content\/uploads\/2023\/12\/VOYAGE-EN-CAMARGUE.jpg","type":"image\/jpeg"}],"twitter_card":"summary_large_image","twitter_title":"Assortiment de dahlias Camargue pour Massifs Flamboyants","twitter_description":"Cr\u00e9ez une explosion de couleur avec l'Assortiment de dahlias Camargue. \ud83c\udf38 D\u00e9couvrez 4 vari\u00e9t\u00e9s uniques et faciles \u00e0 cultiver \u2705","twitter_misc":{"Prix":"11,90&euro;TTCTTC","Disponibilit\u00e9":"Rupture de stock"},"schema":{"@context":"https:\/\/schema.org","@graph":[{"@type":"WebPage","@id":"https:\/\/www.ernest-turc.com\/boutique\/produits\/bulbes\/saison\/kit-de-dahlias-camargue\/","url":"https:\/\/www.ernest-turc.com\/boutique\/produits\/bulbes\/saison\/kit-de-dahlias-camargue\/","name":"4 vari\u00e9t\u00e9s tendances: Assortiment de Dahlias Camargue - Ernest TURC","isPartOf":{"@id":"https:\/\/www.ernest-turc.com\/boutique\/#website"},"primaryImageOfPage":{"@id":"https:\/\/www.ernest-turc.com\/boutique\/produits\/bulbes\/saison\/kit-de-dahlias-camargue\/#primaryimage"},"image":{"@id":"https:\/\/www.ernest-turc.com\/boutique\/produits\/bulbes\/saison\/kit-de-dahlias-camargue\/#primaryimage"},"thumbnailUrl":"https:\/\/www.ernest-turc.com\/boutique\/wp-content\/uploads\/2023\/12\/VOYAGE-EN-CAMARGUE.jpg","datePublished":"2023-12-20T15:43:37+00:00","dateModified":"2026-04-15T11:10:30+00:00","description":"Cr\u00e9ez un jardin vibrant et rempli de couleurs p\u00e9tillantes gr\u00e2ce aux dahlias Camargue. D\u00e9couvrez nos 4 vari\u00e9t\u00e9s. Assortiment de dahlias Camargue","breadcrumb":{"@id":"https:\/\/www.ernest-turc.com\/boutique\/produits\/bulbes\/saison\/kit-de-dahlias-camargue\/#breadcrumb"},"inLanguage":"fr-FR","potentialAction":[{"@type":"ReadAction","target":["https:\/\/www.ernest-turc.com\/boutique\/produits\/bulbes\/saison\/kit-de-dahlias-camargue\/"]}]},{"@type":"ImageObject","inLanguage":"fr-FR","@id":"https:\/\/www.ernest-turc.com\/boutique\/produits\/bulbes\/saison\/kit-de-dahlias-camargue\/#primaryimage","url":"https:\/\/www.ernest-turc.com\/boutique\/wp-content\/uploads\/2023\/12\/VOYAGE-EN-CAMARGUE.jpg","contentUrl":"https:\/\/www.ernest-turc.com\/boutique\/wp-content\/uploads\/2023\/12\/VOYAGE-EN-CAMARGUE.jpg","width":800,"height":800,"caption":"M\u00e9lange de dahlias camargue"},{"@type":"BreadcrumbList","@id":"https:\/\/www.ernest-turc.com\/boutique\/produits\/bulbes\/saison\/kit-de-dahlias-camargue\/#breadcrumb","itemListElement":[{"@type":"ListItem","position":1,"name":"Accueil","item":"https:\/\/www.ernest-turc.com\/boutique\/"},{"@type":"ListItem","position":2,"name":"Boutique","item":"https:\/\/www.ernest-turc.fr\/boutique\/produits\/"},{"@type":"ListItem","position":3,"name":"Assortiment de dahlias Camargue"}]},{"@type":"WebSite","@id":"https:\/\/www.ernest-turc.com\/boutique\/#website","url":"https:\/\/www.ernest-turc.com\/boutique\/","name":"Ernest TURC","description":"","publisher":{"@id":"https:\/\/www.ernest-turc.com\/boutique\/#organization"},"potentialAction":[{"@type":"SearchAction","target":{"@type":"EntryPoint","urlTemplate":"https:\/\/www.ernest-turc.com\/boutique\/?s={search_term_string}"},"query-input":{"@type":"PropertyValueSpecification","valueRequired":true,"valueName":"search_term_string"}}],"inLanguage":"fr-FR"},{"@type":"Organization","@id":"https:\/\/www.ernest-turc.com\/boutique\/#organization","name":"Boutique Ernest TURC","alternateName":"Ernest TURC","url":"https:\/\/www.ernest-turc.com\/boutique\/","logo":{"@type":"ImageObject","inLanguage":"fr-FR","@id":"https:\/\/www.ernest-turc.com\/boutique\/#\/schema\/logo\/image\/","url":"https:\/\/www.ernest-turc.com\/boutique\/wp-content\/uploads\/2020\/10\/logo.png","contentUrl":"https:\/\/www.ernest-turc.com\/boutique\/wp-content\/uploads\/2020\/10\/logo.png","width":161,"height":161,"caption":"Boutique Ernest TURC"},"image":{"@id":"https:\/\/www.ernest-turc.com\/boutique\/#\/schema\/logo\/image\/"},"sameAs":["https:\/\/www.facebook.com\/ErnestTURC49","https:\/\/www.instagram.com\/ernestturc","https:\/\/www.linkedin.com\/company\/ernest-turc\/","https:\/\/www.pinterest.fr\/ernestturc","https:\/\/www.youtube.com\/channel\/UCH3ntWhy3mdcqw9-xF6pmEQ"]}]},"product_price_amount":"11.90","product_price_currency":"EUR","og_availability":"out of stock","product_availability":"out of stock","product_retailer_item_id":"958732","product_condition":"new"},"_links":{"self":[{"href":"https:\/\/www.ernest-turc.com\/boutique\/wp-json\/wp\/v2\/product\/30737","targetHints":{"allow":["GET"]}}],"collection":[{"href":"https:\/\/www.ernest-turc.com\/boutique\/wp-json\/wp\/v2\/product"}],"about":[{"href":"https:\/\/www.ernest-turc.com\/boutique\/wp-json\/wp\/v2\/types\/product"}],"wp:featuredmedia":[{"embeddable":true,"href":"https:\/\/www.ernest-turc.com\/boutique\/wp-json\/wp\/v2\/media\/30847"}],"wp:attachment":[{"href":"https:\/\/www.ernest-turc.com\/boutique\/wp-json\/wp\/v2\/media?parent=30737"}],"wp:term":[{"taxonomy":"product_brand","embeddable":true,"href":"https:\/\/www.ernest-turc.com\/boutique\/wp-json\/wp\/v2\/product_brand?post=30737"},{"taxonomy":"product_cat","embeddable":true,"href":"https:\/\/www.ernest-turc.com\/boutique\/wp-json\/wp\/v2\/product_cat?post=30737"},{"taxonomy":"product_tag","embeddable":true,"href":"https:\/\/www.ernest-turc.com\/boutique\/wp-json\/wp\/v2\/product_tag?post=30737"}],"curies":[{"name":"wp","href":"https:\/\/api.w.org\/{rel}","templated":true}]}}