{"id":28509,"date":"2023-06-29T09:27:38","date_gmt":"2023-06-29T09:27:38","guid":{"rendered":"https:\/\/www.ernest-turc.com\/boutique\/?post_type=product&#038;p=28509"},"modified":"2026-04-30T12:11:39","modified_gmt":"2026-04-30T12:11:39","slug":"mon-kit-pour-petits-espaces-urbains","status":"publish","type":"product","link":"https:\/\/www.ernest-turc.com\/boutique\/produits\/bulbes\/saison\/mon-kit-pour-petits-espaces-urbains\/","title":{"rendered":"MON KIT pour petits espaces urbains"},"content":{"rendered":"<p>Notre \u00e9quipe s\u2019est amus\u00e9e \u00e0 concocter ce kit pour les petits espaces urbains.<\/p>\n<p>Ce kit, ludique et familial, est compos\u00e9 de vari\u00e9t\u00e9s de bulbes \u00e0 fleurs \u00e0 floraison printani\u00e8re qui sauront s&#8217;adapter aux petits espaces. Les petits bulbes qui le composent peuvent \u00eatre plant\u00e9s dans des pots ou jardini\u00e8res pour fleurir votre balcon ou votre terrasse.<\/p>\n<p>Dans mon kit, je trouve 80 bulbes et 1 guide de plantation\u00a0 :<\/p>\n<p>15 tulipes Little Beauty<br \/>15 ornithogales<br \/>35 Ipheions<br \/>15 narcisses Canaliculatus<\/p>\n<p>Mon guide plantation contient :<br \/>-&gt; les 5 \u00e9tapes cl\u00e9s pour r\u00e9ussir ma culture<br \/>-&gt; des astuces de plantation<br \/>-&gt; 1 petit jeu pour les enfants.<\/p>\n<p>Amusez-vous \u00e0 voir \u00e9clore votre production !<\/p>\n","protected":false},"excerpt":{"rendered":"<p>Notre \u00e9quipe s\u2019est amus\u00e9e \u00e0 concocter ce kit pour les petits espaces urbains.<\/p>\n<p>Ce kit, ludique et familial, est compos\u00e9 de vari\u00e9t\u00e9s de bulbes \u00e0 fleurs \u00e0 floraison printani\u00e8re qui sauront s&#8217;adapter aux petits espaces. Les petits bulbes qui le composent peuvent \u00eatre plant\u00e9s dans des pots ou jardini\u00e8res pour fleurir votre balcon ou votre terrasse.<\/p>\n<p>Amusez-vous \u00e0 voir \u00e9clore votre production !<\/p>\n","protected":false},"featured_media":28550,"template":"","meta":{"_relevanssi_hide_post":"","_relevanssi_hide_content":"","_relevanssi_pin_for_all":"","_relevanssi_pin_keywords":"","_relevanssi_unpin_keywords":"","_relevanssi_related_keywords":"","_relevanssi_related_include_ids":"","_relevanssi_related_exclude_ids":"","_relevanssi_related_no_append":"","_relevanssi_related_not_related":"","_relevanssi_related_posts":"","_relevanssi_noindex_reason":""},"product_brand":[],"product_cat":[1615,179,180,1644,1783,1541,182],"product_tag":[],"class_list":{"0":"post-28509","1":"product","2":"type-product","3":"status-publish","4":"has-post-thumbnail","6":"product_cat-assortiments","7":"product_cat-bulbes","8":"product_cat-fleurs","9":"product_cat-collections","10":"product_cat-nos-coups-de-coeur","11":"product_cat-printemps","12":"product_cat-saison","13":"pa_conditionnement-1807","14":"pa_couleur-multicolore","15":"pa_couleur-de-feuillage-vert","16":"pa_disponibilite-de-septembre-a-decembre","17":"pa_exposition-ensoleillee","18":"pa_hauteur-de-la-plante-10-a-25-cm","19":"pa_nouveaute-oui","20":"pa_periode-de-recolte-floraison-avril","21":"pa_periode-de-recolte-floraison-mai","22":"pa_periode-de-recolte-floraison-mars","23":"pa_periode-de-semis-plantation-decembre","24":"pa_periode-de-semis-plantation-novembre","25":"pa_periode-de-semis-plantation-octobre","26":"pa_periode-de-semis-plantation-septembre","27":"pa_rusticite-rustique","28":"pa_utilisation-jardiniere","29":"pa_utilisation-pot","31":"first","32":"outofstock","33":"taxable","34":"shipping-taxable","35":"purchasable","36":"product-type-simple"},"bundled_by":[],"bundle_stock_status":"outofstock","bundle_stock_quantity":0,"bundle_virtual":false,"bundle_layout":"","bundle_add_to_cart_form_location":"","bundle_editable_in_cart":false,"bundle_sold_individually_context":"","bundle_item_grouping":"","bundle_min_size":"","bundle_max_size":"","bundled_items":[],"bundle_sell_ids":[],"yoast_head":"<!-- This site is optimized with the Yoast SEO Premium plugin v25.2 (Yoast SEO v27.5) - https:\/\/yoast.com\/product\/yoast-seo-premium-wordpress\/ -->\n<title>Coffret MON KIT pour petits espaces urbains - Ernest TURC<\/title>\n<meta name=\"description\" content=\"Ce kit de graines est compos\u00e9 de pots biod\u00e9gradables et de graines pr\u00e9sem\u00e9s pour cultiver facilement ses propres fleurs comestibles.\" \/>\n<meta name=\"robots\" content=\"index, follow, max-snippet:-1, max-image-preview:large, max-video-preview:-1\" \/>\n<link rel=\"canonical\" href=\"https:\/\/www.ernest-turc.com\/boutique\/produits\/bulbes\/saison\/mon-kit-pour-petits-espaces-urbains\/\" \/>\n<meta property=\"og:locale\" content=\"fr_FR\" \/>\n<meta property=\"og:type\" content=\"article\" \/>\n<meta property=\"og:title\" content=\"MON KIT pour petits espaces urbains\" \/>\n<meta property=\"og:description\" content=\"Ce kit de graines est compos\u00e9 de pots biod\u00e9gradables et de graines pr\u00e9sem\u00e9s pour cultiver facilement ses propres fleurs comestibles.\" \/>\n<meta property=\"og:url\" content=\"https:\/\/www.ernest-turc.com\/boutique\/produits\/bulbes\/saison\/mon-kit-pour-petits-espaces-urbains\/\" \/>\n<meta property=\"og:site_name\" content=\"Ernest TURC\" \/>\n<meta property=\"article:publisher\" content=\"https:\/\/www.facebook.com\/ErnestTURC49\" \/>\n<meta property=\"article:modified_time\" content=\"2026-04-30T12:11:39+00:00\" \/>\n<meta property=\"og:image\" content=\"https:\/\/www.ernest-turc.com\/boutique\/wp-content\/uploads\/2023\/06\/MON-KIT-PETITS-ESPACES-URBAINS.jpg\" \/>\n\t<meta property=\"og:image:width\" content=\"800\" \/>\n\t<meta property=\"og:image:height\" content=\"800\" \/>\n\t<meta property=\"og:image:type\" content=\"image\/jpeg\" \/>\n<meta name=\"twitter:card\" content=\"summary_large_image\" \/>\n<meta name=\"twitter:label1\" content=\"Prix\" \/>\n\t<meta name=\"twitter:data1\" content=\"15,99&euro;TTCTTC\" \/>\n\t<meta name=\"twitter:label2\" content=\"Disponibilit\u00e9\" \/>\n\t<meta name=\"twitter:data2\" content=\"Rupture de stock\" \/>\n<script type=\"application\/ld+json\" class=\"yoast-schema-graph\">{\"@context\":\"https:\\\/\\\/schema.org\",\"@graph\":[{\"@type\":\"WebPage\",\"@id\":\"https:\\\/\\\/www.ernest-turc.com\\\/boutique\\\/produits\\\/bulbes\\\/saison\\\/mon-kit-pour-petits-espaces-urbains\\\/\",\"url\":\"https:\\\/\\\/www.ernest-turc.com\\\/boutique\\\/produits\\\/bulbes\\\/saison\\\/mon-kit-pour-petits-espaces-urbains\\\/\",\"name\":\"Coffret MON KIT pour petits espaces urbains - Ernest TURC\",\"isPartOf\":{\"@id\":\"https:\\\/\\\/www.ernest-turc.com\\\/boutique\\\/#website\"},\"primaryImageOfPage\":{\"@id\":\"https:\\\/\\\/www.ernest-turc.com\\\/boutique\\\/produits\\\/bulbes\\\/saison\\\/mon-kit-pour-petits-espaces-urbains\\\/#primaryimage\"},\"image\":{\"@id\":\"https:\\\/\\\/www.ernest-turc.com\\\/boutique\\\/produits\\\/bulbes\\\/saison\\\/mon-kit-pour-petits-espaces-urbains\\\/#primaryimage\"},\"thumbnailUrl\":\"https:\\\/\\\/www.ernest-turc.com\\\/boutique\\\/wp-content\\\/uploads\\\/2023\\\/06\\\/MON-KIT-PETITS-ESPACES-URBAINS.jpg\",\"datePublished\":\"2023-06-29T09:27:38+00:00\",\"dateModified\":\"2026-04-30T12:11:39+00:00\",\"description\":\"Ce kit de graines est compos\u00e9 de pots biod\u00e9gradables et de graines pr\u00e9sem\u00e9s pour cultiver facilement ses propres fleurs comestibles.\",\"breadcrumb\":{\"@id\":\"https:\\\/\\\/www.ernest-turc.com\\\/boutique\\\/produits\\\/bulbes\\\/saison\\\/mon-kit-pour-petits-espaces-urbains\\\/#breadcrumb\"},\"inLanguage\":\"fr-FR\",\"potentialAction\":[{\"@type\":\"ReadAction\",\"target\":[\"https:\\\/\\\/www.ernest-turc.com\\\/boutique\\\/produits\\\/bulbes\\\/saison\\\/mon-kit-pour-petits-espaces-urbains\\\/\"]}]},{\"@type\":\"ImageObject\",\"inLanguage\":\"fr-FR\",\"@id\":\"https:\\\/\\\/www.ernest-turc.com\\\/boutique\\\/produits\\\/bulbes\\\/saison\\\/mon-kit-pour-petits-espaces-urbains\\\/#primaryimage\",\"url\":\"https:\\\/\\\/www.ernest-turc.com\\\/boutique\\\/wp-content\\\/uploads\\\/2023\\\/06\\\/MON-KIT-PETITS-ESPACES-URBAINS.jpg\",\"contentUrl\":\"https:\\\/\\\/www.ernest-turc.com\\\/boutique\\\/wp-content\\\/uploads\\\/2023\\\/06\\\/MON-KIT-PETITS-ESPACES-URBAINS.jpg\",\"width\":800,\"height\":800},{\"@type\":\"BreadcrumbList\",\"@id\":\"https:\\\/\\\/www.ernest-turc.com\\\/boutique\\\/produits\\\/bulbes\\\/saison\\\/mon-kit-pour-petits-espaces-urbains\\\/#breadcrumb\",\"itemListElement\":[{\"@type\":\"ListItem\",\"position\":1,\"name\":\"Accueil\",\"item\":\"https:\\\/\\\/www.ernest-turc.com\\\/boutique\\\/\"},{\"@type\":\"ListItem\",\"position\":2,\"name\":\"Boutique\",\"item\":\"https:\\\/\\\/www.ernest-turc.fr\\\/boutique\\\/produits\\\/\"},{\"@type\":\"ListItem\",\"position\":3,\"name\":\"MON KIT pour petits espaces urbains\"}]},{\"@type\":\"WebSite\",\"@id\":\"https:\\\/\\\/www.ernest-turc.com\\\/boutique\\\/#website\",\"url\":\"https:\\\/\\\/www.ernest-turc.com\\\/boutique\\\/\",\"name\":\"Ernest TURC\",\"description\":\"\",\"publisher\":{\"@id\":\"https:\\\/\\\/www.ernest-turc.com\\\/boutique\\\/#organization\"},\"potentialAction\":[{\"@type\":\"SearchAction\",\"target\":{\"@type\":\"EntryPoint\",\"urlTemplate\":\"https:\\\/\\\/www.ernest-turc.com\\\/boutique\\\/?s={search_term_string}\"},\"query-input\":{\"@type\":\"PropertyValueSpecification\",\"valueRequired\":true,\"valueName\":\"search_term_string\"}}],\"inLanguage\":\"fr-FR\"},{\"@type\":\"Organization\",\"@id\":\"https:\\\/\\\/www.ernest-turc.com\\\/boutique\\\/#organization\",\"name\":\"Boutique Ernest TURC\",\"alternateName\":\"Ernest TURC\",\"url\":\"https:\\\/\\\/www.ernest-turc.com\\\/boutique\\\/\",\"logo\":{\"@type\":\"ImageObject\",\"inLanguage\":\"fr-FR\",\"@id\":\"https:\\\/\\\/www.ernest-turc.com\\\/boutique\\\/#\\\/schema\\\/logo\\\/image\\\/\",\"url\":\"https:\\\/\\\/www.ernest-turc.com\\\/boutique\\\/wp-content\\\/uploads\\\/2020\\\/10\\\/logo.png\",\"contentUrl\":\"https:\\\/\\\/www.ernest-turc.com\\\/boutique\\\/wp-content\\\/uploads\\\/2020\\\/10\\\/logo.png\",\"width\":161,\"height\":161,\"caption\":\"Boutique Ernest TURC\"},\"image\":{\"@id\":\"https:\\\/\\\/www.ernest-turc.com\\\/boutique\\\/#\\\/schema\\\/logo\\\/image\\\/\"},\"sameAs\":[\"https:\\\/\\\/www.facebook.com\\\/ErnestTURC49\",\"https:\\\/\\\/www.instagram.com\\\/ernestturc\",\"https:\\\/\\\/www.linkedin.com\\\/company\\\/ernest-turc\\\/\",\"https:\\\/\\\/www.pinterest.fr\\\/ernestturc\",\"https:\\\/\\\/www.youtube.com\\\/channel\\\/UCH3ntWhy3mdcqw9-xF6pmEQ\"]}]}<\/script>\n<meta property=\"product:price:amount\" content=\"15.99\" \/>\n<meta property=\"product:price:currency\" content=\"EUR\" \/>\n<meta property=\"og:availability\" content=\"out of stock\" \/>\n<meta property=\"product:availability\" content=\"out of stock\" \/>\n<meta property=\"product:retailer_item_id\" content=\"958510\" \/>\n<meta property=\"product:condition\" content=\"new\" \/>\n<!-- \/ Yoast SEO Premium plugin. -->","yoast_head_json":{"title":"Coffret MON KIT pour petits espaces urbains - Ernest TURC","description":"Ce kit de graines est compos\u00e9 de pots biod\u00e9gradables et de graines pr\u00e9sem\u00e9s pour cultiver facilement ses propres fleurs comestibles.","robots":{"index":"index","follow":"follow","max-snippet":"max-snippet:-1","max-image-preview":"max-image-preview:large","max-video-preview":"max-video-preview:-1"},"canonical":"https:\/\/www.ernest-turc.com\/boutique\/produits\/bulbes\/saison\/mon-kit-pour-petits-espaces-urbains\/","og_locale":"fr_FR","og_type":"article","og_title":"MON KIT pour petits espaces urbains","og_description":"Ce kit de graines est compos\u00e9 de pots biod\u00e9gradables et de graines pr\u00e9sem\u00e9s pour cultiver facilement ses propres fleurs comestibles.","og_url":"https:\/\/www.ernest-turc.com\/boutique\/produits\/bulbes\/saison\/mon-kit-pour-petits-espaces-urbains\/","og_site_name":"Ernest TURC","article_publisher":"https:\/\/www.facebook.com\/ErnestTURC49","article_modified_time":"2026-04-30T12:11:39+00:00","og_image":[{"width":800,"height":800,"url":"https:\/\/www.ernest-turc.com\/boutique\/wp-content\/uploads\/2023\/06\/MON-KIT-PETITS-ESPACES-URBAINS.jpg","type":"image\/jpeg"}],"twitter_card":"summary_large_image","twitter_misc":{"Prix":"15,99&euro;TTCTTC","Disponibilit\u00e9":"Rupture de stock"},"schema":{"@context":"https:\/\/schema.org","@graph":[{"@type":"WebPage","@id":"https:\/\/www.ernest-turc.com\/boutique\/produits\/bulbes\/saison\/mon-kit-pour-petits-espaces-urbains\/","url":"https:\/\/www.ernest-turc.com\/boutique\/produits\/bulbes\/saison\/mon-kit-pour-petits-espaces-urbains\/","name":"Coffret MON KIT pour petits espaces urbains - Ernest TURC","isPartOf":{"@id":"https:\/\/www.ernest-turc.com\/boutique\/#website"},"primaryImageOfPage":{"@id":"https:\/\/www.ernest-turc.com\/boutique\/produits\/bulbes\/saison\/mon-kit-pour-petits-espaces-urbains\/#primaryimage"},"image":{"@id":"https:\/\/www.ernest-turc.com\/boutique\/produits\/bulbes\/saison\/mon-kit-pour-petits-espaces-urbains\/#primaryimage"},"thumbnailUrl":"https:\/\/www.ernest-turc.com\/boutique\/wp-content\/uploads\/2023\/06\/MON-KIT-PETITS-ESPACES-URBAINS.jpg","datePublished":"2023-06-29T09:27:38+00:00","dateModified":"2026-04-30T12:11:39+00:00","description":"Ce kit de graines est compos\u00e9 de pots biod\u00e9gradables et de graines pr\u00e9sem\u00e9s pour cultiver facilement ses propres fleurs comestibles.","breadcrumb":{"@id":"https:\/\/www.ernest-turc.com\/boutique\/produits\/bulbes\/saison\/mon-kit-pour-petits-espaces-urbains\/#breadcrumb"},"inLanguage":"fr-FR","potentialAction":[{"@type":"ReadAction","target":["https:\/\/www.ernest-turc.com\/boutique\/produits\/bulbes\/saison\/mon-kit-pour-petits-espaces-urbains\/"]}]},{"@type":"ImageObject","inLanguage":"fr-FR","@id":"https:\/\/www.ernest-turc.com\/boutique\/produits\/bulbes\/saison\/mon-kit-pour-petits-espaces-urbains\/#primaryimage","url":"https:\/\/www.ernest-turc.com\/boutique\/wp-content\/uploads\/2023\/06\/MON-KIT-PETITS-ESPACES-URBAINS.jpg","contentUrl":"https:\/\/www.ernest-turc.com\/boutique\/wp-content\/uploads\/2023\/06\/MON-KIT-PETITS-ESPACES-URBAINS.jpg","width":800,"height":800},{"@type":"BreadcrumbList","@id":"https:\/\/www.ernest-turc.com\/boutique\/produits\/bulbes\/saison\/mon-kit-pour-petits-espaces-urbains\/#breadcrumb","itemListElement":[{"@type":"ListItem","position":1,"name":"Accueil","item":"https:\/\/www.ernest-turc.com\/boutique\/"},{"@type":"ListItem","position":2,"name":"Boutique","item":"https:\/\/www.ernest-turc.fr\/boutique\/produits\/"},{"@type":"ListItem","position":3,"name":"MON KIT pour petits espaces urbains"}]},{"@type":"WebSite","@id":"https:\/\/www.ernest-turc.com\/boutique\/#website","url":"https:\/\/www.ernest-turc.com\/boutique\/","name":"Ernest TURC","description":"","publisher":{"@id":"https:\/\/www.ernest-turc.com\/boutique\/#organization"},"potentialAction":[{"@type":"SearchAction","target":{"@type":"EntryPoint","urlTemplate":"https:\/\/www.ernest-turc.com\/boutique\/?s={search_term_string}"},"query-input":{"@type":"PropertyValueSpecification","valueRequired":true,"valueName":"search_term_string"}}],"inLanguage":"fr-FR"},{"@type":"Organization","@id":"https:\/\/www.ernest-turc.com\/boutique\/#organization","name":"Boutique Ernest TURC","alternateName":"Ernest TURC","url":"https:\/\/www.ernest-turc.com\/boutique\/","logo":{"@type":"ImageObject","inLanguage":"fr-FR","@id":"https:\/\/www.ernest-turc.com\/boutique\/#\/schema\/logo\/image\/","url":"https:\/\/www.ernest-turc.com\/boutique\/wp-content\/uploads\/2020\/10\/logo.png","contentUrl":"https:\/\/www.ernest-turc.com\/boutique\/wp-content\/uploads\/2020\/10\/logo.png","width":161,"height":161,"caption":"Boutique Ernest TURC"},"image":{"@id":"https:\/\/www.ernest-turc.com\/boutique\/#\/schema\/logo\/image\/"},"sameAs":["https:\/\/www.facebook.com\/ErnestTURC49","https:\/\/www.instagram.com\/ernestturc","https:\/\/www.linkedin.com\/company\/ernest-turc\/","https:\/\/www.pinterest.fr\/ernestturc","https:\/\/www.youtube.com\/channel\/UCH3ntWhy3mdcqw9-xF6pmEQ"]}]},"product_price_amount":"15.99","product_price_currency":"EUR","og_availability":"out of stock","product_availability":"out of stock","product_retailer_item_id":"958510","product_condition":"new"},"_links":{"self":[{"href":"https:\/\/www.ernest-turc.com\/boutique\/wp-json\/wp\/v2\/product\/28509","targetHints":{"allow":["GET"]}}],"collection":[{"href":"https:\/\/www.ernest-turc.com\/boutique\/wp-json\/wp\/v2\/product"}],"about":[{"href":"https:\/\/www.ernest-turc.com\/boutique\/wp-json\/wp\/v2\/types\/product"}],"wp:featuredmedia":[{"embeddable":true,"href":"https:\/\/www.ernest-turc.com\/boutique\/wp-json\/wp\/v2\/media\/28550"}],"wp:attachment":[{"href":"https:\/\/www.ernest-turc.com\/boutique\/wp-json\/wp\/v2\/media?parent=28509"}],"wp:term":[{"taxonomy":"product_brand","embeddable":true,"href":"https:\/\/www.ernest-turc.com\/boutique\/wp-json\/wp\/v2\/product_brand?post=28509"},{"taxonomy":"product_cat","embeddable":true,"href":"https:\/\/www.ernest-turc.com\/boutique\/wp-json\/wp\/v2\/product_cat?post=28509"},{"taxonomy":"product_tag","embeddable":true,"href":"https:\/\/www.ernest-turc.com\/boutique\/wp-json\/wp\/v2\/product_tag?post=28509"}],"curies":[{"name":"wp","href":"https:\/\/api.w.org\/{rel}","templated":true}]}}