{"id":26763,"date":"2023-02-24T11:22:38","date_gmt":"2023-02-24T11:22:38","guid":{"rendered":"https:\/\/www.ernest-turc.com\/boutique\/?post_type=product&#038;p=26763"},"modified":"2026-03-17T17:06:44","modified_gmt":"2026-03-17T17:06:44","slug":"1-binette-a-fleurs-manche-bois","status":"publish","type":"product","link":"https:\/\/www.ernest-turc.com\/boutique\/produits\/accessoires\/1-binette-a-fleurs-manche-bois\/","title":{"rendered":"Binette \u00e0 fleurs manche bois"},"content":{"rendered":"<p style=\"text-align: justify;\">T\u00eate en acier et manche en bois de h\u00eatre pour cette binette \u00e0 fleurs de la marque Spear &amp; Jackson.<br \/>Dimensions : 29 x 9,5 x 9,5 cm<br \/>Poids : 230 g<\/p>\n<p>La binette \u00e0 fleurs est un outil sp\u00e9cialement con\u00e7ue pour enlever les mauvaises herbes autour des plantes sans endommager leurs racines. Elle a une petite t\u00eate plate et pointue, id\u00e9ale pour travailler pr\u00e8s des plantes d\u00e9licates et pour acc\u00e9der aux espaces restreints entre les fleurs. Cet outil permet de d\u00e9sherber avec pr\u00e9cision sans perturber les fleurs environnantes, pr\u00e9servant ainsi l&#8217;esth\u00e9tique et la sant\u00e9 de votre jardin floral.<\/p>\n","protected":false},"excerpt":{"rendered":"<p style=\"text-align: justify;\">T\u00eate en acier et manche en bois de h\u00eatre pour cette binette \u00e0 fleurs de la marque Spear &amp; Jackson.<br \/>Dimensions : 29 x 9,5 x 9,5 cm<br \/>Poids : 230 g<\/p>\n<p>La binette \u00e0 fleurs est un outil sp\u00e9cialement con\u00e7ue pour enlever les mauvaises herbes autour des plantes sans endommager leurs racines. Elle a une petite t\u00eate plate et pointue, id\u00e9ale pour travailler pr\u00e8s des plantes d\u00e9licates et pour acc\u00e9der aux espaces restreints entre les fleurs. Cet outil permet de d\u00e9sherber avec pr\u00e9cision sans perturber les fleurs environnantes, pr\u00e9servant ainsi l&#8217;esth\u00e9tique et la sant\u00e9 de votre jardin floral.<\/p>\n","protected":false},"featured_media":26786,"template":"","meta":{"_relevanssi_hide_post":"","_relevanssi_hide_content":"","_relevanssi_pin_for_all":"","_relevanssi_pin_keywords":"","_relevanssi_unpin_keywords":"","_relevanssi_related_keywords":"","_relevanssi_related_include_ids":"","_relevanssi_related_exclude_ids":"","_relevanssi_related_no_append":"","_relevanssi_related_not_related":"","_relevanssi_related_posts":"","_relevanssi_noindex_reason":""},"product_brand":[],"product_cat":[1564,1664],"product_tag":[],"class_list":{"0":"post-26763","1":"product","2":"type-product","3":"status-publish","4":"has-post-thumbnail","6":"product_cat-accessoires","7":"product_cat-idees-cadeaux","8":"pa_conditionnement-734","9":"pa_couleur-marron","10":"pa_disponibilite-toute-lannee","12":"first","13":"instock","14":"taxable","15":"shipping-taxable","16":"purchasable","17":"product-type-simple"},"bundled_by":["35159"],"bundle_stock_status":"instock","bundle_stock_quantity":7,"bundle_virtual":false,"bundle_layout":"","bundle_add_to_cart_form_location":"","bundle_editable_in_cart":false,"bundle_sold_individually_context":"","bundle_item_grouping":"","bundle_min_size":"","bundle_max_size":"","bundled_items":[],"bundle_sell_ids":[],"yoast_head":"<!-- This site is optimized with the Yoast SEO Premium plugin v25.2 (Yoast SEO v27.5) - https:\/\/yoast.com\/product\/yoast-seo-premium-wordpress\/ -->\n<title>Binette \u00e0 fleurs manche bois - Ernest TURC<\/title>\n<meta name=\"description\" content=\"Essayez la binette \u00e0 fleurs de Spear &amp; Jackson ! En acier et bois de h\u00eatre, elle vous offre la solidit\u00e9 que vous cherchez.\ud83d\udc4d\" \/>\n<meta name=\"robots\" content=\"index, follow, max-snippet:-1, max-image-preview:large, max-video-preview:-1\" \/>\n<link rel=\"canonical\" href=\"https:\/\/www.ernest-turc.com\/boutique\/produits\/accessoires\/1-binette-a-fleurs-manche-bois\/\" \/>\n<meta property=\"og:locale\" content=\"fr_FR\" \/>\n<meta property=\"og:type\" content=\"article\" \/>\n<meta property=\"og:title\" content=\"Binette \u00e0 fleurs manche bois\" \/>\n<meta property=\"og:description\" content=\"Essayez la binette \u00e0 fleurs de Spear &amp; Jackson ! En acier et bois de h\u00eatre, elle vous offre la solidit\u00e9 que vous cherchez.\ud83d\udc4d\" \/>\n<meta property=\"og:url\" content=\"https:\/\/www.ernest-turc.com\/boutique\/produits\/accessoires\/1-binette-a-fleurs-manche-bois\/\" \/>\n<meta property=\"og:site_name\" content=\"Ernest TURC\" \/>\n<meta property=\"article:publisher\" content=\"https:\/\/www.facebook.com\/ErnestTURC49\" \/>\n<meta property=\"article:modified_time\" content=\"2026-03-17T17:06:44+00:00\" \/>\n<meta property=\"og:image\" content=\"https:\/\/www.ernest-turc.com\/boutique\/wp-content\/uploads\/2023\/02\/BINETTE-2.jpg\" \/>\n\t<meta property=\"og:image:width\" content=\"800\" \/>\n\t<meta property=\"og:image:height\" content=\"800\" \/>\n\t<meta property=\"og:image:type\" content=\"image\/jpeg\" \/>\n<meta name=\"twitter:card\" content=\"summary_large_image\" \/>\n<meta name=\"twitter:label1\" content=\"Prix\" \/>\n\t<meta name=\"twitter:data1\" content=\"10,90&euro;TTCTTC\" \/>\n\t<meta name=\"twitter:label2\" content=\"Disponibilit\u00e9\" \/>\n\t<meta name=\"twitter:data2\" content=\"En stock\" \/>\n<script type=\"application\/ld+json\" class=\"yoast-schema-graph\">{\"@context\":\"https:\\\/\\\/schema.org\",\"@graph\":[{\"@type\":\"WebPage\",\"@id\":\"https:\\\/\\\/www.ernest-turc.com\\\/boutique\\\/produits\\\/accessoires\\\/1-binette-a-fleurs-manche-bois\\\/\",\"url\":\"https:\\\/\\\/www.ernest-turc.com\\\/boutique\\\/produits\\\/accessoires\\\/1-binette-a-fleurs-manche-bois\\\/\",\"name\":\"Binette \u00e0 fleurs manche bois - Ernest TURC\",\"isPartOf\":{\"@id\":\"https:\\\/\\\/www.ernest-turc.com\\\/boutique\\\/#website\"},\"primaryImageOfPage\":{\"@id\":\"https:\\\/\\\/www.ernest-turc.com\\\/boutique\\\/produits\\\/accessoires\\\/1-binette-a-fleurs-manche-bois\\\/#primaryimage\"},\"image\":{\"@id\":\"https:\\\/\\\/www.ernest-turc.com\\\/boutique\\\/produits\\\/accessoires\\\/1-binette-a-fleurs-manche-bois\\\/#primaryimage\"},\"thumbnailUrl\":\"https:\\\/\\\/www.ernest-turc.com\\\/boutique\\\/wp-content\\\/uploads\\\/2023\\\/02\\\/BINETTE-2.jpg\",\"datePublished\":\"2023-02-24T11:22:38+00:00\",\"dateModified\":\"2026-03-17T17:06:44+00:00\",\"description\":\"Essayez la binette \u00e0 fleurs de Spear & Jackson ! En acier et bois de h\u00eatre, elle vous offre la solidit\u00e9 que vous cherchez.\ud83d\udc4d\",\"breadcrumb\":{\"@id\":\"https:\\\/\\\/www.ernest-turc.com\\\/boutique\\\/produits\\\/accessoires\\\/1-binette-a-fleurs-manche-bois\\\/#breadcrumb\"},\"inLanguage\":\"fr-FR\",\"potentialAction\":[{\"@type\":\"ReadAction\",\"target\":[\"https:\\\/\\\/www.ernest-turc.com\\\/boutique\\\/produits\\\/accessoires\\\/1-binette-a-fleurs-manche-bois\\\/\"]}]},{\"@type\":\"ImageObject\",\"inLanguage\":\"fr-FR\",\"@id\":\"https:\\\/\\\/www.ernest-turc.com\\\/boutique\\\/produits\\\/accessoires\\\/1-binette-a-fleurs-manche-bois\\\/#primaryimage\",\"url\":\"https:\\\/\\\/www.ernest-turc.com\\\/boutique\\\/wp-content\\\/uploads\\\/2023\\\/02\\\/BINETTE-2.jpg\",\"contentUrl\":\"https:\\\/\\\/www.ernest-turc.com\\\/boutique\\\/wp-content\\\/uploads\\\/2023\\\/02\\\/BINETTE-2.jpg\",\"width\":800,\"height\":800},{\"@type\":\"BreadcrumbList\",\"@id\":\"https:\\\/\\\/www.ernest-turc.com\\\/boutique\\\/produits\\\/accessoires\\\/1-binette-a-fleurs-manche-bois\\\/#breadcrumb\",\"itemListElement\":[{\"@type\":\"ListItem\",\"position\":1,\"name\":\"Accueil\",\"item\":\"https:\\\/\\\/www.ernest-turc.com\\\/boutique\\\/\"},{\"@type\":\"ListItem\",\"position\":2,\"name\":\"Boutique\",\"item\":\"https:\\\/\\\/www.ernest-turc.fr\\\/boutique\\\/produits\\\/\"},{\"@type\":\"ListItem\",\"position\":3,\"name\":\"Binette \u00e0 fleurs manche bois\"}]},{\"@type\":\"WebSite\",\"@id\":\"https:\\\/\\\/www.ernest-turc.com\\\/boutique\\\/#website\",\"url\":\"https:\\\/\\\/www.ernest-turc.com\\\/boutique\\\/\",\"name\":\"Ernest TURC\",\"description\":\"\",\"publisher\":{\"@id\":\"https:\\\/\\\/www.ernest-turc.com\\\/boutique\\\/#organization\"},\"potentialAction\":[{\"@type\":\"SearchAction\",\"target\":{\"@type\":\"EntryPoint\",\"urlTemplate\":\"https:\\\/\\\/www.ernest-turc.com\\\/boutique\\\/?s={search_term_string}\"},\"query-input\":{\"@type\":\"PropertyValueSpecification\",\"valueRequired\":true,\"valueName\":\"search_term_string\"}}],\"inLanguage\":\"fr-FR\"},{\"@type\":\"Organization\",\"@id\":\"https:\\\/\\\/www.ernest-turc.com\\\/boutique\\\/#organization\",\"name\":\"Boutique Ernest TURC\",\"alternateName\":\"Ernest TURC\",\"url\":\"https:\\\/\\\/www.ernest-turc.com\\\/boutique\\\/\",\"logo\":{\"@type\":\"ImageObject\",\"inLanguage\":\"fr-FR\",\"@id\":\"https:\\\/\\\/www.ernest-turc.com\\\/boutique\\\/#\\\/schema\\\/logo\\\/image\\\/\",\"url\":\"https:\\\/\\\/www.ernest-turc.com\\\/boutique\\\/wp-content\\\/uploads\\\/2020\\\/10\\\/logo.png\",\"contentUrl\":\"https:\\\/\\\/www.ernest-turc.com\\\/boutique\\\/wp-content\\\/uploads\\\/2020\\\/10\\\/logo.png\",\"width\":161,\"height\":161,\"caption\":\"Boutique Ernest TURC\"},\"image\":{\"@id\":\"https:\\\/\\\/www.ernest-turc.com\\\/boutique\\\/#\\\/schema\\\/logo\\\/image\\\/\"},\"sameAs\":[\"https:\\\/\\\/www.facebook.com\\\/ErnestTURC49\",\"https:\\\/\\\/www.instagram.com\\\/ernestturc\",\"https:\\\/\\\/www.linkedin.com\\\/company\\\/ernest-turc\\\/\",\"https:\\\/\\\/www.pinterest.fr\\\/ernestturc\",\"https:\\\/\\\/www.youtube.com\\\/channel\\\/UCH3ntWhy3mdcqw9-xF6pmEQ\"]}]}<\/script>\n<meta property=\"product:price:amount\" content=\"10.90\" \/>\n<meta property=\"product:price:currency\" content=\"EUR\" \/>\n<meta property=\"og:availability\" content=\"instock\" \/>\n<meta property=\"product:availability\" content=\"instock\" \/>\n<meta property=\"product:retailer_item_id\" content=\"958575\" \/>\n<meta property=\"product:condition\" content=\"new\" \/>\n<!-- \/ Yoast SEO Premium plugin. -->","yoast_head_json":{"title":"Binette \u00e0 fleurs manche bois - Ernest TURC","description":"Essayez la binette \u00e0 fleurs de Spear & Jackson ! En acier et bois de h\u00eatre, elle vous offre la solidit\u00e9 que vous cherchez.\ud83d\udc4d","robots":{"index":"index","follow":"follow","max-snippet":"max-snippet:-1","max-image-preview":"max-image-preview:large","max-video-preview":"max-video-preview:-1"},"canonical":"https:\/\/www.ernest-turc.com\/boutique\/produits\/accessoires\/1-binette-a-fleurs-manche-bois\/","og_locale":"fr_FR","og_type":"article","og_title":"Binette \u00e0 fleurs manche bois","og_description":"Essayez la binette \u00e0 fleurs de Spear & Jackson ! En acier et bois de h\u00eatre, elle vous offre la solidit\u00e9 que vous cherchez.\ud83d\udc4d","og_url":"https:\/\/www.ernest-turc.com\/boutique\/produits\/accessoires\/1-binette-a-fleurs-manche-bois\/","og_site_name":"Ernest TURC","article_publisher":"https:\/\/www.facebook.com\/ErnestTURC49","article_modified_time":"2026-03-17T17:06:44+00:00","og_image":[{"width":800,"height":800,"url":"https:\/\/www.ernest-turc.com\/boutique\/wp-content\/uploads\/2023\/02\/BINETTE-2.jpg","type":"image\/jpeg"}],"twitter_card":"summary_large_image","twitter_misc":{"Prix":"10,90&euro;TTCTTC","Disponibilit\u00e9":"En stock"},"schema":{"@context":"https:\/\/schema.org","@graph":[{"@type":"WebPage","@id":"https:\/\/www.ernest-turc.com\/boutique\/produits\/accessoires\/1-binette-a-fleurs-manche-bois\/","url":"https:\/\/www.ernest-turc.com\/boutique\/produits\/accessoires\/1-binette-a-fleurs-manche-bois\/","name":"Binette \u00e0 fleurs manche bois - Ernest TURC","isPartOf":{"@id":"https:\/\/www.ernest-turc.com\/boutique\/#website"},"primaryImageOfPage":{"@id":"https:\/\/www.ernest-turc.com\/boutique\/produits\/accessoires\/1-binette-a-fleurs-manche-bois\/#primaryimage"},"image":{"@id":"https:\/\/www.ernest-turc.com\/boutique\/produits\/accessoires\/1-binette-a-fleurs-manche-bois\/#primaryimage"},"thumbnailUrl":"https:\/\/www.ernest-turc.com\/boutique\/wp-content\/uploads\/2023\/02\/BINETTE-2.jpg","datePublished":"2023-02-24T11:22:38+00:00","dateModified":"2026-03-17T17:06:44+00:00","description":"Essayez la binette \u00e0 fleurs de Spear & Jackson ! En acier et bois de h\u00eatre, elle vous offre la solidit\u00e9 que vous cherchez.\ud83d\udc4d","breadcrumb":{"@id":"https:\/\/www.ernest-turc.com\/boutique\/produits\/accessoires\/1-binette-a-fleurs-manche-bois\/#breadcrumb"},"inLanguage":"fr-FR","potentialAction":[{"@type":"ReadAction","target":["https:\/\/www.ernest-turc.com\/boutique\/produits\/accessoires\/1-binette-a-fleurs-manche-bois\/"]}]},{"@type":"ImageObject","inLanguage":"fr-FR","@id":"https:\/\/www.ernest-turc.com\/boutique\/produits\/accessoires\/1-binette-a-fleurs-manche-bois\/#primaryimage","url":"https:\/\/www.ernest-turc.com\/boutique\/wp-content\/uploads\/2023\/02\/BINETTE-2.jpg","contentUrl":"https:\/\/www.ernest-turc.com\/boutique\/wp-content\/uploads\/2023\/02\/BINETTE-2.jpg","width":800,"height":800},{"@type":"BreadcrumbList","@id":"https:\/\/www.ernest-turc.com\/boutique\/produits\/accessoires\/1-binette-a-fleurs-manche-bois\/#breadcrumb","itemListElement":[{"@type":"ListItem","position":1,"name":"Accueil","item":"https:\/\/www.ernest-turc.com\/boutique\/"},{"@type":"ListItem","position":2,"name":"Boutique","item":"https:\/\/www.ernest-turc.fr\/boutique\/produits\/"},{"@type":"ListItem","position":3,"name":"Binette \u00e0 fleurs manche bois"}]},{"@type":"WebSite","@id":"https:\/\/www.ernest-turc.com\/boutique\/#website","url":"https:\/\/www.ernest-turc.com\/boutique\/","name":"Ernest TURC","description":"","publisher":{"@id":"https:\/\/www.ernest-turc.com\/boutique\/#organization"},"potentialAction":[{"@type":"SearchAction","target":{"@type":"EntryPoint","urlTemplate":"https:\/\/www.ernest-turc.com\/boutique\/?s={search_term_string}"},"query-input":{"@type":"PropertyValueSpecification","valueRequired":true,"valueName":"search_term_string"}}],"inLanguage":"fr-FR"},{"@type":"Organization","@id":"https:\/\/www.ernest-turc.com\/boutique\/#organization","name":"Boutique Ernest TURC","alternateName":"Ernest TURC","url":"https:\/\/www.ernest-turc.com\/boutique\/","logo":{"@type":"ImageObject","inLanguage":"fr-FR","@id":"https:\/\/www.ernest-turc.com\/boutique\/#\/schema\/logo\/image\/","url":"https:\/\/www.ernest-turc.com\/boutique\/wp-content\/uploads\/2020\/10\/logo.png","contentUrl":"https:\/\/www.ernest-turc.com\/boutique\/wp-content\/uploads\/2020\/10\/logo.png","width":161,"height":161,"caption":"Boutique Ernest TURC"},"image":{"@id":"https:\/\/www.ernest-turc.com\/boutique\/#\/schema\/logo\/image\/"},"sameAs":["https:\/\/www.facebook.com\/ErnestTURC49","https:\/\/www.instagram.com\/ernestturc","https:\/\/www.linkedin.com\/company\/ernest-turc\/","https:\/\/www.pinterest.fr\/ernestturc","https:\/\/www.youtube.com\/channel\/UCH3ntWhy3mdcqw9-xF6pmEQ"]}]},"product_price_amount":"10.90","product_price_currency":"EUR","og_availability":"instock","product_availability":"instock","product_retailer_item_id":"958575","product_condition":"new"},"_links":{"self":[{"href":"https:\/\/www.ernest-turc.com\/boutique\/wp-json\/wp\/v2\/product\/26763","targetHints":{"allow":["GET"]}}],"collection":[{"href":"https:\/\/www.ernest-turc.com\/boutique\/wp-json\/wp\/v2\/product"}],"about":[{"href":"https:\/\/www.ernest-turc.com\/boutique\/wp-json\/wp\/v2\/types\/product"}],"wp:featuredmedia":[{"embeddable":true,"href":"https:\/\/www.ernest-turc.com\/boutique\/wp-json\/wp\/v2\/media\/26786"}],"wp:attachment":[{"href":"https:\/\/www.ernest-turc.com\/boutique\/wp-json\/wp\/v2\/media?parent=26763"}],"wp:term":[{"taxonomy":"product_brand","embeddable":true,"href":"https:\/\/www.ernest-turc.com\/boutique\/wp-json\/wp\/v2\/product_brand?post=26763"},{"taxonomy":"product_cat","embeddable":true,"href":"https:\/\/www.ernest-turc.com\/boutique\/wp-json\/wp\/v2\/product_cat?post=26763"},{"taxonomy":"product_tag","embeddable":true,"href":"https:\/\/www.ernest-turc.com\/boutique\/wp-json\/wp\/v2\/product_tag?post=26763"}],"curies":[{"name":"wp","href":"https:\/\/api.w.org\/{rel}","templated":true}]}}