{"id":25782,"date":"2022-12-22T07:50:24","date_gmt":"2022-12-22T07:50:24","guid":{"rendered":"https:\/\/www.ernest-turc.com\/boutique\/?post_type=product&#038;p=25782"},"modified":"2026-05-12T08:23:11","modified_gmt":"2026-05-12T08:23:11","slug":"dahlias-geants","status":"publish","type":"product","link":"https:\/\/www.ernest-turc.com\/boutique\/produits\/bulbes\/fleurs\/dahlia\/geants-dahlias\/dahlias-geants\/","title":{"rendered":"Dahlias g\u00e9ants en m\u00e9lange"},"content":{"rendered":"<p style=\"text-align: justify;\">Les <strong>dahlias g\u00e9ants<\/strong> sont des dahlias tr\u00e8s a\u00e9riens qui pr\u00e9sentent de grandes fleurs simples dont le c\u0153ur est illumin\u00e9 par des \u00e9tamines or. Leur souplesse et leurs longues tiges bien d\u00e9gag\u00e9es du feuillage permettent des utilisations multiples, du centre de massif \u00e0 la confection de bouquets d\u2019une grande originalit\u00e9. Leur c\u0153ur jaune charg\u00e9e de pollen rendra heureux les insectes pollinisateurs qui se rueront dans votre jardin. Ces dahlias hauts sont parfaits en fond de massif.\u00a0<\/p>\n<p style=\"text-align: justify;\">Originaire d\u2019Am\u00e9rique centrale et principalement du Mexique, le dahlia, utilis\u00e9 autrefois par les Azt\u00e8ques comme plante comestible, est import\u00e9 en Europe au 18\u00e8me si\u00e8cle pour remplacer la pomme de terre. Sans succ\u00e8s\u2026 ses qualit\u00e9s d\u00e9coratives et ornementales ont vite supplant\u00e9 ses propri\u00e9t\u00e9s nutritives, surtout lorsque les premi\u00e8res fleurs doubles de type cactus ont \u00e9t\u00e9 hybrid\u00e9es. Aujourd\u2019hui, ce sont plus de quarante mille vari\u00e9t\u00e9s hybrides qui ont \u00e9t\u00e9 obtenues, pour le plus grand bonheur des amateurs passionn\u00e9s, des collectionneurs, et des jardiniers. Le genre dahlia offre une diversit\u00e9 fantastique de formes, de hauteurs et de coloris. Il ne lui manque que le parfum\u2026 et le pigment bleu pour compl\u00e9ter la gamme de ses coloris\u00a0!<\/p>\n","protected":false},"excerpt":{"rendered":"<p style=\"text-align: justify;\"><strong>Les dahlias g\u00e9ants<\/strong> sont des dahlias tr\u00e8s a\u00e9riens qui pr\u00e9sentent de grandes fleurs simples dont le c\u0153ur est illumin\u00e9 par des \u00e9tamines or. Leur souplesse et leurs longues tiges bien d\u00e9gag\u00e9es du feuillage permettent des utilisations multiples, du centre de massif \u00e0 la confection de bouquets d\u2019une grande originalit\u00e9. Leur c\u0153ur jaune charg\u00e9e de pollen rendra heureux les insectes pollinisateurs qui se rueront dans votre jardin. Ces dahlias hauts sont parfaits en fond de massif.\u00a0<\/p>\n","protected":false},"featured_media":25780,"template":"","meta":{"_relevanssi_hide_post":"","_relevanssi_hide_content":"","_relevanssi_pin_for_all":"","_relevanssi_pin_keywords":"","_relevanssi_unpin_keywords":"","_relevanssi_related_keywords":"","_relevanssi_related_include_ids":"","_relevanssi_related_exclude_ids":"","_relevanssi_related_no_append":"","_relevanssi_related_not_related":"","_relevanssi_related_posts":"","_relevanssi_noindex_reason":""},"product_brand":[],"product_cat":[1609,179,180,212,737,1614,738,1608,1592,183,182],"product_tag":[],"class_list":{"0":"post-25782","1":"product","2":"type-product","3":"status-publish","4":"has-post-thumbnail","6":"product_cat-bouquets","7":"product_cat-bulbes","8":"product_cat-fleurs","9":"product_cat-theme","10":"product_cat-dahlia","11":"product_cat-geants-dahlias","12":"product_cat-hauts-dahlias","13":"product_cat-label-fleurs-de-france","14":"product_cat-plante-melliferes","15":"product_cat-ete","16":"product_cat-saison","17":"pa_calibre-i","18":"pa_conditionnement-1787","19":"pa_couleur-jaune","20":"pa_couleur-de-feuillage-vert","21":"pa_disponibilite-de-fevrier-a-juin","22":"pa_exposition-ensoleillee","23":"pa_hauteur-de-la-plante-160-cm","24":"pa_logo-fleurs-de-france-oui","25":"pa_melliferes-oui","26":"pa_periode-de-recolte-floraison-aout","27":"pa_periode-de-recolte-floraison-juillet","28":"pa_periode-de-recolte-floraison-novembre","29":"pa_periode-de-recolte-floraison-octobre","30":"pa_periode-de-recolte-floraison-septembre","31":"pa_periode-de-semis-plantation-avril","32":"pa_periode-de-semis-plantation-mai","33":"pa_periode-de-semis-plantation-mars","34":"pa_rusticite-craint-le-gel","35":"pa_utilisation-fleur-coupee","36":"pa_utilisation-massif","38":"first","39":"outofstock","40":"taxable","41":"shipping-taxable","42":"purchasable","43":"product-type-simple"},"bundled_by":[],"bundle_stock_status":"outofstock","bundle_stock_quantity":0,"bundle_virtual":false,"bundle_layout":"","bundle_add_to_cart_form_location":"","bundle_editable_in_cart":false,"bundle_sold_individually_context":"","bundle_item_grouping":"","bundle_min_size":"","bundle_max_size":"","bundled_items":[],"bundle_sell_ids":[],"yoast_head":"<!-- This site is optimized with the Yoast SEO Premium plugin v25.2 (Yoast SEO v27.5) - https:\/\/yoast.com\/product\/yoast-seo-premium-wordpress\/ -->\n<title>Dahlias g\u00e9ants en m\u00e9lange - Ernest TURC<\/title>\n<meta name=\"description\" content=\"Les dahlias g\u00e9ants en m\u00e9lange sont parfaits pour cr\u00e9er des centres de massifs uniques et sublimer votre jardin. Faire-plaisir d\u00e8s maintenant!\" \/>\n<meta name=\"robots\" content=\"index, follow, max-snippet:-1, max-image-preview:large, max-video-preview:-1\" \/>\n<link rel=\"canonical\" href=\"https:\/\/www.ernest-turc.com\/boutique\/produits\/bulbes\/fleurs\/dahlia\/geants-dahlias\/dahlias-geants\/\" \/>\n<meta property=\"og:locale\" content=\"fr_FR\" \/>\n<meta property=\"og:type\" content=\"article\" \/>\n<meta property=\"og:title\" content=\"Dahlias g\u00e9ants en m\u00e9lange\" \/>\n<meta property=\"og:description\" content=\"Les dahlias g\u00e9ants en m\u00e9lange sont parfaits pour cr\u00e9er des centres de massifs uniques et sublimer votre jardin. Faire-plaisir d\u00e8s maintenant!\" \/>\n<meta property=\"og:url\" content=\"https:\/\/www.ernest-turc.com\/boutique\/produits\/bulbes\/fleurs\/dahlia\/geants-dahlias\/dahlias-geants\/\" \/>\n<meta property=\"og:site_name\" content=\"Ernest TURC\" \/>\n<meta property=\"article:publisher\" content=\"https:\/\/www.facebook.com\/ErnestTURC49\" \/>\n<meta property=\"article:modified_time\" content=\"2026-05-12T08:23:11+00:00\" \/>\n<meta property=\"og:image\" content=\"https:\/\/www.ernest-turc.com\/boutique\/wp-content\/uploads\/2021\/03\/DAHLIAS-SIMPLES-GEANTS.jpg\" \/>\n\t<meta property=\"og:image:width\" content=\"800\" \/>\n\t<meta property=\"og:image:height\" content=\"800\" \/>\n\t<meta property=\"og:image:type\" content=\"image\/jpeg\" \/>\n<meta name=\"twitter:card\" content=\"summary_large_image\" \/>\n<meta name=\"twitter:label1\" content=\"Prix\" \/>\n\t<meta name=\"twitter:data1\" content=\"8,99&euro;TTCTTC\" \/>\n\t<meta name=\"twitter:label2\" content=\"Disponibilit\u00e9\" \/>\n\t<meta name=\"twitter:data2\" content=\"Rupture de stock\" \/>\n<script type=\"application\/ld+json\" class=\"yoast-schema-graph\">{\"@context\":\"https:\\\/\\\/schema.org\",\"@graph\":[{\"@type\":\"WebPage\",\"@id\":\"https:\\\/\\\/www.ernest-turc.com\\\/boutique\\\/produits\\\/bulbes\\\/fleurs\\\/dahlia\\\/geants-dahlias\\\/dahlias-geants\\\/\",\"url\":\"https:\\\/\\\/www.ernest-turc.com\\\/boutique\\\/produits\\\/bulbes\\\/fleurs\\\/dahlia\\\/geants-dahlias\\\/dahlias-geants\\\/\",\"name\":\"Dahlias g\u00e9ants en m\u00e9lange - Ernest TURC\",\"isPartOf\":{\"@id\":\"https:\\\/\\\/www.ernest-turc.com\\\/boutique\\\/#website\"},\"primaryImageOfPage\":{\"@id\":\"https:\\\/\\\/www.ernest-turc.com\\\/boutique\\\/produits\\\/bulbes\\\/fleurs\\\/dahlia\\\/geants-dahlias\\\/dahlias-geants\\\/#primaryimage\"},\"image\":{\"@id\":\"https:\\\/\\\/www.ernest-turc.com\\\/boutique\\\/produits\\\/bulbes\\\/fleurs\\\/dahlia\\\/geants-dahlias\\\/dahlias-geants\\\/#primaryimage\"},\"thumbnailUrl\":\"https:\\\/\\\/www.ernest-turc.com\\\/boutique\\\/wp-content\\\/uploads\\\/2021\\\/03\\\/DAHLIAS-SIMPLES-GEANTS.jpg\",\"datePublished\":\"2022-12-22T07:50:24+00:00\",\"dateModified\":\"2026-05-12T08:23:11+00:00\",\"description\":\"Les dahlias g\u00e9ants en m\u00e9lange sont parfaits pour cr\u00e9er des centres de massifs uniques et sublimer votre jardin. Faire-plaisir d\u00e8s maintenant!\",\"breadcrumb\":{\"@id\":\"https:\\\/\\\/www.ernest-turc.com\\\/boutique\\\/produits\\\/bulbes\\\/fleurs\\\/dahlia\\\/geants-dahlias\\\/dahlias-geants\\\/#breadcrumb\"},\"inLanguage\":\"fr-FR\",\"potentialAction\":[{\"@type\":\"ReadAction\",\"target\":[\"https:\\\/\\\/www.ernest-turc.com\\\/boutique\\\/produits\\\/bulbes\\\/fleurs\\\/dahlia\\\/geants-dahlias\\\/dahlias-geants\\\/\"]}]},{\"@type\":\"ImageObject\",\"inLanguage\":\"fr-FR\",\"@id\":\"https:\\\/\\\/www.ernest-turc.com\\\/boutique\\\/produits\\\/bulbes\\\/fleurs\\\/dahlia\\\/geants-dahlias\\\/dahlias-geants\\\/#primaryimage\",\"url\":\"https:\\\/\\\/www.ernest-turc.com\\\/boutique\\\/wp-content\\\/uploads\\\/2021\\\/03\\\/DAHLIAS-SIMPLES-GEANTS.jpg\",\"contentUrl\":\"https:\\\/\\\/www.ernest-turc.com\\\/boutique\\\/wp-content\\\/uploads\\\/2021\\\/03\\\/DAHLIAS-SIMPLES-GEANTS.jpg\",\"width\":800,\"height\":800,\"caption\":\"Dahlias g\u00e9ants en m\u00e9lange\"},{\"@type\":\"BreadcrumbList\",\"@id\":\"https:\\\/\\\/www.ernest-turc.com\\\/boutique\\\/produits\\\/bulbes\\\/fleurs\\\/dahlia\\\/geants-dahlias\\\/dahlias-geants\\\/#breadcrumb\",\"itemListElement\":[{\"@type\":\"ListItem\",\"position\":1,\"name\":\"Accueil\",\"item\":\"https:\\\/\\\/www.ernest-turc.com\\\/boutique\\\/\"},{\"@type\":\"ListItem\",\"position\":2,\"name\":\"Boutique\",\"item\":\"https:\\\/\\\/www.ernest-turc.fr\\\/boutique\\\/produits\\\/\"},{\"@type\":\"ListItem\",\"position\":3,\"name\":\"Dahlias g\u00e9ants en m\u00e9lange\"}]},{\"@type\":\"WebSite\",\"@id\":\"https:\\\/\\\/www.ernest-turc.com\\\/boutique\\\/#website\",\"url\":\"https:\\\/\\\/www.ernest-turc.com\\\/boutique\\\/\",\"name\":\"Ernest TURC\",\"description\":\"\",\"publisher\":{\"@id\":\"https:\\\/\\\/www.ernest-turc.com\\\/boutique\\\/#organization\"},\"potentialAction\":[{\"@type\":\"SearchAction\",\"target\":{\"@type\":\"EntryPoint\",\"urlTemplate\":\"https:\\\/\\\/www.ernest-turc.com\\\/boutique\\\/?s={search_term_string}\"},\"query-input\":{\"@type\":\"PropertyValueSpecification\",\"valueRequired\":true,\"valueName\":\"search_term_string\"}}],\"inLanguage\":\"fr-FR\"},{\"@type\":\"Organization\",\"@id\":\"https:\\\/\\\/www.ernest-turc.com\\\/boutique\\\/#organization\",\"name\":\"Boutique Ernest TURC\",\"alternateName\":\"Ernest TURC\",\"url\":\"https:\\\/\\\/www.ernest-turc.com\\\/boutique\\\/\",\"logo\":{\"@type\":\"ImageObject\",\"inLanguage\":\"fr-FR\",\"@id\":\"https:\\\/\\\/www.ernest-turc.com\\\/boutique\\\/#\\\/schema\\\/logo\\\/image\\\/\",\"url\":\"https:\\\/\\\/www.ernest-turc.com\\\/boutique\\\/wp-content\\\/uploads\\\/2020\\\/10\\\/logo.png\",\"contentUrl\":\"https:\\\/\\\/www.ernest-turc.com\\\/boutique\\\/wp-content\\\/uploads\\\/2020\\\/10\\\/logo.png\",\"width\":161,\"height\":161,\"caption\":\"Boutique Ernest TURC\"},\"image\":{\"@id\":\"https:\\\/\\\/www.ernest-turc.com\\\/boutique\\\/#\\\/schema\\\/logo\\\/image\\\/\"},\"sameAs\":[\"https:\\\/\\\/www.facebook.com\\\/ErnestTURC49\",\"https:\\\/\\\/www.instagram.com\\\/ernestturc\",\"https:\\\/\\\/www.linkedin.com\\\/company\\\/ernest-turc\\\/\",\"https:\\\/\\\/www.pinterest.fr\\\/ernestturc\",\"https:\\\/\\\/www.youtube.com\\\/channel\\\/UCH3ntWhy3mdcqw9-xF6pmEQ\"]}]}<\/script>\n<meta property=\"product:price:amount\" content=\"8.99\" \/>\n<meta property=\"product:price:currency\" content=\"EUR\" \/>\n<meta property=\"og:availability\" content=\"out of stock\" \/>\n<meta property=\"product:availability\" content=\"out of stock\" \/>\n<meta property=\"product:retailer_item_id\" content=\"957825\" \/>\n<meta property=\"product:condition\" content=\"new\" \/>\n<!-- \/ Yoast SEO Premium plugin. -->","yoast_head_json":{"title":"Dahlias g\u00e9ants en m\u00e9lange - Ernest TURC","description":"Les dahlias g\u00e9ants en m\u00e9lange sont parfaits pour cr\u00e9er des centres de massifs uniques et sublimer votre jardin. Faire-plaisir d\u00e8s maintenant!","robots":{"index":"index","follow":"follow","max-snippet":"max-snippet:-1","max-image-preview":"max-image-preview:large","max-video-preview":"max-video-preview:-1"},"canonical":"https:\/\/www.ernest-turc.com\/boutique\/produits\/bulbes\/fleurs\/dahlia\/geants-dahlias\/dahlias-geants\/","og_locale":"fr_FR","og_type":"article","og_title":"Dahlias g\u00e9ants en m\u00e9lange","og_description":"Les dahlias g\u00e9ants en m\u00e9lange sont parfaits pour cr\u00e9er des centres de massifs uniques et sublimer votre jardin. Faire-plaisir d\u00e8s maintenant!","og_url":"https:\/\/www.ernest-turc.com\/boutique\/produits\/bulbes\/fleurs\/dahlia\/geants-dahlias\/dahlias-geants\/","og_site_name":"Ernest TURC","article_publisher":"https:\/\/www.facebook.com\/ErnestTURC49","article_modified_time":"2026-05-12T08:23:11+00:00","og_image":[{"width":800,"height":800,"url":"https:\/\/www.ernest-turc.com\/boutique\/wp-content\/uploads\/2021\/03\/DAHLIAS-SIMPLES-GEANTS.jpg","type":"image\/jpeg"}],"twitter_card":"summary_large_image","twitter_misc":{"Prix":"8,99&euro;TTCTTC","Disponibilit\u00e9":"Rupture de stock"},"schema":{"@context":"https:\/\/schema.org","@graph":[{"@type":"WebPage","@id":"https:\/\/www.ernest-turc.com\/boutique\/produits\/bulbes\/fleurs\/dahlia\/geants-dahlias\/dahlias-geants\/","url":"https:\/\/www.ernest-turc.com\/boutique\/produits\/bulbes\/fleurs\/dahlia\/geants-dahlias\/dahlias-geants\/","name":"Dahlias g\u00e9ants en m\u00e9lange - Ernest TURC","isPartOf":{"@id":"https:\/\/www.ernest-turc.com\/boutique\/#website"},"primaryImageOfPage":{"@id":"https:\/\/www.ernest-turc.com\/boutique\/produits\/bulbes\/fleurs\/dahlia\/geants-dahlias\/dahlias-geants\/#primaryimage"},"image":{"@id":"https:\/\/www.ernest-turc.com\/boutique\/produits\/bulbes\/fleurs\/dahlia\/geants-dahlias\/dahlias-geants\/#primaryimage"},"thumbnailUrl":"https:\/\/www.ernest-turc.com\/boutique\/wp-content\/uploads\/2021\/03\/DAHLIAS-SIMPLES-GEANTS.jpg","datePublished":"2022-12-22T07:50:24+00:00","dateModified":"2026-05-12T08:23:11+00:00","description":"Les dahlias g\u00e9ants en m\u00e9lange sont parfaits pour cr\u00e9er des centres de massifs uniques et sublimer votre jardin. Faire-plaisir d\u00e8s maintenant!","breadcrumb":{"@id":"https:\/\/www.ernest-turc.com\/boutique\/produits\/bulbes\/fleurs\/dahlia\/geants-dahlias\/dahlias-geants\/#breadcrumb"},"inLanguage":"fr-FR","potentialAction":[{"@type":"ReadAction","target":["https:\/\/www.ernest-turc.com\/boutique\/produits\/bulbes\/fleurs\/dahlia\/geants-dahlias\/dahlias-geants\/"]}]},{"@type":"ImageObject","inLanguage":"fr-FR","@id":"https:\/\/www.ernest-turc.com\/boutique\/produits\/bulbes\/fleurs\/dahlia\/geants-dahlias\/dahlias-geants\/#primaryimage","url":"https:\/\/www.ernest-turc.com\/boutique\/wp-content\/uploads\/2021\/03\/DAHLIAS-SIMPLES-GEANTS.jpg","contentUrl":"https:\/\/www.ernest-turc.com\/boutique\/wp-content\/uploads\/2021\/03\/DAHLIAS-SIMPLES-GEANTS.jpg","width":800,"height":800,"caption":"Dahlias g\u00e9ants en m\u00e9lange"},{"@type":"BreadcrumbList","@id":"https:\/\/www.ernest-turc.com\/boutique\/produits\/bulbes\/fleurs\/dahlia\/geants-dahlias\/dahlias-geants\/#breadcrumb","itemListElement":[{"@type":"ListItem","position":1,"name":"Accueil","item":"https:\/\/www.ernest-turc.com\/boutique\/"},{"@type":"ListItem","position":2,"name":"Boutique","item":"https:\/\/www.ernest-turc.fr\/boutique\/produits\/"},{"@type":"ListItem","position":3,"name":"Dahlias g\u00e9ants en m\u00e9lange"}]},{"@type":"WebSite","@id":"https:\/\/www.ernest-turc.com\/boutique\/#website","url":"https:\/\/www.ernest-turc.com\/boutique\/","name":"Ernest TURC","description":"","publisher":{"@id":"https:\/\/www.ernest-turc.com\/boutique\/#organization"},"potentialAction":[{"@type":"SearchAction","target":{"@type":"EntryPoint","urlTemplate":"https:\/\/www.ernest-turc.com\/boutique\/?s={search_term_string}"},"query-input":{"@type":"PropertyValueSpecification","valueRequired":true,"valueName":"search_term_string"}}],"inLanguage":"fr-FR"},{"@type":"Organization","@id":"https:\/\/www.ernest-turc.com\/boutique\/#organization","name":"Boutique Ernest TURC","alternateName":"Ernest TURC","url":"https:\/\/www.ernest-turc.com\/boutique\/","logo":{"@type":"ImageObject","inLanguage":"fr-FR","@id":"https:\/\/www.ernest-turc.com\/boutique\/#\/schema\/logo\/image\/","url":"https:\/\/www.ernest-turc.com\/boutique\/wp-content\/uploads\/2020\/10\/logo.png","contentUrl":"https:\/\/www.ernest-turc.com\/boutique\/wp-content\/uploads\/2020\/10\/logo.png","width":161,"height":161,"caption":"Boutique Ernest TURC"},"image":{"@id":"https:\/\/www.ernest-turc.com\/boutique\/#\/schema\/logo\/image\/"},"sameAs":["https:\/\/www.facebook.com\/ErnestTURC49","https:\/\/www.instagram.com\/ernestturc","https:\/\/www.linkedin.com\/company\/ernest-turc\/","https:\/\/www.pinterest.fr\/ernestturc","https:\/\/www.youtube.com\/channel\/UCH3ntWhy3mdcqw9-xF6pmEQ"]}]},"product_price_amount":"8.99","product_price_currency":"EUR","og_availability":"out of stock","product_availability":"out of stock","product_retailer_item_id":"957825","product_condition":"new"},"_links":{"self":[{"href":"https:\/\/www.ernest-turc.com\/boutique\/wp-json\/wp\/v2\/product\/25782","targetHints":{"allow":["GET"]}}],"collection":[{"href":"https:\/\/www.ernest-turc.com\/boutique\/wp-json\/wp\/v2\/product"}],"about":[{"href":"https:\/\/www.ernest-turc.com\/boutique\/wp-json\/wp\/v2\/types\/product"}],"wp:featuredmedia":[{"embeddable":true,"href":"https:\/\/www.ernest-turc.com\/boutique\/wp-json\/wp\/v2\/media\/25780"}],"wp:attachment":[{"href":"https:\/\/www.ernest-turc.com\/boutique\/wp-json\/wp\/v2\/media?parent=25782"}],"wp:term":[{"taxonomy":"product_brand","embeddable":true,"href":"https:\/\/www.ernest-turc.com\/boutique\/wp-json\/wp\/v2\/product_brand?post=25782"},{"taxonomy":"product_cat","embeddable":true,"href":"https:\/\/www.ernest-turc.com\/boutique\/wp-json\/wp\/v2\/product_cat?post=25782"},{"taxonomy":"product_tag","embeddable":true,"href":"https:\/\/www.ernest-turc.com\/boutique\/wp-json\/wp\/v2\/product_tag?post=25782"}],"curies":[{"name":"wp","href":"https:\/\/api.w.org\/{rel}","templated":true}]}}