{"id":25778,"date":"2022-12-21T16:01:03","date_gmt":"2022-12-21T16:01:03","guid":{"rendered":"https:\/\/www.ernest-turc.com\/boutique\/?post_type=product&#038;p=25778"},"modified":"2026-04-02T10:12:24","modified_gmt":"2026-04-02T10:12:24","slug":"dahlias-cactus-nains-en-melange-2","status":"publish","type":"product","link":"https:\/\/www.ernest-turc.com\/boutique\/produits\/bulbes\/fleurs\/dahlia\/cactus\/dahlias-cactus-nains-en-melange-2\/","title":{"rendered":"Dahlias Cactus Nains en M\u00e9lange"},"content":{"rendered":"<p style=\"text-align: justify\">Les <strong>Dahlias Cactus Nains en m\u00e9lange<\/strong> sont des plantes relativement compactes, dont les fleurs sont caract\u00e9ris\u00e9es par des p\u00e9tales longs et effil\u00e9s, s&#8217;enroulant vers le bas pour leur donner un aspect piquant&#8230; d&#8217;o\u00f9 leur nom ! C\u00f4t\u00e9 coloris, la gamme de couleurs est tr\u00e8s vari\u00e9e, du blanc pur au rouge grenat. Seuls le bleu et le vert manquent encore \u00e0 l&#8217;appel ! Leur p\u00e9riode de floraison est tr\u00e8s longue, et peut s&#8217;\u00e9taler du mois d&#8217;ao\u00fbt jusqu&#8217;aux premi\u00e8res gel\u00e9es. Ces vari\u00e9t\u00e9s, qui mesurent de 80 \u00e0 160 cm de hauteur, sont id\u00e9ales en massifs ou bordures, auxquels elles apporteront une floraison \u00e9clatante et tr\u00e8s g\u00e9n\u00e9reuse. Gr\u00e2ce \u00e0 leur port compact, ils peuvent \u00e9galement \u00eatre cultiv\u00e9s en grands pots pour sublimer vos balcons et terrasses. Utilis\u00e9s en fleurs coup\u00e9es, ils seront parfaits pour former de beaux bouquets aux couleurs \u00e9clatantes. Parmi la tr\u00e8s grande diversit\u00e9 de Dahlias de type Cactus Nains, ce m\u00e9lange est id\u00e9al si vous n&#8217;arrivez pas \u00e0 faire votre choix !<\/p>\n<p style=\"text-align: justify\">Originaire d\u2019Am\u00e9rique centrale et principalement du Mexique, le dahlia, utilis\u00e9 autrefois par les Azt\u00e8ques comme plante comestible, est import\u00e9 en Europe au 18\u00e8me si\u00e8cle pour remplacer la pomme de terre. Sans succ\u00e8s\u2026 ses qualit\u00e9s d\u00e9coratives et ornementales ont vite supplant\u00e9 ses propri\u00e9t\u00e9s nutritives, surtout lorsque les premi\u00e8res fleurs doubles de type cactus ont \u00e9t\u00e9 hybrid\u00e9es. Aujourd\u2019hui, ce sont plus de quarante mille vari\u00e9t\u00e9s hybrides qui ont \u00e9t\u00e9 obtenues, pour le plus grand bonheur des amateurs passionn\u00e9s, des collectionneurs, et des jardiniers. Le genre dahlia offre une diversit\u00e9 fantastique de formes, de hauteurs et de coloris. Il ne lui manque que le parfum\u2026 et le pigment bleu pour compl\u00e9ter la gamme de ses coloris\u00a0!<\/p>\n","protected":false},"excerpt":{"rendered":"<p style=\"text-align: justify\">Les <strong>Dahlias Cactus Nains en m\u00e9lange<\/strong> sont des plantes relativement compactes, dont les fleurs sont caract\u00e9ris\u00e9es par des p\u00e9tales longs et effil\u00e9s, s&#8217;enroulant vers le bas pour leur donner un aspect piquant&#8230; d&#8217;o\u00f9 leur nom ! C\u00f4t\u00e9 coloris, la gamme de couleurs est tr\u00e8s vari\u00e9e, du blanc pur au rouge grenat. Seuls le bleu et le vert manquent encore \u00e0 l&#8217;appel ! Leur p\u00e9riode de floraison est tr\u00e8s longue, et peut s&#8217;\u00e9taler du mois d&#8217;ao\u00fbt jusqu&#8217;aux premi\u00e8res gel\u00e9es. Ces vari\u00e9t\u00e9s, qui mesurent de 80 \u00e0 160 cm de hauteur, sont id\u00e9ales en massifs ou bordures, auxquels elles apporteront une floraison \u00e9clatante et tr\u00e8s g\u00e9n\u00e9reuse. Gr\u00e2ce \u00e0 leur port compact, ils peuvent \u00e9galement \u00eatre cultiv\u00e9s en grands pots pour sublimer vos balcons et terrasses. Utilis\u00e9s en fleurs coup\u00e9es, ils seront parfaits pour former de beaux bouquets aux couleurs \u00e9clatantes. Parmis la tr\u00e8s grande diversit\u00e9 de Dahlias de type Cactus Nains, ce m\u00e9lange est id\u00e9al si vous n&#8217;arrivez pas \u00e0 faire votre choix !<\/p>\n","protected":false},"featured_media":8950,"template":"","meta":{"_relevanssi_hide_post":"","_relevanssi_hide_content":"","_relevanssi_pin_for_all":"","_relevanssi_pin_keywords":"","_relevanssi_unpin_keywords":"","_relevanssi_related_keywords":"","_relevanssi_related_include_ids":"","_relevanssi_related_exclude_ids":"","_relevanssi_related_no_append":"","_relevanssi_related_not_related":"","_relevanssi_related_posts":"","_relevanssi_noindex_reason":""},"product_brand":[],"product_cat":[1615,1609,179,180,212,903,737,1608,1256,1591,183,182],"product_tag":[1455,1456],"class_list":{"0":"post-25778","1":"product","2":"type-product","3":"status-publish","4":"has-post-thumbnail","6":"product_cat-assortiments","7":"product_cat-bouquets","8":"product_cat-bulbes","9":"product_cat-fleurs","10":"product_cat-theme","11":"product_cat-cactus","12":"product_cat-dahlia","13":"product_cat-label-fleurs-de-france","14":"product_cat-nains","15":"product_cat-plante-pot","16":"product_cat-ete","17":"product_cat-saison","18":"product_tag-dahlias-cactus","19":"product_tag-dahlias-varies","20":"pa_calibre-i","21":"pa_calibre-ii","22":"pa_conditionnement-1787","23":"pa_couleur-multicolore","24":"pa_couleur-de-feuillage-vert","25":"pa_disponibilite-de-fevrier-a-juin","26":"pa_exposition-ensoleillee","27":"pa_hauteur-de-la-plante-60-cm","28":"pa_logo-fleurs-de-france-oui","29":"pa_periode-de-recolte-floraison-aout","30":"pa_periode-de-recolte-floraison-juillet","31":"pa_periode-de-recolte-floraison-novembre","32":"pa_periode-de-recolte-floraison-octobre","33":"pa_periode-de-recolte-floraison-septembre","34":"pa_periode-de-semis-plantation-avril","35":"pa_periode-de-semis-plantation-mai","36":"pa_periode-de-semis-plantation-mars","37":"pa_rusticite-craint-le-gel","38":"pa_utilisation-bordure","39":"pa_utilisation-fleur-coupee","40":"pa_utilisation-massif","41":"pa_utilisation-pot","43":"first","44":"outofstock","45":"taxable","46":"shipping-taxable","47":"purchasable","48":"product-type-simple"},"bundled_by":[],"bundle_stock_status":"outofstock","bundle_stock_quantity":0,"bundle_virtual":false,"bundle_layout":"","bundle_add_to_cart_form_location":"","bundle_editable_in_cart":false,"bundle_sold_individually_context":"","bundle_item_grouping":"","bundle_min_size":"","bundle_max_size":"","bundled_items":[],"bundle_sell_ids":[],"yoast_head":"<!-- This site is optimized with the Yoast SEO Premium plugin v25.2 (Yoast SEO v27.5) - https:\/\/yoast.com\/product\/yoast-seo-premium-wordpress\/ -->\n<title>Dahlias Cactus Nains en M\u00e9lange - Ernest TURC<\/title>\n<meta name=\"description\" content=\"Dahlias Cactus Nains en M\u00e9lange \u00e0 acheter en ligne avec Ernest Turc, producteur de bulbes et de graines. D\u00e9couvrez notre s\u00e9lection de Cactus pour sublimer vos jardins.\" \/>\n<meta name=\"robots\" content=\"index, follow, max-snippet:-1, max-image-preview:large, max-video-preview:-1\" \/>\n<link rel=\"canonical\" href=\"https:\/\/www.ernest-turc.com\/boutique\/produits\/bulbes\/fleurs\/dahlia\/cactus\/dahlias-cactus-nains-en-melange-2\/\" \/>\n<meta property=\"og:locale\" content=\"fr_FR\" \/>\n<meta property=\"og:type\" content=\"article\" \/>\n<meta property=\"og:title\" content=\"Dahlias Cactus Nains en M\u00e9lange\" \/>\n<meta property=\"og:description\" content=\"Dahlias Cactus Nains en M\u00e9lange \u00e0 acheter en ligne avec Ernest Turc, producteur de bulbes et de graines. D\u00e9couvrez notre s\u00e9lection de Cactus pour sublimer vos jardins.\" \/>\n<meta property=\"og:url\" content=\"https:\/\/www.ernest-turc.com\/boutique\/produits\/bulbes\/fleurs\/dahlia\/cactus\/dahlias-cactus-nains-en-melange-2\/\" \/>\n<meta property=\"og:site_name\" content=\"Ernest TURC\" \/>\n<meta property=\"article:publisher\" content=\"https:\/\/www.facebook.com\/ErnestTURC49\" \/>\n<meta property=\"article:modified_time\" content=\"2026-04-02T10:12:24+00:00\" \/>\n<meta property=\"og:image\" content=\"https:\/\/www.ernest-turc.com\/boutique\/wp-content\/uploads\/2021\/01\/dahlias-cactus-nains-en-melange.jpg\" \/>\n\t<meta property=\"og:image:width\" content=\"800\" \/>\n\t<meta property=\"og:image:height\" content=\"800\" \/>\n\t<meta property=\"og:image:type\" content=\"image\/jpeg\" \/>\n<meta name=\"twitter:card\" content=\"summary_large_image\" \/>\n<meta name=\"twitter:label1\" content=\"Prix\" \/>\n\t<meta name=\"twitter:data1\" content=\"8,99&euro;TTCTTC\" \/>\n\t<meta name=\"twitter:label2\" content=\"Disponibilit\u00e9\" \/>\n\t<meta name=\"twitter:data2\" content=\"Rupture de stock\" \/>\n<script type=\"application\/ld+json\" class=\"yoast-schema-graph\">{\"@context\":\"https:\\\/\\\/schema.org\",\"@graph\":[{\"@type\":\"WebPage\",\"@id\":\"https:\\\/\\\/www.ernest-turc.com\\\/boutique\\\/produits\\\/bulbes\\\/fleurs\\\/dahlia\\\/cactus\\\/dahlias-cactus-nains-en-melange-2\\\/\",\"url\":\"https:\\\/\\\/www.ernest-turc.com\\\/boutique\\\/produits\\\/bulbes\\\/fleurs\\\/dahlia\\\/cactus\\\/dahlias-cactus-nains-en-melange-2\\\/\",\"name\":\"Dahlias Cactus Nains en M\u00e9lange - Ernest TURC\",\"isPartOf\":{\"@id\":\"https:\\\/\\\/www.ernest-turc.com\\\/boutique\\\/#website\"},\"primaryImageOfPage\":{\"@id\":\"https:\\\/\\\/www.ernest-turc.com\\\/boutique\\\/produits\\\/bulbes\\\/fleurs\\\/dahlia\\\/cactus\\\/dahlias-cactus-nains-en-melange-2\\\/#primaryimage\"},\"image\":{\"@id\":\"https:\\\/\\\/www.ernest-turc.com\\\/boutique\\\/produits\\\/bulbes\\\/fleurs\\\/dahlia\\\/cactus\\\/dahlias-cactus-nains-en-melange-2\\\/#primaryimage\"},\"thumbnailUrl\":\"https:\\\/\\\/www.ernest-turc.com\\\/boutique\\\/wp-content\\\/uploads\\\/2021\\\/01\\\/dahlias-cactus-nains-en-melange.jpg\",\"datePublished\":\"2022-12-21T16:01:03+00:00\",\"dateModified\":\"2026-04-02T10:12:24+00:00\",\"description\":\"Dahlias Cactus Nains en M\u00e9lange \u00e0 acheter en ligne avec Ernest Turc, producteur de bulbes et de graines. D\u00e9couvrez notre s\u00e9lection de Cactus pour sublimer vos jardins.\",\"breadcrumb\":{\"@id\":\"https:\\\/\\\/www.ernest-turc.com\\\/boutique\\\/produits\\\/bulbes\\\/fleurs\\\/dahlia\\\/cactus\\\/dahlias-cactus-nains-en-melange-2\\\/#breadcrumb\"},\"inLanguage\":\"fr-FR\",\"potentialAction\":[{\"@type\":\"ReadAction\",\"target\":[\"https:\\\/\\\/www.ernest-turc.com\\\/boutique\\\/produits\\\/bulbes\\\/fleurs\\\/dahlia\\\/cactus\\\/dahlias-cactus-nains-en-melange-2\\\/\"]}]},{\"@type\":\"ImageObject\",\"inLanguage\":\"fr-FR\",\"@id\":\"https:\\\/\\\/www.ernest-turc.com\\\/boutique\\\/produits\\\/bulbes\\\/fleurs\\\/dahlia\\\/cactus\\\/dahlias-cactus-nains-en-melange-2\\\/#primaryimage\",\"url\":\"https:\\\/\\\/www.ernest-turc.com\\\/boutique\\\/wp-content\\\/uploads\\\/2021\\\/01\\\/dahlias-cactus-nains-en-melange.jpg\",\"contentUrl\":\"https:\\\/\\\/www.ernest-turc.com\\\/boutique\\\/wp-content\\\/uploads\\\/2021\\\/01\\\/dahlias-cactus-nains-en-melange.jpg\",\"width\":800,\"height\":800,\"caption\":\"Dahlias cactus nains en m\u00e9lange\"},{\"@type\":\"BreadcrumbList\",\"@id\":\"https:\\\/\\\/www.ernest-turc.com\\\/boutique\\\/produits\\\/bulbes\\\/fleurs\\\/dahlia\\\/cactus\\\/dahlias-cactus-nains-en-melange-2\\\/#breadcrumb\",\"itemListElement\":[{\"@type\":\"ListItem\",\"position\":1,\"name\":\"Accueil\",\"item\":\"https:\\\/\\\/www.ernest-turc.com\\\/boutique\\\/\"},{\"@type\":\"ListItem\",\"position\":2,\"name\":\"Boutique\",\"item\":\"https:\\\/\\\/www.ernest-turc.fr\\\/boutique\\\/produits\\\/\"},{\"@type\":\"ListItem\",\"position\":3,\"name\":\"Dahlias Cactus Nains en M\u00e9lange\"}]},{\"@type\":\"WebSite\",\"@id\":\"https:\\\/\\\/www.ernest-turc.com\\\/boutique\\\/#website\",\"url\":\"https:\\\/\\\/www.ernest-turc.com\\\/boutique\\\/\",\"name\":\"Ernest TURC\",\"description\":\"\",\"publisher\":{\"@id\":\"https:\\\/\\\/www.ernest-turc.com\\\/boutique\\\/#organization\"},\"potentialAction\":[{\"@type\":\"SearchAction\",\"target\":{\"@type\":\"EntryPoint\",\"urlTemplate\":\"https:\\\/\\\/www.ernest-turc.com\\\/boutique\\\/?s={search_term_string}\"},\"query-input\":{\"@type\":\"PropertyValueSpecification\",\"valueRequired\":true,\"valueName\":\"search_term_string\"}}],\"inLanguage\":\"fr-FR\"},{\"@type\":\"Organization\",\"@id\":\"https:\\\/\\\/www.ernest-turc.com\\\/boutique\\\/#organization\",\"name\":\"Boutique Ernest TURC\",\"alternateName\":\"Ernest TURC\",\"url\":\"https:\\\/\\\/www.ernest-turc.com\\\/boutique\\\/\",\"logo\":{\"@type\":\"ImageObject\",\"inLanguage\":\"fr-FR\",\"@id\":\"https:\\\/\\\/www.ernest-turc.com\\\/boutique\\\/#\\\/schema\\\/logo\\\/image\\\/\",\"url\":\"https:\\\/\\\/www.ernest-turc.com\\\/boutique\\\/wp-content\\\/uploads\\\/2020\\\/10\\\/logo.png\",\"contentUrl\":\"https:\\\/\\\/www.ernest-turc.com\\\/boutique\\\/wp-content\\\/uploads\\\/2020\\\/10\\\/logo.png\",\"width\":161,\"height\":161,\"caption\":\"Boutique Ernest TURC\"},\"image\":{\"@id\":\"https:\\\/\\\/www.ernest-turc.com\\\/boutique\\\/#\\\/schema\\\/logo\\\/image\\\/\"},\"sameAs\":[\"https:\\\/\\\/www.facebook.com\\\/ErnestTURC49\",\"https:\\\/\\\/www.instagram.com\\\/ernestturc\",\"https:\\\/\\\/www.linkedin.com\\\/company\\\/ernest-turc\\\/\",\"https:\\\/\\\/www.pinterest.fr\\\/ernestturc\",\"https:\\\/\\\/www.youtube.com\\\/channel\\\/UCH3ntWhy3mdcqw9-xF6pmEQ\"]}]}<\/script>\n<meta property=\"product:price:amount\" content=\"8.99\" \/>\n<meta property=\"product:price:currency\" content=\"EUR\" \/>\n<meta property=\"og:availability\" content=\"out of stock\" \/>\n<meta property=\"product:availability\" content=\"out of stock\" \/>\n<meta property=\"product:retailer_item_id\" content=\"957827\" \/>\n<meta property=\"product:condition\" content=\"new\" \/>\n<!-- \/ Yoast SEO Premium plugin. -->","yoast_head_json":{"title":"Dahlias Cactus Nains en M\u00e9lange - Ernest TURC","description":"Dahlias Cactus Nains en M\u00e9lange \u00e0 acheter en ligne avec Ernest Turc, producteur de bulbes et de graines. D\u00e9couvrez notre s\u00e9lection de Cactus pour sublimer vos jardins.","robots":{"index":"index","follow":"follow","max-snippet":"max-snippet:-1","max-image-preview":"max-image-preview:large","max-video-preview":"max-video-preview:-1"},"canonical":"https:\/\/www.ernest-turc.com\/boutique\/produits\/bulbes\/fleurs\/dahlia\/cactus\/dahlias-cactus-nains-en-melange-2\/","og_locale":"fr_FR","og_type":"article","og_title":"Dahlias Cactus Nains en M\u00e9lange","og_description":"Dahlias Cactus Nains en M\u00e9lange \u00e0 acheter en ligne avec Ernest Turc, producteur de bulbes et de graines. D\u00e9couvrez notre s\u00e9lection de Cactus pour sublimer vos jardins.","og_url":"https:\/\/www.ernest-turc.com\/boutique\/produits\/bulbes\/fleurs\/dahlia\/cactus\/dahlias-cactus-nains-en-melange-2\/","og_site_name":"Ernest TURC","article_publisher":"https:\/\/www.facebook.com\/ErnestTURC49","article_modified_time":"2026-04-02T10:12:24+00:00","og_image":[{"width":800,"height":800,"url":"https:\/\/www.ernest-turc.com\/boutique\/wp-content\/uploads\/2021\/01\/dahlias-cactus-nains-en-melange.jpg","type":"image\/jpeg"}],"twitter_card":"summary_large_image","twitter_misc":{"Prix":"8,99&euro;TTCTTC","Disponibilit\u00e9":"Rupture de stock"},"schema":{"@context":"https:\/\/schema.org","@graph":[{"@type":"WebPage","@id":"https:\/\/www.ernest-turc.com\/boutique\/produits\/bulbes\/fleurs\/dahlia\/cactus\/dahlias-cactus-nains-en-melange-2\/","url":"https:\/\/www.ernest-turc.com\/boutique\/produits\/bulbes\/fleurs\/dahlia\/cactus\/dahlias-cactus-nains-en-melange-2\/","name":"Dahlias Cactus Nains en M\u00e9lange - Ernest TURC","isPartOf":{"@id":"https:\/\/www.ernest-turc.com\/boutique\/#website"},"primaryImageOfPage":{"@id":"https:\/\/www.ernest-turc.com\/boutique\/produits\/bulbes\/fleurs\/dahlia\/cactus\/dahlias-cactus-nains-en-melange-2\/#primaryimage"},"image":{"@id":"https:\/\/www.ernest-turc.com\/boutique\/produits\/bulbes\/fleurs\/dahlia\/cactus\/dahlias-cactus-nains-en-melange-2\/#primaryimage"},"thumbnailUrl":"https:\/\/www.ernest-turc.com\/boutique\/wp-content\/uploads\/2021\/01\/dahlias-cactus-nains-en-melange.jpg","datePublished":"2022-12-21T16:01:03+00:00","dateModified":"2026-04-02T10:12:24+00:00","description":"Dahlias Cactus Nains en M\u00e9lange \u00e0 acheter en ligne avec Ernest Turc, producteur de bulbes et de graines. D\u00e9couvrez notre s\u00e9lection de Cactus pour sublimer vos jardins.","breadcrumb":{"@id":"https:\/\/www.ernest-turc.com\/boutique\/produits\/bulbes\/fleurs\/dahlia\/cactus\/dahlias-cactus-nains-en-melange-2\/#breadcrumb"},"inLanguage":"fr-FR","potentialAction":[{"@type":"ReadAction","target":["https:\/\/www.ernest-turc.com\/boutique\/produits\/bulbes\/fleurs\/dahlia\/cactus\/dahlias-cactus-nains-en-melange-2\/"]}]},{"@type":"ImageObject","inLanguage":"fr-FR","@id":"https:\/\/www.ernest-turc.com\/boutique\/produits\/bulbes\/fleurs\/dahlia\/cactus\/dahlias-cactus-nains-en-melange-2\/#primaryimage","url":"https:\/\/www.ernest-turc.com\/boutique\/wp-content\/uploads\/2021\/01\/dahlias-cactus-nains-en-melange.jpg","contentUrl":"https:\/\/www.ernest-turc.com\/boutique\/wp-content\/uploads\/2021\/01\/dahlias-cactus-nains-en-melange.jpg","width":800,"height":800,"caption":"Dahlias cactus nains en m\u00e9lange"},{"@type":"BreadcrumbList","@id":"https:\/\/www.ernest-turc.com\/boutique\/produits\/bulbes\/fleurs\/dahlia\/cactus\/dahlias-cactus-nains-en-melange-2\/#breadcrumb","itemListElement":[{"@type":"ListItem","position":1,"name":"Accueil","item":"https:\/\/www.ernest-turc.com\/boutique\/"},{"@type":"ListItem","position":2,"name":"Boutique","item":"https:\/\/www.ernest-turc.fr\/boutique\/produits\/"},{"@type":"ListItem","position":3,"name":"Dahlias Cactus Nains en M\u00e9lange"}]},{"@type":"WebSite","@id":"https:\/\/www.ernest-turc.com\/boutique\/#website","url":"https:\/\/www.ernest-turc.com\/boutique\/","name":"Ernest TURC","description":"","publisher":{"@id":"https:\/\/www.ernest-turc.com\/boutique\/#organization"},"potentialAction":[{"@type":"SearchAction","target":{"@type":"EntryPoint","urlTemplate":"https:\/\/www.ernest-turc.com\/boutique\/?s={search_term_string}"},"query-input":{"@type":"PropertyValueSpecification","valueRequired":true,"valueName":"search_term_string"}}],"inLanguage":"fr-FR"},{"@type":"Organization","@id":"https:\/\/www.ernest-turc.com\/boutique\/#organization","name":"Boutique Ernest TURC","alternateName":"Ernest TURC","url":"https:\/\/www.ernest-turc.com\/boutique\/","logo":{"@type":"ImageObject","inLanguage":"fr-FR","@id":"https:\/\/www.ernest-turc.com\/boutique\/#\/schema\/logo\/image\/","url":"https:\/\/www.ernest-turc.com\/boutique\/wp-content\/uploads\/2020\/10\/logo.png","contentUrl":"https:\/\/www.ernest-turc.com\/boutique\/wp-content\/uploads\/2020\/10\/logo.png","width":161,"height":161,"caption":"Boutique Ernest TURC"},"image":{"@id":"https:\/\/www.ernest-turc.com\/boutique\/#\/schema\/logo\/image\/"},"sameAs":["https:\/\/www.facebook.com\/ErnestTURC49","https:\/\/www.instagram.com\/ernestturc","https:\/\/www.linkedin.com\/company\/ernest-turc\/","https:\/\/www.pinterest.fr\/ernestturc","https:\/\/www.youtube.com\/channel\/UCH3ntWhy3mdcqw9-xF6pmEQ"]}]},"product_price_amount":"8.99","product_price_currency":"EUR","og_availability":"out of stock","product_availability":"out of stock","product_retailer_item_id":"957827","product_condition":"new"},"_links":{"self":[{"href":"https:\/\/www.ernest-turc.com\/boutique\/wp-json\/wp\/v2\/product\/25778","targetHints":{"allow":["GET"]}}],"collection":[{"href":"https:\/\/www.ernest-turc.com\/boutique\/wp-json\/wp\/v2\/product"}],"about":[{"href":"https:\/\/www.ernest-turc.com\/boutique\/wp-json\/wp\/v2\/types\/product"}],"wp:featuredmedia":[{"embeddable":true,"href":"https:\/\/www.ernest-turc.com\/boutique\/wp-json\/wp\/v2\/media\/8950"}],"wp:attachment":[{"href":"https:\/\/www.ernest-turc.com\/boutique\/wp-json\/wp\/v2\/media?parent=25778"}],"wp:term":[{"taxonomy":"product_brand","embeddable":true,"href":"https:\/\/www.ernest-turc.com\/boutique\/wp-json\/wp\/v2\/product_brand?post=25778"},{"taxonomy":"product_cat","embeddable":true,"href":"https:\/\/www.ernest-turc.com\/boutique\/wp-json\/wp\/v2\/product_cat?post=25778"},{"taxonomy":"product_tag","embeddable":true,"href":"https:\/\/www.ernest-turc.com\/boutique\/wp-json\/wp\/v2\/product_tag?post=25778"}],"curies":[{"name":"wp","href":"https:\/\/api.w.org\/{rel}","templated":true}]}}