{"id":25411,"date":"2022-11-17T15:35:36","date_gmt":"2022-11-17T15:35:36","guid":{"rendered":"https:\/\/www.ernest-turc.com\/boutique\/?post_type=product&#038;p=25411"},"modified":"2026-03-19T14:13:17","modified_gmt":"2026-03-19T14:13:17","slug":"iris-germanica-pumpkin-cheescake","status":"publish","type":"product","link":"https:\/\/www.ernest-turc.com\/boutique\/produits\/bulbes\/fleurs\/iris\/iris-germanica-pumpkin-cheescake\/","title":{"rendered":"Iris Germanica Pumpkin Cheescake"},"content":{"rendered":"<p style=\"text-align: justify;\">L&#8217;<strong>Iris germanica Pumpkin Cheescake <\/strong>est une plante vivace de 60 cm de haut environ, qui produit des grandes hampes florales droites et bien \u00e9rig\u00e9es. Elles portent entre mai et juin des fleurs d\u00e9licates et \u00e9l\u00e9gantes, jaune orang\u00e9 \u00e0 la base blanche, d&#8217;environ 10 cm de diam\u00e8tre, qui sortent d&#8217;un feuillage aux larges feuilles raides vert glauque. Les fleurs de l\u2019Iris germanica ont la particularit\u00e9 de former trois gros p\u00e9tales et trois s\u00e9pales retombants, appel\u00e9s &#8220;barbe&#8221;. Les Iris germanica, ou Iris des jardins, sont tr\u00e8s appr\u00e9ci\u00e9s en massif, bordure et rocaille de jardins secs.<\/p>\n","protected":false},"excerpt":{"rendered":"<p style=\"text-align: justify;\">L&#8217;<strong>Iris germanica Pumpkin Cheescake <\/strong>est une plante vivace de 60 cm de haut environ, qui produit des grandes hampes florales droites et bien \u00e9rig\u00e9es. Elles portent entre mai et juin des fleurs d\u00e9licates et \u00e9l\u00e9gantes, jaune orang\u00e9 \u00e0 la base blanche, d&#8217;environ 10 cm de diam\u00e8tre, qui sortent d&#8217;un feuillage aux larges feuilles raides vert glauque. Les fleurs de l\u2019Iris germanica ont la particularit\u00e9 de former trois gros p\u00e9tales et trois s\u00e9pales retombants, appel\u00e9s &#8220;barbe&#8221;. Les Iris germanica, ou Iris des jardins, sont tr\u00e8s appr\u00e9ci\u00e9s en massif, bordure et rocaille de jardins secs.<\/p>\n","protected":false},"featured_media":25674,"template":"","meta":{"_relevanssi_hide_post":"","_relevanssi_hide_content":"","_relevanssi_pin_for_all":"","_relevanssi_pin_keywords":"","_relevanssi_unpin_keywords":"","_relevanssi_related_keywords":"","_relevanssi_related_include_ids":"","_relevanssi_related_exclude_ids":"","_relevanssi_related_no_append":"","_relevanssi_related_not_related":"","_relevanssi_related_posts":"","_relevanssi_noindex_reason":""},"product_brand":[],"product_cat":[1609,179,180,212,2217,1542,1557,1592,183,1541,182,1543],"product_tag":[],"class_list":{"0":"post-25411","1":"product","2":"type-product","3":"status-publish","4":"has-post-thumbnail","6":"product_cat-bouquets","7":"product_cat-bulbes","8":"product_cat-fleurs","9":"product_cat-theme","10":"product_cat-fleurs-jaunes","11":"product_cat-iris","12":"product_cat-naturalisable","13":"product_cat-plante-melliferes","14":"product_cat-ete","15":"product_cat-printemps","16":"product_cat-saison","17":"product_cat-vivace","18":"pa_calibre-i","19":"pa_conditionnement-1470","20":"pa_couleur-jaune","21":"pa_couleur-de-feuillage-vert","22":"pa_cycle-de-vie-vivace","23":"pa_disponibilite-de-fevrier-a-juin-et-doctobre-a-decembre","24":"pa_exposition-ensoleillee","25":"pa_hauteur-de-la-plante-60-cm","26":"pa_melliferes-oui","27":"pa_naturalisation-oui","28":"pa_periode-de-recolte-floraison-avril","29":"pa_periode-de-recolte-floraison-juin","30":"pa_periode-de-recolte-floraison-mai","31":"pa_periode-de-semis-plantation-aout","32":"pa_periode-de-semis-plantation-fevrier","33":"pa_periode-de-semis-plantation-mars","34":"pa_periode-de-semis-plantation-novembre","35":"pa_periode-de-semis-plantation-octobre","36":"pa_periode-de-semis-plantation-septembre","37":"pa_rusticite-rustique","38":"pa_utilisation-fleur-coupee","39":"pa_utilisation-massif","41":"first","42":"instock","43":"taxable","44":"shipping-taxable","45":"purchasable","46":"product-type-simple"},"bundled_by":[],"bundle_stock_status":"instock","bundle_stock_quantity":31,"bundle_virtual":false,"bundle_layout":"","bundle_add_to_cart_form_location":"","bundle_editable_in_cart":false,"bundle_sold_individually_context":"","bundle_item_grouping":"","bundle_min_size":"","bundle_max_size":"","bundled_items":[],"bundle_sell_ids":[],"yoast_head":"<!-- This site is optimized with the Yoast SEO Premium plugin v25.2 (Yoast SEO v27.5) - https:\/\/yoast.com\/product\/yoast-seo-premium-wordpress\/ -->\n<title>Iris Germanica Pumpkin Cheescake - Ernest TURC<\/title>\n<meta name=\"description\" content=\"Iris Germanica Pumpkin Cheescake \u00e0 acheter en ligne avec Ernest Turc, producteur de bulbes et de graines. D\u00e9couvrez notre s\u00e9lection de Iris pour sublimer vos jardins.\" \/>\n<meta name=\"robots\" content=\"index, follow, max-snippet:-1, max-image-preview:large, max-video-preview:-1\" \/>\n<link rel=\"canonical\" href=\"https:\/\/www.ernest-turc.com\/boutique\/produits\/bulbes\/fleurs\/iris\/iris-germanica-pumpkin-cheescake\/\" \/>\n<meta property=\"og:locale\" content=\"fr_FR\" \/>\n<meta property=\"og:type\" content=\"article\" \/>\n<meta property=\"og:title\" content=\"Iris Germanica Pumpkin Cheescake\" \/>\n<meta property=\"og:description\" content=\"Iris Germanica Pumpkin Cheescake \u00e0 acheter en ligne avec Ernest Turc, producteur de bulbes et de graines. D\u00e9couvrez notre s\u00e9lection de Iris pour sublimer vos jardins.\" \/>\n<meta property=\"og:url\" content=\"https:\/\/www.ernest-turc.com\/boutique\/produits\/bulbes\/fleurs\/iris\/iris-germanica-pumpkin-cheescake\/\" \/>\n<meta property=\"og:site_name\" content=\"Ernest TURC\" \/>\n<meta property=\"article:publisher\" content=\"https:\/\/www.facebook.com\/ErnestTURC49\" \/>\n<meta property=\"article:modified_time\" content=\"2026-03-19T14:13:17+00:00\" \/>\n<meta property=\"og:image\" content=\"https:\/\/www.ernest-turc.com\/boutique\/wp-content\/uploads\/2022\/11\/IRIS-GERMANICA-Pumpkin-Cheescake-iStock-1322836384.jpg\" \/>\n\t<meta property=\"og:image:width\" content=\"800\" \/>\n\t<meta property=\"og:image:height\" content=\"800\" \/>\n\t<meta property=\"og:image:type\" content=\"image\/jpeg\" \/>\n<meta name=\"twitter:card\" content=\"summary_large_image\" \/>\n<meta name=\"twitter:label1\" content=\"Prix\" \/>\n\t<meta name=\"twitter:data1\" content=\"37,90&euro;TTCTTC\" \/>\n\t<meta name=\"twitter:label2\" content=\"Disponibilit\u00e9\" \/>\n\t<meta name=\"twitter:data2\" content=\"En stock\" \/>\n<script type=\"application\/ld+json\" class=\"yoast-schema-graph\">{\"@context\":\"https:\\\/\\\/schema.org\",\"@graph\":[{\"@type\":\"WebPage\",\"@id\":\"https:\\\/\\\/www.ernest-turc.com\\\/boutique\\\/produits\\\/bulbes\\\/fleurs\\\/iris\\\/iris-germanica-pumpkin-cheescake\\\/\",\"url\":\"https:\\\/\\\/www.ernest-turc.com\\\/boutique\\\/produits\\\/bulbes\\\/fleurs\\\/iris\\\/iris-germanica-pumpkin-cheescake\\\/\",\"name\":\"Iris Germanica Pumpkin Cheescake - Ernest TURC\",\"isPartOf\":{\"@id\":\"https:\\\/\\\/www.ernest-turc.com\\\/boutique\\\/#website\"},\"primaryImageOfPage\":{\"@id\":\"https:\\\/\\\/www.ernest-turc.com\\\/boutique\\\/produits\\\/bulbes\\\/fleurs\\\/iris\\\/iris-germanica-pumpkin-cheescake\\\/#primaryimage\"},\"image\":{\"@id\":\"https:\\\/\\\/www.ernest-turc.com\\\/boutique\\\/produits\\\/bulbes\\\/fleurs\\\/iris\\\/iris-germanica-pumpkin-cheescake\\\/#primaryimage\"},\"thumbnailUrl\":\"https:\\\/\\\/www.ernest-turc.com\\\/boutique\\\/wp-content\\\/uploads\\\/2022\\\/11\\\/IRIS-GERMANICA-Pumpkin-Cheescake-iStock-1322836384.jpg\",\"datePublished\":\"2022-11-17T15:35:36+00:00\",\"dateModified\":\"2026-03-19T14:13:17+00:00\",\"description\":\"Iris Germanica Pumpkin Cheescake \u00e0 acheter en ligne avec Ernest Turc, producteur de bulbes et de graines. D\u00e9couvrez notre s\u00e9lection de Iris pour sublimer vos jardins.\",\"breadcrumb\":{\"@id\":\"https:\\\/\\\/www.ernest-turc.com\\\/boutique\\\/produits\\\/bulbes\\\/fleurs\\\/iris\\\/iris-germanica-pumpkin-cheescake\\\/#breadcrumb\"},\"inLanguage\":\"fr-FR\",\"potentialAction\":[{\"@type\":\"ReadAction\",\"target\":[\"https:\\\/\\\/www.ernest-turc.com\\\/boutique\\\/produits\\\/bulbes\\\/fleurs\\\/iris\\\/iris-germanica-pumpkin-cheescake\\\/\"]}]},{\"@type\":\"ImageObject\",\"inLanguage\":\"fr-FR\",\"@id\":\"https:\\\/\\\/www.ernest-turc.com\\\/boutique\\\/produits\\\/bulbes\\\/fleurs\\\/iris\\\/iris-germanica-pumpkin-cheescake\\\/#primaryimage\",\"url\":\"https:\\\/\\\/www.ernest-turc.com\\\/boutique\\\/wp-content\\\/uploads\\\/2022\\\/11\\\/IRIS-GERMANICA-Pumpkin-Cheescake-iStock-1322836384.jpg\",\"contentUrl\":\"https:\\\/\\\/www.ernest-turc.com\\\/boutique\\\/wp-content\\\/uploads\\\/2022\\\/11\\\/IRIS-GERMANICA-Pumpkin-Cheescake-iStock-1322836384.jpg\",\"width\":800,\"height\":800},{\"@type\":\"BreadcrumbList\",\"@id\":\"https:\\\/\\\/www.ernest-turc.com\\\/boutique\\\/produits\\\/bulbes\\\/fleurs\\\/iris\\\/iris-germanica-pumpkin-cheescake\\\/#breadcrumb\",\"itemListElement\":[{\"@type\":\"ListItem\",\"position\":1,\"name\":\"Accueil\",\"item\":\"https:\\\/\\\/www.ernest-turc.com\\\/boutique\\\/\"},{\"@type\":\"ListItem\",\"position\":2,\"name\":\"Boutique\",\"item\":\"https:\\\/\\\/www.ernest-turc.fr\\\/boutique\\\/produits\\\/\"},{\"@type\":\"ListItem\",\"position\":3,\"name\":\"Iris Germanica Pumpkin Cheescake\"}]},{\"@type\":\"WebSite\",\"@id\":\"https:\\\/\\\/www.ernest-turc.com\\\/boutique\\\/#website\",\"url\":\"https:\\\/\\\/www.ernest-turc.com\\\/boutique\\\/\",\"name\":\"Ernest TURC\",\"description\":\"\",\"publisher\":{\"@id\":\"https:\\\/\\\/www.ernest-turc.com\\\/boutique\\\/#organization\"},\"potentialAction\":[{\"@type\":\"SearchAction\",\"target\":{\"@type\":\"EntryPoint\",\"urlTemplate\":\"https:\\\/\\\/www.ernest-turc.com\\\/boutique\\\/?s={search_term_string}\"},\"query-input\":{\"@type\":\"PropertyValueSpecification\",\"valueRequired\":true,\"valueName\":\"search_term_string\"}}],\"inLanguage\":\"fr-FR\"},{\"@type\":\"Organization\",\"@id\":\"https:\\\/\\\/www.ernest-turc.com\\\/boutique\\\/#organization\",\"name\":\"Boutique Ernest TURC\",\"alternateName\":\"Ernest TURC\",\"url\":\"https:\\\/\\\/www.ernest-turc.com\\\/boutique\\\/\",\"logo\":{\"@type\":\"ImageObject\",\"inLanguage\":\"fr-FR\",\"@id\":\"https:\\\/\\\/www.ernest-turc.com\\\/boutique\\\/#\\\/schema\\\/logo\\\/image\\\/\",\"url\":\"https:\\\/\\\/www.ernest-turc.com\\\/boutique\\\/wp-content\\\/uploads\\\/2020\\\/10\\\/logo.png\",\"contentUrl\":\"https:\\\/\\\/www.ernest-turc.com\\\/boutique\\\/wp-content\\\/uploads\\\/2020\\\/10\\\/logo.png\",\"width\":161,\"height\":161,\"caption\":\"Boutique Ernest TURC\"},\"image\":{\"@id\":\"https:\\\/\\\/www.ernest-turc.com\\\/boutique\\\/#\\\/schema\\\/logo\\\/image\\\/\"},\"sameAs\":[\"https:\\\/\\\/www.facebook.com\\\/ErnestTURC49\",\"https:\\\/\\\/www.instagram.com\\\/ernestturc\",\"https:\\\/\\\/www.linkedin.com\\\/company\\\/ernest-turc\\\/\",\"https:\\\/\\\/www.pinterest.fr\\\/ernestturc\",\"https:\\\/\\\/www.youtube.com\\\/channel\\\/UCH3ntWhy3mdcqw9-xF6pmEQ\"]}]}<\/script>\n<meta property=\"product:price:amount\" content=\"37.90\" \/>\n<meta property=\"product:price:currency\" content=\"EUR\" \/>\n<meta property=\"og:availability\" content=\"instock\" \/>\n<meta property=\"product:availability\" content=\"instock\" \/>\n<meta property=\"product:retailer_item_id\" content=\"161800-1\" \/>\n<meta property=\"product:condition\" content=\"new\" \/>\n<!-- \/ Yoast SEO Premium plugin. -->","yoast_head_json":{"title":"Iris Germanica Pumpkin Cheescake - Ernest TURC","description":"Iris Germanica Pumpkin Cheescake \u00e0 acheter en ligne avec Ernest Turc, producteur de bulbes et de graines. D\u00e9couvrez notre s\u00e9lection de Iris pour sublimer vos jardins.","robots":{"index":"index","follow":"follow","max-snippet":"max-snippet:-1","max-image-preview":"max-image-preview:large","max-video-preview":"max-video-preview:-1"},"canonical":"https:\/\/www.ernest-turc.com\/boutique\/produits\/bulbes\/fleurs\/iris\/iris-germanica-pumpkin-cheescake\/","og_locale":"fr_FR","og_type":"article","og_title":"Iris Germanica Pumpkin Cheescake","og_description":"Iris Germanica Pumpkin Cheescake \u00e0 acheter en ligne avec Ernest Turc, producteur de bulbes et de graines. D\u00e9couvrez notre s\u00e9lection de Iris pour sublimer vos jardins.","og_url":"https:\/\/www.ernest-turc.com\/boutique\/produits\/bulbes\/fleurs\/iris\/iris-germanica-pumpkin-cheescake\/","og_site_name":"Ernest TURC","article_publisher":"https:\/\/www.facebook.com\/ErnestTURC49","article_modified_time":"2026-03-19T14:13:17+00:00","og_image":[{"width":800,"height":800,"url":"https:\/\/www.ernest-turc.com\/boutique\/wp-content\/uploads\/2022\/11\/IRIS-GERMANICA-Pumpkin-Cheescake-iStock-1322836384.jpg","type":"image\/jpeg"}],"twitter_card":"summary_large_image","twitter_misc":{"Prix":"37,90&euro;TTCTTC","Disponibilit\u00e9":"En stock"},"schema":{"@context":"https:\/\/schema.org","@graph":[{"@type":"WebPage","@id":"https:\/\/www.ernest-turc.com\/boutique\/produits\/bulbes\/fleurs\/iris\/iris-germanica-pumpkin-cheescake\/","url":"https:\/\/www.ernest-turc.com\/boutique\/produits\/bulbes\/fleurs\/iris\/iris-germanica-pumpkin-cheescake\/","name":"Iris Germanica Pumpkin Cheescake - Ernest TURC","isPartOf":{"@id":"https:\/\/www.ernest-turc.com\/boutique\/#website"},"primaryImageOfPage":{"@id":"https:\/\/www.ernest-turc.com\/boutique\/produits\/bulbes\/fleurs\/iris\/iris-germanica-pumpkin-cheescake\/#primaryimage"},"image":{"@id":"https:\/\/www.ernest-turc.com\/boutique\/produits\/bulbes\/fleurs\/iris\/iris-germanica-pumpkin-cheescake\/#primaryimage"},"thumbnailUrl":"https:\/\/www.ernest-turc.com\/boutique\/wp-content\/uploads\/2022\/11\/IRIS-GERMANICA-Pumpkin-Cheescake-iStock-1322836384.jpg","datePublished":"2022-11-17T15:35:36+00:00","dateModified":"2026-03-19T14:13:17+00:00","description":"Iris Germanica Pumpkin Cheescake \u00e0 acheter en ligne avec Ernest Turc, producteur de bulbes et de graines. D\u00e9couvrez notre s\u00e9lection de Iris pour sublimer vos jardins.","breadcrumb":{"@id":"https:\/\/www.ernest-turc.com\/boutique\/produits\/bulbes\/fleurs\/iris\/iris-germanica-pumpkin-cheescake\/#breadcrumb"},"inLanguage":"fr-FR","potentialAction":[{"@type":"ReadAction","target":["https:\/\/www.ernest-turc.com\/boutique\/produits\/bulbes\/fleurs\/iris\/iris-germanica-pumpkin-cheescake\/"]}]},{"@type":"ImageObject","inLanguage":"fr-FR","@id":"https:\/\/www.ernest-turc.com\/boutique\/produits\/bulbes\/fleurs\/iris\/iris-germanica-pumpkin-cheescake\/#primaryimage","url":"https:\/\/www.ernest-turc.com\/boutique\/wp-content\/uploads\/2022\/11\/IRIS-GERMANICA-Pumpkin-Cheescake-iStock-1322836384.jpg","contentUrl":"https:\/\/www.ernest-turc.com\/boutique\/wp-content\/uploads\/2022\/11\/IRIS-GERMANICA-Pumpkin-Cheescake-iStock-1322836384.jpg","width":800,"height":800},{"@type":"BreadcrumbList","@id":"https:\/\/www.ernest-turc.com\/boutique\/produits\/bulbes\/fleurs\/iris\/iris-germanica-pumpkin-cheescake\/#breadcrumb","itemListElement":[{"@type":"ListItem","position":1,"name":"Accueil","item":"https:\/\/www.ernest-turc.com\/boutique\/"},{"@type":"ListItem","position":2,"name":"Boutique","item":"https:\/\/www.ernest-turc.fr\/boutique\/produits\/"},{"@type":"ListItem","position":3,"name":"Iris Germanica Pumpkin Cheescake"}]},{"@type":"WebSite","@id":"https:\/\/www.ernest-turc.com\/boutique\/#website","url":"https:\/\/www.ernest-turc.com\/boutique\/","name":"Ernest TURC","description":"","publisher":{"@id":"https:\/\/www.ernest-turc.com\/boutique\/#organization"},"potentialAction":[{"@type":"SearchAction","target":{"@type":"EntryPoint","urlTemplate":"https:\/\/www.ernest-turc.com\/boutique\/?s={search_term_string}"},"query-input":{"@type":"PropertyValueSpecification","valueRequired":true,"valueName":"search_term_string"}}],"inLanguage":"fr-FR"},{"@type":"Organization","@id":"https:\/\/www.ernest-turc.com\/boutique\/#organization","name":"Boutique Ernest TURC","alternateName":"Ernest TURC","url":"https:\/\/www.ernest-turc.com\/boutique\/","logo":{"@type":"ImageObject","inLanguage":"fr-FR","@id":"https:\/\/www.ernest-turc.com\/boutique\/#\/schema\/logo\/image\/","url":"https:\/\/www.ernest-turc.com\/boutique\/wp-content\/uploads\/2020\/10\/logo.png","contentUrl":"https:\/\/www.ernest-turc.com\/boutique\/wp-content\/uploads\/2020\/10\/logo.png","width":161,"height":161,"caption":"Boutique Ernest TURC"},"image":{"@id":"https:\/\/www.ernest-turc.com\/boutique\/#\/schema\/logo\/image\/"},"sameAs":["https:\/\/www.facebook.com\/ErnestTURC49","https:\/\/www.instagram.com\/ernestturc","https:\/\/www.linkedin.com\/company\/ernest-turc\/","https:\/\/www.pinterest.fr\/ernestturc","https:\/\/www.youtube.com\/channel\/UCH3ntWhy3mdcqw9-xF6pmEQ"]}]},"product_price_amount":"37.90","product_price_currency":"EUR","og_availability":"instock","product_availability":"instock","product_retailer_item_id":"161800-1","product_condition":"new"},"_links":{"self":[{"href":"https:\/\/www.ernest-turc.com\/boutique\/wp-json\/wp\/v2\/product\/25411","targetHints":{"allow":["GET"]}}],"collection":[{"href":"https:\/\/www.ernest-turc.com\/boutique\/wp-json\/wp\/v2\/product"}],"about":[{"href":"https:\/\/www.ernest-turc.com\/boutique\/wp-json\/wp\/v2\/types\/product"}],"wp:featuredmedia":[{"embeddable":true,"href":"https:\/\/www.ernest-turc.com\/boutique\/wp-json\/wp\/v2\/media\/25674"}],"wp:attachment":[{"href":"https:\/\/www.ernest-turc.com\/boutique\/wp-json\/wp\/v2\/media?parent=25411"}],"wp:term":[{"taxonomy":"product_brand","embeddable":true,"href":"https:\/\/www.ernest-turc.com\/boutique\/wp-json\/wp\/v2\/product_brand?post=25411"},{"taxonomy":"product_cat","embeddable":true,"href":"https:\/\/www.ernest-turc.com\/boutique\/wp-json\/wp\/v2\/product_cat?post=25411"},{"taxonomy":"product_tag","embeddable":true,"href":"https:\/\/www.ernest-turc.com\/boutique\/wp-json\/wp\/v2\/product_tag?post=25411"}],"curies":[{"name":"wp","href":"https:\/\/api.w.org\/{rel}","templated":true}]}}