{"id":24284,"date":"2022-07-11T14:08:04","date_gmt":"2022-07-11T14:08:04","guid":{"rendered":"https:\/\/www.ernest-turc.com\/boutique\/?post_type=product&#038;p=24284"},"modified":"2026-05-12T09:15:57","modified_gmt":"2026-05-12T09:15:57","slug":"herbe-a-chat-cataire","status":"publish","type":"product","link":"https:\/\/www.ernest-turc.com\/boutique\/produits\/graines\/aromatiques\/autres-graines-aromatiques\/herbe-a-chat-cataire\/","title":{"rendered":"Herbe \u00e0 chat &#8211; Cataire"},"content":{"rendered":"<p class=\"ai-optimize-23 ai-optimize-introduction\" style=\"text-align: justify;\">La cataire est une vivace annuelle indispensable pour la sant\u00e9 de votre compagnon. Cette une plante aussi appel\u00e9e herbe \u00e0 chat est connue pour ses bienfaits naturels et stimulants pour les chats.<\/p>\n","protected":false},"excerpt":{"rendered":"<p class=\"ai-optimize-24 ai-optimize-introduction\" style=\"text-align: justify;\">La cataire est une vivace annuelle indispensable pour la sant\u00e9 de votre compagnon. Cette une plante aussi appel\u00e9e herbe \u00e0 chat est connue pour ses bienfaits naturels et stimulants pour les chats.<\/p>\n","protected":false},"featured_media":24246,"template":"","meta":{"_relevanssi_hide_post":"","_relevanssi_hide_content":"","_relevanssi_pin_for_all":"","_relevanssi_pin_keywords":"","_relevanssi_unpin_keywords":"","_relevanssi_related_keywords":"","_relevanssi_related_include_ids":"","_relevanssi_related_exclude_ids":"","_relevanssi_related_no_append":"","_relevanssi_related_not_related":"","_relevanssi_related_posts":"","_relevanssi_noindex_reason":""},"product_brand":[],"product_cat":[329,2229,221,328,1653,1652,224,223],"product_tag":[2763,241,331,243],"class_list":{"0":"post-24284","1":"product","2":"type-product","3":"status-publish","4":"has-post-thumbnail","6":"product_cat-autres-graines-aromatiques","7":"product_cat-fleurs-violettes","8":"product_cat-graines","9":"product_cat-aromatiques","10":"product_cat-naturalisables","11":"product_cat-plantes-pour-pot","12":"product_cat-presemee","13":"product_cat-themes","14":"product_tag-cataire","15":"product_tag-graines-bio","16":"product_tag-herbe-a-chat","17":"product_tag-preseme","18":"product_shipping_class-graines","19":"pa_conditionnement-734","20":"pa_couleur-vert","21":"pa_cycle-de-vie-annuelle","22":"pa_disponibilite-toute-lannee","23":"pa_exposition-ensoleillee","24":"pa_grammage-3-g","25":"pa_naturalisation-oui","26":"pa_periode-de-recolte-floraison-aout","27":"pa_periode-de-recolte-floraison-juillet","28":"pa_periode-de-recolte-floraison-juin","29":"pa_periode-de-semis-plantation-avril","30":"pa_periode-de-semis-plantation-juillet","31":"pa_periode-de-semis-plantation-juin","32":"pa_periode-de-semis-plantation-mai","33":"pa_rusticite-rustique","34":"pa_utilisation-pot","36":"first","37":"instock","38":"taxable","39":"shipping-taxable","40":"purchasable","41":"product-type-simple"},"bundled_by":[],"bundle_stock_status":"instock","bundle_stock_quantity":220,"bundle_virtual":false,"bundle_layout":"","bundle_add_to_cart_form_location":"","bundle_editable_in_cart":false,"bundle_sold_individually_context":"","bundle_item_grouping":"","bundle_min_size":"","bundle_max_size":"","bundled_items":[],"bundle_sell_ids":[],"yoast_head":"<!-- This site is optimized with the Yoast SEO Premium plugin v25.2 (Yoast SEO v27.6) - https:\/\/yoast.com\/product\/yoast-seo-premium-wordpress\/ -->\n<title>Herbe \u00e0 chat - Cataire Graines - Ernest TURC<\/title>\n<meta name=\"description\" content=\"Prenez soin de votre chat avec la Cataire, une herbe \u00e0 chat ! Achetez-la et profitez de ses bienfaits naturels et stimulants \ud83d\udc08\" \/>\n<meta name=\"robots\" content=\"index, follow, max-snippet:-1, max-image-preview:large, max-video-preview:-1\" \/>\n<link rel=\"canonical\" href=\"https:\/\/www.ernest-turc.com\/boutique\/produits\/graines\/aromatiques\/autres-graines-aromatiques\/herbe-a-chat-cataire\/\" \/>\n<meta property=\"og:locale\" content=\"fr_FR\" \/>\n<meta property=\"og:type\" content=\"article\" \/>\n<meta property=\"og:title\" content=\"Herbe \u00e0 chat - Cataire\" \/>\n<meta property=\"og:description\" content=\"Prenez soin de votre chat avec la Cataire, une herbe \u00e0 chat ! Achetez-la et profitez de ses bienfaits naturels et stimulants \ud83d\udc08\" \/>\n<meta property=\"og:url\" content=\"https:\/\/www.ernest-turc.com\/boutique\/produits\/graines\/aromatiques\/autres-graines-aromatiques\/herbe-a-chat-cataire\/\" \/>\n<meta property=\"og:site_name\" content=\"Ernest TURC\" \/>\n<meta property=\"article:publisher\" content=\"https:\/\/www.facebook.com\/ErnestTURC49\" \/>\n<meta property=\"article:modified_time\" content=\"2026-05-12T09:15:57+00:00\" \/>\n<meta property=\"og:image\" content=\"https:\/\/www.ernest-turc.com\/boutique\/wp-content\/uploads\/2022\/07\/herbe-a-chat-cataire.jpg\" \/>\n\t<meta property=\"og:image:width\" content=\"800\" \/>\n\t<meta property=\"og:image:height\" content=\"800\" \/>\n\t<meta property=\"og:image:type\" content=\"image\/jpeg\" \/>\n<meta name=\"twitter:card\" content=\"summary_large_image\" \/>\n<meta name=\"twitter:label1\" content=\"Prix\" \/>\n\t<meta name=\"twitter:data1\" content=\"4,08&euro;TTCTTC\" \/>\n\t<meta name=\"twitter:label2\" content=\"Disponibilit\u00e9\" \/>\n\t<meta name=\"twitter:data2\" content=\"En stock\" \/>\n<script type=\"application\/ld+json\" class=\"yoast-schema-graph\">{\"@context\":\"https:\\\/\\\/schema.org\",\"@graph\":[{\"@type\":\"WebPage\",\"@id\":\"https:\\\/\\\/www.ernest-turc.com\\\/boutique\\\/produits\\\/graines\\\/aromatiques\\\/autres-graines-aromatiques\\\/herbe-a-chat-cataire\\\/\",\"url\":\"https:\\\/\\\/www.ernest-turc.com\\\/boutique\\\/produits\\\/graines\\\/aromatiques\\\/autres-graines-aromatiques\\\/herbe-a-chat-cataire\\\/\",\"name\":\"Herbe \u00e0 chat - Cataire Graines - Ernest TURC\",\"isPartOf\":{\"@id\":\"https:\\\/\\\/www.ernest-turc.com\\\/boutique\\\/#website\"},\"primaryImageOfPage\":{\"@id\":\"https:\\\/\\\/www.ernest-turc.com\\\/boutique\\\/produits\\\/graines\\\/aromatiques\\\/autres-graines-aromatiques\\\/herbe-a-chat-cataire\\\/#primaryimage\"},\"image\":{\"@id\":\"https:\\\/\\\/www.ernest-turc.com\\\/boutique\\\/produits\\\/graines\\\/aromatiques\\\/autres-graines-aromatiques\\\/herbe-a-chat-cataire\\\/#primaryimage\"},\"thumbnailUrl\":\"https:\\\/\\\/www.ernest-turc.com\\\/boutique\\\/wp-content\\\/uploads\\\/2022\\\/07\\\/herbe-a-chat-cataire.jpg\",\"datePublished\":\"2022-07-11T14:08:04+00:00\",\"dateModified\":\"2026-05-12T09:15:57+00:00\",\"description\":\"Prenez soin de votre chat avec la Cataire, une herbe \u00e0 chat ! Achetez-la et profitez de ses bienfaits naturels et stimulants \ud83d\udc08\",\"breadcrumb\":{\"@id\":\"https:\\\/\\\/www.ernest-turc.com\\\/boutique\\\/produits\\\/graines\\\/aromatiques\\\/autres-graines-aromatiques\\\/herbe-a-chat-cataire\\\/#breadcrumb\"},\"inLanguage\":\"fr-FR\",\"potentialAction\":[{\"@type\":\"ReadAction\",\"target\":[\"https:\\\/\\\/www.ernest-turc.com\\\/boutique\\\/produits\\\/graines\\\/aromatiques\\\/autres-graines-aromatiques\\\/herbe-a-chat-cataire\\\/\"]}]},{\"@type\":\"ImageObject\",\"inLanguage\":\"fr-FR\",\"@id\":\"https:\\\/\\\/www.ernest-turc.com\\\/boutique\\\/produits\\\/graines\\\/aromatiques\\\/autres-graines-aromatiques\\\/herbe-a-chat-cataire\\\/#primaryimage\",\"url\":\"https:\\\/\\\/www.ernest-turc.com\\\/boutique\\\/wp-content\\\/uploads\\\/2022\\\/07\\\/herbe-a-chat-cataire.jpg\",\"contentUrl\":\"https:\\\/\\\/www.ernest-turc.com\\\/boutique\\\/wp-content\\\/uploads\\\/2022\\\/07\\\/herbe-a-chat-cataire.jpg\",\"width\":800,\"height\":800},{\"@type\":\"BreadcrumbList\",\"@id\":\"https:\\\/\\\/www.ernest-turc.com\\\/boutique\\\/produits\\\/graines\\\/aromatiques\\\/autres-graines-aromatiques\\\/herbe-a-chat-cataire\\\/#breadcrumb\",\"itemListElement\":[{\"@type\":\"ListItem\",\"position\":1,\"name\":\"Accueil\",\"item\":\"https:\\\/\\\/www.ernest-turc.com\\\/boutique\\\/\"},{\"@type\":\"ListItem\",\"position\":2,\"name\":\"Boutique\",\"item\":\"https:\\\/\\\/www.ernest-turc.fr\\\/boutique\\\/produits\\\/\"},{\"@type\":\"ListItem\",\"position\":3,\"name\":\"Herbe \u00e0 chat &#8211; Cataire\"}]},{\"@type\":\"WebSite\",\"@id\":\"https:\\\/\\\/www.ernest-turc.com\\\/boutique\\\/#website\",\"url\":\"https:\\\/\\\/www.ernest-turc.com\\\/boutique\\\/\",\"name\":\"Ernest TURC\",\"description\":\"\",\"publisher\":{\"@id\":\"https:\\\/\\\/www.ernest-turc.com\\\/boutique\\\/#organization\"},\"potentialAction\":[{\"@type\":\"SearchAction\",\"target\":{\"@type\":\"EntryPoint\",\"urlTemplate\":\"https:\\\/\\\/www.ernest-turc.com\\\/boutique\\\/?s={search_term_string}\"},\"query-input\":{\"@type\":\"PropertyValueSpecification\",\"valueRequired\":true,\"valueName\":\"search_term_string\"}}],\"inLanguage\":\"fr-FR\"},{\"@type\":\"Organization\",\"@id\":\"https:\\\/\\\/www.ernest-turc.com\\\/boutique\\\/#organization\",\"name\":\"Boutique Ernest TURC\",\"alternateName\":\"Ernest TURC\",\"url\":\"https:\\\/\\\/www.ernest-turc.com\\\/boutique\\\/\",\"logo\":{\"@type\":\"ImageObject\",\"inLanguage\":\"fr-FR\",\"@id\":\"https:\\\/\\\/www.ernest-turc.com\\\/boutique\\\/#\\\/schema\\\/logo\\\/image\\\/\",\"url\":\"https:\\\/\\\/www.ernest-turc.com\\\/boutique\\\/wp-content\\\/uploads\\\/2020\\\/10\\\/logo.png\",\"contentUrl\":\"https:\\\/\\\/www.ernest-turc.com\\\/boutique\\\/wp-content\\\/uploads\\\/2020\\\/10\\\/logo.png\",\"width\":161,\"height\":161,\"caption\":\"Boutique Ernest TURC\"},\"image\":{\"@id\":\"https:\\\/\\\/www.ernest-turc.com\\\/boutique\\\/#\\\/schema\\\/logo\\\/image\\\/\"},\"sameAs\":[\"https:\\\/\\\/www.facebook.com\\\/ErnestTURC49\",\"https:\\\/\\\/www.instagram.com\\\/ernestturc\",\"https:\\\/\\\/www.linkedin.com\\\/company\\\/ernest-turc\\\/\",\"https:\\\/\\\/www.pinterest.fr\\\/ernestturc\",\"https:\\\/\\\/www.youtube.com\\\/channel\\\/UCH3ntWhy3mdcqw9-xF6pmEQ\"]}]}<\/script>\n<meta property=\"product:price:amount\" content=\"4.08\" \/>\n<meta property=\"product:price:currency\" content=\"EUR\" \/>\n<meta property=\"og:availability\" content=\"instock\" \/>\n<meta property=\"product:availability\" content=\"instock\" \/>\n<meta property=\"product:retailer_item_id\" content=\"958232\" \/>\n<meta property=\"product:condition\" content=\"new\" \/>\n<!-- \/ Yoast SEO Premium plugin. -->","yoast_head_json":{"title":"Herbe \u00e0 chat - Cataire Graines - Ernest TURC","description":"Prenez soin de votre chat avec la Cataire, une herbe \u00e0 chat ! Achetez-la et profitez de ses bienfaits naturels et stimulants \ud83d\udc08","robots":{"index":"index","follow":"follow","max-snippet":"max-snippet:-1","max-image-preview":"max-image-preview:large","max-video-preview":"max-video-preview:-1"},"canonical":"https:\/\/www.ernest-turc.com\/boutique\/produits\/graines\/aromatiques\/autres-graines-aromatiques\/herbe-a-chat-cataire\/","og_locale":"fr_FR","og_type":"article","og_title":"Herbe \u00e0 chat - Cataire","og_description":"Prenez soin de votre chat avec la Cataire, une herbe \u00e0 chat ! Achetez-la et profitez de ses bienfaits naturels et stimulants \ud83d\udc08","og_url":"https:\/\/www.ernest-turc.com\/boutique\/produits\/graines\/aromatiques\/autres-graines-aromatiques\/herbe-a-chat-cataire\/","og_site_name":"Ernest TURC","article_publisher":"https:\/\/www.facebook.com\/ErnestTURC49","article_modified_time":"2026-05-12T09:15:57+00:00","og_image":[{"width":800,"height":800,"url":"https:\/\/www.ernest-turc.com\/boutique\/wp-content\/uploads\/2022\/07\/herbe-a-chat-cataire.jpg","type":"image\/jpeg"}],"twitter_card":"summary_large_image","twitter_misc":{"Prix":"4,08&euro;TTCTTC","Disponibilit\u00e9":"En stock"},"schema":{"@context":"https:\/\/schema.org","@graph":[{"@type":"WebPage","@id":"https:\/\/www.ernest-turc.com\/boutique\/produits\/graines\/aromatiques\/autres-graines-aromatiques\/herbe-a-chat-cataire\/","url":"https:\/\/www.ernest-turc.com\/boutique\/produits\/graines\/aromatiques\/autres-graines-aromatiques\/herbe-a-chat-cataire\/","name":"Herbe \u00e0 chat - Cataire Graines - Ernest TURC","isPartOf":{"@id":"https:\/\/www.ernest-turc.com\/boutique\/#website"},"primaryImageOfPage":{"@id":"https:\/\/www.ernest-turc.com\/boutique\/produits\/graines\/aromatiques\/autres-graines-aromatiques\/herbe-a-chat-cataire\/#primaryimage"},"image":{"@id":"https:\/\/www.ernest-turc.com\/boutique\/produits\/graines\/aromatiques\/autres-graines-aromatiques\/herbe-a-chat-cataire\/#primaryimage"},"thumbnailUrl":"https:\/\/www.ernest-turc.com\/boutique\/wp-content\/uploads\/2022\/07\/herbe-a-chat-cataire.jpg","datePublished":"2022-07-11T14:08:04+00:00","dateModified":"2026-05-12T09:15:57+00:00","description":"Prenez soin de votre chat avec la Cataire, une herbe \u00e0 chat ! Achetez-la et profitez de ses bienfaits naturels et stimulants \ud83d\udc08","breadcrumb":{"@id":"https:\/\/www.ernest-turc.com\/boutique\/produits\/graines\/aromatiques\/autres-graines-aromatiques\/herbe-a-chat-cataire\/#breadcrumb"},"inLanguage":"fr-FR","potentialAction":[{"@type":"ReadAction","target":["https:\/\/www.ernest-turc.com\/boutique\/produits\/graines\/aromatiques\/autres-graines-aromatiques\/herbe-a-chat-cataire\/"]}]},{"@type":"ImageObject","inLanguage":"fr-FR","@id":"https:\/\/www.ernest-turc.com\/boutique\/produits\/graines\/aromatiques\/autres-graines-aromatiques\/herbe-a-chat-cataire\/#primaryimage","url":"https:\/\/www.ernest-turc.com\/boutique\/wp-content\/uploads\/2022\/07\/herbe-a-chat-cataire.jpg","contentUrl":"https:\/\/www.ernest-turc.com\/boutique\/wp-content\/uploads\/2022\/07\/herbe-a-chat-cataire.jpg","width":800,"height":800},{"@type":"BreadcrumbList","@id":"https:\/\/www.ernest-turc.com\/boutique\/produits\/graines\/aromatiques\/autres-graines-aromatiques\/herbe-a-chat-cataire\/#breadcrumb","itemListElement":[{"@type":"ListItem","position":1,"name":"Accueil","item":"https:\/\/www.ernest-turc.com\/boutique\/"},{"@type":"ListItem","position":2,"name":"Boutique","item":"https:\/\/www.ernest-turc.fr\/boutique\/produits\/"},{"@type":"ListItem","position":3,"name":"Herbe \u00e0 chat &#8211; Cataire"}]},{"@type":"WebSite","@id":"https:\/\/www.ernest-turc.com\/boutique\/#website","url":"https:\/\/www.ernest-turc.com\/boutique\/","name":"Ernest TURC","description":"","publisher":{"@id":"https:\/\/www.ernest-turc.com\/boutique\/#organization"},"potentialAction":[{"@type":"SearchAction","target":{"@type":"EntryPoint","urlTemplate":"https:\/\/www.ernest-turc.com\/boutique\/?s={search_term_string}"},"query-input":{"@type":"PropertyValueSpecification","valueRequired":true,"valueName":"search_term_string"}}],"inLanguage":"fr-FR"},{"@type":"Organization","@id":"https:\/\/www.ernest-turc.com\/boutique\/#organization","name":"Boutique Ernest TURC","alternateName":"Ernest TURC","url":"https:\/\/www.ernest-turc.com\/boutique\/","logo":{"@type":"ImageObject","inLanguage":"fr-FR","@id":"https:\/\/www.ernest-turc.com\/boutique\/#\/schema\/logo\/image\/","url":"https:\/\/www.ernest-turc.com\/boutique\/wp-content\/uploads\/2020\/10\/logo.png","contentUrl":"https:\/\/www.ernest-turc.com\/boutique\/wp-content\/uploads\/2020\/10\/logo.png","width":161,"height":161,"caption":"Boutique Ernest TURC"},"image":{"@id":"https:\/\/www.ernest-turc.com\/boutique\/#\/schema\/logo\/image\/"},"sameAs":["https:\/\/www.facebook.com\/ErnestTURC49","https:\/\/www.instagram.com\/ernestturc","https:\/\/www.linkedin.com\/company\/ernest-turc\/","https:\/\/www.pinterest.fr\/ernestturc","https:\/\/www.youtube.com\/channel\/UCH3ntWhy3mdcqw9-xF6pmEQ"]}]},"product_price_amount":"4.08","product_price_currency":"EUR","og_availability":"instock","product_availability":"instock","product_retailer_item_id":"958232","product_condition":"new"},"_links":{"self":[{"href":"https:\/\/www.ernest-turc.com\/boutique\/wp-json\/wp\/v2\/product\/24284","targetHints":{"allow":["GET"]}}],"collection":[{"href":"https:\/\/www.ernest-turc.com\/boutique\/wp-json\/wp\/v2\/product"}],"about":[{"href":"https:\/\/www.ernest-turc.com\/boutique\/wp-json\/wp\/v2\/types\/product"}],"wp:featuredmedia":[{"embeddable":true,"href":"https:\/\/www.ernest-turc.com\/boutique\/wp-json\/wp\/v2\/media\/24246"}],"wp:attachment":[{"href":"https:\/\/www.ernest-turc.com\/boutique\/wp-json\/wp\/v2\/media?parent=24284"}],"wp:term":[{"taxonomy":"product_brand","embeddable":true,"href":"https:\/\/www.ernest-turc.com\/boutique\/wp-json\/wp\/v2\/product_brand?post=24284"},{"taxonomy":"product_cat","embeddable":true,"href":"https:\/\/www.ernest-turc.com\/boutique\/wp-json\/wp\/v2\/product_cat?post=24284"},{"taxonomy":"product_tag","embeddable":true,"href":"https:\/\/www.ernest-turc.com\/boutique\/wp-json\/wp\/v2\/product_tag?post=24284"}],"curies":[{"name":"wp","href":"https:\/\/api.w.org\/{rel}","templated":true}]}}