{"id":24259,"date":"2022-07-11T08:43:13","date_gmt":"2022-07-11T08:43:13","guid":{"rendered":"https:\/\/www.ernest-turc.com\/boutique\/?post_type=product&#038;p=24259"},"modified":"2026-05-11T17:17:57","modified_gmt":"2026-05-11T17:17:57","slug":"digitale-excelsior","status":"publish","type":"product","link":"https:\/\/www.ernest-turc.com\/boutique\/produits\/graines\/fleur\/autres-graines-fleurs-fleurs-graines\/digitale-excelsior\/","title":{"rendered":"Digitale Excelsior"},"content":{"rendered":"<p style=\"text-align: justify;\">La digitale excelsior est une vari\u00e9t\u00e9 vigoureuse aussi appel\u00e9e &#8220;Queue de loup&#8221;, pr\u00e9sentant de longues grappes de fleurs serr\u00e9es en forme de cloche se d\u00e9clinent en un \u00e9ventail de couleurs allant du blanc pur au rose, digitale pourpre et rouge. Cette plante bisannuelle majestueuse se distingue par ses hautes hampes florales, pouvant atteindre 1,5 m\u00e8tre de hauteur.<\/p>\n<p style=\"text-align: justify;\">Id\u00e9ale en <a href=\"https:\/\/www.ernest-turc.com\/boutique\/produits\/inspirations-jardin\/sous-bois\/\">sous-bois<\/a>, pour les massifs et les bordures, elle attire \u00e9galement les pollinisateurs comme les abeilles et les papillons.<\/p>\n<p style=\"text-align: justify;\">Pour un effet <a href=\"https:\/\/www.ernest-turc.com\/actualites\/conseils\/comment-creer-une-prairie-fleurie\/\">champ\u00eatre<\/a>, associez-la \u00e0 d&#8217;autres vivaces comme les foug\u00e8res ou les hostas.<\/p>\n<p data-pm-slice=\"1 1 []\">Son allure \u00e9l\u00e9gante et sa floraison abondante en font un choix parfait pour embellir votre jardin tout au long de l\u2019\u00e9t\u00e9.<\/p>\n","protected":false},"excerpt":{"rendered":"<p style=\"text-align: justify;\">La <strong>digitale excelsior<\/strong> est une vari\u00e9t\u00e9 vigoureuse aussi appel\u00e9e &#8220;Queue de loup&#8221;, pr\u00e9sentant de longues grappes de fleurs serr\u00e9es en forme de cloche, aux coloris vari\u00e9s allant du jaune au pourpre. Sp\u00e9ciale sous-bois.<\/p>\n","protected":false},"featured_media":24228,"template":"","meta":{"_relevanssi_hide_post":"","_relevanssi_hide_content":"","_relevanssi_pin_for_all":"","_relevanssi_pin_keywords":"","_relevanssi_unpin_keywords":"","_relevanssi_related_keywords":"","_relevanssi_related_include_ids":"","_relevanssi_related_exclude_ids":"","_relevanssi_related_no_append":"","_relevanssi_related_not_related":"","_relevanssi_related_posts":"","_relevanssi_noindex_reason":""},"product_brand":[],"product_cat":[1594,1868,2228,221,1593,1869,1597,1653,1654,1655,1652,1812,223],"product_tag":[2294,2299,2297,2298,1907,2295,2296],"class_list":{"0":"post-24259","1":"product","2":"type-product","3":"status-publish","4":"has-post-thumbnail","6":"product_cat-autres-graines-fleurs-fleurs-graines","7":"product_cat-bisannuelles","8":"product_cat-fleurs-roses","9":"product_cat-graines","10":"product_cat-fleur","11":"product_cat-jardin-bouquetier","12":"product_cat-melange","13":"product_cat-naturalisables","14":"product_cat-parfumes-themes","15":"product_cat-plantes-melliferes","16":"product_cat-plantes-pour-pot","17":"product_cat-sous-bois","18":"product_cat-themes","19":"product_tag-digital-fleur","20":"product_tag-digitale-plante","21":"product_tag-digitale-pourpre","22":"product_tag-digitale-toxique","23":"product_tag-fleur","24":"product_tag-fleur-digitale","25":"product_tag-la-digitale","26":"product_shipping_class-graines","27":"pa_conditionnement-734","28":"pa_couleur-multicolore","29":"pa_cycle-de-vie-annuelle","30":"pa_disponibilite-toute-lannee","31":"pa_exposition-mi-ensoleillee","32":"pa_grammage-1-5-g","33":"pa_hauteur-de-la-plante-120-cm","34":"pa_melliferes-oui","35":"pa_naturalisation-oui","36":"pa_periode-de-recolte-floraison-aout","37":"pa_periode-de-recolte-floraison-juillet","38":"pa_periode-de-recolte-floraison-octobre","39":"pa_periode-de-recolte-floraison-septembre","40":"pa_periode-de-semis-plantation-avril","41":"pa_periode-de-semis-plantation-mai","42":"pa_periode-de-semis-plantation-mars","43":"pa_rusticite-rustique","44":"pa_utilisation-fleur-coupee","46":"first","47":"instock","48":"taxable","49":"shipping-taxable","50":"purchasable","51":"product-type-simple"},"bundled_by":[],"bundle_stock_status":"instock","bundle_stock_quantity":94,"bundle_virtual":false,"bundle_layout":"","bundle_add_to_cart_form_location":"","bundle_editable_in_cart":false,"bundle_sold_individually_context":"","bundle_item_grouping":"","bundle_min_size":"","bundle_max_size":"","bundled_items":[],"bundle_sell_ids":[],"yoast_head":"<!-- This site is optimized with the Yoast SEO Premium plugin v25.2 (Yoast SEO v27.6) - https:\/\/yoast.com\/product\/yoast-seo-premium-wordpress\/ -->\n<title>Digitale Excelsior - Ernest TURC<\/title>\n<meta name=\"description\" content=\"Digitale Excelsior \u00e0 acheter en ligne avec Ernest Turc, producteur de bulbes et de graines. D\u00e9couvrez notre s\u00e9lection de fleurs pour sublimer vos jardins.\" \/>\n<meta name=\"robots\" content=\"index, follow, max-snippet:-1, max-image-preview:large, max-video-preview:-1\" \/>\n<link rel=\"canonical\" href=\"https:\/\/www.ernest-turc.com\/boutique\/produits\/graines\/fleur\/autres-graines-fleurs-fleurs-graines\/digitale-excelsior\/\" \/>\n<meta property=\"og:locale\" content=\"fr_FR\" \/>\n<meta property=\"og:type\" content=\"article\" \/>\n<meta property=\"og:title\" content=\"Digitale Excelsior\" \/>\n<meta property=\"og:description\" content=\"Digitale Excelsior \u00e0 acheter en ligne avec Ernest Turc, producteur de bulbes et de graines. D\u00e9couvrez notre s\u00e9lection de fleurs pour sublimer vos jardins.\" \/>\n<meta property=\"og:url\" content=\"https:\/\/www.ernest-turc.com\/boutique\/produits\/graines\/fleur\/autres-graines-fleurs-fleurs-graines\/digitale-excelsior\/\" \/>\n<meta property=\"og:site_name\" content=\"Ernest TURC\" \/>\n<meta property=\"article:publisher\" content=\"https:\/\/www.facebook.com\/ErnestTURC49\" \/>\n<meta property=\"article:modified_time\" content=\"2026-05-11T17:17:57+00:00\" \/>\n<meta property=\"og:image\" content=\"https:\/\/www.ernest-turc.com\/boutique\/wp-content\/uploads\/2022\/07\/digitale-excelsior-varie.jpg\" \/>\n\t<meta property=\"og:image:width\" content=\"800\" \/>\n\t<meta property=\"og:image:height\" content=\"800\" \/>\n\t<meta property=\"og:image:type\" content=\"image\/jpeg\" \/>\n<meta name=\"twitter:card\" content=\"summary_large_image\" \/>\n<meta name=\"twitter:label1\" content=\"Prix\" \/>\n\t<meta name=\"twitter:data1\" content=\"4,25&euro;TTCTTC\" \/>\n\t<meta name=\"twitter:label2\" content=\"Disponibilit\u00e9\" \/>\n\t<meta name=\"twitter:data2\" content=\"En stock\" \/>\n<script type=\"application\/ld+json\" class=\"yoast-schema-graph\">{\"@context\":\"https:\\\/\\\/schema.org\",\"@graph\":[{\"@type\":\"WebPage\",\"@id\":\"https:\\\/\\\/www.ernest-turc.com\\\/boutique\\\/produits\\\/graines\\\/fleur\\\/autres-graines-fleurs-fleurs-graines\\\/digitale-excelsior\\\/\",\"url\":\"https:\\\/\\\/www.ernest-turc.com\\\/boutique\\\/produits\\\/graines\\\/fleur\\\/autres-graines-fleurs-fleurs-graines\\\/digitale-excelsior\\\/\",\"name\":\"Digitale Excelsior - Ernest TURC\",\"isPartOf\":{\"@id\":\"https:\\\/\\\/www.ernest-turc.com\\\/boutique\\\/#website\"},\"primaryImageOfPage\":{\"@id\":\"https:\\\/\\\/www.ernest-turc.com\\\/boutique\\\/produits\\\/graines\\\/fleur\\\/autres-graines-fleurs-fleurs-graines\\\/digitale-excelsior\\\/#primaryimage\"},\"image\":{\"@id\":\"https:\\\/\\\/www.ernest-turc.com\\\/boutique\\\/produits\\\/graines\\\/fleur\\\/autres-graines-fleurs-fleurs-graines\\\/digitale-excelsior\\\/#primaryimage\"},\"thumbnailUrl\":\"https:\\\/\\\/www.ernest-turc.com\\\/boutique\\\/wp-content\\\/uploads\\\/2022\\\/07\\\/digitale-excelsior-varie.jpg\",\"datePublished\":\"2022-07-11T08:43:13+00:00\",\"dateModified\":\"2026-05-11T17:17:57+00:00\",\"description\":\"Digitale Excelsior \u00e0 acheter en ligne avec Ernest Turc, producteur de bulbes et de graines. D\u00e9couvrez notre s\u00e9lection de fleurs pour sublimer vos jardins.\",\"breadcrumb\":{\"@id\":\"https:\\\/\\\/www.ernest-turc.com\\\/boutique\\\/produits\\\/graines\\\/fleur\\\/autres-graines-fleurs-fleurs-graines\\\/digitale-excelsior\\\/#breadcrumb\"},\"inLanguage\":\"fr-FR\",\"potentialAction\":[{\"@type\":\"ReadAction\",\"target\":[\"https:\\\/\\\/www.ernest-turc.com\\\/boutique\\\/produits\\\/graines\\\/fleur\\\/autres-graines-fleurs-fleurs-graines\\\/digitale-excelsior\\\/\"]}]},{\"@type\":\"ImageObject\",\"inLanguage\":\"fr-FR\",\"@id\":\"https:\\\/\\\/www.ernest-turc.com\\\/boutique\\\/produits\\\/graines\\\/fleur\\\/autres-graines-fleurs-fleurs-graines\\\/digitale-excelsior\\\/#primaryimage\",\"url\":\"https:\\\/\\\/www.ernest-turc.com\\\/boutique\\\/wp-content\\\/uploads\\\/2022\\\/07\\\/digitale-excelsior-varie.jpg\",\"contentUrl\":\"https:\\\/\\\/www.ernest-turc.com\\\/boutique\\\/wp-content\\\/uploads\\\/2022\\\/07\\\/digitale-excelsior-varie.jpg\",\"width\":800,\"height\":800},{\"@type\":\"BreadcrumbList\",\"@id\":\"https:\\\/\\\/www.ernest-turc.com\\\/boutique\\\/produits\\\/graines\\\/fleur\\\/autres-graines-fleurs-fleurs-graines\\\/digitale-excelsior\\\/#breadcrumb\",\"itemListElement\":[{\"@type\":\"ListItem\",\"position\":1,\"name\":\"Accueil\",\"item\":\"https:\\\/\\\/www.ernest-turc.com\\\/boutique\\\/\"},{\"@type\":\"ListItem\",\"position\":2,\"name\":\"Boutique\",\"item\":\"https:\\\/\\\/www.ernest-turc.fr\\\/boutique\\\/produits\\\/\"},{\"@type\":\"ListItem\",\"position\":3,\"name\":\"Digitale Excelsior\"}]},{\"@type\":\"WebSite\",\"@id\":\"https:\\\/\\\/www.ernest-turc.com\\\/boutique\\\/#website\",\"url\":\"https:\\\/\\\/www.ernest-turc.com\\\/boutique\\\/\",\"name\":\"Ernest TURC\",\"description\":\"\",\"publisher\":{\"@id\":\"https:\\\/\\\/www.ernest-turc.com\\\/boutique\\\/#organization\"},\"potentialAction\":[{\"@type\":\"SearchAction\",\"target\":{\"@type\":\"EntryPoint\",\"urlTemplate\":\"https:\\\/\\\/www.ernest-turc.com\\\/boutique\\\/?s={search_term_string}\"},\"query-input\":{\"@type\":\"PropertyValueSpecification\",\"valueRequired\":true,\"valueName\":\"search_term_string\"}}],\"inLanguage\":\"fr-FR\"},{\"@type\":\"Organization\",\"@id\":\"https:\\\/\\\/www.ernest-turc.com\\\/boutique\\\/#organization\",\"name\":\"Boutique Ernest TURC\",\"alternateName\":\"Ernest TURC\",\"url\":\"https:\\\/\\\/www.ernest-turc.com\\\/boutique\\\/\",\"logo\":{\"@type\":\"ImageObject\",\"inLanguage\":\"fr-FR\",\"@id\":\"https:\\\/\\\/www.ernest-turc.com\\\/boutique\\\/#\\\/schema\\\/logo\\\/image\\\/\",\"url\":\"https:\\\/\\\/www.ernest-turc.com\\\/boutique\\\/wp-content\\\/uploads\\\/2020\\\/10\\\/logo.png\",\"contentUrl\":\"https:\\\/\\\/www.ernest-turc.com\\\/boutique\\\/wp-content\\\/uploads\\\/2020\\\/10\\\/logo.png\",\"width\":161,\"height\":161,\"caption\":\"Boutique Ernest TURC\"},\"image\":{\"@id\":\"https:\\\/\\\/www.ernest-turc.com\\\/boutique\\\/#\\\/schema\\\/logo\\\/image\\\/\"},\"sameAs\":[\"https:\\\/\\\/www.facebook.com\\\/ErnestTURC49\",\"https:\\\/\\\/www.instagram.com\\\/ernestturc\",\"https:\\\/\\\/www.linkedin.com\\\/company\\\/ernest-turc\\\/\",\"https:\\\/\\\/www.pinterest.fr\\\/ernestturc\",\"https:\\\/\\\/www.youtube.com\\\/channel\\\/UCH3ntWhy3mdcqw9-xF6pmEQ\"]}]}<\/script>\n<meta property=\"product:price:amount\" content=\"4.25\" \/>\n<meta property=\"product:price:currency\" content=\"EUR\" \/>\n<meta property=\"og:availability\" content=\"instock\" \/>\n<meta property=\"product:availability\" content=\"instock\" \/>\n<meta property=\"product:retailer_item_id\" content=\"958239\" \/>\n<meta property=\"product:condition\" content=\"new\" \/>\n<!-- \/ Yoast SEO Premium plugin. -->","yoast_head_json":{"title":"Digitale Excelsior - Ernest TURC","description":"Digitale Excelsior \u00e0 acheter en ligne avec Ernest Turc, producteur de bulbes et de graines. D\u00e9couvrez notre s\u00e9lection de fleurs pour sublimer vos jardins.","robots":{"index":"index","follow":"follow","max-snippet":"max-snippet:-1","max-image-preview":"max-image-preview:large","max-video-preview":"max-video-preview:-1"},"canonical":"https:\/\/www.ernest-turc.com\/boutique\/produits\/graines\/fleur\/autres-graines-fleurs-fleurs-graines\/digitale-excelsior\/","og_locale":"fr_FR","og_type":"article","og_title":"Digitale Excelsior","og_description":"Digitale Excelsior \u00e0 acheter en ligne avec Ernest Turc, producteur de bulbes et de graines. D\u00e9couvrez notre s\u00e9lection de fleurs pour sublimer vos jardins.","og_url":"https:\/\/www.ernest-turc.com\/boutique\/produits\/graines\/fleur\/autres-graines-fleurs-fleurs-graines\/digitale-excelsior\/","og_site_name":"Ernest TURC","article_publisher":"https:\/\/www.facebook.com\/ErnestTURC49","article_modified_time":"2026-05-11T17:17:57+00:00","og_image":[{"width":800,"height":800,"url":"https:\/\/www.ernest-turc.com\/boutique\/wp-content\/uploads\/2022\/07\/digitale-excelsior-varie.jpg","type":"image\/jpeg"}],"twitter_card":"summary_large_image","twitter_misc":{"Prix":"4,25&euro;TTCTTC","Disponibilit\u00e9":"En stock"},"schema":{"@context":"https:\/\/schema.org","@graph":[{"@type":"WebPage","@id":"https:\/\/www.ernest-turc.com\/boutique\/produits\/graines\/fleur\/autres-graines-fleurs-fleurs-graines\/digitale-excelsior\/","url":"https:\/\/www.ernest-turc.com\/boutique\/produits\/graines\/fleur\/autres-graines-fleurs-fleurs-graines\/digitale-excelsior\/","name":"Digitale Excelsior - Ernest TURC","isPartOf":{"@id":"https:\/\/www.ernest-turc.com\/boutique\/#website"},"primaryImageOfPage":{"@id":"https:\/\/www.ernest-turc.com\/boutique\/produits\/graines\/fleur\/autres-graines-fleurs-fleurs-graines\/digitale-excelsior\/#primaryimage"},"image":{"@id":"https:\/\/www.ernest-turc.com\/boutique\/produits\/graines\/fleur\/autres-graines-fleurs-fleurs-graines\/digitale-excelsior\/#primaryimage"},"thumbnailUrl":"https:\/\/www.ernest-turc.com\/boutique\/wp-content\/uploads\/2022\/07\/digitale-excelsior-varie.jpg","datePublished":"2022-07-11T08:43:13+00:00","dateModified":"2026-05-11T17:17:57+00:00","description":"Digitale Excelsior \u00e0 acheter en ligne avec Ernest Turc, producteur de bulbes et de graines. D\u00e9couvrez notre s\u00e9lection de fleurs pour sublimer vos jardins.","breadcrumb":{"@id":"https:\/\/www.ernest-turc.com\/boutique\/produits\/graines\/fleur\/autres-graines-fleurs-fleurs-graines\/digitale-excelsior\/#breadcrumb"},"inLanguage":"fr-FR","potentialAction":[{"@type":"ReadAction","target":["https:\/\/www.ernest-turc.com\/boutique\/produits\/graines\/fleur\/autres-graines-fleurs-fleurs-graines\/digitale-excelsior\/"]}]},{"@type":"ImageObject","inLanguage":"fr-FR","@id":"https:\/\/www.ernest-turc.com\/boutique\/produits\/graines\/fleur\/autres-graines-fleurs-fleurs-graines\/digitale-excelsior\/#primaryimage","url":"https:\/\/www.ernest-turc.com\/boutique\/wp-content\/uploads\/2022\/07\/digitale-excelsior-varie.jpg","contentUrl":"https:\/\/www.ernest-turc.com\/boutique\/wp-content\/uploads\/2022\/07\/digitale-excelsior-varie.jpg","width":800,"height":800},{"@type":"BreadcrumbList","@id":"https:\/\/www.ernest-turc.com\/boutique\/produits\/graines\/fleur\/autres-graines-fleurs-fleurs-graines\/digitale-excelsior\/#breadcrumb","itemListElement":[{"@type":"ListItem","position":1,"name":"Accueil","item":"https:\/\/www.ernest-turc.com\/boutique\/"},{"@type":"ListItem","position":2,"name":"Boutique","item":"https:\/\/www.ernest-turc.fr\/boutique\/produits\/"},{"@type":"ListItem","position":3,"name":"Digitale Excelsior"}]},{"@type":"WebSite","@id":"https:\/\/www.ernest-turc.com\/boutique\/#website","url":"https:\/\/www.ernest-turc.com\/boutique\/","name":"Ernest TURC","description":"","publisher":{"@id":"https:\/\/www.ernest-turc.com\/boutique\/#organization"},"potentialAction":[{"@type":"SearchAction","target":{"@type":"EntryPoint","urlTemplate":"https:\/\/www.ernest-turc.com\/boutique\/?s={search_term_string}"},"query-input":{"@type":"PropertyValueSpecification","valueRequired":true,"valueName":"search_term_string"}}],"inLanguage":"fr-FR"},{"@type":"Organization","@id":"https:\/\/www.ernest-turc.com\/boutique\/#organization","name":"Boutique Ernest TURC","alternateName":"Ernest TURC","url":"https:\/\/www.ernest-turc.com\/boutique\/","logo":{"@type":"ImageObject","inLanguage":"fr-FR","@id":"https:\/\/www.ernest-turc.com\/boutique\/#\/schema\/logo\/image\/","url":"https:\/\/www.ernest-turc.com\/boutique\/wp-content\/uploads\/2020\/10\/logo.png","contentUrl":"https:\/\/www.ernest-turc.com\/boutique\/wp-content\/uploads\/2020\/10\/logo.png","width":161,"height":161,"caption":"Boutique Ernest TURC"},"image":{"@id":"https:\/\/www.ernest-turc.com\/boutique\/#\/schema\/logo\/image\/"},"sameAs":["https:\/\/www.facebook.com\/ErnestTURC49","https:\/\/www.instagram.com\/ernestturc","https:\/\/www.linkedin.com\/company\/ernest-turc\/","https:\/\/www.pinterest.fr\/ernestturc","https:\/\/www.youtube.com\/channel\/UCH3ntWhy3mdcqw9-xF6pmEQ"]}]},"product_price_amount":"4.25","product_price_currency":"EUR","og_availability":"instock","product_availability":"instock","product_retailer_item_id":"958239","product_condition":"new"},"_links":{"self":[{"href":"https:\/\/www.ernest-turc.com\/boutique\/wp-json\/wp\/v2\/product\/24259","targetHints":{"allow":["GET"]}}],"collection":[{"href":"https:\/\/www.ernest-turc.com\/boutique\/wp-json\/wp\/v2\/product"}],"about":[{"href":"https:\/\/www.ernest-turc.com\/boutique\/wp-json\/wp\/v2\/types\/product"}],"wp:featuredmedia":[{"embeddable":true,"href":"https:\/\/www.ernest-turc.com\/boutique\/wp-json\/wp\/v2\/media\/24228"}],"wp:attachment":[{"href":"https:\/\/www.ernest-turc.com\/boutique\/wp-json\/wp\/v2\/media?parent=24259"}],"wp:term":[{"taxonomy":"product_brand","embeddable":true,"href":"https:\/\/www.ernest-turc.com\/boutique\/wp-json\/wp\/v2\/product_brand?post=24259"},{"taxonomy":"product_cat","embeddable":true,"href":"https:\/\/www.ernest-turc.com\/boutique\/wp-json\/wp\/v2\/product_cat?post=24259"},{"taxonomy":"product_tag","embeddable":true,"href":"https:\/\/www.ernest-turc.com\/boutique\/wp-json\/wp\/v2\/product_tag?post=24259"}],"curies":[{"name":"wp","href":"https:\/\/api.w.org\/{rel}","templated":true}]}}