{"id":20206,"date":"2021-07-15T13:06:39","date_gmt":"2021-07-15T13:06:39","guid":{"rendered":"https:\/\/www.ernest-turc.com\/boutique\/produits\/tulipe-greigii-cap-cod\/"},"modified":"2026-05-12T17:15:52","modified_gmt":"2026-05-12T17:15:52","slug":"tulipe-greigii-cap-cod","status":"publish","type":"product","link":"https:\/\/www.ernest-turc.com\/boutique\/produits\/bulbes\/fleurs\/tulipes\/fleurs-simples-tulipes\/tulipe-greigii-cap-cod\/","title":{"rendered":"Tulipe Greigii Cap Cod"},"content":{"rendered":"<p style=\"text-align: justify;\">La tulipe Greigii Cap Cod est une jolie petite bulbeuse de 30 cm de hauteur, qui s&#8217;\u00e9panouit en mars avril, en d\u00e9voilant une floraison vive de 7 cm de diam\u00e8tre, au coloris orange bord\u00e9 jaune vif, et qui r\u00e9appara\u00eetra fid\u00e8lement ann\u00e9e apr\u00e8s ann\u00e9e. Avec sa petite taille, elle sera sublime en massif, bordure ou plate-bande, pour cr\u00e9er une tache de couleur spectaculaire ou pour agr\u00e9menter de mani\u00e8re plus diffuse et naturelle une composition de vivaces de printemps ou de bisannuelles. En pot ou jardini\u00e8re, cette vari\u00e9t\u00e9 courte sublimera vos balcons et terrasses en association avec d&#8217;autres bulbeuses \u00e0 floraison h\u00e2tive comme les crocus, muscaris ou les narcisses botaniques. R\u00e9servez-lui un emplacement ensoleill\u00e9 car cette tulipe greigii s&#8217;\u00e9panouit chaque jour en large corolle sous le soleil pour se refermer \u00e0 la tomb\u00e9e de la nuit.<\/p>\n","protected":false},"excerpt":{"rendered":"<p style=\"text-align: justify;\">La tulipe Greigii Cap Cod est une jolie petite bulbeuse de 30 cm de hauteur, qui s&#8217;\u00e9panouit en mars avril, en d\u00e9voilant une floraison vive de 7 cm de diam\u00e8tre, au coloris orange bord\u00e9 jaune vif, et qui r\u00e9appara\u00eetra fid\u00e8lement ann\u00e9e apr\u00e8s ann\u00e9e.<\/p>\n","protected":false},"featured_media":20208,"template":"","meta":{"_relevanssi_hide_post":"","_relevanssi_hide_content":"","_relevanssi_pin_for_all":"","_relevanssi_pin_keywords":"","_relevanssi_unpin_keywords":"","_relevanssi_related_keywords":"","_relevanssi_related_include_ids":"","_relevanssi_related_exclude_ids":"","_relevanssi_related_no_append":"","_relevanssi_related_not_related":"","_relevanssi_related_posts":"","_relevanssi_noindex_reason":""},"product_brand":[],"product_cat":[179,180,212,2227,1726,1724,1557,1591,1541,182,1722],"product_tag":[],"class_list":{"0":"post-20206","1":"product","2":"type-product","3":"status-publish","4":"has-post-thumbnail","6":"product_cat-bulbes","7":"product_cat-fleurs","8":"product_cat-theme","9":"product_cat-fleurs-rouges","10":"product_cat-fleurs-simples-tulipes","11":"product_cat-hatives","12":"product_cat-naturalisable","13":"product_cat-plante-pot","14":"product_cat-printemps","15":"product_cat-saison","16":"product_cat-tulipes","17":"pa_calibre-89","18":"pa_conditionnement-1470","19":"pa_conditionnement-1475","20":"pa_couleur-jaune","21":"pa_couleur-orange","22":"pa_couleur-de-feuillage-vert","23":"pa_disponibilite-de-septembre-a-decembre","24":"pa_exposition-ensoleillee","25":"pa_exposition-mi-ensoleillee","26":"pa_hauteur-de-la-plante-30-cm","27":"pa_naturalisation-oui","28":"pa_periode-de-recolte-floraison-avril","29":"pa_periode-de-recolte-floraison-mars","30":"pa_periode-de-semis-plantation-decembre","31":"pa_periode-de-semis-plantation-novembre","32":"pa_periode-de-semis-plantation-octobre","33":"pa_periode-de-semis-plantation-septembre","34":"pa_rusticite-rustique","35":"pa_utilisation-massif","36":"pa_utilisation-pot","37":"pa_utilisation-rocaille","39":"first","40":"outofstock","41":"taxable","42":"shipping-taxable","43":"purchasable","44":"product-type-variable"},"bundled_by":[],"bundle_stock_status":"outofstock","bundle_stock_quantity":0,"bundle_virtual":false,"bundle_layout":"","bundle_add_to_cart_form_location":"","bundle_editable_in_cart":false,"bundle_sold_individually_context":"","bundle_item_grouping":"","bundle_min_size":"","bundle_max_size":"","bundled_items":[],"bundle_sell_ids":[],"yoast_head":"<!-- This site is optimized with the Yoast SEO Premium plugin v25.2 (Yoast SEO v27.5) - https:\/\/yoast.com\/product\/yoast-seo-premium-wordpress\/ -->\n<title>Tulipe Greigii Cap Cod - Ernest TURC<\/title>\n<meta name=\"description\" content=\"Tulipe Greigii Cap Cod \u00e0 acheter en ligne avec Ernest Turc, producteur de bulbes et de graines. D\u00e9couvrez notre s\u00e9lection pour sublimer vos jardins.\" \/>\n<meta name=\"robots\" content=\"index, follow, max-snippet:-1, max-image-preview:large, max-video-preview:-1\" \/>\n<link rel=\"canonical\" href=\"https:\/\/www.ernest-turc.com\/boutique\/produits\/bulbes\/fleurs\/tulipes\/fleurs-simples-tulipes\/tulipe-greigii-cap-cod\/\" \/>\n<meta property=\"og:locale\" content=\"fr_FR\" \/>\n<meta property=\"og:type\" content=\"article\" \/>\n<meta property=\"og:title\" content=\"Tulipe Greigii Cap Cod\" \/>\n<meta property=\"og:description\" content=\"Tulipe Greigii Cap Cod \u00e0 acheter en ligne avec Ernest Turc, producteur de bulbes et de graines. D\u00e9couvrez notre s\u00e9lection pour sublimer vos jardins.\" \/>\n<meta property=\"og:url\" content=\"https:\/\/www.ernest-turc.com\/boutique\/produits\/bulbes\/fleurs\/tulipes\/fleurs-simples-tulipes\/tulipe-greigii-cap-cod\/\" \/>\n<meta property=\"og:site_name\" content=\"Ernest TURC\" \/>\n<meta property=\"article:publisher\" content=\"https:\/\/www.facebook.com\/ErnestTURC49\" \/>\n<meta property=\"article:modified_time\" content=\"2026-05-12T17:15:52+00:00\" \/>\n<meta property=\"og:image\" content=\"https:\/\/www.ernest-turc.com\/boutique\/wp-content\/uploads\/2021\/07\/tulipe-greigii-cap-cod.jpg\" \/>\n\t<meta property=\"og:image:width\" content=\"800\" \/>\n\t<meta property=\"og:image:height\" content=\"800\" \/>\n\t<meta property=\"og:image:type\" content=\"image\/jpeg\" \/>\n<meta name=\"twitter:card\" content=\"summary_large_image\" \/>\n<meta name=\"twitter:label1\" content=\"Disponibilit\u00e9\" \/>\n\t<meta name=\"twitter:data1\" content=\"Rupture de stock\" \/>\n<script type=\"application\/ld+json\" class=\"yoast-schema-graph\">{\"@context\":\"https:\\\/\\\/schema.org\",\"@graph\":[{\"@type\":\"WebPage\",\"@id\":\"https:\\\/\\\/www.ernest-turc.com\\\/boutique\\\/produits\\\/bulbes\\\/fleurs\\\/tulipes\\\/fleurs-simples-tulipes\\\/tulipe-greigii-cap-cod\\\/\",\"url\":\"https:\\\/\\\/www.ernest-turc.com\\\/boutique\\\/produits\\\/bulbes\\\/fleurs\\\/tulipes\\\/fleurs-simples-tulipes\\\/tulipe-greigii-cap-cod\\\/\",\"name\":\"Tulipe Greigii Cap Cod - Ernest TURC\",\"isPartOf\":{\"@id\":\"https:\\\/\\\/www.ernest-turc.com\\\/boutique\\\/#website\"},\"primaryImageOfPage\":{\"@id\":\"https:\\\/\\\/www.ernest-turc.com\\\/boutique\\\/produits\\\/bulbes\\\/fleurs\\\/tulipes\\\/fleurs-simples-tulipes\\\/tulipe-greigii-cap-cod\\\/#primaryimage\"},\"image\":{\"@id\":\"https:\\\/\\\/www.ernest-turc.com\\\/boutique\\\/produits\\\/bulbes\\\/fleurs\\\/tulipes\\\/fleurs-simples-tulipes\\\/tulipe-greigii-cap-cod\\\/#primaryimage\"},\"thumbnailUrl\":\"https:\\\/\\\/www.ernest-turc.com\\\/boutique\\\/wp-content\\\/uploads\\\/2021\\\/07\\\/tulipe-greigii-cap-cod.jpg\",\"datePublished\":\"2021-07-15T13:06:39+00:00\",\"dateModified\":\"2026-05-12T17:15:52+00:00\",\"description\":\"Tulipe Greigii Cap Cod \u00e0 acheter en ligne avec Ernest Turc, producteur de bulbes et de graines. D\u00e9couvrez notre s\u00e9lection pour sublimer vos jardins.\",\"breadcrumb\":{\"@id\":\"https:\\\/\\\/www.ernest-turc.com\\\/boutique\\\/produits\\\/bulbes\\\/fleurs\\\/tulipes\\\/fleurs-simples-tulipes\\\/tulipe-greigii-cap-cod\\\/#breadcrumb\"},\"inLanguage\":\"fr-FR\",\"potentialAction\":[{\"@type\":\"ReadAction\",\"target\":[\"https:\\\/\\\/www.ernest-turc.com\\\/boutique\\\/produits\\\/bulbes\\\/fleurs\\\/tulipes\\\/fleurs-simples-tulipes\\\/tulipe-greigii-cap-cod\\\/\"]}]},{\"@type\":\"ImageObject\",\"inLanguage\":\"fr-FR\",\"@id\":\"https:\\\/\\\/www.ernest-turc.com\\\/boutique\\\/produits\\\/bulbes\\\/fleurs\\\/tulipes\\\/fleurs-simples-tulipes\\\/tulipe-greigii-cap-cod\\\/#primaryimage\",\"url\":\"https:\\\/\\\/www.ernest-turc.com\\\/boutique\\\/wp-content\\\/uploads\\\/2021\\\/07\\\/tulipe-greigii-cap-cod.jpg\",\"contentUrl\":\"https:\\\/\\\/www.ernest-turc.com\\\/boutique\\\/wp-content\\\/uploads\\\/2021\\\/07\\\/tulipe-greigii-cap-cod.jpg\",\"width\":800,\"height\":800,\"caption\":\"Tulipe Greigii Cap Cod\"},{\"@type\":\"BreadcrumbList\",\"@id\":\"https:\\\/\\\/www.ernest-turc.com\\\/boutique\\\/produits\\\/bulbes\\\/fleurs\\\/tulipes\\\/fleurs-simples-tulipes\\\/tulipe-greigii-cap-cod\\\/#breadcrumb\",\"itemListElement\":[{\"@type\":\"ListItem\",\"position\":1,\"name\":\"Accueil\",\"item\":\"https:\\\/\\\/www.ernest-turc.com\\\/boutique\\\/\"},{\"@type\":\"ListItem\",\"position\":2,\"name\":\"Boutique\",\"item\":\"https:\\\/\\\/www.ernest-turc.fr\\\/boutique\\\/produits\\\/\"},{\"@type\":\"ListItem\",\"position\":3,\"name\":\"Tulipe Greigii Cap Cod\"}]},{\"@type\":\"WebSite\",\"@id\":\"https:\\\/\\\/www.ernest-turc.com\\\/boutique\\\/#website\",\"url\":\"https:\\\/\\\/www.ernest-turc.com\\\/boutique\\\/\",\"name\":\"Ernest TURC\",\"description\":\"\",\"publisher\":{\"@id\":\"https:\\\/\\\/www.ernest-turc.com\\\/boutique\\\/#organization\"},\"potentialAction\":[{\"@type\":\"SearchAction\",\"target\":{\"@type\":\"EntryPoint\",\"urlTemplate\":\"https:\\\/\\\/www.ernest-turc.com\\\/boutique\\\/?s={search_term_string}\"},\"query-input\":{\"@type\":\"PropertyValueSpecification\",\"valueRequired\":true,\"valueName\":\"search_term_string\"}}],\"inLanguage\":\"fr-FR\"},{\"@type\":\"Organization\",\"@id\":\"https:\\\/\\\/www.ernest-turc.com\\\/boutique\\\/#organization\",\"name\":\"Boutique Ernest TURC\",\"alternateName\":\"Ernest TURC\",\"url\":\"https:\\\/\\\/www.ernest-turc.com\\\/boutique\\\/\",\"logo\":{\"@type\":\"ImageObject\",\"inLanguage\":\"fr-FR\",\"@id\":\"https:\\\/\\\/www.ernest-turc.com\\\/boutique\\\/#\\\/schema\\\/logo\\\/image\\\/\",\"url\":\"https:\\\/\\\/www.ernest-turc.com\\\/boutique\\\/wp-content\\\/uploads\\\/2020\\\/10\\\/logo.png\",\"contentUrl\":\"https:\\\/\\\/www.ernest-turc.com\\\/boutique\\\/wp-content\\\/uploads\\\/2020\\\/10\\\/logo.png\",\"width\":161,\"height\":161,\"caption\":\"Boutique Ernest TURC\"},\"image\":{\"@id\":\"https:\\\/\\\/www.ernest-turc.com\\\/boutique\\\/#\\\/schema\\\/logo\\\/image\\\/\"},\"sameAs\":[\"https:\\\/\\\/www.facebook.com\\\/ErnestTURC49\",\"https:\\\/\\\/www.instagram.com\\\/ernestturc\",\"https:\\\/\\\/www.linkedin.com\\\/company\\\/ernest-turc\\\/\",\"https:\\\/\\\/www.pinterest.fr\\\/ernestturc\",\"https:\\\/\\\/www.youtube.com\\\/channel\\\/UCH3ntWhy3mdcqw9-xF6pmEQ\"]}]}<\/script>\n<meta property=\"og:availability\" content=\"out of stock\" \/>\n<meta property=\"product:availability\" content=\"out of stock\" \/>\n<meta property=\"product:retailer_item_id\" content=\"953860\" \/>\n<meta property=\"product:condition\" content=\"new\" \/>\n<!-- \/ Yoast SEO Premium plugin. -->","yoast_head_json":{"title":"Tulipe Greigii Cap Cod - Ernest TURC","description":"Tulipe Greigii Cap Cod \u00e0 acheter en ligne avec Ernest Turc, producteur de bulbes et de graines. D\u00e9couvrez notre s\u00e9lection pour sublimer vos jardins.","robots":{"index":"index","follow":"follow","max-snippet":"max-snippet:-1","max-image-preview":"max-image-preview:large","max-video-preview":"max-video-preview:-1"},"canonical":"https:\/\/www.ernest-turc.com\/boutique\/produits\/bulbes\/fleurs\/tulipes\/fleurs-simples-tulipes\/tulipe-greigii-cap-cod\/","og_locale":"fr_FR","og_type":"article","og_title":"Tulipe Greigii Cap Cod","og_description":"Tulipe Greigii Cap Cod \u00e0 acheter en ligne avec Ernest Turc, producteur de bulbes et de graines. D\u00e9couvrez notre s\u00e9lection pour sublimer vos jardins.","og_url":"https:\/\/www.ernest-turc.com\/boutique\/produits\/bulbes\/fleurs\/tulipes\/fleurs-simples-tulipes\/tulipe-greigii-cap-cod\/","og_site_name":"Ernest TURC","article_publisher":"https:\/\/www.facebook.com\/ErnestTURC49","article_modified_time":"2026-05-12T17:15:52+00:00","og_image":[{"width":800,"height":800,"url":"https:\/\/www.ernest-turc.com\/boutique\/wp-content\/uploads\/2021\/07\/tulipe-greigii-cap-cod.jpg","type":"image\/jpeg"}],"twitter_card":"summary_large_image","twitter_misc":{"Disponibilit\u00e9":"Rupture de stock"},"schema":{"@context":"https:\/\/schema.org","@graph":[{"@type":"WebPage","@id":"https:\/\/www.ernest-turc.com\/boutique\/produits\/bulbes\/fleurs\/tulipes\/fleurs-simples-tulipes\/tulipe-greigii-cap-cod\/","url":"https:\/\/www.ernest-turc.com\/boutique\/produits\/bulbes\/fleurs\/tulipes\/fleurs-simples-tulipes\/tulipe-greigii-cap-cod\/","name":"Tulipe Greigii Cap Cod - Ernest TURC","isPartOf":{"@id":"https:\/\/www.ernest-turc.com\/boutique\/#website"},"primaryImageOfPage":{"@id":"https:\/\/www.ernest-turc.com\/boutique\/produits\/bulbes\/fleurs\/tulipes\/fleurs-simples-tulipes\/tulipe-greigii-cap-cod\/#primaryimage"},"image":{"@id":"https:\/\/www.ernest-turc.com\/boutique\/produits\/bulbes\/fleurs\/tulipes\/fleurs-simples-tulipes\/tulipe-greigii-cap-cod\/#primaryimage"},"thumbnailUrl":"https:\/\/www.ernest-turc.com\/boutique\/wp-content\/uploads\/2021\/07\/tulipe-greigii-cap-cod.jpg","datePublished":"2021-07-15T13:06:39+00:00","dateModified":"2026-05-12T17:15:52+00:00","description":"Tulipe Greigii Cap Cod \u00e0 acheter en ligne avec Ernest Turc, producteur de bulbes et de graines. D\u00e9couvrez notre s\u00e9lection pour sublimer vos jardins.","breadcrumb":{"@id":"https:\/\/www.ernest-turc.com\/boutique\/produits\/bulbes\/fleurs\/tulipes\/fleurs-simples-tulipes\/tulipe-greigii-cap-cod\/#breadcrumb"},"inLanguage":"fr-FR","potentialAction":[{"@type":"ReadAction","target":["https:\/\/www.ernest-turc.com\/boutique\/produits\/bulbes\/fleurs\/tulipes\/fleurs-simples-tulipes\/tulipe-greigii-cap-cod\/"]}]},{"@type":"ImageObject","inLanguage":"fr-FR","@id":"https:\/\/www.ernest-turc.com\/boutique\/produits\/bulbes\/fleurs\/tulipes\/fleurs-simples-tulipes\/tulipe-greigii-cap-cod\/#primaryimage","url":"https:\/\/www.ernest-turc.com\/boutique\/wp-content\/uploads\/2021\/07\/tulipe-greigii-cap-cod.jpg","contentUrl":"https:\/\/www.ernest-turc.com\/boutique\/wp-content\/uploads\/2021\/07\/tulipe-greigii-cap-cod.jpg","width":800,"height":800,"caption":"Tulipe Greigii Cap Cod"},{"@type":"BreadcrumbList","@id":"https:\/\/www.ernest-turc.com\/boutique\/produits\/bulbes\/fleurs\/tulipes\/fleurs-simples-tulipes\/tulipe-greigii-cap-cod\/#breadcrumb","itemListElement":[{"@type":"ListItem","position":1,"name":"Accueil","item":"https:\/\/www.ernest-turc.com\/boutique\/"},{"@type":"ListItem","position":2,"name":"Boutique","item":"https:\/\/www.ernest-turc.fr\/boutique\/produits\/"},{"@type":"ListItem","position":3,"name":"Tulipe Greigii Cap Cod"}]},{"@type":"WebSite","@id":"https:\/\/www.ernest-turc.com\/boutique\/#website","url":"https:\/\/www.ernest-turc.com\/boutique\/","name":"Ernest TURC","description":"","publisher":{"@id":"https:\/\/www.ernest-turc.com\/boutique\/#organization"},"potentialAction":[{"@type":"SearchAction","target":{"@type":"EntryPoint","urlTemplate":"https:\/\/www.ernest-turc.com\/boutique\/?s={search_term_string}"},"query-input":{"@type":"PropertyValueSpecification","valueRequired":true,"valueName":"search_term_string"}}],"inLanguage":"fr-FR"},{"@type":"Organization","@id":"https:\/\/www.ernest-turc.com\/boutique\/#organization","name":"Boutique Ernest TURC","alternateName":"Ernest TURC","url":"https:\/\/www.ernest-turc.com\/boutique\/","logo":{"@type":"ImageObject","inLanguage":"fr-FR","@id":"https:\/\/www.ernest-turc.com\/boutique\/#\/schema\/logo\/image\/","url":"https:\/\/www.ernest-turc.com\/boutique\/wp-content\/uploads\/2020\/10\/logo.png","contentUrl":"https:\/\/www.ernest-turc.com\/boutique\/wp-content\/uploads\/2020\/10\/logo.png","width":161,"height":161,"caption":"Boutique Ernest TURC"},"image":{"@id":"https:\/\/www.ernest-turc.com\/boutique\/#\/schema\/logo\/image\/"},"sameAs":["https:\/\/www.facebook.com\/ErnestTURC49","https:\/\/www.instagram.com\/ernestturc","https:\/\/www.linkedin.com\/company\/ernest-turc\/","https:\/\/www.pinterest.fr\/ernestturc","https:\/\/www.youtube.com\/channel\/UCH3ntWhy3mdcqw9-xF6pmEQ"]}]},"og_availability":"out of stock","product_availability":"out of stock","product_retailer_item_id":"953860","product_condition":"new"},"_links":{"self":[{"href":"https:\/\/www.ernest-turc.com\/boutique\/wp-json\/wp\/v2\/product\/20206","targetHints":{"allow":["GET"]}}],"collection":[{"href":"https:\/\/www.ernest-turc.com\/boutique\/wp-json\/wp\/v2\/product"}],"about":[{"href":"https:\/\/www.ernest-turc.com\/boutique\/wp-json\/wp\/v2\/types\/product"}],"wp:featuredmedia":[{"embeddable":true,"href":"https:\/\/www.ernest-turc.com\/boutique\/wp-json\/wp\/v2\/media\/20208"}],"wp:attachment":[{"href":"https:\/\/www.ernest-turc.com\/boutique\/wp-json\/wp\/v2\/media?parent=20206"}],"wp:term":[{"taxonomy":"product_brand","embeddable":true,"href":"https:\/\/www.ernest-turc.com\/boutique\/wp-json\/wp\/v2\/product_brand?post=20206"},{"taxonomy":"product_cat","embeddable":true,"href":"https:\/\/www.ernest-turc.com\/boutique\/wp-json\/wp\/v2\/product_cat?post=20206"},{"taxonomy":"product_tag","embeddable":true,"href":"https:\/\/www.ernest-turc.com\/boutique\/wp-json\/wp\/v2\/product_tag?post=20206"}],"curies":[{"name":"wp","href":"https:\/\/api.w.org\/{rel}","templated":true}]}}