{"id":17832,"date":"2021-07-15T12:16:53","date_gmt":"2021-07-15T12:16:53","guid":{"rendered":"https:\/\/www.ernest-turc.com\/boutique\/produits\/agapanthe-back-in-black\/"},"modified":"2026-03-30T08:12:51","modified_gmt":"2026-03-30T08:12:51","slug":"agapanthe-back-in-black","status":"publish","type":"product","link":"https:\/\/www.ernest-turc.com\/boutique\/produits\/bulbes\/fleurs\/agapanthes\/agapanthe-back-in-black\/","title":{"rendered":"Agapanthe Back in Black"},"content":{"rendered":"<p style=\"text-align: justify;\">Les\u00a0<strong>Agapanthes Back in Black<\/strong>\u00a0forment des touffes denses aux feuilles allong\u00e9es, desquelles se d\u00e9gagent de grandes hampes florales de 70 cm de hauteur d&#8217;une gr\u00e2ce incomparable. De juin\u00a0\u00e0 septembre, vous verrez appara\u00eetre ces \u00e9normes ombelles de 10 \u00e0 12 cm de diam\u00e8tre aux fleurs d\u00e9licates bleu fonc\u00e9 qui, associ\u00e9es \u00e0 des agapanthes blanches, mais aussi \u00e0 des tulbaghia ou encore \u00e0 des gramin\u00e9es, apporteront un petit air de vacances \u00e0 vos massifs, bordures ou pot\u00e9es fleuries. Amateurs de jardins minimalistes, contemporains ou encore m\u00e9diterran\u00e9ens, l&#8217;Agapanthe est un incontournable de vos plantations !<\/p>\n","protected":false},"excerpt":{"rendered":"<p style=\"text-align: justify;\">Les\u00a0<strong>Agapanthes Back in Black<\/strong>\u00a0forment des touffes denses aux feuilles allong\u00e9es, desquelles se d\u00e9gagent de grandes hampes florales de 70 cm de hauteur d&#8217;une gr\u00e2ce incomparable. De juin\u00a0\u00e0 septembre, vous verrez appara\u00eetre ces \u00e9normes ombelles de 10 \u00e0 12 cm de diam\u00e8tre aux fleurs d\u00e9licates bleu fonc\u00e9 qui, associ\u00e9es \u00e0 des agapanthes blanches, mais aussi \u00e0 des tulbaghia ou encore \u00e0 des gramin\u00e9es, apporteront un petit air de vacances \u00e0 vos massifs, bordures ou pot\u00e9es fleuries. Amateurs de jardins minimalistes, contemporains ou encore m\u00e9diterran\u00e9ens, l&#8217;Agapanthe est un incontournable de vos plantations !<\/p>\n","protected":false},"featured_media":21245,"template":"","meta":{"_relevanssi_hide_post":"","_relevanssi_hide_content":"","_relevanssi_pin_for_all":"","_relevanssi_pin_keywords":"","_relevanssi_unpin_keywords":"","_relevanssi_related_keywords":"","_relevanssi_related_include_ids":"","_relevanssi_related_exclude_ids":"","_relevanssi_related_no_append":"","_relevanssi_related_not_related":"","_relevanssi_related_posts":"","_relevanssi_noindex_reason":""},"product_brand":[],"product_cat":[1618,1609,179,180,212,2230,922,213,214,1592,1591,183,1541,182,1543],"product_tag":[2400,2203],"class_list":{"0":"post-17832","1":"product","2":"type-product","3":"status-publish","4":"has-post-thumbnail","6":"product_cat-agapanthes","7":"product_cat-bouquets","8":"product_cat-bulbes","9":"product_cat-fleurs","10":"product_cat-theme","11":"product_cat-fleurs-bleues","12":"product_cat-grosse-fleur","13":"product_cat-regions","14":"product_cat-plante-mediterraneenne","15":"product_cat-plante-melliferes","16":"product_cat-plante-pot","17":"product_cat-ete","18":"product_cat-printemps","19":"product_cat-saison","20":"product_cat-vivace","21":"product_tag-agapanthe","22":"product_tag-agapanthe-facile","23":"pa_calibre-i","24":"pa_conditionnement-734","25":"pa_conditionnement-1470","26":"pa_couleur-bleu","27":"pa_couleur-de-feuillage-vert","28":"pa_coup-de-coeur-oui","29":"pa_cycle-de-vie-vivace","30":"pa_disponibilite-de-fevrier-a-juin-et-doctobre-a-decembre","31":"pa_exposition-ensoleillee","32":"pa_hauteur-de-la-plante-70-cm","33":"pa_melliferes-oui","34":"pa_periode-de-recolte-floraison-aout","35":"pa_periode-de-recolte-floraison-juillet","36":"pa_periode-de-semis-plantation-avril","37":"pa_periode-de-semis-plantation-decembre","38":"pa_periode-de-semis-plantation-juin","39":"pa_periode-de-semis-plantation-mai","40":"pa_periode-de-semis-plantation-mars","41":"pa_periode-de-semis-plantation-novembre","42":"pa_periode-de-semis-plantation-octobre","43":"pa_periode-de-semis-plantation-septembre","44":"pa_rusticite-rustique","45":"pa_utilisation-fleur-coupee","46":"pa_utilisation-massif","47":"pa_utilisation-pot","49":"first","50":"outofstock","51":"taxable","52":"shipping-taxable","53":"purchasable","54":"product-type-variable"},"bundled_by":[],"bundle_stock_status":"outofstock","bundle_stock_quantity":0,"bundle_virtual":false,"bundle_layout":"","bundle_add_to_cart_form_location":"","bundle_editable_in_cart":false,"bundle_sold_individually_context":"","bundle_item_grouping":"","bundle_min_size":"","bundle_max_size":"","bundled_items":[],"bundle_sell_ids":[],"yoast_head":"<!-- This site is optimized with the Yoast SEO Premium plugin v25.2 (Yoast SEO v27.5) - https:\/\/yoast.com\/product\/yoast-seo-premium-wordpress\/ -->\n<title>Agapanthe Back in Black - Ernest TURC<\/title>\n<meta name=\"description\" content=\"Agapanthe Back in Black \u00e0 acheter en ligne avec Ernest Turc, producteur de bulbes. D\u00e9couvrez notre s\u00e9lection d&#039;agapanthes pour sublimer vos jardins.\" \/>\n<meta name=\"robots\" content=\"index, follow, max-snippet:-1, max-image-preview:large, max-video-preview:-1\" \/>\n<link rel=\"canonical\" href=\"https:\/\/www.ernest-turc.com\/boutique\/produits\/bulbes\/fleurs\/agapanthes\/agapanthe-back-in-black\/\" \/>\n<meta property=\"og:locale\" content=\"fr_FR\" \/>\n<meta property=\"og:type\" content=\"article\" \/>\n<meta property=\"og:title\" content=\"Agapanthe Back in Black\" \/>\n<meta property=\"og:description\" content=\"Agapanthe Back in Black \u00e0 acheter en ligne avec Ernest Turc, producteur de bulbes. D\u00e9couvrez notre s\u00e9lection d&#039;agapanthes pour sublimer vos jardins.\" \/>\n<meta property=\"og:url\" content=\"https:\/\/www.ernest-turc.com\/boutique\/produits\/bulbes\/fleurs\/agapanthes\/agapanthe-back-in-black\/\" \/>\n<meta property=\"og:site_name\" content=\"Ernest TURC\" \/>\n<meta property=\"article:publisher\" content=\"https:\/\/www.facebook.com\/ErnestTURC49\" \/>\n<meta property=\"article:modified_time\" content=\"2026-03-30T08:12:51+00:00\" \/>\n<meta property=\"og:image\" content=\"https:\/\/www.ernest-turc.com\/boutique\/wp-content\/uploads\/2021\/07\/agapanthe-back-in-black.jpg\" \/>\n\t<meta property=\"og:image:width\" content=\"800\" \/>\n\t<meta property=\"og:image:height\" content=\"800\" \/>\n\t<meta property=\"og:image:type\" content=\"image\/jpeg\" \/>\n<meta name=\"twitter:card\" content=\"summary_large_image\" \/>\n<meta name=\"twitter:label1\" content=\"Disponibilit\u00e9\" \/>\n\t<meta name=\"twitter:data1\" content=\"Rupture de stock\" \/>\n<script type=\"application\/ld+json\" class=\"yoast-schema-graph\">{\"@context\":\"https:\\\/\\\/schema.org\",\"@graph\":[{\"@type\":\"WebPage\",\"@id\":\"https:\\\/\\\/www.ernest-turc.com\\\/boutique\\\/produits\\\/bulbes\\\/fleurs\\\/agapanthes\\\/agapanthe-back-in-black\\\/\",\"url\":\"https:\\\/\\\/www.ernest-turc.com\\\/boutique\\\/produits\\\/bulbes\\\/fleurs\\\/agapanthes\\\/agapanthe-back-in-black\\\/\",\"name\":\"Agapanthe Back in Black - Ernest TURC\",\"isPartOf\":{\"@id\":\"https:\\\/\\\/www.ernest-turc.com\\\/boutique\\\/#website\"},\"primaryImageOfPage\":{\"@id\":\"https:\\\/\\\/www.ernest-turc.com\\\/boutique\\\/produits\\\/bulbes\\\/fleurs\\\/agapanthes\\\/agapanthe-back-in-black\\\/#primaryimage\"},\"image\":{\"@id\":\"https:\\\/\\\/www.ernest-turc.com\\\/boutique\\\/produits\\\/bulbes\\\/fleurs\\\/agapanthes\\\/agapanthe-back-in-black\\\/#primaryimage\"},\"thumbnailUrl\":\"https:\\\/\\\/www.ernest-turc.com\\\/boutique\\\/wp-content\\\/uploads\\\/2021\\\/07\\\/agapanthe-back-in-black.jpg\",\"datePublished\":\"2021-07-15T12:16:53+00:00\",\"dateModified\":\"2026-03-30T08:12:51+00:00\",\"description\":\"Agapanthe Back in Black \u00e0 acheter en ligne avec Ernest Turc, producteur de bulbes. D\u00e9couvrez notre s\u00e9lection d'agapanthes pour sublimer vos jardins.\",\"breadcrumb\":{\"@id\":\"https:\\\/\\\/www.ernest-turc.com\\\/boutique\\\/produits\\\/bulbes\\\/fleurs\\\/agapanthes\\\/agapanthe-back-in-black\\\/#breadcrumb\"},\"inLanguage\":\"fr-FR\",\"potentialAction\":[{\"@type\":\"ReadAction\",\"target\":[\"https:\\\/\\\/www.ernest-turc.com\\\/boutique\\\/produits\\\/bulbes\\\/fleurs\\\/agapanthes\\\/agapanthe-back-in-black\\\/\"]}]},{\"@type\":\"ImageObject\",\"inLanguage\":\"fr-FR\",\"@id\":\"https:\\\/\\\/www.ernest-turc.com\\\/boutique\\\/produits\\\/bulbes\\\/fleurs\\\/agapanthes\\\/agapanthe-back-in-black\\\/#primaryimage\",\"url\":\"https:\\\/\\\/www.ernest-turc.com\\\/boutique\\\/wp-content\\\/uploads\\\/2021\\\/07\\\/agapanthe-back-in-black.jpg\",\"contentUrl\":\"https:\\\/\\\/www.ernest-turc.com\\\/boutique\\\/wp-content\\\/uploads\\\/2021\\\/07\\\/agapanthe-back-in-black.jpg\",\"width\":800,\"height\":800},{\"@type\":\"BreadcrumbList\",\"@id\":\"https:\\\/\\\/www.ernest-turc.com\\\/boutique\\\/produits\\\/bulbes\\\/fleurs\\\/agapanthes\\\/agapanthe-back-in-black\\\/#breadcrumb\",\"itemListElement\":[{\"@type\":\"ListItem\",\"position\":1,\"name\":\"Accueil\",\"item\":\"https:\\\/\\\/www.ernest-turc.com\\\/boutique\\\/\"},{\"@type\":\"ListItem\",\"position\":2,\"name\":\"Boutique\",\"item\":\"https:\\\/\\\/www.ernest-turc.fr\\\/boutique\\\/produits\\\/\"},{\"@type\":\"ListItem\",\"position\":3,\"name\":\"Agapanthe Back in Black\"}]},{\"@type\":\"WebSite\",\"@id\":\"https:\\\/\\\/www.ernest-turc.com\\\/boutique\\\/#website\",\"url\":\"https:\\\/\\\/www.ernest-turc.com\\\/boutique\\\/\",\"name\":\"Ernest TURC\",\"description\":\"\",\"publisher\":{\"@id\":\"https:\\\/\\\/www.ernest-turc.com\\\/boutique\\\/#organization\"},\"potentialAction\":[{\"@type\":\"SearchAction\",\"target\":{\"@type\":\"EntryPoint\",\"urlTemplate\":\"https:\\\/\\\/www.ernest-turc.com\\\/boutique\\\/?s={search_term_string}\"},\"query-input\":{\"@type\":\"PropertyValueSpecification\",\"valueRequired\":true,\"valueName\":\"search_term_string\"}}],\"inLanguage\":\"fr-FR\"},{\"@type\":\"Organization\",\"@id\":\"https:\\\/\\\/www.ernest-turc.com\\\/boutique\\\/#organization\",\"name\":\"Boutique Ernest TURC\",\"alternateName\":\"Ernest TURC\",\"url\":\"https:\\\/\\\/www.ernest-turc.com\\\/boutique\\\/\",\"logo\":{\"@type\":\"ImageObject\",\"inLanguage\":\"fr-FR\",\"@id\":\"https:\\\/\\\/www.ernest-turc.com\\\/boutique\\\/#\\\/schema\\\/logo\\\/image\\\/\",\"url\":\"https:\\\/\\\/www.ernest-turc.com\\\/boutique\\\/wp-content\\\/uploads\\\/2020\\\/10\\\/logo.png\",\"contentUrl\":\"https:\\\/\\\/www.ernest-turc.com\\\/boutique\\\/wp-content\\\/uploads\\\/2020\\\/10\\\/logo.png\",\"width\":161,\"height\":161,\"caption\":\"Boutique Ernest TURC\"},\"image\":{\"@id\":\"https:\\\/\\\/www.ernest-turc.com\\\/boutique\\\/#\\\/schema\\\/logo\\\/image\\\/\"},\"sameAs\":[\"https:\\\/\\\/www.facebook.com\\\/ErnestTURC49\",\"https:\\\/\\\/www.instagram.com\\\/ernestturc\",\"https:\\\/\\\/www.linkedin.com\\\/company\\\/ernest-turc\\\/\",\"https:\\\/\\\/www.pinterest.fr\\\/ernestturc\",\"https:\\\/\\\/www.youtube.com\\\/channel\\\/UCH3ntWhy3mdcqw9-xF6pmEQ\"]}]}<\/script>\n<meta property=\"og:availability\" content=\"out of stock\" \/>\n<meta property=\"product:availability\" content=\"out of stock\" \/>\n<meta property=\"product:retailer_item_id\" content=\"150550-1\" \/>\n<meta property=\"product:condition\" content=\"new\" \/>\n<!-- \/ Yoast SEO Premium plugin. -->","yoast_head_json":{"title":"Agapanthe Back in Black - Ernest TURC","description":"Agapanthe Back in Black \u00e0 acheter en ligne avec Ernest Turc, producteur de bulbes. D\u00e9couvrez notre s\u00e9lection d'agapanthes pour sublimer vos jardins.","robots":{"index":"index","follow":"follow","max-snippet":"max-snippet:-1","max-image-preview":"max-image-preview:large","max-video-preview":"max-video-preview:-1"},"canonical":"https:\/\/www.ernest-turc.com\/boutique\/produits\/bulbes\/fleurs\/agapanthes\/agapanthe-back-in-black\/","og_locale":"fr_FR","og_type":"article","og_title":"Agapanthe Back in Black","og_description":"Agapanthe Back in Black \u00e0 acheter en ligne avec Ernest Turc, producteur de bulbes. D\u00e9couvrez notre s\u00e9lection d'agapanthes pour sublimer vos jardins.","og_url":"https:\/\/www.ernest-turc.com\/boutique\/produits\/bulbes\/fleurs\/agapanthes\/agapanthe-back-in-black\/","og_site_name":"Ernest TURC","article_publisher":"https:\/\/www.facebook.com\/ErnestTURC49","article_modified_time":"2026-03-30T08:12:51+00:00","og_image":[{"width":800,"height":800,"url":"https:\/\/www.ernest-turc.com\/boutique\/wp-content\/uploads\/2021\/07\/agapanthe-back-in-black.jpg","type":"image\/jpeg"}],"twitter_card":"summary_large_image","twitter_misc":{"Disponibilit\u00e9":"Rupture de stock"},"schema":{"@context":"https:\/\/schema.org","@graph":[{"@type":"WebPage","@id":"https:\/\/www.ernest-turc.com\/boutique\/produits\/bulbes\/fleurs\/agapanthes\/agapanthe-back-in-black\/","url":"https:\/\/www.ernest-turc.com\/boutique\/produits\/bulbes\/fleurs\/agapanthes\/agapanthe-back-in-black\/","name":"Agapanthe Back in Black - Ernest TURC","isPartOf":{"@id":"https:\/\/www.ernest-turc.com\/boutique\/#website"},"primaryImageOfPage":{"@id":"https:\/\/www.ernest-turc.com\/boutique\/produits\/bulbes\/fleurs\/agapanthes\/agapanthe-back-in-black\/#primaryimage"},"image":{"@id":"https:\/\/www.ernest-turc.com\/boutique\/produits\/bulbes\/fleurs\/agapanthes\/agapanthe-back-in-black\/#primaryimage"},"thumbnailUrl":"https:\/\/www.ernest-turc.com\/boutique\/wp-content\/uploads\/2021\/07\/agapanthe-back-in-black.jpg","datePublished":"2021-07-15T12:16:53+00:00","dateModified":"2026-03-30T08:12:51+00:00","description":"Agapanthe Back in Black \u00e0 acheter en ligne avec Ernest Turc, producteur de bulbes. D\u00e9couvrez notre s\u00e9lection d'agapanthes pour sublimer vos jardins.","breadcrumb":{"@id":"https:\/\/www.ernest-turc.com\/boutique\/produits\/bulbes\/fleurs\/agapanthes\/agapanthe-back-in-black\/#breadcrumb"},"inLanguage":"fr-FR","potentialAction":[{"@type":"ReadAction","target":["https:\/\/www.ernest-turc.com\/boutique\/produits\/bulbes\/fleurs\/agapanthes\/agapanthe-back-in-black\/"]}]},{"@type":"ImageObject","inLanguage":"fr-FR","@id":"https:\/\/www.ernest-turc.com\/boutique\/produits\/bulbes\/fleurs\/agapanthes\/agapanthe-back-in-black\/#primaryimage","url":"https:\/\/www.ernest-turc.com\/boutique\/wp-content\/uploads\/2021\/07\/agapanthe-back-in-black.jpg","contentUrl":"https:\/\/www.ernest-turc.com\/boutique\/wp-content\/uploads\/2021\/07\/agapanthe-back-in-black.jpg","width":800,"height":800},{"@type":"BreadcrumbList","@id":"https:\/\/www.ernest-turc.com\/boutique\/produits\/bulbes\/fleurs\/agapanthes\/agapanthe-back-in-black\/#breadcrumb","itemListElement":[{"@type":"ListItem","position":1,"name":"Accueil","item":"https:\/\/www.ernest-turc.com\/boutique\/"},{"@type":"ListItem","position":2,"name":"Boutique","item":"https:\/\/www.ernest-turc.fr\/boutique\/produits\/"},{"@type":"ListItem","position":3,"name":"Agapanthe Back in Black"}]},{"@type":"WebSite","@id":"https:\/\/www.ernest-turc.com\/boutique\/#website","url":"https:\/\/www.ernest-turc.com\/boutique\/","name":"Ernest TURC","description":"","publisher":{"@id":"https:\/\/www.ernest-turc.com\/boutique\/#organization"},"potentialAction":[{"@type":"SearchAction","target":{"@type":"EntryPoint","urlTemplate":"https:\/\/www.ernest-turc.com\/boutique\/?s={search_term_string}"},"query-input":{"@type":"PropertyValueSpecification","valueRequired":true,"valueName":"search_term_string"}}],"inLanguage":"fr-FR"},{"@type":"Organization","@id":"https:\/\/www.ernest-turc.com\/boutique\/#organization","name":"Boutique Ernest TURC","alternateName":"Ernest TURC","url":"https:\/\/www.ernest-turc.com\/boutique\/","logo":{"@type":"ImageObject","inLanguage":"fr-FR","@id":"https:\/\/www.ernest-turc.com\/boutique\/#\/schema\/logo\/image\/","url":"https:\/\/www.ernest-turc.com\/boutique\/wp-content\/uploads\/2020\/10\/logo.png","contentUrl":"https:\/\/www.ernest-turc.com\/boutique\/wp-content\/uploads\/2020\/10\/logo.png","width":161,"height":161,"caption":"Boutique Ernest TURC"},"image":{"@id":"https:\/\/www.ernest-turc.com\/boutique\/#\/schema\/logo\/image\/"},"sameAs":["https:\/\/www.facebook.com\/ErnestTURC49","https:\/\/www.instagram.com\/ernestturc","https:\/\/www.linkedin.com\/company\/ernest-turc\/","https:\/\/www.pinterest.fr\/ernestturc","https:\/\/www.youtube.com\/channel\/UCH3ntWhy3mdcqw9-xF6pmEQ"]}]},"og_availability":"out of stock","product_availability":"out of stock","product_retailer_item_id":"150550-1","product_condition":"new"},"_links":{"self":[{"href":"https:\/\/www.ernest-turc.com\/boutique\/wp-json\/wp\/v2\/product\/17832","targetHints":{"allow":["GET"]}}],"collection":[{"href":"https:\/\/www.ernest-turc.com\/boutique\/wp-json\/wp\/v2\/product"}],"about":[{"href":"https:\/\/www.ernest-turc.com\/boutique\/wp-json\/wp\/v2\/types\/product"}],"wp:featuredmedia":[{"embeddable":true,"href":"https:\/\/www.ernest-turc.com\/boutique\/wp-json\/wp\/v2\/media\/21245"}],"wp:attachment":[{"href":"https:\/\/www.ernest-turc.com\/boutique\/wp-json\/wp\/v2\/media?parent=17832"}],"wp:term":[{"taxonomy":"product_brand","embeddable":true,"href":"https:\/\/www.ernest-turc.com\/boutique\/wp-json\/wp\/v2\/product_brand?post=17832"},{"taxonomy":"product_cat","embeddable":true,"href":"https:\/\/www.ernest-turc.com\/boutique\/wp-json\/wp\/v2\/product_cat?post=17832"},{"taxonomy":"product_tag","embeddable":true,"href":"https:\/\/www.ernest-turc.com\/boutique\/wp-json\/wp\/v2\/product_tag?post=17832"}],"curies":[{"name":"wp","href":"https:\/\/api.w.org\/{rel}","templated":true}]}}