{"id":11655,"date":"2021-03-18T07:20:31","date_gmt":"2021-03-18T07:20:31","guid":{"rendered":"https:\/\/www.ernest-turc.com\/boutique\/boutique\/kit-de-repiquage-complet\/"},"modified":"2026-03-17T17:14:20","modified_gmt":"2026-03-17T17:14:20","slug":"kit-de-repiquage-complet","status":"publish","type":"product","link":"https:\/\/www.ernest-turc.com\/boutique\/produits\/accessoires\/kit-de-repiquage-complet\/","title":{"rendered":"Kit de repiquage complet"},"content":{"rendered":"<p style=\"text-align: justify;\">Ce <strong>kit complet de semis<\/strong> vous permettra de faire de semer vos graines dans des contenants faciles \u00e0 utiliser et surtout biod\u00e9gradables. Vous pourrez repiquer vos plants de l\u00e9gumes, fleurs, ou encore aromatiques sans aucune difficult\u00e9. Ce coffret\u00a0contient :\u00a0<\/p>\n<p>&#8211; 3 plaques de 12 alv\u00e9oles chacune, chaque alv\u00e9ole est en forme carr\u00e9 de 5 cm de longueur.<br \/>&#8211; 10 pots carr\u00e9s de 8 cm de longueur<br \/>&#8211; 10 pots ronds de 8 cm de diam\u00e8tre<br \/>&#8211; 16 pots ronds de 6 cm de diam\u00e8tre<br \/>&#8211; 1 plantoir<br \/>&#8211; 1 brique de coco (substrat \u00e0 mouiller), pour utiliser la brique coco, remplissez un seau d&#8217;eau et laissez la brique de coco s&#8217;imbiber d&#8217;eau,<br \/>Apr\u00e8s 30 minutes remuez le tout, vous obtiendrez votre substrat.<\/p>\n<p>Avec tous ces \u00e9l\u00e9ments vous aurez tout ce qu&#8217;il vous faut pour des semis r\u00e9ussis !<\/p>\n","protected":false},"excerpt":{"rendered":"<p style=\"text-align: justify;\">Ce <strong>kit complet de semis<\/strong> vous permettra de faire de semer vos graines dans des contenants faciles \u00e0 utiliser et surtout biod\u00e9gradables. Vous pourrez repiquer vos plants de l\u00e9gumes, fleurs, ou encore aromatiques sans aucune difficult\u00e9. Ce coffret\u00a0contient :\u00a0<\/p>\n<p>&#8211; 3 plaques de 12 alv\u00e9oles chacune, chaque alv\u00e9ole est en forme carr\u00e9 de 5 cm de longueur.<br \/>&#8211; 10 pots carr\u00e9s de 8 cm de longueur<br \/>&#8211; 10 pots ronds de 8 cm de diam\u00e8tre<br \/>&#8211; 16 pots ronds de 6 cm de diam\u00e8tre<br \/>&#8211; 1 plantoir<br \/>&#8211; 1 brique de coco (substrat \u00e0 mouiller), pour utiliser la brique coco, remplissez un seau d&#8217;eau et laissez la brique de coco s&#8217;imbiber d&#8217;eau,<br \/>Apr\u00e8s 30 minutes remuez le tout, vous obtiendrez votre substrat.<\/p>\n<p>Avec tous ces \u00e9l\u00e9ments vous aurez tout ce qu&#8217;il vous faut pour des semis r\u00e9ussis !<\/p>\n","protected":false},"featured_media":11657,"template":"","meta":{"_relevanssi_hide_post":"","_relevanssi_hide_content":"","_relevanssi_pin_for_all":"","_relevanssi_pin_keywords":"","_relevanssi_unpin_keywords":"","_relevanssi_related_keywords":"","_relevanssi_related_include_ids":"","_relevanssi_related_exclude_ids":"","_relevanssi_related_no_append":"","_relevanssi_related_not_related":"","_relevanssi_related_posts":"","_relevanssi_noindex_reason":""},"product_brand":[],"product_cat":[1564,1664],"product_tag":[],"class_list":{"0":"post-11655","1":"product","2":"type-product","3":"status-publish","4":"has-post-thumbnail","6":"product_cat-accessoires","7":"product_cat-idees-cadeaux","8":"pa_conditionnement-734","9":"pa_couleur-multicolore","10":"pa_disponibilite-toute-lannee","12":"first","13":"instock","14":"taxable","15":"shipping-taxable","16":"purchasable","17":"product-type-simple"},"bundled_by":[],"bundle_stock_status":"instock","bundle_stock_quantity":8,"bundle_virtual":false,"bundle_layout":"","bundle_add_to_cart_form_location":"","bundle_editable_in_cart":false,"bundle_sold_individually_context":"","bundle_item_grouping":"","bundle_min_size":"","bundle_max_size":"","bundled_items":[],"bundle_sell_ids":[],"yoast_head":"<!-- This site is optimized with the Yoast SEO Premium plugin v25.2 (Yoast SEO v27.5) - https:\/\/yoast.com\/product\/yoast-seo-premium-wordpress\/ -->\n<title>Kit de repiquage complet - Ernest TURC<\/title>\n<meta name=\"description\" content=\"Essayez ce kit de repiquage pour semer vos graines et repiquer en toute simplicit\u00e9. Des produits faciles \u00e0 utiliser et \u00e0 biod\u00e9grader\u00a0!\" \/>\n<meta name=\"robots\" content=\"index, follow, max-snippet:-1, max-image-preview:large, max-video-preview:-1\" \/>\n<link rel=\"canonical\" href=\"https:\/\/www.ernest-turc.com\/boutique\/produits\/accessoires\/kit-de-repiquage-complet\/\" \/>\n<meta property=\"og:locale\" content=\"fr_FR\" \/>\n<meta property=\"og:type\" content=\"article\" \/>\n<meta property=\"og:title\" content=\"Kit de repiquage complet\" \/>\n<meta property=\"og:description\" content=\"Essayez ce kit de repiquage pour semer vos graines et repiquer en toute simplicit\u00e9. Des produits faciles \u00e0 utiliser et \u00e0 biod\u00e9grader\u00a0!\" \/>\n<meta property=\"og:url\" content=\"https:\/\/www.ernest-turc.com\/boutique\/produits\/accessoires\/kit-de-repiquage-complet\/\" \/>\n<meta property=\"og:site_name\" content=\"Ernest TURC\" \/>\n<meta property=\"article:publisher\" content=\"https:\/\/www.facebook.com\/ErnestTURC49\" \/>\n<meta property=\"article:modified_time\" content=\"2026-03-17T17:14:20+00:00\" \/>\n<meta property=\"og:image\" content=\"https:\/\/www.ernest-turc.com\/boutique\/wp-content\/uploads\/2021\/01\/kit-de-repiquage-complet.jpg\" \/>\n\t<meta property=\"og:image:width\" content=\"800\" \/>\n\t<meta property=\"og:image:height\" content=\"800\" \/>\n\t<meta property=\"og:image:type\" content=\"image\/jpeg\" \/>\n<meta name=\"twitter:card\" content=\"summary_large_image\" \/>\n<meta name=\"twitter:label1\" content=\"Prix\" \/>\n\t<meta name=\"twitter:data1\" content=\"14,90&euro;TTCTTC\" \/>\n\t<meta name=\"twitter:label2\" content=\"Disponibilit\u00e9\" \/>\n\t<meta name=\"twitter:data2\" content=\"En stock\" \/>\n<script type=\"application\/ld+json\" class=\"yoast-schema-graph\">{\"@context\":\"https:\\\/\\\/schema.org\",\"@graph\":[{\"@type\":\"WebPage\",\"@id\":\"https:\\\/\\\/www.ernest-turc.com\\\/boutique\\\/produits\\\/accessoires\\\/kit-de-repiquage-complet\\\/\",\"url\":\"https:\\\/\\\/www.ernest-turc.com\\\/boutique\\\/produits\\\/accessoires\\\/kit-de-repiquage-complet\\\/\",\"name\":\"Kit de repiquage complet - Ernest TURC\",\"isPartOf\":{\"@id\":\"https:\\\/\\\/www.ernest-turc.com\\\/boutique\\\/#website\"},\"primaryImageOfPage\":{\"@id\":\"https:\\\/\\\/www.ernest-turc.com\\\/boutique\\\/produits\\\/accessoires\\\/kit-de-repiquage-complet\\\/#primaryimage\"},\"image\":{\"@id\":\"https:\\\/\\\/www.ernest-turc.com\\\/boutique\\\/produits\\\/accessoires\\\/kit-de-repiquage-complet\\\/#primaryimage\"},\"thumbnailUrl\":\"https:\\\/\\\/www.ernest-turc.com\\\/boutique\\\/wp-content\\\/uploads\\\/2021\\\/01\\\/kit-de-repiquage-complet.jpg\",\"datePublished\":\"2021-03-18T07:20:31+00:00\",\"dateModified\":\"2026-03-17T17:14:20+00:00\",\"description\":\"Essayez ce kit de repiquage pour semer vos graines et repiquer en toute simplicit\u00e9. Des produits faciles \u00e0 utiliser et \u00e0 biod\u00e9grader\u00a0!\",\"breadcrumb\":{\"@id\":\"https:\\\/\\\/www.ernest-turc.com\\\/boutique\\\/produits\\\/accessoires\\\/kit-de-repiquage-complet\\\/#breadcrumb\"},\"inLanguage\":\"fr-FR\",\"potentialAction\":[{\"@type\":\"ReadAction\",\"target\":[\"https:\\\/\\\/www.ernest-turc.com\\\/boutique\\\/produits\\\/accessoires\\\/kit-de-repiquage-complet\\\/\"]}]},{\"@type\":\"ImageObject\",\"inLanguage\":\"fr-FR\",\"@id\":\"https:\\\/\\\/www.ernest-turc.com\\\/boutique\\\/produits\\\/accessoires\\\/kit-de-repiquage-complet\\\/#primaryimage\",\"url\":\"https:\\\/\\\/www.ernest-turc.com\\\/boutique\\\/wp-content\\\/uploads\\\/2021\\\/01\\\/kit-de-repiquage-complet.jpg\",\"contentUrl\":\"https:\\\/\\\/www.ernest-turc.com\\\/boutique\\\/wp-content\\\/uploads\\\/2021\\\/01\\\/kit-de-repiquage-complet.jpg\",\"width\":800,\"height\":800,\"caption\":\"Kit de repiquage complet\"},{\"@type\":\"BreadcrumbList\",\"@id\":\"https:\\\/\\\/www.ernest-turc.com\\\/boutique\\\/produits\\\/accessoires\\\/kit-de-repiquage-complet\\\/#breadcrumb\",\"itemListElement\":[{\"@type\":\"ListItem\",\"position\":1,\"name\":\"Accueil\",\"item\":\"https:\\\/\\\/www.ernest-turc.com\\\/boutique\\\/\"},{\"@type\":\"ListItem\",\"position\":2,\"name\":\"Boutique\",\"item\":\"https:\\\/\\\/www.ernest-turc.fr\\\/boutique\\\/produits\\\/\"},{\"@type\":\"ListItem\",\"position\":3,\"name\":\"Kit de repiquage complet\"}]},{\"@type\":\"WebSite\",\"@id\":\"https:\\\/\\\/www.ernest-turc.com\\\/boutique\\\/#website\",\"url\":\"https:\\\/\\\/www.ernest-turc.com\\\/boutique\\\/\",\"name\":\"Ernest TURC\",\"description\":\"\",\"publisher\":{\"@id\":\"https:\\\/\\\/www.ernest-turc.com\\\/boutique\\\/#organization\"},\"potentialAction\":[{\"@type\":\"SearchAction\",\"target\":{\"@type\":\"EntryPoint\",\"urlTemplate\":\"https:\\\/\\\/www.ernest-turc.com\\\/boutique\\\/?s={search_term_string}\"},\"query-input\":{\"@type\":\"PropertyValueSpecification\",\"valueRequired\":true,\"valueName\":\"search_term_string\"}}],\"inLanguage\":\"fr-FR\"},{\"@type\":\"Organization\",\"@id\":\"https:\\\/\\\/www.ernest-turc.com\\\/boutique\\\/#organization\",\"name\":\"Boutique Ernest TURC\",\"alternateName\":\"Ernest TURC\",\"url\":\"https:\\\/\\\/www.ernest-turc.com\\\/boutique\\\/\",\"logo\":{\"@type\":\"ImageObject\",\"inLanguage\":\"fr-FR\",\"@id\":\"https:\\\/\\\/www.ernest-turc.com\\\/boutique\\\/#\\\/schema\\\/logo\\\/image\\\/\",\"url\":\"https:\\\/\\\/www.ernest-turc.com\\\/boutique\\\/wp-content\\\/uploads\\\/2020\\\/10\\\/logo.png\",\"contentUrl\":\"https:\\\/\\\/www.ernest-turc.com\\\/boutique\\\/wp-content\\\/uploads\\\/2020\\\/10\\\/logo.png\",\"width\":161,\"height\":161,\"caption\":\"Boutique Ernest TURC\"},\"image\":{\"@id\":\"https:\\\/\\\/www.ernest-turc.com\\\/boutique\\\/#\\\/schema\\\/logo\\\/image\\\/\"},\"sameAs\":[\"https:\\\/\\\/www.facebook.com\\\/ErnestTURC49\",\"https:\\\/\\\/www.instagram.com\\\/ernestturc\",\"https:\\\/\\\/www.linkedin.com\\\/company\\\/ernest-turc\\\/\",\"https:\\\/\\\/www.pinterest.fr\\\/ernestturc\",\"https:\\\/\\\/www.youtube.com\\\/channel\\\/UCH3ntWhy3mdcqw9-xF6pmEQ\"]}]}<\/script>\n<meta property=\"product:price:amount\" content=\"14.90\" \/>\n<meta property=\"product:price:currency\" content=\"EUR\" \/>\n<meta property=\"og:availability\" content=\"instock\" \/>\n<meta property=\"product:availability\" content=\"instock\" \/>\n<meta property=\"product:retailer_item_id\" content=\"90942577\" \/>\n<meta property=\"product:condition\" content=\"new\" \/>\n<!-- \/ Yoast SEO Premium plugin. -->","yoast_head_json":{"title":"Kit de repiquage complet - Ernest TURC","description":"Essayez ce kit de repiquage pour semer vos graines et repiquer en toute simplicit\u00e9. Des produits faciles \u00e0 utiliser et \u00e0 biod\u00e9grader\u00a0!","robots":{"index":"index","follow":"follow","max-snippet":"max-snippet:-1","max-image-preview":"max-image-preview:large","max-video-preview":"max-video-preview:-1"},"canonical":"https:\/\/www.ernest-turc.com\/boutique\/produits\/accessoires\/kit-de-repiquage-complet\/","og_locale":"fr_FR","og_type":"article","og_title":"Kit de repiquage complet","og_description":"Essayez ce kit de repiquage pour semer vos graines et repiquer en toute simplicit\u00e9. Des produits faciles \u00e0 utiliser et \u00e0 biod\u00e9grader\u00a0!","og_url":"https:\/\/www.ernest-turc.com\/boutique\/produits\/accessoires\/kit-de-repiquage-complet\/","og_site_name":"Ernest TURC","article_publisher":"https:\/\/www.facebook.com\/ErnestTURC49","article_modified_time":"2026-03-17T17:14:20+00:00","og_image":[{"width":800,"height":800,"url":"https:\/\/www.ernest-turc.com\/boutique\/wp-content\/uploads\/2021\/01\/kit-de-repiquage-complet.jpg","type":"image\/jpeg"}],"twitter_card":"summary_large_image","twitter_misc":{"Prix":"14,90&euro;TTCTTC","Disponibilit\u00e9":"En stock"},"schema":{"@context":"https:\/\/schema.org","@graph":[{"@type":"WebPage","@id":"https:\/\/www.ernest-turc.com\/boutique\/produits\/accessoires\/kit-de-repiquage-complet\/","url":"https:\/\/www.ernest-turc.com\/boutique\/produits\/accessoires\/kit-de-repiquage-complet\/","name":"Kit de repiquage complet - Ernest TURC","isPartOf":{"@id":"https:\/\/www.ernest-turc.com\/boutique\/#website"},"primaryImageOfPage":{"@id":"https:\/\/www.ernest-turc.com\/boutique\/produits\/accessoires\/kit-de-repiquage-complet\/#primaryimage"},"image":{"@id":"https:\/\/www.ernest-turc.com\/boutique\/produits\/accessoires\/kit-de-repiquage-complet\/#primaryimage"},"thumbnailUrl":"https:\/\/www.ernest-turc.com\/boutique\/wp-content\/uploads\/2021\/01\/kit-de-repiquage-complet.jpg","datePublished":"2021-03-18T07:20:31+00:00","dateModified":"2026-03-17T17:14:20+00:00","description":"Essayez ce kit de repiquage pour semer vos graines et repiquer en toute simplicit\u00e9. Des produits faciles \u00e0 utiliser et \u00e0 biod\u00e9grader\u00a0!","breadcrumb":{"@id":"https:\/\/www.ernest-turc.com\/boutique\/produits\/accessoires\/kit-de-repiquage-complet\/#breadcrumb"},"inLanguage":"fr-FR","potentialAction":[{"@type":"ReadAction","target":["https:\/\/www.ernest-turc.com\/boutique\/produits\/accessoires\/kit-de-repiquage-complet\/"]}]},{"@type":"ImageObject","inLanguage":"fr-FR","@id":"https:\/\/www.ernest-turc.com\/boutique\/produits\/accessoires\/kit-de-repiquage-complet\/#primaryimage","url":"https:\/\/www.ernest-turc.com\/boutique\/wp-content\/uploads\/2021\/01\/kit-de-repiquage-complet.jpg","contentUrl":"https:\/\/www.ernest-turc.com\/boutique\/wp-content\/uploads\/2021\/01\/kit-de-repiquage-complet.jpg","width":800,"height":800,"caption":"Kit de repiquage complet"},{"@type":"BreadcrumbList","@id":"https:\/\/www.ernest-turc.com\/boutique\/produits\/accessoires\/kit-de-repiquage-complet\/#breadcrumb","itemListElement":[{"@type":"ListItem","position":1,"name":"Accueil","item":"https:\/\/www.ernest-turc.com\/boutique\/"},{"@type":"ListItem","position":2,"name":"Boutique","item":"https:\/\/www.ernest-turc.fr\/boutique\/produits\/"},{"@type":"ListItem","position":3,"name":"Kit de repiquage complet"}]},{"@type":"WebSite","@id":"https:\/\/www.ernest-turc.com\/boutique\/#website","url":"https:\/\/www.ernest-turc.com\/boutique\/","name":"Ernest TURC","description":"","publisher":{"@id":"https:\/\/www.ernest-turc.com\/boutique\/#organization"},"potentialAction":[{"@type":"SearchAction","target":{"@type":"EntryPoint","urlTemplate":"https:\/\/www.ernest-turc.com\/boutique\/?s={search_term_string}"},"query-input":{"@type":"PropertyValueSpecification","valueRequired":true,"valueName":"search_term_string"}}],"inLanguage":"fr-FR"},{"@type":"Organization","@id":"https:\/\/www.ernest-turc.com\/boutique\/#organization","name":"Boutique Ernest TURC","alternateName":"Ernest TURC","url":"https:\/\/www.ernest-turc.com\/boutique\/","logo":{"@type":"ImageObject","inLanguage":"fr-FR","@id":"https:\/\/www.ernest-turc.com\/boutique\/#\/schema\/logo\/image\/","url":"https:\/\/www.ernest-turc.com\/boutique\/wp-content\/uploads\/2020\/10\/logo.png","contentUrl":"https:\/\/www.ernest-turc.com\/boutique\/wp-content\/uploads\/2020\/10\/logo.png","width":161,"height":161,"caption":"Boutique Ernest TURC"},"image":{"@id":"https:\/\/www.ernest-turc.com\/boutique\/#\/schema\/logo\/image\/"},"sameAs":["https:\/\/www.facebook.com\/ErnestTURC49","https:\/\/www.instagram.com\/ernestturc","https:\/\/www.linkedin.com\/company\/ernest-turc\/","https:\/\/www.pinterest.fr\/ernestturc","https:\/\/www.youtube.com\/channel\/UCH3ntWhy3mdcqw9-xF6pmEQ"]}]},"product_price_amount":"14.90","product_price_currency":"EUR","og_availability":"instock","product_availability":"instock","product_retailer_item_id":"90942577","product_condition":"new"},"_links":{"self":[{"href":"https:\/\/www.ernest-turc.com\/boutique\/wp-json\/wp\/v2\/product\/11655","targetHints":{"allow":["GET"]}}],"collection":[{"href":"https:\/\/www.ernest-turc.com\/boutique\/wp-json\/wp\/v2\/product"}],"about":[{"href":"https:\/\/www.ernest-turc.com\/boutique\/wp-json\/wp\/v2\/types\/product"}],"wp:featuredmedia":[{"embeddable":true,"href":"https:\/\/www.ernest-turc.com\/boutique\/wp-json\/wp\/v2\/media\/11657"}],"wp:attachment":[{"href":"https:\/\/www.ernest-turc.com\/boutique\/wp-json\/wp\/v2\/media?parent=11655"}],"wp:term":[{"taxonomy":"product_brand","embeddable":true,"href":"https:\/\/www.ernest-turc.com\/boutique\/wp-json\/wp\/v2\/product_brand?post=11655"},{"taxonomy":"product_cat","embeddable":true,"href":"https:\/\/www.ernest-turc.com\/boutique\/wp-json\/wp\/v2\/product_cat?post=11655"},{"taxonomy":"product_tag","embeddable":true,"href":"https:\/\/www.ernest-turc.com\/boutique\/wp-json\/wp\/v2\/product_tag?post=11655"}],"curies":[{"name":"wp","href":"https:\/\/api.w.org\/{rel}","templated":true}]}}