{"id":10168,"date":"2021-03-18T12:18:47","date_gmt":"2021-03-18T12:18:47","guid":{"rendered":"https:\/\/www.ernest-turc.com\/boutique\/boutique\/glaieul-nain-colvillei-alba-la-fiancee\/"},"modified":"2026-03-31T14:15:16","modified_gmt":"2026-03-31T14:15:16","slug":"glaieul-nain-colvillei-alba-la-fiancee","status":"publish","type":"product","link":"https:\/\/www.ernest-turc.com\/boutique\/produits\/bulbes\/fleurs\/glaieuls\/nains-glaieuls\/glaieul-nain-colvillei-alba-la-fiancee\/","title":{"rendered":"Gla\u00efeul Nain colvillei Alba la Fianc\u00e9e"},"content":{"rendered":"<p style=\"text-align: justify;\">Le <strong>Gla\u00efeul Nain colvillei Alba la Fianc\u00e9e <\/strong> produit de jolies hampes florales de 55 cm de haut aux nombreux fleurons en \u00e9toiles blanches. Cette vari\u00e9t\u00e9 naine est id\u00e9ale en bordure ou en massif pour donner une touche naturelle, l\u00e9g\u00e8re et un peu sauvage \u00e0 vos espaces et compositions v\u00e9g\u00e9tales. Fleur \u00e0 couper par excellence, ils permettent \u00e9galement de composer de somptueux bouquets \u00e9lanc\u00e9s et tr\u00e8s graphiques. Plus r\u00e9sistants que leurs cousins \u00e0 grandes fleurs, les gla\u00efeuls colvillei peuvent rester en terre d&#8217;une ann\u00e9e sur l&#8217;autre, prot\u00e9g\u00e9s par un paillage v\u00e9g\u00e9tal.<\/p>\n","protected":false},"excerpt":{"rendered":"<p style=\"text-align: justify;\">Le <strong>Gla\u00efeul Nain colvillei Alba la Fianc\u00e9e <\/strong> produit de jolies hampes florales de 55 cm de haut aux nombreux fleurons en \u00e9toiles blanches. Cette vari\u00e9t\u00e9 naine est id\u00e9ale en bordure ou en massif pour donner une touche naturelle, l\u00e9g\u00e8re et un peu sauvage \u00e0 vos espaces et compositions v\u00e9g\u00e9tales. Fleur \u00e0 couper par excellence, ils permettent \u00e9galement de composer de somptueux bouquets \u00e9lanc\u00e9s et tr\u00e8s graphiques. Plus r\u00e9sistants que leurs cousins \u00e0 grandes fleurs, les gla\u00efeuls colvillei peuvent rester en terre d&#8217;une ann\u00e9e sur l&#8217;autre, prot\u00e9g\u00e9s par un paillage v\u00e9g\u00e9tal.<\/p>\n","protected":false},"featured_media":10170,"template":"","meta":{"_relevanssi_hide_post":"","_relevanssi_hide_content":"","_relevanssi_pin_for_all":"","_relevanssi_pin_keywords":"","_relevanssi_unpin_keywords":"","_relevanssi_related_keywords":"","_relevanssi_related_include_ids":"","_relevanssi_related_exclude_ids":"","_relevanssi_related_no_append":"","_relevanssi_related_not_related":"","_relevanssi_related_posts":"","_relevanssi_noindex_reason":""},"product_brand":[],"product_cat":[1609,179,180,212,1537,1539,183,182],"product_tag":[],"class_list":{"0":"post-10168","1":"product","2":"type-product","3":"status-publish","4":"has-post-thumbnail","6":"product_cat-bouquets","7":"product_cat-bulbes","8":"product_cat-fleurs","9":"product_cat-theme","10":"product_cat-glaieuls","11":"product_cat-nains-glaieuls","12":"product_cat-ete","13":"product_cat-saison","14":"pa_calibre-8-9","15":"pa_conditionnement-1475","16":"pa_couleur-blanc","17":"pa_couleur-de-feuillage-vert","18":"pa_disponibilite-de-fevrier-a-juin","19":"pa_exposition-ensoleillee","20":"pa_hauteur-de-la-plante-55-cm","21":"pa_periode-de-recolte-floraison-juillet","22":"pa_periode-de-recolte-floraison-juin","23":"pa_periode-de-semis-plantation-avril","24":"pa_periode-de-semis-plantation-juin","25":"pa_periode-de-semis-plantation-mai","26":"pa_periode-de-semis-plantation-mars","27":"pa_rusticite-rustique","28":"pa_utilisation-fleur-coupee","30":"first","31":"instock","32":"taxable","33":"shipping-taxable","34":"purchasable","35":"product-type-simple"},"bundled_by":[],"bundle_stock_status":"instock","bundle_stock_quantity":6,"bundle_virtual":false,"bundle_layout":"","bundle_add_to_cart_form_location":"","bundle_editable_in_cart":false,"bundle_sold_individually_context":"","bundle_item_grouping":"","bundle_min_size":"","bundle_max_size":"","bundled_items":[],"bundle_sell_ids":[],"yoast_head":"<!-- This site is optimized with the Yoast SEO Premium plugin v25.2 (Yoast SEO v27.5) - https:\/\/yoast.com\/product\/yoast-seo-premium-wordpress\/ -->\n<title>Gla\u00efeul Nain colvillei Alba la Fianc\u00e9e - Ernest TURC<\/title>\n<meta name=\"description\" content=\"Gla\u00efeul Nain colvillei Alba la Fianc\u00e9e \u00e0 acheter en ligne avec Ernest Turc, producteur de bulbes et de graines. D\u00e9couvrez notre s\u00e9lection de Nains pour sublimer vos jardins.\" \/>\n<meta name=\"robots\" content=\"index, follow, max-snippet:-1, max-image-preview:large, max-video-preview:-1\" \/>\n<link rel=\"canonical\" href=\"https:\/\/www.ernest-turc.com\/boutique\/produits\/bulbes\/fleurs\/glaieuls\/nains-glaieuls\/glaieul-nain-colvillei-alba-la-fiancee\/\" \/>\n<meta property=\"og:locale\" content=\"fr_FR\" \/>\n<meta property=\"og:type\" content=\"article\" \/>\n<meta property=\"og:title\" content=\"Gla\u00efeul Nain colvillei Alba la Fianc\u00e9e\" \/>\n<meta property=\"og:description\" content=\"Gla\u00efeul Nain colvillei Alba la Fianc\u00e9e \u00e0 acheter en ligne avec Ernest Turc, producteur de bulbes et de graines. D\u00e9couvrez notre s\u00e9lection de Nains pour sublimer vos jardins.\" \/>\n<meta property=\"og:url\" content=\"https:\/\/www.ernest-turc.com\/boutique\/produits\/bulbes\/fleurs\/glaieuls\/nains-glaieuls\/glaieul-nain-colvillei-alba-la-fiancee\/\" \/>\n<meta property=\"og:site_name\" content=\"Ernest TURC\" \/>\n<meta property=\"article:publisher\" content=\"https:\/\/www.facebook.com\/ErnestTURC49\" \/>\n<meta property=\"article:modified_time\" content=\"2026-03-31T14:15:16+00:00\" \/>\n<meta property=\"og:image\" content=\"https:\/\/www.ernest-turc.com\/boutique\/wp-content\/uploads\/2021\/01\/glaieul-nain-colvillei-alba-la-fiancee.jpg\" \/>\n\t<meta property=\"og:image:width\" content=\"800\" \/>\n\t<meta property=\"og:image:height\" content=\"800\" \/>\n\t<meta property=\"og:image:type\" content=\"image\/jpeg\" \/>\n<meta name=\"twitter:card\" content=\"summary_large_image\" \/>\n<meta name=\"twitter:label1\" content=\"Prix\" \/>\n\t<meta name=\"twitter:data1\" content=\"48,90&euro;TTCTTC\" \/>\n\t<meta name=\"twitter:label2\" content=\"Disponibilit\u00e9\" \/>\n\t<meta name=\"twitter:data2\" content=\"En stock\" \/>\n<script type=\"application\/ld+json\" class=\"yoast-schema-graph\">{\"@context\":\"https:\\\/\\\/schema.org\",\"@graph\":[{\"@type\":\"WebPage\",\"@id\":\"https:\\\/\\\/www.ernest-turc.com\\\/boutique\\\/produits\\\/bulbes\\\/fleurs\\\/glaieuls\\\/nains-glaieuls\\\/glaieul-nain-colvillei-alba-la-fiancee\\\/\",\"url\":\"https:\\\/\\\/www.ernest-turc.com\\\/boutique\\\/produits\\\/bulbes\\\/fleurs\\\/glaieuls\\\/nains-glaieuls\\\/glaieul-nain-colvillei-alba-la-fiancee\\\/\",\"name\":\"Gla\u00efeul Nain colvillei Alba la Fianc\u00e9e - Ernest TURC\",\"isPartOf\":{\"@id\":\"https:\\\/\\\/www.ernest-turc.com\\\/boutique\\\/#website\"},\"primaryImageOfPage\":{\"@id\":\"https:\\\/\\\/www.ernest-turc.com\\\/boutique\\\/produits\\\/bulbes\\\/fleurs\\\/glaieuls\\\/nains-glaieuls\\\/glaieul-nain-colvillei-alba-la-fiancee\\\/#primaryimage\"},\"image\":{\"@id\":\"https:\\\/\\\/www.ernest-turc.com\\\/boutique\\\/produits\\\/bulbes\\\/fleurs\\\/glaieuls\\\/nains-glaieuls\\\/glaieul-nain-colvillei-alba-la-fiancee\\\/#primaryimage\"},\"thumbnailUrl\":\"https:\\\/\\\/www.ernest-turc.com\\\/boutique\\\/wp-content\\\/uploads\\\/2021\\\/01\\\/glaieul-nain-colvillei-alba-la-fiancee.jpg\",\"datePublished\":\"2021-03-18T12:18:47+00:00\",\"dateModified\":\"2026-03-31T14:15:16+00:00\",\"description\":\"Gla\u00efeul Nain colvillei Alba la Fianc\u00e9e \u00e0 acheter en ligne avec Ernest Turc, producteur de bulbes et de graines. D\u00e9couvrez notre s\u00e9lection de Nains pour sublimer vos jardins.\",\"breadcrumb\":{\"@id\":\"https:\\\/\\\/www.ernest-turc.com\\\/boutique\\\/produits\\\/bulbes\\\/fleurs\\\/glaieuls\\\/nains-glaieuls\\\/glaieul-nain-colvillei-alba-la-fiancee\\\/#breadcrumb\"},\"inLanguage\":\"fr-FR\",\"potentialAction\":[{\"@type\":\"ReadAction\",\"target\":[\"https:\\\/\\\/www.ernest-turc.com\\\/boutique\\\/produits\\\/bulbes\\\/fleurs\\\/glaieuls\\\/nains-glaieuls\\\/glaieul-nain-colvillei-alba-la-fiancee\\\/\"]}]},{\"@type\":\"ImageObject\",\"inLanguage\":\"fr-FR\",\"@id\":\"https:\\\/\\\/www.ernest-turc.com\\\/boutique\\\/produits\\\/bulbes\\\/fleurs\\\/glaieuls\\\/nains-glaieuls\\\/glaieul-nain-colvillei-alba-la-fiancee\\\/#primaryimage\",\"url\":\"https:\\\/\\\/www.ernest-turc.com\\\/boutique\\\/wp-content\\\/uploads\\\/2021\\\/01\\\/glaieul-nain-colvillei-alba-la-fiancee.jpg\",\"contentUrl\":\"https:\\\/\\\/www.ernest-turc.com\\\/boutique\\\/wp-content\\\/uploads\\\/2021\\\/01\\\/glaieul-nain-colvillei-alba-la-fiancee.jpg\",\"width\":800,\"height\":800,\"caption\":\"Gla\u00efuel nain colvillei Alba la Fianc\u00e9e\"},{\"@type\":\"BreadcrumbList\",\"@id\":\"https:\\\/\\\/www.ernest-turc.com\\\/boutique\\\/produits\\\/bulbes\\\/fleurs\\\/glaieuls\\\/nains-glaieuls\\\/glaieul-nain-colvillei-alba-la-fiancee\\\/#breadcrumb\",\"itemListElement\":[{\"@type\":\"ListItem\",\"position\":1,\"name\":\"Accueil\",\"item\":\"https:\\\/\\\/www.ernest-turc.com\\\/boutique\\\/\"},{\"@type\":\"ListItem\",\"position\":2,\"name\":\"Boutique\",\"item\":\"https:\\\/\\\/www.ernest-turc.fr\\\/boutique\\\/produits\\\/\"},{\"@type\":\"ListItem\",\"position\":3,\"name\":\"Gla\u00efeul Nain colvillei Alba la Fianc\u00e9e\"}]},{\"@type\":\"WebSite\",\"@id\":\"https:\\\/\\\/www.ernest-turc.com\\\/boutique\\\/#website\",\"url\":\"https:\\\/\\\/www.ernest-turc.com\\\/boutique\\\/\",\"name\":\"Ernest TURC\",\"description\":\"\",\"publisher\":{\"@id\":\"https:\\\/\\\/www.ernest-turc.com\\\/boutique\\\/#organization\"},\"potentialAction\":[{\"@type\":\"SearchAction\",\"target\":{\"@type\":\"EntryPoint\",\"urlTemplate\":\"https:\\\/\\\/www.ernest-turc.com\\\/boutique\\\/?s={search_term_string}\"},\"query-input\":{\"@type\":\"PropertyValueSpecification\",\"valueRequired\":true,\"valueName\":\"search_term_string\"}}],\"inLanguage\":\"fr-FR\"},{\"@type\":\"Organization\",\"@id\":\"https:\\\/\\\/www.ernest-turc.com\\\/boutique\\\/#organization\",\"name\":\"Boutique Ernest TURC\",\"alternateName\":\"Ernest TURC\",\"url\":\"https:\\\/\\\/www.ernest-turc.com\\\/boutique\\\/\",\"logo\":{\"@type\":\"ImageObject\",\"inLanguage\":\"fr-FR\",\"@id\":\"https:\\\/\\\/www.ernest-turc.com\\\/boutique\\\/#\\\/schema\\\/logo\\\/image\\\/\",\"url\":\"https:\\\/\\\/www.ernest-turc.com\\\/boutique\\\/wp-content\\\/uploads\\\/2020\\\/10\\\/logo.png\",\"contentUrl\":\"https:\\\/\\\/www.ernest-turc.com\\\/boutique\\\/wp-content\\\/uploads\\\/2020\\\/10\\\/logo.png\",\"width\":161,\"height\":161,\"caption\":\"Boutique Ernest TURC\"},\"image\":{\"@id\":\"https:\\\/\\\/www.ernest-turc.com\\\/boutique\\\/#\\\/schema\\\/logo\\\/image\\\/\"},\"sameAs\":[\"https:\\\/\\\/www.facebook.com\\\/ErnestTURC49\",\"https:\\\/\\\/www.instagram.com\\\/ernestturc\",\"https:\\\/\\\/www.linkedin.com\\\/company\\\/ernest-turc\\\/\",\"https:\\\/\\\/www.pinterest.fr\\\/ernestturc\",\"https:\\\/\\\/www.youtube.com\\\/channel\\\/UCH3ntWhy3mdcqw9-xF6pmEQ\"]}]}<\/script>\n<meta property=\"product:price:amount\" content=\"48.90\" \/>\n<meta property=\"product:price:currency\" content=\"EUR\" \/>\n<meta property=\"og:availability\" content=\"instock\" \/>\n<meta property=\"product:availability\" content=\"instock\" \/>\n<meta property=\"product:retailer_item_id\" content=\"104120-1\" \/>\n<meta property=\"product:condition\" content=\"new\" \/>\n<!-- \/ Yoast SEO Premium plugin. -->","yoast_head_json":{"title":"Gla\u00efeul Nain colvillei Alba la Fianc\u00e9e - Ernest TURC","description":"Gla\u00efeul Nain colvillei Alba la Fianc\u00e9e \u00e0 acheter en ligne avec Ernest Turc, producteur de bulbes et de graines. D\u00e9couvrez notre s\u00e9lection de Nains pour sublimer vos jardins.","robots":{"index":"index","follow":"follow","max-snippet":"max-snippet:-1","max-image-preview":"max-image-preview:large","max-video-preview":"max-video-preview:-1"},"canonical":"https:\/\/www.ernest-turc.com\/boutique\/produits\/bulbes\/fleurs\/glaieuls\/nains-glaieuls\/glaieul-nain-colvillei-alba-la-fiancee\/","og_locale":"fr_FR","og_type":"article","og_title":"Gla\u00efeul Nain colvillei Alba la Fianc\u00e9e","og_description":"Gla\u00efeul Nain colvillei Alba la Fianc\u00e9e \u00e0 acheter en ligne avec Ernest Turc, producteur de bulbes et de graines. D\u00e9couvrez notre s\u00e9lection de Nains pour sublimer vos jardins.","og_url":"https:\/\/www.ernest-turc.com\/boutique\/produits\/bulbes\/fleurs\/glaieuls\/nains-glaieuls\/glaieul-nain-colvillei-alba-la-fiancee\/","og_site_name":"Ernest TURC","article_publisher":"https:\/\/www.facebook.com\/ErnestTURC49","article_modified_time":"2026-03-31T14:15:16+00:00","og_image":[{"width":800,"height":800,"url":"https:\/\/www.ernest-turc.com\/boutique\/wp-content\/uploads\/2021\/01\/glaieul-nain-colvillei-alba-la-fiancee.jpg","type":"image\/jpeg"}],"twitter_card":"summary_large_image","twitter_misc":{"Prix":"48,90&euro;TTCTTC","Disponibilit\u00e9":"En stock"},"schema":{"@context":"https:\/\/schema.org","@graph":[{"@type":"WebPage","@id":"https:\/\/www.ernest-turc.com\/boutique\/produits\/bulbes\/fleurs\/glaieuls\/nains-glaieuls\/glaieul-nain-colvillei-alba-la-fiancee\/","url":"https:\/\/www.ernest-turc.com\/boutique\/produits\/bulbes\/fleurs\/glaieuls\/nains-glaieuls\/glaieul-nain-colvillei-alba-la-fiancee\/","name":"Gla\u00efeul Nain colvillei Alba la Fianc\u00e9e - Ernest TURC","isPartOf":{"@id":"https:\/\/www.ernest-turc.com\/boutique\/#website"},"primaryImageOfPage":{"@id":"https:\/\/www.ernest-turc.com\/boutique\/produits\/bulbes\/fleurs\/glaieuls\/nains-glaieuls\/glaieul-nain-colvillei-alba-la-fiancee\/#primaryimage"},"image":{"@id":"https:\/\/www.ernest-turc.com\/boutique\/produits\/bulbes\/fleurs\/glaieuls\/nains-glaieuls\/glaieul-nain-colvillei-alba-la-fiancee\/#primaryimage"},"thumbnailUrl":"https:\/\/www.ernest-turc.com\/boutique\/wp-content\/uploads\/2021\/01\/glaieul-nain-colvillei-alba-la-fiancee.jpg","datePublished":"2021-03-18T12:18:47+00:00","dateModified":"2026-03-31T14:15:16+00:00","description":"Gla\u00efeul Nain colvillei Alba la Fianc\u00e9e \u00e0 acheter en ligne avec Ernest Turc, producteur de bulbes et de graines. D\u00e9couvrez notre s\u00e9lection de Nains pour sublimer vos jardins.","breadcrumb":{"@id":"https:\/\/www.ernest-turc.com\/boutique\/produits\/bulbes\/fleurs\/glaieuls\/nains-glaieuls\/glaieul-nain-colvillei-alba-la-fiancee\/#breadcrumb"},"inLanguage":"fr-FR","potentialAction":[{"@type":"ReadAction","target":["https:\/\/www.ernest-turc.com\/boutique\/produits\/bulbes\/fleurs\/glaieuls\/nains-glaieuls\/glaieul-nain-colvillei-alba-la-fiancee\/"]}]},{"@type":"ImageObject","inLanguage":"fr-FR","@id":"https:\/\/www.ernest-turc.com\/boutique\/produits\/bulbes\/fleurs\/glaieuls\/nains-glaieuls\/glaieul-nain-colvillei-alba-la-fiancee\/#primaryimage","url":"https:\/\/www.ernest-turc.com\/boutique\/wp-content\/uploads\/2021\/01\/glaieul-nain-colvillei-alba-la-fiancee.jpg","contentUrl":"https:\/\/www.ernest-turc.com\/boutique\/wp-content\/uploads\/2021\/01\/glaieul-nain-colvillei-alba-la-fiancee.jpg","width":800,"height":800,"caption":"Gla\u00efuel nain colvillei Alba la Fianc\u00e9e"},{"@type":"BreadcrumbList","@id":"https:\/\/www.ernest-turc.com\/boutique\/produits\/bulbes\/fleurs\/glaieuls\/nains-glaieuls\/glaieul-nain-colvillei-alba-la-fiancee\/#breadcrumb","itemListElement":[{"@type":"ListItem","position":1,"name":"Accueil","item":"https:\/\/www.ernest-turc.com\/boutique\/"},{"@type":"ListItem","position":2,"name":"Boutique","item":"https:\/\/www.ernest-turc.fr\/boutique\/produits\/"},{"@type":"ListItem","position":3,"name":"Gla\u00efeul Nain colvillei Alba la Fianc\u00e9e"}]},{"@type":"WebSite","@id":"https:\/\/www.ernest-turc.com\/boutique\/#website","url":"https:\/\/www.ernest-turc.com\/boutique\/","name":"Ernest TURC","description":"","publisher":{"@id":"https:\/\/www.ernest-turc.com\/boutique\/#organization"},"potentialAction":[{"@type":"SearchAction","target":{"@type":"EntryPoint","urlTemplate":"https:\/\/www.ernest-turc.com\/boutique\/?s={search_term_string}"},"query-input":{"@type":"PropertyValueSpecification","valueRequired":true,"valueName":"search_term_string"}}],"inLanguage":"fr-FR"},{"@type":"Organization","@id":"https:\/\/www.ernest-turc.com\/boutique\/#organization","name":"Boutique Ernest TURC","alternateName":"Ernest TURC","url":"https:\/\/www.ernest-turc.com\/boutique\/","logo":{"@type":"ImageObject","inLanguage":"fr-FR","@id":"https:\/\/www.ernest-turc.com\/boutique\/#\/schema\/logo\/image\/","url":"https:\/\/www.ernest-turc.com\/boutique\/wp-content\/uploads\/2020\/10\/logo.png","contentUrl":"https:\/\/www.ernest-turc.com\/boutique\/wp-content\/uploads\/2020\/10\/logo.png","width":161,"height":161,"caption":"Boutique Ernest TURC"},"image":{"@id":"https:\/\/www.ernest-turc.com\/boutique\/#\/schema\/logo\/image\/"},"sameAs":["https:\/\/www.facebook.com\/ErnestTURC49","https:\/\/www.instagram.com\/ernestturc","https:\/\/www.linkedin.com\/company\/ernest-turc\/","https:\/\/www.pinterest.fr\/ernestturc","https:\/\/www.youtube.com\/channel\/UCH3ntWhy3mdcqw9-xF6pmEQ"]}]},"product_price_amount":"48.90","product_price_currency":"EUR","og_availability":"instock","product_availability":"instock","product_retailer_item_id":"104120-1","product_condition":"new"},"_links":{"self":[{"href":"https:\/\/www.ernest-turc.com\/boutique\/wp-json\/wp\/v2\/product\/10168","targetHints":{"allow":["GET"]}}],"collection":[{"href":"https:\/\/www.ernest-turc.com\/boutique\/wp-json\/wp\/v2\/product"}],"about":[{"href":"https:\/\/www.ernest-turc.com\/boutique\/wp-json\/wp\/v2\/types\/product"}],"wp:featuredmedia":[{"embeddable":true,"href":"https:\/\/www.ernest-turc.com\/boutique\/wp-json\/wp\/v2\/media\/10170"}],"wp:attachment":[{"href":"https:\/\/www.ernest-turc.com\/boutique\/wp-json\/wp\/v2\/media?parent=10168"}],"wp:term":[{"taxonomy":"product_brand","embeddable":true,"href":"https:\/\/www.ernest-turc.com\/boutique\/wp-json\/wp\/v2\/product_brand?post=10168"},{"taxonomy":"product_cat","embeddable":true,"href":"https:\/\/www.ernest-turc.com\/boutique\/wp-json\/wp\/v2\/product_cat?post=10168"},{"taxonomy":"product_tag","embeddable":true,"href":"https:\/\/www.ernest-turc.com\/boutique\/wp-json\/wp\/v2\/product_tag?post=10168"}],"curies":[{"name":"wp","href":"https:\/\/api.w.org\/{rel}","templated":true}]}}