{"id":3849,"date":"2020-12-09T14:09:17","date_gmt":"2020-12-09T14:09:17","guid":{"rendered":"https:\/\/www.ernest-turc.com\/boutique\/?page_id=3849"},"modified":"2024-07-02T08:47:46","modified_gmt":"2024-07-02T08:47:46","slug":"creer-un-compte-professionnel","status":"publish","type":"page","link":"https:\/\/www.ernest-turc.com\/boutique\/creer-un-compte-professionnel\/","title":{"rendered":"Cr\u00e9er un compte professionnel"},"content":{"rendered":"<div id=\"pl-3849\"  class=\"panel-layout\" ><div id=\"pg-3849-0\"  class=\"panel-grid panel-has-style row-inscription-pro-nc-wrap no-padding-bottom-nc-wrap\" ><div class=\"row-inscription-pro no-padding-bottom panel-row-style panel-row-style-for-3849-0\" ><div id=\"pgc-3849-0-0\"  class=\"panel-grid-cell\" ><div id=\"panel-3849-0-0-0\" class=\"so-panel widget widget_members-widget-login login panel-first-child panel-last-child\" data-index=\"0\" ><h3>D\u00e9j\u00e0 inscrit ? Connectez-vous !<\/h3>\n<div class=\"members-login-form\"><form name=\"loginform\" id=\"loginform\" action=\"https:\/\/www.ernest-turc.com\/boutique\/nc-admin\/\" method=\"post\"><p class=\"login-username\">\n\t\t\t\t<label for=\"user_login\">Adresse mail<\/label>\n\t\t\t\t<input type=\"text\" name=\"log\" id=\"user_login\" autocomplete=\"username\" class=\"input\" value=\"\" size=\"20\" \/>\n\t\t\t<\/p><p class=\"login-password\">\n\t\t\t\t<label for=\"user_pass\">Mot de passe<\/label>\n\t\t\t\t<input type=\"password\" name=\"pwd\" id=\"user_pass\" autocomplete=\"current-password\" spellcheck=\"false\" class=\"input\" value=\"\" size=\"20\" \/>\n\t\t\t<\/p><p class=\"login-remember\"><label><input name=\"rememberme\" type=\"checkbox\" id=\"rememberme\" value=\"forever\" \/> Se souvenir de moi<\/label><\/p><p class=\"login-submit\">\n\t\t\t\t<input type=\"submit\" name=\"wp-submit\" id=\"wp-submit\" class=\"button button-primary\" value=\"Connexion\" \/>\n\t\t\t\t<input type=\"hidden\" name=\"redirect_to\" value=\"https:\/\/www.ernest-turc.com\/boutique\/wp-json\/wp\/v2\/pages\/3849\" \/>\n\t\t\t<\/p><\/form><\/div><\/div><\/div><div id=\"pgc-3849-0-1\"  class=\"panel-grid-cell widget-lien-inscription-pro-nc-wrap\" ><div class=\"widget-lien-inscription-pro panel-cell-style panel-cell-style-for-3849-0-1\" ><div id=\"panel-3849-0-1-0\" class=\"so-panel widget widget_sow-editor panel-first-child panel-last-child\" data-index=\"1\" ><div class=\"bloc-nicolas panel-widget-style panel-widget-style-for-3849-0-1-0\" ><div\n\t\t\t\n\t\t\tclass=\"so-widget-sow-editor so-widget-sow-editor-base\"\n\t\t\t\n\t\t>\n<div class=\"siteorigin-widget-tinymce textwidget\">\n\t<p><strong>Cr\u00e9ez votre compte professionnel<\/strong><\/p>\n<p>Remplissez notre formulaire d\u2019inscription, et votre compte sera valid\u00e9 sous 48h<\/p>\n<p><a class=\"btn btn-blanc\" href=\"https:\/\/www.ernest-turc.com\/boutique\/mon-compte-professionnel\/\">Je m\u2019inscris<\/a><\/p>\n<\/div>\n<\/div><\/div><\/div><\/div><\/div><\/div><\/div><div id=\"pg-3849-1\"  class=\"panel-grid panel-no-style\" ><div id=\"pgc-3849-1-0\"  class=\"panel-grid-cell\" >\t\t<!-- not cached-link-it-lite-widget --><div id=\"panel-3849-1-0-0\" class=\"so-panel widget widget_netconcept_link_it_lite panel-first-child panel-last-child\" data-index=\"2\" ><div id=\"pl-2605\"  class=\"panel-layout\" ><div id=\"pg-2605-0\"  class=\"panel-grid panel-has-style medium-width-nc-wrap bloc-engagements-nc-wrap\" ><div class=\"medium-width bloc-engagements panel-row-style panel-row-style-for-2605-0\" ><div id=\"pgc-2605-0-0\"  class=\"panel-grid-cell\" ><div id=\"panel-2605-0-0-0\" class=\"so-panel widget widget_widget-nc-boxes-list panel-first-child panel-last-child\" data-index=\"0\" ><div\n\t\t\t\n\t\t\tclass=\"so-widget-widget-nc-boxes-list so-widget-widget-nc-boxes-list-base\"\n\t\t\t\n\t\t><div class=\"nc-widget-nc-boxes-list nc-widget-nc-boxes-list-tpl-theme-liste-reassurance\">\r\n\r\n\t\t\t<div class=\"nc-widget-nc-boxes-list-main-title\">Nos engagements qualit\u00e9<\/div>\r\n\t\t\t<div class=\"bloc-slider-wrapper\">\r\n\t\t<div class=\"bloc-slider swiper-container\" data-navigation=\"0\"  data-pagination=\"1\"  data-json='{\"loop\":false,\"slidesPerView\":4,\"spaceBetween\":30,\"slidesPerGroup\":1,\"breakpoints\":{\"580\":{\"slidesPerView\":1,\"slidesPerGroup\":1},\"766\":{\"slidesPerView\":2,\"slidesPerGroup\":2},\"1024\":{\"slidesPerView\":4,\"slidesPerGroup\":4}}}'>\r\n\t\t\t<div class = \"nc-widget-nc-boxes-list-inner slides-container swiper-wrapper\">\r\n\t\t\t\t\t\t\t\t\t<div class=\"nc-widget-nc-box-wrapper slide-container swiper-slide \">\r\n\t\t\t\t\t\t<div class=\"nc-widget-nc-box\" data-numero=\"01\">\r\n\t\t\t\t\t\t\t<div class=\"nc-widget-nc-box-link\">\t\t\t\t\t\t\t\t<div class=\"nc-widget-nc-box-image\">\r\n\t\t\t\t\t\t\t\t\t<img decoding=\"async\" src=\"https:\/\/www.ernest-turc.com\/boutique\/wp-content\/uploads\/2020\/10\/carte-bleue.png\" alt=\"\" \/>\r\n\t\t\t\t\t\t\t\t<\/div>\r\n\t\t\t\t\t\t\t\t\t\t\t\t\t\t\t<div class = \"nc-widget-nc-box-content\">\r\n\t\t\t\t\t\t\t\t\t\t\t\t\t\t\t\t\t<div class=\"nc-widget-nc-box-title\">\r\n\t\t\t\t\t\t\t\t\t\tPaiement s\u00e9curis\u00e9\t\t\t\t\t\t\t\t\t<\/div>\r\n\t\t\t\t\t\t\t\t\t\t\t\t\t\t\t\t<div class=\"nc-widget-nc-box-text\">\r\n\t\t\t\t\t\t\t\t\t<p>Paiement s\u00e9curis\u00e9 par carte bancaire, et par virement<\/p>\n\t\t\t\t\t\t\t\t<\/div>\r\n\t\t\t\t\t\t\t<\/div>\r\n\t\t\t\t\t\t\t<\/div>\t\t\t\t\t\t<\/div>\r\n\t\t\t\t\t<\/div>\r\n\t\t\t\t\t\t\t\t\t\t<div class=\"nc-widget-nc-box-wrapper slide-container swiper-slide \">\r\n\t\t\t\t\t\t<div class=\"nc-widget-nc-box\" data-numero=\"02\">\r\n\t\t\t\t\t\t\t<div class=\"nc-widget-nc-box-link\">\t\t\t\t\t\t\t\t<div class=\"nc-widget-nc-box-image\">\r\n\t\t\t\t\t\t\t\t\t<img decoding=\"async\" src=\"https:\/\/www.ernest-turc.com\/boutique\/wp-content\/uploads\/2020\/10\/garantie-qualite.png\" alt=\"\" \/>\r\n\t\t\t\t\t\t\t\t<\/div>\r\n\t\t\t\t\t\t\t\t\t\t\t\t\t\t\t<div class = \"nc-widget-nc-box-content\">\r\n\t\t\t\t\t\t\t\t\t\t\t\t\t\t\t\t\t<div class=\"nc-widget-nc-box-title\">\r\n\t\t\t\t\t\t\t\t\t\tGarantie qualit\u00e9\t\t\t\t\t\t\t\t\t<\/div>\r\n\t\t\t\t\t\t\t\t\t\t\t\t\t\t\t\t<div class=\"nc-widget-nc-box-text\">\r\n\t\t\t\t\t\t\t\t\t<p>Tra\u00e7abilit\u00e9 des produits et passeports phytosanitaires<\/p>\n\t\t\t\t\t\t\t\t<\/div>\r\n\t\t\t\t\t\t\t<\/div>\r\n\t\t\t\t\t\t\t<\/div>\t\t\t\t\t\t<\/div>\r\n\t\t\t\t\t<\/div>\r\n\t\t\t\t\t\t\t\t\t\t<div class=\"nc-widget-nc-box-wrapper slide-container swiper-slide \">\r\n\t\t\t\t\t\t<div class=\"nc-widget-nc-box\" data-numero=\"03\">\r\n\t\t\t\t\t\t\t<div class=\"nc-widget-nc-box-link\">\t\t\t\t\t\t\t\t<div class=\"nc-widget-nc-box-image\">\r\n\t\t\t\t\t\t\t\t\t<img decoding=\"async\" src=\"https:\/\/www.ernest-turc.com\/boutique\/wp-content\/uploads\/2020\/10\/livraison.png\" alt=\"\" \/>\r\n\t\t\t\t\t\t\t\t<\/div>\r\n\t\t\t\t\t\t\t\t\t\t\t\t\t\t\t<div class = \"nc-widget-nc-box-content\">\r\n\t\t\t\t\t\t\t\t\t\t\t\t\t\t\t\t\t<div class=\"nc-widget-nc-box-title\">\r\n\t\t\t\t\t\t\t\t\t\tLivraison\t\t\t\t\t\t\t\t\t<\/div>\r\n\t\t\t\t\t\t\t\t\t\t\t\t\t\t\t\t<div class=\"nc-widget-nc-box-text\">\r\n\t\t\t\t\t\t\t\t\t<p>4 jours ouvr\u00e9s, \u00e0 domicile, en point relais ou en click and collect chez Ernest TURC (Loire Authion \u2013 49)<\/p>\n\t\t\t\t\t\t\t\t<\/div>\r\n\t\t\t\t\t\t\t<\/div>\r\n\t\t\t\t\t\t\t<\/div>\t\t\t\t\t\t<\/div>\r\n\t\t\t\t\t<\/div>\r\n\t\t\t\t\t\t\t\t<\/div>\r\n\t\t<\/div>\r\n\t<\/div>\r\n<\/div>\r\n<\/div><\/div><\/div><\/div><\/div><\/div><\/div><!-- not cached-link-it-lite-widget --><\/div><\/div><div id=\"pg-3849-2\"  class=\"panel-grid panel-has-style no-padding-top-nc-wrap no-padding-bottom-nc-wrap\" ><div class=\"no-padding-top no-padding-bottom panel-row-style panel-row-style-for-3849-2\" ><div id=\"pgc-3849-2-0\"  class=\"panel-grid-cell\" ><div id=\"panel-3849-2-0-0\" class=\"so-panel widget widget_sow-editor panel-first-child panel-last-child\" data-index=\"3\" ><div\n\t\t\t\n\t\t\tclass=\"so-widget-sow-editor so-widget-sow-editor-base\"\n\t\t\t\n\t\t>\n<div class=\"siteorigin-widget-tinymce textwidget\">\n\t<h2 style=\"text-align: center;\">Nous sommes producteurs &amp; distributeurs ind\u00e9pendants<\/h2>\n<\/div>\n<\/div><\/div><\/div><\/div><\/div><div id=\"pg-3849-3\"  class=\"panel-grid panel-has-style no-padding-top-nc-wrap\" ><div class=\"no-padding-top panel-row-style panel-row-style-for-3849-3\" ><div id=\"pgc-3849-3-0\"  class=\"panel-grid-cell\" ><div id=\"panel-3849-3-0-0\" class=\"so-panel widget widget_encart-text-img-link panel-first-child panel-last-child\" data-index=\"4\" ><div\n\t\t\t\n\t\t\tclass=\"so-widget-encart-text-img-link so-widget-encart-text-img-link-base\"\n\t\t\t\n\t\t><div class=\"etil-block-container nc-widget-nc-encart-text-img-link-tpl-theme-img-gauche\">\r\n\t<a href=\"https:\/\/www.google.com\" class=\"etil-block-link\" title=\"\">\t<div class=\"etil-img\"><img decoding=\"async\" src=\"https:\/\/www.ernest-turc.com\/boutique\/wp-content\/uploads\/2020\/12\/visuel-assistance-tel.jpg\" alt=\"\" \/><\/div>\r\n\t<div class=\"etil-block-text\">\r\n\t\t<h3>Assistance t\u00e9l\u00e9phonique<\/h3>\n<p>Nous sommes disponibles pour r\u00e9pondre \u00e0 toutes vos demandes et vous accompagner dans vos projets de fleurissement.<\/p>\n\t<\/div>\r\n\t<\/a><\/div>\r\n<\/div><\/div><\/div><div id=\"pgc-3849-3-1\"  class=\"panel-grid-cell\" ><div id=\"panel-3849-3-1-0\" class=\"so-panel widget widget_encart-text-img-link panel-first-child panel-last-child\" data-index=\"5\" ><div\n\t\t\t\n\t\t\tclass=\"so-widget-encart-text-img-link so-widget-encart-text-img-link-base\"\n\t\t\t\n\t\t><div class=\"etil-block-container nc-widget-nc-encart-text-img-link-tpl-theme-img-gauche\">\r\n\t<div class=\"etil-block-link\">\t<div class=\"etil-img\"><img decoding=\"async\" src=\"https:\/\/www.ernest-turc.com\/boutique\/wp-content\/uploads\/2020\/12\/visuel-conditionnement.jpg\" alt=\"\" \/><\/div>\r\n\t<div class=\"etil-block-text\">\r\n\t\t<h3>De la production au conditionnement<\/h3>\n<p>Ernest TURC est producteur, et cultive ou fait cultiver ses vari\u00e9t\u00e9s de dahlias, cannas, alstroem\u00e8res, agapanthes, \u2026 au c\u0153ur de la vall\u00e9e de l\u2019Authion, en Anjou.<\/p>\n\t<\/div>\r\n\t<\/div><\/div>\r\n<\/div><\/div><\/div><\/div><\/div><div id=\"pg-3849-4\"  class=\"panel-grid panel-has-style background-blanc-nc-wrap\" ><div class=\"background-blanc siteorigin-panels-stretch panel-row-style panel-row-style-for-3849-4\" data-stretch-type=\"full\" ><div id=\"pgc-3849-4-0\"  class=\"panel-grid-cell\" ><div id=\"panel-3849-4-0-0\" class=\"so-panel widget widget_widget-nc-boxes-list panel-first-child panel-last-child\" data-index=\"6\" ><div\n\t\t\t\n\t\t\tclass=\"so-widget-widget-nc-boxes-list so-widget-widget-nc-boxes-list-base\"\n\t\t\t\n\t\t><div class=\"nc-widget-nc-boxes-list nc-widget-nc-boxes-list-tpl-theme-liste-partenaires\">\r\n\r\n\t\t\t<div class=\"nc-widget-nc-boxes-list-main-title\">Ils travaillent avec Ernest TURC<\/div>\r\n\t\t<div class=\"bloc-slider-wrapper\">\r\n\t\t<div class=\"bloc-slider swiper-container\" data-navigation=\"0\" data-pagination=\"1\" data-json='{\"loop\":false,\"slidesPerView\":5,\"spaceBetween\":30,\"slidesPerGroup\":1,\"breakpoints\":{\"450\":{\"slidesPerView\":2,\"slidesPerGroup\":2},\"580\":{\"slidesPerView\":2,\"slidesPerGroup\":2},\"766\":{\"slidesPerView\":3,\"slidesPerGroup\":3},\"1024\":{\"slidesPerView\":5,\"slidesPerGroup\":5}}}'>\r\n\t\t\t<div class=\"nc-widget-nc-boxes-list-inner slides-container swiper-wrapper\">\r\n\t\t\t\t\t\t\t\t\t<div class=\"nc-widget-nc-box-wrapper slide-container swiper-slide \">\r\n\t\t\t\t\t\t<div class=\"nc-widget-nc-box\" data-numero=\"01\">\r\n\t\t\t\t\t\t\t\t\t\t\t\t\t\t\t<div class=\"nc-widget-nc-box-image\">\r\n\t\t\t\t\t\t\t\t\t<img decoding=\"async\" src=\"https:\/\/www.ernest-turc.com\/boutique\/wp-content\/uploads\/2021\/04\/Terra-Botanica.jpg\" alt=\"\" \/>\r\n\t\t\t\t\t\t\t\t<\/div>\r\n\t\t\t\t\t\t\t\t\t\t\t\t\t\t<div class=\"nc-widget-nc-box-content\">\r\n\t\t\t\t\t\t\t\t\t\t\t\t\t\t\t\t\t<div class=\"nc-widget-nc-box-title\">\r\n\t\t\t\t\t\t\t\t\t\tTerra Botanica\t\t\t\t\t\t\t\t\t<\/div>\r\n\t\t\t\t\t\t\t\t\t\t\t\t\t\t\t\t<div class=\"nc-widget-nc-box-text\">\r\n\t\t\t\t\t\t\t\t\t\t\t\t\t\t\t\t\t<\/div>\r\n\t\t\t\t\t\t\t<\/div>\r\n\t\t\t\t\t\t\t\t\t\t\t\t\t<\/div>\r\n\t\t\t\t\t<\/div>\r\n\t\t\t\t\t\t\t\t\t<div class=\"nc-widget-nc-box-wrapper slide-container swiper-slide \">\r\n\t\t\t\t\t\t<div class=\"nc-widget-nc-box\" data-numero=\"02\">\r\n\t\t\t\t\t\t\t\t\t\t\t\t\t\t\t<div class=\"nc-widget-nc-box-image\">\r\n\t\t\t\t\t\t\t\t\t<img decoding=\"async\" src=\"https:\/\/www.ernest-turc.com\/boutique\/wp-content\/uploads\/2021\/04\/Chateau-Bourdaisiere.jpg\" alt=\"\" \/>\r\n\t\t\t\t\t\t\t\t<\/div>\r\n\t\t\t\t\t\t\t\t\t\t\t\t\t\t<div class=\"nc-widget-nc-box-content\">\r\n\t\t\t\t\t\t\t\t\t\t\t\t\t\t\t\t\t<div class=\"nc-widget-nc-box-title\">\r\n\t\t\t\t\t\t\t\t\t\tCh\u00e2teau de La Bourdaisi\u00e8re\t\t\t\t\t\t\t\t\t<\/div>\r\n\t\t\t\t\t\t\t\t\t\t\t\t\t\t\t\t<div class=\"nc-widget-nc-box-text\">\r\n\t\t\t\t\t\t\t\t\t\t\t\t\t\t\t\t\t<\/div>\r\n\t\t\t\t\t\t\t<\/div>\r\n\t\t\t\t\t\t\t\t\t\t\t\t\t<\/div>\r\n\t\t\t\t\t<\/div>\r\n\t\t\t\t\t\t\t\t\t<div class=\"nc-widget-nc-box-wrapper slide-container swiper-slide \">\r\n\t\t\t\t\t\t<div class=\"nc-widget-nc-box\" data-numero=\"03\">\r\n\t\t\t\t\t\t\t\t\t\t\t\t\t\t\t<div class=\"nc-widget-nc-box-image\">\r\n\t\t\t\t\t\t\t\t\t<img decoding=\"async\" src=\"https:\/\/www.ernest-turc.com\/boutique\/wp-content\/uploads\/2021\/04\/Jardin-botanique-Jean-Marie-Pelt.jpg\" alt=\"\" \/>\r\n\t\t\t\t\t\t\t\t<\/div>\r\n\t\t\t\t\t\t\t\t\t\t\t\t\t\t<div class=\"nc-widget-nc-box-content\">\r\n\t\t\t\t\t\t\t\t\t\t\t\t\t\t\t\t\t<div class=\"nc-widget-nc-box-title\">\r\n\t\t\t\t\t\t\t\t\t\tJean-Marie Pelt\t\t\t\t\t\t\t\t\t<\/div>\r\n\t\t\t\t\t\t\t\t\t\t\t\t\t\t\t\t<div class=\"nc-widget-nc-box-text\">\r\n\t\t\t\t\t\t\t\t\t\t\t\t\t\t\t\t\t<\/div>\r\n\t\t\t\t\t\t\t<\/div>\r\n\t\t\t\t\t\t\t\t\t\t\t\t\t<\/div>\r\n\t\t\t\t\t<\/div>\r\n\t\t\t\t\t\t\t\t\t<div class=\"nc-widget-nc-box-wrapper slide-container swiper-slide \">\r\n\t\t\t\t\t\t<div class=\"nc-widget-nc-box\" data-numero=\"04\">\r\n\t\t\t\t\t\t\t\t\t\t\t\t\t\t\t<div class=\"nc-widget-nc-box-image\">\r\n\t\t\t\t\t\t\t\t\t<img decoding=\"async\" src=\"https:\/\/www.ernest-turc.com\/boutique\/wp-content\/uploads\/2021\/04\/Chemin-Rose.jpg\" alt=\"\" \/>\r\n\t\t\t\t\t\t\t\t<\/div>\r\n\t\t\t\t\t\t\t\t\t\t\t\t\t\t<div class=\"nc-widget-nc-box-content\">\r\n\t\t\t\t\t\t\t\t\t\t\t\t\t\t\t\t\t<div class=\"nc-widget-nc-box-title\">\r\n\t\t\t\t\t\t\t\t\t\tLes chemins de la Rose\t\t\t\t\t\t\t\t\t<\/div>\r\n\t\t\t\t\t\t\t\t\t\t\t\t\t\t\t\t<div class=\"nc-widget-nc-box-text\">\r\n\t\t\t\t\t\t\t\t\t\t\t\t\t\t\t\t\t<\/div>\r\n\t\t\t\t\t\t\t<\/div>\r\n\t\t\t\t\t\t\t\t\t\t\t\t\t<\/div>\r\n\t\t\t\t\t<\/div>\r\n\t\t\t\t\t\t\t<\/div>\r\n\t\t<\/div>\r\n\t<\/div>\r\n<\/div><\/div><\/div><\/div><\/div><\/div><\/div>","protected":false},"excerpt":{"rendered":"<p>Cr\u00e9ez votre compte professionnel Remplissez notre formulaire d\u2019inscription, et votre compte sera valid\u00e9 sous 48h Je m\u2019inscris<\/p>\n","protected":false},"author":2,"featured_media":0,"parent":0,"menu_order":0,"comment_status":"closed","ping_status":"closed","template":"","meta":{"_relevanssi_hide_post":"","_relevanssi_hide_content":"","_relevanssi_pin_for_all":"","_relevanssi_pin_keywords":"","_relevanssi_unpin_keywords":"","_relevanssi_related_keywords":"","_relevanssi_related_include_ids":"","_relevanssi_related_exclude_ids":"","_relevanssi_related_no_append":"","_relevanssi_related_not_related":"","_relevanssi_related_posts":"","_relevanssi_noindex_reason":"","footnotes":""},"class_list":["post-3849","page","type-page","status-publish","hentry"],"yoast_head":"<!-- This site is optimized with the Yoast SEO Premium plugin v25.2 (Yoast SEO v27.6) - https:\/\/yoast.com\/product\/yoast-seo-premium-wordpress\/ -->\n<title>Cr\u00e9er un compte professionnel - Ernest TURC<\/title>\n<meta name=\"description\" content=\"Vous \u00eates un client professionnel ? Cr\u00e9ez votre compte pour b\u00e9n\u00e9ficier directement de vos avantages sur le site internet.\" \/>\n<meta name=\"robots\" content=\"index, follow, max-snippet:-1, max-image-preview:large, max-video-preview:-1\" \/>\n<link rel=\"canonical\" href=\"https:\/\/www.ernest-turc.com\/boutique\/creer-un-compte-professionnel\/\" \/>\n<meta property=\"og:locale\" content=\"fr_FR\" \/>\n<meta property=\"og:type\" content=\"article\" \/>\n<meta property=\"og:title\" content=\"Cr\u00e9er un compte professionnel\" \/>\n<meta property=\"og:description\" content=\"Vous \u00eates un client professionnel ? Cr\u00e9ez votre compte pour b\u00e9n\u00e9ficier directement de vos avantages sur le site internet.\" \/>\n<meta property=\"og:url\" content=\"https:\/\/www.ernest-turc.com\/boutique\/creer-un-compte-professionnel\/\" \/>\n<meta property=\"og:site_name\" content=\"Ernest TURC\" \/>\n<meta property=\"article:publisher\" content=\"https:\/\/www.facebook.com\/ErnestTURC49\" \/>\n<meta property=\"article:modified_time\" content=\"2024-07-02T08:47:46+00:00\" \/>\n<meta name=\"twitter:card\" content=\"summary_large_image\" \/>\n<meta name=\"twitter:label1\" content=\"Dur\u00e9e de lecture estim\u00e9e\" \/>\n\t<meta name=\"twitter:data1\" content=\"3 minutes\" \/>\n<script type=\"application\/ld+json\" class=\"yoast-schema-graph\">{\"@context\":\"https:\\\/\\\/schema.org\",\"@graph\":[{\"@type\":\"WebPage\",\"@id\":\"https:\\\/\\\/www.ernest-turc.com\\\/boutique\\\/creer-un-compte-professionnel\\\/\",\"url\":\"https:\\\/\\\/www.ernest-turc.com\\\/boutique\\\/creer-un-compte-professionnel\\\/\",\"name\":\"Cr\u00e9er un compte professionnel - Ernest TURC\",\"isPartOf\":{\"@id\":\"https:\\\/\\\/www.ernest-turc.com\\\/boutique\\\/#website\"},\"datePublished\":\"2020-12-09T14:09:17+00:00\",\"dateModified\":\"2024-07-02T08:47:46+00:00\",\"description\":\"Vous \u00eates un client professionnel ? Cr\u00e9ez votre compte pour b\u00e9n\u00e9ficier directement de vos avantages sur le site internet.\",\"breadcrumb\":{\"@id\":\"https:\\\/\\\/www.ernest-turc.com\\\/boutique\\\/creer-un-compte-professionnel\\\/#breadcrumb\"},\"inLanguage\":\"fr-FR\",\"potentialAction\":[{\"@type\":\"ReadAction\",\"target\":[\"https:\\\/\\\/www.ernest-turc.com\\\/boutique\\\/creer-un-compte-professionnel\\\/\"]}]},{\"@type\":\"BreadcrumbList\",\"@id\":\"https:\\\/\\\/www.ernest-turc.com\\\/boutique\\\/creer-un-compte-professionnel\\\/#breadcrumb\",\"itemListElement\":[{\"@type\":\"ListItem\",\"position\":1,\"name\":\"Accueil\",\"item\":\"https:\\\/\\\/www.ernest-turc.com\\\/boutique\\\/\"},{\"@type\":\"ListItem\",\"position\":2,\"name\":\"Cr\u00e9er un compte professionnel\"}]},{\"@type\":\"WebSite\",\"@id\":\"https:\\\/\\\/www.ernest-turc.com\\\/boutique\\\/#website\",\"url\":\"https:\\\/\\\/www.ernest-turc.com\\\/boutique\\\/\",\"name\":\"Ernest TURC\",\"description\":\"\",\"publisher\":{\"@id\":\"https:\\\/\\\/www.ernest-turc.com\\\/boutique\\\/#organization\"},\"potentialAction\":[{\"@type\":\"SearchAction\",\"target\":{\"@type\":\"EntryPoint\",\"urlTemplate\":\"https:\\\/\\\/www.ernest-turc.com\\\/boutique\\\/?s={search_term_string}\"},\"query-input\":{\"@type\":\"PropertyValueSpecification\",\"valueRequired\":true,\"valueName\":\"search_term_string\"}}],\"inLanguage\":\"fr-FR\"},{\"@type\":\"Organization\",\"@id\":\"https:\\\/\\\/www.ernest-turc.com\\\/boutique\\\/#organization\",\"name\":\"Boutique Ernest TURC\",\"alternateName\":\"Ernest TURC\",\"url\":\"https:\\\/\\\/www.ernest-turc.com\\\/boutique\\\/\",\"logo\":{\"@type\":\"ImageObject\",\"inLanguage\":\"fr-FR\",\"@id\":\"https:\\\/\\\/www.ernest-turc.com\\\/boutique\\\/#\\\/schema\\\/logo\\\/image\\\/\",\"url\":\"https:\\\/\\\/www.ernest-turc.com\\\/boutique\\\/wp-content\\\/uploads\\\/2020\\\/10\\\/logo.png\",\"contentUrl\":\"https:\\\/\\\/www.ernest-turc.com\\\/boutique\\\/wp-content\\\/uploads\\\/2020\\\/10\\\/logo.png\",\"width\":161,\"height\":161,\"caption\":\"Boutique Ernest TURC\"},\"image\":{\"@id\":\"https:\\\/\\\/www.ernest-turc.com\\\/boutique\\\/#\\\/schema\\\/logo\\\/image\\\/\"},\"sameAs\":[\"https:\\\/\\\/www.facebook.com\\\/ErnestTURC49\",\"https:\\\/\\\/www.instagram.com\\\/ernestturc\",\"https:\\\/\\\/www.linkedin.com\\\/company\\\/ernest-turc\\\/\",\"https:\\\/\\\/www.pinterest.fr\\\/ernestturc\",\"https:\\\/\\\/www.youtube.com\\\/channel\\\/UCH3ntWhy3mdcqw9-xF6pmEQ\"]}]}<\/script>\n<!-- \/ Yoast SEO Premium plugin. -->","yoast_head_json":{"title":"Cr\u00e9er un compte professionnel - Ernest TURC","description":"Vous \u00eates un client professionnel ? Cr\u00e9ez votre compte pour b\u00e9n\u00e9ficier directement de vos avantages sur le site internet.","robots":{"index":"index","follow":"follow","max-snippet":"max-snippet:-1","max-image-preview":"max-image-preview:large","max-video-preview":"max-video-preview:-1"},"canonical":"https:\/\/www.ernest-turc.com\/boutique\/creer-un-compte-professionnel\/","og_locale":"fr_FR","og_type":"article","og_title":"Cr\u00e9er un compte professionnel","og_description":"Vous \u00eates un client professionnel ? Cr\u00e9ez votre compte pour b\u00e9n\u00e9ficier directement de vos avantages sur le site internet.","og_url":"https:\/\/www.ernest-turc.com\/boutique\/creer-un-compte-professionnel\/","og_site_name":"Ernest TURC","article_publisher":"https:\/\/www.facebook.com\/ErnestTURC49","article_modified_time":"2024-07-02T08:47:46+00:00","twitter_card":"summary_large_image","twitter_misc":{"Dur\u00e9e de lecture estim\u00e9e":"3 minutes"},"schema":{"@context":"https:\/\/schema.org","@graph":[{"@type":"WebPage","@id":"https:\/\/www.ernest-turc.com\/boutique\/creer-un-compte-professionnel\/","url":"https:\/\/www.ernest-turc.com\/boutique\/creer-un-compte-professionnel\/","name":"Cr\u00e9er un compte professionnel - Ernest TURC","isPartOf":{"@id":"https:\/\/www.ernest-turc.com\/boutique\/#website"},"datePublished":"2020-12-09T14:09:17+00:00","dateModified":"2024-07-02T08:47:46+00:00","description":"Vous \u00eates un client professionnel ? Cr\u00e9ez votre compte pour b\u00e9n\u00e9ficier directement de vos avantages sur le site internet.","breadcrumb":{"@id":"https:\/\/www.ernest-turc.com\/boutique\/creer-un-compte-professionnel\/#breadcrumb"},"inLanguage":"fr-FR","potentialAction":[{"@type":"ReadAction","target":["https:\/\/www.ernest-turc.com\/boutique\/creer-un-compte-professionnel\/"]}]},{"@type":"BreadcrumbList","@id":"https:\/\/www.ernest-turc.com\/boutique\/creer-un-compte-professionnel\/#breadcrumb","itemListElement":[{"@type":"ListItem","position":1,"name":"Accueil","item":"https:\/\/www.ernest-turc.com\/boutique\/"},{"@type":"ListItem","position":2,"name":"Cr\u00e9er un compte professionnel"}]},{"@type":"WebSite","@id":"https:\/\/www.ernest-turc.com\/boutique\/#website","url":"https:\/\/www.ernest-turc.com\/boutique\/","name":"Ernest TURC","description":"","publisher":{"@id":"https:\/\/www.ernest-turc.com\/boutique\/#organization"},"potentialAction":[{"@type":"SearchAction","target":{"@type":"EntryPoint","urlTemplate":"https:\/\/www.ernest-turc.com\/boutique\/?s={search_term_string}"},"query-input":{"@type":"PropertyValueSpecification","valueRequired":true,"valueName":"search_term_string"}}],"inLanguage":"fr-FR"},{"@type":"Organization","@id":"https:\/\/www.ernest-turc.com\/boutique\/#organization","name":"Boutique Ernest TURC","alternateName":"Ernest TURC","url":"https:\/\/www.ernest-turc.com\/boutique\/","logo":{"@type":"ImageObject","inLanguage":"fr-FR","@id":"https:\/\/www.ernest-turc.com\/boutique\/#\/schema\/logo\/image\/","url":"https:\/\/www.ernest-turc.com\/boutique\/wp-content\/uploads\/2020\/10\/logo.png","contentUrl":"https:\/\/www.ernest-turc.com\/boutique\/wp-content\/uploads\/2020\/10\/logo.png","width":161,"height":161,"caption":"Boutique Ernest TURC"},"image":{"@id":"https:\/\/www.ernest-turc.com\/boutique\/#\/schema\/logo\/image\/"},"sameAs":["https:\/\/www.facebook.com\/ErnestTURC49","https:\/\/www.instagram.com\/ernestturc","https:\/\/www.linkedin.com\/company\/ernest-turc\/","https:\/\/www.pinterest.fr\/ernestturc","https:\/\/www.youtube.com\/channel\/UCH3ntWhy3mdcqw9-xF6pmEQ"]}]}},"_links":{"self":[{"href":"https:\/\/www.ernest-turc.com\/boutique\/wp-json\/wp\/v2\/pages\/3849","targetHints":{"allow":["GET"]}}],"collection":[{"href":"https:\/\/www.ernest-turc.com\/boutique\/wp-json\/wp\/v2\/pages"}],"about":[{"href":"https:\/\/www.ernest-turc.com\/boutique\/wp-json\/wp\/v2\/types\/page"}],"author":[{"embeddable":true,"href":"https:\/\/www.ernest-turc.com\/boutique\/wp-json\/wp\/v2\/users\/2"}],"replies":[{"embeddable":true,"href":"https:\/\/www.ernest-turc.com\/boutique\/wp-json\/wp\/v2\/comments?post=3849"}],"version-history":[{"count":6,"href":"https:\/\/www.ernest-turc.com\/boutique\/wp-json\/wp\/v2\/pages\/3849\/revisions"}],"predecessor-version":[{"id":34173,"href":"https:\/\/www.ernest-turc.com\/boutique\/wp-json\/wp\/v2\/pages\/3849\/revisions\/34173"}],"wp:attachment":[{"href":"https:\/\/www.ernest-turc.com\/boutique\/wp-json\/wp\/v2\/media?parent=3849"}],"curies":[{"name":"wp","href":"https:\/\/api.w.org\/{rel}","templated":true}]}}